{"id":24648,"date":"2020-07-21T15:17:50","date_gmt":"2020-07-21T19:17:50","guid":{"rendered":"https:\/\/cdsboutique.com\/a-propos-en\/notre-expertise\/"},"modified":"2024-10-04T12:32:21","modified_gmt":"2024-10-04T16:32:21","slug":"our-expertise","status":"publish","type":"page","link":"https:\/\/staging.cdsboutique.com\/en\/about-us\/our-expertise\/","title":{"rendered":"Our expertise"},"content":{"rendered":"\n<div class=\"wp-block-stackable-columns stk-block-columns stk-block stk-107519a stk-block-background stk--has-background-overlay\" data-block-id=\"107519a\"><style>.stk-107519a{background-image:url(https:\/\/staging.cdsboutique.com\/extract-multisite\/wp-content\/uploads\/2020\/11\/a_propos.jpg) !important;align-items:center !important;padding-top:0% !important;padding-right:5% !important;padding-bottom:0% !important;padding-left:5% !important;display:flex !important}<\/style><style class=\"stk-custom-css\">.stk-107519a.stk-block-columns{min-height:34vw !important;margin-bottom:0px !important}<\/style><div class=\"stk-row stk-inner-blocks stk-block-content stk-content-align stk-107519a-column\">\n<div class=\"wp-block-stackable-column stk-block-column stk-column stk-block stk-228f96b stk-block-background padding_heade_full_widht\" data-v=\"4\" data-block-id=\"228f96b\"><style>.stk-228f96b{background-color:#ffffffcc !important;background-position:top center !important;background-size:cover !important;margin-top:20px !important;margin-bottom:20px !important}.stk-228f96b:before{background-color:#ffffffcc !important}.stk-228f96b-container{min-height:0px !important}@media screen and (min-width:768px){.stk-228f96b{flex:var(--stk-flex-grow,1) 1 calc(35% - var(--stk-column-gap,0px) * 1 \/ 2 ) !important}}@media screen and (min-width:768px) and (max-width:1023px){.stk-228f96b{flex:var(--stk-flex-grow,1) 1 calc(100% - var(--stk-column-gap,0px) * 1 \/ 2 ) !important}}<\/style><div class=\"stk-column-wrapper stk-block-column__content stk-container stk-228f96b-container stk--no-background stk--no-padding\"><div class=\"stk-block-content stk-inner-blocks stk-228f96b-inner-blocks\">\n<div class=\"wp-block-stackable-heading stk-block-heading stk-block-heading--v2 stk-block stk-47eab72\" id=\"our-expertise\" data-block-id=\"47eab72\"><style>.stk-47eab72 .stk-block-heading__text{color:#c48649 !important}<\/style><h1 class=\"stk-block-heading__text has-text-color\">Our Expertise<\/h1><\/div>\n<\/div><\/div><\/div>\n\n\n\n<div class=\"wp-block-stackable-column stk-block-column stk-column stk-block stk-b6f8cb5 padding_heade_full_widht\" data-v=\"4\" data-block-id=\"b6f8cb5\"><style>@media screen and (min-width:768px){.stk-b6f8cb5{flex:var(--stk-flex-grow,1) 1 calc(65% - var(--stk-column-gap,0px) * 1 \/ 2 ) !important}}<\/style><div class=\"stk-column-wrapper stk-block-column__content stk-container stk-b6f8cb5-container stk--no-background stk--no-padding\"><div class=\"stk-block-content stk-inner-blocks stk-b6f8cb5-inner-blocks\"><\/div><\/div><\/div>\n<\/div><\/div>\n\n\n\n<div class=\"wp-block-ugb-spacer ugb-spacer ugb-45769fb ugb-spacer--v2 ugb-main-block\"><style>@media screen and (min-width:768px){.ugb-45769fb.ugb-spacer{height:5vh !important}}<\/style><div class=\"ugb-inner-block\"><div class=\"ugb-block-content\"><div class=\"ugb-spacer--inner\"><\/div><\/div><\/div><\/div>\n\n\n\n<div class=\"wp-block-stackable-columns stk-block-columns stk-block stk-f4c2fcb\" data-block-id=\"f4c2fcb\"><style>.stk-f4c2fcb{margin-right:5px !important;margin-left:5px !important}.stk-f4c2fcb-column{--stk-columns-spacing:15px !important}<\/style><div class=\"stk-row stk-inner-blocks stk-block-content stk-content-align stk-f4c2fcb-column\">\n<div class=\"wp-block-stackable-column stk-block-column stk-column stk-block stk-8a5dd14\" data-v=\"4\" data-block-id=\"8a5dd14\"><style>.stk-8a5dd14-container{padding-top:45px !important;padding-right:45px !important;padding-bottom:45px !important;padding-left:45px !important}<\/style><div class=\"stk-column-wrapper stk-block-column__content stk-container stk-8a5dd14-container stk--no-background stk--no-padding\"><div class=\"stk-block-content stk-inner-blocks stk-8a5dd14-inner-blocks\">\n<div class=\"wp-block-ugb-header ugb-header ugb-ea91433 ugb-header ugb-header--v3 ugb-header--design-plain ugb-main-block\"><style>.ugb-ea91433 .ugb-header__subtitle{font-size:30px !important;font-weight:700 !important;line-height:1.2em !important;color:#c58649}.ugb-ea91433 .ugb-inner-block{text-align:center}@media screen and (max-width:768px){.ugb-ea91433 .ugb-header__subtitle{font-size:24px !important}}<\/style><div class=\"ugb-inner-block\"><div class=\"ugb-block-content\"><div class=\"ugb-header__item\"><div class=\"ugb-content-wrapper\"><p class=\"ugb-header__subtitle\">CDS Boutique, specialists in therapeutic products, educational toys and games for children and seniors with or without special needs.<\/p><\/div><\/div><\/div><\/div><\/div>\n\n\n<div class=\"wp-block-image\">\n<figure class=\"aligncenter size-large\" data-block-type=\"core\"><img loading=\"lazy\" decoding=\"async\" width=\"739\" height=\"27\" src=\"https:\/\/staging.cdsboutique.com\/wp-content\/uploads\/2020\/08\/TRAC\u00c9-1.png\" alt=\"\" class=\"wp-image-385\" srcset=\"https:\/\/staging.cdsboutique.com\/wp-content\/uploads\/2020\/08\/TRAC\u00c9-1.png 739w, https:\/\/staging.cdsboutique.com\/wp-content\/uploads\/2020\/08\/TRAC\u00c9-1-300x11.png 300w, https:\/\/staging.cdsboutique.com\/wp-content\/uploads\/2020\/08\/TRAC\u00c9-1-600x22.png 600w, https:\/\/staging.cdsboutique.com\/wp-content\/uploads\/2020\/08\/TRAC\u00c9-1-130x5.png 130w\" sizes=\"auto, (max-width: 739px) 100vw, 739px\" \/><\/figure>\n<\/div>\n\n\n<div class=\"wp-block-stackable-columns stk-block-columns stk-block stk-f9dcb41\" data-block-id=\"f9dcb41\"><style>.stk-f9dcb41{padding-top:60px !important;padding-right:60px !important;padding-bottom:60px !important;padding-left:60px !important;margin-right:5px !important;margin-left:5px !important}.stk-f9dcb41-column{--stk-columns-spacing:30px !important}<\/style><div class=\"stk-row stk-inner-blocks stk-block-content stk-content-align stk-f9dcb41-column\">\n<div class=\"wp-block-stackable-column stk-block-column stk-column stk-block stk-f653585\" data-v=\"4\" data-block-id=\"f653585\"><div class=\"stk-column-wrapper stk-block-column__content stk-container stk-f653585-container stk--no-background stk--no-padding\"><div class=\"stk-block-content stk-inner-blocks stk-f653585-inner-blocks\">\n<div class=\"wp-block-stackable-text stk-block-text stk-block stk-27dddff\" data-block-id=\"27dddff\"><p class=\"stk-block-text__text\">CDS Boutique\u2019s (Concept du Sablier) exciting adventure began in 1992, when Marie-France Dozois decided to combine her creative spirit, her taste for entrepreneurship and her motivation to improve the quality of life of the elders living in nursing homes. Over the years, Marie-France has developed her skills and knowledge thanks to her field experience and the various training courses she has taken in Canada, Europe and the United States. She has succeeded in establishing her place in this niche market by developing various partnerships, especially with institutions caring for autonomous elders as well as elders with loss of autonomy.<\/p><\/div>\n\n\n\n<div class=\"wp-block-stackable-text stk-block-text stk-block stk-57cca77\" data-block-id=\"57cca77\"><p class=\"stk-block-text__text\">She has also focused on helping people with Parkinson\u2019s, Alzheimer\u2019s and other forms of dementia. Noting the lack of adapted games available for this particular clientele, Marie-France has created exclusive products in order to meet their needs. In addition to our products for therapeutic and physical activity, we offer products for reminiscence, fine motor skills, memory, mobility, aids for daily living, active life, indoor adapted signage, adapted leisure, sensory stimulation, music, arts and crafts and many more! CDS rapidly became one of Canada\u2019s main senior therapeutic activity resource providers.<\/p><\/div>\n\n\n\n<div class=\"wp-block-stackable-text stk-block-text stk-block stk-77861bd\" data-block-id=\"77861bd\"><p class=\"stk-block-text__text\">Being open to comments and requests, we have always been able to remain up to date by offering innovative and different products, but also by adding products aimed at a new clientele: autonomous youth with special needs (hyperactivity, ADHD, autism spectrum disorders, intellectual disabilities, language difficulties, etc.), their parents and the professionals who take care of them. We also offer all children a wide range of educational toys and games! We are proud to provide children with products that will help them take a step further in their quest for autonomy.<\/p><\/div>\n<\/div><\/div><\/div>\n\n\n\n<div class=\"wp-block-stackable-column stk-block-column stk-column stk-block stk-05401f6\" data-v=\"4\" data-block-id=\"05401f6\"><div class=\"stk-column-wrapper stk-block-column__content stk-container stk-05401f6-container stk--no-background stk--no-padding\"><div class=\"stk-block-content stk-inner-blocks stk-05401f6-inner-blocks\">\n<div class=\"wp-block-stackable-text stk-block-text stk-block stk-001459d\" data-block-id=\"001459d\"><p class=\"stk-block-text__text\">Over time, we have come to serve different clientele. Children and teenagers, for whom we offer educational games and toys; families, thanks to our many intergenerational games and products; caregivers who look after a parent or a friend, and all the professionals in nursing homes and senior care centres, those working in kindergartens, schools and special education needs, rehabilitation centres, psychologists and occupational therapists, with whom we have forged partnerships over the last 28 years! Here at CDS, finding and offering products that can help our customers grow or benefit from a better quality of life is our passion.<\/p><\/div>\n\n\n\n<div class=\"wp-block-stackable-text stk-block-text stk-block stk-e09ca0f\" data-block-id=\"e09ca0f\"><p class=\"stk-block-text__text\">At CDS Boutique, we are committed to offering our customers a wide range of products to stimulate and help them daily, according to their desires and expectations. \u201cProviding a better quality of life\u201d is our slogan! This phrase is extremely meaningful to us, especially when we are looking for products that are suitable for our various clientele with or without special needs, as well as for caregivers and professionals.<\/p><\/div>\n\n\n\n<div class=\"wp-block-stackable-text stk-block-text stk-block stk-2b8590e\" data-block-id=\"2b8590e\"><p class=\"stk-block-text__text\">We offer more than 3000 high-quality products in different categories, for both young and old alike.<\/p><\/div>\n<\/div><\/div><\/div>\n<\/div><\/div>\n<\/div><\/div><\/div>\n<\/div><\/div>\n\n\n\n<div class=\"wp-block-ugb-spacer ugb-spacer ugb-93db290 ugb-spacer--v2 ugb-main-block\"><style>@media screen and (min-width:768px){.ugb-93db290.ugb-spacer{height:5vh !important}}<\/style><div class=\"ugb-inner-block\"><div class=\"ugb-block-content\"><div class=\"ugb-spacer--inner\"><\/div><\/div><\/div><\/div>\n\n\n\n<div class=\"alignfull wp-block-ugb-container ugb-container ugb-44a13a2 ugb-container--v2 ugb-container--design-plain ugb-main-block ugb-main-block--inner-full ugb--has-block-background ugb--has-background-overlay\" data-block-type=\"core\" data-block-type=\"core\"><style>.ugb-44a13a2.ugb-container{background-image:url(https:\/\/staging.cdsboutique.com\/wp-content\/uploads\/2020\/07\/trace-du-fond.svg);background-position:top center;background-repeat:no-repeat;background-size:auto !important}.ugb-44a13a2.ugb-container:before{opacity:0.5}@media screen and (min-width:768px){.ugb-44a13a2.ugb-container{padding-top:200px !important}}<\/style><div class=\"ugb-inner-block ugb-inner-block--full\"><div class=\"ugb-block-content\"><div class=\"ugb-container__wrapper ugb-44a13a2-wrapper\"><div class=\"ugb-container__side\"><div class=\"ugb-container__content-wrapper ugb-44a13a2-content-wrapper\">\n<div class=\"wp-block-ugb-header ugb-header ugb-d84f6b0 ugb-header ugb-header--v3 ugb-header--design-plain ugb-main-block\"><style>.ugb-d84f6b0 .ugb-header__title{color:#296a94}<\/style><div class=\"ugb-inner-block\"><div class=\"ugb-block-content\"><div class=\"ugb-header__item\"><div class=\"ugb-content-wrapper\"><h2 class=\"ugb-header__title\"> Let\u2019s stay in touch! <\/h2><\/div><\/div><\/div><\/div><\/div>\n\n\n\n<div class=\"wp-block-ugb-text ugb-text ugb-ae8b3a7 ugb-text--design-plain ugb-text--columns-1 ugb-main-block\"><style>.ugb-ae8b3a7 .ugb-text__text p{font-size:28px !important;font-weight:900 !important}.ugb-ae8b3a7 .ugb-inner-block{text-align:center}@media screen and (min-width:768px){.ugb-ae8b3a7.ugb-text{margin-bottom:0px !important}}<\/style><div class=\"ugb-inner-block\"><div class=\"ugb-block-content\"><div class=\"ugb-text__text-wrapper\"><div class=\"ugb-text__text\"><p class=\"ugb-text__text-1\">Subscribe to our newsletter and <span style=\"color: #296a94;\" class=\"ugb-highlight\">get a $5 rebate<\/span><br> on your first online purchase!<\/p><\/div><\/div><\/div><\/div><\/div>\n\n\n\n<div class=\"wp-block-ugb-text ugb-text ugb-c0e42c0 ugb-text--design-plain ugb-text--columns-1 ugb-main-block\"><style>.ugb-c0e42c0 .ugb-inner-block{text-align:center}@media screen and (min-width:768px){.ugb-c0e42c0.ugb-text{margin-top:10px !important}}<\/style><div class=\"ugb-inner-block\"><div class=\"ugb-block-content\"><div class=\"ugb-text__text-wrapper\"><div class=\"ugb-text__text\"><p class=\"ugb-text__text-1\"> Sign up and get our free activities, news and events as well as our best promotions directly in your mailbox! <\/p><\/div><\/div><\/div><\/div><\/div>\n\n\n\n<div class=\"wp-block-ugb-cta ugb-cta ugb-8cdaeed ugb-cta ugb-cta--v2 ugb-cta--design-plain ugb-main-block\"><style>.ugb-8cdaeed .ugb-button .ugb-button--inner{font-size:18px !important;font-weight:600 !important}.ugb-8cdaeed .ugb-button{background-color:#296a94;padding-right:52px;padding-left:52px;border-radius:0px !important}.ugb-8cdaeed .ugb-button .ugb-button--inner,.ugb-8cdaeed .ugb-button svg:not(.ugb-custom-icon){color:#ffffff !important}.ugb-8cdaeed .ugb-button:before{border-radius:0px !important}<\/style><div class=\"ugb-inner-block\"><div class=\"ugb-block-content\"><div class=\"ugb-cta__item\"><div class=\"ugb-button-container\"><a class=\"ugb-button ugb-button--size-normal\" href=\"\/aines\/en\/newsletter\/\" rel=\"\" title=\"\" title=\"\"><span class=\"ugb-button--inner\">SUBSCRIBE<\/span><\/a><\/div><\/div><\/div><\/div><\/div>\n<\/div><\/div><\/div><\/div><\/div><\/div>\n","protected":false},"excerpt":{"rendered":"<p>Our Expertise CDS Boutique, specialists in therapeutic products, educational toys and games for children and seniors with or without special needs. CDS Boutique\u2019s (Concept du Sablier) exciting adventure began in 1992, when Marie-France Dozois decided to combine her creative spirit, her taste for entrepreneurship and her motivation to improve the quality of life of the [&hellip;]<\/p>\n","protected":false},"author":2,"featured_media":0,"parent":24640,"menu_order":0,"comment_status":"closed","ping_status":"closed","template":"template-aines.php","meta":{"_acf_changed":false,"footnotes":""},"categories":[],"tags":[],"class_list":["post-24648","page","type-page","status-publish","hentry"],"acf":[],"featured_image_urls_v2":{"full":"","thumbnail":"","medium":"","medium_large":"","large":"","1536x1536":"","2048x2048":"","gform-image-choice-sm":"","gform-image-choice-md":"","gform-image-choice-lg":"","woocommerce_thumbnail":"","woocommerce_single":"","woocommerce_gallery_thumbnail":"","variation_swatches_image_size":"","variation_swatches_tooltip_size":"","logo-size":"","blog":""},"post_excerpt_stackable_v2":"<p>Our Expertise CDS Boutique, specialists in therapeutic products, educational toys and games for children and seniors with or without special needs. CDS Boutique\u2019s (Concept du Sablier) exciting adventure began in 1992, when Marie-France Dozois decided to combine her creative spirit, her taste for entrepreneurship and her motivation to improve the quality of life of the elders living in nursing homes. Over the years, Marie-France has developed her skills and knowledge thanks to her field experience and the various training courses she has taken in Canada, Europe and the United States. She has succeeded in establishing her place in this niche&hellip;<\/p>\n","category_list_v2":"Uncategorized","author_info_v2":{"name":"Amazone","url":"https:\/\/staging.cdsboutique.com\/en\/author\/amazone\/"},"comments_num_v2":"0 comments","yoast_head":"<!-- This site is optimized with the Yoast SEO plugin v27.4 - https:\/\/yoast.com\/product\/yoast-seo-wordpress\/ -->\n<title>Our expertise - CDS boutique A\u00een\u00e9s<\/title>\n<meta name=\"robots\" content=\"noindex, follow, max-snippet:-1, max-image-preview:large, max-video-preview:-1\" \/>\n<meta property=\"og:locale\" content=\"en_US\" \/>\n<meta property=\"og:type\" content=\"article\" \/>\n<meta property=\"og:title\" content=\"Our expertise - CDS boutique A\u00een\u00e9s\" \/>\n<meta property=\"og:description\" content=\"Our Expertise CDS Boutique, specialists in therapeutic products, educational toys and games for children and seniors with or without special needs. CDS Boutique\u2019s (Concept du Sablier) exciting adventure began in 1992, when Marie-France Dozois decided to combine her creative spirit, her taste for entrepreneurship and her motivation to improve the quality of life of the [&hellip;]\" \/>\n<meta property=\"og:url\" content=\"https:\/\/staging.cdsboutique.com\/en\/about-us\/our-expertise\/\" \/>\n<meta property=\"og:site_name\" content=\"CDS boutique A\u00een\u00e9s\" \/>\n<meta property=\"article:publisher\" content=\"https:\/\/www.facebook.com\/CDSBoutique.Aines.Seniors\" \/>\n<meta property=\"article:modified_time\" content=\"2024-10-04T16:32:21+00:00\" \/>\n<meta property=\"og:image\" content=\"https:\/\/staging.cdsboutique.com\/wp-content\/uploads\/2025\/11\/L0A1051-scaled.jpg\" \/>\n\t<meta property=\"og:image:width\" content=\"2560\" \/>\n\t<meta property=\"og:image:height\" content=\"1707\" \/>\n\t<meta property=\"og:image:type\" content=\"image\/jpeg\" \/>\n<meta name=\"twitter:card\" content=\"summary_large_image\" \/>\n<meta name=\"twitter:label1\" content=\"Est. reading time\" \/>\n\t<meta name=\"twitter:data1\" content=\"3 minutes\" \/>\n<script type=\"application\/ld+json\" class=\"yoast-schema-graph\">{\"@context\":\"https:\\\/\\\/schema.org\",\"@graph\":[{\"@type\":\"WebPage\",\"@id\":\"https:\\\/\\\/staging.cdsboutique.com\\\/en\\\/about-us\\\/our-expertise\\\/\",\"url\":\"https:\\\/\\\/staging.cdsboutique.com\\\/en\\\/about-us\\\/our-expertise\\\/\",\"name\":\"Our expertise - CDS boutique A\u00een\u00e9s\",\"isPartOf\":{\"@id\":\"https:\\\/\\\/staging.cdsboutique.com\\\/#website\"},\"datePublished\":\"2020-07-21T19:17:50+00:00\",\"dateModified\":\"2024-10-04T16:32:21+00:00\",\"breadcrumb\":{\"@id\":\"https:\\\/\\\/staging.cdsboutique.com\\\/en\\\/about-us\\\/our-expertise\\\/#breadcrumb\"},\"inLanguage\":\"en-US\",\"potentialAction\":[{\"@type\":\"ReadAction\",\"target\":[\"https:\\\/\\\/staging.cdsboutique.com\\\/en\\\/about-us\\\/our-expertise\\\/\"]}]},{\"@type\":\"BreadcrumbList\",\"@id\":\"https:\\\/\\\/staging.cdsboutique.com\\\/en\\\/about-us\\\/our-expertise\\\/#breadcrumb\",\"itemListElement\":[{\"@type\":\"ListItem\",\"position\":1,\"name\":\"Home\",\"item\":\"https:\\\/\\\/staging.cdsboutique.com\\\/en\\\/\"},{\"@type\":\"ListItem\",\"position\":2,\"name\":\"About Us\",\"item\":\"https:\\\/\\\/staging.cdsboutique.com\\\/en\\\/about-us\\\/\"},{\"@type\":\"ListItem\",\"position\":3,\"name\":\"Our expertise\"}]},{\"@type\":\"WebSite\",\"@id\":\"https:\\\/\\\/staging.cdsboutique.com\\\/#website\",\"url\":\"https:\\\/\\\/staging.cdsboutique.com\\\/\",\"name\":\"CDS boutique A\u00een\u00e9s\",\"description\":\"Pour une meilleure qualit\u00e9 de vie\",\"publisher\":{\"@id\":\"https:\\\/\\\/staging.cdsboutique.com\\\/#organization\"},\"potentialAction\":[{\"@type\":\"SearchAction\",\"target\":{\"@type\":\"EntryPoint\",\"urlTemplate\":\"https:\\\/\\\/staging.cdsboutique.com\\\/?s={search_term_string}\"},\"query-input\":{\"@type\":\"PropertyValueSpecification\",\"valueRequired\":true,\"valueName\":\"search_term_string\"}}],\"inLanguage\":\"en-US\"},{\"@type\":\"Organization\",\"@id\":\"https:\\\/\\\/staging.cdsboutique.com\\\/#organization\",\"name\":\"CDS Boutique\",\"url\":\"https:\\\/\\\/staging.cdsboutique.com\\\/\",\"logo\":{\"@type\":\"ImageObject\",\"inLanguage\":\"en-US\",\"@id\":\"https:\\\/\\\/staging.cdsboutique.com\\\/#\\\/schema\\\/logo\\\/image\\\/\",\"url\":\"https:\\\/\\\/staging.cdsboutique.com\\\/wp-content\\\/uploads\\\/2024\\\/09\\\/logoCDS-Boutique_final2024.jpg\",\"contentUrl\":\"https:\\\/\\\/staging.cdsboutique.com\\\/wp-content\\\/uploads\\\/2024\\\/09\\\/logoCDS-Boutique_final2024.jpg\",\"width\":900,\"height\":600,\"caption\":\"CDS Boutique\"},\"image\":{\"@id\":\"https:\\\/\\\/staging.cdsboutique.com\\\/#\\\/schema\\\/logo\\\/image\\\/\"},\"sameAs\":[\"https:\\\/\\\/www.facebook.com\\\/CDSBoutique.Aines.Seniors\",\"https:\\\/\\\/www.youtube.com\\\/@cdsboutique4046\",\"https:\\\/\\\/www.linkedin.com\\\/company\\\/cds-boutique\\\/\",\"https:\\\/\\\/www.instagram.com\\\/cdsboutique\\\/\"]}]}<\/script>\n<!-- \/ Yoast SEO plugin. -->","yoast_head_json":{"title":"Our expertise - CDS boutique A\u00een\u00e9s","robots":{"index":"noindex","follow":"follow","max-snippet":"max-snippet:-1","max-image-preview":"max-image-preview:large","max-video-preview":"max-video-preview:-1"},"og_locale":"en_US","og_type":"article","og_title":"Our expertise - CDS boutique A\u00een\u00e9s","og_description":"Our Expertise CDS Boutique, specialists in therapeutic products, educational toys and games for children and seniors with or without special needs. CDS Boutique\u2019s (Concept du Sablier) exciting adventure began in 1992, when Marie-France Dozois decided to combine her creative spirit, her taste for entrepreneurship and her motivation to improve the quality of life of the [&hellip;]","og_url":"https:\/\/staging.cdsboutique.com\/en\/about-us\/our-expertise\/","og_site_name":"CDS boutique A\u00een\u00e9s","article_publisher":"https:\/\/www.facebook.com\/CDSBoutique.Aines.Seniors","article_modified_time":"2024-10-04T16:32:21+00:00","og_image":[{"width":2560,"height":1707,"url":"https:\/\/staging.cdsboutique.com\/wp-content\/uploads\/2025\/11\/L0A1051-scaled.jpg","type":"image\/jpeg"}],"twitter_card":"summary_large_image","twitter_misc":{"Est. reading time":"3 minutes"},"schema":{"@context":"https:\/\/schema.org","@graph":[{"@type":"WebPage","@id":"https:\/\/staging.cdsboutique.com\/en\/about-us\/our-expertise\/","url":"https:\/\/staging.cdsboutique.com\/en\/about-us\/our-expertise\/","name":"Our expertise - CDS boutique A\u00een\u00e9s","isPartOf":{"@id":"https:\/\/staging.cdsboutique.com\/#website"},"datePublished":"2020-07-21T19:17:50+00:00","dateModified":"2024-10-04T16:32:21+00:00","breadcrumb":{"@id":"https:\/\/staging.cdsboutique.com\/en\/about-us\/our-expertise\/#breadcrumb"},"inLanguage":"en-US","potentialAction":[{"@type":"ReadAction","target":["https:\/\/staging.cdsboutique.com\/en\/about-us\/our-expertise\/"]}]},{"@type":"BreadcrumbList","@id":"https:\/\/staging.cdsboutique.com\/en\/about-us\/our-expertise\/#breadcrumb","itemListElement":[{"@type":"ListItem","position":1,"name":"Home","item":"https:\/\/staging.cdsboutique.com\/en\/"},{"@type":"ListItem","position":2,"name":"About Us","item":"https:\/\/staging.cdsboutique.com\/en\/about-us\/"},{"@type":"ListItem","position":3,"name":"Our expertise"}]},{"@type":"WebSite","@id":"https:\/\/staging.cdsboutique.com\/#website","url":"https:\/\/staging.cdsboutique.com\/","name":"CDS boutique A\u00een\u00e9s","description":"Pour une meilleure qualit\u00e9 de vie","publisher":{"@id":"https:\/\/staging.cdsboutique.com\/#organization"},"potentialAction":[{"@type":"SearchAction","target":{"@type":"EntryPoint","urlTemplate":"https:\/\/staging.cdsboutique.com\/?s={search_term_string}"},"query-input":{"@type":"PropertyValueSpecification","valueRequired":true,"valueName":"search_term_string"}}],"inLanguage":"en-US"},{"@type":"Organization","@id":"https:\/\/staging.cdsboutique.com\/#organization","name":"CDS Boutique","url":"https:\/\/staging.cdsboutique.com\/","logo":{"@type":"ImageObject","inLanguage":"en-US","@id":"https:\/\/staging.cdsboutique.com\/#\/schema\/logo\/image\/","url":"https:\/\/staging.cdsboutique.com\/wp-content\/uploads\/2024\/09\/logoCDS-Boutique_final2024.jpg","contentUrl":"https:\/\/staging.cdsboutique.com\/wp-content\/uploads\/2024\/09\/logoCDS-Boutique_final2024.jpg","width":900,"height":600,"caption":"CDS Boutique"},"image":{"@id":"https:\/\/staging.cdsboutique.com\/#\/schema\/logo\/image\/"},"sameAs":["https:\/\/www.facebook.com\/CDSBoutique.Aines.Seniors","https:\/\/www.youtube.com\/@cdsboutique4046","https:\/\/www.linkedin.com\/company\/cds-boutique\/","https:\/\/www.instagram.com\/cdsboutique\/"]}]}},"_links":{"self":[{"href":"https:\/\/staging.cdsboutique.com\/en\/wp-json\/wp\/v2\/pages\/24648","targetHints":{"allow":["GET"]}}],"collection":[{"href":"https:\/\/staging.cdsboutique.com\/en\/wp-json\/wp\/v2\/pages"}],"about":[{"href":"https:\/\/staging.cdsboutique.com\/en\/wp-json\/wp\/v2\/types\/page"}],"author":[{"embeddable":true,"href":"https:\/\/staging.cdsboutique.com\/en\/wp-json\/wp\/v2\/users\/2"}],"replies":[{"embeddable":true,"href":"https:\/\/staging.cdsboutique.com\/en\/wp-json\/wp\/v2\/comments?post=24648"}],"version-history":[{"count":1,"href":"https:\/\/staging.cdsboutique.com\/en\/wp-json\/wp\/v2\/pages\/24648\/revisions"}],"predecessor-version":[{"id":65698,"href":"https:\/\/staging.cdsboutique.com\/en\/wp-json\/wp\/v2\/pages\/24648\/revisions\/65698"}],"up":[{"embeddable":true,"href":"https:\/\/staging.cdsboutique.com\/en\/wp-json\/wp\/v2\/pages\/24640"}],"wp:attachment":[{"href":"https:\/\/staging.cdsboutique.com\/en\/wp-json\/wp\/v2\/media?parent=24648"}],"wp:term":[{"taxonomy":"category","embeddable":true,"href":"https:\/\/staging.cdsboutique.com\/en\/wp-json\/wp\/v2\/categories?post=24648"},{"taxonomy":"post_tag","embeddable":true,"href":"https:\/\/staging.cdsboutique.com\/en\/wp-json\/wp\/v2\/tags?post=24648"}],"curies":[{"name":"wp","href":"https:\/\/api.w.org\/{rel}","templated":true}]}}