{"id":24726,"date":"2020-09-18T09:57:47","date_gmt":"2020-09-18T13:57:47","guid":{"rendered":"https:\/\/cdsboutique.com\/formations-et-programmes\/"},"modified":"2024-08-26T11:26:49","modified_gmt":"2024-08-26T15:26:49","slug":"training-and-programs","status":"publish","type":"page","link":"https:\/\/staging.cdsboutique.com\/en\/training-and-programs\/","title":{"rendered":"Training and Programs"},"content":{"rendered":"\n<div class=\"wp-block-stackable-columns stk-block-columns stk-block stk-2ab677a\" data-block-id=\"2ab677a\" data-block-type=\"core\" data-block-type=\"core\"><div class=\"stk-row stk-inner-blocks stk-block-content stk-content-align stk-2ab677a-column\">\n<div class=\"wp-block-stackable-column stk-block-column stk-column stk-block stk-61f76ea\" data-v=\"4\" data-block-id=\"61f76ea\"><div class=\"stk-column-wrapper stk-block-column__content stk-container stk-61f76ea-container stk--no-background stk--no-padding\"><div class=\"stk-block-content stk-inner-blocks stk-61f76ea-inner-blocks\">\n<div class=\"wp-block-stackable-columns stk-block-columns stk-block stk-ae91652 stk-block-background stk--has-background-overlay\" data-block-id=\"ae91652\"><style>.stk-ae91652{background-image:url(https:\/\/staging.cdsboutique.com\/extract-multisite\/wp-content\/uploads\/2020\/07\/EDIE_Dementia-Australia.png) !important;align-items:center !important;padding-top:0% !important;padding-right:5% !important;padding-bottom:0% !important;padding-left:5% !important;display:flex !important}<\/style><style class=\"stk-custom-css\">.stk-ae91652.stk-block-columns{min-height:32vw !important;margin-bottom:0px !important}<\/style><div class=\"stk-row stk-inner-blocks stk-block-content stk-content-align stk-ae91652-column\">\n<div class=\"wp-block-stackable-column stk-block-column stk-column stk-block stk-110f443 stk-block-background padding_heade_full_widht\" data-v=\"4\" data-block-id=\"110f443\"><style>.stk-110f443{background-color:#ffffffcc !important;background-position:top center !important;background-size:cover !important;margin-top:20px !important;margin-bottom:20px !important}.stk-110f443:before{background-color:#ffffffcc !important}.stk-110f443-container{min-height:0px !important}@media screen and (min-width:768px){.stk-110f443{flex:var(--stk-flex-grow,1) 1 calc(35% - var(--stk-column-gap,0px) * 1 \/ 2 ) !important}}@media screen and (min-width:768px) and (max-width:1023px){.stk-110f443{flex:var(--stk-flex-grow,1) 1 calc(100% - var(--stk-column-gap,0px) * 1 \/ 2 ) !important}}<\/style><div class=\"stk-column-wrapper stk-block-column__content stk-container stk-110f443-container stk--no-background stk--no-padding\"><div class=\"stk-block-content stk-inner-blocks stk-110f443-inner-blocks\">\n<div class=\"wp-block-stackable-heading stk-block-heading stk-block-heading--v2 stk-block stk-1b77ed3\" id=\"training-and-programs\" data-block-id=\"1b77ed3\"><style>.stk-1b77ed3 .stk-block-heading__text{text-shadow:2px 2px 5px #00000066 !important;color:#2276d6 !important}<\/style><h2 class=\"stk-block-heading__text has-text-color\">Training and Programs<\/h2><\/div>\n\n\n\n<div class=\"wp-block-stackable-text stk-block-text stk-block stk-0661afb\" data-block-id=\"0661afb\"><p class=\"stk-block-text__text\">We are always on the lookout for new trends and emerging technology because the quality of life of seniors is a priority for us. The following innovative trainings are destined to anyone working closely with seniors and they contribute to a better quality of life for seniors.<\/p><\/div>\n<\/div><\/div><\/div>\n\n\n\n<div class=\"wp-block-stackable-column stk-block-column stk-column stk-block stk-b727df5 padding_heade_full_widht\" data-v=\"4\" data-block-id=\"b727df5\"><style>@media screen and (min-width:768px){.stk-b727df5{flex:var(--stk-flex-grow,1) 1 calc(65% - var(--stk-column-gap,0px) * 1 \/ 2 ) !important}}<\/style><div class=\"stk-column-wrapper stk-block-column__content stk-container stk-b727df5-container stk--no-background stk--no-padding\"><div class=\"stk-block-content stk-inner-blocks stk-b727df5-inner-blocks\"><\/div><\/div><\/div>\n<\/div><\/div>\n\n\n\n<div class=\"wp-block-stackable-feature-grid alignfull stk-block-feature-grid stk-block-columns stk-has-bottom-separator stk-block stk-885f285 stk-block-background container-etroit\" data-block-id=\"885f285\"><style>.stk-885f285{background-color:color-mix(in srgb,var(--stk-global-color-74688,#2276d6) 20%,transparent) !important;padding-top:50px !important}.stk-885f285:before{background-color:color-mix(in srgb,var(--stk-global-color-74688,#2276d6) 20%,transparent) !important}.stk-885f285 > .stk-separator__top svg{fill:#d1e2f2 !important}.stk-885f285 > .stk-separator__top .stk-separator__wrapper{height:30px !important}<\/style><div class=\"stk-row stk-inner-blocks has-text-align-center stk-block-content stk-content-align stk-885f285-column alignfull\">\n<div class=\"wp-block-stackable-column stk-block-column stk-column stk-block stk-fe82001\" data-v=\"4\" data-block-id=\"fe82001\"><style>.stk-fe82001-container{background-color:var(--stk-global-color-3600,#6e9632) !important}.stk-fe82001-container:before{background-color:var(--stk-global-color-3600,#6e9632) !important}<\/style><style class=\"stk-custom-css\">.stk-fe82001 .stk-block-content{height:100% !important}<\/style><div class=\"stk-column-wrapper stk-block-column__content stk-container stk-fe82001-container stk-hover-parent\"><div class=\"stk-block-content stk-inner-blocks stk-fe82001-inner-blocks\">\n<div class=\"wp-block-stackable-image stk-block-image stk-block stk-3b90fda\" data-block-id=\"3b90fda\"><style>.stk-3b90fda .stk-img-wrapper{width:75% !important}<\/style><figure><span class=\"stk-img-wrapper stk-image--shape-stretch\"><img loading=\"lazy\" decoding=\"async\" class=\"stk-img wp-image-65000\" src=\"https:\/\/staging.cdsboutique.com\/wp-content\/uploads\/2024\/08\/208A6967-v.12.png?_t=1724685713\" width=\"5760\" height=\"3840\" srcset=\"https:\/\/staging.cdsboutique.com\/wp-content\/uploads\/2024\/08\/208A6967-v.12.png 5760w, https:\/\/staging.cdsboutique.com\/wp-content\/uploads\/2024\/08\/208A6967-v.12-300x200.png 300w, https:\/\/staging.cdsboutique.com\/wp-content\/uploads\/2024\/08\/208A6967-v.12-600x400.png 600w, https:\/\/staging.cdsboutique.com\/wp-content\/uploads\/2024\/08\/208A6967-v.12-1024x683.png 1024w, https:\/\/staging.cdsboutique.com\/wp-content\/uploads\/2024\/08\/208A6967-v.12-768x512.png 768w, https:\/\/staging.cdsboutique.com\/wp-content\/uploads\/2024\/08\/208A6967-v.12-1536x1024.png 1536w, https:\/\/staging.cdsboutique.com\/wp-content\/uploads\/2024\/08\/208A6967-v.12-2048x1365.png 2048w, https:\/\/staging.cdsboutique.com\/wp-content\/uploads\/2024\/08\/208A6967-v.12-126x84.png 126w\" sizes=\"auto, (max-width: 5760px) 100vw, 5760px\" \/><\/span><\/figure><\/div>\n\n\n\n<div class=\"wp-block-stackable-heading stk-block-heading stk-block-heading--v2 stk-block stk-46faebf\" id=\"edie-training\" data-block-id=\"46faebf\"><style>.stk-46faebf .stk-block-heading__text{color:#ffffff !important}<\/style><h3 class=\"stk-block-heading__text has-text-color\">EDIE Training<\/h3><\/div>\n\n\n\n<div class=\"wp-block-stackable-text stk-block-text stk-block stk-ccd6985\" data-block-id=\"ccd6985\"><style>.stk-ccd6985 .stk-block-text__text{color:#ffffff !important}<\/style><p class=\"stk-block-text__text has-text-color\">EDIE offers an immersive and innovative experience to introduce you to Alzheimer\u2019s disease from the perspective of a person who has it.<\/p><\/div>\n\n\n\n<div class=\"wp-block-stackable-button-group stk-block-button-group stk-block stk-500969a\" data-block-id=\"500969a\"><style>.stk-500969a{position:static !important}<\/style><style class=\"stk-custom-css\">.stk-500969a.stk-block-button-group{width:100% !important}<\/style><div class=\"stk-row stk-inner-blocks stk-block-content stk-button-group\">\n<div class=\"wp-block-stackable-button stk-block-button is-style-link stk-block stk-678945f\" data-block-id=\"678945f\"><style>.stk-678945f .stk-button{border-radius:16px !important}.stk-678945f .stk-button .stk--inner-svg svg:last-child{height:18px !important;width:18px !important;margin-inline-start:15px !important}.stk-678945f .stk-button .stk--inner-svg svg:last-child,.stk-678945f .stk-button .stk--inner-svg svg:last-child :is(g,path,rect,polygon,ellipse){fill:#ffffff !important}.stk-678945f .stk-button__inner-text{color:#ffffff !important;font-weight:600 !important}<\/style><a class=\"stk-link stk-button stk--hover-effect-darken\" href=\"\/en\/training-and-programs\/edie-training\/\" title=\"\"><span class=\"has-text-color stk-button__inner-text\">Learn More<\/span><span class=\"stk--svg-wrapper\"><div class=\"stk--inner-svg\"><svg aria-hidden=\"true\" focusable=\"false\" data-prefix=\"fas\" data-icon=\"arrow-circle-right\" class=\"svg-inline--fa fa-arrow-circle-right fa-w-16\" xmlns=\"http:\/\/www.w3.org\/2000\/svg\" viewBox=\"0 0 512 512\" width=\"32\" height=\"32\"><path fill=\"currentColor\" d=\"M256 8c137 0 248 111 248 248S393 504 256 504 8 393 8 256 119 8 256 8zm-28.9 143.6l75.5 72.4H120c-13.3 0-24 10.7-24 24v16c0 13.3 10.7 24 24 24h182.6l-75.5 72.4c-9.7 9.3-9.9 24.8-.4 34.3l11 10.9c9.4 9.4 24.6 9.4 33.9 0L404.3 273c9.4-9.4 9.4-24.6 0-33.9L271.6 106.3c-9.4-9.4-24.6-9.4-33.9 0l-11 10.9c-9.5 9.6-9.3 25.1.4 34.4z\"><\/path><\/svg><\/div><\/span><\/a><\/div>\n<\/div><\/div>\n<\/div><\/div><\/div>\n<\/div><div class=\"stk-separator stk-separator__bottom\"><div class=\"stk-separator__wrapper\"><svg xmlns=\"http:\/\/www.w3.org\/2000\/svg\" viewBox=\"0 0 1600 200\" class=\"stk-separator__layer-1\" preserveAspectRatio=\"none\" aria-hidden=\"true\"><path class=\"wave-3_svg__st2\" d=\"M1413.6 161.4c-157.9 0-338.2-37.7-495.1-67.4-215.6-40.8-328.1-44.6-418.2-41.1S317 73.4 188.4 102-10 136.2-10 136.2v74.2h1620v-68.5s-68.8 19.5-196.4 19.5z\"><\/path><\/svg><\/div><\/div><\/div>\n\n\n\n<div class=\"wp-block-stackable-columns stk-block-columns stk-block stk-31bcd70\" data-block-id=\"31bcd70\"><style>.stk-31bcd70{padding-right:15% !important;padding-left:15% !important}.stk-31bcd70-column{--stk-columns-spacing:20px !important;justify-content:center !important}<\/style><style class=\"stk-custom-css\">.stk-31bcd70.stk-block-columns{min-height:28vw !important}<\/style><div class=\"stk-row stk-inner-blocks stk-block-content stk-content-align stk-31bcd70-column stk--flex\">\n<div class=\"wp-block-stackable-column stk-block-column stk-column stk-block stk-bfe3aac stk-block-background stk--has-background-overlay\" data-v=\"4\" data-block-id=\"bfe3aac\"><style>.stk-bfe3aac-inner-blocks{justify-content:flex-end !important}.stk-bfe3aac{background-color:#ffffff !important;background-image:url(https:\/\/staging.cdsboutique.com\/extract-multisite\/wp-content\/uploads\/2020\/07\/trace-du-fond.svg) !important;background-position:center center !important;background-repeat:no-repeat !important;background-size:contain !important}.stk-bfe3aac:before{background-color:#ffffff !important;opacity:0 !important}<\/style><style class=\"stk-custom-css\">.stk-bfe3aac.stk-block-column{min-height:28vw !important}<\/style><div class=\"stk-column-wrapper stk-block-column__content stk-container stk-bfe3aac-container stk--no-background stk--no-padding\"><div class=\"has-text-align-center stk--column-flex stk-block-content stk-inner-blocks stk-bfe3aac-inner-blocks\">\n<div class=\"wp-block-stackable-heading stk-block-heading stk-block-heading--v2 stk-block stk-15f35d4\" id=\"strong-lets-stay-in-touch-strong\" data-block-id=\"15f35d4\"><style>.stk-15f35d4 .stk-block-heading__text{color:#2276d6 !important}<\/style><style class=\"stk-custom-css\">.stk-15f35d4.stk-block-heading{width:100% !important}<\/style><h3 class=\"stk-block-heading__text has-text-color\"><strong>Let\u2019s stay in touch!<\/strong><\/h3><\/div>\n\n\n\n<div class=\"wp-block-stackable-heading stk-block-heading stk-block-heading--v2 stk-block stk-9e94c87\" id=\"subscribe-to-our-newsletter-and-span-style-color-var-stk-global-color-74688-2276-d-6-class-stk-highlight-get-a-5-rebate-span-br-on-your-first-online-purchase\" data-block-id=\"9e94c87\"><style>.stk-9e94c87 .stk-block-heading__text{font-weight:600 !important;font-family:\"Poppins\",Sans-serif !important}<\/style><h4 class=\"stk-block-heading__text has-text-align-center\">Subscribe to our newsletter and&nbsp;<span style=\"color: var(--stk-global-color-74688, #2276d6);\" class=\"stk-highlight\">get a $5 rebate<\/span><br>on your first online purchase!<\/h4><\/div>\n\n\n\n<div class=\"wp-block-stackable-text stk-block-text stk-block stk-9299ff7\" data-block-id=\"9299ff7\"><p class=\"stk-block-text__text\">Sign up and get our free activities, news and events as well as our best promotions directly in your mailbox!<\/p><\/div>\n\n\n\n<div class=\"wp-block-stackable-button-group stk-block-button-group stk-block stk-90004d7\" data-block-id=\"90004d7\"><div class=\"stk-row stk-inner-blocks stk-block-content stk-button-group\">\n<div class=\"wp-block-stackable-button stk-block-button stk-block stk-b996ef3\" data-block-id=\"b996ef3\"><style>.stk-b996ef3 .stk-button{background:#2276d6 !important;border-radius:16px !important}.stk-b996ef3 .stk-button__inner-text{font-size:24px !important;color:#ffffff !important;font-weight:600 !important;font-family:\"Poppins\",Sans-serif !important}@media screen and (max-width:1023px){.stk-b996ef3 .stk-button__inner-text{font-size:24px !important}}<\/style><a class=\"stk-link stk-button stk--hover-effect-darken\" href=\"\/en\/newsletter\/\" title=\"\"><span class=\"has-text-color stk-button__inner-text\">Subscribe<\/span><\/a><\/div>\n<\/div><\/div>\n<\/div><\/div><\/div>\n<\/div><\/div>\n<\/div><\/div><\/div>\n<\/div><\/div>\n","protected":false},"excerpt":{"rendered":"","protected":false},"author":24,"featured_media":0,"parent":0,"menu_order":0,"comment_status":"closed","ping_status":"closed","template":"template-aines.php","meta":{"_acf_changed":false,"footnotes":""},"categories":[],"tags":[],"class_list":["post-24726","page","type-page","status-publish","hentry"],"acf":[],"featured_image_urls_v2":{"full":"","thumbnail":"","medium":"","medium_large":"","large":"","1536x1536":"","2048x2048":"","gform-image-choice-sm":"","gform-image-choice-md":"","gform-image-choice-lg":"","woocommerce_thumbnail":"","woocommerce_single":"","woocommerce_gallery_thumbnail":"","variation_swatches_image_size":"","variation_swatches_tooltip_size":"","logo-size":"","blog":""},"post_excerpt_stackable_v2":"<p>Training and Programs We are always on the lookout for new trends and emerging technology because the quality of life of seniors is a priority for us. The following innovative trainings are destined to anyone working closely with seniors and they contribute to a better quality of life for seniors. EDIE Training EDIE offers an immersive and innovative experience to introduce you to Alzheimer\u2019s disease from the perspective of a person who has it. Learn More Let\u2019s stay in touch! Subscribe to our newsletter and&nbsp;get a $5 rebateon your first online purchase! Sign up and get our free activities, news&hellip;<\/p>\n","category_list_v2":"Uncategorized","author_info_v2":{"name":"Comm1","url":"https:\/\/staging.cdsboutique.com\/en\/author\/olivialdutil\/"},"comments_num_v2":"0 comments","yoast_head":"<!-- This site is optimized with the Yoast SEO plugin v27.4 - https:\/\/yoast.com\/product\/yoast-seo-wordpress\/ -->\n<title>Training and Programs - CDS boutique A\u00een\u00e9s<\/title>\n<meta name=\"description\" content=\"EDIE offre une exp\u00e9rience immersive et innovatrice pour vous faire d\u00e9couvrir la maladie d\u2019Alzheimer du point de vue d\u2019une personne qui en est atteinte.\" \/>\n<meta name=\"robots\" content=\"noindex, follow, max-snippet:-1, max-image-preview:large, max-video-preview:-1\" \/>\n<meta property=\"og:locale\" content=\"en_US\" \/>\n<meta property=\"og:type\" content=\"article\" \/>\n<meta property=\"og:title\" content=\"Training and Programs - CDS boutique A\u00een\u00e9s\" \/>\n<meta property=\"og:description\" content=\"EDIE offre une exp\u00e9rience immersive et innovatrice pour vous faire d\u00e9couvrir la maladie d\u2019Alzheimer du point de vue d\u2019une personne qui en est atteinte.\" \/>\n<meta property=\"og:url\" content=\"https:\/\/staging.cdsboutique.com\/en\/training-and-programs\/\" \/>\n<meta property=\"og:site_name\" content=\"CDS boutique A\u00een\u00e9s\" \/>\n<meta property=\"article:publisher\" content=\"https:\/\/www.facebook.com\/CDSBoutique.Aines.Seniors\" \/>\n<meta property=\"article:modified_time\" content=\"2024-08-26T15:26:49+00:00\" \/>\n<meta property=\"og:image\" content=\"https:\/\/staging.cdsboutique.com\/wp-content\/uploads\/2025\/11\/L0A1051-scaled.jpg\" \/>\n\t<meta property=\"og:image:width\" content=\"2560\" \/>\n\t<meta property=\"og:image:height\" content=\"1707\" \/>\n\t<meta property=\"og:image:type\" content=\"image\/jpeg\" \/>\n<meta name=\"twitter:card\" content=\"summary_large_image\" \/>\n<meta name=\"twitter:label1\" content=\"Est. reading time\" \/>\n\t<meta name=\"twitter:data1\" content=\"1 minute\" \/>\n<script type=\"application\/ld+json\" class=\"yoast-schema-graph\">{\"@context\":\"https:\\\/\\\/schema.org\",\"@graph\":[{\"@type\":\"WebPage\",\"@id\":\"https:\\\/\\\/staging.cdsboutique.com\\\/en\\\/training-and-programs\\\/\",\"url\":\"https:\\\/\\\/staging.cdsboutique.com\\\/en\\\/training-and-programs\\\/\",\"name\":\"Training and Programs - CDS boutique A\u00een\u00e9s\",\"isPartOf\":{\"@id\":\"https:\\\/\\\/staging.cdsboutique.com\\\/#website\"},\"datePublished\":\"2020-09-18T13:57:47+00:00\",\"dateModified\":\"2024-08-26T15:26:49+00:00\",\"description\":\"EDIE offre une exp\u00e9rience immersive et innovatrice pour vous faire d\u00e9couvrir la maladie d\u2019Alzheimer du point de vue d\u2019une personne qui en est atteinte.\",\"breadcrumb\":{\"@id\":\"https:\\\/\\\/staging.cdsboutique.com\\\/en\\\/training-and-programs\\\/#breadcrumb\"},\"inLanguage\":\"en-US\",\"potentialAction\":[{\"@type\":\"ReadAction\",\"target\":[\"https:\\\/\\\/staging.cdsboutique.com\\\/en\\\/training-and-programs\\\/\"]}]},{\"@type\":\"BreadcrumbList\",\"@id\":\"https:\\\/\\\/staging.cdsboutique.com\\\/en\\\/training-and-programs\\\/#breadcrumb\",\"itemListElement\":[{\"@type\":\"ListItem\",\"position\":1,\"name\":\"Home\",\"item\":\"https:\\\/\\\/staging.cdsboutique.com\\\/en\\\/\"},{\"@type\":\"ListItem\",\"position\":2,\"name\":\"Training and Programs\"}]},{\"@type\":\"WebSite\",\"@id\":\"https:\\\/\\\/staging.cdsboutique.com\\\/#website\",\"url\":\"https:\\\/\\\/staging.cdsboutique.com\\\/\",\"name\":\"CDS boutique A\u00een\u00e9s\",\"description\":\"Pour une meilleure qualit\u00e9 de vie\",\"publisher\":{\"@id\":\"https:\\\/\\\/staging.cdsboutique.com\\\/#organization\"},\"potentialAction\":[{\"@type\":\"SearchAction\",\"target\":{\"@type\":\"EntryPoint\",\"urlTemplate\":\"https:\\\/\\\/staging.cdsboutique.com\\\/?s={search_term_string}\"},\"query-input\":{\"@type\":\"PropertyValueSpecification\",\"valueRequired\":true,\"valueName\":\"search_term_string\"}}],\"inLanguage\":\"en-US\"},{\"@type\":\"Organization\",\"@id\":\"https:\\\/\\\/staging.cdsboutique.com\\\/#organization\",\"name\":\"CDS Boutique\",\"url\":\"https:\\\/\\\/staging.cdsboutique.com\\\/\",\"logo\":{\"@type\":\"ImageObject\",\"inLanguage\":\"en-US\",\"@id\":\"https:\\\/\\\/staging.cdsboutique.com\\\/#\\\/schema\\\/logo\\\/image\\\/\",\"url\":\"https:\\\/\\\/staging.cdsboutique.com\\\/wp-content\\\/uploads\\\/2024\\\/09\\\/logoCDS-Boutique_final2024.jpg\",\"contentUrl\":\"https:\\\/\\\/staging.cdsboutique.com\\\/wp-content\\\/uploads\\\/2024\\\/09\\\/logoCDS-Boutique_final2024.jpg\",\"width\":900,\"height\":600,\"caption\":\"CDS Boutique\"},\"image\":{\"@id\":\"https:\\\/\\\/staging.cdsboutique.com\\\/#\\\/schema\\\/logo\\\/image\\\/\"},\"sameAs\":[\"https:\\\/\\\/www.facebook.com\\\/CDSBoutique.Aines.Seniors\",\"https:\\\/\\\/www.youtube.com\\\/@cdsboutique4046\",\"https:\\\/\\\/www.linkedin.com\\\/company\\\/cds-boutique\\\/\",\"https:\\\/\\\/www.instagram.com\\\/cdsboutique\\\/\"]}]}<\/script>\n<!-- \/ Yoast SEO plugin. -->","yoast_head_json":{"title":"Training and Programs - CDS boutique A\u00een\u00e9s","description":"EDIE offre une exp\u00e9rience immersive et innovatrice pour vous faire d\u00e9couvrir la maladie d\u2019Alzheimer du point de vue d\u2019une personne qui en est atteinte.","robots":{"index":"noindex","follow":"follow","max-snippet":"max-snippet:-1","max-image-preview":"max-image-preview:large","max-video-preview":"max-video-preview:-1"},"og_locale":"en_US","og_type":"article","og_title":"Training and Programs - CDS boutique A\u00een\u00e9s","og_description":"EDIE offre une exp\u00e9rience immersive et innovatrice pour vous faire d\u00e9couvrir la maladie d\u2019Alzheimer du point de vue d\u2019une personne qui en est atteinte.","og_url":"https:\/\/staging.cdsboutique.com\/en\/training-and-programs\/","og_site_name":"CDS boutique A\u00een\u00e9s","article_publisher":"https:\/\/www.facebook.com\/CDSBoutique.Aines.Seniors","article_modified_time":"2024-08-26T15:26:49+00:00","og_image":[{"width":2560,"height":1707,"url":"https:\/\/staging.cdsboutique.com\/wp-content\/uploads\/2025\/11\/L0A1051-scaled.jpg","type":"image\/jpeg"}],"twitter_card":"summary_large_image","twitter_misc":{"Est. reading time":"1 minute"},"schema":{"@context":"https:\/\/schema.org","@graph":[{"@type":"WebPage","@id":"https:\/\/staging.cdsboutique.com\/en\/training-and-programs\/","url":"https:\/\/staging.cdsboutique.com\/en\/training-and-programs\/","name":"Training and Programs - CDS boutique A\u00een\u00e9s","isPartOf":{"@id":"https:\/\/staging.cdsboutique.com\/#website"},"datePublished":"2020-09-18T13:57:47+00:00","dateModified":"2024-08-26T15:26:49+00:00","description":"EDIE offre une exp\u00e9rience immersive et innovatrice pour vous faire d\u00e9couvrir la maladie d\u2019Alzheimer du point de vue d\u2019une personne qui en est atteinte.","breadcrumb":{"@id":"https:\/\/staging.cdsboutique.com\/en\/training-and-programs\/#breadcrumb"},"inLanguage":"en-US","potentialAction":[{"@type":"ReadAction","target":["https:\/\/staging.cdsboutique.com\/en\/training-and-programs\/"]}]},{"@type":"BreadcrumbList","@id":"https:\/\/staging.cdsboutique.com\/en\/training-and-programs\/#breadcrumb","itemListElement":[{"@type":"ListItem","position":1,"name":"Home","item":"https:\/\/staging.cdsboutique.com\/en\/"},{"@type":"ListItem","position":2,"name":"Training and Programs"}]},{"@type":"WebSite","@id":"https:\/\/staging.cdsboutique.com\/#website","url":"https:\/\/staging.cdsboutique.com\/","name":"CDS boutique A\u00een\u00e9s","description":"Pour une meilleure qualit\u00e9 de vie","publisher":{"@id":"https:\/\/staging.cdsboutique.com\/#organization"},"potentialAction":[{"@type":"SearchAction","target":{"@type":"EntryPoint","urlTemplate":"https:\/\/staging.cdsboutique.com\/?s={search_term_string}"},"query-input":{"@type":"PropertyValueSpecification","valueRequired":true,"valueName":"search_term_string"}}],"inLanguage":"en-US"},{"@type":"Organization","@id":"https:\/\/staging.cdsboutique.com\/#organization","name":"CDS Boutique","url":"https:\/\/staging.cdsboutique.com\/","logo":{"@type":"ImageObject","inLanguage":"en-US","@id":"https:\/\/staging.cdsboutique.com\/#\/schema\/logo\/image\/","url":"https:\/\/staging.cdsboutique.com\/wp-content\/uploads\/2024\/09\/logoCDS-Boutique_final2024.jpg","contentUrl":"https:\/\/staging.cdsboutique.com\/wp-content\/uploads\/2024\/09\/logoCDS-Boutique_final2024.jpg","width":900,"height":600,"caption":"CDS Boutique"},"image":{"@id":"https:\/\/staging.cdsboutique.com\/#\/schema\/logo\/image\/"},"sameAs":["https:\/\/www.facebook.com\/CDSBoutique.Aines.Seniors","https:\/\/www.youtube.com\/@cdsboutique4046","https:\/\/www.linkedin.com\/company\/cds-boutique\/","https:\/\/www.instagram.com\/cdsboutique\/"]}]}},"_links":{"self":[{"href":"https:\/\/staging.cdsboutique.com\/en\/wp-json\/wp\/v2\/pages\/24726","targetHints":{"allow":["GET"]}}],"collection":[{"href":"https:\/\/staging.cdsboutique.com\/en\/wp-json\/wp\/v2\/pages"}],"about":[{"href":"https:\/\/staging.cdsboutique.com\/en\/wp-json\/wp\/v2\/types\/page"}],"author":[{"embeddable":true,"href":"https:\/\/staging.cdsboutique.com\/en\/wp-json\/wp\/v2\/users\/24"}],"replies":[{"embeddable":true,"href":"https:\/\/staging.cdsboutique.com\/en\/wp-json\/wp\/v2\/comments?post=24726"}],"version-history":[{"count":1,"href":"https:\/\/staging.cdsboutique.com\/en\/wp-json\/wp\/v2\/pages\/24726\/revisions"}],"predecessor-version":[{"id":53132,"href":"https:\/\/staging.cdsboutique.com\/en\/wp-json\/wp\/v2\/pages\/24726\/revisions\/53132"}],"wp:attachment":[{"href":"https:\/\/staging.cdsboutique.com\/en\/wp-json\/wp\/v2\/media?parent=24726"}],"wp:term":[{"taxonomy":"category","embeddable":true,"href":"https:\/\/staging.cdsboutique.com\/en\/wp-json\/wp\/v2\/categories?post=24726"},{"taxonomy":"post_tag","embeddable":true,"href":"https:\/\/staging.cdsboutique.com\/en\/wp-json\/wp\/v2\/tags?post=24726"}],"curies":[{"name":"wp","href":"https:\/\/api.w.org\/{rel}","templated":true}]}}