{"id":24800,"date":"2020-08-18T15:10:06","date_gmt":"2020-08-18T19:10:06","guid":{"rendered":"https:\/\/cdsboutique.com\/proches-aidants\/proches-aidants-ressources\/"},"modified":"2023-06-29T11:29:12","modified_gmt":"2023-06-29T15:29:12","slug":"resources","status":"publish","type":"page","link":"https:\/\/staging.cdsboutique.com\/en\/caregivers\/resources\/","title":{"rendered":"Caregivers &#8211; Resources"},"content":{"rendered":"\n<div class=\"wp-block-stackable-columns stk-block-columns stk-block stk-53cf63c\" data-block-id=\"53cf63c\" data-block-type=\"core\" data-block-type=\"core\"><div class=\"stk-row stk-inner-blocks stk-block-content stk-content-align stk-53cf63c-column\">\n<div class=\"wp-block-stackable-column stk-block-column stk-column stk-block stk-d878c66\" data-v=\"4\" data-block-id=\"d878c66\"><div class=\"stk-column-wrapper stk-block-column__content stk-container stk-d878c66-container stk--no-background stk--no-padding\"><div class=\"stk-block-content stk-inner-blocks stk-d878c66-inner-blocks\">\n<div class=\"wp-block-stackable-columns stk-block-columns stk-block stk-ae91652 stk-block-background stk--has-background-overlay\" data-block-id=\"ae91652\"><style>.stk-ae91652{background-image:url(https:\/\/staging.cdsboutique.com\/extract-multisite\/wp-content\/uploads\/2020\/11\/Prpches-Aidants-ressources.jpg) !important;align-items:center !important;padding-top:0% !important;padding-right:5% !important;padding-bottom:0% !important;padding-left:5% !important;margin-bottom:1.8% !important;display:flex !important}<\/style><style class=\"stk-custom-css\">.stk-ae91652.stk-block-columns{min-height:34vw !important;margin-bottom:0px !important}<\/style><div class=\"stk-row stk-inner-blocks stk-block-content stk-content-align stk-ae91652-column\">\n<div class=\"wp-block-stackable-column stk-block-column stk-column stk-block stk-b727df5 padding_heade_full_widht\" data-v=\"4\" data-block-id=\"b727df5\"><div class=\"stk-column-wrapper stk-block-column__content stk-container stk-b727df5-container stk--no-background stk--no-padding\"><div class=\"stk-block-content stk-inner-blocks stk-b727df5-inner-blocks\"><\/div><\/div><\/div>\n\n\n\n<div class=\"wp-block-stackable-column stk-block-column stk-column stk-block stk-110f443 stk-block-background padding_heade_full_widht\" data-v=\"4\" data-block-id=\"110f443\"><style>.stk-110f443{background-color:rgba(255,255,255,0.8) !important;background-position:top center !important;background-size:cover !important;margin-top:20px !important;margin-bottom:20px !important}.stk-110f443:before{background-color:#ffffff !important}.stk-110f443-container{min-height:0px !important}@media screen and (min-width:768px) and (max-width:1023px){.stk-110f443{flex:0 1 calc(100% - var(--stk-column-gap,0px) * 1 \/ 2 ) !important}}<\/style><div class=\"stk-column-wrapper stk-block-column__content stk-container stk-110f443-container stk--no-background stk--no-padding\"><div class=\"stk-block-content stk-inner-blocks stk-110f443-inner-blocks\">\n<div class=\"wp-block-stackable-heading stk-block-heading stk-block-heading--v2 stk-block stk-1b77ed3\" id=\"knowledge-is-key\" data-block-id=\"1b77ed3\"><style>.stk-1b77ed3 .stk-block-heading__text{text-shadow:2px 2px 5px rgba(0,0,0,0.4) !important}<\/style><h2 class=\"stk-block-heading__text\">Knowledge is Key<\/h2><\/div>\n\n\n\n<div class=\"wp-block-stackable-text stk-block-text stk-block stk-0661afb\" data-block-id=\"0661afb\"><p class=\"stk-block-text__text\">Learn more about essential resources available to support, help and advise caregivers.<\/p><\/div>\n<\/div><\/div><\/div>\n<\/div><\/div>\n\n\n\n<div class=\"wp-block-stackable-feature-grid alignwide stk-block-feature-grid stk-block-columns stk-block stk-d1ac0b5 container-etroit\" data-block-id=\"d1ac0b5\"><div class=\"stk-row stk-inner-blocks has-text-align-center stk-block-content stk-content-align stk-d1ac0b5-column alignwide\">\n<div class=\"wp-block-stackable-column stk-block-column stk-column stk-block stk-482900b\" data-v=\"4\" data-block-id=\"482900b\"><div class=\"stk-column-wrapper stk-block-column__content stk-container stk-482900b-container stk-hover-parent\"><div class=\"stk-block-content stk-inner-blocks stk-482900b-inner-blocks\">\n<div class=\"wp-block-stackable-image stk-block-image stk-block stk-999ad54\" data-block-id=\"999ad54\"><figure class=\"stk-img-wrapper stk-image--shape-stretch\"><img loading=\"lazy\" decoding=\"async\" class=\"stk-img wp-image-5603\" src=\"https:\/\/staging.cdsboutique.com\/extract-multisite\/wp-content\/uploads\/2020\/09\/Alzheimer.jpg?_t=1687443453\" width=\"650\" height=\"434\" srcset=\"https:\/\/staging.cdsboutique.com\/wp-content\/uploads\/2020\/09\/Alzheimer.jpg 650w, https:\/\/staging.cdsboutique.com\/wp-content\/uploads\/2020\/09\/Alzheimer-300x200.jpg 300w, https:\/\/staging.cdsboutique.com\/wp-content\/uploads\/2020\/09\/Alzheimer-600x401.jpg 600w\" sizes=\"auto, (max-width: 650px) 100vw, 650px\" \/><\/figure><\/div>\n\n\n\n<div class=\"wp-block-stackable-image stk-block-image stk-block stk-ce18e2f\" data-block-id=\"ce18e2f\"><figure class=\"stk-img-wrapper stk-image--shape-stretch\"><img loading=\"lazy\" decoding=\"async\" class=\"stk-img wp-image-5610\" src=\"https:\/\/staging.cdsboutique.com\/extract-multisite\/wp-content\/uploads\/2020\/09\/Logo_alzheimer.gif?_t=1687443661\" width=\"454\" height=\"138\"\/><\/figure><\/div>\n\n\n\n<div class=\"wp-block-stackable-text stk-block-text stk-block stk-4755580\" data-block-id=\"4755580\"><p class=\"stk-block-text__text has-text-align-left\">Behind every person with Alzheimer\u2019s disease and other dementias, there are hundreds of people dedicated to helping. The Alzheimer Society is the leading not-for-profit health organization working nationwide to improve the quality of life for Canadians affected by Alzheimer\u2019s disease and other dementias and advance the search for the cause and cure. Active in communities right across Canada, the Society has programs and services near you.<\/p><\/div>\n\n\n\n<div class=\"wp-block-stackable-button-group stk-block-button-group stk-block stk-b35a288\" data-block-id=\"b35a288\"><div class=\"stk-row stk-inner-blocks stk-block-content stk-button-group\">\n<div class=\"wp-block-stackable-button stk-block-button is-style-link stk-block stk-0c99dd9\" data-block-id=\"0c99dd9\"><style>.stk-0c99dd9 .stk-button .stk--inner-svg svg:last-child{margin-inline-start:15px !important}.stk-0c99dd9 .stk-button .stk--inner-svg svg:last-child,.stk-0c99dd9 .stk-button .stk--inner-svg svg:last-child :is(g,path,rect,polygon,ellipse){fill:var(--stk-global-color-74688,#2276d6) !important}.stk-0c99dd9 .stk-button__inner-text{color:var(--stk-global-color-74688,#2276d6) !important;font-weight:600 !important}<\/style><a class=\"stk-link stk-button stk--hover-effect-darken\" href=\"https:\/\/alzheimer.ca\/en\" target=\"_blank\" rel=\"noreferrer noopener\" title=\"\"><span class=\"has-text-color stk-button__inner-text\">Learn more<\/span><span class=\"stk--svg-wrapper\"><div class=\"stk--inner-svg\"><svg aria-hidden=\"true\" focusable=\"false\" data-prefix=\"fas\" data-icon=\"arrow-circle-right\" class=\"svg-inline--fa fa-arrow-circle-right fa-w-16\" xmlns=\"http:\/\/www.w3.org\/2000\/svg\" viewBox=\"0 0 512 512\" width=\"32\" height=\"32\"><path fill=\"currentColor\" d=\"M256 8c137 0 248 111 248 248S393 504 256 504 8 393 8 256 119 8 256 8zm-28.9 143.6l75.5 72.4H120c-13.3 0-24 10.7-24 24v16c0 13.3 10.7 24 24 24h182.6l-75.5 72.4c-9.7 9.3-9.9 24.8-.4 34.3l11 10.9c9.4 9.4 24.6 9.4 33.9 0L404.3 273c9.4-9.4 9.4-24.6 0-33.9L271.6 106.3c-9.4-9.4-24.6-9.4-33.9 0l-11 10.9c-9.5 9.6-9.3 25.1.4 34.4z\"><\/path><\/svg><\/div><\/span><\/a><\/div>\n<\/div><\/div>\n<\/div><\/div><\/div>\n\n\n\n<div class=\"wp-block-stackable-column stk-block-column stk-column stk-block stk-1451905\" data-v=\"4\" data-block-id=\"1451905\"><div class=\"stk-column-wrapper stk-block-column__content stk-container stk-1451905-container stk-hover-parent\"><div class=\"stk-block-content stk-inner-blocks stk-1451905-inner-blocks\">\n<div class=\"wp-block-stackable-image stk-block-image stk-block stk-73016f9\" data-block-id=\"73016f9\"><figure class=\"stk-img-wrapper stk-image--shape-stretch\"><img loading=\"lazy\" decoding=\"async\" class=\"stk-img wp-image-5605\" src=\"https:\/\/staging.cdsboutique.com\/extract-multisite\/wp-content\/uploads\/2020\/09\/appui.jpg?_t=1687443487\" width=\"650\" height=\"434\" srcset=\"https:\/\/staging.cdsboutique.com\/wp-content\/uploads\/2020\/09\/appui.jpg 650w, https:\/\/staging.cdsboutique.com\/wp-content\/uploads\/2020\/09\/appui-300x200.jpg 300w, https:\/\/staging.cdsboutique.com\/wp-content\/uploads\/2020\/09\/appui-600x401.jpg 600w\" sizes=\"auto, (max-width: 650px) 100vw, 650px\" \/><\/figure><\/div>\n\n\n\n<div class=\"wp-block-stackable-image stk-block-image stk-block stk-58400a4\" data-block-id=\"58400a4\"><figure class=\"stk-img-wrapper stk-image--shape-stretch\"><img loading=\"lazy\" decoding=\"async\" class=\"stk-img wp-image-5612\" src=\"https:\/\/staging.cdsboutique.com\/extract-multisite\/wp-content\/uploads\/2020\/09\/Logo_Appui.gif?_t=1687443608\" width=\"454\" height=\"108\" srcset=\"https:\/\/staging.cdsboutique.com\/wp-content\/uploads\/2020\/09\/Logo_Appui.gif 454w, https:\/\/staging.cdsboutique.com\/wp-content\/uploads\/2020\/09\/Logo_Appui-300x71.gif 300w\" sizes=\"auto, (max-width: 454px) 100vw, 454px\" \/><\/figure><\/div>\n\n\n\n<div class=\"wp-block-stackable-text stk-block-text stk-block stk-d12f5ae\" data-block-id=\"d12f5ae\"><p class=\"stk-block-text__text has-text-align-left\">You care for them, we care for you.<\/p><\/div>\n\n\n\n<div class=\"wp-block-stackable-text stk-block-text stk-block stk-57e34fb\" data-block-id=\"57e34fb\"><p class=\"stk-block-text__text has-text-align-left\">L\u2019Appui was created in 2009 to help improve the quality of life of those providing care to older adults by facilitating their daily tasks and ensuring that they take full advantage of available resources.<\/p><\/div>\n\n\n\n<div class=\"wp-block-stackable-text stk-block-text stk-block stk-d21bea9\" data-block-id=\"d21bea9\"><p class=\"stk-block-text__text has-text-align-left\">Caregiver Support is a free and confidential phone consultation, information and referral service for the caregivers of older adults, as well as friends and family, practitioners and health care professionals.<\/p><\/div>\n\n\n\n<div class=\"wp-block-stackable-button-group stk-block-button-group stk-block stk-e28752a\" data-block-id=\"e28752a\"><div class=\"stk-row stk-inner-blocks stk-block-content stk-button-group\">\n<div class=\"wp-block-stackable-button stk-block-button is-style-link stk-block stk-3b7c54d\" data-block-id=\"3b7c54d\"><style>.stk-3b7c54d .stk-button .stk--inner-svg svg:last-child{margin-inline-start:15px !important}.stk-3b7c54d .stk-button .stk--inner-svg svg:last-child,.stk-3b7c54d .stk-button .stk--inner-svg svg:last-child :is(g,path,rect,polygon,ellipse){fill:var(--stk-global-color-74688,#2276d6) !important}.stk-3b7c54d .stk-button__inner-text{color:var(--stk-global-color-74688,#2276d6) !important;font-weight:600 !important}<\/style><a class=\"stk-link stk-button stk--hover-effect-darken\" href=\"https:\/\/www.lappui.org\/en\/\" target=\"_blank\" rel=\"noreferrer noopener\" title=\"\"><span class=\"has-text-color stk-button__inner-text\">Learn more<\/span><span class=\"stk--svg-wrapper\"><div class=\"stk--inner-svg\"><svg aria-hidden=\"true\" focusable=\"false\" data-prefix=\"fas\" data-icon=\"arrow-circle-right\" class=\"svg-inline--fa fa-arrow-circle-right fa-w-16\" xmlns=\"http:\/\/www.w3.org\/2000\/svg\" viewBox=\"0 0 512 512\" width=\"32\" height=\"32\"><path fill=\"currentColor\" d=\"M256 8c137 0 248 111 248 248S393 504 256 504 8 393 8 256 119 8 256 8zm-28.9 143.6l75.5 72.4H120c-13.3 0-24 10.7-24 24v16c0 13.3 10.7 24 24 24h182.6l-75.5 72.4c-9.7 9.3-9.9 24.8-.4 34.3l11 10.9c9.4 9.4 24.6 9.4 33.9 0L404.3 273c9.4-9.4 9.4-24.6 0-33.9L271.6 106.3c-9.4-9.4-24.6-9.4-33.9 0l-11 10.9c-9.5 9.6-9.3 25.1.4 34.4z\"><\/path><\/svg><\/div><\/span><\/a><\/div>\n<\/div><\/div>\n<\/div><\/div><\/div>\n<\/div><\/div>\n\n\n\n<div class=\"wp-block-stackable-columns stk-block-columns stk-block stk-31bcd70\" data-block-id=\"31bcd70\"><style>.stk-31bcd70{padding-right:15% !important;padding-left:15% !important}.stk-31bcd70-column{--stk-columns-spacing:20px !important;justify-content:center !important}<\/style><style class=\"stk-custom-css\">.stk-31bcd70.stk-block-columns{min-height:28vw !important}<\/style><div class=\"stk-row stk-inner-blocks stk-block-content stk-content-align stk-31bcd70-column stk--flex\">\n<div class=\"wp-block-stackable-column stk-block-column stk-column stk-block stk-bfe3aac stk-block-background stk--has-background-overlay\" data-v=\"4\" data-block-id=\"bfe3aac\"><style>.stk-bfe3aac-inner-blocks{justify-content:flex-end !important}.stk-bfe3aac{background-color:#ffffff !important;background-image:url(https:\/\/staging.cdsboutique.com\/extract-multisite\/wp-content\/uploads\/2020\/07\/trace-du-fond.svg) !important;background-position:center center !important;background-repeat:no-repeat !important;background-size:contain !important}.stk-bfe3aac:before{background-color:#ffffff !important;opacity:0 !important}<\/style><style class=\"stk-custom-css\">.stk-bfe3aac.stk-block-column{min-height:28vw !important}<\/style><div class=\"stk-column-wrapper stk-block-column__content stk-container stk-bfe3aac-container stk--no-background stk--no-padding\"><div class=\"has-text-align-center stk--column-flex stk-block-content stk-inner-blocks stk-bfe3aac-inner-blocks\">\n<div class=\"wp-block-stackable-heading stk-block-heading stk-block-heading--v2 stk-block stk-15f35d4\" id=\"strong-lets-stay-in-touch-strong\" data-block-id=\"15f35d4\"><style>.stk-15f35d4 .stk-block-heading__text{color:#2276d6 !important}<\/style><style class=\"stk-custom-css\">.stk-15f35d4.stk-block-heading{width:100% !important}<\/style><h3 class=\"stk-block-heading__text has-text-color\"><strong>Let\u2019s stay in touch!<\/strong><\/h3><\/div>\n\n\n\n<div class=\"wp-block-stackable-heading stk-block-heading stk-block-heading--v2 stk-block stk-9e94c87\" id=\"subscribe-to-our-newsletter-and-span-style-color-var-stk-global-color-74688-2276-d-6-class-stk-highlight-get-a-5-rebate-span-on-your-first-online-purchase\" data-block-id=\"9e94c87\"><style>.stk-9e94c87 .stk-block-heading__text{font-weight:600 !important;font-family:\"Poppins\",Sans-serif !important}<\/style><h4 class=\"stk-block-heading__text has-text-align-center\">Subscribe to our newsletter and <span style=\"color: var(--stk-global-color-74688, #2276d6);\" class=\"stk-highlight\">get a $5 rebate<\/span> on your first online purchase!<\/h4><\/div>\n\n\n\n<div class=\"wp-block-stackable-text stk-block-text stk-block stk-9299ff7\" data-block-id=\"9299ff7\"><p class=\"stk-block-text__text\">Sign up and get our free activities, news and events as well as our best promotions directly in your mailbox!<\/p><\/div>\n\n\n\n<div class=\"wp-block-stackable-button-group stk-block-button-group stk-block stk-90004d7\" data-block-id=\"90004d7\"><div class=\"stk-row stk-inner-blocks stk-block-content stk-button-group\">\n<div class=\"wp-block-stackable-button stk-block-button stk-block stk-b996ef3\" data-block-id=\"b996ef3\"><style>.stk-b996ef3 .stk-button{background:#2276d6 !important;border-radius:16px !important}.stk-b996ef3 .stk-button__inner-text{font-size:24px !important;color:#ffffff !important;font-weight:600 !important;font-family:\"Poppins\",Sans-serif !important}@media screen and (max-width:1023px){.stk-b996ef3 .stk-button__inner-text{font-size:24px !important}}<\/style><a class=\"stk-link stk-button stk--hover-effect-darken\" href=\"\/en\/newsletter\/\" title=\"\"><span class=\"has-text-color stk-button__inner-text\">Subscribe<\/span><\/a><\/div>\n<\/div><\/div>\n<\/div><\/div><\/div>\n<\/div><\/div>\n<\/div><\/div><\/div>\n<\/div><\/div>\n","protected":false},"excerpt":{"rendered":"","protected":false},"author":2,"featured_media":0,"parent":24781,"menu_order":0,"comment_status":"closed","ping_status":"closed","template":"template-aines.php","meta":{"_acf_changed":false,"footnotes":""},"categories":[],"tags":[],"class_list":["post-24800","page","type-page","status-publish","hentry"],"acf":[],"featured_image_urls_v2":{"full":"","thumbnail":"","medium":"","medium_large":"","large":"","1536x1536":"","2048x2048":"","gform-image-choice-sm":"","gform-image-choice-md":"","gform-image-choice-lg":"","woocommerce_thumbnail":"","woocommerce_single":"","woocommerce_gallery_thumbnail":"","variation_swatches_image_size":"","variation_swatches_tooltip_size":"","logo-size":"","blog":""},"post_excerpt_stackable_v2":"<p>Knowledge is Key Learn more about essential resources available to support, help and advise caregivers. Behind every person with Alzheimer\u2019s disease and other dementias, there are hundreds of people dedicated to helping. The Alzheimer Society is the leading not-for-profit health organization working nationwide to improve the quality of life for Canadians affected by Alzheimer\u2019s disease and other dementias and advance the search for the cause and cure. Active in communities right across Canada, the Society has programs and services near you. Learn more You care for them, we care for you. L\u2019Appui was created in 2009 to help improve the&hellip;<\/p>\n","category_list_v2":"Uncategorized","author_info_v2":{"name":"Amazone","url":"https:\/\/staging.cdsboutique.com\/en\/author\/amazone\/"},"comments_num_v2":"0 comments","yoast_head":"<!-- This site is optimized with the Yoast SEO plugin v27.4 - https:\/\/yoast.com\/product\/yoast-seo-wordpress\/ -->\n<title>CDS Boutique | Proches aidants | Ressources<\/title>\n<meta name=\"description\" content=\"D\u00e9couvrez des ressources incontournables pour accompagner, aider et conseiller les proches aidants d\u2019a\u00een\u00e9s en perte d\u2019autonomie.\" \/>\n<meta name=\"robots\" content=\"noindex, follow, max-snippet:-1, max-image-preview:large, max-video-preview:-1\" \/>\n<meta property=\"og:locale\" content=\"en_US\" \/>\n<meta property=\"og:type\" content=\"article\" \/>\n<meta property=\"og:title\" content=\"CDS Boutique | Proches aidants | Ressources\" \/>\n<meta property=\"og:description\" content=\"D\u00e9couvrez des ressources incontournables pour accompagner, aider et conseiller les proches aidants d\u2019a\u00een\u00e9s en perte d\u2019autonomie.\" \/>\n<meta property=\"og:url\" content=\"https:\/\/staging.cdsboutique.com\/en\/caregivers\/resources\/\" \/>\n<meta property=\"og:site_name\" content=\"CDS boutique A\u00een\u00e9s\" \/>\n<meta property=\"article:publisher\" content=\"https:\/\/www.facebook.com\/CDSBoutique.Aines.Seniors\" \/>\n<meta property=\"article:modified_time\" content=\"2023-06-29T15:29:12+00:00\" \/>\n<meta property=\"og:image\" content=\"https:\/\/staging.cdsboutique.com\/wp-content\/uploads\/2025\/11\/L0A1051-scaled.jpg\" \/>\n\t<meta property=\"og:image:width\" content=\"2560\" \/>\n\t<meta property=\"og:image:height\" content=\"1707\" \/>\n\t<meta property=\"og:image:type\" content=\"image\/jpeg\" \/>\n<meta name=\"twitter:card\" content=\"summary_large_image\" \/>\n<script type=\"application\/ld+json\" class=\"yoast-schema-graph\">{\"@context\":\"https:\\\/\\\/schema.org\",\"@graph\":[{\"@type\":\"WebPage\",\"@id\":\"https:\\\/\\\/staging.cdsboutique.com\\\/en\\\/caregivers\\\/resources\\\/\",\"url\":\"https:\\\/\\\/staging.cdsboutique.com\\\/en\\\/caregivers\\\/resources\\\/\",\"name\":\"CDS Boutique | Proches aidants | Ressources\",\"isPartOf\":{\"@id\":\"https:\\\/\\\/staging.cdsboutique.com\\\/#website\"},\"datePublished\":\"2020-08-18T19:10:06+00:00\",\"dateModified\":\"2023-06-29T15:29:12+00:00\",\"description\":\"D\u00e9couvrez des ressources incontournables pour accompagner, aider et conseiller les proches aidants d\u2019a\u00een\u00e9s en perte d\u2019autonomie.\",\"breadcrumb\":{\"@id\":\"https:\\\/\\\/staging.cdsboutique.com\\\/en\\\/caregivers\\\/resources\\\/#breadcrumb\"},\"inLanguage\":\"en-US\",\"potentialAction\":[{\"@type\":\"ReadAction\",\"target\":[\"https:\\\/\\\/staging.cdsboutique.com\\\/en\\\/caregivers\\\/resources\\\/\"]}]},{\"@type\":\"BreadcrumbList\",\"@id\":\"https:\\\/\\\/staging.cdsboutique.com\\\/en\\\/caregivers\\\/resources\\\/#breadcrumb\",\"itemListElement\":[{\"@type\":\"ListItem\",\"position\":1,\"name\":\"Home\",\"item\":\"https:\\\/\\\/staging.cdsboutique.com\\\/en\\\/\"},{\"@type\":\"ListItem\",\"position\":2,\"name\":\"Caregivers\",\"item\":\"https:\\\/\\\/staging.cdsboutique.com\\\/en\\\/caregivers\\\/\"},{\"@type\":\"ListItem\",\"position\":3,\"name\":\"Caregivers &#8211; Resources\"}]},{\"@type\":\"WebSite\",\"@id\":\"https:\\\/\\\/staging.cdsboutique.com\\\/#website\",\"url\":\"https:\\\/\\\/staging.cdsboutique.com\\\/\",\"name\":\"CDS boutique A\u00een\u00e9s\",\"description\":\"Pour une meilleure qualit\u00e9 de vie\",\"publisher\":{\"@id\":\"https:\\\/\\\/staging.cdsboutique.com\\\/#organization\"},\"potentialAction\":[{\"@type\":\"SearchAction\",\"target\":{\"@type\":\"EntryPoint\",\"urlTemplate\":\"https:\\\/\\\/staging.cdsboutique.com\\\/?s={search_term_string}\"},\"query-input\":{\"@type\":\"PropertyValueSpecification\",\"valueRequired\":true,\"valueName\":\"search_term_string\"}}],\"inLanguage\":\"en-US\"},{\"@type\":\"Organization\",\"@id\":\"https:\\\/\\\/staging.cdsboutique.com\\\/#organization\",\"name\":\"CDS Boutique\",\"url\":\"https:\\\/\\\/staging.cdsboutique.com\\\/\",\"logo\":{\"@type\":\"ImageObject\",\"inLanguage\":\"en-US\",\"@id\":\"https:\\\/\\\/staging.cdsboutique.com\\\/#\\\/schema\\\/logo\\\/image\\\/\",\"url\":\"https:\\\/\\\/staging.cdsboutique.com\\\/wp-content\\\/uploads\\\/2024\\\/09\\\/logoCDS-Boutique_final2024.jpg\",\"contentUrl\":\"https:\\\/\\\/staging.cdsboutique.com\\\/wp-content\\\/uploads\\\/2024\\\/09\\\/logoCDS-Boutique_final2024.jpg\",\"width\":900,\"height\":600,\"caption\":\"CDS Boutique\"},\"image\":{\"@id\":\"https:\\\/\\\/staging.cdsboutique.com\\\/#\\\/schema\\\/logo\\\/image\\\/\"},\"sameAs\":[\"https:\\\/\\\/www.facebook.com\\\/CDSBoutique.Aines.Seniors\",\"https:\\\/\\\/www.youtube.com\\\/@cdsboutique4046\",\"https:\\\/\\\/www.linkedin.com\\\/company\\\/cds-boutique\\\/\",\"https:\\\/\\\/www.instagram.com\\\/cdsboutique\\\/\"]}]}<\/script>\n<!-- \/ Yoast SEO plugin. -->","yoast_head_json":{"title":"CDS Boutique | Proches aidants | Ressources","description":"D\u00e9couvrez des ressources incontournables pour accompagner, aider et conseiller les proches aidants d\u2019a\u00een\u00e9s en perte d\u2019autonomie.","robots":{"index":"noindex","follow":"follow","max-snippet":"max-snippet:-1","max-image-preview":"max-image-preview:large","max-video-preview":"max-video-preview:-1"},"og_locale":"en_US","og_type":"article","og_title":"CDS Boutique | Proches aidants | Ressources","og_description":"D\u00e9couvrez des ressources incontournables pour accompagner, aider et conseiller les proches aidants d\u2019a\u00een\u00e9s en perte d\u2019autonomie.","og_url":"https:\/\/staging.cdsboutique.com\/en\/caregivers\/resources\/","og_site_name":"CDS boutique A\u00een\u00e9s","article_publisher":"https:\/\/www.facebook.com\/CDSBoutique.Aines.Seniors","article_modified_time":"2023-06-29T15:29:12+00:00","og_image":[{"width":2560,"height":1707,"url":"https:\/\/staging.cdsboutique.com\/wp-content\/uploads\/2025\/11\/L0A1051-scaled.jpg","type":"image\/jpeg"}],"twitter_card":"summary_large_image","schema":{"@context":"https:\/\/schema.org","@graph":[{"@type":"WebPage","@id":"https:\/\/staging.cdsboutique.com\/en\/caregivers\/resources\/","url":"https:\/\/staging.cdsboutique.com\/en\/caregivers\/resources\/","name":"CDS Boutique | Proches aidants | Ressources","isPartOf":{"@id":"https:\/\/staging.cdsboutique.com\/#website"},"datePublished":"2020-08-18T19:10:06+00:00","dateModified":"2023-06-29T15:29:12+00:00","description":"D\u00e9couvrez des ressources incontournables pour accompagner, aider et conseiller les proches aidants d\u2019a\u00een\u00e9s en perte d\u2019autonomie.","breadcrumb":{"@id":"https:\/\/staging.cdsboutique.com\/en\/caregivers\/resources\/#breadcrumb"},"inLanguage":"en-US","potentialAction":[{"@type":"ReadAction","target":["https:\/\/staging.cdsboutique.com\/en\/caregivers\/resources\/"]}]},{"@type":"BreadcrumbList","@id":"https:\/\/staging.cdsboutique.com\/en\/caregivers\/resources\/#breadcrumb","itemListElement":[{"@type":"ListItem","position":1,"name":"Home","item":"https:\/\/staging.cdsboutique.com\/en\/"},{"@type":"ListItem","position":2,"name":"Caregivers","item":"https:\/\/staging.cdsboutique.com\/en\/caregivers\/"},{"@type":"ListItem","position":3,"name":"Caregivers &#8211; Resources"}]},{"@type":"WebSite","@id":"https:\/\/staging.cdsboutique.com\/#website","url":"https:\/\/staging.cdsboutique.com\/","name":"CDS boutique A\u00een\u00e9s","description":"Pour une meilleure qualit\u00e9 de vie","publisher":{"@id":"https:\/\/staging.cdsboutique.com\/#organization"},"potentialAction":[{"@type":"SearchAction","target":{"@type":"EntryPoint","urlTemplate":"https:\/\/staging.cdsboutique.com\/?s={search_term_string}"},"query-input":{"@type":"PropertyValueSpecification","valueRequired":true,"valueName":"search_term_string"}}],"inLanguage":"en-US"},{"@type":"Organization","@id":"https:\/\/staging.cdsboutique.com\/#organization","name":"CDS Boutique","url":"https:\/\/staging.cdsboutique.com\/","logo":{"@type":"ImageObject","inLanguage":"en-US","@id":"https:\/\/staging.cdsboutique.com\/#\/schema\/logo\/image\/","url":"https:\/\/staging.cdsboutique.com\/wp-content\/uploads\/2024\/09\/logoCDS-Boutique_final2024.jpg","contentUrl":"https:\/\/staging.cdsboutique.com\/wp-content\/uploads\/2024\/09\/logoCDS-Boutique_final2024.jpg","width":900,"height":600,"caption":"CDS Boutique"},"image":{"@id":"https:\/\/staging.cdsboutique.com\/#\/schema\/logo\/image\/"},"sameAs":["https:\/\/www.facebook.com\/CDSBoutique.Aines.Seniors","https:\/\/www.youtube.com\/@cdsboutique4046","https:\/\/www.linkedin.com\/company\/cds-boutique\/","https:\/\/www.instagram.com\/cdsboutique\/"]}]}},"_links":{"self":[{"href":"https:\/\/staging.cdsboutique.com\/en\/wp-json\/wp\/v2\/pages\/24800","targetHints":{"allow":["GET"]}}],"collection":[{"href":"https:\/\/staging.cdsboutique.com\/en\/wp-json\/wp\/v2\/pages"}],"about":[{"href":"https:\/\/staging.cdsboutique.com\/en\/wp-json\/wp\/v2\/types\/page"}],"author":[{"embeddable":true,"href":"https:\/\/staging.cdsboutique.com\/en\/wp-json\/wp\/v2\/users\/2"}],"replies":[{"embeddable":true,"href":"https:\/\/staging.cdsboutique.com\/en\/wp-json\/wp\/v2\/comments?post=24800"}],"version-history":[{"count":1,"href":"https:\/\/staging.cdsboutique.com\/en\/wp-json\/wp\/v2\/pages\/24800\/revisions"}],"predecessor-version":[{"id":53156,"href":"https:\/\/staging.cdsboutique.com\/en\/wp-json\/wp\/v2\/pages\/24800\/revisions\/53156"}],"up":[{"embeddable":true,"href":"https:\/\/staging.cdsboutique.com\/en\/wp-json\/wp\/v2\/pages\/24781"}],"wp:attachment":[{"href":"https:\/\/staging.cdsboutique.com\/en\/wp-json\/wp\/v2\/media?parent=24800"}],"wp:term":[{"taxonomy":"category","embeddable":true,"href":"https:\/\/staging.cdsboutique.com\/en\/wp-json\/wp\/v2\/categories?post=24800"},{"taxonomy":"post_tag","embeddable":true,"href":"https:\/\/staging.cdsboutique.com\/en\/wp-json\/wp\/v2\/tags?post=24800"}],"curies":[{"name":"wp","href":"https:\/\/api.w.org\/{rel}","templated":true}]}}