{"id":52972,"date":"2023-06-16T13:38:25","date_gmt":"2023-06-16T17:38:25","guid":{"rendered":"https:\/\/cdsboutique.com\/?page_id=52972"},"modified":"2023-06-16T14:06:03","modified_gmt":"2023-06-16T18:06:03","slug":"inmurhythm","status":"publish","type":"page","link":"https:\/\/staging.cdsboutique.com\/en\/inmurhythm\/","title":{"rendered":"inmuRHYTHM"},"content":{"rendered":"\n<div class=\"wp-block-ugb-container ugb-container ugb-5f3f243 ugb-container--v2 ugb-container--design-basic ugb-main-block\"><div class=\"ugb-inner-block\"><div class=\"ugb-block-content\"><div class=\"ugb-container__wrapper ugb-5f3f243-wrapper\"><div class=\"ugb-container__side\"><div class=\"ugb-container__content-wrapper ugb-5f3f243-content-wrapper\">\n<div class=\"wp-block-image\" data-block-type=\"core\"><figure class=\"aligncenter size-large\"><img loading=\"lazy\" decoding=\"async\" width=\"1024\" height=\"576\" src=\"https:\/\/staging.cdsboutique.com\/wp-content\/uploads\/2023\/06\/4-1024x576.jpg\" alt=\"\" class=\"wp-image-52970\" srcset=\"https:\/\/staging.cdsboutique.com\/wp-content\/uploads\/2023\/06\/4-1024x576.jpg 1024w, https:\/\/staging.cdsboutique.com\/wp-content\/uploads\/2023\/06\/4-300x169.jpg 300w, https:\/\/staging.cdsboutique.com\/wp-content\/uploads\/2023\/06\/4-600x338.jpg 600w, https:\/\/staging.cdsboutique.com\/wp-content\/uploads\/2023\/06\/4-768x432.jpg 768w, https:\/\/staging.cdsboutique.com\/wp-content\/uploads\/2023\/06\/4-1536x864.jpg 1536w, https:\/\/staging.cdsboutique.com\/wp-content\/uploads\/2023\/06\/4-130x73.jpg 130w, https:\/\/staging.cdsboutique.com\/wp-content\/uploads\/2023\/06\/4.jpg 1920w\" sizes=\"auto, (max-width: 1024px) 100vw, 1024px\" \/><\/figure><\/div>\n<\/div><\/div><\/div><\/div><\/div><\/div>\n\n\n\n<div class=\"wp-block-ugb-button ugb-button-wrapper ugb-39f1da2 ugb-main-block\"><style>.ugb-39f1da2 .ugb-button1 .ugb-button--inner{font-family:\"Poppins\",Sans-serif !important;font-size:20px !important;font-weight:bold !important}.ugb-39f1da2 .ugb-button1{background-color:#2276d6;border-radius:18px !important}.ugb-39f1da2 .ugb-button1 .ugb-button--inner,.ugb-39f1da2 .ugb-button1 svg:not(.ugb-custom-icon){color:#ffffff !important}.ugb-39f1da2 .ugb-button1:before{border-radius:18px !important}<\/style><div class=\"ugb-inner-block\"><div class=\"ugb-block-content\"><div class=\"ugb-button-container\"><a class=\"ugb-button1 ugb-button ugb-button--size-normal\" href=\"https:\/\/staging.cdsboutique.com\/\" rel=\"\" title=\"\" title=\"\"><span class=\"ugb-button--inner\">Homepage<\/span><\/a><\/div><\/div><\/div><\/div>\n","protected":false},"excerpt":{"rendered":"<p>Homepage<\/p>\n","protected":false},"author":24,"featured_media":45937,"parent":0,"menu_order":0,"comment_status":"closed","ping_status":"closed","template":"template-aines.php","meta":{"_acf_changed":false,"footnotes":""},"categories":[],"tags":[],"class_list":["post-52972","page","type-page","status-publish","has-post-thumbnail","hentry"],"acf":[],"featured_image_urls_v2":{"full":["https:\/\/staging.cdsboutique.com\/wp-content\/uploads\/2022\/06\/Table_4_personnes.jpg",1024,892,false],"thumbnail":["https:\/\/staging.cdsboutique.com\/wp-content\/uploads\/2022\/06\/Table_4_personnes-150x150.jpg",150,150,true],"medium":["https:\/\/staging.cdsboutique.com\/wp-content\/uploads\/2022\/06\/Table_4_personnes-300x261.jpg",300,261,true],"medium_large":["https:\/\/staging.cdsboutique.com\/wp-content\/uploads\/2022\/06\/Table_4_personnes-768x669.jpg",768,669,true],"large":["https:\/\/staging.cdsboutique.com\/wp-content\/uploads\/2022\/06\/Table_4_personnes.jpg",980,854,false],"1536x1536":["https:\/\/staging.cdsboutique.com\/wp-content\/uploads\/2022\/06\/Table_4_personnes.jpg",1024,892,false],"2048x2048":["https:\/\/staging.cdsboutique.com\/wp-content\/uploads\/2022\/06\/Table_4_personnes.jpg",1024,892,false],"gform-image-choice-sm":["https:\/\/staging.cdsboutique.com\/wp-content\/uploads\/2022\/06\/Table_4_personnes.jpg",300,261,false],"gform-image-choice-md":["https:\/\/staging.cdsboutique.com\/wp-content\/uploads\/2022\/06\/Table_4_personnes.jpg",400,348,false],"gform-image-choice-lg":["https:\/\/staging.cdsboutique.com\/wp-content\/uploads\/2022\/06\/Table_4_personnes.jpg",600,523,false],"woocommerce_thumbnail":["https:\/\/staging.cdsboutique.com\/wp-content\/uploads\/2022\/06\/Table_4_personnes-300x261.jpg",300,261,true],"woocommerce_single":["https:\/\/staging.cdsboutique.com\/wp-content\/uploads\/2022\/06\/Table_4_personnes-600x523.jpg",600,523,true],"woocommerce_gallery_thumbnail":["https:\/\/staging.cdsboutique.com\/wp-content\/uploads\/2022\/06\/Table_4_personnes-100x100.jpg",100,100,true],"variation_swatches_image_size":["https:\/\/staging.cdsboutique.com\/wp-content\/uploads\/2022\/06\/Table_4_personnes.jpg",50,44,false],"variation_swatches_tooltip_size":["https:\/\/staging.cdsboutique.com\/wp-content\/uploads\/2022\/06\/Table_4_personnes.jpg",100,87,false],"logo-size":["https:\/\/staging.cdsboutique.com\/wp-content\/uploads\/2022\/06\/Table_4_personnes-96x84.jpg",96,84,true],"blog":["https:\/\/staging.cdsboutique.com\/wp-content\/uploads\/2022\/06\/Table_4_personnes-350x260.jpg",350,260,true]},"post_excerpt_stackable_v2":"<p>Homepage<\/p>\n","category_list_v2":"Uncategorized","author_info_v2":{"name":"Comm1","url":"https:\/\/staging.cdsboutique.com\/en\/author\/olivialdutil\/"},"comments_num_v2":"0 comments","yoast_head":"<!-- This site is optimized with the Yoast SEO plugin v27.4 - https:\/\/yoast.com\/product\/yoast-seo-wordpress\/ -->\n<title>inmuRHYTHM , le coussin multisensoriel energisant - CDS boutique A\u00een\u00e9s<\/title>\n<meta name=\"description\" content=\"D\u00e9couvrez en exclusivit\u00e9 chez CDS le coussin multisensoriel energisant inmuRHYTHM. Animez vos journ\u00e9es au rythme des percussions!\" \/>\n<meta name=\"robots\" content=\"noindex, follow, max-snippet:-1, max-image-preview:large, max-video-preview:-1\" \/>\n<meta property=\"og:locale\" content=\"en_US\" \/>\n<meta property=\"og:type\" content=\"article\" \/>\n<meta property=\"og:title\" content=\"Projecteur OBIE\" \/>\n<meta property=\"og:description\" content=\"R\u00e9volutionnez l\u2019univers du jeu th\u00e9rapeutique gr\u00e2ce \u00e0 notre projecteur de jeux interactifs sensoriels OBIE.\" \/>\n<meta property=\"og:url\" content=\"https:\/\/staging.cdsboutique.com\/en\/inmurhythm\/\" \/>\n<meta property=\"og:site_name\" content=\"CDS boutique A\u00een\u00e9s\" \/>\n<meta property=\"article:publisher\" content=\"https:\/\/www.facebook.com\/CDSBoutique.Aines.Seniors\" \/>\n<meta property=\"article:modified_time\" content=\"2023-06-16T18:06:03+00:00\" \/>\n<meta property=\"og:image\" content=\"https:\/\/staging.cdsboutique.com\/wp-content\/uploads\/2022\/06\/Table_4_personnes.jpg?_t=1688051058\" \/>\n\t<meta property=\"og:image:width\" content=\"1024\" \/>\n\t<meta property=\"og:image:height\" content=\"892\" \/>\n\t<meta property=\"og:image:type\" content=\"image\/jpeg\" \/>\n<meta name=\"twitter:card\" content=\"summary_large_image\" \/>\n<meta name=\"twitter:label1\" content=\"Est. reading time\" \/>\n\t<meta name=\"twitter:data1\" content=\"1 minute\" \/>\n<script type=\"application\/ld+json\" class=\"yoast-schema-graph\">{\"@context\":\"https:\\\/\\\/schema.org\",\"@graph\":[{\"@type\":\"WebPage\",\"@id\":\"https:\\\/\\\/staging.cdsboutique.com\\\/en\\\/inmurhythm\\\/\",\"url\":\"https:\\\/\\\/staging.cdsboutique.com\\\/en\\\/inmurhythm\\\/\",\"name\":\"inmuRHYTHM , le coussin multisensoriel energisant - CDS boutique A\u00een\u00e9s\",\"isPartOf\":{\"@id\":\"https:\\\/\\\/staging.cdsboutique.com\\\/#website\"},\"primaryImageOfPage\":{\"@id\":\"https:\\\/\\\/staging.cdsboutique.com\\\/en\\\/inmurhythm\\\/#primaryimage\"},\"image\":{\"@id\":\"https:\\\/\\\/staging.cdsboutique.com\\\/en\\\/inmurhythm\\\/#primaryimage\"},\"thumbnailUrl\":\"https:\\\/\\\/staging.cdsboutique.com\\\/wp-content\\\/uploads\\\/2022\\\/06\\\/Table_4_personnes.jpg\",\"datePublished\":\"2023-06-16T17:38:25+00:00\",\"dateModified\":\"2023-06-16T18:06:03+00:00\",\"description\":\"D\u00e9couvrez en exclusivit\u00e9 chez CDS le coussin multisensoriel energisant inmuRHYTHM. Animez vos journ\u00e9es au rythme des percussions!\",\"breadcrumb\":{\"@id\":\"https:\\\/\\\/staging.cdsboutique.com\\\/en\\\/inmurhythm\\\/#breadcrumb\"},\"inLanguage\":\"en-US\",\"potentialAction\":[{\"@type\":\"ReadAction\",\"target\":[\"https:\\\/\\\/staging.cdsboutique.com\\\/en\\\/inmurhythm\\\/\"]}]},{\"@type\":\"ImageObject\",\"inLanguage\":\"en-US\",\"@id\":\"https:\\\/\\\/staging.cdsboutique.com\\\/en\\\/inmurhythm\\\/#primaryimage\",\"url\":\"https:\\\/\\\/staging.cdsboutique.com\\\/wp-content\\\/uploads\\\/2022\\\/06\\\/Table_4_personnes.jpg\",\"contentUrl\":\"https:\\\/\\\/staging.cdsboutique.com\\\/wp-content\\\/uploads\\\/2022\\\/06\\\/Table_4_personnes.jpg\",\"width\":1024,\"height\":892},{\"@type\":\"BreadcrumbList\",\"@id\":\"https:\\\/\\\/staging.cdsboutique.com\\\/en\\\/inmurhythm\\\/#breadcrumb\",\"itemListElement\":[{\"@type\":\"ListItem\",\"position\":1,\"name\":\"Home\",\"item\":\"https:\\\/\\\/staging.cdsboutique.com\\\/en\\\/\"},{\"@type\":\"ListItem\",\"position\":2,\"name\":\"inmuRHYTHM\"}]},{\"@type\":\"WebSite\",\"@id\":\"https:\\\/\\\/staging.cdsboutique.com\\\/#website\",\"url\":\"https:\\\/\\\/staging.cdsboutique.com\\\/\",\"name\":\"CDS boutique A\u00een\u00e9s\",\"description\":\"Pour une meilleure qualit\u00e9 de vie\",\"publisher\":{\"@id\":\"https:\\\/\\\/staging.cdsboutique.com\\\/#organization\"},\"potentialAction\":[{\"@type\":\"SearchAction\",\"target\":{\"@type\":\"EntryPoint\",\"urlTemplate\":\"https:\\\/\\\/staging.cdsboutique.com\\\/?s={search_term_string}\"},\"query-input\":{\"@type\":\"PropertyValueSpecification\",\"valueRequired\":true,\"valueName\":\"search_term_string\"}}],\"inLanguage\":\"en-US\"},{\"@type\":\"Organization\",\"@id\":\"https:\\\/\\\/staging.cdsboutique.com\\\/#organization\",\"name\":\"CDS Boutique\",\"url\":\"https:\\\/\\\/staging.cdsboutique.com\\\/\",\"logo\":{\"@type\":\"ImageObject\",\"inLanguage\":\"en-US\",\"@id\":\"https:\\\/\\\/staging.cdsboutique.com\\\/#\\\/schema\\\/logo\\\/image\\\/\",\"url\":\"https:\\\/\\\/staging.cdsboutique.com\\\/wp-content\\\/uploads\\\/2024\\\/09\\\/logoCDS-Boutique_final2024.jpg\",\"contentUrl\":\"https:\\\/\\\/staging.cdsboutique.com\\\/wp-content\\\/uploads\\\/2024\\\/09\\\/logoCDS-Boutique_final2024.jpg\",\"width\":900,\"height\":600,\"caption\":\"CDS Boutique\"},\"image\":{\"@id\":\"https:\\\/\\\/staging.cdsboutique.com\\\/#\\\/schema\\\/logo\\\/image\\\/\"},\"sameAs\":[\"https:\\\/\\\/www.facebook.com\\\/CDSBoutique.Aines.Seniors\",\"https:\\\/\\\/www.youtube.com\\\/@cdsboutique4046\",\"https:\\\/\\\/www.linkedin.com\\\/company\\\/cds-boutique\\\/\",\"https:\\\/\\\/www.instagram.com\\\/cdsboutique\\\/\"]}]}<\/script>\n<!-- \/ Yoast SEO plugin. -->","yoast_head_json":{"title":"inmuRHYTHM , le coussin multisensoriel energisant - CDS boutique A\u00een\u00e9s","description":"D\u00e9couvrez en exclusivit\u00e9 chez CDS le coussin multisensoriel energisant inmuRHYTHM. Animez vos journ\u00e9es au rythme des percussions!","robots":{"index":"noindex","follow":"follow","max-snippet":"max-snippet:-1","max-image-preview":"max-image-preview:large","max-video-preview":"max-video-preview:-1"},"og_locale":"en_US","og_type":"article","og_title":"Projecteur OBIE","og_description":"R\u00e9volutionnez l\u2019univers du jeu th\u00e9rapeutique gr\u00e2ce \u00e0 notre projecteur de jeux interactifs sensoriels OBIE.","og_url":"https:\/\/staging.cdsboutique.com\/en\/inmurhythm\/","og_site_name":"CDS boutique A\u00een\u00e9s","article_publisher":"https:\/\/www.facebook.com\/CDSBoutique.Aines.Seniors","article_modified_time":"2023-06-16T18:06:03+00:00","og_image":[{"width":1024,"height":892,"url":"https:\/\/staging.cdsboutique.com\/wp-content\/uploads\/2022\/06\/Table_4_personnes.jpg?_t=1688051058","type":"image\/jpeg"}],"twitter_card":"summary_large_image","twitter_misc":{"Est. reading time":"1 minute"},"schema":{"@context":"https:\/\/schema.org","@graph":[{"@type":"WebPage","@id":"https:\/\/staging.cdsboutique.com\/en\/inmurhythm\/","url":"https:\/\/staging.cdsboutique.com\/en\/inmurhythm\/","name":"inmuRHYTHM , le coussin multisensoriel energisant - CDS boutique A\u00een\u00e9s","isPartOf":{"@id":"https:\/\/staging.cdsboutique.com\/#website"},"primaryImageOfPage":{"@id":"https:\/\/staging.cdsboutique.com\/en\/inmurhythm\/#primaryimage"},"image":{"@id":"https:\/\/staging.cdsboutique.com\/en\/inmurhythm\/#primaryimage"},"thumbnailUrl":"https:\/\/staging.cdsboutique.com\/wp-content\/uploads\/2022\/06\/Table_4_personnes.jpg","datePublished":"2023-06-16T17:38:25+00:00","dateModified":"2023-06-16T18:06:03+00:00","description":"D\u00e9couvrez en exclusivit\u00e9 chez CDS le coussin multisensoriel energisant inmuRHYTHM. Animez vos journ\u00e9es au rythme des percussions!","breadcrumb":{"@id":"https:\/\/staging.cdsboutique.com\/en\/inmurhythm\/#breadcrumb"},"inLanguage":"en-US","potentialAction":[{"@type":"ReadAction","target":["https:\/\/staging.cdsboutique.com\/en\/inmurhythm\/"]}]},{"@type":"ImageObject","inLanguage":"en-US","@id":"https:\/\/staging.cdsboutique.com\/en\/inmurhythm\/#primaryimage","url":"https:\/\/staging.cdsboutique.com\/wp-content\/uploads\/2022\/06\/Table_4_personnes.jpg","contentUrl":"https:\/\/staging.cdsboutique.com\/wp-content\/uploads\/2022\/06\/Table_4_personnes.jpg","width":1024,"height":892},{"@type":"BreadcrumbList","@id":"https:\/\/staging.cdsboutique.com\/en\/inmurhythm\/#breadcrumb","itemListElement":[{"@type":"ListItem","position":1,"name":"Home","item":"https:\/\/staging.cdsboutique.com\/en\/"},{"@type":"ListItem","position":2,"name":"inmuRHYTHM"}]},{"@type":"WebSite","@id":"https:\/\/staging.cdsboutique.com\/#website","url":"https:\/\/staging.cdsboutique.com\/","name":"CDS boutique A\u00een\u00e9s","description":"Pour une meilleure qualit\u00e9 de vie","publisher":{"@id":"https:\/\/staging.cdsboutique.com\/#organization"},"potentialAction":[{"@type":"SearchAction","target":{"@type":"EntryPoint","urlTemplate":"https:\/\/staging.cdsboutique.com\/?s={search_term_string}"},"query-input":{"@type":"PropertyValueSpecification","valueRequired":true,"valueName":"search_term_string"}}],"inLanguage":"en-US"},{"@type":"Organization","@id":"https:\/\/staging.cdsboutique.com\/#organization","name":"CDS Boutique","url":"https:\/\/staging.cdsboutique.com\/","logo":{"@type":"ImageObject","inLanguage":"en-US","@id":"https:\/\/staging.cdsboutique.com\/#\/schema\/logo\/image\/","url":"https:\/\/staging.cdsboutique.com\/wp-content\/uploads\/2024\/09\/logoCDS-Boutique_final2024.jpg","contentUrl":"https:\/\/staging.cdsboutique.com\/wp-content\/uploads\/2024\/09\/logoCDS-Boutique_final2024.jpg","width":900,"height":600,"caption":"CDS Boutique"},"image":{"@id":"https:\/\/staging.cdsboutique.com\/#\/schema\/logo\/image\/"},"sameAs":["https:\/\/www.facebook.com\/CDSBoutique.Aines.Seniors","https:\/\/www.youtube.com\/@cdsboutique4046","https:\/\/www.linkedin.com\/company\/cds-boutique\/","https:\/\/www.instagram.com\/cdsboutique\/"]}]}},"_links":{"self":[{"href":"https:\/\/staging.cdsboutique.com\/en\/wp-json\/wp\/v2\/pages\/52972","targetHints":{"allow":["GET"]}}],"collection":[{"href":"https:\/\/staging.cdsboutique.com\/en\/wp-json\/wp\/v2\/pages"}],"about":[{"href":"https:\/\/staging.cdsboutique.com\/en\/wp-json\/wp\/v2\/types\/page"}],"author":[{"embeddable":true,"href":"https:\/\/staging.cdsboutique.com\/en\/wp-json\/wp\/v2\/users\/24"}],"replies":[{"embeddable":true,"href":"https:\/\/staging.cdsboutique.com\/en\/wp-json\/wp\/v2\/comments?post=52972"}],"version-history":[{"count":4,"href":"https:\/\/staging.cdsboutique.com\/en\/wp-json\/wp\/v2\/pages\/52972\/revisions"}],"predecessor-version":[{"id":52976,"href":"https:\/\/staging.cdsboutique.com\/en\/wp-json\/wp\/v2\/pages\/52972\/revisions\/52976"}],"wp:featuredmedia":[{"embeddable":true,"href":"https:\/\/staging.cdsboutique.com\/en\/wp-json\/wp\/v2\/media\/45937"}],"wp:attachment":[{"href":"https:\/\/staging.cdsboutique.com\/en\/wp-json\/wp\/v2\/media?parent=52972"}],"wp:term":[{"taxonomy":"category","embeddable":true,"href":"https:\/\/staging.cdsboutique.com\/en\/wp-json\/wp\/v2\/categories?post=52972"},{"taxonomy":"post_tag","embeddable":true,"href":"https:\/\/staging.cdsboutique.com\/en\/wp-json\/wp\/v2\/tags?post=52972"}],"curies":[{"name":"wp","href":"https:\/\/api.w.org\/{rel}","templated":true}]}}