{"id":54082,"date":"2023-09-01T15:17:03","date_gmt":"2023-09-01T19:17:03","guid":{"rendered":"https:\/\/cdsboutique.com\/?page_id=54082"},"modified":"2026-02-20T09:53:47","modified_gmt":"2026-02-20T14:53:47","slug":"terms-conditions","status":"publish","type":"page","link":"https:\/\/staging.cdsboutique.com\/en\/terms-conditions\/","title":{"rendered":"Terms &#038;  Condition"},"content":{"rendered":"\n<div class=\"wp-block-stackable-columns stk-block-columns stk-block stk-bc34810\" data-block-id=\"bc34810\"><div class=\"stk-row stk-inner-blocks stk-block-content stk-content-align stk-bc34810-column\">\n<div class=\"wp-block-stackable-column stk-block-column stk-column stk-block stk-e6e1ade\" data-v=\"4\" data-block-id=\"e6e1ade\"><div class=\"stk-column-wrapper stk-block-column__content stk-container stk-e6e1ade-container stk--no-background stk--no-padding\"><div class=\"stk-block-content stk-inner-blocks stk-e6e1ade-inner-blocks\">\n<div class=\"wp-block-stackable-columns stk-block-columns stk-block stk-ae91652 stk-block-background stk--has-background-overlay\" data-block-id=\"ae91652\"><style>.stk-ae91652 {background-image:url(https:\/\/staging.cdsboutique.com\/wp-content\/uploads\/2023\/09\/background_termes_conditions.jpg) !important;align-items:center !important;padding-top:0% !important;padding-right:5% !important;padding-bottom:0% !important;padding-left:5% !important;margin-bottom:1.8% !important;display:flex !important;}<\/style><style class=\"stk-custom-css\">.stk-ae91652.stk-block-columns{min-height:34vw !important;margin-bottom:0px !important}<\/style><div class=\"stk-row stk-inner-blocks stk-block-content stk-content-align stk-ae91652-column\">\n<div class=\"wp-block-stackable-column stk-block-column stk-column stk-block stk-110f443 stk-block-background padding_heade_full_widht\" data-v=\"4\" data-block-id=\"110f443\"><style>.stk-110f443 {background-color:#ffffffcc !important;background-position:top center !important;background-size:cover !important;margin-top:20px !important;margin-bottom:20px !important;}.stk-110f443:before{background-color:#ffffffcc !important;}.stk-110f443-container{min-height:0px !important;}@media screen and (min-width: 768px) and (max-width: 1023px){.stk-110f443 {flex:var(--stk-flex-grow, 1) 1 calc(100% - var(--stk-column-gap, 0px) * 1 \/ 2 ) !important;}}<\/style><div class=\"stk-column-wrapper stk-block-column__content stk-container stk-110f443-container stk--no-background stk--no-padding\"><div class=\"stk-block-content stk-inner-blocks stk-110f443-inner-blocks\">\n<div class=\"wp-block-stackable-heading stk-block-heading stk-block-heading--v2 stk-block stk-1b77ed3\" id=\"terms-amp-conditions\" data-block-id=\"1b77ed3\"><style>.stk-1b77ed3 .stk-block-heading__text{text-shadow:2px 2px 5px #00000066 !important;color:#1c6b92 !important;}<\/style><h2 class=\"stk-block-heading__text has-text-color has-blue-color\">Terms &amp; conditions<\/h2><\/div>\n\n\n\n<div class=\"wp-block-stackable-text stk-block-text stk-block stk-0661afb\" data-block-id=\"0661afb\"><p class=\"stk-block-text__text\">Crucial information for your shopping experience!<\/p><\/div>\n<\/div><\/div><\/div>\n<\/div><\/div>\n\n\n\n<div class=\"wp-block-getwid-advanced-spacer\" style=\"height:2vw\" aria-hidden=\"true\"><\/div>\n\n\n\n<div class=\"wp-block-stackable-columns stk-block-columns stk-block stk-00ca574 container-etroit\" data-block-id=\"00ca574\"><div class=\"stk-row stk-inner-blocks stk-block-content stk-content-align stk-00ca574-column\">\n<div class=\"wp-block-stackable-column stk-block-column stk-column stk-block stk-8bd88fd\" data-v=\"4\" data-block-id=\"8bd88fd\"><style>.stk-8bd88fd {align-self:center !important;}.stk-8bd88fd-container{max-width:90% !important;min-width:auto !important;}<\/style><div class=\"stk-column-wrapper stk-block-column__content stk-container stk-8bd88fd-container stk--no-background stk--no-padding\"><div class=\"stk-block-content stk-inner-blocks stk-8bd88fd-inner-blocks\">\n<p data-block-type=\"core\"><strong><span style=\"color: #980101;\" class=\"stk-highlight\">IMPORTANT: Please note that since January 2024, CDS Boutique no longer accepts orders under $50 before taxes. Thank you for your understanding. <\/span><\/strong><\/p>\n<\/div><\/div><\/div>\n<\/div><\/div>\n\n\n\n<div class=\"wp-block-stackable-columns stk-block-columns stk-block stk-a75a3ad container-etroit\" data-block-id=\"a75a3ad\"><div class=\"stk-row stk-inner-blocks stk-block-content stk-content-align stk-a75a3ad-column\">\n<div class=\"wp-block-stackable-column stk-block-column stk-column stk-block stk-d9879b8\" data-v=\"4\" data-block-id=\"d9879b8\"><style>.stk-d9879b8 {align-self:center !important;}.stk-d9879b8-container{max-width:90% !important;min-width:auto !important;}<\/style><div class=\"stk-column-wrapper stk-block-column__content stk-container stk-d9879b8-container stk--no-background stk--no-padding\"><div class=\"stk-block-content stk-inner-blocks stk-d9879b8-inner-blocks\">\n<div class=\"wp-block-stackable-heading stk-block-heading stk-block-heading--v2 stk-block stk-9bacbc0\" id=\"prices\" data-block-id=\"9bacbc0\"><style>.stk-9bacbc0 .stk-block-heading__text{color:#1c6b92 !important;}<\/style><h1 class=\"stk-block-heading__text has-text-color has-blue-color\">Prices<\/h1><\/div>\n\n\n\n<p data-block-type=\"core\">We will make every effort to maintain the prices on this website.<br><strong>However, note that prices on the website prevail over those in the catalogue. <\/strong>We reserve the right to change prices if a supplier increases its price by more than 10%. If there is a typographical error in the price shown, we reserve the right to charge the applicable price. In all cases, the applicable price will be confirmed to you before we send your order.   <\/p>\n\n\n\n<p data-block-type=\"core\"><strong>Catalogue prices do not include the cost of transportation or any applicable taxes. Shipping charges will be shown separately on your invoice. <\/strong><\/p>\n<\/div><\/div><\/div>\n<\/div><\/div>\n\n\n\n<div class=\"wp-block-stackable-columns stk-block-columns stk-block stk-0c4695e container-etroit\" data-block-id=\"0c4695e\"><div class=\"stk-row stk-inner-blocks stk-block-content stk-content-align stk-0c4695e-column\">\n<div class=\"wp-block-stackable-column stk-block-column stk-column stk-block stk-f05c6b0\" data-v=\"4\" data-block-id=\"f05c6b0\"><style>.stk-f05c6b0 {align-self:center !important;}.stk-f05c6b0-container{max-width:90% !important;min-width:auto !important;}<\/style><div class=\"stk-column-wrapper stk-block-column__content stk-container stk-f05c6b0-container stk--no-background stk--no-padding\"><div class=\"stk-block-content stk-inner-blocks stk-f05c6b0-inner-blocks\">\n<div class=\"wp-block-stackable-heading stk-block-heading stk-block-heading--v2 stk-block stk-a0b56a6\" id=\"sales-taxes\" data-block-id=\"a0b56a6\"><style>.stk-a0b56a6 .stk-block-heading__text{color:#1c6b92 !important;}<\/style><h1 class=\"stk-block-heading__text has-text-color has-blue-color\">Sales Taxes <\/h1><\/div>\n\n\n\n<p data-block-type=\"core\">Applicable taxes will be added to the merchandise price and shipping charges. <\/p>\n\n\n\n<p data-block-type=\"core\"><strong>If your organization is exempt from GST, please provide us with your exemption certificate number and indicate it in bold print on your order form.  <\/strong><\/p>\n\n\n\n<div class=\"wp-block-stackable-heading stk-block-heading stk-block-heading--v2 stk-block stk-00964ce\" id=\"payments-by-cheque-or-credit-card\" data-block-id=\"00964ce\"><style>.stk-00964ce .stk-block-heading__text{color:#1c6b92 !important;}<\/style><h1 class=\"stk-block-heading__text has-text-color has-blue-color\">Payments by Cheque or Credit Card<\/h1><\/div>\n\n\n\n<p data-block-type=\"core\"><strong>TO AVOID SHIPPING DELAYS, DO NOT SEND ANY PAYMENTS BY CHEQUE BEFORE YOU RECEIVE AN INVOICE FROM US INCLUDING TAXES AND SHIPPING CHARGES. <\/strong>Once you receive your order, the invoice will either be inside or attached to your package. If you can&#8217;t find it, please call our customer service department and we will send it to you. If it is your first order with us, or if you are an individual, we will ask you to prepay by cheque,m Visa or MasterCard. If it&#8217;s not your first order, but the order exceeds 1000$, we may ask you to send down a payment along with your order. Our credit department will contact you regarding the amount to pay.  Once your account is established, we will invoice you with <strong>payment terms of NET 30 DAYS.<\/strong><\/p>\n\n\n\n<div class=\"wp-block-stackable-heading stk-block-heading stk-block-heading--v2 stk-block stk-ae5904a\" id=\"shipping-delay\" data-block-id=\"ae5904a\"><style>.stk-ae5904a .stk-block-heading__text{color:#1c6b92 !important;}<\/style><h1 class=\"stk-block-heading__text has-text-color has-blue-color\">Shipping Delay<\/h1><\/div>\n\n\n\n<p data-block-type=\"core\">Unless otherwise mentioned by you, we will send all orders by the most<br>economical and fastest carrier we can find. All products are shipped directly   from our warehouse in Sherbrooke, Quebec, unless otherwise indicated.<\/p>\n\n\n\n<p data-block-type=\"core\">Stocked items should be shipped to you within 3 weeks unless otherwise<br>requested by you. Made-to-order products can take up to 6 weeks for delivery.<\/p>\n\n\n\n<div class=\"wp-block-stackable-heading stk-block-heading stk-block-heading--v2 stk-block stk-6a5d966\" id=\"return-policy\" data-block-id=\"6a5d966\"><style>.stk-6a5d966 .stk-block-heading__text{color:#1c6b92 !important;}<\/style><h1 class=\"stk-block-heading__text has-text-color has-blue-color\">Return Policy<\/h1><\/div>\n\n\n\n<p data-block-type=\"core\">Reality Orientation Boards, Grandfather Clocks, Activity Illustrations, Display<br>Boards, Memory Cases, Adapted Signs and Visual Identification Pictograms are made to order. <strong>THESE PRODUCTS CANNOT BE RETURNED.<\/strong><\/p>\n\n\n\n<p data-block-type=\"core\">If, within 1 month, you are not completely satisfied with any other product than the ones made to order, we will do our best to make you happy with your purchase. If the products have not been used and are in perfect condition, call our customer service department to get a Return Authorization Number. IMPORTANT: We will not accept any returned products without this number. <strong>For hygiene reasons, we will not take back products that are not sealed. <\/strong>You will need to wrap the products carefully and send them back to our warehouse at your expense accompanied by a copy of the invoice, the Return Authorization Number and the reason for returning the products. You must understand that there will be a 10% restocking charge for all returned goods unless they are damaged. After we receive the returned items in perfect condition, we will send you a credit or a refund if it was paid by credit card.<\/p>\n\n\n\n<p data-block-type=\"core\"><strong>If you receive merchandise that you did not order, please contact our customer service department within 2 weeks<\/strong> and we will send our own carrier to pick it up.<\/p>\n\n\n\n<div class=\"wp-block-stackable-heading stk-block-heading stk-block-heading--v2 stk-block stk-a0f7378\" id=\"back-orders\" data-block-id=\"a0f7378\"><style>.stk-a0f7378 .stk-block-heading__text{color:#1c6b92 !important;}<\/style><h1 class=\"stk-block-heading__text has-text-color has-blue-color\">Back-orders<\/h1><\/div>\n\n\n\n<p data-block-type=\"core\">If a product is not available at the time your order is shipped, we will send it to you as soon as it becomes available. The item and the shipping charges will be invoiced separately. If you wish to cancel this item, you must do so by calling us when you receive your initial order.<\/p>\n\n\n\n<div class=\"wp-block-stackable-heading stk-block-heading stk-block-heading--v2 stk-block stk-290f040\" id=\"warranty\" data-block-id=\"290f040\"><style>.stk-290f040 .stk-block-heading__text{color:#1c6b92 !important;}<\/style><h1 class=\"stk-block-heading__text has-text-color has-blue-color\">Warranty<\/h1><\/div>\n\n\n\n<p data-block-type=\"core\">We will honour all warranties offered by our manufacturers. Simply send us your proof of purchase when making your claim.<\/p>\n\n\n\n<div class=\"wp-block-stackable-heading stk-block-heading stk-block-heading--v2 stk-block stk-d429a99\" id=\"shipping-charges\" data-block-id=\"d429a99\"><style>.stk-d429a99 .stk-block-heading__text{color:#1c6b92 !important;}<\/style><h1 class=\"stk-block-heading__text has-text-color has-blue-color\">Shipping Charges<\/h1><\/div>\n\n\n\n<p data-block-type=\"core\">We will ship all orders in the most economical way possible by either Canada Post or UPS. All orders, except those drop shipped directly from the manufacturer will be FOB Sherbrooke, Quebec. A minimum of $12 shipping charge will apply to all orders of $100 or less before taxes or 12% charge will apply to all orders of $100 and more. The green truck beside an item implies that this item is overweight or oversized and extra charges will apply on top of the initial shipping charge. A quotation will be required before shipping your order for items marked with the red truck. Customers living in remote areas are subject to a supplement.<\/p>\n\n\n\n<p data-block-type=\"core\"><strong>Delivery to inviduals<\/strong>: Additional delivery fees will be charged for deliveries in residential areas. We suggest you provide us with a work address where you can receive the parcel during the day to avoid these fees.<\/p>\n\n\n\n<div class=\"wp-block-stackable-heading stk-block-heading stk-block-heading--v2 stk-block stk-a66304e\" id=\"important\" data-block-id=\"a66304e\"><style>.stk-a66304e .stk-block-heading__text{color:#1c6b92 !important;}<\/style><h1 class=\"stk-block-heading__text has-text-color has-blue-color\">IMPORTANT<\/h1><\/div>\n\n\n\n<p data-block-type=\"core\"><strong>Damaged Merchandise \/ Missing Products<\/strong><br>As soon as the merchandise leaves our warehouse with the carrier in good condition, our liability ceases. Upon delivery of your merchandise, take a good look at the box while the driver is there. If the box is damaged, you can refuse the shipment or you can open it to see if the merchandise is in good condition. If you accept the merchandise, have the driver note any and all damages or losses, no matter how slight. If the content of your boxes is damaged, it is your responsibility to call our company within 48 hours to claim the damage. After that period of time, the carrier can refuse to pay claims for hidden damages. We will call the carrier ourselves to minimize any inconvenience to you. In any case, keep the damaged boxes for inspection.<\/p>\n\n\n\n<p data-block-type=\"core\"><\/p>\n<\/div><\/div><\/div>\n<\/div><\/div>\n\n\n\n<div class=\"wp-block-getwid-advanced-spacer\" style=\"height:2vw\" aria-hidden=\"true\"><\/div>\n<\/div><\/div><\/div>\n<\/div><\/div>\n","protected":false},"excerpt":{"rendered":"<p>Terms &amp; conditions Crucial information for your shopping experience! IMPORTANT: Please note that since January 2024, CDS Boutique no longer accepts orders under $50 before taxes. Thank you for your understanding. Prices We will make every effort to maintain the prices on this website.However, note that prices on the website prevail over those in the [&hellip;]<\/p>\n","protected":false},"author":24,"featured_media":0,"parent":0,"menu_order":0,"comment_status":"closed","ping_status":"closed","template":"","meta":{"_acf_changed":false,"footnotes":""},"categories":[],"tags":[],"class_list":["post-54082","page","type-page","status-publish","hentry"],"acf":[],"featured_image_urls_v2":{"full":"","thumbnail":"","medium":"","medium_large":"","large":"","1536x1536":"","2048x2048":"","gform-image-choice-sm":"","gform-image-choice-md":"","gform-image-choice-lg":"","woocommerce_thumbnail":"","woocommerce_single":"","woocommerce_gallery_thumbnail":"","variation_swatches_image_size":"","variation_swatches_tooltip_size":"","logo-size":"","blog":""},"post_excerpt_stackable_v2":"<p>Terms &amp; conditions Crucial information for your shopping experience! IMPORTANT: Please note that since January 2024, CDS Boutique no longer accepts orders under $50 before taxes. Thank you for your understanding. Prices We will make every effort to maintain the prices on this website.However, note that prices on the website prevail over those in the catalogue. We reserve the right to change prices if a supplier increases its price by more than 10%. If there is a typographical error in the price shown, we reserve the right to charge the applicable price. In all cases, the applicable price will be&hellip;<\/p>\n","category_list_v2":"Uncategorized","author_info_v2":{"name":"Comm1","url":"https:\/\/staging.cdsboutique.com\/en\/author\/olivialdutil\/"},"comments_num_v2":"0 comments","yoast_head":"<!-- This site is optimized with the Yoast SEO plugin v27.4 - https:\/\/yoast.com\/product\/yoast-seo-wordpress\/ -->\n<title>Terms &amp; Condition - CDS boutique A\u00een\u00e9s<\/title>\n<meta name=\"robots\" content=\"noindex, follow, max-snippet:-1, max-image-preview:large, max-video-preview:-1\" \/>\n<meta property=\"og:locale\" content=\"en_US\" \/>\n<meta property=\"og:type\" content=\"article\" \/>\n<meta property=\"og:title\" content=\"Terms &amp; Condition - CDS boutique A\u00een\u00e9s\" \/>\n<meta property=\"og:description\" content=\"Terms &amp; conditions Crucial information for your shopping experience! IMPORTANT: Please note that since January 2024, CDS Boutique no longer accepts orders under $50 before taxes. Thank you for your understanding. Prices We will make every effort to maintain the prices on this website.However, note that prices on the website prevail over those in the [&hellip;]\" \/>\n<meta property=\"og:url\" content=\"https:\/\/staging.cdsboutique.com\/en\/terms-conditions\/\" \/>\n<meta property=\"og:site_name\" content=\"CDS boutique A\u00een\u00e9s\" \/>\n<meta property=\"article:publisher\" content=\"https:\/\/www.facebook.com\/CDSBoutique.Aines.Seniors\" \/>\n<meta property=\"article:modified_time\" content=\"2026-02-20T14:53:47+00:00\" \/>\n<meta property=\"og:image\" content=\"https:\/\/staging.cdsboutique.com\/wp-content\/uploads\/2025\/11\/L0A1051-scaled.jpg\" \/>\n\t<meta property=\"og:image:width\" content=\"2560\" \/>\n\t<meta property=\"og:image:height\" content=\"1707\" \/>\n\t<meta property=\"og:image:type\" content=\"image\/jpeg\" \/>\n<meta name=\"twitter:card\" content=\"summary_large_image\" \/>\n<meta name=\"twitter:label1\" content=\"Est. reading time\" \/>\n\t<meta name=\"twitter:data1\" content=\"5 minutes\" \/>\n<script type=\"application\/ld+json\" class=\"yoast-schema-graph\">{\"@context\":\"https:\\\/\\\/schema.org\",\"@graph\":[{\"@type\":\"WebPage\",\"@id\":\"https:\\\/\\\/staging.cdsboutique.com\\\/en\\\/terms-conditions\\\/\",\"url\":\"https:\\\/\\\/staging.cdsboutique.com\\\/en\\\/terms-conditions\\\/\",\"name\":\"Terms & Condition - CDS boutique A\u00een\u00e9s\",\"isPartOf\":{\"@id\":\"https:\\\/\\\/staging.cdsboutique.com\\\/#website\"},\"datePublished\":\"2023-09-01T19:17:03+00:00\",\"dateModified\":\"2026-02-20T14:53:47+00:00\",\"breadcrumb\":{\"@id\":\"https:\\\/\\\/staging.cdsboutique.com\\\/en\\\/terms-conditions\\\/#breadcrumb\"},\"inLanguage\":\"en-US\",\"potentialAction\":[{\"@type\":\"ReadAction\",\"target\":[\"https:\\\/\\\/staging.cdsboutique.com\\\/en\\\/terms-conditions\\\/\"]}]},{\"@type\":\"BreadcrumbList\",\"@id\":\"https:\\\/\\\/staging.cdsboutique.com\\\/en\\\/terms-conditions\\\/#breadcrumb\",\"itemListElement\":[{\"@type\":\"ListItem\",\"position\":1,\"name\":\"Home\",\"item\":\"https:\\\/\\\/staging.cdsboutique.com\\\/en\\\/\"},{\"@type\":\"ListItem\",\"position\":2,\"name\":\"Terms &#038; Condition\"}]},{\"@type\":\"WebSite\",\"@id\":\"https:\\\/\\\/staging.cdsboutique.com\\\/#website\",\"url\":\"https:\\\/\\\/staging.cdsboutique.com\\\/\",\"name\":\"CDS boutique A\u00een\u00e9s\",\"description\":\"Pour une meilleure qualit\u00e9 de vie\",\"publisher\":{\"@id\":\"https:\\\/\\\/staging.cdsboutique.com\\\/#organization\"},\"potentialAction\":[{\"@type\":\"SearchAction\",\"target\":{\"@type\":\"EntryPoint\",\"urlTemplate\":\"https:\\\/\\\/staging.cdsboutique.com\\\/?s={search_term_string}\"},\"query-input\":{\"@type\":\"PropertyValueSpecification\",\"valueRequired\":true,\"valueName\":\"search_term_string\"}}],\"inLanguage\":\"en-US\"},{\"@type\":\"Organization\",\"@id\":\"https:\\\/\\\/staging.cdsboutique.com\\\/#organization\",\"name\":\"CDS Boutique\",\"url\":\"https:\\\/\\\/staging.cdsboutique.com\\\/\",\"logo\":{\"@type\":\"ImageObject\",\"inLanguage\":\"en-US\",\"@id\":\"https:\\\/\\\/staging.cdsboutique.com\\\/#\\\/schema\\\/logo\\\/image\\\/\",\"url\":\"https:\\\/\\\/staging.cdsboutique.com\\\/wp-content\\\/uploads\\\/2024\\\/09\\\/logoCDS-Boutique_final2024.jpg\",\"contentUrl\":\"https:\\\/\\\/staging.cdsboutique.com\\\/wp-content\\\/uploads\\\/2024\\\/09\\\/logoCDS-Boutique_final2024.jpg\",\"width\":900,\"height\":600,\"caption\":\"CDS Boutique\"},\"image\":{\"@id\":\"https:\\\/\\\/staging.cdsboutique.com\\\/#\\\/schema\\\/logo\\\/image\\\/\"},\"sameAs\":[\"https:\\\/\\\/www.facebook.com\\\/CDSBoutique.Aines.Seniors\",\"https:\\\/\\\/www.youtube.com\\\/@cdsboutique4046\",\"https:\\\/\\\/www.linkedin.com\\\/company\\\/cds-boutique\\\/\",\"https:\\\/\\\/www.instagram.com\\\/cdsboutique\\\/\"]}]}<\/script>\n<!-- \/ Yoast SEO plugin. -->","yoast_head_json":{"title":"Terms & Condition - CDS boutique A\u00een\u00e9s","robots":{"index":"noindex","follow":"follow","max-snippet":"max-snippet:-1","max-image-preview":"max-image-preview:large","max-video-preview":"max-video-preview:-1"},"og_locale":"en_US","og_type":"article","og_title":"Terms & Condition - CDS boutique A\u00een\u00e9s","og_description":"Terms &amp; conditions Crucial information for your shopping experience! IMPORTANT: Please note that since January 2024, CDS Boutique no longer accepts orders under $50 before taxes. Thank you for your understanding. Prices We will make every effort to maintain the prices on this website.However, note that prices on the website prevail over those in the [&hellip;]","og_url":"https:\/\/staging.cdsboutique.com\/en\/terms-conditions\/","og_site_name":"CDS boutique A\u00een\u00e9s","article_publisher":"https:\/\/www.facebook.com\/CDSBoutique.Aines.Seniors","article_modified_time":"2026-02-20T14:53:47+00:00","og_image":[{"width":2560,"height":1707,"url":"https:\/\/staging.cdsboutique.com\/wp-content\/uploads\/2025\/11\/L0A1051-scaled.jpg","type":"image\/jpeg"}],"twitter_card":"summary_large_image","twitter_misc":{"Est. reading time":"5 minutes"},"schema":{"@context":"https:\/\/schema.org","@graph":[{"@type":"WebPage","@id":"https:\/\/staging.cdsboutique.com\/en\/terms-conditions\/","url":"https:\/\/staging.cdsboutique.com\/en\/terms-conditions\/","name":"Terms & Condition - CDS boutique A\u00een\u00e9s","isPartOf":{"@id":"https:\/\/staging.cdsboutique.com\/#website"},"datePublished":"2023-09-01T19:17:03+00:00","dateModified":"2026-02-20T14:53:47+00:00","breadcrumb":{"@id":"https:\/\/staging.cdsboutique.com\/en\/terms-conditions\/#breadcrumb"},"inLanguage":"en-US","potentialAction":[{"@type":"ReadAction","target":["https:\/\/staging.cdsboutique.com\/en\/terms-conditions\/"]}]},{"@type":"BreadcrumbList","@id":"https:\/\/staging.cdsboutique.com\/en\/terms-conditions\/#breadcrumb","itemListElement":[{"@type":"ListItem","position":1,"name":"Home","item":"https:\/\/staging.cdsboutique.com\/en\/"},{"@type":"ListItem","position":2,"name":"Terms &#038; Condition"}]},{"@type":"WebSite","@id":"https:\/\/staging.cdsboutique.com\/#website","url":"https:\/\/staging.cdsboutique.com\/","name":"CDS boutique A\u00een\u00e9s","description":"Pour une meilleure qualit\u00e9 de vie","publisher":{"@id":"https:\/\/staging.cdsboutique.com\/#organization"},"potentialAction":[{"@type":"SearchAction","target":{"@type":"EntryPoint","urlTemplate":"https:\/\/staging.cdsboutique.com\/?s={search_term_string}"},"query-input":{"@type":"PropertyValueSpecification","valueRequired":true,"valueName":"search_term_string"}}],"inLanguage":"en-US"},{"@type":"Organization","@id":"https:\/\/staging.cdsboutique.com\/#organization","name":"CDS Boutique","url":"https:\/\/staging.cdsboutique.com\/","logo":{"@type":"ImageObject","inLanguage":"en-US","@id":"https:\/\/staging.cdsboutique.com\/#\/schema\/logo\/image\/","url":"https:\/\/staging.cdsboutique.com\/wp-content\/uploads\/2024\/09\/logoCDS-Boutique_final2024.jpg","contentUrl":"https:\/\/staging.cdsboutique.com\/wp-content\/uploads\/2024\/09\/logoCDS-Boutique_final2024.jpg","width":900,"height":600,"caption":"CDS Boutique"},"image":{"@id":"https:\/\/staging.cdsboutique.com\/#\/schema\/logo\/image\/"},"sameAs":["https:\/\/www.facebook.com\/CDSBoutique.Aines.Seniors","https:\/\/www.youtube.com\/@cdsboutique4046","https:\/\/www.linkedin.com\/company\/cds-boutique\/","https:\/\/www.instagram.com\/cdsboutique\/"]}]}},"_links":{"self":[{"href":"https:\/\/staging.cdsboutique.com\/en\/wp-json\/wp\/v2\/pages\/54082","targetHints":{"allow":["GET"]}}],"collection":[{"href":"https:\/\/staging.cdsboutique.com\/en\/wp-json\/wp\/v2\/pages"}],"about":[{"href":"https:\/\/staging.cdsboutique.com\/en\/wp-json\/wp\/v2\/types\/page"}],"author":[{"embeddable":true,"href":"https:\/\/staging.cdsboutique.com\/en\/wp-json\/wp\/v2\/users\/24"}],"replies":[{"embeddable":true,"href":"https:\/\/staging.cdsboutique.com\/en\/wp-json\/wp\/v2\/comments?post=54082"}],"version-history":[{"count":4,"href":"https:\/\/staging.cdsboutique.com\/en\/wp-json\/wp\/v2\/pages\/54082\/revisions"}],"predecessor-version":[{"id":72245,"href":"https:\/\/staging.cdsboutique.com\/en\/wp-json\/wp\/v2\/pages\/54082\/revisions\/72245"}],"wp:attachment":[{"href":"https:\/\/staging.cdsboutique.com\/en\/wp-json\/wp\/v2\/media?parent=54082"}],"wp:term":[{"taxonomy":"category","embeddable":true,"href":"https:\/\/staging.cdsboutique.com\/en\/wp-json\/wp\/v2\/categories?post=54082"},{"taxonomy":"post_tag","embeddable":true,"href":"https:\/\/staging.cdsboutique.com\/en\/wp-json\/wp\/v2\/tags?post=54082"}],"curies":[{"name":"wp","href":"https:\/\/api.w.org\/{rel}","templated":true}]}}