{"id":55896,"date":"2023-12-06T15:35:49","date_gmt":"2023-12-06T20:35:49","guid":{"rendered":"https:\/\/cdsboutique.com\/?page_id=55896"},"modified":"2026-01-23T11:29:10","modified_gmt":"2026-01-23T16:29:10","slug":"about-us-kids","status":"publish","type":"page","link":"https:\/\/staging.cdsboutique.com\/en\/about-us-kids\/","title":{"rendered":"About us-kids"},"content":{"rendered":"\n<div class=\"wp-block-stackable-columns stk-block-columns stk-block stk-b611abd\" data-block-id=\"b611abd\" data-block-type=\"core\" data-block-type=\"core\"><div class=\"stk-row stk-inner-blocks stk-block-content stk-content-align stk-b611abd-column\">\n<div class=\"wp-block-stackable-column stk-block-column stk-column stk-block stk-d21344d\" data-v=\"4\" data-block-id=\"d21344d\"><div class=\"stk-column-wrapper stk-block-column__content stk-container stk-d21344d-container stk--no-background stk--no-padding\"><div class=\"stk-block-content stk-inner-blocks stk-d21344d-inner-blocks\">\n<div class=\"wp-block-stackable-columns stk-block-columns stk-block stk-08429a2 container-large\" data-block-id=\"08429a2\"><style>.stk-08429a2 {margin-right:10% !important;margin-left:10% !important;}@media screen and (max-width: 767px){.stk-08429a2 {margin-right:5% !important;margin-left:5% !important;}}<\/style><div class=\"stk-row stk-inner-blocks stk-block-content stk-content-align stk-08429a2-column\">\n<div class=\"wp-block-stackable-column stk-block-column stk-column stk-block stk-0f25a64\" data-v=\"4\" data-block-id=\"0f25a64\"><style>@media screen and (max-width: 767px){.stk-0f25a64 {margin-right:0% !important;margin-left:0% !important;}}<\/style><div class=\"stk-column-wrapper stk-block-column__content stk-container stk-0f25a64-container stk--no-background stk--no-padding\"><div class=\"stk-block-content stk-inner-blocks stk-0f25a64-inner-blocks\">\n<div class=\"wp-block-stackable-columns stk-block-columns stk-block stk-9295eb6 stk-block-background\" data-block-id=\"9295eb6\"><style>.stk-9295eb6 {border-top-left-radius:15px !important;border-top-right-radius:15px !important;border-bottom-right-radius:15px !important;border-bottom-left-radius:15px !important;overflow:hidden !important;margin-right:5% !important;margin-left:5% !important;}<\/style><div class=\"stk-row stk-inner-blocks stk-block-content stk-content-align stk-9295eb6-column\">\n<div class=\"wp-block-stackable-column stk-block-column stk-column stk-block stk-d380b0c\" data-v=\"4\" data-block-id=\"d380b0c\"><style>.stk-d380b0c {padding-top:30px !important;padding-right:30px !important;padding-bottom:30px !important;padding-left:30px !important;}<\/style><div class=\"stk-column-wrapper stk-block-column__content stk-container stk-d380b0c-container stk--no-background stk--no-padding\"><div class=\"stk-block-content stk-inner-blocks stk-d380b0c-inner-blocks\">\n<div class=\"wp-block-stackable-heading stk-block-heading stk-block-heading--v2 stk-block stk-dbf7130\" id=\"span-style-color-var-stk-global-color-3600-6-e-9632-class-stk-highlight-since-over-30-years-span-cds-boutique-is-your-resource-for-sensory-stimulation\" data-block-id=\"dbf7130\"><h2 class=\"stk-block-heading__text has-text-align-center\"><span style=\"color: var(--stk-global-color-3600, #6e9632);\" class=\"stk-highlight\">Since over 30 years,<\/span> CDS Boutique is your resource for sensory stimulation!<\/h2><\/div>\n\n\n\n<p data-block-type=\"core\">It all started in 1992 when CDS Boutique was founded based on a specific idea: to provide seniors and children with varying levels of autonomy access to tools for stimulation, assistance, and leisure adapted to their needs. Over time, a passionate team with family values has built itself around the DNA of CDS Boutique, allowing it, day after day, to pursue its mission: &#8220;for a better quality of life!&#8221; <\/p>\n\n\n\n<p data-block-type=\"core\">The identity of the company is built on four fundamental values that support each of its actions and decisions:<\/p>\n\n\n\n<ul class=\"wp-block-list\" data-block-type=\"core\">\n<li data-block-type=\"core\">Passion: Actively maintain the passion that has existed since 1992 to fuel perseverance, well-being, and creativity.<\/li>\n\n\n\n<li data-block-type=\"core\">Competence: Establish a team that masters and applies the three dimensions of competence, namely knowledge, know-how, and interpersonal skills. Invest in the development of expertise, value experiences and knowledge, and celebrate attitudes aligned with our philosophy to stand out and maintain our position as a leader in the industry.<\/li>\n\n\n\n<li data-block-type=\"core\">Proximity: Maintain a trusting relationship with our clientele and collaborators to offer them a personalized approach and quality service.<\/li>\n\n\n\n<li data-block-type=\"core\">Innovation: Constantly improve our offerings by generating added value for our clientele. Coordinate our search for innovative products with the needs of the community.<\/li>\n<\/ul>\n<\/div><\/div><\/div>\n<\/div><\/div>\n<\/div><\/div><\/div>\n<\/div><\/div>\n<\/div><\/div><\/div>\n<\/div><\/div>\n","protected":false},"excerpt":{"rendered":"","protected":false},"author":2,"featured_media":40101,"parent":0,"menu_order":0,"comment_status":"closed","ping_status":"closed","template":"template-solutions-enfants.php","meta":{"_acf_changed":false,"footnotes":""},"categories":[4632,4723],"tags":[],"class_list":["post-55896","page","type-page","status-publish","has-post-thumbnail","hentry","category-kids","category-kids-en"],"acf":[],"featured_image_urls_v2":{"full":["https:\/\/staging.cdsboutique.com\/wp-content\/uploads\/2021\/06\/LOGO_CDSBoutique.png",1420,850,false],"thumbnail":["https:\/\/staging.cdsboutique.com\/wp-content\/uploads\/2021\/06\/LOGO_CDSBoutique-150x150.png",150,150,true],"medium":["https:\/\/staging.cdsboutique.com\/wp-content\/uploads\/2021\/06\/LOGO_CDSBoutique-300x180.png",300,180,true],"medium_large":["https:\/\/staging.cdsboutique.com\/wp-content\/uploads\/2021\/06\/LOGO_CDSBoutique-768x460.png",768,460,true],"large":["https:\/\/staging.cdsboutique.com\/wp-content\/uploads\/2021\/06\/LOGO_CDSBoutique-1024x613.png",980,587,true],"1536x1536":["https:\/\/staging.cdsboutique.com\/wp-content\/uploads\/2021\/06\/LOGO_CDSBoutique.png",1420,850,false],"2048x2048":["https:\/\/staging.cdsboutique.com\/wp-content\/uploads\/2021\/06\/LOGO_CDSBoutique.png",1420,850,false],"gform-image-choice-sm":["https:\/\/staging.cdsboutique.com\/wp-content\/uploads\/2021\/06\/LOGO_CDSBoutique.png",300,180,false],"gform-image-choice-md":["https:\/\/staging.cdsboutique.com\/wp-content\/uploads\/2021\/06\/LOGO_CDSBoutique.png",400,239,false],"gform-image-choice-lg":["https:\/\/staging.cdsboutique.com\/wp-content\/uploads\/2021\/06\/LOGO_CDSBoutique.png",600,359,false],"woocommerce_thumbnail":["https:\/\/staging.cdsboutique.com\/wp-content\/uploads\/2021\/06\/LOGO_CDSBoutique-300x180.png",300,180,true],"woocommerce_single":["https:\/\/staging.cdsboutique.com\/wp-content\/uploads\/2021\/06\/LOGO_CDSBoutique-600x359.png",600,359,true],"woocommerce_gallery_thumbnail":["https:\/\/staging.cdsboutique.com\/wp-content\/uploads\/2021\/06\/LOGO_CDSBoutique-100x100.png",100,100,true],"variation_swatches_image_size":["https:\/\/staging.cdsboutique.com\/wp-content\/uploads\/2021\/06\/LOGO_CDSBoutique.png",50,30,false],"variation_swatches_tooltip_size":["https:\/\/staging.cdsboutique.com\/wp-content\/uploads\/2021\/06\/LOGO_CDSBoutique.png",100,60,false],"logo-size":["https:\/\/staging.cdsboutique.com\/wp-content\/uploads\/2021\/06\/LOGO_CDSBoutique-130x78.png",130,78,true],"blog":["https:\/\/staging.cdsboutique.com\/wp-content\/uploads\/2021\/06\/LOGO_CDSBoutique-350x260.png",350,260,true]},"post_excerpt_stackable_v2":"<p>Since over 30 years, CDS Boutique is your resource for sensory stimulation! It all started in 1992 when CDS Boutique was founded based on a specific idea: to provide seniors and children with varying levels of autonomy access to tools for stimulation, assistance, and leisure adapted to their needs. Over time, a passionate team with family values has built itself around the DNA of CDS Boutique, allowing it, day after day, to pursue its mission: &#8220;for a better quality of life!&#8221; The identity of the company is built on four fundamental values that support each of its actions and decisions:&hellip;<\/p>\n","category_list_v2":"<a href=\"https:\/\/staging.cdsboutique.com\/en\/category\/kids\/\" rel=\"category tag\">Kids<\/a>, <a href=\"https:\/\/staging.cdsboutique.com\/en\/category\/kids-en\/\" rel=\"category tag\">Kids<\/a>","author_info_v2":{"name":"Amazone","url":"https:\/\/staging.cdsboutique.com\/en\/author\/amazone\/"},"comments_num_v2":"0 comments","yoast_head":"<!-- This site is optimized with the Yoast SEO plugin v27.4 - https:\/\/yoast.com\/product\/yoast-seo-wordpress\/ -->\n<title>About us-kids - CDS Boutique<\/title>\n<meta name=\"description\" content=\"CDS Boutique cares about the wellbeing of kids living with special needs and disabilities. We understand the needs of children, check us out!\" \/>\n<meta name=\"robots\" content=\"noindex, follow, max-snippet:-1, max-image-preview:large, max-video-preview:-1\" \/>\n<meta property=\"og:locale\" content=\"en_US\" \/>\n<meta property=\"og:type\" content=\"article\" \/>\n<meta property=\"og:title\" content=\"About us-kids - CDS Boutique\" \/>\n<meta property=\"og:description\" content=\"CDS Boutique cares about the wellbeing of kids living with special needs and disabilities. We understand the needs of children, check us out!\" \/>\n<meta property=\"og:url\" content=\"https:\/\/staging.cdsboutique.com\/en\/about-us-kids\/\" \/>\n<meta property=\"og:site_name\" content=\"CDS boutique A\u00een\u00e9s\" \/>\n<meta property=\"article:publisher\" content=\"https:\/\/www.facebook.com\/CDSBoutique.Aines.Seniors\" \/>\n<meta property=\"article:modified_time\" content=\"2026-01-23T16:29:10+00:00\" \/>\n<meta property=\"og:image\" content=\"https:\/\/staging.cdsboutique.com\/wp-content\/uploads\/2021\/06\/LOGO_CDSBoutique.png?_t=1769185750\" \/>\n\t<meta property=\"og:image:width\" content=\"1420\" \/>\n\t<meta property=\"og:image:height\" content=\"850\" \/>\n\t<meta property=\"og:image:type\" content=\"image\/png\" \/>\n<meta name=\"twitter:card\" content=\"summary_large_image\" \/>\n<meta name=\"twitter:label1\" content=\"Est. reading time\" \/>\n\t<meta name=\"twitter:data1\" content=\"1 minute\" \/>\n<script type=\"application\/ld+json\" class=\"yoast-schema-graph\">{\"@context\":\"https:\\\/\\\/schema.org\",\"@graph\":[{\"@type\":\"WebPage\",\"@id\":\"https:\\\/\\\/staging.cdsboutique.com\\\/en\\\/about-us-kids\\\/\",\"url\":\"https:\\\/\\\/staging.cdsboutique.com\\\/en\\\/about-us-kids\\\/\",\"name\":\"About us-kids - CDS Boutique\",\"isPartOf\":{\"@id\":\"https:\\\/\\\/staging.cdsboutique.com\\\/#website\"},\"primaryImageOfPage\":{\"@id\":\"https:\\\/\\\/staging.cdsboutique.com\\\/en\\\/about-us-kids\\\/#primaryimage\"},\"image\":{\"@id\":\"https:\\\/\\\/staging.cdsboutique.com\\\/en\\\/about-us-kids\\\/#primaryimage\"},\"thumbnailUrl\":\"https:\\\/\\\/staging.cdsboutique.com\\\/wp-content\\\/uploads\\\/2021\\\/06\\\/LOGO_CDSBoutique.png\",\"datePublished\":\"2023-12-06T20:35:49+00:00\",\"dateModified\":\"2026-01-23T16:29:10+00:00\",\"description\":\"CDS Boutique cares about the wellbeing of kids living with special needs and disabilities. We understand the needs of children, check us out!\",\"breadcrumb\":{\"@id\":\"https:\\\/\\\/staging.cdsboutique.com\\\/en\\\/about-us-kids\\\/#breadcrumb\"},\"inLanguage\":\"en-US\",\"potentialAction\":[{\"@type\":\"ReadAction\",\"target\":[\"https:\\\/\\\/staging.cdsboutique.com\\\/en\\\/about-us-kids\\\/\"]}]},{\"@type\":\"ImageObject\",\"inLanguage\":\"en-US\",\"@id\":\"https:\\\/\\\/staging.cdsboutique.com\\\/en\\\/about-us-kids\\\/#primaryimage\",\"url\":\"https:\\\/\\\/staging.cdsboutique.com\\\/wp-content\\\/uploads\\\/2021\\\/06\\\/LOGO_CDSBoutique.png\",\"contentUrl\":\"https:\\\/\\\/staging.cdsboutique.com\\\/wp-content\\\/uploads\\\/2021\\\/06\\\/LOGO_CDSBoutique.png\",\"width\":1420,\"height\":850},{\"@type\":\"BreadcrumbList\",\"@id\":\"https:\\\/\\\/staging.cdsboutique.com\\\/en\\\/about-us-kids\\\/#breadcrumb\",\"itemListElement\":[{\"@type\":\"ListItem\",\"position\":1,\"name\":\"Home\",\"item\":\"https:\\\/\\\/staging.cdsboutique.com\\\/en\\\/\"},{\"@type\":\"ListItem\",\"position\":2,\"name\":\"About us-kids\"}]},{\"@type\":\"WebSite\",\"@id\":\"https:\\\/\\\/staging.cdsboutique.com\\\/#website\",\"url\":\"https:\\\/\\\/staging.cdsboutique.com\\\/\",\"name\":\"CDS boutique A\u00een\u00e9s\",\"description\":\"Pour une meilleure qualit\u00e9 de vie\",\"publisher\":{\"@id\":\"https:\\\/\\\/staging.cdsboutique.com\\\/#organization\"},\"potentialAction\":[{\"@type\":\"SearchAction\",\"target\":{\"@type\":\"EntryPoint\",\"urlTemplate\":\"https:\\\/\\\/staging.cdsboutique.com\\\/?s={search_term_string}\"},\"query-input\":{\"@type\":\"PropertyValueSpecification\",\"valueRequired\":true,\"valueName\":\"search_term_string\"}}],\"inLanguage\":\"en-US\"},{\"@type\":\"Organization\",\"@id\":\"https:\\\/\\\/staging.cdsboutique.com\\\/#organization\",\"name\":\"CDS Boutique\",\"url\":\"https:\\\/\\\/staging.cdsboutique.com\\\/\",\"logo\":{\"@type\":\"ImageObject\",\"inLanguage\":\"en-US\",\"@id\":\"https:\\\/\\\/staging.cdsboutique.com\\\/#\\\/schema\\\/logo\\\/image\\\/\",\"url\":\"https:\\\/\\\/staging.cdsboutique.com\\\/wp-content\\\/uploads\\\/2024\\\/09\\\/logoCDS-Boutique_final2024.jpg\",\"contentUrl\":\"https:\\\/\\\/staging.cdsboutique.com\\\/wp-content\\\/uploads\\\/2024\\\/09\\\/logoCDS-Boutique_final2024.jpg\",\"width\":900,\"height\":600,\"caption\":\"CDS Boutique\"},\"image\":{\"@id\":\"https:\\\/\\\/staging.cdsboutique.com\\\/#\\\/schema\\\/logo\\\/image\\\/\"},\"sameAs\":[\"https:\\\/\\\/www.facebook.com\\\/CDSBoutique.Aines.Seniors\",\"https:\\\/\\\/www.youtube.com\\\/@cdsboutique4046\",\"https:\\\/\\\/www.linkedin.com\\\/company\\\/cds-boutique\\\/\",\"https:\\\/\\\/www.instagram.com\\\/cdsboutique\\\/\"]}]}<\/script>\n<!-- \/ Yoast SEO plugin. -->","yoast_head_json":{"title":"About us-kids - CDS Boutique","description":"CDS Boutique cares about the wellbeing of kids living with special needs and disabilities. We understand the needs of children, check us out!","robots":{"index":"noindex","follow":"follow","max-snippet":"max-snippet:-1","max-image-preview":"max-image-preview:large","max-video-preview":"max-video-preview:-1"},"og_locale":"en_US","og_type":"article","og_title":"About us-kids - CDS Boutique","og_description":"CDS Boutique cares about the wellbeing of kids living with special needs and disabilities. We understand the needs of children, check us out!","og_url":"https:\/\/staging.cdsboutique.com\/en\/about-us-kids\/","og_site_name":"CDS boutique A\u00een\u00e9s","article_publisher":"https:\/\/www.facebook.com\/CDSBoutique.Aines.Seniors","article_modified_time":"2026-01-23T16:29:10+00:00","og_image":[{"width":1420,"height":850,"url":"https:\/\/staging.cdsboutique.com\/wp-content\/uploads\/2021\/06\/LOGO_CDSBoutique.png?_t=1769185750","type":"image\/png"}],"twitter_card":"summary_large_image","twitter_misc":{"Est. reading time":"1 minute"},"schema":{"@context":"https:\/\/schema.org","@graph":[{"@type":"WebPage","@id":"https:\/\/staging.cdsboutique.com\/en\/about-us-kids\/","url":"https:\/\/staging.cdsboutique.com\/en\/about-us-kids\/","name":"About us-kids - CDS Boutique","isPartOf":{"@id":"https:\/\/staging.cdsboutique.com\/#website"},"primaryImageOfPage":{"@id":"https:\/\/staging.cdsboutique.com\/en\/about-us-kids\/#primaryimage"},"image":{"@id":"https:\/\/staging.cdsboutique.com\/en\/about-us-kids\/#primaryimage"},"thumbnailUrl":"https:\/\/staging.cdsboutique.com\/wp-content\/uploads\/2021\/06\/LOGO_CDSBoutique.png","datePublished":"2023-12-06T20:35:49+00:00","dateModified":"2026-01-23T16:29:10+00:00","description":"CDS Boutique cares about the wellbeing of kids living with special needs and disabilities. We understand the needs of children, check us out!","breadcrumb":{"@id":"https:\/\/staging.cdsboutique.com\/en\/about-us-kids\/#breadcrumb"},"inLanguage":"en-US","potentialAction":[{"@type":"ReadAction","target":["https:\/\/staging.cdsboutique.com\/en\/about-us-kids\/"]}]},{"@type":"ImageObject","inLanguage":"en-US","@id":"https:\/\/staging.cdsboutique.com\/en\/about-us-kids\/#primaryimage","url":"https:\/\/staging.cdsboutique.com\/wp-content\/uploads\/2021\/06\/LOGO_CDSBoutique.png","contentUrl":"https:\/\/staging.cdsboutique.com\/wp-content\/uploads\/2021\/06\/LOGO_CDSBoutique.png","width":1420,"height":850},{"@type":"BreadcrumbList","@id":"https:\/\/staging.cdsboutique.com\/en\/about-us-kids\/#breadcrumb","itemListElement":[{"@type":"ListItem","position":1,"name":"Home","item":"https:\/\/staging.cdsboutique.com\/en\/"},{"@type":"ListItem","position":2,"name":"About us-kids"}]},{"@type":"WebSite","@id":"https:\/\/staging.cdsboutique.com\/#website","url":"https:\/\/staging.cdsboutique.com\/","name":"CDS boutique A\u00een\u00e9s","description":"Pour une meilleure qualit\u00e9 de vie","publisher":{"@id":"https:\/\/staging.cdsboutique.com\/#organization"},"potentialAction":[{"@type":"SearchAction","target":{"@type":"EntryPoint","urlTemplate":"https:\/\/staging.cdsboutique.com\/?s={search_term_string}"},"query-input":{"@type":"PropertyValueSpecification","valueRequired":true,"valueName":"search_term_string"}}],"inLanguage":"en-US"},{"@type":"Organization","@id":"https:\/\/staging.cdsboutique.com\/#organization","name":"CDS Boutique","url":"https:\/\/staging.cdsboutique.com\/","logo":{"@type":"ImageObject","inLanguage":"en-US","@id":"https:\/\/staging.cdsboutique.com\/#\/schema\/logo\/image\/","url":"https:\/\/staging.cdsboutique.com\/wp-content\/uploads\/2024\/09\/logoCDS-Boutique_final2024.jpg","contentUrl":"https:\/\/staging.cdsboutique.com\/wp-content\/uploads\/2024\/09\/logoCDS-Boutique_final2024.jpg","width":900,"height":600,"caption":"CDS Boutique"},"image":{"@id":"https:\/\/staging.cdsboutique.com\/#\/schema\/logo\/image\/"},"sameAs":["https:\/\/www.facebook.com\/CDSBoutique.Aines.Seniors","https:\/\/www.youtube.com\/@cdsboutique4046","https:\/\/www.linkedin.com\/company\/cds-boutique\/","https:\/\/www.instagram.com\/cdsboutique\/"]}]}},"_links":{"self":[{"href":"https:\/\/staging.cdsboutique.com\/en\/wp-json\/wp\/v2\/pages\/55896","targetHints":{"allow":["GET"]}}],"collection":[{"href":"https:\/\/staging.cdsboutique.com\/en\/wp-json\/wp\/v2\/pages"}],"about":[{"href":"https:\/\/staging.cdsboutique.com\/en\/wp-json\/wp\/v2\/types\/page"}],"author":[{"embeddable":true,"href":"https:\/\/staging.cdsboutique.com\/en\/wp-json\/wp\/v2\/users\/2"}],"replies":[{"embeddable":true,"href":"https:\/\/staging.cdsboutique.com\/en\/wp-json\/wp\/v2\/comments?post=55896"}],"version-history":[{"count":5,"href":"https:\/\/staging.cdsboutique.com\/en\/wp-json\/wp\/v2\/pages\/55896\/revisions"}],"predecessor-version":[{"id":71970,"href":"https:\/\/staging.cdsboutique.com\/en\/wp-json\/wp\/v2\/pages\/55896\/revisions\/71970"}],"wp:featuredmedia":[{"embeddable":true,"href":"https:\/\/staging.cdsboutique.com\/en\/wp-json\/wp\/v2\/media\/40101"}],"wp:attachment":[{"href":"https:\/\/staging.cdsboutique.com\/en\/wp-json\/wp\/v2\/media?parent=55896"}],"wp:term":[{"taxonomy":"category","embeddable":true,"href":"https:\/\/staging.cdsboutique.com\/en\/wp-json\/wp\/v2\/categories?post=55896"},{"taxonomy":"post_tag","embeddable":true,"href":"https:\/\/staging.cdsboutique.com\/en\/wp-json\/wp\/v2\/tags?post=55896"}],"curies":[{"name":"wp","href":"https:\/\/api.w.org\/{rel}","templated":true}]}}