{"id":22101,"date":"2020-11-20T09:36:36","date_gmt":"2020-11-20T16:53:20","guid":{"rendered":"https:\/\/cdsboutique.com\/produits\/candy\/"},"modified":"2026-01-08T10:38:28","modified_gmt":"2026-01-08T15:38:28","slug":"candy","status":"publish","type":"product","link":"https:\/\/staging.cdsboutique.com\/en\/produit\/candy\/","title":{"rendered":"Candy"},"content":{"rendered":"<p>&nbsp;<\/p>\n<p><strong>A great game for observation, visual discrimination and speed!<\/strong><\/p>\n<p>This colour matching game is a game of speed for your high-functioning residents but can be adapted to any of your other clientele. Players roll the 3 dice on which are printed colour dots.\u00a0They quickly identify the colours on the patterned wood pieces of candy, finding the candy with matching colours as quickly as possible. The duration of the game will depend on the player&#8217;s capacity.<\/p>\n<p>Details:<\/p>\n<ul>\n<li>Includes 1 soft round playing surface (diameter: 45 cm), 41 coloured wooden sweets\u00a0(2.5 x 7 cm),\u00a0and 3 colour dice.<\/li>\n<li>Age: 4 to 99 years old<\/li>\n<li>Number of players: 2 to 8<\/li>\n<li>Game: 10 minutes<\/li>\n<li>Dimensions:\u00a07.9 x 5.9 x 2.8 po (20 x 15 x 7 cm)<\/li>\n<\/ul>\n<h3>Also available in the XXL version!:\u00a0<a href=\"https:\/\/staging.cdsboutique.com\/en\/product\/candy-xxl\/\" title=\"\"><span style=\"text-decoration: underline;\">Candy XXL #15381-XXL<\/span><\/a><\/h3>\n","protected":false},"excerpt":{"rendered":"<p>&nbsp;<\/p>\n<p><strong>A great game for observation, visual discrimination and speed!<\/strong><\/p>\n<p>This colour matching game is a game of speed for your high-functioning residents but can be adapted to any of your other clientele. Players roll the 3 dice on which are printed colour dots.\u00a0They quickly identify the colours on the patterned wood pieces of candy, finding the candy with matching colours as quickly as possible. The duration of the game will depend on the player&#8217;s capacity.<\/p>\n<p>Details:<\/p>\n<ul>\n<li>Includes 1 soft round playing surface (diameter: 45 cm), 41 coloured wooden sweets\u00a0(2.5 x 7 cm),\u00a0and 3 colour dice.<\/li>\n<li>Age: 4 to 99 years old<\/li>\n<li>Number of players: 2 to 8<\/li>\n<li>Game: 10 minutes<\/li>\n<li>Dimensions:\u00a07.9 x 5.9 x 2.8 po (20 x 15 x 7 cm)<\/li>\n<\/ul>\n<h3>Also available in the XXL version!:\u00a0<a href=\"https:\/\/staging.cdsboutique.com\/en\/candy-xxl.html\"><span style=\"text-decoration: underline;\">Candy XXL #15381-XXL<\/span><\/a><\/h3>\n","protected":false},"featured_media":2590,"comment_status":"closed","ping_status":"closed","template":"","meta":{"_acf_changed":false},"product_brand":[],"product_cat":[4401,2805,2804],"product_tag":[],"class_list":{"0":"post-22101","1":"product","2":"type-product","3":"status-publish","4":"has-post-thumbnail","6":"product_cat-all","7":"product_cat-table-board-games","8":"product_cat-various-games","9":"product_shipping_class-frais-de-livraison-en","11":"first","12":"instock","13":"taxable","14":"shipping-taxable","15":"purchasable","16":"product-type-simple"},"bundled_by":[],"bundle_stock_status":"instock","bundle_stock_quantity":null,"bundle_virtual":false,"bundle_layout":"","bundle_add_to_cart_form_location":"","bundle_editable_in_cart":false,"bundle_sold_individually_context":"","bundle_item_grouping":"","bundle_min_size":"","bundle_max_size":"","bundle_price":[],"bundled_items":[],"bundle_sell_ids":[],"acf":[],"featured_image_urls_v2":{"full":["https:\/\/staging.cdsboutique.com\/wp-content\/uploads\/2020\/09\/15381.jpg",986,842,false],"thumbnail":["https:\/\/staging.cdsboutique.com\/wp-content\/uploads\/2020\/09\/15381-150x150.jpg",150,150,true],"medium":["https:\/\/staging.cdsboutique.com\/wp-content\/uploads\/2020\/09\/15381-300x256.jpg",300,256,true],"medium_large":["https:\/\/staging.cdsboutique.com\/wp-content\/uploads\/2020\/09\/15381-768x656.jpg",768,656,true],"large":["https:\/\/staging.cdsboutique.com\/wp-content\/uploads\/2020\/09\/15381.jpg",980,837,false],"1536x1536":["https:\/\/staging.cdsboutique.com\/wp-content\/uploads\/2020\/09\/15381.jpg",986,842,false],"2048x2048":["https:\/\/staging.cdsboutique.com\/wp-content\/uploads\/2020\/09\/15381.jpg",986,842,false],"gform-image-choice-sm":["https:\/\/staging.cdsboutique.com\/wp-content\/uploads\/2020\/09\/15381.jpg",300,256,false],"gform-image-choice-md":["https:\/\/staging.cdsboutique.com\/wp-content\/uploads\/2020\/09\/15381.jpg",400,342,false],"gform-image-choice-lg":["https:\/\/staging.cdsboutique.com\/wp-content\/uploads\/2020\/09\/15381.jpg",600,512,false],"woocommerce_thumbnail":["https:\/\/staging.cdsboutique.com\/wp-content\/uploads\/2020\/09\/15381-300x256.jpg",300,256,true],"woocommerce_single":["https:\/\/staging.cdsboutique.com\/wp-content\/uploads\/2020\/09\/15381-600x512.jpg",600,512,true],"woocommerce_gallery_thumbnail":["https:\/\/staging.cdsboutique.com\/wp-content\/uploads\/2020\/09\/15381-100x100.jpg",100,100,true],"variation_swatches_image_size":["https:\/\/staging.cdsboutique.com\/wp-content\/uploads\/2020\/09\/15381.jpg",50,43,false],"variation_swatches_tooltip_size":["https:\/\/staging.cdsboutique.com\/wp-content\/uploads\/2020\/09\/15381.jpg",100,85,false],"logo-size":["https:\/\/staging.cdsboutique.com\/wp-content\/uploads\/2020\/09\/15381-98x84.jpg",98,84,true],"blog":["https:\/\/staging.cdsboutique.com\/wp-content\/uploads\/2020\/09\/15381-350x260.jpg",350,260,true]},"post_excerpt_stackable_v2":"<p>&nbsp;<\/p>\n<p><strong>A great game for observation, visual discrimination and speed!<\/strong><\/p>\n<p>This colour matching game is a game of speed for your high-functioning residents but can be adapted to any of your other clientele. Players roll the 3 dice on which are printed colour dots.\u00a0They quickly identify the colours on the patterned wood pieces of candy, finding the candy with matching colours as quickly as possible. The duration of the game will depend on the player&#8217;s capacity.<\/p>\n<p>Details:<\/p>\n<ul>\n<li>Includes 1 soft round playing surface (diameter: 45 cm), 41 coloured wooden sweets\u00a0(2.5 x 7 cm),\u00a0and 3 colour dice.<\/li>\n<li>Age: 4 to 99 years old<\/li>\n<li>Number of players: 2 to 8<\/li>\n<li>Game: 10 minutes<\/li>\n<li>Dimensions:\u00a07.9 x 5.9 x 2.8 po (20 x 15 x 7 cm)<\/li>\n<\/ul>\n<h3>Also available in the XXL version!:\u00a0<a href=\"https:\/\/staging.cdsboutique.com\/en\/candy-xxl.html\"><span style=\"text-decoration: underline;\">Candy XXL #15381-XXL<\/span><\/a><\/h3>\n","category_list_v2":"","author_info_v2":{"name":"","url":""},"comments_num_v2":"1 comment","yoast_head":"<!-- This site is optimized with the Yoast SEO plugin v27.4 - https:\/\/yoast.com\/product\/yoast-seo-wordpress\/ -->\n<title>Candy - CDS boutique A\u00een\u00e9s<\/title>\n<meta name=\"description\" content=\"A great game for observation, visual discrimination and speed! This colour-matching game is a game of speed for your high-functioning residents but can be adapted to any of your other clientele.\" \/>\n<meta name=\"robots\" content=\"noindex, follow, max-snippet:-1, max-image-preview:large, max-video-preview:-1\" \/>\n<meta property=\"og:locale\" content=\"en_US\" \/>\n<meta property=\"og:type\" content=\"article\" \/>\n<meta property=\"og:title\" content=\"Candy - CDS boutique A\u00een\u00e9s\" \/>\n<meta property=\"og:description\" content=\"A great game for observation, visual discrimination and speed! This colour-matching game is a game of speed for your high-functioning residents but can be adapted to any of your other clientele.\" \/>\n<meta property=\"og:url\" content=\"https:\/\/staging.cdsboutique.com\/en\/product\/candy\/\" \/>\n<meta property=\"og:site_name\" content=\"CDS boutique A\u00een\u00e9s\" \/>\n<meta property=\"article:publisher\" content=\"https:\/\/www.facebook.com\/CDSBoutique.Aines.Seniors\" \/>\n<meta property=\"article:modified_time\" content=\"2026-01-08T15:38:28+00:00\" \/>\n<meta property=\"og:image\" content=\"https:\/\/staging.cdsboutique.com\/wp-content\/uploads\/2020\/09\/15381.jpg?_t=1701457175\" \/>\n\t<meta property=\"og:image:width\" content=\"986\" \/>\n\t<meta property=\"og:image:height\" content=\"842\" \/>\n\t<meta property=\"og:image:type\" content=\"image\/jpeg\" \/>\n<meta name=\"twitter:card\" content=\"summary_large_image\" \/>\n<meta name=\"twitter:label1\" content=\"Est. reading time\" \/>\n\t<meta name=\"twitter:data1\" content=\"1 minute\" \/>\n<script type=\"application\/ld+json\" class=\"yoast-schema-graph\">{\"@context\":\"https:\\\/\\\/schema.org\",\"@graph\":[{\"@type\":\"WebPage\",\"@id\":\"https:\\\/\\\/staging.cdsboutique.com\\\/en\\\/product\\\/candy\\\/\",\"url\":\"https:\\\/\\\/staging.cdsboutique.com\\\/en\\\/product\\\/candy\\\/\",\"name\":\"Candy - CDS boutique A\u00een\u00e9s\",\"isPartOf\":{\"@id\":\"https:\\\/\\\/staging.cdsboutique.com\\\/#website\"},\"primaryImageOfPage\":{\"@id\":\"https:\\\/\\\/staging.cdsboutique.com\\\/en\\\/product\\\/candy\\\/#primaryimage\"},\"image\":{\"@id\":\"https:\\\/\\\/staging.cdsboutique.com\\\/en\\\/product\\\/candy\\\/#primaryimage\"},\"thumbnailUrl\":\"https:\\\/\\\/staging.cdsboutique.com\\\/wp-content\\\/uploads\\\/2020\\\/09\\\/15381.jpg\",\"datePublished\":\"2020-11-20T16:53:20+00:00\",\"dateModified\":\"2026-01-08T15:38:28+00:00\",\"description\":\"A great game for observation, visual discrimination and speed! This colour-matching game is a game of speed for your high-functioning residents but can be adapted to any of your other clientele.\",\"breadcrumb\":{\"@id\":\"https:\\\/\\\/staging.cdsboutique.com\\\/en\\\/product\\\/candy\\\/#breadcrumb\"},\"inLanguage\":\"en-US\",\"potentialAction\":[{\"@type\":\"ReadAction\",\"target\":[\"https:\\\/\\\/staging.cdsboutique.com\\\/en\\\/product\\\/candy\\\/\"]}]},{\"@type\":\"ImageObject\",\"inLanguage\":\"en-US\",\"@id\":\"https:\\\/\\\/staging.cdsboutique.com\\\/en\\\/product\\\/candy\\\/#primaryimage\",\"url\":\"https:\\\/\\\/staging.cdsboutique.com\\\/wp-content\\\/uploads\\\/2020\\\/09\\\/15381.jpg\",\"contentUrl\":\"https:\\\/\\\/staging.cdsboutique.com\\\/wp-content\\\/uploads\\\/2020\\\/09\\\/15381.jpg\",\"width\":986,\"height\":842},{\"@type\":\"BreadcrumbList\",\"@id\":\"https:\\\/\\\/staging.cdsboutique.com\\\/en\\\/product\\\/candy\\\/#breadcrumb\",\"itemListElement\":[{\"@type\":\"ListItem\",\"position\":1,\"name\":\"Home\",\"item\":\"https:\\\/\\\/staging.cdsboutique.com\\\/en\\\/\"},{\"@type\":\"ListItem\",\"position\":2,\"name\":\"Products\",\"item\":\"https:\\\/\\\/staging.cdsboutique.com\\\/en\\\/products\\\/\"},{\"@type\":\"ListItem\",\"position\":3,\"name\":\"Candy\"}]},{\"@type\":\"WebSite\",\"@id\":\"https:\\\/\\\/staging.cdsboutique.com\\\/#website\",\"url\":\"https:\\\/\\\/staging.cdsboutique.com\\\/\",\"name\":\"CDS boutique A\u00een\u00e9s\",\"description\":\"Pour une meilleure qualit\u00e9 de vie\",\"publisher\":{\"@id\":\"https:\\\/\\\/staging.cdsboutique.com\\\/#organization\"},\"potentialAction\":[{\"@type\":\"SearchAction\",\"target\":{\"@type\":\"EntryPoint\",\"urlTemplate\":\"https:\\\/\\\/staging.cdsboutique.com\\\/?s={search_term_string}\"},\"query-input\":{\"@type\":\"PropertyValueSpecification\",\"valueRequired\":true,\"valueName\":\"search_term_string\"}}],\"inLanguage\":\"en-US\"},{\"@type\":\"Organization\",\"@id\":\"https:\\\/\\\/staging.cdsboutique.com\\\/#organization\",\"name\":\"CDS Boutique\",\"url\":\"https:\\\/\\\/staging.cdsboutique.com\\\/\",\"logo\":{\"@type\":\"ImageObject\",\"inLanguage\":\"en-US\",\"@id\":\"https:\\\/\\\/staging.cdsboutique.com\\\/#\\\/schema\\\/logo\\\/image\\\/\",\"url\":\"https:\\\/\\\/staging.cdsboutique.com\\\/wp-content\\\/uploads\\\/2024\\\/09\\\/logoCDS-Boutique_final2024.jpg\",\"contentUrl\":\"https:\\\/\\\/staging.cdsboutique.com\\\/wp-content\\\/uploads\\\/2024\\\/09\\\/logoCDS-Boutique_final2024.jpg\",\"width\":900,\"height\":600,\"caption\":\"CDS Boutique\"},\"image\":{\"@id\":\"https:\\\/\\\/staging.cdsboutique.com\\\/#\\\/schema\\\/logo\\\/image\\\/\"},\"sameAs\":[\"https:\\\/\\\/www.facebook.com\\\/CDSBoutique.Aines.Seniors\",\"https:\\\/\\\/www.youtube.com\\\/@cdsboutique4046\",\"https:\\\/\\\/www.linkedin.com\\\/company\\\/cds-boutique\\\/\",\"https:\\\/\\\/www.instagram.com\\\/cdsboutique\\\/\"]}]}<\/script>\n<!-- \/ Yoast SEO plugin. -->","yoast_head_json":{"title":"Candy - CDS boutique A\u00een\u00e9s","description":"A great game for observation, visual discrimination and speed! This colour-matching game is a game of speed for your high-functioning residents but can be adapted to any of your other clientele.","robots":{"index":"noindex","follow":"follow","max-snippet":"max-snippet:-1","max-image-preview":"max-image-preview:large","max-video-preview":"max-video-preview:-1"},"og_locale":"en_US","og_type":"article","og_title":"Candy - CDS boutique A\u00een\u00e9s","og_description":"A great game for observation, visual discrimination and speed! This colour-matching game is a game of speed for your high-functioning residents but can be adapted to any of your other clientele.","og_url":"https:\/\/staging.cdsboutique.com\/en\/product\/candy\/","og_site_name":"CDS boutique A\u00een\u00e9s","article_publisher":"https:\/\/www.facebook.com\/CDSBoutique.Aines.Seniors","article_modified_time":"2026-01-08T15:38:28+00:00","og_image":[{"width":986,"height":842,"url":"https:\/\/staging.cdsboutique.com\/wp-content\/uploads\/2020\/09\/15381.jpg?_t=1701457175","type":"image\/jpeg"}],"twitter_card":"summary_large_image","twitter_misc":{"Est. reading time":"1 minute"},"schema":{"@context":"https:\/\/schema.org","@graph":[{"@type":"WebPage","@id":"https:\/\/staging.cdsboutique.com\/en\/product\/candy\/","url":"https:\/\/staging.cdsboutique.com\/en\/product\/candy\/","name":"Candy - CDS boutique A\u00een\u00e9s","isPartOf":{"@id":"https:\/\/staging.cdsboutique.com\/#website"},"primaryImageOfPage":{"@id":"https:\/\/staging.cdsboutique.com\/en\/product\/candy\/#primaryimage"},"image":{"@id":"https:\/\/staging.cdsboutique.com\/en\/product\/candy\/#primaryimage"},"thumbnailUrl":"https:\/\/staging.cdsboutique.com\/wp-content\/uploads\/2020\/09\/15381.jpg","datePublished":"2020-11-20T16:53:20+00:00","dateModified":"2026-01-08T15:38:28+00:00","description":"A great game for observation, visual discrimination and speed! This colour-matching game is a game of speed for your high-functioning residents but can be adapted to any of your other clientele.","breadcrumb":{"@id":"https:\/\/staging.cdsboutique.com\/en\/product\/candy\/#breadcrumb"},"inLanguage":"en-US","potentialAction":[{"@type":"ReadAction","target":["https:\/\/staging.cdsboutique.com\/en\/product\/candy\/"]}]},{"@type":"ImageObject","inLanguage":"en-US","@id":"https:\/\/staging.cdsboutique.com\/en\/product\/candy\/#primaryimage","url":"https:\/\/staging.cdsboutique.com\/wp-content\/uploads\/2020\/09\/15381.jpg","contentUrl":"https:\/\/staging.cdsboutique.com\/wp-content\/uploads\/2020\/09\/15381.jpg","width":986,"height":842},{"@type":"BreadcrumbList","@id":"https:\/\/staging.cdsboutique.com\/en\/product\/candy\/#breadcrumb","itemListElement":[{"@type":"ListItem","position":1,"name":"Home","item":"https:\/\/staging.cdsboutique.com\/en\/"},{"@type":"ListItem","position":2,"name":"Products","item":"https:\/\/staging.cdsboutique.com\/en\/products\/"},{"@type":"ListItem","position":3,"name":"Candy"}]},{"@type":"WebSite","@id":"https:\/\/staging.cdsboutique.com\/#website","url":"https:\/\/staging.cdsboutique.com\/","name":"CDS boutique A\u00een\u00e9s","description":"Pour une meilleure qualit\u00e9 de vie","publisher":{"@id":"https:\/\/staging.cdsboutique.com\/#organization"},"potentialAction":[{"@type":"SearchAction","target":{"@type":"EntryPoint","urlTemplate":"https:\/\/staging.cdsboutique.com\/?s={search_term_string}"},"query-input":{"@type":"PropertyValueSpecification","valueRequired":true,"valueName":"search_term_string"}}],"inLanguage":"en-US"},{"@type":"Organization","@id":"https:\/\/staging.cdsboutique.com\/#organization","name":"CDS Boutique","url":"https:\/\/staging.cdsboutique.com\/","logo":{"@type":"ImageObject","inLanguage":"en-US","@id":"https:\/\/staging.cdsboutique.com\/#\/schema\/logo\/image\/","url":"https:\/\/staging.cdsboutique.com\/wp-content\/uploads\/2024\/09\/logoCDS-Boutique_final2024.jpg","contentUrl":"https:\/\/staging.cdsboutique.com\/wp-content\/uploads\/2024\/09\/logoCDS-Boutique_final2024.jpg","width":900,"height":600,"caption":"CDS Boutique"},"image":{"@id":"https:\/\/staging.cdsboutique.com\/#\/schema\/logo\/image\/"},"sameAs":["https:\/\/www.facebook.com\/CDSBoutique.Aines.Seniors","https:\/\/www.youtube.com\/@cdsboutique4046","https:\/\/www.linkedin.com\/company\/cds-boutique\/","https:\/\/www.instagram.com\/cdsboutique\/"]}]}},"_links":{"self":[{"href":"https:\/\/staging.cdsboutique.com\/en\/wp-json\/wp\/v2\/product\/22101","targetHints":{"allow":["GET"]}}],"collection":[{"href":"https:\/\/staging.cdsboutique.com\/en\/wp-json\/wp\/v2\/product"}],"about":[{"href":"https:\/\/staging.cdsboutique.com\/en\/wp-json\/wp\/v2\/types\/product"}],"replies":[{"embeddable":true,"href":"https:\/\/staging.cdsboutique.com\/en\/wp-json\/wp\/v2\/comments?post=22101"}],"wp:featuredmedia":[{"embeddable":true,"href":"https:\/\/staging.cdsboutique.com\/en\/wp-json\/wp\/v2\/media\/2590"}],"wp:attachment":[{"href":"https:\/\/staging.cdsboutique.com\/en\/wp-json\/wp\/v2\/media?parent=22101"}],"wp:term":[{"taxonomy":"product_brand","embeddable":true,"href":"https:\/\/staging.cdsboutique.com\/en\/wp-json\/wp\/v2\/product_brand?post=22101"},{"taxonomy":"product_cat","embeddable":true,"href":"https:\/\/staging.cdsboutique.com\/en\/wp-json\/wp\/v2\/product_cat?post=22101"},{"taxonomy":"product_tag","embeddable":true,"href":"https:\/\/staging.cdsboutique.com\/en\/wp-json\/wp\/v2\/product_tag?post=22101"}],"curies":[{"name":"wp","href":"https:\/\/api.w.org\/{rel}","templated":true}]}}