{"id":22104,"date":"2020-11-20T09:36:40","date_gmt":"2020-11-20T16:53:20","guid":{"rendered":"https:\/\/cdsboutique.com\/produits\/22104\/"},"modified":"2023-12-01T15:40:30","modified_gmt":"2023-12-01T20:40:30","slug":"tangramino","status":"publish","type":"product","link":"https:\/\/staging.cdsboutique.com\/en\/produit\/tangramino\/","title":{"rendered":"Tangramino"},"content":{"rendered":"<div class=\"flex flex-grow flex-col max-w-full\">\n<div class=\"min-h-[20px] text-message flex flex-col items-start gap-3 whitespace-pre-wrap break-words [.text-message+&amp;]:mt-5 overflow-x-auto\" data-message-author-role=\"assistant\" data-message-id=\"ba2c2d0e-e3f2-4b93-9556-6604bfbc36b6\">\n<div class=\"markdown prose w-full break-words dark:prose-invert light\">\n<p><strong><span data-preserver-spaces=\"true\">Many hours of play await your residents with Tangramino, a captivating and progressive game!<\/span><\/strong><\/p>\n<p><span data-preserver-spaces=\"true\">With over 64 levels to explore, this observation game is an exceptional tool to stimulate players&#8217; perseverance and skill.<\/span><\/p>\n<p><span data-preserver-spaces=\"true\">To begin the game, select a card and use the Geoblocks to recreate the shape displayed on the card. Progress to the next card once the current one is over.<\/span><\/p>\n<p><span data-preserver-spaces=\"true\">As the stages progress, the shapes to replicate become more complex, providing an additional challenge to the players.<\/span><\/p>\n<p><span data-preserver-spaces=\"true\">Tangramino is an ideal game for individuals with very mild to moderate cognitive deficits. It&#8217;s an engaging activity that promotes concentration and coordination.<\/span><\/p>\n<p><span data-preserver-spaces=\"true\">The brightly coloured pieces are large and easy to manipulate, making them perfect for fine motor skill development!<\/span><\/p>\n<p><span data-preserver-spaces=\"true\">Whether playing alone or in a group, Tangramino ensures enjoyable moments while preserving cognitive functions!<\/span><\/p>\n<p><span data-preserver-spaces=\"true\">Includes:<\/span><\/p>\n<ul>\n<li><span data-preserver-spaces=\"true\">18 sturdy plastic Geoblocks<\/span><\/li>\n<li><span data-preserver-spaces=\"true\">1 spiral-bound book containing 64 challenges<\/span><\/li>\n<li><span data-preserver-spaces=\"true\">1 instruction booklet<\/span><\/li>\n<\/ul>\n<\/div>\n<\/div>\n<\/div>\n","protected":false},"excerpt":{"rendered":"<p>Many hours of play await your residents with Tangramino, a captivating and progressive game! With over 64 levels to explore, this observation game is an exceptional tool to stimulate players&#8217; perseverance and skill. To begin the game, select a card and use the Geoblocks to recreate the shape displayed on the card. Progress to the [&hellip;]<\/p>\n","protected":false},"featured_media":55636,"comment_status":"closed","ping_status":"closed","template":"","meta":{"_acf_changed":false},"product_brand":[],"product_cat":[4401,2805,2810,2804],"product_tag":[],"class_list":{"0":"post-22104","1":"product","2":"type-product","3":"status-publish","4":"has-post-thumbnail","6":"product_cat-all","7":"product_cat-table-board-games","8":"product_cat-trivia-and-mind-games","9":"product_cat-various-games","10":"product_shipping_class-frais-de-livraison-en","12":"first","13":"instock","14":"taxable","15":"shipping-taxable","16":"purchasable","17":"product-type-simple"},"bundled_by":[],"bundle_stock_status":"instock","bundle_stock_quantity":null,"bundle_virtual":false,"bundle_layout":"","bundle_add_to_cart_form_location":"","bundle_editable_in_cart":false,"bundle_sold_individually_context":"","bundle_item_grouping":"","bundle_min_size":"","bundle_max_size":"","bundle_price":[],"bundled_items":[],"bundle_sell_ids":[],"acf":[],"featured_image_urls_v2":{"full":["https:\/\/staging.cdsboutique.com\/wp-content\/uploads\/2020\/11\/27416_tangranimo_1.jpg",1050,1050,false],"thumbnail":["https:\/\/staging.cdsboutique.com\/wp-content\/uploads\/2020\/11\/27416_tangranimo_1-150x150.jpg",150,150,true],"medium":["https:\/\/staging.cdsboutique.com\/wp-content\/uploads\/2020\/11\/27416_tangranimo_1-300x300.jpg",300,300,true],"medium_large":["https:\/\/staging.cdsboutique.com\/wp-content\/uploads\/2020\/11\/27416_tangranimo_1-768x768.jpg",768,768,true],"large":["https:\/\/staging.cdsboutique.com\/wp-content\/uploads\/2020\/11\/27416_tangranimo_1-1024x1024.jpg",980,980,true],"1536x1536":["https:\/\/staging.cdsboutique.com\/wp-content\/uploads\/2020\/11\/27416_tangranimo_1.jpg",1050,1050,false],"2048x2048":["https:\/\/staging.cdsboutique.com\/wp-content\/uploads\/2020\/11\/27416_tangranimo_1.jpg",1050,1050,false],"gform-image-choice-sm":["https:\/\/staging.cdsboutique.com\/wp-content\/uploads\/2020\/11\/27416_tangranimo_1.jpg",300,300,false],"gform-image-choice-md":["https:\/\/staging.cdsboutique.com\/wp-content\/uploads\/2020\/11\/27416_tangranimo_1.jpg",400,400,false],"gform-image-choice-lg":["https:\/\/staging.cdsboutique.com\/wp-content\/uploads\/2020\/11\/27416_tangranimo_1.jpg",600,600,false],"woocommerce_thumbnail":["https:\/\/staging.cdsboutique.com\/wp-content\/uploads\/2020\/11\/27416_tangranimo_1-300x300.jpg",300,300,true],"woocommerce_single":["https:\/\/staging.cdsboutique.com\/wp-content\/uploads\/2020\/11\/27416_tangranimo_1-600x600.jpg",600,600,true],"woocommerce_gallery_thumbnail":["https:\/\/staging.cdsboutique.com\/wp-content\/uploads\/2020\/11\/27416_tangranimo_1-100x100.jpg",100,100,true],"variation_swatches_image_size":["https:\/\/staging.cdsboutique.com\/wp-content\/uploads\/2020\/11\/27416_tangranimo_1-50x50.jpg",50,50,true],"variation_swatches_tooltip_size":["https:\/\/staging.cdsboutique.com\/wp-content\/uploads\/2020\/11\/27416_tangranimo_1-100x100.jpg",100,100,true],"logo-size":["https:\/\/staging.cdsboutique.com\/wp-content\/uploads\/2020\/11\/27416_tangranimo_1-84x84.jpg",84,84,true],"blog":["https:\/\/staging.cdsboutique.com\/wp-content\/uploads\/2020\/11\/27416_tangranimo_1-350x260.jpg",350,260,true]},"post_excerpt_stackable_v2":"<p>Many hours of play await your residents with Tangramino, a captivating and progressive game! With over 64 levels to explore, this observation game is an exceptional tool to stimulate players&#8217; perseverance and skill. To begin the game, select a card and use the Geoblocks to recreate the shape displayed on the card. Progress to the next card once the current one is over. As the stages progress, the shapes to replicate become more complex, providing an additional challenge to the players. Tangramino is an ideal game for individuals with very mild to moderate cognitive deficits. It&#8217;s an engaging activity that&hellip;<\/p>\n","category_list_v2":"","author_info_v2":{"name":"","url":""},"comments_num_v2":"0 comments","yoast_head":"<!-- This site is optimized with the Yoast SEO plugin v27.4 - https:\/\/yoast.com\/product\/yoast-seo-wordpress\/ -->\n<title>Tangramino - CDS boutique A\u00een\u00e9s<\/title>\n<meta name=\"description\" content=\"With over 64 levels to explore, Tangramino is an exceptional game to stimulate players&#039; perseverance and skill, a captivating and progressive game!\" \/>\n<meta name=\"robots\" content=\"noindex, follow, max-snippet:-1, max-image-preview:large, max-video-preview:-1\" \/>\n<meta property=\"og:locale\" content=\"en_US\" \/>\n<meta property=\"og:type\" content=\"article\" \/>\n<meta property=\"og:title\" content=\"Tangramino - CDS boutique A\u00een\u00e9s\" \/>\n<meta property=\"og:description\" content=\"With over 64 levels to explore, Tangramino is an exceptional game to stimulate players&#039; perseverance and skill, a captivating and progressive game!\" \/>\n<meta property=\"og:url\" content=\"https:\/\/staging.cdsboutique.com\/en\/product\/tangramino\/\" \/>\n<meta property=\"og:site_name\" content=\"CDS boutique A\u00een\u00e9s\" \/>\n<meta property=\"article:publisher\" content=\"https:\/\/www.facebook.com\/CDSBoutique.Aines.Seniors\" \/>\n<meta property=\"article:modified_time\" content=\"2023-12-01T20:40:30+00:00\" \/>\n<meta property=\"og:image\" content=\"https:\/\/staging.cdsboutique.com\/wp-content\/uploads\/2020\/11\/27416_tangranimo_1.jpg?_t=1701463231\" \/>\n\t<meta property=\"og:image:width\" content=\"1050\" \/>\n\t<meta property=\"og:image:height\" content=\"1050\" \/>\n\t<meta property=\"og:image:type\" content=\"image\/jpeg\" \/>\n<meta name=\"twitter:card\" content=\"summary_large_image\" \/>\n<meta name=\"twitter:label1\" content=\"Est. reading time\" \/>\n\t<meta name=\"twitter:data1\" content=\"1 minute\" \/>\n<script type=\"application\/ld+json\" class=\"yoast-schema-graph\">{\"@context\":\"https:\\\/\\\/schema.org\",\"@graph\":[{\"@type\":\"WebPage\",\"@id\":\"https:\\\/\\\/staging.cdsboutique.com\\\/en\\\/product\\\/tangramino\\\/\",\"url\":\"https:\\\/\\\/staging.cdsboutique.com\\\/en\\\/product\\\/tangramino\\\/\",\"name\":\"Tangramino - CDS boutique A\u00een\u00e9s\",\"isPartOf\":{\"@id\":\"https:\\\/\\\/staging.cdsboutique.com\\\/#website\"},\"primaryImageOfPage\":{\"@id\":\"https:\\\/\\\/staging.cdsboutique.com\\\/en\\\/product\\\/tangramino\\\/#primaryimage\"},\"image\":{\"@id\":\"https:\\\/\\\/staging.cdsboutique.com\\\/en\\\/product\\\/tangramino\\\/#primaryimage\"},\"thumbnailUrl\":\"https:\\\/\\\/staging.cdsboutique.com\\\/wp-content\\\/uploads\\\/2020\\\/11\\\/27416_tangranimo_1.jpg\",\"datePublished\":\"2020-11-20T16:53:20+00:00\",\"dateModified\":\"2023-12-01T20:40:30+00:00\",\"description\":\"With over 64 levels to explore, Tangramino is an exceptional game to stimulate players' perseverance and skill, a captivating and progressive game!\",\"breadcrumb\":{\"@id\":\"https:\\\/\\\/staging.cdsboutique.com\\\/en\\\/product\\\/tangramino\\\/#breadcrumb\"},\"inLanguage\":\"en-US\",\"potentialAction\":[{\"@type\":\"ReadAction\",\"target\":[\"https:\\\/\\\/staging.cdsboutique.com\\\/en\\\/product\\\/tangramino\\\/\"]}]},{\"@type\":\"ImageObject\",\"inLanguage\":\"en-US\",\"@id\":\"https:\\\/\\\/staging.cdsboutique.com\\\/en\\\/product\\\/tangramino\\\/#primaryimage\",\"url\":\"https:\\\/\\\/staging.cdsboutique.com\\\/wp-content\\\/uploads\\\/2020\\\/11\\\/27416_tangranimo_1.jpg\",\"contentUrl\":\"https:\\\/\\\/staging.cdsboutique.com\\\/wp-content\\\/uploads\\\/2020\\\/11\\\/27416_tangranimo_1.jpg\",\"width\":1050,\"height\":1050},{\"@type\":\"BreadcrumbList\",\"@id\":\"https:\\\/\\\/staging.cdsboutique.com\\\/en\\\/product\\\/tangramino\\\/#breadcrumb\",\"itemListElement\":[{\"@type\":\"ListItem\",\"position\":1,\"name\":\"Home\",\"item\":\"https:\\\/\\\/staging.cdsboutique.com\\\/en\\\/\"},{\"@type\":\"ListItem\",\"position\":2,\"name\":\"Products\",\"item\":\"https:\\\/\\\/staging.cdsboutique.com\\\/en\\\/products\\\/\"},{\"@type\":\"ListItem\",\"position\":3,\"name\":\"Tangramino\"}]},{\"@type\":\"WebSite\",\"@id\":\"https:\\\/\\\/staging.cdsboutique.com\\\/#website\",\"url\":\"https:\\\/\\\/staging.cdsboutique.com\\\/\",\"name\":\"CDS boutique A\u00een\u00e9s\",\"description\":\"Pour une meilleure qualit\u00e9 de vie\",\"publisher\":{\"@id\":\"https:\\\/\\\/staging.cdsboutique.com\\\/#organization\"},\"potentialAction\":[{\"@type\":\"SearchAction\",\"target\":{\"@type\":\"EntryPoint\",\"urlTemplate\":\"https:\\\/\\\/staging.cdsboutique.com\\\/?s={search_term_string}\"},\"query-input\":{\"@type\":\"PropertyValueSpecification\",\"valueRequired\":true,\"valueName\":\"search_term_string\"}}],\"inLanguage\":\"en-US\"},{\"@type\":\"Organization\",\"@id\":\"https:\\\/\\\/staging.cdsboutique.com\\\/#organization\",\"name\":\"CDS Boutique\",\"url\":\"https:\\\/\\\/staging.cdsboutique.com\\\/\",\"logo\":{\"@type\":\"ImageObject\",\"inLanguage\":\"en-US\",\"@id\":\"https:\\\/\\\/staging.cdsboutique.com\\\/#\\\/schema\\\/logo\\\/image\\\/\",\"url\":\"https:\\\/\\\/staging.cdsboutique.com\\\/wp-content\\\/uploads\\\/2024\\\/09\\\/logoCDS-Boutique_final2024.jpg\",\"contentUrl\":\"https:\\\/\\\/staging.cdsboutique.com\\\/wp-content\\\/uploads\\\/2024\\\/09\\\/logoCDS-Boutique_final2024.jpg\",\"width\":900,\"height\":600,\"caption\":\"CDS Boutique\"},\"image\":{\"@id\":\"https:\\\/\\\/staging.cdsboutique.com\\\/#\\\/schema\\\/logo\\\/image\\\/\"},\"sameAs\":[\"https:\\\/\\\/www.facebook.com\\\/CDSBoutique.Aines.Seniors\",\"https:\\\/\\\/www.youtube.com\\\/@cdsboutique4046\",\"https:\\\/\\\/www.linkedin.com\\\/company\\\/cds-boutique\\\/\",\"https:\\\/\\\/www.instagram.com\\\/cdsboutique\\\/\"]}]}<\/script>\n<!-- \/ Yoast SEO plugin. -->","yoast_head_json":{"title":"Tangramino - CDS boutique A\u00een\u00e9s","description":"With over 64 levels to explore, Tangramino is an exceptional game to stimulate players' perseverance and skill, a captivating and progressive game!","robots":{"index":"noindex","follow":"follow","max-snippet":"max-snippet:-1","max-image-preview":"max-image-preview:large","max-video-preview":"max-video-preview:-1"},"og_locale":"en_US","og_type":"article","og_title":"Tangramino - CDS boutique A\u00een\u00e9s","og_description":"With over 64 levels to explore, Tangramino is an exceptional game to stimulate players' perseverance and skill, a captivating and progressive game!","og_url":"https:\/\/staging.cdsboutique.com\/en\/product\/tangramino\/","og_site_name":"CDS boutique A\u00een\u00e9s","article_publisher":"https:\/\/www.facebook.com\/CDSBoutique.Aines.Seniors","article_modified_time":"2023-12-01T20:40:30+00:00","og_image":[{"width":1050,"height":1050,"url":"https:\/\/staging.cdsboutique.com\/wp-content\/uploads\/2020\/11\/27416_tangranimo_1.jpg?_t=1701463231","type":"image\/jpeg"}],"twitter_card":"summary_large_image","twitter_misc":{"Est. reading time":"1 minute"},"schema":{"@context":"https:\/\/schema.org","@graph":[{"@type":"WebPage","@id":"https:\/\/staging.cdsboutique.com\/en\/product\/tangramino\/","url":"https:\/\/staging.cdsboutique.com\/en\/product\/tangramino\/","name":"Tangramino - CDS boutique A\u00een\u00e9s","isPartOf":{"@id":"https:\/\/staging.cdsboutique.com\/#website"},"primaryImageOfPage":{"@id":"https:\/\/staging.cdsboutique.com\/en\/product\/tangramino\/#primaryimage"},"image":{"@id":"https:\/\/staging.cdsboutique.com\/en\/product\/tangramino\/#primaryimage"},"thumbnailUrl":"https:\/\/staging.cdsboutique.com\/wp-content\/uploads\/2020\/11\/27416_tangranimo_1.jpg","datePublished":"2020-11-20T16:53:20+00:00","dateModified":"2023-12-01T20:40:30+00:00","description":"With over 64 levels to explore, Tangramino is an exceptional game to stimulate players' perseverance and skill, a captivating and progressive game!","breadcrumb":{"@id":"https:\/\/staging.cdsboutique.com\/en\/product\/tangramino\/#breadcrumb"},"inLanguage":"en-US","potentialAction":[{"@type":"ReadAction","target":["https:\/\/staging.cdsboutique.com\/en\/product\/tangramino\/"]}]},{"@type":"ImageObject","inLanguage":"en-US","@id":"https:\/\/staging.cdsboutique.com\/en\/product\/tangramino\/#primaryimage","url":"https:\/\/staging.cdsboutique.com\/wp-content\/uploads\/2020\/11\/27416_tangranimo_1.jpg","contentUrl":"https:\/\/staging.cdsboutique.com\/wp-content\/uploads\/2020\/11\/27416_tangranimo_1.jpg","width":1050,"height":1050},{"@type":"BreadcrumbList","@id":"https:\/\/staging.cdsboutique.com\/en\/product\/tangramino\/#breadcrumb","itemListElement":[{"@type":"ListItem","position":1,"name":"Home","item":"https:\/\/staging.cdsboutique.com\/en\/"},{"@type":"ListItem","position":2,"name":"Products","item":"https:\/\/staging.cdsboutique.com\/en\/products\/"},{"@type":"ListItem","position":3,"name":"Tangramino"}]},{"@type":"WebSite","@id":"https:\/\/staging.cdsboutique.com\/#website","url":"https:\/\/staging.cdsboutique.com\/","name":"CDS boutique A\u00een\u00e9s","description":"Pour une meilleure qualit\u00e9 de vie","publisher":{"@id":"https:\/\/staging.cdsboutique.com\/#organization"},"potentialAction":[{"@type":"SearchAction","target":{"@type":"EntryPoint","urlTemplate":"https:\/\/staging.cdsboutique.com\/?s={search_term_string}"},"query-input":{"@type":"PropertyValueSpecification","valueRequired":true,"valueName":"search_term_string"}}],"inLanguage":"en-US"},{"@type":"Organization","@id":"https:\/\/staging.cdsboutique.com\/#organization","name":"CDS Boutique","url":"https:\/\/staging.cdsboutique.com\/","logo":{"@type":"ImageObject","inLanguage":"en-US","@id":"https:\/\/staging.cdsboutique.com\/#\/schema\/logo\/image\/","url":"https:\/\/staging.cdsboutique.com\/wp-content\/uploads\/2024\/09\/logoCDS-Boutique_final2024.jpg","contentUrl":"https:\/\/staging.cdsboutique.com\/wp-content\/uploads\/2024\/09\/logoCDS-Boutique_final2024.jpg","width":900,"height":600,"caption":"CDS Boutique"},"image":{"@id":"https:\/\/staging.cdsboutique.com\/#\/schema\/logo\/image\/"},"sameAs":["https:\/\/www.facebook.com\/CDSBoutique.Aines.Seniors","https:\/\/www.youtube.com\/@cdsboutique4046","https:\/\/www.linkedin.com\/company\/cds-boutique\/","https:\/\/www.instagram.com\/cdsboutique\/"]}]}},"_links":{"self":[{"href":"https:\/\/staging.cdsboutique.com\/en\/wp-json\/wp\/v2\/product\/22104","targetHints":{"allow":["GET"]}}],"collection":[{"href":"https:\/\/staging.cdsboutique.com\/en\/wp-json\/wp\/v2\/product"}],"about":[{"href":"https:\/\/staging.cdsboutique.com\/en\/wp-json\/wp\/v2\/types\/product"}],"replies":[{"embeddable":true,"href":"https:\/\/staging.cdsboutique.com\/en\/wp-json\/wp\/v2\/comments?post=22104"}],"wp:featuredmedia":[{"embeddable":true,"href":"https:\/\/staging.cdsboutique.com\/en\/wp-json\/wp\/v2\/media\/55636"}],"wp:attachment":[{"href":"https:\/\/staging.cdsboutique.com\/en\/wp-json\/wp\/v2\/media?parent=22104"}],"wp:term":[{"taxonomy":"product_brand","embeddable":true,"href":"https:\/\/staging.cdsboutique.com\/en\/wp-json\/wp\/v2\/product_brand?post=22104"},{"taxonomy":"product_cat","embeddable":true,"href":"https:\/\/staging.cdsboutique.com\/en\/wp-json\/wp\/v2\/product_cat?post=22104"},{"taxonomy":"product_tag","embeddable":true,"href":"https:\/\/staging.cdsboutique.com\/en\/wp-json\/wp\/v2\/product_tag?post=22104"}],"curies":[{"name":"wp","href":"https:\/\/api.w.org\/{rel}","templated":true}]}}