{"id":22124,"date":"2020-11-20T09:37:04","date_gmt":"2020-11-20T14:37:04","guid":{"rendered":"https:\/\/cdsboutique.com\/produits\/large-easy-read-slide-bingo-cards\/"},"modified":"2026-02-23T08:49:34","modified_gmt":"2026-02-23T13:49:34","slug":"large-easy-read-slide-bingo-cards","status":"publish","type":"product","link":"https:\/\/staging.cdsboutique.com\/en\/produit\/large-easy-read-slide-bingo-cards\/","title":{"rendered":"Large Easy Read Slide Bingo Cards"},"content":{"rendered":"<p><strong><span class=\"JsGRdQ\">BINGO CARDS EASY READ QUICK CLEAR <\/span><span class=\"JsGRdQ\">EXTRA HEAVY-DUTY 5-Ply card,<\/span><span class=\"JsGRdQ\"> 9&#8243; L x 8&#8243; W, <\/span><span class=\"JsGRdQ\">LARGE EASY READ numbers, <\/span><span class=\"JsGRdQ\">UNIQUE JAM PROOF slide window technology<\/span><span class=\"JsGRdQ\">,<\/span><span class=\"JsGRdQ\">\u00a0Now at <span style=\"color: #ff0000;\">99,95$\u00a0<\/span><\/span><\/strong><\/p>\n<p><strong>Improved <span style=\"text-decoration: underline;\">JAM PROOF Design<\/span>!<\/strong> The new shutter design is guaranteed to work smoothly <strong>all the time!<\/strong><\/p>\n<p><strong>Why use chips or ink daubers when you can have those fingertip slide bingo cards? <\/strong>All you have to do is slide the window over the number called and no more troubles.<\/p>\n<p>These very large 8&#8221; X 9&#8221; bingo cards have \u00be&#8221; numbers on them for your visually impaired residents. <em>Made of strong 5-ply cardboard. Sold in packs of 25 cards.<\/em><\/p>\n<p><span style=\"text-decoration: underline;\"><strong>Important<\/strong>: If this is not the first time you are ordering this product, please provide us with the card numbers located in the free square on the cards you already have.<\/span><\/p>\n<p>Click here for the economical ensemble:\u00a0<span style=\"text-decoration: underline;\"><span style=\"color: #3366ff;\"><a href=\"https:\/\/staging.cdsboutique.com\/en\/product\/large-easy-read-slide-bingo-cards-100-cards-set\/\" target=\"_blank\" rel=\"noopener noreferrer\" title=\"\"><span style=\"color: #3366ff; text-decoration: underline;\">#27036<\/span><\/a><\/span><\/span><\/p>\n<p><span style=\"color: #ffffff;\">V*<\/span><\/p>\n","protected":false},"excerpt":{"rendered":"<p>BINGO CARDS EASY READ QUICK CLEAR EXTRA HEAVY-DUTY 5-Ply card, 9&#8243; L x 8&#8243; W, LARGE EASY READ numbers, UNIQUE JAM PROOF slide window technology,\u00a0Now at 99,95$\u00a0 Improved JAM PROOF Design! The new shutter design is guaranteed to work smoothly all the time! Why use chips or ink daubers when you can have those fingertip [&hellip;]<\/p>\n","protected":false},"featured_media":7417,"comment_status":"closed","ping_status":"closed","template":"","meta":{"_acf_changed":false},"product_brand":[],"product_cat":[4401],"product_tag":[],"class_list":{"0":"post-22124","1":"product","2":"type-product","3":"status-publish","4":"has-post-thumbnail","6":"product_cat-all","7":"product_shipping_class-frais-de-livraison-en","9":"first","10":"instock","11":"taxable","12":"shipping-taxable","13":"purchasable","14":"product-type-simple"},"bundled_by":[],"bundle_stock_status":"instock","bundle_stock_quantity":null,"bundle_virtual":false,"bundle_layout":"","bundle_add_to_cart_form_location":"","bundle_editable_in_cart":false,"bundle_sold_individually_context":"","bundle_item_grouping":"","bundle_min_size":"","bundle_max_size":"","bundle_price":[],"bundled_items":[],"bundle_sell_ids":[],"acf":[],"featured_image_urls_v2":{"full":["https:\/\/staging.cdsboutique.com\/wp-content\/uploads\/2020\/09\/27036_carte_sl_3.jpg",1200,1293,false],"thumbnail":["https:\/\/staging.cdsboutique.com\/wp-content\/uploads\/2020\/09\/27036_carte_sl_3.jpg",139,150,false],"medium":["https:\/\/staging.cdsboutique.com\/wp-content\/uploads\/2020\/09\/27036_carte_sl_3.jpg",278,300,false],"medium_large":["https:\/\/staging.cdsboutique.com\/wp-content\/uploads\/2020\/09\/27036_carte_sl_3.jpg",768,828,false],"large":["https:\/\/staging.cdsboutique.com\/wp-content\/uploads\/2020\/09\/27036_carte_sl_3.jpg",950,1024,false],"1536x1536":["https:\/\/staging.cdsboutique.com\/wp-content\/uploads\/2020\/09\/27036_carte_sl_3.jpg",1200,1293,false],"2048x2048":["https:\/\/staging.cdsboutique.com\/wp-content\/uploads\/2020\/09\/27036_carte_sl_3.jpg",1200,1293,false],"gform-image-choice-sm":["https:\/\/staging.cdsboutique.com\/wp-content\/uploads\/2020\/09\/27036_carte_sl_3.jpg",278,300,false],"gform-image-choice-md":["https:\/\/staging.cdsboutique.com\/wp-content\/uploads\/2020\/09\/27036_carte_sl_3.jpg",371,400,false],"gform-image-choice-lg":["https:\/\/staging.cdsboutique.com\/wp-content\/uploads\/2020\/09\/27036_carte_sl_3.jpg",557,600,false],"woocommerce_thumbnail":["https:\/\/staging.cdsboutique.com\/wp-content\/uploads\/2020\/09\/27036_carte_sl_3-300x323.jpg",300,323,true],"woocommerce_single":["https:\/\/staging.cdsboutique.com\/wp-content\/uploads\/2020\/09\/27036_carte_sl_3-600x647.jpg",600,647,true],"woocommerce_gallery_thumbnail":["https:\/\/staging.cdsboutique.com\/wp-content\/uploads\/2020\/09\/27036_carte_sl_3-100x100.jpg",100,100,true],"variation_swatches_image_size":["https:\/\/staging.cdsboutique.com\/wp-content\/uploads\/2020\/09\/27036_carte_sl_3.jpg",46,50,false],"variation_swatches_tooltip_size":["https:\/\/staging.cdsboutique.com\/wp-content\/uploads\/2020\/09\/27036_carte_sl_3.jpg",93,100,false],"logo-size":["https:\/\/staging.cdsboutique.com\/wp-content\/uploads\/2020\/09\/27036_carte_sl_3.jpg",78,84,false],"blog":["https:\/\/staging.cdsboutique.com\/wp-content\/uploads\/2020\/09\/27036_carte_sl_3.jpg",241,260,false]},"post_excerpt_stackable_v2":"<p>BINGO CARDS EASY READ QUICK CLEAR EXTRA HEAVY-DUTY 5-Ply card, 9&#8243; L x 8&#8243; W, LARGE EASY READ numbers, UNIQUE JAM PROOF slide window technology,\u00a0Now at 99,95$\u00a0 Improved JAM PROOF Design! The new shutter design is guaranteed to work smoothly all the time! Why use chips or ink daubers when you can have those fingertip slide bingo cards? All you have to do is slide the window over the number called and no more troubles. These very large 8&#8221; X 9&#8221; bingo cards have \u00be&#8221; numbers on them for your visually impaired residents. Made of strong 5-ply cardboard. Sold in&hellip;<\/p>\n","category_list_v2":"","author_info_v2":{"name":"","url":""},"comments_num_v2":"3 comments","yoast_head":"<!-- This site is optimized with the Yoast SEO plugin v27.4 - https:\/\/yoast.com\/product\/yoast-seo-wordpress\/ -->\n<title>Large Easy Read Slide Bingo Cards - CDS boutique A\u00een\u00e9s<\/title>\n<meta name=\"robots\" content=\"noindex, follow, max-snippet:-1, max-image-preview:large, max-video-preview:-1\" \/>\n<meta property=\"og:locale\" content=\"en_US\" \/>\n<meta property=\"og:type\" content=\"article\" \/>\n<meta property=\"og:title\" content=\"Large Easy Read Slide Bingo Cards - CDS boutique A\u00een\u00e9s\" \/>\n<meta property=\"og:description\" content=\"BINGO CARDS EASY READ QUICK CLEAR EXTRA HEAVY-DUTY 5-Ply card, 9&#8243; L x 8&#8243; W, LARGE EASY READ numbers, UNIQUE JAM PROOF slide window technology,\u00a0Now at 99,95$\u00a0 Improved JAM PROOF Design! The new shutter design is guaranteed to work smoothly all the time! Why use chips or ink daubers when you can have those fingertip [&hellip;]\" \/>\n<meta property=\"og:url\" content=\"https:\/\/staging.cdsboutique.com\/en\/product\/large-easy-read-slide-bingo-cards\/\" \/>\n<meta property=\"og:site_name\" content=\"CDS boutique A\u00een\u00e9s\" \/>\n<meta property=\"article:publisher\" content=\"https:\/\/www.facebook.com\/CDSBoutique.Aines.Seniors\" \/>\n<meta property=\"article:modified_time\" content=\"2026-02-23T13:49:34+00:00\" \/>\n<meta property=\"og:image\" content=\"https:\/\/staging.cdsboutique.com\/wp-content\/uploads\/2020\/09\/27036_carte_sl_3.jpg?_t=1766436879\" \/>\n\t<meta property=\"og:image:width\" content=\"1200\" \/>\n\t<meta property=\"og:image:height\" content=\"1293\" \/>\n\t<meta property=\"og:image:type\" content=\"image\/jpeg\" \/>\n<meta name=\"twitter:card\" content=\"summary_large_image\" \/>\n<meta name=\"twitter:label1\" content=\"Est. reading time\" \/>\n\t<meta name=\"twitter:data1\" content=\"1 minute\" \/>\n<script type=\"application\/ld+json\" class=\"yoast-schema-graph\">{\"@context\":\"https:\\\/\\\/schema.org\",\"@graph\":[{\"@type\":\"WebPage\",\"@id\":\"https:\\\/\\\/staging.cdsboutique.com\\\/en\\\/product\\\/large-easy-read-slide-bingo-cards\\\/\",\"url\":\"https:\\\/\\\/staging.cdsboutique.com\\\/en\\\/product\\\/large-easy-read-slide-bingo-cards\\\/\",\"name\":\"Large Easy Read Slide Bingo Cards - CDS boutique A\u00een\u00e9s\",\"isPartOf\":{\"@id\":\"https:\\\/\\\/staging.cdsboutique.com\\\/#website\"},\"primaryImageOfPage\":{\"@id\":\"https:\\\/\\\/staging.cdsboutique.com\\\/en\\\/product\\\/large-easy-read-slide-bingo-cards\\\/#primaryimage\"},\"image\":{\"@id\":\"https:\\\/\\\/staging.cdsboutique.com\\\/en\\\/product\\\/large-easy-read-slide-bingo-cards\\\/#primaryimage\"},\"thumbnailUrl\":\"https:\\\/\\\/staging.cdsboutique.com\\\/wp-content\\\/uploads\\\/2020\\\/09\\\/27036_carte_sl_3.jpg\",\"datePublished\":\"2020-11-20T14:37:04+00:00\",\"dateModified\":\"2026-02-23T13:49:34+00:00\",\"breadcrumb\":{\"@id\":\"https:\\\/\\\/staging.cdsboutique.com\\\/en\\\/product\\\/large-easy-read-slide-bingo-cards\\\/#breadcrumb\"},\"inLanguage\":\"en-US\",\"potentialAction\":[{\"@type\":\"ReadAction\",\"target\":[\"https:\\\/\\\/staging.cdsboutique.com\\\/en\\\/product\\\/large-easy-read-slide-bingo-cards\\\/\"]}]},{\"@type\":\"ImageObject\",\"inLanguage\":\"en-US\",\"@id\":\"https:\\\/\\\/staging.cdsboutique.com\\\/en\\\/product\\\/large-easy-read-slide-bingo-cards\\\/#primaryimage\",\"url\":\"https:\\\/\\\/staging.cdsboutique.com\\\/wp-content\\\/uploads\\\/2020\\\/09\\\/27036_carte_sl_3.jpg\",\"contentUrl\":\"https:\\\/\\\/staging.cdsboutique.com\\\/wp-content\\\/uploads\\\/2020\\\/09\\\/27036_carte_sl_3.jpg\",\"width\":1200,\"height\":1293},{\"@type\":\"BreadcrumbList\",\"@id\":\"https:\\\/\\\/staging.cdsboutique.com\\\/en\\\/product\\\/large-easy-read-slide-bingo-cards\\\/#breadcrumb\",\"itemListElement\":[{\"@type\":\"ListItem\",\"position\":1,\"name\":\"Home\",\"item\":\"https:\\\/\\\/staging.cdsboutique.com\\\/en\\\/\"},{\"@type\":\"ListItem\",\"position\":2,\"name\":\"Products\",\"item\":\"https:\\\/\\\/staging.cdsboutique.com\\\/en\\\/products\\\/\"},{\"@type\":\"ListItem\",\"position\":3,\"name\":\"Large Easy Read Slide Bingo Cards\"}]},{\"@type\":\"WebSite\",\"@id\":\"https:\\\/\\\/staging.cdsboutique.com\\\/#website\",\"url\":\"https:\\\/\\\/staging.cdsboutique.com\\\/\",\"name\":\"CDS boutique A\u00een\u00e9s\",\"description\":\"Pour une meilleure qualit\u00e9 de vie\",\"publisher\":{\"@id\":\"https:\\\/\\\/staging.cdsboutique.com\\\/#organization\"},\"potentialAction\":[{\"@type\":\"SearchAction\",\"target\":{\"@type\":\"EntryPoint\",\"urlTemplate\":\"https:\\\/\\\/staging.cdsboutique.com\\\/?s={search_term_string}\"},\"query-input\":{\"@type\":\"PropertyValueSpecification\",\"valueRequired\":true,\"valueName\":\"search_term_string\"}}],\"inLanguage\":\"en-US\"},{\"@type\":\"Organization\",\"@id\":\"https:\\\/\\\/staging.cdsboutique.com\\\/#organization\",\"name\":\"CDS Boutique\",\"url\":\"https:\\\/\\\/staging.cdsboutique.com\\\/\",\"logo\":{\"@type\":\"ImageObject\",\"inLanguage\":\"en-US\",\"@id\":\"https:\\\/\\\/staging.cdsboutique.com\\\/#\\\/schema\\\/logo\\\/image\\\/\",\"url\":\"https:\\\/\\\/staging.cdsboutique.com\\\/wp-content\\\/uploads\\\/2024\\\/09\\\/logoCDS-Boutique_final2024.jpg\",\"contentUrl\":\"https:\\\/\\\/staging.cdsboutique.com\\\/wp-content\\\/uploads\\\/2024\\\/09\\\/logoCDS-Boutique_final2024.jpg\",\"width\":900,\"height\":600,\"caption\":\"CDS Boutique\"},\"image\":{\"@id\":\"https:\\\/\\\/staging.cdsboutique.com\\\/#\\\/schema\\\/logo\\\/image\\\/\"},\"sameAs\":[\"https:\\\/\\\/www.facebook.com\\\/CDSBoutique.Aines.Seniors\",\"https:\\\/\\\/www.youtube.com\\\/@cdsboutique4046\",\"https:\\\/\\\/www.linkedin.com\\\/company\\\/cds-boutique\\\/\",\"https:\\\/\\\/www.instagram.com\\\/cdsboutique\\\/\"]}]}<\/script>\n<!-- \/ Yoast SEO plugin. -->","yoast_head_json":{"title":"Large Easy Read Slide Bingo Cards - CDS boutique A\u00een\u00e9s","robots":{"index":"noindex","follow":"follow","max-snippet":"max-snippet:-1","max-image-preview":"max-image-preview:large","max-video-preview":"max-video-preview:-1"},"og_locale":"en_US","og_type":"article","og_title":"Large Easy Read Slide Bingo Cards - CDS boutique A\u00een\u00e9s","og_description":"BINGO CARDS EASY READ QUICK CLEAR EXTRA HEAVY-DUTY 5-Ply card, 9&#8243; L x 8&#8243; W, LARGE EASY READ numbers, UNIQUE JAM PROOF slide window technology,\u00a0Now at 99,95$\u00a0 Improved JAM PROOF Design! The new shutter design is guaranteed to work smoothly all the time! Why use chips or ink daubers when you can have those fingertip [&hellip;]","og_url":"https:\/\/staging.cdsboutique.com\/en\/product\/large-easy-read-slide-bingo-cards\/","og_site_name":"CDS boutique A\u00een\u00e9s","article_publisher":"https:\/\/www.facebook.com\/CDSBoutique.Aines.Seniors","article_modified_time":"2026-02-23T13:49:34+00:00","og_image":[{"width":1200,"height":1293,"url":"https:\/\/staging.cdsboutique.com\/wp-content\/uploads\/2020\/09\/27036_carte_sl_3.jpg?_t=1766436879","type":"image\/jpeg"}],"twitter_card":"summary_large_image","twitter_misc":{"Est. reading time":"1 minute"},"schema":{"@context":"https:\/\/schema.org","@graph":[{"@type":"WebPage","@id":"https:\/\/staging.cdsboutique.com\/en\/product\/large-easy-read-slide-bingo-cards\/","url":"https:\/\/staging.cdsboutique.com\/en\/product\/large-easy-read-slide-bingo-cards\/","name":"Large Easy Read Slide Bingo Cards - CDS boutique A\u00een\u00e9s","isPartOf":{"@id":"https:\/\/staging.cdsboutique.com\/#website"},"primaryImageOfPage":{"@id":"https:\/\/staging.cdsboutique.com\/en\/product\/large-easy-read-slide-bingo-cards\/#primaryimage"},"image":{"@id":"https:\/\/staging.cdsboutique.com\/en\/product\/large-easy-read-slide-bingo-cards\/#primaryimage"},"thumbnailUrl":"https:\/\/staging.cdsboutique.com\/wp-content\/uploads\/2020\/09\/27036_carte_sl_3.jpg","datePublished":"2020-11-20T14:37:04+00:00","dateModified":"2026-02-23T13:49:34+00:00","breadcrumb":{"@id":"https:\/\/staging.cdsboutique.com\/en\/product\/large-easy-read-slide-bingo-cards\/#breadcrumb"},"inLanguage":"en-US","potentialAction":[{"@type":"ReadAction","target":["https:\/\/staging.cdsboutique.com\/en\/product\/large-easy-read-slide-bingo-cards\/"]}]},{"@type":"ImageObject","inLanguage":"en-US","@id":"https:\/\/staging.cdsboutique.com\/en\/product\/large-easy-read-slide-bingo-cards\/#primaryimage","url":"https:\/\/staging.cdsboutique.com\/wp-content\/uploads\/2020\/09\/27036_carte_sl_3.jpg","contentUrl":"https:\/\/staging.cdsboutique.com\/wp-content\/uploads\/2020\/09\/27036_carte_sl_3.jpg","width":1200,"height":1293},{"@type":"BreadcrumbList","@id":"https:\/\/staging.cdsboutique.com\/en\/product\/large-easy-read-slide-bingo-cards\/#breadcrumb","itemListElement":[{"@type":"ListItem","position":1,"name":"Home","item":"https:\/\/staging.cdsboutique.com\/en\/"},{"@type":"ListItem","position":2,"name":"Products","item":"https:\/\/staging.cdsboutique.com\/en\/products\/"},{"@type":"ListItem","position":3,"name":"Large Easy Read Slide Bingo Cards"}]},{"@type":"WebSite","@id":"https:\/\/staging.cdsboutique.com\/#website","url":"https:\/\/staging.cdsboutique.com\/","name":"CDS boutique A\u00een\u00e9s","description":"Pour une meilleure qualit\u00e9 de vie","publisher":{"@id":"https:\/\/staging.cdsboutique.com\/#organization"},"potentialAction":[{"@type":"SearchAction","target":{"@type":"EntryPoint","urlTemplate":"https:\/\/staging.cdsboutique.com\/?s={search_term_string}"},"query-input":{"@type":"PropertyValueSpecification","valueRequired":true,"valueName":"search_term_string"}}],"inLanguage":"en-US"},{"@type":"Organization","@id":"https:\/\/staging.cdsboutique.com\/#organization","name":"CDS Boutique","url":"https:\/\/staging.cdsboutique.com\/","logo":{"@type":"ImageObject","inLanguage":"en-US","@id":"https:\/\/staging.cdsboutique.com\/#\/schema\/logo\/image\/","url":"https:\/\/staging.cdsboutique.com\/wp-content\/uploads\/2024\/09\/logoCDS-Boutique_final2024.jpg","contentUrl":"https:\/\/staging.cdsboutique.com\/wp-content\/uploads\/2024\/09\/logoCDS-Boutique_final2024.jpg","width":900,"height":600,"caption":"CDS Boutique"},"image":{"@id":"https:\/\/staging.cdsboutique.com\/#\/schema\/logo\/image\/"},"sameAs":["https:\/\/www.facebook.com\/CDSBoutique.Aines.Seniors","https:\/\/www.youtube.com\/@cdsboutique4046","https:\/\/www.linkedin.com\/company\/cds-boutique\/","https:\/\/www.instagram.com\/cdsboutique\/"]}]}},"_links":{"self":[{"href":"https:\/\/staging.cdsboutique.com\/en\/wp-json\/wp\/v2\/product\/22124","targetHints":{"allow":["GET"]}}],"collection":[{"href":"https:\/\/staging.cdsboutique.com\/en\/wp-json\/wp\/v2\/product"}],"about":[{"href":"https:\/\/staging.cdsboutique.com\/en\/wp-json\/wp\/v2\/types\/product"}],"replies":[{"embeddable":true,"href":"https:\/\/staging.cdsboutique.com\/en\/wp-json\/wp\/v2\/comments?post=22124"}],"wp:featuredmedia":[{"embeddable":true,"href":"https:\/\/staging.cdsboutique.com\/en\/wp-json\/wp\/v2\/media\/7417"}],"wp:attachment":[{"href":"https:\/\/staging.cdsboutique.com\/en\/wp-json\/wp\/v2\/media?parent=22124"}],"wp:term":[{"taxonomy":"product_brand","embeddable":true,"href":"https:\/\/staging.cdsboutique.com\/en\/wp-json\/wp\/v2\/product_brand?post=22124"},{"taxonomy":"product_cat","embeddable":true,"href":"https:\/\/staging.cdsboutique.com\/en\/wp-json\/wp\/v2\/product_cat?post=22124"},{"taxonomy":"product_tag","embeddable":true,"href":"https:\/\/staging.cdsboutique.com\/en\/wp-json\/wp\/v2\/product_tag?post=22124"}],"curies":[{"name":"wp","href":"https:\/\/api.w.org\/{rel}","templated":true}]}}