{"id":22143,"date":"2020-11-20T09:37:28","date_gmt":"2020-11-20T16:53:53","guid":{"rendered":"https:\/\/cdsboutique.com\/produits\/laminated-colour-bingo\/"},"modified":"2026-01-08T10:40:36","modified_gmt":"2026-01-08T15:40:36","slug":"laminated-colour-bingo","status":"publish","type":"product","link":"https:\/\/staging.cdsboutique.com\/en\/produit\/laminated-colour-bingo\/","title":{"rendered":"Laminated Colour Bingo"},"content":{"rendered":"<p><span data-preserver-spaces=\"true\"><strong>This laminated Color Bingo game is sure to please your residents living with Alzheimer&#8217;s!<\/strong> Specially designed to provide an enriching experience for residents with cognitive disorders, it is a stimulating game that will entertain and engage your residents!<\/span><\/p>\n<p><span data-preserver-spaces=\"true\">A reinvented classic! This Laminated Color Bingo is a clever adaptation of the classic bingo game, offering an ideal activity to stimulate fine motor skills and encourage socialization.<\/span><\/p>\n<p><span data-preserver-spaces=\"true\">Instead of searching for numbers on a card, participants immerse themselves in a captivating quest for various colours and shapes. Guided by the facilitator, players must try to spot the corresponding matches on their cards. To enhance the experience, we provide clever ideas to assist participants in the game, as well as suggestions to diversify the activity and maintain engagement.<\/span><\/p>\n<p><span data-preserver-spaces=\"true\">Carefully designed, this game minimizes the risk of failure by offering an approach where the search for a colour shape is much more accessible than the quest for numbers.<\/span><\/p>\n<p><span data-preserver-spaces=\"true\">The set includes:<\/span><\/p>\n<ul>\n<li><span data-preserver-spaces=\"true\">\u00a012 laminated colour bingo cards<\/span><\/li>\n<li><span data-preserver-spaces=\"true\">20 brightly coloured and contrasting call cards<\/span><\/li>\n<li><span data-preserver-spaces=\"true\">100 bingo chips,\u00a0<\/span><\/li>\n<\/ul>\n<p><span data-preserver-spaces=\"true\">Provide your residents with an entertaining activity that contributes to the maintenance of their cognitive functions!<\/span><\/p>\n","protected":false},"excerpt":{"rendered":"<p>This laminated Color Bingo game is sure to please your residents living with Alzheimer&#8217;s! Specially designed to provide an enriching experience for residents with cognitive disorders, it is a stimulating game that will entertain and engage your residents! A reinvented classic! This Laminated Color Bingo is a clever adaptation of the classic bingo game, offering [&hellip;]<\/p>\n","protected":false},"featured_media":2704,"comment_status":"closed","ping_status":"closed","template":"","meta":{"_acf_changed":false},"product_brand":[],"product_cat":[4401,4659],"product_tag":[],"class_list":{"0":"post-22143","1":"product","2":"type-product","3":"status-publish","4":"has-post-thumbnail","6":"product_cat-all","7":"product_cat-cds-creations-en","8":"product_shipping_class-frais-de-livraison-en","10":"first","11":"instock","12":"taxable","13":"shipping-taxable","14":"purchasable","15":"product-type-simple"},"bundled_by":[],"bundle_stock_status":"instock","bundle_stock_quantity":null,"bundle_virtual":false,"bundle_layout":"","bundle_add_to_cart_form_location":"","bundle_editable_in_cart":false,"bundle_sold_individually_context":"","bundle_item_grouping":"","bundle_min_size":"","bundle_max_size":"","bundle_price":[],"bundled_items":[],"bundle_sell_ids":[],"acf":[],"featured_image_urls_v2":{"full":["https:\/\/staging.cdsboutique.com\/wp-content\/uploads\/2020\/09\/bingocouleurs.jpg",1512,1655,false],"thumbnail":["https:\/\/staging.cdsboutique.com\/wp-content\/uploads\/2020\/09\/bingocouleurs-150x150.jpg",150,150,true],"medium":["https:\/\/staging.cdsboutique.com\/wp-content\/uploads\/2020\/09\/bingocouleurs-274x300.jpg",274,300,true],"medium_large":["https:\/\/staging.cdsboutique.com\/wp-content\/uploads\/2020\/09\/bingocouleurs-768x841.jpg",768,841,true],"large":["https:\/\/staging.cdsboutique.com\/wp-content\/uploads\/2020\/09\/bingocouleurs-936x1024.jpg",936,1024,true],"1536x1536":["https:\/\/staging.cdsboutique.com\/wp-content\/uploads\/2020\/09\/bingocouleurs-1403x1536.jpg",1403,1536,true],"2048x2048":["https:\/\/staging.cdsboutique.com\/wp-content\/uploads\/2020\/09\/bingocouleurs.jpg",1512,1655,false],"gform-image-choice-sm":["https:\/\/staging.cdsboutique.com\/wp-content\/uploads\/2020\/09\/bingocouleurs.jpg",274,300,false],"gform-image-choice-md":["https:\/\/staging.cdsboutique.com\/wp-content\/uploads\/2020\/09\/bingocouleurs.jpg",365,400,false],"gform-image-choice-lg":["https:\/\/staging.cdsboutique.com\/wp-content\/uploads\/2020\/09\/bingocouleurs.jpg",548,600,false],"woocommerce_thumbnail":["https:\/\/staging.cdsboutique.com\/wp-content\/uploads\/2020\/09\/bingocouleurs-300x328.jpg",300,328,true],"woocommerce_single":["https:\/\/staging.cdsboutique.com\/wp-content\/uploads\/2020\/09\/bingocouleurs-600x657.jpg",600,657,true],"woocommerce_gallery_thumbnail":["https:\/\/staging.cdsboutique.com\/wp-content\/uploads\/2020\/09\/bingocouleurs-100x100.jpg",100,100,true],"variation_swatches_image_size":["https:\/\/staging.cdsboutique.com\/wp-content\/uploads\/2020\/09\/bingocouleurs.jpg",46,50,false],"variation_swatches_tooltip_size":["https:\/\/staging.cdsboutique.com\/wp-content\/uploads\/2020\/09\/bingocouleurs.jpg",91,100,false],"logo-size":["https:\/\/staging.cdsboutique.com\/wp-content\/uploads\/2020\/09\/bingocouleurs-77x84.jpg",77,84,true],"blog":["https:\/\/staging.cdsboutique.com\/wp-content\/uploads\/2020\/09\/bingocouleurs-350x260.jpg",350,260,true]},"post_excerpt_stackable_v2":"<p>This laminated Color Bingo game is sure to please your residents living with Alzheimer&#8217;s! Specially designed to provide an enriching experience for residents with cognitive disorders, it is a stimulating game that will entertain and engage your residents! A reinvented classic! This Laminated Color Bingo is a clever adaptation of the classic bingo game, offering an ideal activity to stimulate fine motor skills and encourage socialization. Instead of searching for numbers on a card, participants immerse themselves in a captivating quest for various colours and shapes. Guided by the facilitator, players must try to spot the corresponding matches on their&hellip;<\/p>\n","category_list_v2":"","author_info_v2":{"name":"","url":""},"comments_num_v2":"1 comment","yoast_head":"<!-- This site is optimized with the Yoast SEO plugin v27.4 - https:\/\/yoast.com\/product\/yoast-seo-wordpress\/ -->\n<title>Laminated Colour Bingo - CDS boutique A\u00een\u00e9s<\/title>\n<meta name=\"description\" content=\"This laminated Color Bingo game is sure to please your residents living with Alzheimer&#039;s!\" \/>\n<meta name=\"robots\" content=\"noindex, follow, max-snippet:-1, max-image-preview:large, max-video-preview:-1\" \/>\n<meta property=\"og:locale\" content=\"en_US\" \/>\n<meta property=\"og:type\" content=\"article\" \/>\n<meta property=\"og:title\" content=\"Laminated Colour Bingo - CDS boutique A\u00een\u00e9s\" \/>\n<meta property=\"og:description\" content=\"This laminated Color Bingo game is sure to please your residents living with Alzheimer&#039;s!\" \/>\n<meta property=\"og:url\" content=\"https:\/\/staging.cdsboutique.com\/en\/product\/laminated-colour-bingo\/\" \/>\n<meta property=\"og:site_name\" content=\"CDS boutique A\u00een\u00e9s\" \/>\n<meta property=\"article:publisher\" content=\"https:\/\/www.facebook.com\/CDSBoutique.Aines.Seniors\" \/>\n<meta property=\"article:modified_time\" content=\"2026-01-08T15:40:36+00:00\" \/>\n<meta property=\"og:image\" content=\"https:\/\/staging.cdsboutique.com\/wp-content\/uploads\/2020\/09\/bingocouleurs.jpg?_t=1706908908\" \/>\n\t<meta property=\"og:image:width\" content=\"1512\" \/>\n\t<meta property=\"og:image:height\" content=\"1655\" \/>\n\t<meta property=\"og:image:type\" content=\"image\/jpeg\" \/>\n<meta name=\"twitter:card\" content=\"summary_large_image\" \/>\n<meta name=\"twitter:label1\" content=\"Est. reading time\" \/>\n\t<meta name=\"twitter:data1\" content=\"2 minutes\" \/>\n<script type=\"application\/ld+json\" class=\"yoast-schema-graph\">{\"@context\":\"https:\\\/\\\/schema.org\",\"@graph\":[{\"@type\":\"WebPage\",\"@id\":\"https:\\\/\\\/staging.cdsboutique.com\\\/en\\\/product\\\/laminated-colour-bingo\\\/\",\"url\":\"https:\\\/\\\/staging.cdsboutique.com\\\/en\\\/product\\\/laminated-colour-bingo\\\/\",\"name\":\"Laminated Colour Bingo - CDS boutique A\u00een\u00e9s\",\"isPartOf\":{\"@id\":\"https:\\\/\\\/staging.cdsboutique.com\\\/#website\"},\"primaryImageOfPage\":{\"@id\":\"https:\\\/\\\/staging.cdsboutique.com\\\/en\\\/product\\\/laminated-colour-bingo\\\/#primaryimage\"},\"image\":{\"@id\":\"https:\\\/\\\/staging.cdsboutique.com\\\/en\\\/product\\\/laminated-colour-bingo\\\/#primaryimage\"},\"thumbnailUrl\":\"https:\\\/\\\/staging.cdsboutique.com\\\/wp-content\\\/uploads\\\/2020\\\/09\\\/bingocouleurs.jpg\",\"datePublished\":\"2020-11-20T16:53:53+00:00\",\"dateModified\":\"2026-01-08T15:40:36+00:00\",\"description\":\"This laminated Color Bingo game is sure to please your residents living with Alzheimer's!\",\"breadcrumb\":{\"@id\":\"https:\\\/\\\/staging.cdsboutique.com\\\/en\\\/product\\\/laminated-colour-bingo\\\/#breadcrumb\"},\"inLanguage\":\"en-US\",\"potentialAction\":[{\"@type\":\"ReadAction\",\"target\":[\"https:\\\/\\\/staging.cdsboutique.com\\\/en\\\/product\\\/laminated-colour-bingo\\\/\"]}]},{\"@type\":\"ImageObject\",\"inLanguage\":\"en-US\",\"@id\":\"https:\\\/\\\/staging.cdsboutique.com\\\/en\\\/product\\\/laminated-colour-bingo\\\/#primaryimage\",\"url\":\"https:\\\/\\\/staging.cdsboutique.com\\\/wp-content\\\/uploads\\\/2020\\\/09\\\/bingocouleurs.jpg\",\"contentUrl\":\"https:\\\/\\\/staging.cdsboutique.com\\\/wp-content\\\/uploads\\\/2020\\\/09\\\/bingocouleurs.jpg\",\"width\":1512,\"height\":1655},{\"@type\":\"BreadcrumbList\",\"@id\":\"https:\\\/\\\/staging.cdsboutique.com\\\/en\\\/product\\\/laminated-colour-bingo\\\/#breadcrumb\",\"itemListElement\":[{\"@type\":\"ListItem\",\"position\":1,\"name\":\"Home\",\"item\":\"https:\\\/\\\/staging.cdsboutique.com\\\/en\\\/\"},{\"@type\":\"ListItem\",\"position\":2,\"name\":\"Products\",\"item\":\"https:\\\/\\\/staging.cdsboutique.com\\\/en\\\/products\\\/\"},{\"@type\":\"ListItem\",\"position\":3,\"name\":\"Laminated Colour Bingo\"}]},{\"@type\":\"WebSite\",\"@id\":\"https:\\\/\\\/staging.cdsboutique.com\\\/#website\",\"url\":\"https:\\\/\\\/staging.cdsboutique.com\\\/\",\"name\":\"CDS boutique A\u00een\u00e9s\",\"description\":\"Pour une meilleure qualit\u00e9 de vie\",\"publisher\":{\"@id\":\"https:\\\/\\\/staging.cdsboutique.com\\\/#organization\"},\"potentialAction\":[{\"@type\":\"SearchAction\",\"target\":{\"@type\":\"EntryPoint\",\"urlTemplate\":\"https:\\\/\\\/staging.cdsboutique.com\\\/?s={search_term_string}\"},\"query-input\":{\"@type\":\"PropertyValueSpecification\",\"valueRequired\":true,\"valueName\":\"search_term_string\"}}],\"inLanguage\":\"en-US\"},{\"@type\":\"Organization\",\"@id\":\"https:\\\/\\\/staging.cdsboutique.com\\\/#organization\",\"name\":\"CDS Boutique\",\"url\":\"https:\\\/\\\/staging.cdsboutique.com\\\/\",\"logo\":{\"@type\":\"ImageObject\",\"inLanguage\":\"en-US\",\"@id\":\"https:\\\/\\\/staging.cdsboutique.com\\\/#\\\/schema\\\/logo\\\/image\\\/\",\"url\":\"https:\\\/\\\/staging.cdsboutique.com\\\/wp-content\\\/uploads\\\/2024\\\/09\\\/logoCDS-Boutique_final2024.jpg\",\"contentUrl\":\"https:\\\/\\\/staging.cdsboutique.com\\\/wp-content\\\/uploads\\\/2024\\\/09\\\/logoCDS-Boutique_final2024.jpg\",\"width\":900,\"height\":600,\"caption\":\"CDS Boutique\"},\"image\":{\"@id\":\"https:\\\/\\\/staging.cdsboutique.com\\\/#\\\/schema\\\/logo\\\/image\\\/\"},\"sameAs\":[\"https:\\\/\\\/www.facebook.com\\\/CDSBoutique.Aines.Seniors\",\"https:\\\/\\\/www.youtube.com\\\/@cdsboutique4046\",\"https:\\\/\\\/www.linkedin.com\\\/company\\\/cds-boutique\\\/\",\"https:\\\/\\\/www.instagram.com\\\/cdsboutique\\\/\"]}]}<\/script>\n<!-- \/ Yoast SEO plugin. -->","yoast_head_json":{"title":"Laminated Colour Bingo - CDS boutique A\u00een\u00e9s","description":"This laminated Color Bingo game is sure to please your residents living with Alzheimer's!","robots":{"index":"noindex","follow":"follow","max-snippet":"max-snippet:-1","max-image-preview":"max-image-preview:large","max-video-preview":"max-video-preview:-1"},"og_locale":"en_US","og_type":"article","og_title":"Laminated Colour Bingo - CDS boutique A\u00een\u00e9s","og_description":"This laminated Color Bingo game is sure to please your residents living with Alzheimer's!","og_url":"https:\/\/staging.cdsboutique.com\/en\/product\/laminated-colour-bingo\/","og_site_name":"CDS boutique A\u00een\u00e9s","article_publisher":"https:\/\/www.facebook.com\/CDSBoutique.Aines.Seniors","article_modified_time":"2026-01-08T15:40:36+00:00","og_image":[{"width":1512,"height":1655,"url":"https:\/\/staging.cdsboutique.com\/wp-content\/uploads\/2020\/09\/bingocouleurs.jpg?_t=1706908908","type":"image\/jpeg"}],"twitter_card":"summary_large_image","twitter_misc":{"Est. reading time":"2 minutes"},"schema":{"@context":"https:\/\/schema.org","@graph":[{"@type":"WebPage","@id":"https:\/\/staging.cdsboutique.com\/en\/product\/laminated-colour-bingo\/","url":"https:\/\/staging.cdsboutique.com\/en\/product\/laminated-colour-bingo\/","name":"Laminated Colour Bingo - CDS boutique A\u00een\u00e9s","isPartOf":{"@id":"https:\/\/staging.cdsboutique.com\/#website"},"primaryImageOfPage":{"@id":"https:\/\/staging.cdsboutique.com\/en\/product\/laminated-colour-bingo\/#primaryimage"},"image":{"@id":"https:\/\/staging.cdsboutique.com\/en\/product\/laminated-colour-bingo\/#primaryimage"},"thumbnailUrl":"https:\/\/staging.cdsboutique.com\/wp-content\/uploads\/2020\/09\/bingocouleurs.jpg","datePublished":"2020-11-20T16:53:53+00:00","dateModified":"2026-01-08T15:40:36+00:00","description":"This laminated Color Bingo game is sure to please your residents living with Alzheimer's!","breadcrumb":{"@id":"https:\/\/staging.cdsboutique.com\/en\/product\/laminated-colour-bingo\/#breadcrumb"},"inLanguage":"en-US","potentialAction":[{"@type":"ReadAction","target":["https:\/\/staging.cdsboutique.com\/en\/product\/laminated-colour-bingo\/"]}]},{"@type":"ImageObject","inLanguage":"en-US","@id":"https:\/\/staging.cdsboutique.com\/en\/product\/laminated-colour-bingo\/#primaryimage","url":"https:\/\/staging.cdsboutique.com\/wp-content\/uploads\/2020\/09\/bingocouleurs.jpg","contentUrl":"https:\/\/staging.cdsboutique.com\/wp-content\/uploads\/2020\/09\/bingocouleurs.jpg","width":1512,"height":1655},{"@type":"BreadcrumbList","@id":"https:\/\/staging.cdsboutique.com\/en\/product\/laminated-colour-bingo\/#breadcrumb","itemListElement":[{"@type":"ListItem","position":1,"name":"Home","item":"https:\/\/staging.cdsboutique.com\/en\/"},{"@type":"ListItem","position":2,"name":"Products","item":"https:\/\/staging.cdsboutique.com\/en\/products\/"},{"@type":"ListItem","position":3,"name":"Laminated Colour Bingo"}]},{"@type":"WebSite","@id":"https:\/\/staging.cdsboutique.com\/#website","url":"https:\/\/staging.cdsboutique.com\/","name":"CDS boutique A\u00een\u00e9s","description":"Pour une meilleure qualit\u00e9 de vie","publisher":{"@id":"https:\/\/staging.cdsboutique.com\/#organization"},"potentialAction":[{"@type":"SearchAction","target":{"@type":"EntryPoint","urlTemplate":"https:\/\/staging.cdsboutique.com\/?s={search_term_string}"},"query-input":{"@type":"PropertyValueSpecification","valueRequired":true,"valueName":"search_term_string"}}],"inLanguage":"en-US"},{"@type":"Organization","@id":"https:\/\/staging.cdsboutique.com\/#organization","name":"CDS Boutique","url":"https:\/\/staging.cdsboutique.com\/","logo":{"@type":"ImageObject","inLanguage":"en-US","@id":"https:\/\/staging.cdsboutique.com\/#\/schema\/logo\/image\/","url":"https:\/\/staging.cdsboutique.com\/wp-content\/uploads\/2024\/09\/logoCDS-Boutique_final2024.jpg","contentUrl":"https:\/\/staging.cdsboutique.com\/wp-content\/uploads\/2024\/09\/logoCDS-Boutique_final2024.jpg","width":900,"height":600,"caption":"CDS Boutique"},"image":{"@id":"https:\/\/staging.cdsboutique.com\/#\/schema\/logo\/image\/"},"sameAs":["https:\/\/www.facebook.com\/CDSBoutique.Aines.Seniors","https:\/\/www.youtube.com\/@cdsboutique4046","https:\/\/www.linkedin.com\/company\/cds-boutique\/","https:\/\/www.instagram.com\/cdsboutique\/"]}]}},"_links":{"self":[{"href":"https:\/\/staging.cdsboutique.com\/en\/wp-json\/wp\/v2\/product\/22143","targetHints":{"allow":["GET"]}}],"collection":[{"href":"https:\/\/staging.cdsboutique.com\/en\/wp-json\/wp\/v2\/product"}],"about":[{"href":"https:\/\/staging.cdsboutique.com\/en\/wp-json\/wp\/v2\/types\/product"}],"replies":[{"embeddable":true,"href":"https:\/\/staging.cdsboutique.com\/en\/wp-json\/wp\/v2\/comments?post=22143"}],"wp:featuredmedia":[{"embeddable":true,"href":"https:\/\/staging.cdsboutique.com\/en\/wp-json\/wp\/v2\/media\/2704"}],"wp:attachment":[{"href":"https:\/\/staging.cdsboutique.com\/en\/wp-json\/wp\/v2\/media?parent=22143"}],"wp:term":[{"taxonomy":"product_brand","embeddable":true,"href":"https:\/\/staging.cdsboutique.com\/en\/wp-json\/wp\/v2\/product_brand?post=22143"},{"taxonomy":"product_cat","embeddable":true,"href":"https:\/\/staging.cdsboutique.com\/en\/wp-json\/wp\/v2\/product_cat?post=22143"},{"taxonomy":"product_tag","embeddable":true,"href":"https:\/\/staging.cdsboutique.com\/en\/wp-json\/wp\/v2\/product_tag?post=22143"}],"curies":[{"name":"wp","href":"https:\/\/api.w.org\/{rel}","templated":true}]}}