{"id":26187,"date":"2020-11-20T09:51:38","date_gmt":"2020-11-20T17:06:09","guid":{"rendered":"https:\/\/cdsboutique.com\/produits\/sensory-uv-reactive-harness\/"},"modified":"2024-10-22T14:32:30","modified_gmt":"2024-10-22T18:32:30","slug":"sensory-uv-reactive-harness","status":"publish","type":"product","link":"https:\/\/staging.cdsboutique.com\/en\/produit\/sensory-uv-reactive-harness\/","title":{"rendered":"Sensory UV Reactive Harness"},"content":{"rendered":"<p><strong>You need to connect them to a <a data-mce-href=\"https:\/\/staging.cdsboutique.com\/produit\/microled-4000\/\" href=\"https:\/\/staging.cdsboutique.com\/produit\/microled-4000\/\" title=\"MicroLED  (#15492)\">MicroLED  (#15492)<\/a> that will make light dots appear on the fibres in the chosen color (sold separately).<\/strong><\/p>\n<p>Multisensory environments have been proven to improve not only the intellectual abilities of cognitively impaired individuals, but also social skills, creativity, concentration and general awareness of the world. These lighted fibre optics composed of 6 different colours react when in the presence of a UV light source (UV Light Bar # 15496). Introduce your residents to a world of visual and tactile stimulation that they will never tire of!<\/p>\n<p style=\"text-align: justify;\" data-mce-style=\"text-align: justify;\"><strong>#&nbsp;15481A 100 tails \u2013 78&#8243;&nbsp;(2&nbsp;m)<\/strong><br \/><strong>#&nbsp;15481B 150 tails \u2013 78&#8243;&nbsp;(2&nbsp;m)<\/strong><br \/><strong># 15481C 150 tails \u2013 118&#8243; (3 m)<\/strong><br \/><strong># 15481D 200 tails \u2013 118&#8243; (3 m)<\/strong><\/p>\n","protected":false},"excerpt":{"rendered":"<p><strong>You need to connect them to a <a href=\"https:\/\/staging.cdsboutique.com\/en\/product\/uv-light-bar\/\" data-mce-href=\"https:\/\/staging.cdsboutique.com\/en\/product\/uv-light-bar\/\">UV Light Bar (15496)<\/a> that will make light dots appear on the fibres in the chosen color (sold separately).<\/strong><\/p>\n<p>Multisensory environments have been proven to improve not only the intellectual abilities of cognitively impaired individuals, but also social skills, creativity, concentration and general awareness of the world. These lighted fibre optics composed of 6 different colours react when in the presence of a UV light source (UV Light Bar # 15496). Introduce your residents to a world of visual and tactile stimulation that they will never tire of!<\/p>\n<p style=\"text-align: justify;\" data-mce-style=\"text-align: justify;\"><strong>#&nbsp;15481A 100 tails \u2013 78&#8243;&nbsp;(2&nbsp;m)<\/strong><br \/><strong>#&nbsp;15481B 150 tails \u2013 78&#8243;&nbsp;(2&nbsp;m)<\/strong><br \/><strong># 15481C 150 tails \u2013 118&#8243; (3 m)<\/strong><br \/><strong># 15481D 200 tails \u2013 118&#8243; (3 m)<\/strong><\/p>\n","protected":false},"featured_media":48858,"comment_status":"open","ping_status":"closed","template":"","meta":{"_acf_changed":false},"product_brand":[],"product_cat":[4401],"product_tag":[],"class_list":{"0":"post-26187","1":"product","2":"type-product","3":"status-publish","4":"has-post-thumbnail","6":"product_cat-all","7":"product_shipping_class-frais-de-livraison-en","8":"pa_taille-100-rods-of-2-m","9":"pa_taille-150-rods-of-2-m","10":"pa_taille-150-rods-of-3-m","11":"pa_taille-200-rods-of-3-m","13":"first","14":"instock","15":"taxable","16":"shipping-taxable","17":"purchasable","18":"product-type-variable"},"bundled_by":[],"bundle_stock_status":"instock","bundle_stock_quantity":null,"bundle_virtual":false,"bundle_layout":"","bundle_add_to_cart_form_location":"","bundle_editable_in_cart":false,"bundle_sold_individually_context":"","bundle_item_grouping":"","bundle_min_size":"","bundle_max_size":"","bundle_price":[],"bundled_items":[],"bundle_sell_ids":[],"acf":[],"featured_image_urls_v2":{"full":["https:\/\/staging.cdsboutique.com\/wp-content\/uploads\/2020\/11\/15481b.jpg",1200,1200,false],"thumbnail":["https:\/\/staging.cdsboutique.com\/wp-content\/uploads\/2020\/11\/15481b-150x150.jpg",150,150,true],"medium":["https:\/\/staging.cdsboutique.com\/wp-content\/uploads\/2020\/11\/15481b-300x300.jpg",300,300,true],"medium_large":["https:\/\/staging.cdsboutique.com\/wp-content\/uploads\/2020\/11\/15481b-768x768.jpg",768,768,true],"large":["https:\/\/staging.cdsboutique.com\/wp-content\/uploads\/2020\/11\/15481b-1024x1024.jpg",980,980,true],"1536x1536":["https:\/\/staging.cdsboutique.com\/wp-content\/uploads\/2020\/11\/15481b.jpg",1200,1200,false],"2048x2048":["https:\/\/staging.cdsboutique.com\/wp-content\/uploads\/2020\/11\/15481b.jpg",1200,1200,false],"gform-image-choice-sm":["https:\/\/staging.cdsboutique.com\/wp-content\/uploads\/2020\/11\/15481b.jpg",300,300,false],"gform-image-choice-md":["https:\/\/staging.cdsboutique.com\/wp-content\/uploads\/2020\/11\/15481b.jpg",400,400,false],"gform-image-choice-lg":["https:\/\/staging.cdsboutique.com\/wp-content\/uploads\/2020\/11\/15481b.jpg",600,600,false],"woocommerce_thumbnail":["https:\/\/staging.cdsboutique.com\/wp-content\/uploads\/2020\/11\/15481b-300x300.jpg",300,300,true],"woocommerce_single":["https:\/\/staging.cdsboutique.com\/wp-content\/uploads\/2020\/11\/15481b-600x600.jpg",600,600,true],"woocommerce_gallery_thumbnail":["https:\/\/staging.cdsboutique.com\/wp-content\/uploads\/2020\/11\/15481b-100x100.jpg",100,100,true],"variation_swatches_image_size":["https:\/\/staging.cdsboutique.com\/wp-content\/uploads\/2020\/11\/15481b.jpg",50,50,false],"variation_swatches_tooltip_size":["https:\/\/staging.cdsboutique.com\/wp-content\/uploads\/2020\/11\/15481b.jpg",100,100,false],"logo-size":["https:\/\/staging.cdsboutique.com\/wp-content\/uploads\/2020\/11\/15481b-84x84.jpg",84,84,true],"blog":["https:\/\/staging.cdsboutique.com\/wp-content\/uploads\/2020\/11\/15481b-350x260.jpg",350,260,true]},"post_excerpt_stackable_v2":"<p><strong>You need to connect them to a <a href=\"https:\/\/staging.cdsboutique.com\/en\/product\/uv-light-bar\/\" data-mce-href=\"https:\/\/staging.cdsboutique.com\/en\/product\/uv-light-bar\/\">UV Light Bar (15496)<\/a> that will make light dots appear on the fibres in the chosen color (sold separately).<\/strong><\/p>\n<p>Multisensory environments have been proven to improve not only the intellectual abilities of cognitively impaired individuals, but also social skills, creativity, concentration and general awareness of the world. These lighted fibre optics composed of 6 different colours react when in the presence of a UV light source (UV Light Bar # 15496). Introduce your residents to a world of visual and tactile stimulation that they will never tire of!<\/p>\n<p style=\"text-align: justify;\" data-mce-style=\"text-align: justify;\"><strong>#&nbsp;15481A 100 tails \u2013 78&#8243;&nbsp;(2&nbsp;m)<\/strong><br \/><strong>#&nbsp;15481B 150 tails \u2013 78&#8243;&nbsp;(2&nbsp;m)<\/strong><br \/><strong># 15481C 150 tails \u2013 118&#8243; (3 m)<\/strong><br \/><strong># 15481D 200 tails \u2013 118&#8243; (3 m)<\/strong><\/p>\n","category_list_v2":"","author_info_v2":{"name":"","url":""},"comments_num_v2":"0 comments","yoast_head":"<!-- This site is optimized with the Yoast SEO plugin v27.4 - https:\/\/yoast.com\/product\/yoast-seo-wordpress\/ -->\n<title>Sensory UV Reactive Harness - CDS boutique A\u00een\u00e9s<\/title>\n<meta name=\"robots\" content=\"noindex, follow, max-snippet:-1, max-image-preview:large, max-video-preview:-1\" \/>\n<meta property=\"og:locale\" content=\"en_US\" \/>\n<meta property=\"og:type\" content=\"article\" \/>\n<meta property=\"og:title\" content=\"Sensory UV Reactive Harness - CDS boutique A\u00een\u00e9s\" \/>\n<meta property=\"og:description\" content=\"You need to connect them to a UV Light Bar (15496) that will make light dots appear on the fibres in the chosen color (sold separately).Multisensory environments have been proven to improve not only the intellectual abilities of cognitively impaired individuals, but also social skills, creativity, concentration and general awareness of the world. These lighted fibre optics composed of 6 different colours react when in the presence of a UV light source (UV Light Bar # 15496). Introduce your residents to a world of visual and tactile stimulation that they will never tire of!#&nbsp;15481A 100 tails \u2013 78&quot;&nbsp;(2&nbsp;m)#&nbsp;15481B 150 tails \u2013 78&quot;&nbsp;(2&nbsp;m)# 15481C 150 tails \u2013 118&quot; (3 m)# 15481D 200 tails \u2013 118&quot; (3 m)\" \/>\n<meta property=\"og:url\" content=\"https:\/\/staging.cdsboutique.com\/en\/product\/sensory-uv-reactive-harness\/\" \/>\n<meta property=\"og:site_name\" content=\"CDS boutique A\u00een\u00e9s\" \/>\n<meta property=\"article:publisher\" content=\"https:\/\/www.facebook.com\/CDSBoutique.Aines.Seniors\" \/>\n<meta property=\"article:modified_time\" content=\"2024-10-22T18:32:30+00:00\" \/>\n<meta property=\"og:image\" content=\"https:\/\/staging.cdsboutique.com\/wp-content\/uploads\/2020\/11\/15481b.jpg?_t=1729621950\" \/>\n\t<meta property=\"og:image:width\" content=\"1200\" \/>\n\t<meta property=\"og:image:height\" content=\"1200\" \/>\n\t<meta property=\"og:image:type\" content=\"image\/jpeg\" \/>\n<meta name=\"twitter:card\" content=\"summary_large_image\" \/>\n<meta name=\"twitter:label1\" content=\"Est. reading time\" \/>\n\t<meta name=\"twitter:data1\" content=\"1 minute\" \/>\n<script type=\"application\/ld+json\" class=\"yoast-schema-graph\">{\"@context\":\"https:\\\/\\\/schema.org\",\"@graph\":[{\"@type\":\"WebPage\",\"@id\":\"https:\\\/\\\/staging.cdsboutique.com\\\/en\\\/product\\\/sensory-uv-reactive-harness\\\/\",\"url\":\"https:\\\/\\\/staging.cdsboutique.com\\\/en\\\/product\\\/sensory-uv-reactive-harness\\\/\",\"name\":\"Sensory UV Reactive Harness - CDS boutique A\u00een\u00e9s\",\"isPartOf\":{\"@id\":\"https:\\\/\\\/staging.cdsboutique.com\\\/#website\"},\"primaryImageOfPage\":{\"@id\":\"https:\\\/\\\/staging.cdsboutique.com\\\/en\\\/product\\\/sensory-uv-reactive-harness\\\/#primaryimage\"},\"image\":{\"@id\":\"https:\\\/\\\/staging.cdsboutique.com\\\/en\\\/product\\\/sensory-uv-reactive-harness\\\/#primaryimage\"},\"thumbnailUrl\":\"https:\\\/\\\/staging.cdsboutique.com\\\/wp-content\\\/uploads\\\/2020\\\/11\\\/15481b.jpg\",\"datePublished\":\"2020-11-20T17:06:09+00:00\",\"dateModified\":\"2024-10-22T18:32:30+00:00\",\"breadcrumb\":{\"@id\":\"https:\\\/\\\/staging.cdsboutique.com\\\/en\\\/product\\\/sensory-uv-reactive-harness\\\/#breadcrumb\"},\"inLanguage\":\"en-US\",\"potentialAction\":[{\"@type\":\"ReadAction\",\"target\":[\"https:\\\/\\\/staging.cdsboutique.com\\\/en\\\/product\\\/sensory-uv-reactive-harness\\\/\"]}]},{\"@type\":\"ImageObject\",\"inLanguage\":\"en-US\",\"@id\":\"https:\\\/\\\/staging.cdsboutique.com\\\/en\\\/product\\\/sensory-uv-reactive-harness\\\/#primaryimage\",\"url\":\"https:\\\/\\\/staging.cdsboutique.com\\\/wp-content\\\/uploads\\\/2020\\\/11\\\/15481b.jpg\",\"contentUrl\":\"https:\\\/\\\/staging.cdsboutique.com\\\/wp-content\\\/uploads\\\/2020\\\/11\\\/15481b.jpg\",\"width\":1200,\"height\":1200},{\"@type\":\"BreadcrumbList\",\"@id\":\"https:\\\/\\\/staging.cdsboutique.com\\\/en\\\/product\\\/sensory-uv-reactive-harness\\\/#breadcrumb\",\"itemListElement\":[{\"@type\":\"ListItem\",\"position\":1,\"name\":\"Home\",\"item\":\"https:\\\/\\\/staging.cdsboutique.com\\\/en\\\/\"},{\"@type\":\"ListItem\",\"position\":2,\"name\":\"Products\",\"item\":\"https:\\\/\\\/staging.cdsboutique.com\\\/en\\\/products\\\/\"},{\"@type\":\"ListItem\",\"position\":3,\"name\":\"Sensory UV Reactive Harness\"}]},{\"@type\":\"WebSite\",\"@id\":\"https:\\\/\\\/staging.cdsboutique.com\\\/#website\",\"url\":\"https:\\\/\\\/staging.cdsboutique.com\\\/\",\"name\":\"CDS boutique A\u00een\u00e9s\",\"description\":\"Pour une meilleure qualit\u00e9 de vie\",\"publisher\":{\"@id\":\"https:\\\/\\\/staging.cdsboutique.com\\\/#organization\"},\"potentialAction\":[{\"@type\":\"SearchAction\",\"target\":{\"@type\":\"EntryPoint\",\"urlTemplate\":\"https:\\\/\\\/staging.cdsboutique.com\\\/?s={search_term_string}\"},\"query-input\":{\"@type\":\"PropertyValueSpecification\",\"valueRequired\":true,\"valueName\":\"search_term_string\"}}],\"inLanguage\":\"en-US\"},{\"@type\":\"Organization\",\"@id\":\"https:\\\/\\\/staging.cdsboutique.com\\\/#organization\",\"name\":\"CDS Boutique\",\"url\":\"https:\\\/\\\/staging.cdsboutique.com\\\/\",\"logo\":{\"@type\":\"ImageObject\",\"inLanguage\":\"en-US\",\"@id\":\"https:\\\/\\\/staging.cdsboutique.com\\\/#\\\/schema\\\/logo\\\/image\\\/\",\"url\":\"https:\\\/\\\/staging.cdsboutique.com\\\/wp-content\\\/uploads\\\/2024\\\/09\\\/logoCDS-Boutique_final2024.jpg\",\"contentUrl\":\"https:\\\/\\\/staging.cdsboutique.com\\\/wp-content\\\/uploads\\\/2024\\\/09\\\/logoCDS-Boutique_final2024.jpg\",\"width\":900,\"height\":600,\"caption\":\"CDS Boutique\"},\"image\":{\"@id\":\"https:\\\/\\\/staging.cdsboutique.com\\\/#\\\/schema\\\/logo\\\/image\\\/\"},\"sameAs\":[\"https:\\\/\\\/www.facebook.com\\\/CDSBoutique.Aines.Seniors\",\"https:\\\/\\\/www.youtube.com\\\/@cdsboutique4046\",\"https:\\\/\\\/www.linkedin.com\\\/company\\\/cds-boutique\\\/\",\"https:\\\/\\\/www.instagram.com\\\/cdsboutique\\\/\"]}]}<\/script>\n<!-- \/ Yoast SEO plugin. -->","yoast_head_json":{"title":"Sensory UV Reactive Harness - CDS boutique A\u00een\u00e9s","robots":{"index":"noindex","follow":"follow","max-snippet":"max-snippet:-1","max-image-preview":"max-image-preview:large","max-video-preview":"max-video-preview:-1"},"og_locale":"en_US","og_type":"article","og_title":"Sensory UV Reactive Harness - CDS boutique A\u00een\u00e9s","og_description":"You need to connect them to a UV Light Bar (15496) that will make light dots appear on the fibres in the chosen color (sold separately).Multisensory environments have been proven to improve not only the intellectual abilities of cognitively impaired individuals, but also social skills, creativity, concentration and general awareness of the world. These lighted fibre optics composed of 6 different colours react when in the presence of a UV light source (UV Light Bar # 15496). Introduce your residents to a world of visual and tactile stimulation that they will never tire of!#&nbsp;15481A 100 tails \u2013 78\"&nbsp;(2&nbsp;m)#&nbsp;15481B 150 tails \u2013 78\"&nbsp;(2&nbsp;m)# 15481C 150 tails \u2013 118\" (3 m)# 15481D 200 tails \u2013 118\" (3 m)","og_url":"https:\/\/staging.cdsboutique.com\/en\/product\/sensory-uv-reactive-harness\/","og_site_name":"CDS boutique A\u00een\u00e9s","article_publisher":"https:\/\/www.facebook.com\/CDSBoutique.Aines.Seniors","article_modified_time":"2024-10-22T18:32:30+00:00","og_image":[{"width":1200,"height":1200,"url":"https:\/\/staging.cdsboutique.com\/wp-content\/uploads\/2020\/11\/15481b.jpg?_t=1729621950","type":"image\/jpeg"}],"twitter_card":"summary_large_image","twitter_misc":{"Est. reading time":"1 minute"},"schema":{"@context":"https:\/\/schema.org","@graph":[{"@type":"WebPage","@id":"https:\/\/staging.cdsboutique.com\/en\/product\/sensory-uv-reactive-harness\/","url":"https:\/\/staging.cdsboutique.com\/en\/product\/sensory-uv-reactive-harness\/","name":"Sensory UV Reactive Harness - CDS boutique A\u00een\u00e9s","isPartOf":{"@id":"https:\/\/staging.cdsboutique.com\/#website"},"primaryImageOfPage":{"@id":"https:\/\/staging.cdsboutique.com\/en\/product\/sensory-uv-reactive-harness\/#primaryimage"},"image":{"@id":"https:\/\/staging.cdsboutique.com\/en\/product\/sensory-uv-reactive-harness\/#primaryimage"},"thumbnailUrl":"https:\/\/staging.cdsboutique.com\/wp-content\/uploads\/2020\/11\/15481b.jpg","datePublished":"2020-11-20T17:06:09+00:00","dateModified":"2024-10-22T18:32:30+00:00","breadcrumb":{"@id":"https:\/\/staging.cdsboutique.com\/en\/product\/sensory-uv-reactive-harness\/#breadcrumb"},"inLanguage":"en-US","potentialAction":[{"@type":"ReadAction","target":["https:\/\/staging.cdsboutique.com\/en\/product\/sensory-uv-reactive-harness\/"]}]},{"@type":"ImageObject","inLanguage":"en-US","@id":"https:\/\/staging.cdsboutique.com\/en\/product\/sensory-uv-reactive-harness\/#primaryimage","url":"https:\/\/staging.cdsboutique.com\/wp-content\/uploads\/2020\/11\/15481b.jpg","contentUrl":"https:\/\/staging.cdsboutique.com\/wp-content\/uploads\/2020\/11\/15481b.jpg","width":1200,"height":1200},{"@type":"BreadcrumbList","@id":"https:\/\/staging.cdsboutique.com\/en\/product\/sensory-uv-reactive-harness\/#breadcrumb","itemListElement":[{"@type":"ListItem","position":1,"name":"Home","item":"https:\/\/staging.cdsboutique.com\/en\/"},{"@type":"ListItem","position":2,"name":"Products","item":"https:\/\/staging.cdsboutique.com\/en\/products\/"},{"@type":"ListItem","position":3,"name":"Sensory UV Reactive Harness"}]},{"@type":"WebSite","@id":"https:\/\/staging.cdsboutique.com\/#website","url":"https:\/\/staging.cdsboutique.com\/","name":"CDS boutique A\u00een\u00e9s","description":"Pour une meilleure qualit\u00e9 de vie","publisher":{"@id":"https:\/\/staging.cdsboutique.com\/#organization"},"potentialAction":[{"@type":"SearchAction","target":{"@type":"EntryPoint","urlTemplate":"https:\/\/staging.cdsboutique.com\/?s={search_term_string}"},"query-input":{"@type":"PropertyValueSpecification","valueRequired":true,"valueName":"search_term_string"}}],"inLanguage":"en-US"},{"@type":"Organization","@id":"https:\/\/staging.cdsboutique.com\/#organization","name":"CDS Boutique","url":"https:\/\/staging.cdsboutique.com\/","logo":{"@type":"ImageObject","inLanguage":"en-US","@id":"https:\/\/staging.cdsboutique.com\/#\/schema\/logo\/image\/","url":"https:\/\/staging.cdsboutique.com\/wp-content\/uploads\/2024\/09\/logoCDS-Boutique_final2024.jpg","contentUrl":"https:\/\/staging.cdsboutique.com\/wp-content\/uploads\/2024\/09\/logoCDS-Boutique_final2024.jpg","width":900,"height":600,"caption":"CDS Boutique"},"image":{"@id":"https:\/\/staging.cdsboutique.com\/#\/schema\/logo\/image\/"},"sameAs":["https:\/\/www.facebook.com\/CDSBoutique.Aines.Seniors","https:\/\/www.youtube.com\/@cdsboutique4046","https:\/\/www.linkedin.com\/company\/cds-boutique\/","https:\/\/www.instagram.com\/cdsboutique\/"]}]}},"_links":{"self":[{"href":"https:\/\/staging.cdsboutique.com\/en\/wp-json\/wp\/v2\/product\/26187","targetHints":{"allow":["GET"]}}],"collection":[{"href":"https:\/\/staging.cdsboutique.com\/en\/wp-json\/wp\/v2\/product"}],"about":[{"href":"https:\/\/staging.cdsboutique.com\/en\/wp-json\/wp\/v2\/types\/product"}],"replies":[{"embeddable":true,"href":"https:\/\/staging.cdsboutique.com\/en\/wp-json\/wp\/v2\/comments?post=26187"}],"wp:featuredmedia":[{"embeddable":true,"href":"https:\/\/staging.cdsboutique.com\/en\/wp-json\/wp\/v2\/media\/48858"}],"wp:attachment":[{"href":"https:\/\/staging.cdsboutique.com\/en\/wp-json\/wp\/v2\/media?parent=26187"}],"wp:term":[{"taxonomy":"product_brand","embeddable":true,"href":"https:\/\/staging.cdsboutique.com\/en\/wp-json\/wp\/v2\/product_brand?post=26187"},{"taxonomy":"product_cat","embeddable":true,"href":"https:\/\/staging.cdsboutique.com\/en\/wp-json\/wp\/v2\/product_cat?post=26187"},{"taxonomy":"product_tag","embeddable":true,"href":"https:\/\/staging.cdsboutique.com\/en\/wp-json\/wp\/v2\/product_tag?post=26187"}],"curies":[{"name":"wp","href":"https:\/\/api.w.org\/{rel}","templated":true}]}}