{"id":26480,"date":"2020-11-20T10:08:01","date_gmt":"2020-11-20T17:20:05","guid":{"rendered":"https:\/\/cdsboutique.com\/produits\/kinetik-sand\/"},"modified":"2024-10-08T14:09:00","modified_gmt":"2024-10-08T18:09:00","slug":"kinetik-sand","status":"publish","type":"product","link":"https:\/\/staging.cdsboutique.com\/en\/produit\/kinetik-sand\/","title":{"rendered":"Kinetik Sand\u00ae"},"content":{"rendered":"<p><strong>Handling Kinetic\u00ae sand with your hands and fingers is a unique experience!<\/strong><\/p>\n<p>The sand is soft and pleasant to the\u00a0touch. It is very soothing for the user while working fine\u00a0motor skills. This sand is easy to clean, does not dry out and\u00a0is free of wheat, gluten and casein. This product is available\u00a0in several formats.<\/p>\n<p>&nbsp;<\/p>\n<p><strong>#27300-2 5.5 lbs (2.5 kg) $ 46.95<\/strong><\/p>\n<p>Box dimensions: 7.5 x 3.3 x 11 inches (19.1 x 8.4 x 28 cm).<\/p>\n<p>&nbsp;<\/p>\n<p><strong>#27300-5 11 lbs (5 kg) $ 79.95<\/strong><\/p>\n<p>Box size: 7.3 x 2.5 x 9.5 in. (18.5 x 6.4 x 24.1 cm).<\/p>\n","protected":false},"excerpt":{"rendered":"<p><strong>Handling Kinetic\u00ae sand with your hands and fingers is a unique experience!<\/strong><\/p>\n<p>The sand is soft and pleasant to the\u00a0touch. It is very soothing for the user while working fine\u00a0motor skills. This sand is easy to clean, does not dry out and\u00a0is free of wheat, gluten and casein. This product is available\u00a0in several formats.<\/p>\n<p>&nbsp;<\/p>\n<p><strong>#27300-2 5.5 lbs (2.5 kg) $ 39.95<\/strong><\/p>\n<p>Box dimensions: 7.5 x 3.3 x 11 inches (19.1 x 8.4 x 28 cm).<\/p>\n<p>&nbsp;<\/p>\n<p><strong>#27300-5 11 lbs (5 kg) $ 79.95<\/strong><\/p>\n<p>Box size: 7.3 x 2.5 x 9.5 in. (18.5 x 6.4 x 24.1 cm).<\/p>\n<p>&nbsp;<\/p>\n<p><a href=\"https:\/\/staging.cdsboutique.com\/en\/blue-bin-kinetic-sand.html\" target=\"_blank\" rel=\"noopener noreferrer\"><strong>Here is a link to a very practical blue bin for containing Kinetic sand # 27804<\/strong><\/a><\/p>\n","protected":false},"featured_media":6804,"comment_status":"open","ping_status":"closed","template":"","meta":{"_acf_changed":false},"product_brand":[],"product_cat":[4401],"product_tag":[],"class_list":{"0":"post-26480","1":"product","2":"type-product","3":"status-publish","4":"has-post-thumbnail","6":"product_cat-all","7":"product_shipping_class-frais-de-livraison-en","8":"pa_quantite-1-kg-en","9":"pa_quantite-2-5-kg-en","10":"pa_quantite-5-kg-en","12":"first","13":"instock","14":"taxable","15":"shipping-taxable","16":"purchasable","17":"product-type-variable"},"bundled_by":[],"bundle_stock_status":"instock","bundle_stock_quantity":null,"bundle_virtual":false,"bundle_layout":"","bundle_add_to_cart_form_location":"","bundle_editable_in_cart":false,"bundle_sold_individually_context":"","bundle_item_grouping":"","bundle_min_size":"","bundle_max_size":"","bundle_price":[],"bundled_items":[],"bundle_sell_ids":[],"acf":[],"featured_image_urls_v2":{"full":["https:\/\/staging.cdsboutique.com\/wp-content\/uploads\/2020\/09\/27300-3_lowrez.jpg",820,1000,false],"thumbnail":["https:\/\/staging.cdsboutique.com\/wp-content\/uploads\/2020\/09\/27300-3_lowrez.jpg",123,150,false],"medium":["https:\/\/staging.cdsboutique.com\/wp-content\/uploads\/2020\/09\/27300-3_lowrez.jpg",246,300,false],"medium_large":["https:\/\/staging.cdsboutique.com\/wp-content\/uploads\/2020\/09\/27300-3_lowrez.jpg",768,937,false],"large":["https:\/\/staging.cdsboutique.com\/wp-content\/uploads\/2020\/09\/27300-3_lowrez.jpg",820,1000,false],"1536x1536":["https:\/\/staging.cdsboutique.com\/wp-content\/uploads\/2020\/09\/27300-3_lowrez.jpg",820,1000,false],"2048x2048":["https:\/\/staging.cdsboutique.com\/wp-content\/uploads\/2020\/09\/27300-3_lowrez.jpg",820,1000,false],"gform-image-choice-sm":["https:\/\/staging.cdsboutique.com\/wp-content\/uploads\/2020\/09\/27300-3_lowrez.jpg",246,300,false],"gform-image-choice-md":["https:\/\/staging.cdsboutique.com\/wp-content\/uploads\/2020\/09\/27300-3_lowrez.jpg",328,400,false],"gform-image-choice-lg":["https:\/\/staging.cdsboutique.com\/wp-content\/uploads\/2020\/09\/27300-3_lowrez.jpg",492,600,false],"woocommerce_thumbnail":["https:\/\/staging.cdsboutique.com\/wp-content\/uploads\/2020\/09\/27300-3_lowrez-300x366.jpg",300,366,true],"woocommerce_single":["https:\/\/staging.cdsboutique.com\/wp-content\/uploads\/2020\/09\/27300-3_lowrez-600x732.jpg",600,732,true],"woocommerce_gallery_thumbnail":["https:\/\/staging.cdsboutique.com\/wp-content\/uploads\/2020\/09\/27300-3_lowrez-100x100.jpg",100,100,true],"variation_swatches_image_size":["https:\/\/staging.cdsboutique.com\/wp-content\/uploads\/2020\/09\/27300-3_lowrez.jpg",41,50,false],"variation_swatches_tooltip_size":["https:\/\/staging.cdsboutique.com\/wp-content\/uploads\/2020\/09\/27300-3_lowrez.jpg",82,100,false],"logo-size":["https:\/\/staging.cdsboutique.com\/wp-content\/uploads\/2020\/09\/27300-3_lowrez.jpg",69,84,false],"blog":["https:\/\/staging.cdsboutique.com\/wp-content\/uploads\/2020\/09\/27300-3_lowrez.jpg",213,260,false]},"post_excerpt_stackable_v2":"<p><strong>Handling Kinetic\u00ae sand with your hands and fingers is a unique experience!<\/strong><\/p>\n<p>The sand is soft and pleasant to the\u00a0touch. It is very soothing for the user while working fine\u00a0motor skills. This sand is easy to clean, does not dry out and\u00a0is free of wheat, gluten and casein. This product is available\u00a0in several formats.<\/p>\n<p>&nbsp;<\/p>\n<p><strong>#27300-2 5.5 lbs (2.5 kg) $ 39.95<\/strong><\/p>\n<p>Box dimensions: 7.5 x 3.3 x 11 inches (19.1 x 8.4 x 28 cm).<\/p>\n<p>&nbsp;<\/p>\n<p><strong>#27300-5 11 lbs (5 kg) $ 79.95<\/strong><\/p>\n<p>Box size: 7.3 x 2.5 x 9.5 in. (18.5 x 6.4 x 24.1 cm).<\/p>\n<p>&nbsp;<\/p>\n<p><a href=\"https:\/\/staging.cdsboutique.com\/en\/blue-bin-kinetic-sand.html\" target=\"_blank\" rel=\"noopener noreferrer\"><strong>Here is a link to a very practical blue bin for containing Kinetic sand # 27804<\/strong><\/a><\/p>\n","category_list_v2":"","author_info_v2":{"name":"","url":""},"comments_num_v2":"0 comments","yoast_head":"<!-- This site is optimized with the Yoast SEO plugin v27.4 - https:\/\/yoast.com\/product\/yoast-seo-wordpress\/ -->\n<title>Kinetic Sand<\/title>\n<meta name=\"description\" content=\"The sand is soft and pleasant to the touch. It is very soothing for the user while working fine motor skills. This sand is easily to clean, it does not dry out and is free of wheat, gluten and casein. This product is available in several formats.\" \/>\n<meta name=\"robots\" content=\"noindex, follow, max-snippet:-1, max-image-preview:large, max-video-preview:-1\" \/>\n<meta property=\"og:locale\" content=\"en_US\" \/>\n<meta property=\"og:type\" content=\"article\" \/>\n<meta property=\"og:title\" content=\"Kinetic Sand\" \/>\n<meta property=\"og:description\" content=\"The sand is soft and pleasant to the touch. It is very soothing for the user while working fine motor skills. This sand is easily to clean, it does not dry out and is free of wheat, gluten and casein. This product is available in several formats.\" \/>\n<meta property=\"og:url\" content=\"https:\/\/staging.cdsboutique.com\/en\/product\/kinetik-sand\/\" \/>\n<meta property=\"og:site_name\" content=\"CDS boutique A\u00een\u00e9s\" \/>\n<meta property=\"article:publisher\" content=\"https:\/\/www.facebook.com\/CDSBoutique.Aines.Seniors\" \/>\n<meta property=\"article:modified_time\" content=\"2024-10-08T18:09:00+00:00\" \/>\n<meta property=\"og:image\" content=\"https:\/\/staging.cdsboutique.com\/wp-content\/uploads\/2020\/09\/27300-3_lowrez.jpg?_t=1728410940\" \/>\n\t<meta property=\"og:image:width\" content=\"820\" \/>\n\t<meta property=\"og:image:height\" content=\"1000\" \/>\n\t<meta property=\"og:image:type\" content=\"image\/jpeg\" \/>\n<meta name=\"twitter:card\" content=\"summary_large_image\" \/>\n<meta name=\"twitter:label1\" content=\"Est. reading time\" \/>\n\t<meta name=\"twitter:data1\" content=\"1 minute\" \/>\n<script type=\"application\/ld+json\" class=\"yoast-schema-graph\">{\"@context\":\"https:\\\/\\\/schema.org\",\"@graph\":[{\"@type\":\"WebPage\",\"@id\":\"https:\\\/\\\/staging.cdsboutique.com\\\/en\\\/product\\\/kinetik-sand\\\/\",\"url\":\"https:\\\/\\\/staging.cdsboutique.com\\\/en\\\/product\\\/kinetik-sand\\\/\",\"name\":\"Kinetic Sand\",\"isPartOf\":{\"@id\":\"https:\\\/\\\/staging.cdsboutique.com\\\/#website\"},\"primaryImageOfPage\":{\"@id\":\"https:\\\/\\\/staging.cdsboutique.com\\\/en\\\/product\\\/kinetik-sand\\\/#primaryimage\"},\"image\":{\"@id\":\"https:\\\/\\\/staging.cdsboutique.com\\\/en\\\/product\\\/kinetik-sand\\\/#primaryimage\"},\"thumbnailUrl\":\"https:\\\/\\\/staging.cdsboutique.com\\\/wp-content\\\/uploads\\\/2020\\\/09\\\/27300-3_lowrez.jpg\",\"datePublished\":\"2020-11-20T17:20:05+00:00\",\"dateModified\":\"2024-10-08T18:09:00+00:00\",\"description\":\"The sand is soft and pleasant to the touch. It is very soothing for the user while working fine motor skills. This sand is easily to clean, it does not dry out and is free of wheat, gluten and casein. This product is available in several formats.\",\"breadcrumb\":{\"@id\":\"https:\\\/\\\/staging.cdsboutique.com\\\/en\\\/product\\\/kinetik-sand\\\/#breadcrumb\"},\"inLanguage\":\"en-US\",\"potentialAction\":[{\"@type\":\"ReadAction\",\"target\":[\"https:\\\/\\\/staging.cdsboutique.com\\\/en\\\/product\\\/kinetik-sand\\\/\"]}]},{\"@type\":\"ImageObject\",\"inLanguage\":\"en-US\",\"@id\":\"https:\\\/\\\/staging.cdsboutique.com\\\/en\\\/product\\\/kinetik-sand\\\/#primaryimage\",\"url\":\"https:\\\/\\\/staging.cdsboutique.com\\\/wp-content\\\/uploads\\\/2020\\\/09\\\/27300-3_lowrez.jpg\",\"contentUrl\":\"https:\\\/\\\/staging.cdsboutique.com\\\/wp-content\\\/uploads\\\/2020\\\/09\\\/27300-3_lowrez.jpg\",\"width\":820,\"height\":1000},{\"@type\":\"BreadcrumbList\",\"@id\":\"https:\\\/\\\/staging.cdsboutique.com\\\/en\\\/product\\\/kinetik-sand\\\/#breadcrumb\",\"itemListElement\":[{\"@type\":\"ListItem\",\"position\":1,\"name\":\"Home\",\"item\":\"https:\\\/\\\/staging.cdsboutique.com\\\/en\\\/\"},{\"@type\":\"ListItem\",\"position\":2,\"name\":\"Products\",\"item\":\"https:\\\/\\\/staging.cdsboutique.com\\\/en\\\/products\\\/\"},{\"@type\":\"ListItem\",\"position\":3,\"name\":\"Kinetik Sand\u00ae\"}]},{\"@type\":\"WebSite\",\"@id\":\"https:\\\/\\\/staging.cdsboutique.com\\\/#website\",\"url\":\"https:\\\/\\\/staging.cdsboutique.com\\\/\",\"name\":\"CDS boutique A\u00een\u00e9s\",\"description\":\"Pour une meilleure qualit\u00e9 de vie\",\"publisher\":{\"@id\":\"https:\\\/\\\/staging.cdsboutique.com\\\/#organization\"},\"potentialAction\":[{\"@type\":\"SearchAction\",\"target\":{\"@type\":\"EntryPoint\",\"urlTemplate\":\"https:\\\/\\\/staging.cdsboutique.com\\\/?s={search_term_string}\"},\"query-input\":{\"@type\":\"PropertyValueSpecification\",\"valueRequired\":true,\"valueName\":\"search_term_string\"}}],\"inLanguage\":\"en-US\"},{\"@type\":\"Organization\",\"@id\":\"https:\\\/\\\/staging.cdsboutique.com\\\/#organization\",\"name\":\"CDS Boutique\",\"url\":\"https:\\\/\\\/staging.cdsboutique.com\\\/\",\"logo\":{\"@type\":\"ImageObject\",\"inLanguage\":\"en-US\",\"@id\":\"https:\\\/\\\/staging.cdsboutique.com\\\/#\\\/schema\\\/logo\\\/image\\\/\",\"url\":\"https:\\\/\\\/staging.cdsboutique.com\\\/wp-content\\\/uploads\\\/2024\\\/09\\\/logoCDS-Boutique_final2024.jpg\",\"contentUrl\":\"https:\\\/\\\/staging.cdsboutique.com\\\/wp-content\\\/uploads\\\/2024\\\/09\\\/logoCDS-Boutique_final2024.jpg\",\"width\":900,\"height\":600,\"caption\":\"CDS Boutique\"},\"image\":{\"@id\":\"https:\\\/\\\/staging.cdsboutique.com\\\/#\\\/schema\\\/logo\\\/image\\\/\"},\"sameAs\":[\"https:\\\/\\\/www.facebook.com\\\/CDSBoutique.Aines.Seniors\",\"https:\\\/\\\/www.youtube.com\\\/@cdsboutique4046\",\"https:\\\/\\\/www.linkedin.com\\\/company\\\/cds-boutique\\\/\",\"https:\\\/\\\/www.instagram.com\\\/cdsboutique\\\/\"]}]}<\/script>\n<!-- \/ Yoast SEO plugin. -->","yoast_head_json":{"title":"Kinetic Sand","description":"The sand is soft and pleasant to the touch. It is very soothing for the user while working fine motor skills. This sand is easily to clean, it does not dry out and is free of wheat, gluten and casein. This product is available in several formats.","robots":{"index":"noindex","follow":"follow","max-snippet":"max-snippet:-1","max-image-preview":"max-image-preview:large","max-video-preview":"max-video-preview:-1"},"og_locale":"en_US","og_type":"article","og_title":"Kinetic Sand","og_description":"The sand is soft and pleasant to the touch. It is very soothing for the user while working fine motor skills. This sand is easily to clean, it does not dry out and is free of wheat, gluten and casein. This product is available in several formats.","og_url":"https:\/\/staging.cdsboutique.com\/en\/product\/kinetik-sand\/","og_site_name":"CDS boutique A\u00een\u00e9s","article_publisher":"https:\/\/www.facebook.com\/CDSBoutique.Aines.Seniors","article_modified_time":"2024-10-08T18:09:00+00:00","og_image":[{"width":820,"height":1000,"url":"https:\/\/staging.cdsboutique.com\/wp-content\/uploads\/2020\/09\/27300-3_lowrez.jpg?_t=1728410940","type":"image\/jpeg"}],"twitter_card":"summary_large_image","twitter_misc":{"Est. reading time":"1 minute"},"schema":{"@context":"https:\/\/schema.org","@graph":[{"@type":"WebPage","@id":"https:\/\/staging.cdsboutique.com\/en\/product\/kinetik-sand\/","url":"https:\/\/staging.cdsboutique.com\/en\/product\/kinetik-sand\/","name":"Kinetic Sand","isPartOf":{"@id":"https:\/\/staging.cdsboutique.com\/#website"},"primaryImageOfPage":{"@id":"https:\/\/staging.cdsboutique.com\/en\/product\/kinetik-sand\/#primaryimage"},"image":{"@id":"https:\/\/staging.cdsboutique.com\/en\/product\/kinetik-sand\/#primaryimage"},"thumbnailUrl":"https:\/\/staging.cdsboutique.com\/wp-content\/uploads\/2020\/09\/27300-3_lowrez.jpg","datePublished":"2020-11-20T17:20:05+00:00","dateModified":"2024-10-08T18:09:00+00:00","description":"The sand is soft and pleasant to the touch. It is very soothing for the user while working fine motor skills. This sand is easily to clean, it does not dry out and is free of wheat, gluten and casein. This product is available in several formats.","breadcrumb":{"@id":"https:\/\/staging.cdsboutique.com\/en\/product\/kinetik-sand\/#breadcrumb"},"inLanguage":"en-US","potentialAction":[{"@type":"ReadAction","target":["https:\/\/staging.cdsboutique.com\/en\/product\/kinetik-sand\/"]}]},{"@type":"ImageObject","inLanguage":"en-US","@id":"https:\/\/staging.cdsboutique.com\/en\/product\/kinetik-sand\/#primaryimage","url":"https:\/\/staging.cdsboutique.com\/wp-content\/uploads\/2020\/09\/27300-3_lowrez.jpg","contentUrl":"https:\/\/staging.cdsboutique.com\/wp-content\/uploads\/2020\/09\/27300-3_lowrez.jpg","width":820,"height":1000},{"@type":"BreadcrumbList","@id":"https:\/\/staging.cdsboutique.com\/en\/product\/kinetik-sand\/#breadcrumb","itemListElement":[{"@type":"ListItem","position":1,"name":"Home","item":"https:\/\/staging.cdsboutique.com\/en\/"},{"@type":"ListItem","position":2,"name":"Products","item":"https:\/\/staging.cdsboutique.com\/en\/products\/"},{"@type":"ListItem","position":3,"name":"Kinetik Sand\u00ae"}]},{"@type":"WebSite","@id":"https:\/\/staging.cdsboutique.com\/#website","url":"https:\/\/staging.cdsboutique.com\/","name":"CDS boutique A\u00een\u00e9s","description":"Pour une meilleure qualit\u00e9 de vie","publisher":{"@id":"https:\/\/staging.cdsboutique.com\/#organization"},"potentialAction":[{"@type":"SearchAction","target":{"@type":"EntryPoint","urlTemplate":"https:\/\/staging.cdsboutique.com\/?s={search_term_string}"},"query-input":{"@type":"PropertyValueSpecification","valueRequired":true,"valueName":"search_term_string"}}],"inLanguage":"en-US"},{"@type":"Organization","@id":"https:\/\/staging.cdsboutique.com\/#organization","name":"CDS Boutique","url":"https:\/\/staging.cdsboutique.com\/","logo":{"@type":"ImageObject","inLanguage":"en-US","@id":"https:\/\/staging.cdsboutique.com\/#\/schema\/logo\/image\/","url":"https:\/\/staging.cdsboutique.com\/wp-content\/uploads\/2024\/09\/logoCDS-Boutique_final2024.jpg","contentUrl":"https:\/\/staging.cdsboutique.com\/wp-content\/uploads\/2024\/09\/logoCDS-Boutique_final2024.jpg","width":900,"height":600,"caption":"CDS Boutique"},"image":{"@id":"https:\/\/staging.cdsboutique.com\/#\/schema\/logo\/image\/"},"sameAs":["https:\/\/www.facebook.com\/CDSBoutique.Aines.Seniors","https:\/\/www.youtube.com\/@cdsboutique4046","https:\/\/www.linkedin.com\/company\/cds-boutique\/","https:\/\/www.instagram.com\/cdsboutique\/"]}]}},"_links":{"self":[{"href":"https:\/\/staging.cdsboutique.com\/en\/wp-json\/wp\/v2\/product\/26480","targetHints":{"allow":["GET"]}}],"collection":[{"href":"https:\/\/staging.cdsboutique.com\/en\/wp-json\/wp\/v2\/product"}],"about":[{"href":"https:\/\/staging.cdsboutique.com\/en\/wp-json\/wp\/v2\/types\/product"}],"replies":[{"embeddable":true,"href":"https:\/\/staging.cdsboutique.com\/en\/wp-json\/wp\/v2\/comments?post=26480"}],"wp:featuredmedia":[{"embeddable":true,"href":"https:\/\/staging.cdsboutique.com\/en\/wp-json\/wp\/v2\/media\/6804"}],"wp:attachment":[{"href":"https:\/\/staging.cdsboutique.com\/en\/wp-json\/wp\/v2\/media?parent=26480"}],"wp:term":[{"taxonomy":"product_brand","embeddable":true,"href":"https:\/\/staging.cdsboutique.com\/en\/wp-json\/wp\/v2\/product_brand?post=26480"},{"taxonomy":"product_cat","embeddable":true,"href":"https:\/\/staging.cdsboutique.com\/en\/wp-json\/wp\/v2\/product_cat?post=26480"},{"taxonomy":"product_tag","embeddable":true,"href":"https:\/\/staging.cdsboutique.com\/en\/wp-json\/wp\/v2\/product_tag?post=26480"}],"curies":[{"name":"wp","href":"https:\/\/api.w.org\/{rel}","templated":true}]}}