{"id":26872,"date":"2020-11-20T09:38:29","date_gmt":"2020-11-20T14:38:29","guid":{"rendered":"https:\/\/cdsboutique.com\/produits\/twiddle-sport\/"},"modified":"2024-02-22T15:49:10","modified_gmt":"2024-02-22T20:49:10","slug":"twiddle-sport","status":"publish","type":"product","link":"https:\/\/staging.cdsboutique.com\/en\/produit\/twiddle-sport\/","title":{"rendered":"Twiddle\u2122 Sport"},"content":{"rendered":"<p style=\"text-align: justify;\"><strong>This Sport Twiddle Muff provides comfort, warmth and activity to promote increased hand flexibility and brain stimulation.<\/strong><\/p>\n<p style=\"text-align: justify;\">Twillde Muffs have been created with the feedback and input from physical therapists and those who work with the elderly. The design and variety of Twiddle attachments provide therapeutic benefits for those struggling with Alzheimer&#8217;s, arthritis and dementia. Twiddle Muffs can help and comfort those with diminished hand mobility, limited social interaction or anyone soothed by repetitive tactile stimulation.<\/p>\n<p style=\"text-align: justify;\">Each Twiddle Muff is made from a cozy fabric and features stimulating attachments: Multi-Coloured soft-plastic orbit ball\u00a0tethered within the center of the muff, three exchangeable gadgets (sealed satin crackle bag, strand of textured ribbons, loop of colorful wooden beads), soft, smooth satin or faux suede pocket for personal essentials and Velcro tab patch.<\/p>\n<p style=\"text-align: justify;\">All Twiddle gadgets are detachable to enable customization and easy machine cleaning.<\/p>\n<p><strong><em>This product can&#8217;t be returned for health reasons.<\/em><\/strong><\/p>\n","protected":false},"excerpt":{"rendered":"<p>This Sport Twiddle Muff provides comfort, warmth and activity to promote increased hand flexibility and brain stimulation. Twillde Muffs have been created with the feedback and input from physical therapists and those who work with the elderly. The design and variety of Twiddle attachments provide therapeutic benefits for those struggling with Alzheimer&#8217;s, arthritis and dementia. [&hellip;]<\/p>\n","protected":false},"featured_media":2797,"comment_status":"closed","ping_status":"closed","template":"","meta":{"_acf_changed":false},"product_brand":[],"product_cat":[4401],"product_tag":[],"class_list":{"0":"post-26872","1":"product","2":"type-product","3":"status-publish","4":"has-post-thumbnail","6":"product_cat-all","7":"product_shipping_class-frais-de-livraison-en","9":"first","10":"instock","11":"taxable","12":"shipping-taxable","13":"purchasable","14":"product-type-simple"},"bundled_by":[],"bundle_stock_status":"instock","bundle_stock_quantity":null,"bundle_virtual":false,"bundle_layout":"","bundle_add_to_cart_form_location":"","bundle_editable_in_cart":false,"bundle_sold_individually_context":"","bundle_item_grouping":"","bundle_min_size":"","bundle_max_size":"","bundle_price":[],"bundled_items":[],"bundle_sell_ids":[],"acf":[],"featured_image_urls_v2":{"full":["https:\/\/staging.cdsboutique.com\/wp-content\/uploads\/2020\/09\/twiddle_sport_hirez.jpg",1200,1006,false],"thumbnail":["https:\/\/staging.cdsboutique.com\/wp-content\/uploads\/2020\/09\/twiddle_sport_hirez-150x150.jpg",150,150,true],"medium":["https:\/\/staging.cdsboutique.com\/wp-content\/uploads\/2020\/09\/twiddle_sport_hirez-300x252.jpg",300,252,true],"medium_large":["https:\/\/staging.cdsboutique.com\/wp-content\/uploads\/2020\/09\/twiddle_sport_hirez-768x644.jpg",768,644,true],"large":["https:\/\/staging.cdsboutique.com\/wp-content\/uploads\/2020\/09\/twiddle_sport_hirez-1024x858.jpg",980,821,true],"1536x1536":["https:\/\/staging.cdsboutique.com\/wp-content\/uploads\/2020\/09\/twiddle_sport_hirez.jpg",1200,1006,false],"2048x2048":["https:\/\/staging.cdsboutique.com\/wp-content\/uploads\/2020\/09\/twiddle_sport_hirez.jpg",1200,1006,false],"gform-image-choice-sm":["https:\/\/staging.cdsboutique.com\/wp-content\/uploads\/2020\/09\/twiddle_sport_hirez.jpg",300,252,false],"gform-image-choice-md":["https:\/\/staging.cdsboutique.com\/wp-content\/uploads\/2020\/09\/twiddle_sport_hirez.jpg",400,335,false],"gform-image-choice-lg":["https:\/\/staging.cdsboutique.com\/wp-content\/uploads\/2020\/09\/twiddle_sport_hirez.jpg",600,503,false],"woocommerce_thumbnail":["https:\/\/staging.cdsboutique.com\/wp-content\/uploads\/2020\/09\/twiddle_sport_hirez-300x252.jpg",300,252,true],"woocommerce_single":["https:\/\/staging.cdsboutique.com\/wp-content\/uploads\/2020\/09\/twiddle_sport_hirez-600x503.jpg",600,503,true],"woocommerce_gallery_thumbnail":["https:\/\/staging.cdsboutique.com\/wp-content\/uploads\/2020\/09\/twiddle_sport_hirez-100x100.jpg",100,100,true],"variation_swatches_image_size":["https:\/\/staging.cdsboutique.com\/wp-content\/uploads\/2020\/09\/twiddle_sport_hirez.jpg",50,42,false],"variation_swatches_tooltip_size":["https:\/\/staging.cdsboutique.com\/wp-content\/uploads\/2020\/09\/twiddle_sport_hirez.jpg",100,84,false],"logo-size":["https:\/\/staging.cdsboutique.com\/wp-content\/uploads\/2020\/09\/twiddle_sport_hirez-100x84.jpg",100,84,true],"blog":["https:\/\/staging.cdsboutique.com\/wp-content\/uploads\/2020\/09\/twiddle_sport_hirez-350x260.jpg",350,260,true]},"post_excerpt_stackable_v2":"<p>This Sport Twiddle Muff provides comfort, warmth and activity to promote increased hand flexibility and brain stimulation. Twillde Muffs have been created with the feedback and input from physical therapists and those who work with the elderly. The design and variety of Twiddle attachments provide therapeutic benefits for those struggling with Alzheimer&#8217;s, arthritis and dementia. Twiddle Muffs can help and comfort those with diminished hand mobility, limited social interaction or anyone soothed by repetitive tactile stimulation. Each Twiddle Muff is made from a cozy fabric and features stimulating attachments: Multi-Coloured soft-plastic orbit ball\u00a0tethered within the center of the muff, three&hellip;<\/p>\n","category_list_v2":"","author_info_v2":{"name":"","url":""},"comments_num_v2":"0 comments","yoast_head":"<!-- This site is optimized with the Yoast SEO plugin v27.4 - https:\/\/yoast.com\/product\/yoast-seo-wordpress\/ -->\n<title>Twiddle\u2122 Sport - CDS boutique A\u00een\u00e9s<\/title>\n<meta name=\"description\" content=\"This Sport Twiddle Muff provides comfort, warmth and activity to promote increased hand flexibility and brain stimulation.\" \/>\n<meta name=\"robots\" content=\"noindex, follow, max-snippet:-1, max-image-preview:large, max-video-preview:-1\" \/>\n<meta property=\"og:locale\" content=\"en_US\" \/>\n<meta property=\"og:type\" content=\"article\" \/>\n<meta property=\"og:title\" content=\"Twiddle\u2122 Sport - CDS boutique A\u00een\u00e9s\" \/>\n<meta property=\"og:description\" content=\"This Sport Twiddle Muff provides comfort, warmth and activity to promote increased hand flexibility and brain stimulation.\" \/>\n<meta property=\"og:url\" content=\"https:\/\/staging.cdsboutique.com\/en\/product\/twiddle-sport\/\" \/>\n<meta property=\"og:site_name\" content=\"CDS boutique A\u00een\u00e9s\" \/>\n<meta property=\"article:publisher\" content=\"https:\/\/www.facebook.com\/CDSBoutique.Aines.Seniors\" \/>\n<meta property=\"article:modified_time\" content=\"2024-02-22T20:49:10+00:00\" \/>\n<meta property=\"og:image\" content=\"https:\/\/staging.cdsboutique.com\/wp-content\/uploads\/2020\/09\/twiddle_sport_hirez.jpg?_t=1708634951\" \/>\n\t<meta property=\"og:image:width\" content=\"1200\" \/>\n\t<meta property=\"og:image:height\" content=\"1006\" \/>\n\t<meta property=\"og:image:type\" content=\"image\/jpeg\" \/>\n<meta name=\"twitter:card\" content=\"summary_large_image\" \/>\n<meta name=\"twitter:label1\" content=\"Est. reading time\" \/>\n\t<meta name=\"twitter:data1\" content=\"1 minute\" \/>\n<script type=\"application\/ld+json\" class=\"yoast-schema-graph\">{\"@context\":\"https:\\\/\\\/schema.org\",\"@graph\":[{\"@type\":\"WebPage\",\"@id\":\"https:\\\/\\\/staging.cdsboutique.com\\\/en\\\/product\\\/twiddle-sport\\\/\",\"url\":\"https:\\\/\\\/staging.cdsboutique.com\\\/en\\\/product\\\/twiddle-sport\\\/\",\"name\":\"Twiddle\u2122 Sport - CDS boutique A\u00een\u00e9s\",\"isPartOf\":{\"@id\":\"https:\\\/\\\/staging.cdsboutique.com\\\/#website\"},\"primaryImageOfPage\":{\"@id\":\"https:\\\/\\\/staging.cdsboutique.com\\\/en\\\/product\\\/twiddle-sport\\\/#primaryimage\"},\"image\":{\"@id\":\"https:\\\/\\\/staging.cdsboutique.com\\\/en\\\/product\\\/twiddle-sport\\\/#primaryimage\"},\"thumbnailUrl\":\"https:\\\/\\\/staging.cdsboutique.com\\\/wp-content\\\/uploads\\\/2020\\\/09\\\/twiddle_sport_hirez.jpg\",\"datePublished\":\"2020-11-20T14:38:29+00:00\",\"dateModified\":\"2024-02-22T20:49:10+00:00\",\"description\":\"This Sport Twiddle Muff provides comfort, warmth and activity to promote increased hand flexibility and brain stimulation.\",\"breadcrumb\":{\"@id\":\"https:\\\/\\\/staging.cdsboutique.com\\\/en\\\/product\\\/twiddle-sport\\\/#breadcrumb\"},\"inLanguage\":\"en-US\",\"potentialAction\":[{\"@type\":\"ReadAction\",\"target\":[\"https:\\\/\\\/staging.cdsboutique.com\\\/en\\\/product\\\/twiddle-sport\\\/\"]}]},{\"@type\":\"ImageObject\",\"inLanguage\":\"en-US\",\"@id\":\"https:\\\/\\\/staging.cdsboutique.com\\\/en\\\/product\\\/twiddle-sport\\\/#primaryimage\",\"url\":\"https:\\\/\\\/staging.cdsboutique.com\\\/wp-content\\\/uploads\\\/2020\\\/09\\\/twiddle_sport_hirez.jpg\",\"contentUrl\":\"https:\\\/\\\/staging.cdsboutique.com\\\/wp-content\\\/uploads\\\/2020\\\/09\\\/twiddle_sport_hirez.jpg\",\"width\":1200,\"height\":1006},{\"@type\":\"BreadcrumbList\",\"@id\":\"https:\\\/\\\/staging.cdsboutique.com\\\/en\\\/product\\\/twiddle-sport\\\/#breadcrumb\",\"itemListElement\":[{\"@type\":\"ListItem\",\"position\":1,\"name\":\"Home\",\"item\":\"https:\\\/\\\/staging.cdsboutique.com\\\/en\\\/\"},{\"@type\":\"ListItem\",\"position\":2,\"name\":\"Products\",\"item\":\"https:\\\/\\\/staging.cdsboutique.com\\\/en\\\/products\\\/\"},{\"@type\":\"ListItem\",\"position\":3,\"name\":\"Twiddle\u2122 Sport\"}]},{\"@type\":\"WebSite\",\"@id\":\"https:\\\/\\\/staging.cdsboutique.com\\\/#website\",\"url\":\"https:\\\/\\\/staging.cdsboutique.com\\\/\",\"name\":\"CDS boutique A\u00een\u00e9s\",\"description\":\"Pour une meilleure qualit\u00e9 de vie\",\"publisher\":{\"@id\":\"https:\\\/\\\/staging.cdsboutique.com\\\/#organization\"},\"potentialAction\":[{\"@type\":\"SearchAction\",\"target\":{\"@type\":\"EntryPoint\",\"urlTemplate\":\"https:\\\/\\\/staging.cdsboutique.com\\\/?s={search_term_string}\"},\"query-input\":{\"@type\":\"PropertyValueSpecification\",\"valueRequired\":true,\"valueName\":\"search_term_string\"}}],\"inLanguage\":\"en-US\"},{\"@type\":\"Organization\",\"@id\":\"https:\\\/\\\/staging.cdsboutique.com\\\/#organization\",\"name\":\"CDS Boutique\",\"url\":\"https:\\\/\\\/staging.cdsboutique.com\\\/\",\"logo\":{\"@type\":\"ImageObject\",\"inLanguage\":\"en-US\",\"@id\":\"https:\\\/\\\/staging.cdsboutique.com\\\/#\\\/schema\\\/logo\\\/image\\\/\",\"url\":\"https:\\\/\\\/staging.cdsboutique.com\\\/wp-content\\\/uploads\\\/2024\\\/09\\\/logoCDS-Boutique_final2024.jpg\",\"contentUrl\":\"https:\\\/\\\/staging.cdsboutique.com\\\/wp-content\\\/uploads\\\/2024\\\/09\\\/logoCDS-Boutique_final2024.jpg\",\"width\":900,\"height\":600,\"caption\":\"CDS Boutique\"},\"image\":{\"@id\":\"https:\\\/\\\/staging.cdsboutique.com\\\/#\\\/schema\\\/logo\\\/image\\\/\"},\"sameAs\":[\"https:\\\/\\\/www.facebook.com\\\/CDSBoutique.Aines.Seniors\",\"https:\\\/\\\/www.youtube.com\\\/@cdsboutique4046\",\"https:\\\/\\\/www.linkedin.com\\\/company\\\/cds-boutique\\\/\",\"https:\\\/\\\/www.instagram.com\\\/cdsboutique\\\/\"]}]}<\/script>\n<!-- \/ Yoast SEO plugin. -->","yoast_head_json":{"title":"Twiddle\u2122 Sport - CDS boutique A\u00een\u00e9s","description":"This Sport Twiddle Muff provides comfort, warmth and activity to promote increased hand flexibility and brain stimulation.","robots":{"index":"noindex","follow":"follow","max-snippet":"max-snippet:-1","max-image-preview":"max-image-preview:large","max-video-preview":"max-video-preview:-1"},"og_locale":"en_US","og_type":"article","og_title":"Twiddle\u2122 Sport - CDS boutique A\u00een\u00e9s","og_description":"This Sport Twiddle Muff provides comfort, warmth and activity to promote increased hand flexibility and brain stimulation.","og_url":"https:\/\/staging.cdsboutique.com\/en\/product\/twiddle-sport\/","og_site_name":"CDS boutique A\u00een\u00e9s","article_publisher":"https:\/\/www.facebook.com\/CDSBoutique.Aines.Seniors","article_modified_time":"2024-02-22T20:49:10+00:00","og_image":[{"width":1200,"height":1006,"url":"https:\/\/staging.cdsboutique.com\/wp-content\/uploads\/2020\/09\/twiddle_sport_hirez.jpg?_t=1708634951","type":"image\/jpeg"}],"twitter_card":"summary_large_image","twitter_misc":{"Est. reading time":"1 minute"},"schema":{"@context":"https:\/\/schema.org","@graph":[{"@type":"WebPage","@id":"https:\/\/staging.cdsboutique.com\/en\/product\/twiddle-sport\/","url":"https:\/\/staging.cdsboutique.com\/en\/product\/twiddle-sport\/","name":"Twiddle\u2122 Sport - CDS boutique A\u00een\u00e9s","isPartOf":{"@id":"https:\/\/staging.cdsboutique.com\/#website"},"primaryImageOfPage":{"@id":"https:\/\/staging.cdsboutique.com\/en\/product\/twiddle-sport\/#primaryimage"},"image":{"@id":"https:\/\/staging.cdsboutique.com\/en\/product\/twiddle-sport\/#primaryimage"},"thumbnailUrl":"https:\/\/staging.cdsboutique.com\/wp-content\/uploads\/2020\/09\/twiddle_sport_hirez.jpg","datePublished":"2020-11-20T14:38:29+00:00","dateModified":"2024-02-22T20:49:10+00:00","description":"This Sport Twiddle Muff provides comfort, warmth and activity to promote increased hand flexibility and brain stimulation.","breadcrumb":{"@id":"https:\/\/staging.cdsboutique.com\/en\/product\/twiddle-sport\/#breadcrumb"},"inLanguage":"en-US","potentialAction":[{"@type":"ReadAction","target":["https:\/\/staging.cdsboutique.com\/en\/product\/twiddle-sport\/"]}]},{"@type":"ImageObject","inLanguage":"en-US","@id":"https:\/\/staging.cdsboutique.com\/en\/product\/twiddle-sport\/#primaryimage","url":"https:\/\/staging.cdsboutique.com\/wp-content\/uploads\/2020\/09\/twiddle_sport_hirez.jpg","contentUrl":"https:\/\/staging.cdsboutique.com\/wp-content\/uploads\/2020\/09\/twiddle_sport_hirez.jpg","width":1200,"height":1006},{"@type":"BreadcrumbList","@id":"https:\/\/staging.cdsboutique.com\/en\/product\/twiddle-sport\/#breadcrumb","itemListElement":[{"@type":"ListItem","position":1,"name":"Home","item":"https:\/\/staging.cdsboutique.com\/en\/"},{"@type":"ListItem","position":2,"name":"Products","item":"https:\/\/staging.cdsboutique.com\/en\/products\/"},{"@type":"ListItem","position":3,"name":"Twiddle\u2122 Sport"}]},{"@type":"WebSite","@id":"https:\/\/staging.cdsboutique.com\/#website","url":"https:\/\/staging.cdsboutique.com\/","name":"CDS boutique A\u00een\u00e9s","description":"Pour une meilleure qualit\u00e9 de vie","publisher":{"@id":"https:\/\/staging.cdsboutique.com\/#organization"},"potentialAction":[{"@type":"SearchAction","target":{"@type":"EntryPoint","urlTemplate":"https:\/\/staging.cdsboutique.com\/?s={search_term_string}"},"query-input":{"@type":"PropertyValueSpecification","valueRequired":true,"valueName":"search_term_string"}}],"inLanguage":"en-US"},{"@type":"Organization","@id":"https:\/\/staging.cdsboutique.com\/#organization","name":"CDS Boutique","url":"https:\/\/staging.cdsboutique.com\/","logo":{"@type":"ImageObject","inLanguage":"en-US","@id":"https:\/\/staging.cdsboutique.com\/#\/schema\/logo\/image\/","url":"https:\/\/staging.cdsboutique.com\/wp-content\/uploads\/2024\/09\/logoCDS-Boutique_final2024.jpg","contentUrl":"https:\/\/staging.cdsboutique.com\/wp-content\/uploads\/2024\/09\/logoCDS-Boutique_final2024.jpg","width":900,"height":600,"caption":"CDS Boutique"},"image":{"@id":"https:\/\/staging.cdsboutique.com\/#\/schema\/logo\/image\/"},"sameAs":["https:\/\/www.facebook.com\/CDSBoutique.Aines.Seniors","https:\/\/www.youtube.com\/@cdsboutique4046","https:\/\/www.linkedin.com\/company\/cds-boutique\/","https:\/\/www.instagram.com\/cdsboutique\/"]}]}},"_links":{"self":[{"href":"https:\/\/staging.cdsboutique.com\/en\/wp-json\/wp\/v2\/product\/26872","targetHints":{"allow":["GET"]}}],"collection":[{"href":"https:\/\/staging.cdsboutique.com\/en\/wp-json\/wp\/v2\/product"}],"about":[{"href":"https:\/\/staging.cdsboutique.com\/en\/wp-json\/wp\/v2\/types\/product"}],"replies":[{"embeddable":true,"href":"https:\/\/staging.cdsboutique.com\/en\/wp-json\/wp\/v2\/comments?post=26872"}],"wp:featuredmedia":[{"embeddable":true,"href":"https:\/\/staging.cdsboutique.com\/en\/wp-json\/wp\/v2\/media\/2797"}],"wp:attachment":[{"href":"https:\/\/staging.cdsboutique.com\/en\/wp-json\/wp\/v2\/media?parent=26872"}],"wp:term":[{"taxonomy":"product_brand","embeddable":true,"href":"https:\/\/staging.cdsboutique.com\/en\/wp-json\/wp\/v2\/product_brand?post=26872"},{"taxonomy":"product_cat","embeddable":true,"href":"https:\/\/staging.cdsboutique.com\/en\/wp-json\/wp\/v2\/product_cat?post=26872"},{"taxonomy":"product_tag","embeddable":true,"href":"https:\/\/staging.cdsboutique.com\/en\/wp-json\/wp\/v2\/product_tag?post=26872"}],"curies":[{"name":"wp","href":"https:\/\/api.w.org\/{rel}","templated":true}]}}