{"id":26931,"date":"2020-11-20T09:39:44","date_gmt":"2020-11-20T16:56:14","guid":{"rendered":"https:\/\/cdsboutique.com\/produits\/uncoated-yellow-foam-ball-8-inches\/"},"modified":"2026-02-23T08:49:11","modified_gmt":"2026-02-23T13:49:11","slug":"uncoated-yellow-foam-ball-8-inches","status":"publish","type":"product","link":"https:\/\/staging.cdsboutique.com\/en\/produit\/uncoated-yellow-foam-ball-8-inches\/","title":{"rendered":"Uncoated Yellow Foam Ball 8 inches"},"content":{"rendered":"<div class=\"flex flex-grow flex-col max-w-full\">\n<div class=\"min-h-[20px] text-message flex flex-col items-start gap-3 whitespace-pre-wrap break-words [.text-message+&amp;]:mt-5 overflow-x-auto\" dir=\"auto\" data-message-author-role=\"assistant\" data-message-id=\"4e1c281c-964d-44c8-883c-7fcc170f6008\">\n<div class=\"markdown prose w-full break-words dark:prose-invert dark\">\n<p><strong>Add some sunshine and colour to your fitness activities with this 8-inch Uncoated Yellow Foam Ball.<\/strong><\/p>\n<p>So, don&#8217;t wait any longer and get this quality ball now!<\/p>\n<p>This ball provides a safe and enjoyable experience for users. It is as easy to use as it is to transport, being lightweight and requiring little effort to manipulate. It is perfect for seniors experiencing reduced autonomy.<\/p>\n<p>Thanks to its dense and sturdy foam construction, this 8-inch Uncoated Yellow Foam Ball\u00a0offers a comfortable grip while reducing the risk of injury upon contact with the foot or hands.<\/p>\n<p>Players will appreciate the versatility of this 8-inch yellow foam ball, which can be used for standing or seated games, as well as for relaxation exercises by squeezing or manipulating it.<\/p>\n<\/div>\n<\/div>\n<\/div>\n","protected":false},"excerpt":{"rendered":"<p>Add some sunshine and colour to your fitness activities with this 8-inch Uncoated Yellow Foam Ball. So, don&#8217;t wait any longer and get this quality ball now! This ball provides a safe and enjoyable experience for users. It is as easy to use as it is to transport, being lightweight and requiring little effort to [&hellip;]<\/p>\n","protected":false},"featured_media":2974,"comment_status":"open","ping_status":"closed","template":"","meta":{"_acf_changed":false},"product_brand":[],"product_cat":[4736,4401,2811],"product_tag":[],"class_list":{"0":"post-26931","1":"product","2":"type-product","3":"status-publish","4":"has-post-thumbnail","6":"product_cat-active-games","7":"product_cat-all","8":"product_cat-balls-active-games","9":"product_shipping_class-frais-de-livraison-en","11":"first","12":"instock","13":"taxable","14":"shipping-taxable","15":"purchasable","16":"product-type-simple"},"bundled_by":["66081"],"bundle_stock_status":"instock","bundle_stock_quantity":null,"bundle_virtual":false,"bundle_layout":"","bundle_add_to_cart_form_location":"","bundle_editable_in_cart":false,"bundle_sold_individually_context":"","bundle_item_grouping":"","bundle_min_size":"","bundle_max_size":"","bundle_price":[],"bundled_items":[],"bundle_sell_ids":[],"acf":[],"featured_image_urls_v2":{"full":["https:\/\/staging.cdsboutique.com\/wp-content\/uploads\/2020\/09\/2777_lowrez.jpg",600,600,false],"thumbnail":["https:\/\/staging.cdsboutique.com\/wp-content\/uploads\/2020\/09\/2777_lowrez-150x150.jpg",150,150,true],"medium":["https:\/\/staging.cdsboutique.com\/wp-content\/uploads\/2020\/09\/2777_lowrez-300x300.jpg",300,300,true],"medium_large":["https:\/\/staging.cdsboutique.com\/wp-content\/uploads\/2020\/09\/2777_lowrez.jpg",600,600,false],"large":["https:\/\/staging.cdsboutique.com\/wp-content\/uploads\/2020\/09\/2777_lowrez.jpg",600,600,false],"1536x1536":["https:\/\/staging.cdsboutique.com\/wp-content\/uploads\/2020\/09\/2777_lowrez.jpg",600,600,false],"2048x2048":["https:\/\/staging.cdsboutique.com\/wp-content\/uploads\/2020\/09\/2777_lowrez.jpg",600,600,false],"gform-image-choice-sm":["https:\/\/staging.cdsboutique.com\/wp-content\/uploads\/2020\/09\/2777_lowrez.jpg",300,300,false],"gform-image-choice-md":["https:\/\/staging.cdsboutique.com\/wp-content\/uploads\/2020\/09\/2777_lowrez.jpg",400,400,false],"gform-image-choice-lg":["https:\/\/staging.cdsboutique.com\/wp-content\/uploads\/2020\/09\/2777_lowrez.jpg",600,600,false],"woocommerce_thumbnail":["https:\/\/staging.cdsboutique.com\/wp-content\/uploads\/2020\/09\/2777_lowrez-300x300.jpg",300,300,true],"woocommerce_single":["https:\/\/staging.cdsboutique.com\/wp-content\/uploads\/2020\/09\/2777_lowrez-600x600.jpg",600,600,true],"woocommerce_gallery_thumbnail":["https:\/\/staging.cdsboutique.com\/wp-content\/uploads\/2020\/09\/2777_lowrez-100x100.jpg",100,100,true],"variation_swatches_image_size":["https:\/\/staging.cdsboutique.com\/wp-content\/uploads\/2020\/09\/2777_lowrez.jpg",50,50,false],"variation_swatches_tooltip_size":["https:\/\/staging.cdsboutique.com\/wp-content\/uploads\/2020\/09\/2777_lowrez.jpg",100,100,false],"logo-size":["https:\/\/staging.cdsboutique.com\/wp-content\/uploads\/2020\/09\/2777_lowrez-84x84.jpg",84,84,true],"blog":["https:\/\/staging.cdsboutique.com\/wp-content\/uploads\/2020\/09\/2777_lowrez-350x260.jpg",350,260,true]},"post_excerpt_stackable_v2":"<p>Add some sunshine and colour to your fitness activities with this 8-inch Uncoated Yellow Foam Ball. So, don&#8217;t wait any longer and get this quality ball now! This ball provides a safe and enjoyable experience for users. It is as easy to use as it is to transport, being lightweight and requiring little effort to manipulate. It is perfect for seniors experiencing reduced autonomy. Thanks to its dense and sturdy foam construction, this 8-inch Uncoated Yellow Foam Ball\u00a0offers a comfortable grip while reducing the risk of injury upon contact with the foot or hands. Players will appreciate the versatility of&hellip;<\/p>\n","category_list_v2":"","author_info_v2":{"name":"","url":""},"comments_num_v2":"0 comments","yoast_head":"<!-- This site is optimized with the Yoast SEO plugin v27.4 - https:\/\/yoast.com\/product\/yoast-seo-wordpress\/ -->\n<title>Uncoated Yellow Foam Ball 8 inches<\/title>\n<meta name=\"description\" content=\"Add some sunshine and colour to your fitness activities with your seniors with this 8-inch Uncoated Yellow Foam Ball. Get this quality ball now!\" \/>\n<meta name=\"robots\" content=\"noindex, follow, max-snippet:-1, max-image-preview:large, max-video-preview:-1\" \/>\n<meta property=\"og:locale\" content=\"en_US\" \/>\n<meta property=\"og:type\" content=\"article\" \/>\n<meta property=\"og:title\" content=\"Uncoated Yellow Foam Ball 8 inches\" \/>\n<meta property=\"og:description\" content=\"Add some sunshine and colour to your fitness activities with your seniors with this 8-inch Uncoated Yellow Foam Ball. Get this quality ball now!\" \/>\n<meta property=\"og:url\" content=\"https:\/\/staging.cdsboutique.com\/en\/product\/uncoated-yellow-foam-ball-8-inches\/\" \/>\n<meta property=\"og:site_name\" content=\"CDS boutique A\u00een\u00e9s\" \/>\n<meta property=\"article:publisher\" content=\"https:\/\/www.facebook.com\/CDSBoutique.Aines.Seniors\" \/>\n<meta property=\"article:modified_time\" content=\"2026-02-23T13:49:11+00:00\" \/>\n<meta property=\"og:image\" content=\"https:\/\/staging.cdsboutique.com\/wp-content\/uploads\/2020\/09\/2777_lowrez.jpg?_t=1761056722\" \/>\n\t<meta property=\"og:image:width\" content=\"600\" \/>\n\t<meta property=\"og:image:height\" content=\"600\" \/>\n\t<meta property=\"og:image:type\" content=\"image\/jpeg\" \/>\n<meta name=\"twitter:card\" content=\"summary_large_image\" \/>\n<meta name=\"twitter:label1\" content=\"Est. reading time\" \/>\n\t<meta name=\"twitter:data1\" content=\"1 minute\" \/>\n<script type=\"application\/ld+json\" class=\"yoast-schema-graph\">{\"@context\":\"https:\\\/\\\/schema.org\",\"@graph\":[{\"@type\":\"WebPage\",\"@id\":\"https:\\\/\\\/staging.cdsboutique.com\\\/en\\\/product\\\/uncoated-yellow-foam-ball-8-inches\\\/\",\"url\":\"https:\\\/\\\/staging.cdsboutique.com\\\/en\\\/product\\\/uncoated-yellow-foam-ball-8-inches\\\/\",\"name\":\"Uncoated Yellow Foam Ball 8 inches\",\"isPartOf\":{\"@id\":\"https:\\\/\\\/staging.cdsboutique.com\\\/#website\"},\"primaryImageOfPage\":{\"@id\":\"https:\\\/\\\/staging.cdsboutique.com\\\/en\\\/product\\\/uncoated-yellow-foam-ball-8-inches\\\/#primaryimage\"},\"image\":{\"@id\":\"https:\\\/\\\/staging.cdsboutique.com\\\/en\\\/product\\\/uncoated-yellow-foam-ball-8-inches\\\/#primaryimage\"},\"thumbnailUrl\":\"https:\\\/\\\/staging.cdsboutique.com\\\/wp-content\\\/uploads\\\/2020\\\/09\\\/2777_lowrez.jpg\",\"datePublished\":\"2020-11-20T16:56:14+00:00\",\"dateModified\":\"2026-02-23T13:49:11+00:00\",\"description\":\"Add some sunshine and colour to your fitness activities with your seniors with this 8-inch Uncoated Yellow Foam Ball. Get this quality ball now!\",\"breadcrumb\":{\"@id\":\"https:\\\/\\\/staging.cdsboutique.com\\\/en\\\/product\\\/uncoated-yellow-foam-ball-8-inches\\\/#breadcrumb\"},\"inLanguage\":\"en-US\",\"potentialAction\":[{\"@type\":\"ReadAction\",\"target\":[\"https:\\\/\\\/staging.cdsboutique.com\\\/en\\\/product\\\/uncoated-yellow-foam-ball-8-inches\\\/\"]}]},{\"@type\":\"ImageObject\",\"inLanguage\":\"en-US\",\"@id\":\"https:\\\/\\\/staging.cdsboutique.com\\\/en\\\/product\\\/uncoated-yellow-foam-ball-8-inches\\\/#primaryimage\",\"url\":\"https:\\\/\\\/staging.cdsboutique.com\\\/wp-content\\\/uploads\\\/2020\\\/09\\\/2777_lowrez.jpg\",\"contentUrl\":\"https:\\\/\\\/staging.cdsboutique.com\\\/wp-content\\\/uploads\\\/2020\\\/09\\\/2777_lowrez.jpg\",\"width\":600,\"height\":600,\"caption\":\"Ballon en mousse jaune\"},{\"@type\":\"BreadcrumbList\",\"@id\":\"https:\\\/\\\/staging.cdsboutique.com\\\/en\\\/product\\\/uncoated-yellow-foam-ball-8-inches\\\/#breadcrumb\",\"itemListElement\":[{\"@type\":\"ListItem\",\"position\":1,\"name\":\"Home\",\"item\":\"https:\\\/\\\/staging.cdsboutique.com\\\/en\\\/\"},{\"@type\":\"ListItem\",\"position\":2,\"name\":\"Products\",\"item\":\"https:\\\/\\\/staging.cdsboutique.com\\\/en\\\/products\\\/\"},{\"@type\":\"ListItem\",\"position\":3,\"name\":\"Uncoated Yellow Foam Ball 8 inches\"}]},{\"@type\":\"WebSite\",\"@id\":\"https:\\\/\\\/staging.cdsboutique.com\\\/#website\",\"url\":\"https:\\\/\\\/staging.cdsboutique.com\\\/\",\"name\":\"CDS boutique A\u00een\u00e9s\",\"description\":\"Pour une meilleure qualit\u00e9 de vie\",\"publisher\":{\"@id\":\"https:\\\/\\\/staging.cdsboutique.com\\\/#organization\"},\"potentialAction\":[{\"@type\":\"SearchAction\",\"target\":{\"@type\":\"EntryPoint\",\"urlTemplate\":\"https:\\\/\\\/staging.cdsboutique.com\\\/?s={search_term_string}\"},\"query-input\":{\"@type\":\"PropertyValueSpecification\",\"valueRequired\":true,\"valueName\":\"search_term_string\"}}],\"inLanguage\":\"en-US\"},{\"@type\":\"Organization\",\"@id\":\"https:\\\/\\\/staging.cdsboutique.com\\\/#organization\",\"name\":\"CDS Boutique\",\"url\":\"https:\\\/\\\/staging.cdsboutique.com\\\/\",\"logo\":{\"@type\":\"ImageObject\",\"inLanguage\":\"en-US\",\"@id\":\"https:\\\/\\\/staging.cdsboutique.com\\\/#\\\/schema\\\/logo\\\/image\\\/\",\"url\":\"https:\\\/\\\/staging.cdsboutique.com\\\/wp-content\\\/uploads\\\/2024\\\/09\\\/logoCDS-Boutique_final2024.jpg\",\"contentUrl\":\"https:\\\/\\\/staging.cdsboutique.com\\\/wp-content\\\/uploads\\\/2024\\\/09\\\/logoCDS-Boutique_final2024.jpg\",\"width\":900,\"height\":600,\"caption\":\"CDS Boutique\"},\"image\":{\"@id\":\"https:\\\/\\\/staging.cdsboutique.com\\\/#\\\/schema\\\/logo\\\/image\\\/\"},\"sameAs\":[\"https:\\\/\\\/www.facebook.com\\\/CDSBoutique.Aines.Seniors\",\"https:\\\/\\\/www.youtube.com\\\/@cdsboutique4046\",\"https:\\\/\\\/www.linkedin.com\\\/company\\\/cds-boutique\\\/\",\"https:\\\/\\\/www.instagram.com\\\/cdsboutique\\\/\"]}]}<\/script>\n<!-- \/ Yoast SEO plugin. -->","yoast_head_json":{"title":"Uncoated Yellow Foam Ball 8 inches","description":"Add some sunshine and colour to your fitness activities with your seniors with this 8-inch Uncoated Yellow Foam Ball. Get this quality ball now!","robots":{"index":"noindex","follow":"follow","max-snippet":"max-snippet:-1","max-image-preview":"max-image-preview:large","max-video-preview":"max-video-preview:-1"},"og_locale":"en_US","og_type":"article","og_title":"Uncoated Yellow Foam Ball 8 inches","og_description":"Add some sunshine and colour to your fitness activities with your seniors with this 8-inch Uncoated Yellow Foam Ball. Get this quality ball now!","og_url":"https:\/\/staging.cdsboutique.com\/en\/product\/uncoated-yellow-foam-ball-8-inches\/","og_site_name":"CDS boutique A\u00een\u00e9s","article_publisher":"https:\/\/www.facebook.com\/CDSBoutique.Aines.Seniors","article_modified_time":"2026-02-23T13:49:11+00:00","og_image":[{"width":600,"height":600,"url":"https:\/\/staging.cdsboutique.com\/wp-content\/uploads\/2020\/09\/2777_lowrez.jpg?_t=1761056722","type":"image\/jpeg"}],"twitter_card":"summary_large_image","twitter_misc":{"Est. reading time":"1 minute"},"schema":{"@context":"https:\/\/schema.org","@graph":[{"@type":"WebPage","@id":"https:\/\/staging.cdsboutique.com\/en\/product\/uncoated-yellow-foam-ball-8-inches\/","url":"https:\/\/staging.cdsboutique.com\/en\/product\/uncoated-yellow-foam-ball-8-inches\/","name":"Uncoated Yellow Foam Ball 8 inches","isPartOf":{"@id":"https:\/\/staging.cdsboutique.com\/#website"},"primaryImageOfPage":{"@id":"https:\/\/staging.cdsboutique.com\/en\/product\/uncoated-yellow-foam-ball-8-inches\/#primaryimage"},"image":{"@id":"https:\/\/staging.cdsboutique.com\/en\/product\/uncoated-yellow-foam-ball-8-inches\/#primaryimage"},"thumbnailUrl":"https:\/\/staging.cdsboutique.com\/wp-content\/uploads\/2020\/09\/2777_lowrez.jpg","datePublished":"2020-11-20T16:56:14+00:00","dateModified":"2026-02-23T13:49:11+00:00","description":"Add some sunshine and colour to your fitness activities with your seniors with this 8-inch Uncoated Yellow Foam Ball. Get this quality ball now!","breadcrumb":{"@id":"https:\/\/staging.cdsboutique.com\/en\/product\/uncoated-yellow-foam-ball-8-inches\/#breadcrumb"},"inLanguage":"en-US","potentialAction":[{"@type":"ReadAction","target":["https:\/\/staging.cdsboutique.com\/en\/product\/uncoated-yellow-foam-ball-8-inches\/"]}]},{"@type":"ImageObject","inLanguage":"en-US","@id":"https:\/\/staging.cdsboutique.com\/en\/product\/uncoated-yellow-foam-ball-8-inches\/#primaryimage","url":"https:\/\/staging.cdsboutique.com\/wp-content\/uploads\/2020\/09\/2777_lowrez.jpg","contentUrl":"https:\/\/staging.cdsboutique.com\/wp-content\/uploads\/2020\/09\/2777_lowrez.jpg","width":600,"height":600,"caption":"Ballon en mousse jaune"},{"@type":"BreadcrumbList","@id":"https:\/\/staging.cdsboutique.com\/en\/product\/uncoated-yellow-foam-ball-8-inches\/#breadcrumb","itemListElement":[{"@type":"ListItem","position":1,"name":"Home","item":"https:\/\/staging.cdsboutique.com\/en\/"},{"@type":"ListItem","position":2,"name":"Products","item":"https:\/\/staging.cdsboutique.com\/en\/products\/"},{"@type":"ListItem","position":3,"name":"Uncoated Yellow Foam Ball 8 inches"}]},{"@type":"WebSite","@id":"https:\/\/staging.cdsboutique.com\/#website","url":"https:\/\/staging.cdsboutique.com\/","name":"CDS boutique A\u00een\u00e9s","description":"Pour une meilleure qualit\u00e9 de vie","publisher":{"@id":"https:\/\/staging.cdsboutique.com\/#organization"},"potentialAction":[{"@type":"SearchAction","target":{"@type":"EntryPoint","urlTemplate":"https:\/\/staging.cdsboutique.com\/?s={search_term_string}"},"query-input":{"@type":"PropertyValueSpecification","valueRequired":true,"valueName":"search_term_string"}}],"inLanguage":"en-US"},{"@type":"Organization","@id":"https:\/\/staging.cdsboutique.com\/#organization","name":"CDS Boutique","url":"https:\/\/staging.cdsboutique.com\/","logo":{"@type":"ImageObject","inLanguage":"en-US","@id":"https:\/\/staging.cdsboutique.com\/#\/schema\/logo\/image\/","url":"https:\/\/staging.cdsboutique.com\/wp-content\/uploads\/2024\/09\/logoCDS-Boutique_final2024.jpg","contentUrl":"https:\/\/staging.cdsboutique.com\/wp-content\/uploads\/2024\/09\/logoCDS-Boutique_final2024.jpg","width":900,"height":600,"caption":"CDS Boutique"},"image":{"@id":"https:\/\/staging.cdsboutique.com\/#\/schema\/logo\/image\/"},"sameAs":["https:\/\/www.facebook.com\/CDSBoutique.Aines.Seniors","https:\/\/www.youtube.com\/@cdsboutique4046","https:\/\/www.linkedin.com\/company\/cds-boutique\/","https:\/\/www.instagram.com\/cdsboutique\/"]}]}},"_links":{"self":[{"href":"https:\/\/staging.cdsboutique.com\/en\/wp-json\/wp\/v2\/product\/26931","targetHints":{"allow":["GET"]}}],"collection":[{"href":"https:\/\/staging.cdsboutique.com\/en\/wp-json\/wp\/v2\/product"}],"about":[{"href":"https:\/\/staging.cdsboutique.com\/en\/wp-json\/wp\/v2\/types\/product"}],"replies":[{"embeddable":true,"href":"https:\/\/staging.cdsboutique.com\/en\/wp-json\/wp\/v2\/comments?post=26931"}],"wp:featuredmedia":[{"embeddable":true,"href":"https:\/\/staging.cdsboutique.com\/en\/wp-json\/wp\/v2\/media\/2974"}],"wp:attachment":[{"href":"https:\/\/staging.cdsboutique.com\/en\/wp-json\/wp\/v2\/media?parent=26931"}],"wp:term":[{"taxonomy":"product_brand","embeddable":true,"href":"https:\/\/staging.cdsboutique.com\/en\/wp-json\/wp\/v2\/product_brand?post=26931"},{"taxonomy":"product_cat","embeddable":true,"href":"https:\/\/staging.cdsboutique.com\/en\/wp-json\/wp\/v2\/product_cat?post=26931"},{"taxonomy":"product_tag","embeddable":true,"href":"https:\/\/staging.cdsboutique.com\/en\/wp-json\/wp\/v2\/product_tag?post=26931"}],"curies":[{"name":"wp","href":"https:\/\/api.w.org\/{rel}","templated":true}]}}