{"id":26955,"date":"2020-11-20T09:41:00","date_gmt":"2020-11-20T16:56:56","guid":{"rendered":"https:\/\/cdsboutique.com\/produits\/build-a-bird-house-box\/"},"modified":"2024-05-10T16:21:39","modified_gmt":"2024-05-10T20:21:39","slug":"build-a-bird-buffet","status":"publish","type":"product","link":"https:\/\/staging.cdsboutique.com\/en\/produit\/build-a-bird-buffet\/","title":{"rendered":"Build-A-Bird-Buffet"},"content":{"rendered":"<p><strong>Offer your residents an enriching artistic activity with this DIY bird feeder! Whether your residents are independent or\u00a0living\u00a0with neurocognitive impairment, this activity is perfect for everyone.<\/strong><\/p>\n<p><span data-preserver-spaces=\"true\">This comprehensive kit provides everything needed for a creative and soothing activity. With the supplied paint, your residents can personalize their bird feeders, unleashing their artistic imagination and creating unique and original pieces.<\/span><\/p>\n<p><span data-preserver-spaces=\"true\">The kit includes<\/span><span data-preserver-spaces=\"true\">\u00a07\u00a0<\/span><span data-preserver-spaces=\"true\">wooden pieces, a chain,<\/span><span data-preserver-spaces=\"true\">\u00a04\u00a0<\/span><span data-preserver-spaces=\"true\">paint pots, a paintbrush, nails, glue, and detailed instructions to facilitate assembly.<\/span><\/p>\n<p><span data-preserver-spaces=\"true\">The final dimensions of the bird feeder are 4\u00bd&#8221; X 6&#8221; X 5\u00bd&#8221;. Provide your residents with a rewarding experience and encourage their creativity while creating a welcoming environment for the birds in your area!<\/span><\/p>\n","protected":false},"excerpt":{"rendered":"<p>Offer your residents an enriching artistic activity with this DIY bird feeder! Whether your residents are independent or\u00a0living\u00a0with neurocognitive impairment, this activity is perfect for everyone. This comprehensive kit provides everything needed for a creative and soothing activity. With the supplied paint, your residents can personalize their bird feeders, unleashing their artistic imagination and creating [&hellip;]<\/p>\n","protected":false},"featured_media":39550,"comment_status":"open","ping_status":"closed","template":"","meta":{"_acf_changed":false},"product_brand":[],"product_cat":[4401,2816,2817],"product_tag":[],"class_list":{"0":"post-26955","1":"product","2":"type-product","3":"status-publish","4":"has-post-thumbnail","6":"product_cat-all","7":"product_cat-arts-crafts","8":"product_cat-creative-artistic-projects","9":"product_shipping_class-frais-de-livraison-en","11":"first","12":"instock","13":"taxable","14":"shipping-taxable","15":"purchasable","16":"product-type-simple"},"bundled_by":["54896"],"bundle_stock_status":"instock","bundle_stock_quantity":null,"bundle_virtual":false,"bundle_layout":"","bundle_add_to_cart_form_location":"","bundle_editable_in_cart":false,"bundle_sold_individually_context":"","bundle_item_grouping":"","bundle_min_size":"","bundle_max_size":"","bundle_price":[],"bundled_items":[],"bundle_sell_ids":[],"acf":[],"featured_image_urls_v2":{"full":["https:\/\/staging.cdsboutique.com\/wp-content\/uploads\/2020\/11\/2501-mangeoire-a-oiseaux-1.jpg",1400,1338,false],"thumbnail":["https:\/\/staging.cdsboutique.com\/wp-content\/uploads\/2020\/11\/2501-mangeoire-a-oiseaux-1-150x150.jpg",150,150,true],"medium":["https:\/\/staging.cdsboutique.com\/wp-content\/uploads\/2020\/11\/2501-mangeoire-a-oiseaux-1-300x287.jpg",300,287,true],"medium_large":["https:\/\/staging.cdsboutique.com\/wp-content\/uploads\/2020\/11\/2501-mangeoire-a-oiseaux-1-768x734.jpg",768,734,true],"large":["https:\/\/staging.cdsboutique.com\/wp-content\/uploads\/2020\/11\/2501-mangeoire-a-oiseaux-1-1024x979.jpg",980,937,true],"1536x1536":["https:\/\/staging.cdsboutique.com\/wp-content\/uploads\/2020\/11\/2501-mangeoire-a-oiseaux-1.jpg",1400,1338,false],"2048x2048":["https:\/\/staging.cdsboutique.com\/wp-content\/uploads\/2020\/11\/2501-mangeoire-a-oiseaux-1.jpg",1400,1338,false],"gform-image-choice-sm":["https:\/\/staging.cdsboutique.com\/wp-content\/uploads\/2020\/11\/2501-mangeoire-a-oiseaux-1.jpg",300,287,false],"gform-image-choice-md":["https:\/\/staging.cdsboutique.com\/wp-content\/uploads\/2020\/11\/2501-mangeoire-a-oiseaux-1.jpg",400,382,false],"gform-image-choice-lg":["https:\/\/staging.cdsboutique.com\/wp-content\/uploads\/2020\/11\/2501-mangeoire-a-oiseaux-1.jpg",600,573,false],"woocommerce_thumbnail":["https:\/\/staging.cdsboutique.com\/wp-content\/uploads\/2020\/11\/2501-mangeoire-a-oiseaux-1-300x287.jpg",300,287,true],"woocommerce_single":["https:\/\/staging.cdsboutique.com\/wp-content\/uploads\/2020\/11\/2501-mangeoire-a-oiseaux-1-600x573.jpg",600,573,true],"woocommerce_gallery_thumbnail":["https:\/\/staging.cdsboutique.com\/wp-content\/uploads\/2020\/11\/2501-mangeoire-a-oiseaux-1-100x100.jpg",100,100,true],"variation_swatches_image_size":["https:\/\/staging.cdsboutique.com\/wp-content\/uploads\/2020\/11\/2501-mangeoire-a-oiseaux-1.jpg",50,48,false],"variation_swatches_tooltip_size":["https:\/\/staging.cdsboutique.com\/wp-content\/uploads\/2020\/11\/2501-mangeoire-a-oiseaux-1.jpg",100,96,false],"logo-size":["https:\/\/staging.cdsboutique.com\/wp-content\/uploads\/2020\/11\/2501-mangeoire-a-oiseaux-1-88x84.jpg",88,84,true],"blog":["https:\/\/staging.cdsboutique.com\/wp-content\/uploads\/2020\/11\/2501-mangeoire-a-oiseaux-1-350x260.jpg",350,260,true]},"post_excerpt_stackable_v2":"<p>Offer your residents an enriching artistic activity with this DIY bird feeder! Whether your residents are independent or\u00a0living\u00a0with neurocognitive impairment, this activity is perfect for everyone. This comprehensive kit provides everything needed for a creative and soothing activity. With the supplied paint, your residents can personalize their bird feeders, unleashing their artistic imagination and creating unique and original pieces. The kit includes\u00a07\u00a0wooden pieces, a chain,\u00a04\u00a0paint pots, a paintbrush, nails, glue, and detailed instructions to facilitate assembly. The final dimensions of the bird feeder are 4\u00bd&#8221; X 6&#8221; X 5\u00bd&#8221;. Provide your residents with a rewarding experience and encourage their creativity&hellip;<\/p>\n","category_list_v2":"","author_info_v2":{"name":"","url":""},"comments_num_v2":"0 comments","yoast_head":"<!-- This site is optimized with the Yoast SEO plugin v27.4 - https:\/\/yoast.com\/product\/yoast-seo-wordpress\/ -->\n<title>Build-A-Bird-Buffet - CDS boutique A\u00een\u00e9s<\/title>\n<meta name=\"description\" content=\"Offer your residents an enriching artistic activity with this DIY bird feeder! Whether your residents are independent or\u00a0living\u00a0with neurocognitive impairment, this activity is perfect for everyone.\" \/>\n<meta name=\"robots\" content=\"noindex, follow, max-snippet:-1, max-image-preview:large, max-video-preview:-1\" \/>\n<meta property=\"og:locale\" content=\"en_US\" \/>\n<meta property=\"og:type\" content=\"article\" \/>\n<meta property=\"og:title\" content=\"Build-A-Bird-Buffet - CDS boutique A\u00een\u00e9s\" \/>\n<meta property=\"og:description\" content=\"Offer your residents an enriching artistic activity with this DIY bird feeder! Whether your residents are independent or\u00a0living\u00a0with neurocognitive impairment, this activity is perfect for everyone.\" \/>\n<meta property=\"og:url\" content=\"https:\/\/staging.cdsboutique.com\/en\/product\/build-a-bird-buffet\/\" \/>\n<meta property=\"og:site_name\" content=\"CDS boutique A\u00een\u00e9s\" \/>\n<meta property=\"article:publisher\" content=\"https:\/\/www.facebook.com\/CDSBoutique.Aines.Seniors\" \/>\n<meta property=\"article:modified_time\" content=\"2024-05-10T20:21:39+00:00\" \/>\n<meta property=\"og:image\" content=\"https:\/\/staging.cdsboutique.com\/wp-content\/uploads\/2020\/11\/2501-mangeoire-a-oiseaux-1.jpg?_t=1715372499\" \/>\n\t<meta property=\"og:image:width\" content=\"1400\" \/>\n\t<meta property=\"og:image:height\" content=\"1338\" \/>\n\t<meta property=\"og:image:type\" content=\"image\/jpeg\" \/>\n<meta name=\"twitter:card\" content=\"summary_large_image\" \/>\n<meta name=\"twitter:label1\" content=\"Est. reading time\" \/>\n\t<meta name=\"twitter:data1\" content=\"1 minute\" \/>\n<script type=\"application\/ld+json\" class=\"yoast-schema-graph\">{\"@context\":\"https:\\\/\\\/schema.org\",\"@graph\":[{\"@type\":\"WebPage\",\"@id\":\"https:\\\/\\\/staging.cdsboutique.com\\\/en\\\/product\\\/build-a-bird-buffet\\\/\",\"url\":\"https:\\\/\\\/staging.cdsboutique.com\\\/en\\\/product\\\/build-a-bird-buffet\\\/\",\"name\":\"Build-A-Bird-Buffet - CDS boutique A\u00een\u00e9s\",\"isPartOf\":{\"@id\":\"https:\\\/\\\/staging.cdsboutique.com\\\/#website\"},\"primaryImageOfPage\":{\"@id\":\"https:\\\/\\\/staging.cdsboutique.com\\\/en\\\/product\\\/build-a-bird-buffet\\\/#primaryimage\"},\"image\":{\"@id\":\"https:\\\/\\\/staging.cdsboutique.com\\\/en\\\/product\\\/build-a-bird-buffet\\\/#primaryimage\"},\"thumbnailUrl\":\"https:\\\/\\\/staging.cdsboutique.com\\\/wp-content\\\/uploads\\\/2020\\\/11\\\/2501-mangeoire-a-oiseaux-1.jpg\",\"datePublished\":\"2020-11-20T16:56:56+00:00\",\"dateModified\":\"2024-05-10T20:21:39+00:00\",\"description\":\"Offer your residents an enriching artistic activity with this DIY bird feeder! Whether your residents are independent or\u00a0living\u00a0with neurocognitive impairment, this activity is perfect for everyone.\",\"breadcrumb\":{\"@id\":\"https:\\\/\\\/staging.cdsboutique.com\\\/en\\\/product\\\/build-a-bird-buffet\\\/#breadcrumb\"},\"inLanguage\":\"en-US\",\"potentialAction\":[{\"@type\":\"ReadAction\",\"target\":[\"https:\\\/\\\/staging.cdsboutique.com\\\/en\\\/product\\\/build-a-bird-buffet\\\/\"]}]},{\"@type\":\"ImageObject\",\"inLanguage\":\"en-US\",\"@id\":\"https:\\\/\\\/staging.cdsboutique.com\\\/en\\\/product\\\/build-a-bird-buffet\\\/#primaryimage\",\"url\":\"https:\\\/\\\/staging.cdsboutique.com\\\/wp-content\\\/uploads\\\/2020\\\/11\\\/2501-mangeoire-a-oiseaux-1.jpg\",\"contentUrl\":\"https:\\\/\\\/staging.cdsboutique.com\\\/wp-content\\\/uploads\\\/2020\\\/11\\\/2501-mangeoire-a-oiseaux-1.jpg\",\"width\":1400,\"height\":1338},{\"@type\":\"BreadcrumbList\",\"@id\":\"https:\\\/\\\/staging.cdsboutique.com\\\/en\\\/product\\\/build-a-bird-buffet\\\/#breadcrumb\",\"itemListElement\":[{\"@type\":\"ListItem\",\"position\":1,\"name\":\"Home\",\"item\":\"https:\\\/\\\/staging.cdsboutique.com\\\/en\\\/\"},{\"@type\":\"ListItem\",\"position\":2,\"name\":\"Products\",\"item\":\"https:\\\/\\\/staging.cdsboutique.com\\\/en\\\/products\\\/\"},{\"@type\":\"ListItem\",\"position\":3,\"name\":\"Build-A-Bird-Buffet\"}]},{\"@type\":\"WebSite\",\"@id\":\"https:\\\/\\\/staging.cdsboutique.com\\\/#website\",\"url\":\"https:\\\/\\\/staging.cdsboutique.com\\\/\",\"name\":\"CDS boutique A\u00een\u00e9s\",\"description\":\"Pour une meilleure qualit\u00e9 de vie\",\"publisher\":{\"@id\":\"https:\\\/\\\/staging.cdsboutique.com\\\/#organization\"},\"potentialAction\":[{\"@type\":\"SearchAction\",\"target\":{\"@type\":\"EntryPoint\",\"urlTemplate\":\"https:\\\/\\\/staging.cdsboutique.com\\\/?s={search_term_string}\"},\"query-input\":{\"@type\":\"PropertyValueSpecification\",\"valueRequired\":true,\"valueName\":\"search_term_string\"}}],\"inLanguage\":\"en-US\"},{\"@type\":\"Organization\",\"@id\":\"https:\\\/\\\/staging.cdsboutique.com\\\/#organization\",\"name\":\"CDS Boutique\",\"url\":\"https:\\\/\\\/staging.cdsboutique.com\\\/\",\"logo\":{\"@type\":\"ImageObject\",\"inLanguage\":\"en-US\",\"@id\":\"https:\\\/\\\/staging.cdsboutique.com\\\/#\\\/schema\\\/logo\\\/image\\\/\",\"url\":\"https:\\\/\\\/staging.cdsboutique.com\\\/wp-content\\\/uploads\\\/2024\\\/09\\\/logoCDS-Boutique_final2024.jpg\",\"contentUrl\":\"https:\\\/\\\/staging.cdsboutique.com\\\/wp-content\\\/uploads\\\/2024\\\/09\\\/logoCDS-Boutique_final2024.jpg\",\"width\":900,\"height\":600,\"caption\":\"CDS Boutique\"},\"image\":{\"@id\":\"https:\\\/\\\/staging.cdsboutique.com\\\/#\\\/schema\\\/logo\\\/image\\\/\"},\"sameAs\":[\"https:\\\/\\\/www.facebook.com\\\/CDSBoutique.Aines.Seniors\",\"https:\\\/\\\/www.youtube.com\\\/@cdsboutique4046\",\"https:\\\/\\\/www.linkedin.com\\\/company\\\/cds-boutique\\\/\",\"https:\\\/\\\/www.instagram.com\\\/cdsboutique\\\/\"]}]}<\/script>\n<!-- \/ Yoast SEO plugin. -->","yoast_head_json":{"title":"Build-A-Bird-Buffet - CDS boutique A\u00een\u00e9s","description":"Offer your residents an enriching artistic activity with this DIY bird feeder! Whether your residents are independent or\u00a0living\u00a0with neurocognitive impairment, this activity is perfect for everyone.","robots":{"index":"noindex","follow":"follow","max-snippet":"max-snippet:-1","max-image-preview":"max-image-preview:large","max-video-preview":"max-video-preview:-1"},"og_locale":"en_US","og_type":"article","og_title":"Build-A-Bird-Buffet - CDS boutique A\u00een\u00e9s","og_description":"Offer your residents an enriching artistic activity with this DIY bird feeder! Whether your residents are independent or\u00a0living\u00a0with neurocognitive impairment, this activity is perfect for everyone.","og_url":"https:\/\/staging.cdsboutique.com\/en\/product\/build-a-bird-buffet\/","og_site_name":"CDS boutique A\u00een\u00e9s","article_publisher":"https:\/\/www.facebook.com\/CDSBoutique.Aines.Seniors","article_modified_time":"2024-05-10T20:21:39+00:00","og_image":[{"width":1400,"height":1338,"url":"https:\/\/staging.cdsboutique.com\/wp-content\/uploads\/2020\/11\/2501-mangeoire-a-oiseaux-1.jpg?_t=1715372499","type":"image\/jpeg"}],"twitter_card":"summary_large_image","twitter_misc":{"Est. reading time":"1 minute"},"schema":{"@context":"https:\/\/schema.org","@graph":[{"@type":"WebPage","@id":"https:\/\/staging.cdsboutique.com\/en\/product\/build-a-bird-buffet\/","url":"https:\/\/staging.cdsboutique.com\/en\/product\/build-a-bird-buffet\/","name":"Build-A-Bird-Buffet - CDS boutique A\u00een\u00e9s","isPartOf":{"@id":"https:\/\/staging.cdsboutique.com\/#website"},"primaryImageOfPage":{"@id":"https:\/\/staging.cdsboutique.com\/en\/product\/build-a-bird-buffet\/#primaryimage"},"image":{"@id":"https:\/\/staging.cdsboutique.com\/en\/product\/build-a-bird-buffet\/#primaryimage"},"thumbnailUrl":"https:\/\/staging.cdsboutique.com\/wp-content\/uploads\/2020\/11\/2501-mangeoire-a-oiseaux-1.jpg","datePublished":"2020-11-20T16:56:56+00:00","dateModified":"2024-05-10T20:21:39+00:00","description":"Offer your residents an enriching artistic activity with this DIY bird feeder! Whether your residents are independent or\u00a0living\u00a0with neurocognitive impairment, this activity is perfect for everyone.","breadcrumb":{"@id":"https:\/\/staging.cdsboutique.com\/en\/product\/build-a-bird-buffet\/#breadcrumb"},"inLanguage":"en-US","potentialAction":[{"@type":"ReadAction","target":["https:\/\/staging.cdsboutique.com\/en\/product\/build-a-bird-buffet\/"]}]},{"@type":"ImageObject","inLanguage":"en-US","@id":"https:\/\/staging.cdsboutique.com\/en\/product\/build-a-bird-buffet\/#primaryimage","url":"https:\/\/staging.cdsboutique.com\/wp-content\/uploads\/2020\/11\/2501-mangeoire-a-oiseaux-1.jpg","contentUrl":"https:\/\/staging.cdsboutique.com\/wp-content\/uploads\/2020\/11\/2501-mangeoire-a-oiseaux-1.jpg","width":1400,"height":1338},{"@type":"BreadcrumbList","@id":"https:\/\/staging.cdsboutique.com\/en\/product\/build-a-bird-buffet\/#breadcrumb","itemListElement":[{"@type":"ListItem","position":1,"name":"Home","item":"https:\/\/staging.cdsboutique.com\/en\/"},{"@type":"ListItem","position":2,"name":"Products","item":"https:\/\/staging.cdsboutique.com\/en\/products\/"},{"@type":"ListItem","position":3,"name":"Build-A-Bird-Buffet"}]},{"@type":"WebSite","@id":"https:\/\/staging.cdsboutique.com\/#website","url":"https:\/\/staging.cdsboutique.com\/","name":"CDS boutique A\u00een\u00e9s","description":"Pour une meilleure qualit\u00e9 de vie","publisher":{"@id":"https:\/\/staging.cdsboutique.com\/#organization"},"potentialAction":[{"@type":"SearchAction","target":{"@type":"EntryPoint","urlTemplate":"https:\/\/staging.cdsboutique.com\/?s={search_term_string}"},"query-input":{"@type":"PropertyValueSpecification","valueRequired":true,"valueName":"search_term_string"}}],"inLanguage":"en-US"},{"@type":"Organization","@id":"https:\/\/staging.cdsboutique.com\/#organization","name":"CDS Boutique","url":"https:\/\/staging.cdsboutique.com\/","logo":{"@type":"ImageObject","inLanguage":"en-US","@id":"https:\/\/staging.cdsboutique.com\/#\/schema\/logo\/image\/","url":"https:\/\/staging.cdsboutique.com\/wp-content\/uploads\/2024\/09\/logoCDS-Boutique_final2024.jpg","contentUrl":"https:\/\/staging.cdsboutique.com\/wp-content\/uploads\/2024\/09\/logoCDS-Boutique_final2024.jpg","width":900,"height":600,"caption":"CDS Boutique"},"image":{"@id":"https:\/\/staging.cdsboutique.com\/#\/schema\/logo\/image\/"},"sameAs":["https:\/\/www.facebook.com\/CDSBoutique.Aines.Seniors","https:\/\/www.youtube.com\/@cdsboutique4046","https:\/\/www.linkedin.com\/company\/cds-boutique\/","https:\/\/www.instagram.com\/cdsboutique\/"]}]}},"_links":{"self":[{"href":"https:\/\/staging.cdsboutique.com\/en\/wp-json\/wp\/v2\/product\/26955","targetHints":{"allow":["GET"]}}],"collection":[{"href":"https:\/\/staging.cdsboutique.com\/en\/wp-json\/wp\/v2\/product"}],"about":[{"href":"https:\/\/staging.cdsboutique.com\/en\/wp-json\/wp\/v2\/types\/product"}],"replies":[{"embeddable":true,"href":"https:\/\/staging.cdsboutique.com\/en\/wp-json\/wp\/v2\/comments?post=26955"}],"wp:featuredmedia":[{"embeddable":true,"href":"https:\/\/staging.cdsboutique.com\/en\/wp-json\/wp\/v2\/media\/39550"}],"wp:attachment":[{"href":"https:\/\/staging.cdsboutique.com\/en\/wp-json\/wp\/v2\/media?parent=26955"}],"wp:term":[{"taxonomy":"product_brand","embeddable":true,"href":"https:\/\/staging.cdsboutique.com\/en\/wp-json\/wp\/v2\/product_brand?post=26955"},{"taxonomy":"product_cat","embeddable":true,"href":"https:\/\/staging.cdsboutique.com\/en\/wp-json\/wp\/v2\/product_cat?post=26955"},{"taxonomy":"product_tag","embeddable":true,"href":"https:\/\/staging.cdsboutique.com\/en\/wp-json\/wp\/v2\/product_tag?post=26955"}],"curies":[{"name":"wp","href":"https:\/\/api.w.org\/{rel}","templated":true}]}}