{"id":27027,"date":"2020-11-20T09:42:26","date_gmt":"2020-11-20T16:57:50","guid":{"rendered":"https:\/\/cdsboutique.com\/produits\/6-x-6-play-area\/"},"modified":"2025-10-21T10:24:05","modified_gmt":"2025-10-21T14:24:05","slug":"6-x-6-play-area","status":"publish","type":"product","link":"https:\/\/staging.cdsboutique.com\/en\/produit\/6-x-6-play-area\/","title":{"rendered":"6&#8242; X 6&#8242; play area"},"content":{"rendered":"<p><strong><span data-preserver-spaces=\"true\">Get Your 6-Foot by 6-Foot Game Surface Now: The Perfect Surface for a Multitude of Activities!<\/span><\/strong><\/p>\n<p><span data-preserver-spaces=\"true\">This game surface is made from high-quality plastic tiles, each measuring 1 square foot. These tiles easily assemble to create a 6&#8242; x 6&#8242; play area, ideal for <\/span><span data-preserver-spaces=\"true\">a variety of<\/span><span data-preserver-spaces=\"true\"> fun activities.<\/span><\/p>\n<p><span data-preserver-spaces=\"true\">The surface is designed to accommodate the following games:<\/span><\/p>\n<ul>\n<li><strong><span data-preserver-spaces=\"true\">Ring Toss Game (#705)<\/span><\/strong><\/li>\n<li><strong><span data-preserver-spaces=\"true\">Horseshoe Game (#706)<\/span><\/strong><\/li>\n<li><strong><span data-preserver-spaces=\"true\">Double Bell Game (#704)<\/span><\/strong><\/li>\n<\/ul>\n<p><span data-preserver-spaces=\"true\">To provide a comprehensive gaming experience, we have included scoring circles! These durable plastic tiles are designed for longevity. If needed, you can gently clean them with a damp cloth. The tiles assemble effortlessly to form a stable play surface.<\/span><\/p>\n<p><span data-preserver-spaces=\"true\">We recommend setting up the surface in a room <\/span><span data-preserver-spaces=\"true\">that offers<\/span><span data-preserver-spaces=\"true\"> a minimum of 10 to 12 feet in length and width. This allows your residents to move around the play area comfortably. Ensure the surface is installed on a flat floor for the best experience. <\/span><\/p>\n<p><span data-preserver-spaces=\"true\">The standard colours of this 6-foot by 6-foot game surface are orange and blue, contrasting and stimulating shades that make the game even more engaging. <\/span><\/p>\n<p><span data-preserver-spaces=\"true\">This versatile gaming surface is perfect for promoting physical activity, enhancing coordination, and providing group fun!<\/span><\/p>\n","protected":false},"excerpt":{"rendered":"<p>Get Your 6-Foot by 6-Foot Game Surface Now: The Perfect Surface for a Multitude of Activities! This game surface is made from high-quality plastic tiles, each measuring 1 square foot. These tiles easily assemble to create a 6&#8242; x 6&#8242; play area, ideal for a variety of fun activities. The surface is designed to accommodate [&hellip;]<\/p>\n","protected":false},"featured_media":3298,"comment_status":"open","ping_status":"closed","template":"","meta":{"_acf_changed":false},"product_brand":[],"product_cat":[4736,4401,2999,2821,2804],"product_tag":[],"class_list":{"0":"post-27027","1":"product","2":"type-product","3":"status-publish","4":"has-post-thumbnail","6":"product_cat-active-games","7":"product_cat-all","8":"product_cat-diversi-games-en","9":"product_cat-giant-games-various-games","10":"product_cat-various-games","11":"product_shipping_class-frais-de-livraison-en","13":"first","14":"instock","15":"taxable","16":"shipping-taxable","17":"purchasable","18":"product-type-simple"},"bundled_by":[],"bundle_stock_status":"instock","bundle_stock_quantity":null,"bundle_virtual":false,"bundle_layout":"","bundle_add_to_cart_form_location":"","bundle_editable_in_cart":false,"bundle_sold_individually_context":"","bundle_item_grouping":"","bundle_min_size":"","bundle_max_size":"","bundle_price":[],"bundled_items":[],"bundle_sell_ids":[],"acf":[],"featured_image_urls_v2":{"full":["https:\/\/staging.cdsboutique.com\/wp-content\/uploads\/2020\/09\/img5639.jpg",1200,720,false],"thumbnail":["https:\/\/staging.cdsboutique.com\/wp-content\/uploads\/2020\/09\/img5639-150x150.jpg",150,150,true],"medium":["https:\/\/staging.cdsboutique.com\/wp-content\/uploads\/2020\/09\/img5639-300x180.jpg",300,180,true],"medium_large":["https:\/\/staging.cdsboutique.com\/wp-content\/uploads\/2020\/09\/img5639-768x461.jpg",768,461,true],"large":["https:\/\/staging.cdsboutique.com\/wp-content\/uploads\/2020\/09\/img5639-1024x614.jpg",980,588,true],"1536x1536":["https:\/\/staging.cdsboutique.com\/wp-content\/uploads\/2020\/09\/img5639.jpg",1200,720,false],"2048x2048":["https:\/\/staging.cdsboutique.com\/wp-content\/uploads\/2020\/09\/img5639.jpg",1200,720,false],"gform-image-choice-sm":["https:\/\/staging.cdsboutique.com\/wp-content\/uploads\/2020\/09\/img5639.jpg",300,180,false],"gform-image-choice-md":["https:\/\/staging.cdsboutique.com\/wp-content\/uploads\/2020\/09\/img5639.jpg",400,240,false],"gform-image-choice-lg":["https:\/\/staging.cdsboutique.com\/wp-content\/uploads\/2020\/09\/img5639.jpg",600,360,false],"woocommerce_thumbnail":["https:\/\/staging.cdsboutique.com\/wp-content\/uploads\/2020\/09\/img5639-300x180.jpg",300,180,true],"woocommerce_single":["https:\/\/staging.cdsboutique.com\/wp-content\/uploads\/2020\/09\/img5639-600x360.jpg",600,360,true],"woocommerce_gallery_thumbnail":["https:\/\/staging.cdsboutique.com\/wp-content\/uploads\/2020\/09\/img5639-100x100.jpg",100,100,true],"variation_swatches_image_size":["https:\/\/staging.cdsboutique.com\/wp-content\/uploads\/2020\/09\/img5639.jpg",50,30,false],"variation_swatches_tooltip_size":["https:\/\/staging.cdsboutique.com\/wp-content\/uploads\/2020\/09\/img5639.jpg",100,60,false],"logo-size":["https:\/\/staging.cdsboutique.com\/wp-content\/uploads\/2020\/09\/img5639-130x78.jpg",130,78,true],"blog":["https:\/\/staging.cdsboutique.com\/wp-content\/uploads\/2020\/09\/img5639-350x260.jpg",350,260,true]},"post_excerpt_stackable_v2":"<p>Get Your 6-Foot by 6-Foot Game Surface Now: The Perfect Surface for a Multitude of Activities! This game surface is made from high-quality plastic tiles, each measuring 1 square foot. These tiles easily assemble to create a 6&#8242; x 6&#8242; play area, ideal for a variety of fun activities. The surface is designed to accommodate the following games: Ring Toss Game (#705) Horseshoe Game (#706) Double Bell Game (#704) To provide a comprehensive gaming experience, we have included scoring circles! These durable plastic tiles are designed for longevity. If needed, you can gently clean them with a damp cloth. The&hellip;<\/p>\n","category_list_v2":"","author_info_v2":{"name":"","url":""},"comments_num_v2":"0 comments","yoast_head":"<!-- This site is optimized with the Yoast SEO plugin v27.4 - https:\/\/yoast.com\/product\/yoast-seo-wordpress\/ -->\n<title>6&#039; X 6&#039; play area - CDS boutique A\u00een\u00e9s<\/title>\n<meta name=\"description\" content=\"Get Your 6-Foot by 6-Foot Game Surface Now: The Perfect Surface for a Multitude of Activities! This game surface is made from high-quality plastic tiles.\" \/>\n<meta name=\"robots\" content=\"noindex, follow, max-snippet:-1, max-image-preview:large, max-video-preview:-1\" \/>\n<meta property=\"og:locale\" content=\"en_US\" \/>\n<meta property=\"og:type\" content=\"article\" \/>\n<meta property=\"og:title\" content=\"6&#039; X 6&#039; play area - CDS boutique A\u00een\u00e9s\" \/>\n<meta property=\"og:description\" content=\"Get Your 6-Foot by 6-Foot Game Surface Now: The Perfect Surface for a Multitude of Activities! This game surface is made from high-quality plastic tiles.\" \/>\n<meta property=\"og:url\" content=\"https:\/\/staging.cdsboutique.com\/en\/product\/6-x-6-play-area\/\" \/>\n<meta property=\"og:site_name\" content=\"CDS boutique A\u00een\u00e9s\" \/>\n<meta property=\"article:publisher\" content=\"https:\/\/www.facebook.com\/CDSBoutique.Aines.Seniors\" \/>\n<meta property=\"article:modified_time\" content=\"2025-10-21T14:24:05+00:00\" \/>\n<meta property=\"og:image\" content=\"https:\/\/staging.cdsboutique.com\/wp-content\/uploads\/2020\/09\/img5639.jpg?_t=1761056645\" \/>\n\t<meta property=\"og:image:width\" content=\"1200\" \/>\n\t<meta property=\"og:image:height\" content=\"720\" \/>\n\t<meta property=\"og:image:type\" content=\"image\/jpeg\" \/>\n<meta name=\"twitter:card\" content=\"summary_large_image\" \/>\n<meta name=\"twitter:label1\" content=\"Est. reading time\" \/>\n\t<meta name=\"twitter:data1\" content=\"2 minutes\" \/>\n<script type=\"application\/ld+json\" class=\"yoast-schema-graph\">{\"@context\":\"https:\\\/\\\/schema.org\",\"@graph\":[{\"@type\":\"WebPage\",\"@id\":\"https:\\\/\\\/staging.cdsboutique.com\\\/en\\\/product\\\/6-x-6-play-area\\\/\",\"url\":\"https:\\\/\\\/staging.cdsboutique.com\\\/en\\\/product\\\/6-x-6-play-area\\\/\",\"name\":\"6' X 6' play area - CDS boutique A\u00een\u00e9s\",\"isPartOf\":{\"@id\":\"https:\\\/\\\/staging.cdsboutique.com\\\/#website\"},\"primaryImageOfPage\":{\"@id\":\"https:\\\/\\\/staging.cdsboutique.com\\\/en\\\/product\\\/6-x-6-play-area\\\/#primaryimage\"},\"image\":{\"@id\":\"https:\\\/\\\/staging.cdsboutique.com\\\/en\\\/product\\\/6-x-6-play-area\\\/#primaryimage\"},\"thumbnailUrl\":\"https:\\\/\\\/staging.cdsboutique.com\\\/wp-content\\\/uploads\\\/2020\\\/09\\\/img5639.jpg\",\"datePublished\":\"2020-11-20T16:57:50+00:00\",\"dateModified\":\"2025-10-21T14:24:05+00:00\",\"description\":\"Get Your 6-Foot by 6-Foot Game Surface Now: The Perfect Surface for a Multitude of Activities! This game surface is made from high-quality plastic tiles.\",\"breadcrumb\":{\"@id\":\"https:\\\/\\\/staging.cdsboutique.com\\\/en\\\/product\\\/6-x-6-play-area\\\/#breadcrumb\"},\"inLanguage\":\"en-US\",\"potentialAction\":[{\"@type\":\"ReadAction\",\"target\":[\"https:\\\/\\\/staging.cdsboutique.com\\\/en\\\/product\\\/6-x-6-play-area\\\/\"]}]},{\"@type\":\"ImageObject\",\"inLanguage\":\"en-US\",\"@id\":\"https:\\\/\\\/staging.cdsboutique.com\\\/en\\\/product\\\/6-x-6-play-area\\\/#primaryimage\",\"url\":\"https:\\\/\\\/staging.cdsboutique.com\\\/wp-content\\\/uploads\\\/2020\\\/09\\\/img5639.jpg\",\"contentUrl\":\"https:\\\/\\\/staging.cdsboutique.com\\\/wp-content\\\/uploads\\\/2020\\\/09\\\/img5639.jpg\",\"width\":1200,\"height\":720},{\"@type\":\"BreadcrumbList\",\"@id\":\"https:\\\/\\\/staging.cdsboutique.com\\\/en\\\/product\\\/6-x-6-play-area\\\/#breadcrumb\",\"itemListElement\":[{\"@type\":\"ListItem\",\"position\":1,\"name\":\"Home\",\"item\":\"https:\\\/\\\/staging.cdsboutique.com\\\/en\\\/\"},{\"@type\":\"ListItem\",\"position\":2,\"name\":\"Products\",\"item\":\"https:\\\/\\\/staging.cdsboutique.com\\\/en\\\/products\\\/\"},{\"@type\":\"ListItem\",\"position\":3,\"name\":\"6&prime; X 6&prime; play area\"}]},{\"@type\":\"WebSite\",\"@id\":\"https:\\\/\\\/staging.cdsboutique.com\\\/#website\",\"url\":\"https:\\\/\\\/staging.cdsboutique.com\\\/\",\"name\":\"CDS boutique A\u00een\u00e9s\",\"description\":\"Pour une meilleure qualit\u00e9 de vie\",\"publisher\":{\"@id\":\"https:\\\/\\\/staging.cdsboutique.com\\\/#organization\"},\"potentialAction\":[{\"@type\":\"SearchAction\",\"target\":{\"@type\":\"EntryPoint\",\"urlTemplate\":\"https:\\\/\\\/staging.cdsboutique.com\\\/?s={search_term_string}\"},\"query-input\":{\"@type\":\"PropertyValueSpecification\",\"valueRequired\":true,\"valueName\":\"search_term_string\"}}],\"inLanguage\":\"en-US\"},{\"@type\":\"Organization\",\"@id\":\"https:\\\/\\\/staging.cdsboutique.com\\\/#organization\",\"name\":\"CDS Boutique\",\"url\":\"https:\\\/\\\/staging.cdsboutique.com\\\/\",\"logo\":{\"@type\":\"ImageObject\",\"inLanguage\":\"en-US\",\"@id\":\"https:\\\/\\\/staging.cdsboutique.com\\\/#\\\/schema\\\/logo\\\/image\\\/\",\"url\":\"https:\\\/\\\/staging.cdsboutique.com\\\/wp-content\\\/uploads\\\/2024\\\/09\\\/logoCDS-Boutique_final2024.jpg\",\"contentUrl\":\"https:\\\/\\\/staging.cdsboutique.com\\\/wp-content\\\/uploads\\\/2024\\\/09\\\/logoCDS-Boutique_final2024.jpg\",\"width\":900,\"height\":600,\"caption\":\"CDS Boutique\"},\"image\":{\"@id\":\"https:\\\/\\\/staging.cdsboutique.com\\\/#\\\/schema\\\/logo\\\/image\\\/\"},\"sameAs\":[\"https:\\\/\\\/www.facebook.com\\\/CDSBoutique.Aines.Seniors\",\"https:\\\/\\\/www.youtube.com\\\/@cdsboutique4046\",\"https:\\\/\\\/www.linkedin.com\\\/company\\\/cds-boutique\\\/\",\"https:\\\/\\\/www.instagram.com\\\/cdsboutique\\\/\"]}]}<\/script>\n<!-- \/ Yoast SEO plugin. -->","yoast_head_json":{"title":"6' X 6' play area - CDS boutique A\u00een\u00e9s","description":"Get Your 6-Foot by 6-Foot Game Surface Now: The Perfect Surface for a Multitude of Activities! This game surface is made from high-quality plastic tiles.","robots":{"index":"noindex","follow":"follow","max-snippet":"max-snippet:-1","max-image-preview":"max-image-preview:large","max-video-preview":"max-video-preview:-1"},"og_locale":"en_US","og_type":"article","og_title":"6' X 6' play area - CDS boutique A\u00een\u00e9s","og_description":"Get Your 6-Foot by 6-Foot Game Surface Now: The Perfect Surface for a Multitude of Activities! This game surface is made from high-quality plastic tiles.","og_url":"https:\/\/staging.cdsboutique.com\/en\/product\/6-x-6-play-area\/","og_site_name":"CDS boutique A\u00een\u00e9s","article_publisher":"https:\/\/www.facebook.com\/CDSBoutique.Aines.Seniors","article_modified_time":"2025-10-21T14:24:05+00:00","og_image":[{"width":1200,"height":720,"url":"https:\/\/staging.cdsboutique.com\/wp-content\/uploads\/2020\/09\/img5639.jpg?_t=1761056645","type":"image\/jpeg"}],"twitter_card":"summary_large_image","twitter_misc":{"Est. reading time":"2 minutes"},"schema":{"@context":"https:\/\/schema.org","@graph":[{"@type":"WebPage","@id":"https:\/\/staging.cdsboutique.com\/en\/product\/6-x-6-play-area\/","url":"https:\/\/staging.cdsboutique.com\/en\/product\/6-x-6-play-area\/","name":"6' X 6' play area - CDS boutique A\u00een\u00e9s","isPartOf":{"@id":"https:\/\/staging.cdsboutique.com\/#website"},"primaryImageOfPage":{"@id":"https:\/\/staging.cdsboutique.com\/en\/product\/6-x-6-play-area\/#primaryimage"},"image":{"@id":"https:\/\/staging.cdsboutique.com\/en\/product\/6-x-6-play-area\/#primaryimage"},"thumbnailUrl":"https:\/\/staging.cdsboutique.com\/wp-content\/uploads\/2020\/09\/img5639.jpg","datePublished":"2020-11-20T16:57:50+00:00","dateModified":"2025-10-21T14:24:05+00:00","description":"Get Your 6-Foot by 6-Foot Game Surface Now: The Perfect Surface for a Multitude of Activities! This game surface is made from high-quality plastic tiles.","breadcrumb":{"@id":"https:\/\/staging.cdsboutique.com\/en\/product\/6-x-6-play-area\/#breadcrumb"},"inLanguage":"en-US","potentialAction":[{"@type":"ReadAction","target":["https:\/\/staging.cdsboutique.com\/en\/product\/6-x-6-play-area\/"]}]},{"@type":"ImageObject","inLanguage":"en-US","@id":"https:\/\/staging.cdsboutique.com\/en\/product\/6-x-6-play-area\/#primaryimage","url":"https:\/\/staging.cdsboutique.com\/wp-content\/uploads\/2020\/09\/img5639.jpg","contentUrl":"https:\/\/staging.cdsboutique.com\/wp-content\/uploads\/2020\/09\/img5639.jpg","width":1200,"height":720},{"@type":"BreadcrumbList","@id":"https:\/\/staging.cdsboutique.com\/en\/product\/6-x-6-play-area\/#breadcrumb","itemListElement":[{"@type":"ListItem","position":1,"name":"Home","item":"https:\/\/staging.cdsboutique.com\/en\/"},{"@type":"ListItem","position":2,"name":"Products","item":"https:\/\/staging.cdsboutique.com\/en\/products\/"},{"@type":"ListItem","position":3,"name":"6&prime; X 6&prime; play area"}]},{"@type":"WebSite","@id":"https:\/\/staging.cdsboutique.com\/#website","url":"https:\/\/staging.cdsboutique.com\/","name":"CDS boutique A\u00een\u00e9s","description":"Pour une meilleure qualit\u00e9 de vie","publisher":{"@id":"https:\/\/staging.cdsboutique.com\/#organization"},"potentialAction":[{"@type":"SearchAction","target":{"@type":"EntryPoint","urlTemplate":"https:\/\/staging.cdsboutique.com\/?s={search_term_string}"},"query-input":{"@type":"PropertyValueSpecification","valueRequired":true,"valueName":"search_term_string"}}],"inLanguage":"en-US"},{"@type":"Organization","@id":"https:\/\/staging.cdsboutique.com\/#organization","name":"CDS Boutique","url":"https:\/\/staging.cdsboutique.com\/","logo":{"@type":"ImageObject","inLanguage":"en-US","@id":"https:\/\/staging.cdsboutique.com\/#\/schema\/logo\/image\/","url":"https:\/\/staging.cdsboutique.com\/wp-content\/uploads\/2024\/09\/logoCDS-Boutique_final2024.jpg","contentUrl":"https:\/\/staging.cdsboutique.com\/wp-content\/uploads\/2024\/09\/logoCDS-Boutique_final2024.jpg","width":900,"height":600,"caption":"CDS Boutique"},"image":{"@id":"https:\/\/staging.cdsboutique.com\/#\/schema\/logo\/image\/"},"sameAs":["https:\/\/www.facebook.com\/CDSBoutique.Aines.Seniors","https:\/\/www.youtube.com\/@cdsboutique4046","https:\/\/www.linkedin.com\/company\/cds-boutique\/","https:\/\/www.instagram.com\/cdsboutique\/"]}]}},"_links":{"self":[{"href":"https:\/\/staging.cdsboutique.com\/en\/wp-json\/wp\/v2\/product\/27027","targetHints":{"allow":["GET"]}}],"collection":[{"href":"https:\/\/staging.cdsboutique.com\/en\/wp-json\/wp\/v2\/product"}],"about":[{"href":"https:\/\/staging.cdsboutique.com\/en\/wp-json\/wp\/v2\/types\/product"}],"replies":[{"embeddable":true,"href":"https:\/\/staging.cdsboutique.com\/en\/wp-json\/wp\/v2\/comments?post=27027"}],"wp:featuredmedia":[{"embeddable":true,"href":"https:\/\/staging.cdsboutique.com\/en\/wp-json\/wp\/v2\/media\/3298"}],"wp:attachment":[{"href":"https:\/\/staging.cdsboutique.com\/en\/wp-json\/wp\/v2\/media?parent=27027"}],"wp:term":[{"taxonomy":"product_brand","embeddable":true,"href":"https:\/\/staging.cdsboutique.com\/en\/wp-json\/wp\/v2\/product_brand?post=27027"},{"taxonomy":"product_cat","embeddable":true,"href":"https:\/\/staging.cdsboutique.com\/en\/wp-json\/wp\/v2\/product_cat?post=27027"},{"taxonomy":"product_tag","embeddable":true,"href":"https:\/\/staging.cdsboutique.com\/en\/wp-json\/wp\/v2\/product_tag?post=27027"}],"curies":[{"name":"wp","href":"https:\/\/api.w.org\/{rel}","templated":true}]}}