{"id":27037,"date":"2020-11-20T09:42:41","date_gmt":"2020-11-20T16:58:13","guid":{"rendered":"https:\/\/cdsboutique.com\/produits\/aluminum-bowling-ramp\/"},"modified":"2025-10-21T10:22:55","modified_gmt":"2025-10-21T14:22:55","slug":"aluminum-bowling-ramp","status":"publish","type":"product","link":"https:\/\/staging.cdsboutique.com\/en\/produit\/aluminum-bowling-ramp\/","title":{"rendered":"Aluminum Bowling Ramp"},"content":{"rendered":"<p data-start=\"19\" data-end=\"311\"><strong>Elevate your residents&#8217; gaming experience with our specially designed bowling ball launch ramp, created to support individuals with reduced mobility. This accessible ramp ensures everyone can participate, enjoy, and succeed in a fun and safe environment, all while being easy to use and move.<\/strong><\/p>\n<p data-start=\"313\" data-end=\"326\"><strong data-start=\"313\" data-end=\"326\">Features of the Aluminium Bowling Ramp<\/strong><\/p>\n<ul data-start=\"328\" data-end=\"700\">\n<li data-start=\"328\" data-end=\"392\">Designed for use with bowling balls measuring 20cm in diameter<\/li>\n<li data-start=\"393\" data-end=\"452\">Lightweight yet durable construction for long-lasting use<\/li>\n<li data-start=\"453\" data-end=\"500\">Easy to assemble\u2014no additional tools required<\/li>\n<li data-start=\"501\" data-end=\"553\">Portable and easy to move between rooms or players<\/li>\n<li data-start=\"554\" data-end=\"612\">U-shaped aluminum tubing (25&#8243; x 25&#8243;) for added stability<\/li>\n<li data-start=\"613\" data-end=\"652\">Length of 58&#8243; for smooth ball descent<\/li>\n<li data-start=\"653\" data-end=\"700\">Rubber-tipped legs protect floors from damage<\/li>\n<\/ul>\n<p data-start=\"702\" data-end=\"718\"><strong data-start=\"702\" data-end=\"718\">Description<\/strong><\/p>\n<p data-start=\"720\" data-end=\"1303\">Our bowling ball launch ramp is the perfect solution for residents with varying levels of mobility, enabling them to engage in the game without difficulty. Built with durable U-shaped aluminum tubing, the ramp is designed to provide consistent, stable ball movement as it travels down, ensuring an enjoyable experience for all. Despite its strong construction, the ramp is incredibly lightweight, making it easy to transport and set up wherever needed. Whether placed in front of a seated player or used by someone standing, this ramp ensures a safe and inclusive bowling experience.<\/p>\n<p data-start=\"1305\" data-end=\"1320\"><strong data-start=\"1305\" data-end=\"1320\">How to Use<\/strong><\/p>\n<p data-start=\"1322\" data-end=\"1687\" data-is-last-node=\"\" data-is-only-node=\"\">To use the ramp, simply position it in front of the player, ensuring it is facing the pins. The player can either sit comfortably in a chair or stand behind the ramp if able. Once in place, the resident needs only to give the ball a gentle push to start the game. As the ball travels down the ramp, it remains steady and controlled, allowing for consistent scoring.<\/p>\n","protected":false},"excerpt":{"rendered":"<p>Rampe de lancement pour boule de quilles<\/p>\n","protected":false},"featured_media":53878,"comment_status":"open","ping_status":"closed","template":"","meta":{"_acf_changed":false},"product_brand":[],"product_cat":[4736,4401],"product_tag":[],"class_list":{"0":"post-27037","1":"product","2":"type-product","3":"status-publish","4":"has-post-thumbnail","6":"product_cat-active-games","7":"product_cat-all","8":"product_shipping_class-additional-shipping-costs","10":"first","11":"instock","12":"taxable","13":"shipping-taxable","14":"purchasable","15":"product-type-simple"},"bundled_by":[],"bundle_stock_status":"instock","bundle_stock_quantity":null,"bundle_virtual":false,"bundle_layout":"","bundle_add_to_cart_form_location":"","bundle_editable_in_cart":false,"bundle_sold_individually_context":"","bundle_item_grouping":"","bundle_min_size":"","bundle_max_size":"","bundle_price":[],"bundled_items":[],"bundle_sell_ids":[],"acf":[],"featured_image_urls_v2":{"full":["https:\/\/staging.cdsboutique.com\/wp-content\/uploads\/2020\/11\/17071_rampe_de_lancement_de_boules.jpg",1050,1050,false],"thumbnail":["https:\/\/staging.cdsboutique.com\/wp-content\/uploads\/2020\/11\/17071_rampe_de_lancement_de_boules-150x150.jpg",150,150,true],"medium":["https:\/\/staging.cdsboutique.com\/wp-content\/uploads\/2020\/11\/17071_rampe_de_lancement_de_boules-300x300.jpg",300,300,true],"medium_large":["https:\/\/staging.cdsboutique.com\/wp-content\/uploads\/2020\/11\/17071_rampe_de_lancement_de_boules-768x768.jpg",768,768,true],"large":["https:\/\/staging.cdsboutique.com\/wp-content\/uploads\/2020\/11\/17071_rampe_de_lancement_de_boules-1024x1024.jpg",980,980,true],"1536x1536":["https:\/\/staging.cdsboutique.com\/wp-content\/uploads\/2020\/11\/17071_rampe_de_lancement_de_boules.jpg",1050,1050,false],"2048x2048":["https:\/\/staging.cdsboutique.com\/wp-content\/uploads\/2020\/11\/17071_rampe_de_lancement_de_boules.jpg",1050,1050,false],"gform-image-choice-sm":["https:\/\/staging.cdsboutique.com\/wp-content\/uploads\/2020\/11\/17071_rampe_de_lancement_de_boules.jpg",300,300,false],"gform-image-choice-md":["https:\/\/staging.cdsboutique.com\/wp-content\/uploads\/2020\/11\/17071_rampe_de_lancement_de_boules.jpg",400,400,false],"gform-image-choice-lg":["https:\/\/staging.cdsboutique.com\/wp-content\/uploads\/2020\/11\/17071_rampe_de_lancement_de_boules.jpg",600,600,false],"woocommerce_thumbnail":["https:\/\/staging.cdsboutique.com\/wp-content\/uploads\/2020\/11\/17071_rampe_de_lancement_de_boules-300x300.jpg",300,300,true],"woocommerce_single":["https:\/\/staging.cdsboutique.com\/wp-content\/uploads\/2020\/11\/17071_rampe_de_lancement_de_boules-600x600.jpg",600,600,true],"woocommerce_gallery_thumbnail":["https:\/\/staging.cdsboutique.com\/wp-content\/uploads\/2020\/11\/17071_rampe_de_lancement_de_boules-100x100.jpg",100,100,true],"variation_swatches_image_size":["https:\/\/staging.cdsboutique.com\/wp-content\/uploads\/2020\/11\/17071_rampe_de_lancement_de_boules-50x50.jpg",50,50,true],"variation_swatches_tooltip_size":["https:\/\/staging.cdsboutique.com\/wp-content\/uploads\/2020\/11\/17071_rampe_de_lancement_de_boules-100x100.jpg",100,100,true],"logo-size":["https:\/\/staging.cdsboutique.com\/wp-content\/uploads\/2020\/11\/17071_rampe_de_lancement_de_boules-84x84.jpg",84,84,true],"blog":["https:\/\/staging.cdsboutique.com\/wp-content\/uploads\/2020\/11\/17071_rampe_de_lancement_de_boules-350x260.jpg",350,260,true]},"post_excerpt_stackable_v2":"<p>Rampe de lancement pour boule de quilles<\/p>\n","category_list_v2":"","author_info_v2":{"name":"","url":""},"comments_num_v2":"1 comment","yoast_head":"<!-- This site is optimized with the Yoast SEO plugin v27.4 - https:\/\/yoast.com\/product\/yoast-seo-wordpress\/ -->\n<title>Aluminum Bowling Ramp - CDS boutique A\u00een\u00e9s<\/title>\n<meta name=\"description\" content=\"Enhance your residents&#039; gaming experience by incorporating a bowling ball launch ramp designed for those with reduced mobility.\" \/>\n<meta name=\"robots\" content=\"noindex, follow, max-snippet:-1, max-image-preview:large, max-video-preview:-1\" \/>\n<meta property=\"og:locale\" content=\"en_US\" \/>\n<meta property=\"og:type\" content=\"article\" \/>\n<meta property=\"og:title\" content=\"Aluminum Bowling Ramp - CDS boutique A\u00een\u00e9s\" \/>\n<meta property=\"og:description\" content=\"Enhance your residents&#039; gaming experience by incorporating a bowling ball launch ramp designed for those with reduced mobility.\" \/>\n<meta property=\"og:url\" content=\"https:\/\/staging.cdsboutique.com\/en\/product\/aluminum-bowling-ramp\/\" \/>\n<meta property=\"og:site_name\" content=\"CDS boutique A\u00een\u00e9s\" \/>\n<meta property=\"article:publisher\" content=\"https:\/\/www.facebook.com\/CDSBoutique.Aines.Seniors\" \/>\n<meta property=\"article:modified_time\" content=\"2025-10-21T14:22:55+00:00\" \/>\n<meta property=\"og:image\" content=\"https:\/\/staging.cdsboutique.com\/wp-content\/uploads\/2020\/11\/17071_rampe_de_lancement_de_boules.jpg?_t=1761056576\" \/>\n\t<meta property=\"og:image:width\" content=\"1050\" \/>\n\t<meta property=\"og:image:height\" content=\"1050\" \/>\n\t<meta property=\"og:image:type\" content=\"image\/jpeg\" \/>\n<meta name=\"twitter:card\" content=\"summary_large_image\" \/>\n<meta name=\"twitter:label1\" content=\"Est. reading time\" \/>\n\t<meta name=\"twitter:data1\" content=\"2 minutes\" \/>\n<script type=\"application\/ld+json\" class=\"yoast-schema-graph\">{\"@context\":\"https:\\\/\\\/schema.org\",\"@graph\":[{\"@type\":\"WebPage\",\"@id\":\"https:\\\/\\\/staging.cdsboutique.com\\\/en\\\/product\\\/aluminum-bowling-ramp\\\/\",\"url\":\"https:\\\/\\\/staging.cdsboutique.com\\\/en\\\/product\\\/aluminum-bowling-ramp\\\/\",\"name\":\"Aluminum Bowling Ramp - CDS boutique A\u00een\u00e9s\",\"isPartOf\":{\"@id\":\"https:\\\/\\\/staging.cdsboutique.com\\\/#website\"},\"primaryImageOfPage\":{\"@id\":\"https:\\\/\\\/staging.cdsboutique.com\\\/en\\\/product\\\/aluminum-bowling-ramp\\\/#primaryimage\"},\"image\":{\"@id\":\"https:\\\/\\\/staging.cdsboutique.com\\\/en\\\/product\\\/aluminum-bowling-ramp\\\/#primaryimage\"},\"thumbnailUrl\":\"https:\\\/\\\/staging.cdsboutique.com\\\/wp-content\\\/uploads\\\/2020\\\/11\\\/17071_rampe_de_lancement_de_boules.jpg\",\"datePublished\":\"2020-11-20T16:58:13+00:00\",\"dateModified\":\"2025-10-21T14:22:55+00:00\",\"description\":\"Enhance your residents' gaming experience by incorporating a bowling ball launch ramp designed for those with reduced mobility.\",\"breadcrumb\":{\"@id\":\"https:\\\/\\\/staging.cdsboutique.com\\\/en\\\/product\\\/aluminum-bowling-ramp\\\/#breadcrumb\"},\"inLanguage\":\"en-US\",\"potentialAction\":[{\"@type\":\"ReadAction\",\"target\":[\"https:\\\/\\\/staging.cdsboutique.com\\\/en\\\/product\\\/aluminum-bowling-ramp\\\/\"]}]},{\"@type\":\"ImageObject\",\"inLanguage\":\"en-US\",\"@id\":\"https:\\\/\\\/staging.cdsboutique.com\\\/en\\\/product\\\/aluminum-bowling-ramp\\\/#primaryimage\",\"url\":\"https:\\\/\\\/staging.cdsboutique.com\\\/wp-content\\\/uploads\\\/2020\\\/11\\\/17071_rampe_de_lancement_de_boules.jpg\",\"contentUrl\":\"https:\\\/\\\/staging.cdsboutique.com\\\/wp-content\\\/uploads\\\/2020\\\/11\\\/17071_rampe_de_lancement_de_boules.jpg\",\"width\":1050,\"height\":1050},{\"@type\":\"BreadcrumbList\",\"@id\":\"https:\\\/\\\/staging.cdsboutique.com\\\/en\\\/product\\\/aluminum-bowling-ramp\\\/#breadcrumb\",\"itemListElement\":[{\"@type\":\"ListItem\",\"position\":1,\"name\":\"Home\",\"item\":\"https:\\\/\\\/staging.cdsboutique.com\\\/en\\\/\"},{\"@type\":\"ListItem\",\"position\":2,\"name\":\"Products\",\"item\":\"https:\\\/\\\/staging.cdsboutique.com\\\/en\\\/products\\\/\"},{\"@type\":\"ListItem\",\"position\":3,\"name\":\"Aluminum Bowling Ramp\"}]},{\"@type\":\"WebSite\",\"@id\":\"https:\\\/\\\/staging.cdsboutique.com\\\/#website\",\"url\":\"https:\\\/\\\/staging.cdsboutique.com\\\/\",\"name\":\"CDS boutique A\u00een\u00e9s\",\"description\":\"Pour une meilleure qualit\u00e9 de vie\",\"publisher\":{\"@id\":\"https:\\\/\\\/staging.cdsboutique.com\\\/#organization\"},\"potentialAction\":[{\"@type\":\"SearchAction\",\"target\":{\"@type\":\"EntryPoint\",\"urlTemplate\":\"https:\\\/\\\/staging.cdsboutique.com\\\/?s={search_term_string}\"},\"query-input\":{\"@type\":\"PropertyValueSpecification\",\"valueRequired\":true,\"valueName\":\"search_term_string\"}}],\"inLanguage\":\"en-US\"},{\"@type\":\"Organization\",\"@id\":\"https:\\\/\\\/staging.cdsboutique.com\\\/#organization\",\"name\":\"CDS Boutique\",\"url\":\"https:\\\/\\\/staging.cdsboutique.com\\\/\",\"logo\":{\"@type\":\"ImageObject\",\"inLanguage\":\"en-US\",\"@id\":\"https:\\\/\\\/staging.cdsboutique.com\\\/#\\\/schema\\\/logo\\\/image\\\/\",\"url\":\"https:\\\/\\\/staging.cdsboutique.com\\\/wp-content\\\/uploads\\\/2024\\\/09\\\/logoCDS-Boutique_final2024.jpg\",\"contentUrl\":\"https:\\\/\\\/staging.cdsboutique.com\\\/wp-content\\\/uploads\\\/2024\\\/09\\\/logoCDS-Boutique_final2024.jpg\",\"width\":900,\"height\":600,\"caption\":\"CDS Boutique\"},\"image\":{\"@id\":\"https:\\\/\\\/staging.cdsboutique.com\\\/#\\\/schema\\\/logo\\\/image\\\/\"},\"sameAs\":[\"https:\\\/\\\/www.facebook.com\\\/CDSBoutique.Aines.Seniors\",\"https:\\\/\\\/www.youtube.com\\\/@cdsboutique4046\",\"https:\\\/\\\/www.linkedin.com\\\/company\\\/cds-boutique\\\/\",\"https:\\\/\\\/www.instagram.com\\\/cdsboutique\\\/\"]}]}<\/script>\n<!-- \/ Yoast SEO plugin. -->","yoast_head_json":{"title":"Aluminum Bowling Ramp - CDS boutique A\u00een\u00e9s","description":"Enhance your residents' gaming experience by incorporating a bowling ball launch ramp designed for those with reduced mobility.","robots":{"index":"noindex","follow":"follow","max-snippet":"max-snippet:-1","max-image-preview":"max-image-preview:large","max-video-preview":"max-video-preview:-1"},"og_locale":"en_US","og_type":"article","og_title":"Aluminum Bowling Ramp - CDS boutique A\u00een\u00e9s","og_description":"Enhance your residents' gaming experience by incorporating a bowling ball launch ramp designed for those with reduced mobility.","og_url":"https:\/\/staging.cdsboutique.com\/en\/product\/aluminum-bowling-ramp\/","og_site_name":"CDS boutique A\u00een\u00e9s","article_publisher":"https:\/\/www.facebook.com\/CDSBoutique.Aines.Seniors","article_modified_time":"2025-10-21T14:22:55+00:00","og_image":[{"width":1050,"height":1050,"url":"https:\/\/staging.cdsboutique.com\/wp-content\/uploads\/2020\/11\/17071_rampe_de_lancement_de_boules.jpg?_t=1761056576","type":"image\/jpeg"}],"twitter_card":"summary_large_image","twitter_misc":{"Est. reading time":"2 minutes"},"schema":{"@context":"https:\/\/schema.org","@graph":[{"@type":"WebPage","@id":"https:\/\/staging.cdsboutique.com\/en\/product\/aluminum-bowling-ramp\/","url":"https:\/\/staging.cdsboutique.com\/en\/product\/aluminum-bowling-ramp\/","name":"Aluminum Bowling Ramp - CDS boutique A\u00een\u00e9s","isPartOf":{"@id":"https:\/\/staging.cdsboutique.com\/#website"},"primaryImageOfPage":{"@id":"https:\/\/staging.cdsboutique.com\/en\/product\/aluminum-bowling-ramp\/#primaryimage"},"image":{"@id":"https:\/\/staging.cdsboutique.com\/en\/product\/aluminum-bowling-ramp\/#primaryimage"},"thumbnailUrl":"https:\/\/staging.cdsboutique.com\/wp-content\/uploads\/2020\/11\/17071_rampe_de_lancement_de_boules.jpg","datePublished":"2020-11-20T16:58:13+00:00","dateModified":"2025-10-21T14:22:55+00:00","description":"Enhance your residents' gaming experience by incorporating a bowling ball launch ramp designed for those with reduced mobility.","breadcrumb":{"@id":"https:\/\/staging.cdsboutique.com\/en\/product\/aluminum-bowling-ramp\/#breadcrumb"},"inLanguage":"en-US","potentialAction":[{"@type":"ReadAction","target":["https:\/\/staging.cdsboutique.com\/en\/product\/aluminum-bowling-ramp\/"]}]},{"@type":"ImageObject","inLanguage":"en-US","@id":"https:\/\/staging.cdsboutique.com\/en\/product\/aluminum-bowling-ramp\/#primaryimage","url":"https:\/\/staging.cdsboutique.com\/wp-content\/uploads\/2020\/11\/17071_rampe_de_lancement_de_boules.jpg","contentUrl":"https:\/\/staging.cdsboutique.com\/wp-content\/uploads\/2020\/11\/17071_rampe_de_lancement_de_boules.jpg","width":1050,"height":1050},{"@type":"BreadcrumbList","@id":"https:\/\/staging.cdsboutique.com\/en\/product\/aluminum-bowling-ramp\/#breadcrumb","itemListElement":[{"@type":"ListItem","position":1,"name":"Home","item":"https:\/\/staging.cdsboutique.com\/en\/"},{"@type":"ListItem","position":2,"name":"Products","item":"https:\/\/staging.cdsboutique.com\/en\/products\/"},{"@type":"ListItem","position":3,"name":"Aluminum Bowling Ramp"}]},{"@type":"WebSite","@id":"https:\/\/staging.cdsboutique.com\/#website","url":"https:\/\/staging.cdsboutique.com\/","name":"CDS boutique A\u00een\u00e9s","description":"Pour une meilleure qualit\u00e9 de vie","publisher":{"@id":"https:\/\/staging.cdsboutique.com\/#organization"},"potentialAction":[{"@type":"SearchAction","target":{"@type":"EntryPoint","urlTemplate":"https:\/\/staging.cdsboutique.com\/?s={search_term_string}"},"query-input":{"@type":"PropertyValueSpecification","valueRequired":true,"valueName":"search_term_string"}}],"inLanguage":"en-US"},{"@type":"Organization","@id":"https:\/\/staging.cdsboutique.com\/#organization","name":"CDS Boutique","url":"https:\/\/staging.cdsboutique.com\/","logo":{"@type":"ImageObject","inLanguage":"en-US","@id":"https:\/\/staging.cdsboutique.com\/#\/schema\/logo\/image\/","url":"https:\/\/staging.cdsboutique.com\/wp-content\/uploads\/2024\/09\/logoCDS-Boutique_final2024.jpg","contentUrl":"https:\/\/staging.cdsboutique.com\/wp-content\/uploads\/2024\/09\/logoCDS-Boutique_final2024.jpg","width":900,"height":600,"caption":"CDS Boutique"},"image":{"@id":"https:\/\/staging.cdsboutique.com\/#\/schema\/logo\/image\/"},"sameAs":["https:\/\/www.facebook.com\/CDSBoutique.Aines.Seniors","https:\/\/www.youtube.com\/@cdsboutique4046","https:\/\/www.linkedin.com\/company\/cds-boutique\/","https:\/\/www.instagram.com\/cdsboutique\/"]}]}},"_links":{"self":[{"href":"https:\/\/staging.cdsboutique.com\/en\/wp-json\/wp\/v2\/product\/27037","targetHints":{"allow":["GET"]}}],"collection":[{"href":"https:\/\/staging.cdsboutique.com\/en\/wp-json\/wp\/v2\/product"}],"about":[{"href":"https:\/\/staging.cdsboutique.com\/en\/wp-json\/wp\/v2\/types\/product"}],"replies":[{"embeddable":true,"href":"https:\/\/staging.cdsboutique.com\/en\/wp-json\/wp\/v2\/comments?post=27037"}],"wp:featuredmedia":[{"embeddable":true,"href":"https:\/\/staging.cdsboutique.com\/en\/wp-json\/wp\/v2\/media\/53878"}],"wp:attachment":[{"href":"https:\/\/staging.cdsboutique.com\/en\/wp-json\/wp\/v2\/media?parent=27037"}],"wp:term":[{"taxonomy":"product_brand","embeddable":true,"href":"https:\/\/staging.cdsboutique.com\/en\/wp-json\/wp\/v2\/product_brand?post=27037"},{"taxonomy":"product_cat","embeddable":true,"href":"https:\/\/staging.cdsboutique.com\/en\/wp-json\/wp\/v2\/product_cat?post=27037"},{"taxonomy":"product_tag","embeddable":true,"href":"https:\/\/staging.cdsboutique.com\/en\/wp-json\/wp\/v2\/product_tag?post=27037"}],"curies":[{"name":"wp","href":"https:\/\/api.w.org\/{rel}","templated":true}]}}