{"id":27180,"date":"2020-11-20T09:46:05","date_gmt":"2020-11-20T17:01:25","guid":{"rendered":"https:\/\/cdsboutique.com\/produits\/gel-maze-with-bead\/"},"modified":"2026-01-08T16:28:36","modified_gmt":"2026-01-08T21:28:36","slug":"gel-maze-with-bead","status":"publish","type":"product","link":"https:\/\/staging.cdsboutique.com\/en\/produit\/gel-maze-with-bead\/","title":{"rendered":"Gel Maze with Bead"},"content":{"rendered":"<\/p>\n<p>This gel-maze offers the sensory feeling of gel and provides the opportunity to move a bead through a maze pattern. It promotes brain stimulation, improves hand-eye coordination, increases finger strength and dexterity and reduces boredom and anxiety.<\/p>\n<p>Details:<\/p>\n<ul type=\"disc\">\n<li>For people of all ages;<\/li>\n<li>Dimensions: 14 x 14 in (35.6 x 35.6 cm).<\/li>\n<\/ul>\n<p><strong>Convivial &amp; easy maintenance<br \/> <\/strong>These sensory pads should be used on a surface that is adequate for the user. Each cushion is filled with non-toxic gel, sealed in antibacterial phthalate-free vinyl and is easily cleaned with a soft cloth and soap.<\/p>\n<p><strong>&nbsp;<\/strong><\/p>\n","protected":false},"excerpt":{"rendered":"<\/p>\n<p>This gel-maze offers the sensory feeling of gel and provides the opportunity to move a bead through a maze pattern. It promotes brain stimulation, improves hand-eye coordination, increases finger strength and dexterity and reduces boredom and anxiety.<\/p>\n<p>Details:<\/p>\n<ul type=\"disc\">\n<li>For people of all ages;<\/li>\n<li>Dimensions: 14 x 14 in (35.6 x 35.6 cm).<\/li>\n<\/ul>\n<p><strong>Convivial &amp; easy maintenance<br \/> <\/strong>These sensory pads should be used on a surface that is adequate for the user. Each cushion is filled with non-toxic gel, sealed in antibacterial phthalate-free vinyl and is easily cleaned with a soft cloth and soap.<\/p>\n<p><strong>&nbsp;<\/strong><\/p>\n","protected":false},"featured_media":3763,"comment_status":"open","ping_status":"closed","template":"","meta":{"_acf_changed":false},"product_brand":[],"product_cat":[4401,2992,2980],"product_tag":[],"class_list":{"0":"post-27180","1":"product","2":"type-product","3":"status-publish","4":"has-post-thumbnail","6":"product_cat-all","7":"product_cat-gel-products","8":"product_cat-sensory-stimulation","9":"product_shipping_class-frais-de-livraison-en","11":"first","12":"instock","13":"taxable","14":"shipping-taxable","15":"purchasable","16":"product-type-simple"},"bundled_by":["36472","36516"],"bundle_stock_status":"instock","bundle_stock_quantity":null,"bundle_virtual":false,"bundle_layout":"","bundle_add_to_cart_form_location":"","bundle_editable_in_cart":false,"bundle_sold_individually_context":"","bundle_item_grouping":"","bundle_min_size":"","bundle_max_size":"","bundle_price":[],"bundled_items":[],"bundle_sell_ids":[],"acf":[],"featured_image_urls_v2":{"full":["https:\/\/staging.cdsboutique.com\/wp-content\/uploads\/2020\/09\/15320_2013.gif",1200,1112,false],"thumbnail":["https:\/\/staging.cdsboutique.com\/wp-content\/uploads\/2020\/09\/15320_2013-150x150.gif",150,150,true],"medium":["https:\/\/staging.cdsboutique.com\/wp-content\/uploads\/2020\/09\/15320_2013-300x278.gif",300,278,true],"medium_large":["https:\/\/staging.cdsboutique.com\/wp-content\/uploads\/2020\/09\/15320_2013-768x712.gif",768,712,true],"large":["https:\/\/staging.cdsboutique.com\/wp-content\/uploads\/2020\/09\/15320_2013-1024x949.gif",980,908,true],"1536x1536":["https:\/\/staging.cdsboutique.com\/wp-content\/uploads\/2020\/09\/15320_2013.gif",1200,1112,false],"2048x2048":["https:\/\/staging.cdsboutique.com\/wp-content\/uploads\/2020\/09\/15320_2013.gif",1200,1112,false],"gform-image-choice-sm":["https:\/\/staging.cdsboutique.com\/wp-content\/uploads\/2020\/09\/15320_2013.gif",300,278,false],"gform-image-choice-md":["https:\/\/staging.cdsboutique.com\/wp-content\/uploads\/2020\/09\/15320_2013.gif",400,371,false],"gform-image-choice-lg":["https:\/\/staging.cdsboutique.com\/wp-content\/uploads\/2020\/09\/15320_2013.gif",600,556,false],"woocommerce_thumbnail":["https:\/\/staging.cdsboutique.com\/wp-content\/uploads\/2020\/09\/15320_2013-300x278.gif",300,278,true],"woocommerce_single":["https:\/\/staging.cdsboutique.com\/wp-content\/uploads\/2020\/09\/15320_2013-600x556.gif",600,556,true],"woocommerce_gallery_thumbnail":["https:\/\/staging.cdsboutique.com\/wp-content\/uploads\/2020\/09\/15320_2013-100x100.gif",100,100,true],"variation_swatches_image_size":["https:\/\/staging.cdsboutique.com\/wp-content\/uploads\/2020\/09\/15320_2013.gif",50,46,false],"variation_swatches_tooltip_size":["https:\/\/staging.cdsboutique.com\/wp-content\/uploads\/2020\/09\/15320_2013.gif",100,93,false],"logo-size":["https:\/\/staging.cdsboutique.com\/wp-content\/uploads\/2020\/09\/15320_2013-91x84.gif",91,84,true],"blog":["https:\/\/staging.cdsboutique.com\/wp-content\/uploads\/2020\/09\/15320_2013-350x260.gif",350,260,true]},"post_excerpt_stackable_v2":"<\/p>\n<p>This gel-maze offers the sensory feeling of gel and provides the opportunity to move a bead through a maze pattern. It promotes brain stimulation, improves hand-eye coordination, increases finger strength and dexterity and reduces boredom and anxiety.<\/p>\n<p>Details:<\/p>\n<ul type=\"disc\">\n<li>For people of all ages;<\/li>\n<li>Dimensions: 14 x 14 in (35.6 x 35.6 cm).<\/li>\n<\/ul>\n<p><strong>Convivial &amp; easy maintenance<br \/> <\/strong>These sensory pads should be used on a surface that is adequate for the user. Each cushion is filled with non-toxic gel, sealed in antibacterial phthalate-free vinyl and is easily cleaned with a soft cloth and soap.<\/p>\n<p><strong>&nbsp;<\/strong><\/p>\n","category_list_v2":"","author_info_v2":{"name":"","url":""},"comments_num_v2":"2 comments","yoast_head":"<!-- This site is optimized with the Yoast SEO plugin v27.4 - https:\/\/yoast.com\/product\/yoast-seo-wordpress\/ -->\n<title>Gel Maze with Bead<\/title>\n<meta name=\"description\" content=\"This gel-maze offers the sensory feeling of gel and provides the opportunity to move a bead through a maze pattern. It promotes brain stimulation, improves hand-eye coordination, increases finger strength and dexterity and reduces boredom and anxiety.\" \/>\n<meta name=\"robots\" content=\"noindex, follow, max-snippet:-1, max-image-preview:large, max-video-preview:-1\" \/>\n<meta property=\"og:locale\" content=\"en_US\" \/>\n<meta property=\"og:type\" content=\"article\" \/>\n<meta property=\"og:title\" content=\"Gel Maze with Bead\" \/>\n<meta property=\"og:description\" content=\"This gel-maze offers the sensory feeling of gel and provides the opportunity to move a bead through a maze pattern. It promotes brain stimulation, improves hand-eye coordination, increases finger strength and dexterity and reduces boredom and anxiety.\" \/>\n<meta property=\"og:url\" content=\"https:\/\/staging.cdsboutique.com\/en\/product\/gel-maze-with-bead\/\" \/>\n<meta property=\"og:site_name\" content=\"CDS boutique A\u00een\u00e9s\" \/>\n<meta property=\"article:publisher\" content=\"https:\/\/www.facebook.com\/CDSBoutique.Aines.Seniors\" \/>\n<meta property=\"article:modified_time\" content=\"2026-01-08T21:28:36+00:00\" \/>\n<meta property=\"og:image\" content=\"https:\/\/staging.cdsboutique.com\/wp-content\/uploads\/2020\/09\/15320_2013.gif\" \/>\n\t<meta property=\"og:image:width\" content=\"1200\" \/>\n\t<meta property=\"og:image:height\" content=\"1112\" \/>\n\t<meta property=\"og:image:type\" content=\"image\/gif\" \/>\n<meta name=\"twitter:card\" content=\"summary_large_image\" \/>\n<script type=\"application\/ld+json\" class=\"yoast-schema-graph\">{\"@context\":\"https:\\\/\\\/schema.org\",\"@graph\":[{\"@type\":\"WebPage\",\"@id\":\"https:\\\/\\\/staging.cdsboutique.com\\\/en\\\/product\\\/gel-maze-with-bead\\\/\",\"url\":\"https:\\\/\\\/staging.cdsboutique.com\\\/en\\\/product\\\/gel-maze-with-bead\\\/\",\"name\":\"Gel Maze with Bead\",\"isPartOf\":{\"@id\":\"https:\\\/\\\/staging.cdsboutique.com\\\/#website\"},\"primaryImageOfPage\":{\"@id\":\"https:\\\/\\\/staging.cdsboutique.com\\\/en\\\/product\\\/gel-maze-with-bead\\\/#primaryimage\"},\"image\":{\"@id\":\"https:\\\/\\\/staging.cdsboutique.com\\\/en\\\/product\\\/gel-maze-with-bead\\\/#primaryimage\"},\"thumbnailUrl\":\"https:\\\/\\\/staging.cdsboutique.com\\\/wp-content\\\/uploads\\\/2020\\\/09\\\/15320_2013.gif\",\"datePublished\":\"2020-11-20T17:01:25+00:00\",\"dateModified\":\"2026-01-08T21:28:36+00:00\",\"description\":\"This gel-maze offers the sensory feeling of gel and provides the opportunity to move a bead through a maze pattern. It promotes brain stimulation, improves hand-eye coordination, increases finger strength and dexterity and reduces boredom and anxiety.\",\"breadcrumb\":{\"@id\":\"https:\\\/\\\/staging.cdsboutique.com\\\/en\\\/product\\\/gel-maze-with-bead\\\/#breadcrumb\"},\"inLanguage\":\"en-US\",\"potentialAction\":[{\"@type\":\"ReadAction\",\"target\":[\"https:\\\/\\\/staging.cdsboutique.com\\\/en\\\/product\\\/gel-maze-with-bead\\\/\"]}]},{\"@type\":\"ImageObject\",\"inLanguage\":\"en-US\",\"@id\":\"https:\\\/\\\/staging.cdsboutique.com\\\/en\\\/product\\\/gel-maze-with-bead\\\/#primaryimage\",\"url\":\"https:\\\/\\\/staging.cdsboutique.com\\\/wp-content\\\/uploads\\\/2020\\\/09\\\/15320_2013.gif\",\"contentUrl\":\"https:\\\/\\\/staging.cdsboutique.com\\\/wp-content\\\/uploads\\\/2020\\\/09\\\/15320_2013.gif\",\"width\":1200,\"height\":1112},{\"@type\":\"BreadcrumbList\",\"@id\":\"https:\\\/\\\/staging.cdsboutique.com\\\/en\\\/product\\\/gel-maze-with-bead\\\/#breadcrumb\",\"itemListElement\":[{\"@type\":\"ListItem\",\"position\":1,\"name\":\"Home\",\"item\":\"https:\\\/\\\/staging.cdsboutique.com\\\/en\\\/\"},{\"@type\":\"ListItem\",\"position\":2,\"name\":\"Products\",\"item\":\"https:\\\/\\\/staging.cdsboutique.com\\\/en\\\/products\\\/\"},{\"@type\":\"ListItem\",\"position\":3,\"name\":\"Gel Maze with Bead\"}]},{\"@type\":\"WebSite\",\"@id\":\"https:\\\/\\\/staging.cdsboutique.com\\\/#website\",\"url\":\"https:\\\/\\\/staging.cdsboutique.com\\\/\",\"name\":\"CDS boutique A\u00een\u00e9s\",\"description\":\"Pour une meilleure qualit\u00e9 de vie\",\"publisher\":{\"@id\":\"https:\\\/\\\/staging.cdsboutique.com\\\/#organization\"},\"potentialAction\":[{\"@type\":\"SearchAction\",\"target\":{\"@type\":\"EntryPoint\",\"urlTemplate\":\"https:\\\/\\\/staging.cdsboutique.com\\\/?s={search_term_string}\"},\"query-input\":{\"@type\":\"PropertyValueSpecification\",\"valueRequired\":true,\"valueName\":\"search_term_string\"}}],\"inLanguage\":\"en-US\"},{\"@type\":\"Organization\",\"@id\":\"https:\\\/\\\/staging.cdsboutique.com\\\/#organization\",\"name\":\"CDS Boutique\",\"url\":\"https:\\\/\\\/staging.cdsboutique.com\\\/\",\"logo\":{\"@type\":\"ImageObject\",\"inLanguage\":\"en-US\",\"@id\":\"https:\\\/\\\/staging.cdsboutique.com\\\/#\\\/schema\\\/logo\\\/image\\\/\",\"url\":\"https:\\\/\\\/staging.cdsboutique.com\\\/wp-content\\\/uploads\\\/2024\\\/09\\\/logoCDS-Boutique_final2024.jpg\",\"contentUrl\":\"https:\\\/\\\/staging.cdsboutique.com\\\/wp-content\\\/uploads\\\/2024\\\/09\\\/logoCDS-Boutique_final2024.jpg\",\"width\":900,\"height\":600,\"caption\":\"CDS Boutique\"},\"image\":{\"@id\":\"https:\\\/\\\/staging.cdsboutique.com\\\/#\\\/schema\\\/logo\\\/image\\\/\"},\"sameAs\":[\"https:\\\/\\\/www.facebook.com\\\/CDSBoutique.Aines.Seniors\",\"https:\\\/\\\/www.youtube.com\\\/@cdsboutique4046\",\"https:\\\/\\\/www.linkedin.com\\\/company\\\/cds-boutique\\\/\",\"https:\\\/\\\/www.instagram.com\\\/cdsboutique\\\/\"]}]}<\/script>\n<!-- \/ Yoast SEO plugin. -->","yoast_head_json":{"title":"Gel Maze with Bead","description":"This gel-maze offers the sensory feeling of gel and provides the opportunity to move a bead through a maze pattern. It promotes brain stimulation, improves hand-eye coordination, increases finger strength and dexterity and reduces boredom and anxiety.","robots":{"index":"noindex","follow":"follow","max-snippet":"max-snippet:-1","max-image-preview":"max-image-preview:large","max-video-preview":"max-video-preview:-1"},"og_locale":"en_US","og_type":"article","og_title":"Gel Maze with Bead","og_description":"This gel-maze offers the sensory feeling of gel and provides the opportunity to move a bead through a maze pattern. It promotes brain stimulation, improves hand-eye coordination, increases finger strength and dexterity and reduces boredom and anxiety.","og_url":"https:\/\/staging.cdsboutique.com\/en\/product\/gel-maze-with-bead\/","og_site_name":"CDS boutique A\u00een\u00e9s","article_publisher":"https:\/\/www.facebook.com\/CDSBoutique.Aines.Seniors","article_modified_time":"2026-01-08T21:28:36+00:00","og_image":[{"width":1200,"height":1112,"url":"https:\/\/staging.cdsboutique.com\/wp-content\/uploads\/2020\/09\/15320_2013.gif","type":"image\/gif"}],"twitter_card":"summary_large_image","schema":{"@context":"https:\/\/schema.org","@graph":[{"@type":"WebPage","@id":"https:\/\/staging.cdsboutique.com\/en\/product\/gel-maze-with-bead\/","url":"https:\/\/staging.cdsboutique.com\/en\/product\/gel-maze-with-bead\/","name":"Gel Maze with Bead","isPartOf":{"@id":"https:\/\/staging.cdsboutique.com\/#website"},"primaryImageOfPage":{"@id":"https:\/\/staging.cdsboutique.com\/en\/product\/gel-maze-with-bead\/#primaryimage"},"image":{"@id":"https:\/\/staging.cdsboutique.com\/en\/product\/gel-maze-with-bead\/#primaryimage"},"thumbnailUrl":"https:\/\/staging.cdsboutique.com\/wp-content\/uploads\/2020\/09\/15320_2013.gif","datePublished":"2020-11-20T17:01:25+00:00","dateModified":"2026-01-08T21:28:36+00:00","description":"This gel-maze offers the sensory feeling of gel and provides the opportunity to move a bead through a maze pattern. It promotes brain stimulation, improves hand-eye coordination, increases finger strength and dexterity and reduces boredom and anxiety.","breadcrumb":{"@id":"https:\/\/staging.cdsboutique.com\/en\/product\/gel-maze-with-bead\/#breadcrumb"},"inLanguage":"en-US","potentialAction":[{"@type":"ReadAction","target":["https:\/\/staging.cdsboutique.com\/en\/product\/gel-maze-with-bead\/"]}]},{"@type":"ImageObject","inLanguage":"en-US","@id":"https:\/\/staging.cdsboutique.com\/en\/product\/gel-maze-with-bead\/#primaryimage","url":"https:\/\/staging.cdsboutique.com\/wp-content\/uploads\/2020\/09\/15320_2013.gif","contentUrl":"https:\/\/staging.cdsboutique.com\/wp-content\/uploads\/2020\/09\/15320_2013.gif","width":1200,"height":1112},{"@type":"BreadcrumbList","@id":"https:\/\/staging.cdsboutique.com\/en\/product\/gel-maze-with-bead\/#breadcrumb","itemListElement":[{"@type":"ListItem","position":1,"name":"Home","item":"https:\/\/staging.cdsboutique.com\/en\/"},{"@type":"ListItem","position":2,"name":"Products","item":"https:\/\/staging.cdsboutique.com\/en\/products\/"},{"@type":"ListItem","position":3,"name":"Gel Maze with Bead"}]},{"@type":"WebSite","@id":"https:\/\/staging.cdsboutique.com\/#website","url":"https:\/\/staging.cdsboutique.com\/","name":"CDS boutique A\u00een\u00e9s","description":"Pour une meilleure qualit\u00e9 de vie","publisher":{"@id":"https:\/\/staging.cdsboutique.com\/#organization"},"potentialAction":[{"@type":"SearchAction","target":{"@type":"EntryPoint","urlTemplate":"https:\/\/staging.cdsboutique.com\/?s={search_term_string}"},"query-input":{"@type":"PropertyValueSpecification","valueRequired":true,"valueName":"search_term_string"}}],"inLanguage":"en-US"},{"@type":"Organization","@id":"https:\/\/staging.cdsboutique.com\/#organization","name":"CDS Boutique","url":"https:\/\/staging.cdsboutique.com\/","logo":{"@type":"ImageObject","inLanguage":"en-US","@id":"https:\/\/staging.cdsboutique.com\/#\/schema\/logo\/image\/","url":"https:\/\/staging.cdsboutique.com\/wp-content\/uploads\/2024\/09\/logoCDS-Boutique_final2024.jpg","contentUrl":"https:\/\/staging.cdsboutique.com\/wp-content\/uploads\/2024\/09\/logoCDS-Boutique_final2024.jpg","width":900,"height":600,"caption":"CDS Boutique"},"image":{"@id":"https:\/\/staging.cdsboutique.com\/#\/schema\/logo\/image\/"},"sameAs":["https:\/\/www.facebook.com\/CDSBoutique.Aines.Seniors","https:\/\/www.youtube.com\/@cdsboutique4046","https:\/\/www.linkedin.com\/company\/cds-boutique\/","https:\/\/www.instagram.com\/cdsboutique\/"]}]}},"_links":{"self":[{"href":"https:\/\/staging.cdsboutique.com\/en\/wp-json\/wp\/v2\/product\/27180","targetHints":{"allow":["GET"]}}],"collection":[{"href":"https:\/\/staging.cdsboutique.com\/en\/wp-json\/wp\/v2\/product"}],"about":[{"href":"https:\/\/staging.cdsboutique.com\/en\/wp-json\/wp\/v2\/types\/product"}],"replies":[{"embeddable":true,"href":"https:\/\/staging.cdsboutique.com\/en\/wp-json\/wp\/v2\/comments?post=27180"}],"wp:featuredmedia":[{"embeddable":true,"href":"https:\/\/staging.cdsboutique.com\/en\/wp-json\/wp\/v2\/media\/3763"}],"wp:attachment":[{"href":"https:\/\/staging.cdsboutique.com\/en\/wp-json\/wp\/v2\/media?parent=27180"}],"wp:term":[{"taxonomy":"product_brand","embeddable":true,"href":"https:\/\/staging.cdsboutique.com\/en\/wp-json\/wp\/v2\/product_brand?post=27180"},{"taxonomy":"product_cat","embeddable":true,"href":"https:\/\/staging.cdsboutique.com\/en\/wp-json\/wp\/v2\/product_cat?post=27180"},{"taxonomy":"product_tag","embeddable":true,"href":"https:\/\/staging.cdsboutique.com\/en\/wp-json\/wp\/v2\/product_tag?post=27180"}],"curies":[{"name":"wp","href":"https:\/\/api.w.org\/{rel}","templated":true}]}}