{"id":27284,"date":"2020-11-20T09:48:30","date_gmt":"2020-11-20T14:48:30","guid":{"rendered":"https:\/\/cdsboutique.com\/produits\/the-tender-loving-care-doll-brown-hair\/"},"modified":"2026-02-09T08:38:12","modified_gmt":"2026-02-09T13:38:12","slug":"the-tender-loving-care-doll-brown-hair","status":"publish","type":"product","link":"https:\/\/staging.cdsboutique.com\/en\/produit\/the-tender-loving-care-doll-brown-hair\/","title":{"rendered":"The Tender Loving Care Doll &#8211; Brown hair"},"content":{"rendered":"<p><strong><em><span style=\"font-size: small;\">The Tender Loving Care Doll <\/span><\/em>\u2013 <\/strong>A therapeutic doll for your residents with Alzheimer\u2019s or other forms of dementia<\/p>\n<p style=\"text-align: justify;\"><strong>Offering a therapeutic doll to a resident or your loved one is giving him or her the chance to give again<\/strong>.<\/p>\n<p>These residents, who dedicated their lives to their children, spouse and friends, today only receive care and love from others. But when do they have the opportunity to give again?<\/p>\n<p>Doll therapy can be introduced at all times or during a group activity to promote reminiscence and sharing life experiences. People can manipulate the doll, rock it and sing to it in a calm and secure environment where they can express maternal feelings of love and tenderness. This can certainly help reduce daily agitation and give them a sense of responsibility. The realistic weight of the\u00a0<em>TLC Doll<\/em>\u00a0also helps lower their stress levels, acting like a weighted blanket and cushion. Upon therapists&#8217; requests, we created a doll whose eyes close when on its back. The goal is to be able to put the doll to sleep thus bringing a sense of satisfaction, fulfillment and peace to the user. Don&#8217;t hesitate to let the residents keep them at night time, they make incredible sleep companions!<\/p>\n<p style=\"text-align: justify;\">Includes pyjamas, a bib, a cotton diaper with Velcro, a cap, a large blanket and a booklet of activity ideas.<\/p>\n<p>Highlights:<\/p>\n<ul>\n<li>Realistic size (19&#8243; \u2013 46.5 cm)<\/li>\n<li>Weight distributed naturally (head and buttocks): 3.4 lb (1.5 kg)<\/li>\n<li>Eyes that close so the doll seems to sleep<\/li>\n<li>Made of soft and flexible vinyl that allows you to bend fingers for example<\/li>\n<li>Natural sculpted details of the body to accentuate realism<\/li>\n<li>Unisex doll with soft body offered with soft brown hair.<\/li>\n<\/ul>\n","protected":false},"excerpt":{"rendered":"<p><strong>Offering a therapeutic doll to a resident is giving her the chance to give again<\/strong>.<\/p>\n","protected":false},"featured_media":52822,"comment_status":"open","ping_status":"closed","template":"","meta":{"_acf_changed":false},"product_brand":[],"product_cat":[4401,4558],"product_tag":[],"class_list":{"0":"post-27284","1":"product","2":"type-product","3":"status-publish","4":"has-post-thumbnail","6":"product_cat-all","7":"product_cat-gift-ideas-en","8":"product_shipping_class-frais-de-livraison-en","10":"first","11":"instock","12":"taxable","13":"shipping-taxable","14":"purchasable","15":"product-type-simple"},"bundled_by":[],"bundle_stock_status":"instock","bundle_stock_quantity":null,"bundle_virtual":false,"bundle_layout":"","bundle_add_to_cart_form_location":"","bundle_editable_in_cart":false,"bundle_sold_individually_context":"","bundle_item_grouping":"","bundle_min_size":"","bundle_max_size":"","bundle_price":[],"bundled_items":[],"bundle_sell_ids":[],"acf":[],"featured_image_urls_v2":{"full":["https:\/\/staging.cdsboutique.com\/wp-content\/uploads\/2023\/06\/poupee_tendresse_cheveux_bruns.jpg",800,800,false],"thumbnail":["https:\/\/staging.cdsboutique.com\/wp-content\/uploads\/2023\/06\/poupee_tendresse_cheveux_bruns-150x150.jpg",150,150,true],"medium":["https:\/\/staging.cdsboutique.com\/wp-content\/uploads\/2023\/06\/poupee_tendresse_cheveux_bruns-300x300.jpg",300,300,true],"medium_large":["https:\/\/staging.cdsboutique.com\/wp-content\/uploads\/2023\/06\/poupee_tendresse_cheveux_bruns-768x768.jpg",768,768,true],"large":["https:\/\/staging.cdsboutique.com\/wp-content\/uploads\/2023\/06\/poupee_tendresse_cheveux_bruns.jpg",800,800,false],"1536x1536":["https:\/\/staging.cdsboutique.com\/wp-content\/uploads\/2023\/06\/poupee_tendresse_cheveux_bruns.jpg",800,800,false],"2048x2048":["https:\/\/staging.cdsboutique.com\/wp-content\/uploads\/2023\/06\/poupee_tendresse_cheveux_bruns.jpg",800,800,false],"gform-image-choice-sm":["https:\/\/staging.cdsboutique.com\/wp-content\/uploads\/2023\/06\/poupee_tendresse_cheveux_bruns.jpg",300,300,false],"gform-image-choice-md":["https:\/\/staging.cdsboutique.com\/wp-content\/uploads\/2023\/06\/poupee_tendresse_cheveux_bruns.jpg",400,400,false],"gform-image-choice-lg":["https:\/\/staging.cdsboutique.com\/wp-content\/uploads\/2023\/06\/poupee_tendresse_cheveux_bruns.jpg",600,600,false],"woocommerce_thumbnail":["https:\/\/staging.cdsboutique.com\/wp-content\/uploads\/2023\/06\/poupee_tendresse_cheveux_bruns-300x300.jpg",300,300,true],"woocommerce_single":["https:\/\/staging.cdsboutique.com\/wp-content\/uploads\/2023\/06\/poupee_tendresse_cheveux_bruns-600x600.jpg",600,600,true],"woocommerce_gallery_thumbnail":["https:\/\/staging.cdsboutique.com\/wp-content\/uploads\/2023\/06\/poupee_tendresse_cheveux_bruns-100x100.jpg",100,100,true],"variation_swatches_image_size":["https:\/\/staging.cdsboutique.com\/wp-content\/uploads\/2023\/06\/poupee_tendresse_cheveux_bruns.jpg",50,50,false],"variation_swatches_tooltip_size":["https:\/\/staging.cdsboutique.com\/wp-content\/uploads\/2023\/06\/poupee_tendresse_cheveux_bruns.jpg",100,100,false],"logo-size":["https:\/\/staging.cdsboutique.com\/wp-content\/uploads\/2023\/06\/poupee_tendresse_cheveux_bruns-84x84.jpg",84,84,true],"blog":["https:\/\/staging.cdsboutique.com\/wp-content\/uploads\/2023\/06\/poupee_tendresse_cheveux_bruns-350x260.jpg",350,260,true]},"post_excerpt_stackable_v2":"<p><strong>Offering a therapeutic doll to a resident is giving her the chance to give again<\/strong>.<\/p>\n","category_list_v2":"","author_info_v2":{"name":"","url":""},"comments_num_v2":"3 comments","yoast_head":"<!-- This site is optimized with the Yoast SEO plugin v27.4 - https:\/\/yoast.com\/product\/yoast-seo-wordpress\/ -->\n<title>The Tender Loving Care Doll - Brown hair - CDS boutique A\u00een\u00e9s<\/title>\n<meta name=\"robots\" content=\"noindex, follow, max-snippet:-1, max-image-preview:large, max-video-preview:-1\" \/>\n<meta property=\"og:locale\" content=\"en_US\" \/>\n<meta property=\"og:type\" content=\"article\" \/>\n<meta property=\"og:title\" content=\"The Tender Loving Care Doll - Brown hair - CDS boutique A\u00een\u00e9s\" \/>\n<meta property=\"og:description\" content=\"Offering a therapeutic doll to a resident is giving her the chance to give again.\" \/>\n<meta property=\"og:url\" content=\"https:\/\/staging.cdsboutique.com\/en\/product\/the-tender-loving-care-doll-brown-hair\/\" \/>\n<meta property=\"og:site_name\" content=\"CDS boutique A\u00een\u00e9s\" \/>\n<meta property=\"article:publisher\" content=\"https:\/\/www.facebook.com\/CDSBoutique.Aines.Seniors\" \/>\n<meta property=\"article:modified_time\" content=\"2026-02-09T13:38:12+00:00\" \/>\n<meta property=\"og:image\" content=\"https:\/\/staging.cdsboutique.com\/wp-content\/uploads\/2023\/06\/poupee_tendresse_cheveux_bruns.jpg?_t=1774977629\" \/>\n\t<meta property=\"og:image:width\" content=\"800\" \/>\n\t<meta property=\"og:image:height\" content=\"800\" \/>\n\t<meta property=\"og:image:type\" content=\"image\/jpeg\" \/>\n<meta name=\"twitter:card\" content=\"summary_large_image\" \/>\n<meta name=\"twitter:label1\" content=\"Est. reading time\" \/>\n\t<meta name=\"twitter:data1\" content=\"2 minutes\" \/>\n<script type=\"application\/ld+json\" class=\"yoast-schema-graph\">{\"@context\":\"https:\\\/\\\/schema.org\",\"@graph\":[{\"@type\":\"WebPage\",\"@id\":\"https:\\\/\\\/staging.cdsboutique.com\\\/en\\\/product\\\/the-tender-loving-care-doll-brown-hair\\\/\",\"url\":\"https:\\\/\\\/staging.cdsboutique.com\\\/en\\\/product\\\/the-tender-loving-care-doll-brown-hair\\\/\",\"name\":\"The Tender Loving Care Doll - Brown hair - CDS boutique A\u00een\u00e9s\",\"isPartOf\":{\"@id\":\"https:\\\/\\\/staging.cdsboutique.com\\\/#website\"},\"primaryImageOfPage\":{\"@id\":\"https:\\\/\\\/staging.cdsboutique.com\\\/en\\\/product\\\/the-tender-loving-care-doll-brown-hair\\\/#primaryimage\"},\"image\":{\"@id\":\"https:\\\/\\\/staging.cdsboutique.com\\\/en\\\/product\\\/the-tender-loving-care-doll-brown-hair\\\/#primaryimage\"},\"thumbnailUrl\":\"https:\\\/\\\/staging.cdsboutique.com\\\/wp-content\\\/uploads\\\/2023\\\/06\\\/poupee_tendresse_cheveux_bruns.jpg\",\"datePublished\":\"2020-11-20T14:48:30+00:00\",\"dateModified\":\"2026-02-09T13:38:12+00:00\",\"breadcrumb\":{\"@id\":\"https:\\\/\\\/staging.cdsboutique.com\\\/en\\\/product\\\/the-tender-loving-care-doll-brown-hair\\\/#breadcrumb\"},\"inLanguage\":\"en-US\",\"potentialAction\":[{\"@type\":\"ReadAction\",\"target\":[\"https:\\\/\\\/staging.cdsboutique.com\\\/en\\\/product\\\/the-tender-loving-care-doll-brown-hair\\\/\"]}]},{\"@type\":\"ImageObject\",\"inLanguage\":\"en-US\",\"@id\":\"https:\\\/\\\/staging.cdsboutique.com\\\/en\\\/product\\\/the-tender-loving-care-doll-brown-hair\\\/#primaryimage\",\"url\":\"https:\\\/\\\/staging.cdsboutique.com\\\/wp-content\\\/uploads\\\/2023\\\/06\\\/poupee_tendresse_cheveux_bruns.jpg\",\"contentUrl\":\"https:\\\/\\\/staging.cdsboutique.com\\\/wp-content\\\/uploads\\\/2023\\\/06\\\/poupee_tendresse_cheveux_bruns.jpg\",\"width\":800,\"height\":800,\"caption\":\"popuee\"},{\"@type\":\"BreadcrumbList\",\"@id\":\"https:\\\/\\\/staging.cdsboutique.com\\\/en\\\/product\\\/the-tender-loving-care-doll-brown-hair\\\/#breadcrumb\",\"itemListElement\":[{\"@type\":\"ListItem\",\"position\":1,\"name\":\"Home\",\"item\":\"https:\\\/\\\/staging.cdsboutique.com\\\/en\\\/\"},{\"@type\":\"ListItem\",\"position\":2,\"name\":\"Products\",\"item\":\"https:\\\/\\\/staging.cdsboutique.com\\\/en\\\/products\\\/\"},{\"@type\":\"ListItem\",\"position\":3,\"name\":\"The Tender Loving Care Doll &#8211; Brown hair\"}]},{\"@type\":\"WebSite\",\"@id\":\"https:\\\/\\\/staging.cdsboutique.com\\\/#website\",\"url\":\"https:\\\/\\\/staging.cdsboutique.com\\\/\",\"name\":\"CDS boutique A\u00een\u00e9s\",\"description\":\"Pour une meilleure qualit\u00e9 de vie\",\"publisher\":{\"@id\":\"https:\\\/\\\/staging.cdsboutique.com\\\/#organization\"},\"potentialAction\":[{\"@type\":\"SearchAction\",\"target\":{\"@type\":\"EntryPoint\",\"urlTemplate\":\"https:\\\/\\\/staging.cdsboutique.com\\\/?s={search_term_string}\"},\"query-input\":{\"@type\":\"PropertyValueSpecification\",\"valueRequired\":true,\"valueName\":\"search_term_string\"}}],\"inLanguage\":\"en-US\"},{\"@type\":\"Organization\",\"@id\":\"https:\\\/\\\/staging.cdsboutique.com\\\/#organization\",\"name\":\"CDS Boutique\",\"url\":\"https:\\\/\\\/staging.cdsboutique.com\\\/\",\"logo\":{\"@type\":\"ImageObject\",\"inLanguage\":\"en-US\",\"@id\":\"https:\\\/\\\/staging.cdsboutique.com\\\/#\\\/schema\\\/logo\\\/image\\\/\",\"url\":\"https:\\\/\\\/staging.cdsboutique.com\\\/wp-content\\\/uploads\\\/2024\\\/09\\\/logoCDS-Boutique_final2024.jpg\",\"contentUrl\":\"https:\\\/\\\/staging.cdsboutique.com\\\/wp-content\\\/uploads\\\/2024\\\/09\\\/logoCDS-Boutique_final2024.jpg\",\"width\":900,\"height\":600,\"caption\":\"CDS Boutique\"},\"image\":{\"@id\":\"https:\\\/\\\/staging.cdsboutique.com\\\/#\\\/schema\\\/logo\\\/image\\\/\"},\"sameAs\":[\"https:\\\/\\\/www.facebook.com\\\/CDSBoutique.Aines.Seniors\",\"https:\\\/\\\/www.youtube.com\\\/@cdsboutique4046\",\"https:\\\/\\\/www.linkedin.com\\\/company\\\/cds-boutique\\\/\",\"https:\\\/\\\/www.instagram.com\\\/cdsboutique\\\/\"]}]}<\/script>\n<!-- \/ Yoast SEO plugin. -->","yoast_head_json":{"title":"The Tender Loving Care Doll - Brown hair - CDS boutique A\u00een\u00e9s","robots":{"index":"noindex","follow":"follow","max-snippet":"max-snippet:-1","max-image-preview":"max-image-preview:large","max-video-preview":"max-video-preview:-1"},"og_locale":"en_US","og_type":"article","og_title":"The Tender Loving Care Doll - Brown hair - CDS boutique A\u00een\u00e9s","og_description":"Offering a therapeutic doll to a resident is giving her the chance to give again.","og_url":"https:\/\/staging.cdsboutique.com\/en\/product\/the-tender-loving-care-doll-brown-hair\/","og_site_name":"CDS boutique A\u00een\u00e9s","article_publisher":"https:\/\/www.facebook.com\/CDSBoutique.Aines.Seniors","article_modified_time":"2026-02-09T13:38:12+00:00","og_image":[{"width":800,"height":800,"url":"https:\/\/staging.cdsboutique.com\/wp-content\/uploads\/2023\/06\/poupee_tendresse_cheveux_bruns.jpg?_t=1774977629","type":"image\/jpeg"}],"twitter_card":"summary_large_image","twitter_misc":{"Est. reading time":"2 minutes"},"schema":{"@context":"https:\/\/schema.org","@graph":[{"@type":"WebPage","@id":"https:\/\/staging.cdsboutique.com\/en\/product\/the-tender-loving-care-doll-brown-hair\/","url":"https:\/\/staging.cdsboutique.com\/en\/product\/the-tender-loving-care-doll-brown-hair\/","name":"The Tender Loving Care Doll - Brown hair - CDS boutique A\u00een\u00e9s","isPartOf":{"@id":"https:\/\/staging.cdsboutique.com\/#website"},"primaryImageOfPage":{"@id":"https:\/\/staging.cdsboutique.com\/en\/product\/the-tender-loving-care-doll-brown-hair\/#primaryimage"},"image":{"@id":"https:\/\/staging.cdsboutique.com\/en\/product\/the-tender-loving-care-doll-brown-hair\/#primaryimage"},"thumbnailUrl":"https:\/\/staging.cdsboutique.com\/wp-content\/uploads\/2023\/06\/poupee_tendresse_cheveux_bruns.jpg","datePublished":"2020-11-20T14:48:30+00:00","dateModified":"2026-02-09T13:38:12+00:00","breadcrumb":{"@id":"https:\/\/staging.cdsboutique.com\/en\/product\/the-tender-loving-care-doll-brown-hair\/#breadcrumb"},"inLanguage":"en-US","potentialAction":[{"@type":"ReadAction","target":["https:\/\/staging.cdsboutique.com\/en\/product\/the-tender-loving-care-doll-brown-hair\/"]}]},{"@type":"ImageObject","inLanguage":"en-US","@id":"https:\/\/staging.cdsboutique.com\/en\/product\/the-tender-loving-care-doll-brown-hair\/#primaryimage","url":"https:\/\/staging.cdsboutique.com\/wp-content\/uploads\/2023\/06\/poupee_tendresse_cheveux_bruns.jpg","contentUrl":"https:\/\/staging.cdsboutique.com\/wp-content\/uploads\/2023\/06\/poupee_tendresse_cheveux_bruns.jpg","width":800,"height":800,"caption":"popuee"},{"@type":"BreadcrumbList","@id":"https:\/\/staging.cdsboutique.com\/en\/product\/the-tender-loving-care-doll-brown-hair\/#breadcrumb","itemListElement":[{"@type":"ListItem","position":1,"name":"Home","item":"https:\/\/staging.cdsboutique.com\/en\/"},{"@type":"ListItem","position":2,"name":"Products","item":"https:\/\/staging.cdsboutique.com\/en\/products\/"},{"@type":"ListItem","position":3,"name":"The Tender Loving Care Doll &#8211; Brown hair"}]},{"@type":"WebSite","@id":"https:\/\/staging.cdsboutique.com\/#website","url":"https:\/\/staging.cdsboutique.com\/","name":"CDS boutique A\u00een\u00e9s","description":"Pour une meilleure qualit\u00e9 de vie","publisher":{"@id":"https:\/\/staging.cdsboutique.com\/#organization"},"potentialAction":[{"@type":"SearchAction","target":{"@type":"EntryPoint","urlTemplate":"https:\/\/staging.cdsboutique.com\/?s={search_term_string}"},"query-input":{"@type":"PropertyValueSpecification","valueRequired":true,"valueName":"search_term_string"}}],"inLanguage":"en-US"},{"@type":"Organization","@id":"https:\/\/staging.cdsboutique.com\/#organization","name":"CDS Boutique","url":"https:\/\/staging.cdsboutique.com\/","logo":{"@type":"ImageObject","inLanguage":"en-US","@id":"https:\/\/staging.cdsboutique.com\/#\/schema\/logo\/image\/","url":"https:\/\/staging.cdsboutique.com\/wp-content\/uploads\/2024\/09\/logoCDS-Boutique_final2024.jpg","contentUrl":"https:\/\/staging.cdsboutique.com\/wp-content\/uploads\/2024\/09\/logoCDS-Boutique_final2024.jpg","width":900,"height":600,"caption":"CDS Boutique"},"image":{"@id":"https:\/\/staging.cdsboutique.com\/#\/schema\/logo\/image\/"},"sameAs":["https:\/\/www.facebook.com\/CDSBoutique.Aines.Seniors","https:\/\/www.youtube.com\/@cdsboutique4046","https:\/\/www.linkedin.com\/company\/cds-boutique\/","https:\/\/www.instagram.com\/cdsboutique\/"]}]}},"_links":{"self":[{"href":"https:\/\/staging.cdsboutique.com\/en\/wp-json\/wp\/v2\/product\/27284","targetHints":{"allow":["GET"]}}],"collection":[{"href":"https:\/\/staging.cdsboutique.com\/en\/wp-json\/wp\/v2\/product"}],"about":[{"href":"https:\/\/staging.cdsboutique.com\/en\/wp-json\/wp\/v2\/types\/product"}],"replies":[{"embeddable":true,"href":"https:\/\/staging.cdsboutique.com\/en\/wp-json\/wp\/v2\/comments?post=27284"}],"wp:featuredmedia":[{"embeddable":true,"href":"https:\/\/staging.cdsboutique.com\/en\/wp-json\/wp\/v2\/media\/52822"}],"wp:attachment":[{"href":"https:\/\/staging.cdsboutique.com\/en\/wp-json\/wp\/v2\/media?parent=27284"}],"wp:term":[{"taxonomy":"product_brand","embeddable":true,"href":"https:\/\/staging.cdsboutique.com\/en\/wp-json\/wp\/v2\/product_brand?post=27284"},{"taxonomy":"product_cat","embeddable":true,"href":"https:\/\/staging.cdsboutique.com\/en\/wp-json\/wp\/v2\/product_cat?post=27284"},{"taxonomy":"product_tag","embeddable":true,"href":"https:\/\/staging.cdsboutique.com\/en\/wp-json\/wp\/v2\/product_tag?post=27284"}],"curies":[{"name":"wp","href":"https:\/\/api.w.org\/{rel}","templated":true}]}}