{"id":27316,"date":"2020-11-20T09:49:15","date_gmt":"2020-11-20T17:04:13","guid":{"rendered":"https:\/\/cdsboutique.com\/produits\/multi-use-activity-cart\/"},"modified":"2025-01-30T18:07:21","modified_gmt":"2025-01-30T23:07:21","slug":"multi-use-activity-cart","status":"publish","type":"product","link":"https:\/\/staging.cdsboutique.com\/en\/produit\/multi-use-activity-cart\/","title":{"rendered":"Multi-Use Activity Cart"},"content":{"rendered":"<p><strong>Delivery within 6-8 weeks.<\/strong><\/p>\n<p style=\"text-align: justify;\"><strong><span style=\"background-color: #ffffff;\"><em><span style=\"font-size: x-large; color: #808080;\">New and Improved!\u00a0<\/span><\/em><\/span><\/strong><\/p>\n<p style=\"text-align: justify;\">Everything you need for your activities and interventions within reach&#8230; that\u2019s what the Multi-Use Activity Cart offers you! The four multidirectional wheels allow you to carry your equipment from room to room without difficulty, and the backsplash top (3 inches high) prevents your products from falling off the cart. The drawer inside is perfect for smaller items while the adjustable shelf allows you to store your larger equipment. The drawer is 3 inches (7.6 cm) deep by 31 inches (78.7 cm) wide by 20 inches (50.8 cm) long and has a stopper which prevents it from closing abruptly.<\/p>\n<p style=\"text-align: justify;\">Details:<\/p>\n<ul>\n<li>Dimensions: 36 \u00be in (93.4 cm) wide X 24 \u00be in (62.9 cm) deep X 40 \u00be in (103.5 cm) high (height of the wheels included)<\/li>\n<li>Local product (made in Sherbrooke)<\/li>\n<\/ul>\n<p><span style=\"color: #ffffff;\">C*<\/span><\/p>\n","protected":false},"excerpt":{"rendered":"<p style=\"text-align: justify;\"><strong><span style=\"background-color: #ffffff;\"><em><span style=\"font-size: x-large; color: #808080;\">New and Improved!\u00a0<\/span><\/em><\/span><\/strong><\/p>\n<p style=\"text-align: justify;\">Everything you need for your activities and interventions within reach&#8230; that\u2019s what the Multi-Use Activity Cart offers you! The four multidirectional wheels allow you to carry your equipment from room to room without difficulty, and the backsplash top (3 inches high) prevents your products from falling off the cart. The drawer inside is perfect for smaller items while the adjustable shelf allows you to store your larger equipment. The drawer is 3 inches (7.6 cm) deep by 31 inches (78.7 cm) wide by 20 inches (50.8 cm) long and has a stopper which prevents it from closing abruptly.<\/p>\n<p style=\"text-align: justify;\">Also available in <a href=\"https:\/\/staging.cdsboutique.com\/en\/catalogsearch\/result\/?q=cart\" target=\"_self\" rel=\"noopener noreferrer\">sets<\/a>.<\/p>\n<p style=\"text-align: justify;\">Details:<\/p>\n<ul>\n<li>Dimensions: 36 \u00be in (93.4 cm) wide X 24 \u00be in (62.9 cm) deep X 40 \u00be in (103.5 cm) high (height of the wheels included)<\/li>\n<li>Local product (made in Sherbrooke)<\/li>\n<\/ul>\n","protected":false},"featured_media":4138,"comment_status":"open","ping_status":"closed","template":"","meta":{"_acf_changed":false},"product_brand":[],"product_cat":[4401],"product_tag":[],"class_list":{"0":"post-27316","1":"product","2":"type-product","3":"status-publish","4":"has-post-thumbnail","6":"product_cat-all","7":"product_shipping_class-sur-demande-en-2","9":"first","10":"instock","11":"taxable","12":"shipping-taxable","13":"purchasable","14":"product-type-simple"},"bundled_by":["28324","36470","36474","36476","36459","36472","55009","55011"],"bundle_stock_status":"instock","bundle_stock_quantity":null,"bundle_virtual":false,"bundle_layout":"","bundle_add_to_cart_form_location":"","bundle_editable_in_cart":false,"bundle_sold_individually_context":"","bundle_item_grouping":"","bundle_min_size":"","bundle_max_size":"","bundle_price":[],"bundled_items":[],"bundle_sell_ids":[],"acf":[],"featured_image_urls_v2":{"full":["https:\/\/staging.cdsboutique.com\/wp-content\/uploads\/2020\/09\/c0062_1.jpg",1200,1142,false],"thumbnail":["https:\/\/staging.cdsboutique.com\/wp-content\/uploads\/2020\/09\/c0062_1.jpg",150,143,false],"medium":["https:\/\/staging.cdsboutique.com\/wp-content\/uploads\/2020\/09\/c0062_1.jpg",300,286,false],"medium_large":["https:\/\/staging.cdsboutique.com\/wp-content\/uploads\/2020\/09\/c0062_1.jpg",768,731,false],"large":["https:\/\/staging.cdsboutique.com\/wp-content\/uploads\/2020\/09\/c0062_1.jpg",980,933,false],"1536x1536":["https:\/\/staging.cdsboutique.com\/wp-content\/uploads\/2020\/09\/c0062_1.jpg",1200,1142,false],"2048x2048":["https:\/\/staging.cdsboutique.com\/wp-content\/uploads\/2020\/09\/c0062_1.jpg",1200,1142,false],"gform-image-choice-sm":["https:\/\/staging.cdsboutique.com\/wp-content\/uploads\/2020\/09\/c0062_1.jpg",300,286,false],"gform-image-choice-md":["https:\/\/staging.cdsboutique.com\/wp-content\/uploads\/2020\/09\/c0062_1.jpg",400,381,false],"gform-image-choice-lg":["https:\/\/staging.cdsboutique.com\/wp-content\/uploads\/2020\/09\/c0062_1.jpg",600,571,false],"woocommerce_thumbnail":["https:\/\/staging.cdsboutique.com\/wp-content\/uploads\/2020\/09\/c0062_1-300x286.jpg",300,286,true],"woocommerce_single":["https:\/\/staging.cdsboutique.com\/wp-content\/uploads\/2020\/09\/c0062_1-600x571.jpg",600,571,true],"woocommerce_gallery_thumbnail":["https:\/\/staging.cdsboutique.com\/wp-content\/uploads\/2020\/09\/c0062_1-100x100.jpg",100,100,true],"variation_swatches_image_size":["https:\/\/staging.cdsboutique.com\/wp-content\/uploads\/2020\/09\/c0062_1.jpg",50,48,false],"variation_swatches_tooltip_size":["https:\/\/staging.cdsboutique.com\/wp-content\/uploads\/2020\/09\/c0062_1.jpg",100,95,false],"logo-size":["https:\/\/staging.cdsboutique.com\/wp-content\/uploads\/2020\/09\/c0062_1.jpg",88,84,false],"blog":["https:\/\/staging.cdsboutique.com\/wp-content\/uploads\/2020\/09\/c0062_1.jpg",273,260,false]},"post_excerpt_stackable_v2":"<p style=\"text-align: justify;\"><strong><span style=\"background-color: #ffffff;\"><em><span style=\"font-size: x-large; color: #808080;\">New and Improved!\u00a0<\/span><\/em><\/span><\/strong><\/p>\n<p style=\"text-align: justify;\">Everything you need for your activities and interventions within reach&#8230; that\u2019s what the Multi-Use Activity Cart offers you! The four multidirectional wheels allow you to carry your equipment from room to room without difficulty, and the backsplash top (3 inches high) prevents your products from falling off the cart. The drawer inside is perfect for smaller items while the adjustable shelf allows you to store your larger equipment. The drawer is 3 inches (7.6 cm) deep by 31 inches (78.7 cm) wide by 20 inches (50.8 cm) long and has a stopper which prevents it from closing abruptly.<\/p>\n<p style=\"text-align: justify;\">Also available in <a href=\"https:\/\/staging.cdsboutique.com\/en\/catalogsearch\/result\/?q=cart\" target=\"_self\" rel=\"noopener noreferrer\">sets<\/a>.<\/p>\n<p style=\"text-align: justify;\">Details:<\/p>\n<ul>\n<li>Dimensions: 36 \u00be in (93.4 cm) wide X 24 \u00be in (62.9 cm) deep X 40 \u00be in (103.5 cm) high (height of the wheels included)<\/li>\n<li>Local product (made in Sherbrooke)<\/li>\n<\/ul>\n","category_list_v2":"","author_info_v2":{"name":"","url":""},"comments_num_v2":"0 comments","yoast_head":"<!-- This site is optimized with the Yoast SEO plugin v27.4 - https:\/\/yoast.com\/product\/yoast-seo-wordpress\/ -->\n<title>Multi-Use Activity Cart - CDS boutique A\u00een\u00e9s<\/title>\n<meta name=\"robots\" content=\"noindex, follow, max-snippet:-1, max-image-preview:large, max-video-preview:-1\" \/>\n<meta property=\"og:locale\" content=\"en_US\" \/>\n<meta property=\"og:type\" content=\"article\" \/>\n<meta property=\"og:title\" content=\"Multi-Use Activity Cart - CDS boutique A\u00een\u00e9s\" \/>\n<meta property=\"og:description\" content=\"New and Improved!\u00a0 Everything you need for your activities and interventions within reach... that\u2019s what the Multi-Use Activity Cart offers you! The four multidirectional wheels allow you to carry your equipment from room to room without difficulty, and the backsplash top (3 inches high) prevents your products from falling off the cart. The drawer inside is perfect for smaller items while the adjustable shelf allows you to store your larger equipment. The drawer is 3 inches (7.6 cm) deep by 31 inches (78.7 cm) wide by 20 inches (50.8 cm) long and has a stopper which prevents it from closing abruptly. Also available in sets. Details:    Dimensions: 36 \u00be in (93.4 cm) wide X 24 \u00be in (62.9 cm) deep X 40 \u00be in (103.5 cm) high (height of the wheels included)  Local product (made in Sherbrooke)\" \/>\n<meta property=\"og:url\" content=\"https:\/\/staging.cdsboutique.com\/en\/product\/multi-use-activity-cart\/\" \/>\n<meta property=\"og:site_name\" content=\"CDS boutique A\u00een\u00e9s\" \/>\n<meta property=\"article:publisher\" content=\"https:\/\/www.facebook.com\/CDSBoutique.Aines.Seniors\" \/>\n<meta property=\"article:modified_time\" content=\"2025-01-30T23:07:21+00:00\" \/>\n<meta property=\"og:image\" content=\"https:\/\/staging.cdsboutique.com\/wp-content\/uploads\/2020\/09\/c0062_1.jpg?_t=1728411252\" \/>\n\t<meta property=\"og:image:width\" content=\"1200\" \/>\n\t<meta property=\"og:image:height\" content=\"1142\" \/>\n\t<meta property=\"og:image:type\" content=\"image\/jpeg\" \/>\n<meta name=\"twitter:card\" content=\"summary_large_image\" \/>\n<meta name=\"twitter:label1\" content=\"Est. reading time\" \/>\n\t<meta name=\"twitter:data1\" content=\"1 minute\" \/>\n<script type=\"application\/ld+json\" class=\"yoast-schema-graph\">{\"@context\":\"https:\\\/\\\/schema.org\",\"@graph\":[{\"@type\":\"WebPage\",\"@id\":\"https:\\\/\\\/staging.cdsboutique.com\\\/en\\\/product\\\/multi-use-activity-cart\\\/\",\"url\":\"https:\\\/\\\/staging.cdsboutique.com\\\/en\\\/product\\\/multi-use-activity-cart\\\/\",\"name\":\"Multi-Use Activity Cart - CDS boutique A\u00een\u00e9s\",\"isPartOf\":{\"@id\":\"https:\\\/\\\/staging.cdsboutique.com\\\/#website\"},\"primaryImageOfPage\":{\"@id\":\"https:\\\/\\\/staging.cdsboutique.com\\\/en\\\/product\\\/multi-use-activity-cart\\\/#primaryimage\"},\"image\":{\"@id\":\"https:\\\/\\\/staging.cdsboutique.com\\\/en\\\/product\\\/multi-use-activity-cart\\\/#primaryimage\"},\"thumbnailUrl\":\"https:\\\/\\\/staging.cdsboutique.com\\\/wp-content\\\/uploads\\\/2020\\\/09\\\/c0062_1.jpg\",\"datePublished\":\"2020-11-20T17:04:13+00:00\",\"dateModified\":\"2025-01-30T23:07:21+00:00\",\"breadcrumb\":{\"@id\":\"https:\\\/\\\/staging.cdsboutique.com\\\/en\\\/product\\\/multi-use-activity-cart\\\/#breadcrumb\"},\"inLanguage\":\"en-US\",\"potentialAction\":[{\"@type\":\"ReadAction\",\"target\":[\"https:\\\/\\\/staging.cdsboutique.com\\\/en\\\/product\\\/multi-use-activity-cart\\\/\"]}]},{\"@type\":\"ImageObject\",\"inLanguage\":\"en-US\",\"@id\":\"https:\\\/\\\/staging.cdsboutique.com\\\/en\\\/product\\\/multi-use-activity-cart\\\/#primaryimage\",\"url\":\"https:\\\/\\\/staging.cdsboutique.com\\\/wp-content\\\/uploads\\\/2020\\\/09\\\/c0062_1.jpg\",\"contentUrl\":\"https:\\\/\\\/staging.cdsboutique.com\\\/wp-content\\\/uploads\\\/2020\\\/09\\\/c0062_1.jpg\",\"width\":1200,\"height\":1142},{\"@type\":\"BreadcrumbList\",\"@id\":\"https:\\\/\\\/staging.cdsboutique.com\\\/en\\\/product\\\/multi-use-activity-cart\\\/#breadcrumb\",\"itemListElement\":[{\"@type\":\"ListItem\",\"position\":1,\"name\":\"Home\",\"item\":\"https:\\\/\\\/staging.cdsboutique.com\\\/en\\\/\"},{\"@type\":\"ListItem\",\"position\":2,\"name\":\"Products\",\"item\":\"https:\\\/\\\/staging.cdsboutique.com\\\/en\\\/products\\\/\"},{\"@type\":\"ListItem\",\"position\":3,\"name\":\"Multi-Use Activity Cart\"}]},{\"@type\":\"WebSite\",\"@id\":\"https:\\\/\\\/staging.cdsboutique.com\\\/#website\",\"url\":\"https:\\\/\\\/staging.cdsboutique.com\\\/\",\"name\":\"CDS boutique A\u00een\u00e9s\",\"description\":\"Pour une meilleure qualit\u00e9 de vie\",\"publisher\":{\"@id\":\"https:\\\/\\\/staging.cdsboutique.com\\\/#organization\"},\"potentialAction\":[{\"@type\":\"SearchAction\",\"target\":{\"@type\":\"EntryPoint\",\"urlTemplate\":\"https:\\\/\\\/staging.cdsboutique.com\\\/?s={search_term_string}\"},\"query-input\":{\"@type\":\"PropertyValueSpecification\",\"valueRequired\":true,\"valueName\":\"search_term_string\"}}],\"inLanguage\":\"en-US\"},{\"@type\":\"Organization\",\"@id\":\"https:\\\/\\\/staging.cdsboutique.com\\\/#organization\",\"name\":\"CDS Boutique\",\"url\":\"https:\\\/\\\/staging.cdsboutique.com\\\/\",\"logo\":{\"@type\":\"ImageObject\",\"inLanguage\":\"en-US\",\"@id\":\"https:\\\/\\\/staging.cdsboutique.com\\\/#\\\/schema\\\/logo\\\/image\\\/\",\"url\":\"https:\\\/\\\/staging.cdsboutique.com\\\/wp-content\\\/uploads\\\/2024\\\/09\\\/logoCDS-Boutique_final2024.jpg\",\"contentUrl\":\"https:\\\/\\\/staging.cdsboutique.com\\\/wp-content\\\/uploads\\\/2024\\\/09\\\/logoCDS-Boutique_final2024.jpg\",\"width\":900,\"height\":600,\"caption\":\"CDS Boutique\"},\"image\":{\"@id\":\"https:\\\/\\\/staging.cdsboutique.com\\\/#\\\/schema\\\/logo\\\/image\\\/\"},\"sameAs\":[\"https:\\\/\\\/www.facebook.com\\\/CDSBoutique.Aines.Seniors\",\"https:\\\/\\\/www.youtube.com\\\/@cdsboutique4046\",\"https:\\\/\\\/www.linkedin.com\\\/company\\\/cds-boutique\\\/\",\"https:\\\/\\\/www.instagram.com\\\/cdsboutique\\\/\"]}]}<\/script>\n<!-- \/ Yoast SEO plugin. -->","yoast_head_json":{"title":"Multi-Use Activity Cart - CDS boutique A\u00een\u00e9s","robots":{"index":"noindex","follow":"follow","max-snippet":"max-snippet:-1","max-image-preview":"max-image-preview:large","max-video-preview":"max-video-preview:-1"},"og_locale":"en_US","og_type":"article","og_title":"Multi-Use Activity Cart - CDS boutique A\u00een\u00e9s","og_description":"New and Improved!\u00a0 Everything you need for your activities and interventions within reach... that\u2019s what the Multi-Use Activity Cart offers you! The four multidirectional wheels allow you to carry your equipment from room to room without difficulty, and the backsplash top (3 inches high) prevents your products from falling off the cart. The drawer inside is perfect for smaller items while the adjustable shelf allows you to store your larger equipment. The drawer is 3 inches (7.6 cm) deep by 31 inches (78.7 cm) wide by 20 inches (50.8 cm) long and has a stopper which prevents it from closing abruptly. Also available in sets. Details:    Dimensions: 36 \u00be in (93.4 cm) wide X 24 \u00be in (62.9 cm) deep X 40 \u00be in (103.5 cm) high (height of the wheels included)  Local product (made in Sherbrooke)","og_url":"https:\/\/staging.cdsboutique.com\/en\/product\/multi-use-activity-cart\/","og_site_name":"CDS boutique A\u00een\u00e9s","article_publisher":"https:\/\/www.facebook.com\/CDSBoutique.Aines.Seniors","article_modified_time":"2025-01-30T23:07:21+00:00","og_image":[{"width":1200,"height":1142,"url":"https:\/\/staging.cdsboutique.com\/wp-content\/uploads\/2020\/09\/c0062_1.jpg?_t=1728411252","type":"image\/jpeg"}],"twitter_card":"summary_large_image","twitter_misc":{"Est. reading time":"1 minute"},"schema":{"@context":"https:\/\/schema.org","@graph":[{"@type":"WebPage","@id":"https:\/\/staging.cdsboutique.com\/en\/product\/multi-use-activity-cart\/","url":"https:\/\/staging.cdsboutique.com\/en\/product\/multi-use-activity-cart\/","name":"Multi-Use Activity Cart - CDS boutique A\u00een\u00e9s","isPartOf":{"@id":"https:\/\/staging.cdsboutique.com\/#website"},"primaryImageOfPage":{"@id":"https:\/\/staging.cdsboutique.com\/en\/product\/multi-use-activity-cart\/#primaryimage"},"image":{"@id":"https:\/\/staging.cdsboutique.com\/en\/product\/multi-use-activity-cart\/#primaryimage"},"thumbnailUrl":"https:\/\/staging.cdsboutique.com\/wp-content\/uploads\/2020\/09\/c0062_1.jpg","datePublished":"2020-11-20T17:04:13+00:00","dateModified":"2025-01-30T23:07:21+00:00","breadcrumb":{"@id":"https:\/\/staging.cdsboutique.com\/en\/product\/multi-use-activity-cart\/#breadcrumb"},"inLanguage":"en-US","potentialAction":[{"@type":"ReadAction","target":["https:\/\/staging.cdsboutique.com\/en\/product\/multi-use-activity-cart\/"]}]},{"@type":"ImageObject","inLanguage":"en-US","@id":"https:\/\/staging.cdsboutique.com\/en\/product\/multi-use-activity-cart\/#primaryimage","url":"https:\/\/staging.cdsboutique.com\/wp-content\/uploads\/2020\/09\/c0062_1.jpg","contentUrl":"https:\/\/staging.cdsboutique.com\/wp-content\/uploads\/2020\/09\/c0062_1.jpg","width":1200,"height":1142},{"@type":"BreadcrumbList","@id":"https:\/\/staging.cdsboutique.com\/en\/product\/multi-use-activity-cart\/#breadcrumb","itemListElement":[{"@type":"ListItem","position":1,"name":"Home","item":"https:\/\/staging.cdsboutique.com\/en\/"},{"@type":"ListItem","position":2,"name":"Products","item":"https:\/\/staging.cdsboutique.com\/en\/products\/"},{"@type":"ListItem","position":3,"name":"Multi-Use Activity Cart"}]},{"@type":"WebSite","@id":"https:\/\/staging.cdsboutique.com\/#website","url":"https:\/\/staging.cdsboutique.com\/","name":"CDS boutique A\u00een\u00e9s","description":"Pour une meilleure qualit\u00e9 de vie","publisher":{"@id":"https:\/\/staging.cdsboutique.com\/#organization"},"potentialAction":[{"@type":"SearchAction","target":{"@type":"EntryPoint","urlTemplate":"https:\/\/staging.cdsboutique.com\/?s={search_term_string}"},"query-input":{"@type":"PropertyValueSpecification","valueRequired":true,"valueName":"search_term_string"}}],"inLanguage":"en-US"},{"@type":"Organization","@id":"https:\/\/staging.cdsboutique.com\/#organization","name":"CDS Boutique","url":"https:\/\/staging.cdsboutique.com\/","logo":{"@type":"ImageObject","inLanguage":"en-US","@id":"https:\/\/staging.cdsboutique.com\/#\/schema\/logo\/image\/","url":"https:\/\/staging.cdsboutique.com\/wp-content\/uploads\/2024\/09\/logoCDS-Boutique_final2024.jpg","contentUrl":"https:\/\/staging.cdsboutique.com\/wp-content\/uploads\/2024\/09\/logoCDS-Boutique_final2024.jpg","width":900,"height":600,"caption":"CDS Boutique"},"image":{"@id":"https:\/\/staging.cdsboutique.com\/#\/schema\/logo\/image\/"},"sameAs":["https:\/\/www.facebook.com\/CDSBoutique.Aines.Seniors","https:\/\/www.youtube.com\/@cdsboutique4046","https:\/\/www.linkedin.com\/company\/cds-boutique\/","https:\/\/www.instagram.com\/cdsboutique\/"]}]}},"_links":{"self":[{"href":"https:\/\/staging.cdsboutique.com\/en\/wp-json\/wp\/v2\/product\/27316","targetHints":{"allow":["GET"]}}],"collection":[{"href":"https:\/\/staging.cdsboutique.com\/en\/wp-json\/wp\/v2\/product"}],"about":[{"href":"https:\/\/staging.cdsboutique.com\/en\/wp-json\/wp\/v2\/types\/product"}],"replies":[{"embeddable":true,"href":"https:\/\/staging.cdsboutique.com\/en\/wp-json\/wp\/v2\/comments?post=27316"}],"wp:featuredmedia":[{"embeddable":true,"href":"https:\/\/staging.cdsboutique.com\/en\/wp-json\/wp\/v2\/media\/4138"}],"wp:attachment":[{"href":"https:\/\/staging.cdsboutique.com\/en\/wp-json\/wp\/v2\/media?parent=27316"}],"wp:term":[{"taxonomy":"product_brand","embeddable":true,"href":"https:\/\/staging.cdsboutique.com\/en\/wp-json\/wp\/v2\/product_brand?post=27316"},{"taxonomy":"product_cat","embeddable":true,"href":"https:\/\/staging.cdsboutique.com\/en\/wp-json\/wp\/v2\/product_cat?post=27316"},{"taxonomy":"product_tag","embeddable":true,"href":"https:\/\/staging.cdsboutique.com\/en\/wp-json\/wp\/v2\/product_tag?post=27316"}],"curies":[{"name":"wp","href":"https:\/\/api.w.org\/{rel}","templated":true}]}}