{"id":27325,"date":"2020-11-20T09:49:29","date_gmt":"2020-11-20T17:04:13","guid":{"rendered":"https:\/\/cdsboutique.com\/produits\/27325\/"},"modified":"2020-12-24T01:57:15","modified_gmt":"2020-12-24T06:57:15","slug":"pathways-program-cd-dvd","status":"publish","type":"product","link":"https:\/\/staging.cdsboutique.com\/en\/produit\/pathways-program-cd-dvd\/","title":{"rendered":"Pathways Program &#8211; CD &#038; DVD"},"content":{"rendered":"<p><strong>Pathways is a singing program that enhances the quality of life and care for people living with dementia.&nbsp;<\/strong><\/p>\n<p><span>Pathways is comprised of three components: a video series of 13 30-minute episodes led by an expert singing host; activity booklets with 325 accompanying activation ideas; online training comprised of six short tutorials. There is a bonus audio CD for each episode including the Pathways theme song, breathing music, instrumental and vocal tracks of each song in that specific episode. <\/span><\/p>\n<p><span>Participants are invited into a singing experience that is non-threatening, warm and respectful. <\/span><\/p>\n<p><span>P<\/span>athways is a ready-to-use music care resource that can be facilitated by singers or non-singers.<\/p>\n<p>Pathways may be used in various settings like long term care, retirement homes, complex continuing care, hospitals, day programs, Alzheimer support groups, hospices, and private homes.&nbsp;<\/p>\n<h3>Some benefits of Pathways<\/h3>\n<ul>\n<li>Ready to use<\/li>\n<li>No musical expertise required<\/li>\n<li>Led by an expert singing host<\/li>\n<li>Hundreds of hours of repeatable, interactive programming<\/li>\n<li>Flexible program delivery<\/li>\n<li>Captivating and colourful images<\/li>\n<li>Multi-sensory appeal<\/li>\n<li>Closed captioning option<\/li>\n<li>Evokes memories<\/li>\n<li>Sparks conversations<\/li>\n<li>Engages people in music-making<\/li>\n<li>Reduces isolation<\/li>\n<li>Improves mood and engagement<\/li>\n<\/ul>\n<h3>What people are saying about Pathways<\/h3>\n<p><em>Facilitators<\/em><\/p>\n<ul>\n<li>They want to do Pathways again and again and that is welcome news for an activity aide.<\/li>\n<li>If it wasn&rsquo;t for Pathways, they may never have had the conversations.<\/li>\n<li>Everything is here to do our job.<\/li>\n<li>Pathways makes them laugh and smile, brings back old memories and makes new memories. It&rsquo;s very positive.<\/li>\n<li>Anybody can do it. If music isn&rsquo;t your forte, Pathways makes you feel very comfortable.<\/li>\n<li>Every time, it&rsquo;s been a success! Residents are singing, tapping their toes, engaging in conversation, clapping with Briar.<\/li>\n<li>Singing together is different from talking together because it involves our imagination and our emotions and what we do with our bodies &ndash; tapping our feet, clapping our hands, moving.<\/li>\n<li>I love that it is ready to go. It&rsquo;s animated. It&rsquo;s engaging. It&rsquo;s moving and not dull.<\/li>\n<\/ul>\n<p><em>Participants<\/em><\/p>\n<ul>\n<li>Whenever I sing, I live the words. I like all of it. I like music period. It brings back memories.<\/li>\n<li>I like this program. It&rsquo;s entertaining. It&rsquo;s good for the mind. For the brain.<\/li>\n<li>I like the pieces that I know. I love singing. I sang in quartets. Music brings me back quite quickly. I&rsquo;m glad they started this.<\/li>\n<li>I like it all. I feel better. Have fun. Enjoy myself. I laugh and carry on. You know what I mean?<\/li>\n<li>I&rsquo;m not a real singer, but love it with this group. Everybody is having a ball. We get up dancing and singing &ndash; it&rsquo;s a nice change. It&rsquo;s enjoyable.<\/li>\n<li>I just like it, whether it&rsquo;s morning, noon or night<a id=\"ordering\" title=\"\"><\/a><\/li>\n<\/ul>\n<p><em>Care Partners<\/em><\/p>\n<ul>\n<li>I learned things about mom that I didn&rsquo;t know before because it brings back memories.<\/li>\n<li>The effect is that we feel closer. We enjoy each other&rsquo;s company. It allows for natural expression of affection.<\/li>\n<li>It&rsquo;s been relaxing and inviting. Briar draws you in easily and gently. It&rsquo;s a sweet experience.<\/li>\n<\/ul>\n","protected":false},"excerpt":{"rendered":"<p>Pathways is a singing program that enhances the quality of life and care for people living with dementia.&nbsp; Pathways is comprised of three components: a video series of 13 30-minute episodes led by an expert singing host; activity booklets with 325 accompanying activation ideas; online training comprised of six short tutorials. There is a bonus [&hellip;]<\/p>\n","protected":false},"featured_media":4168,"comment_status":"open","ping_status":"closed","template":"","meta":{"_acf_changed":false},"product_brand":[],"product_cat":[4401,2963],"product_tag":[],"class_list":{"0":"post-27325","1":"product","2":"type-product","3":"status-publish","4":"has-post-thumbnail","6":"product_cat-all","7":"product_cat-music-relaxation","8":"product_shipping_class-frais-de-livraison-en","10":"first","11":"instock","12":"taxable","13":"shipping-taxable","14":"purchasable","15":"product-type-simple"},"bundled_by":[],"bundle_stock_status":"instock","bundle_stock_quantity":null,"bundle_virtual":false,"bundle_layout":"","bundle_add_to_cart_form_location":"","bundle_editable_in_cart":false,"bundle_sold_individually_context":"","bundle_item_grouping":"","bundle_min_size":"","bundle_max_size":"","bundle_price":[],"bundled_items":[],"bundle_sell_ids":[],"acf":[],"featured_image_urls_v2":{"full":["https:\/\/staging.cdsboutique.com\/wp-content\/uploads\/2020\/09\/untitled-1.jpg",500,500,false],"thumbnail":["https:\/\/staging.cdsboutique.com\/wp-content\/uploads\/2020\/09\/untitled-1.jpg",150,150,false],"medium":["https:\/\/staging.cdsboutique.com\/wp-content\/uploads\/2020\/09\/untitled-1.jpg",300,300,false],"medium_large":["https:\/\/staging.cdsboutique.com\/wp-content\/uploads\/2020\/09\/untitled-1.jpg",500,500,false],"large":["https:\/\/staging.cdsboutique.com\/wp-content\/uploads\/2020\/09\/untitled-1.jpg",500,500,false],"1536x1536":["https:\/\/staging.cdsboutique.com\/wp-content\/uploads\/2020\/09\/untitled-1.jpg",500,500,false],"2048x2048":["https:\/\/staging.cdsboutique.com\/wp-content\/uploads\/2020\/09\/untitled-1.jpg",500,500,false],"gform-image-choice-sm":["https:\/\/staging.cdsboutique.com\/wp-content\/uploads\/2020\/09\/untitled-1.jpg",300,300,false],"gform-image-choice-md":["https:\/\/staging.cdsboutique.com\/wp-content\/uploads\/2020\/09\/untitled-1.jpg",400,400,false],"gform-image-choice-lg":["https:\/\/staging.cdsboutique.com\/wp-content\/uploads\/2020\/09\/untitled-1.jpg",500,500,false],"woocommerce_thumbnail":["https:\/\/staging.cdsboutique.com\/wp-content\/uploads\/2020\/09\/untitled-1-300x300.jpg",300,300,true],"woocommerce_single":["https:\/\/staging.cdsboutique.com\/wp-content\/uploads\/2020\/09\/untitled-1.jpg",500,500,false],"woocommerce_gallery_thumbnail":["https:\/\/staging.cdsboutique.com\/wp-content\/uploads\/2020\/09\/untitled-1-100x100.jpg",100,100,true],"variation_swatches_image_size":["https:\/\/staging.cdsboutique.com\/wp-content\/uploads\/2020\/09\/untitled-1.jpg",50,50,false],"variation_swatches_tooltip_size":["https:\/\/staging.cdsboutique.com\/wp-content\/uploads\/2020\/09\/untitled-1.jpg",100,100,false],"logo-size":["https:\/\/staging.cdsboutique.com\/wp-content\/uploads\/2020\/09\/untitled-1.jpg",84,84,false],"blog":["https:\/\/staging.cdsboutique.com\/wp-content\/uploads\/2020\/09\/untitled-1.jpg",260,260,false]},"post_excerpt_stackable_v2":"<p>Pathways is a singing program that enhances the quality of life and care for people living with dementia.&nbsp; Pathways is comprised of three components: a video series of 13 30-minute episodes led by an expert singing host; activity booklets with 325 accompanying activation ideas; online training comprised of six short tutorials. There is a bonus audio CD for each episode including the Pathways theme song, breathing music, instrumental and vocal tracks of each song in that specific episode. Participants are invited into a singing experience that is non-threatening, warm and respectful. Pathways is a ready-to-use music care resource that can&hellip;<\/p>\n","category_list_v2":"","author_info_v2":{"name":"","url":""},"comments_num_v2":"0 comments","yoast_head":"<!-- This site is optimized with the Yoast SEO plugin v27.4 - https:\/\/yoast.com\/product\/yoast-seo-wordpress\/ -->\n<title>Pathways Program - CD &amp; DVD - CDS boutique A\u00een\u00e9s<\/title>\n<meta name=\"robots\" content=\"noindex, follow, max-snippet:-1, max-image-preview:large, max-video-preview:-1\" \/>\n<meta property=\"og:locale\" content=\"en_US\" \/>\n<meta property=\"og:type\" content=\"article\" \/>\n<meta property=\"og:title\" content=\"Pathways Program - CD &amp; DVD - CDS boutique A\u00een\u00e9s\" \/>\n<meta property=\"og:description\" content=\"Pathways is a singing program that enhances the quality of life and care for people living with dementia.&nbsp; Pathways is comprised of three components: a video series of 13 30-minute episodes led by an expert singing host; activity booklets with 325 accompanying activation ideas; online training comprised of six short tutorials. There is a bonus [&hellip;]\" \/>\n<meta property=\"og:url\" content=\"https:\/\/staging.cdsboutique.com\/en\/product\/pathways-program-cd-dvd\/\" \/>\n<meta property=\"og:site_name\" content=\"CDS boutique A\u00een\u00e9s\" \/>\n<meta property=\"article:publisher\" content=\"https:\/\/www.facebook.com\/CDSBoutique.Aines.Seniors\" \/>\n<meta property=\"article:modified_time\" content=\"2020-12-24T06:57:15+00:00\" \/>\n<meta property=\"og:image\" content=\"https:\/\/staging.cdsboutique.com\/wp-content\/uploads\/2020\/09\/untitled-1.jpg\" \/>\n\t<meta property=\"og:image:width\" content=\"500\" \/>\n\t<meta property=\"og:image:height\" content=\"500\" \/>\n\t<meta property=\"og:image:type\" content=\"image\/jpeg\" \/>\n<meta name=\"twitter:card\" content=\"summary_large_image\" \/>\n<meta name=\"twitter:label1\" content=\"Est. reading time\" \/>\n\t<meta name=\"twitter:data1\" content=\"3 minutes\" \/>\n<script type=\"application\/ld+json\" class=\"yoast-schema-graph\">{\"@context\":\"https:\\\/\\\/schema.org\",\"@graph\":[{\"@type\":\"WebPage\",\"@id\":\"https:\\\/\\\/staging.cdsboutique.com\\\/en\\\/product\\\/pathways-program-cd-dvd\\\/\",\"url\":\"https:\\\/\\\/staging.cdsboutique.com\\\/en\\\/product\\\/pathways-program-cd-dvd\\\/\",\"name\":\"Pathways Program - CD & DVD - CDS boutique A\u00een\u00e9s\",\"isPartOf\":{\"@id\":\"https:\\\/\\\/staging.cdsboutique.com\\\/#website\"},\"primaryImageOfPage\":{\"@id\":\"https:\\\/\\\/staging.cdsboutique.com\\\/en\\\/product\\\/pathways-program-cd-dvd\\\/#primaryimage\"},\"image\":{\"@id\":\"https:\\\/\\\/staging.cdsboutique.com\\\/en\\\/product\\\/pathways-program-cd-dvd\\\/#primaryimage\"},\"thumbnailUrl\":\"https:\\\/\\\/staging.cdsboutique.com\\\/wp-content\\\/uploads\\\/2020\\\/09\\\/untitled-1.jpg\",\"datePublished\":\"2020-11-20T17:04:13+00:00\",\"dateModified\":\"2020-12-24T06:57:15+00:00\",\"breadcrumb\":{\"@id\":\"https:\\\/\\\/staging.cdsboutique.com\\\/en\\\/product\\\/pathways-program-cd-dvd\\\/#breadcrumb\"},\"inLanguage\":\"en-US\",\"potentialAction\":[{\"@type\":\"ReadAction\",\"target\":[\"https:\\\/\\\/staging.cdsboutique.com\\\/en\\\/product\\\/pathways-program-cd-dvd\\\/\"]}]},{\"@type\":\"ImageObject\",\"inLanguage\":\"en-US\",\"@id\":\"https:\\\/\\\/staging.cdsboutique.com\\\/en\\\/product\\\/pathways-program-cd-dvd\\\/#primaryimage\",\"url\":\"https:\\\/\\\/staging.cdsboutique.com\\\/wp-content\\\/uploads\\\/2020\\\/09\\\/untitled-1.jpg\",\"contentUrl\":\"https:\\\/\\\/staging.cdsboutique.com\\\/wp-content\\\/uploads\\\/2020\\\/09\\\/untitled-1.jpg\",\"width\":500,\"height\":500},{\"@type\":\"BreadcrumbList\",\"@id\":\"https:\\\/\\\/staging.cdsboutique.com\\\/en\\\/product\\\/pathways-program-cd-dvd\\\/#breadcrumb\",\"itemListElement\":[{\"@type\":\"ListItem\",\"position\":1,\"name\":\"Home\",\"item\":\"https:\\\/\\\/staging.cdsboutique.com\\\/en\\\/\"},{\"@type\":\"ListItem\",\"position\":2,\"name\":\"Products\",\"item\":\"https:\\\/\\\/staging.cdsboutique.com\\\/en\\\/products\\\/\"},{\"@type\":\"ListItem\",\"position\":3,\"name\":\"Pathways Program &#8211; CD &#038; DVD\"}]},{\"@type\":\"WebSite\",\"@id\":\"https:\\\/\\\/staging.cdsboutique.com\\\/#website\",\"url\":\"https:\\\/\\\/staging.cdsboutique.com\\\/\",\"name\":\"CDS boutique A\u00een\u00e9s\",\"description\":\"Pour une meilleure qualit\u00e9 de vie\",\"publisher\":{\"@id\":\"https:\\\/\\\/staging.cdsboutique.com\\\/#organization\"},\"potentialAction\":[{\"@type\":\"SearchAction\",\"target\":{\"@type\":\"EntryPoint\",\"urlTemplate\":\"https:\\\/\\\/staging.cdsboutique.com\\\/?s={search_term_string}\"},\"query-input\":{\"@type\":\"PropertyValueSpecification\",\"valueRequired\":true,\"valueName\":\"search_term_string\"}}],\"inLanguage\":\"en-US\"},{\"@type\":\"Organization\",\"@id\":\"https:\\\/\\\/staging.cdsboutique.com\\\/#organization\",\"name\":\"CDS Boutique\",\"url\":\"https:\\\/\\\/staging.cdsboutique.com\\\/\",\"logo\":{\"@type\":\"ImageObject\",\"inLanguage\":\"en-US\",\"@id\":\"https:\\\/\\\/staging.cdsboutique.com\\\/#\\\/schema\\\/logo\\\/image\\\/\",\"url\":\"https:\\\/\\\/staging.cdsboutique.com\\\/wp-content\\\/uploads\\\/2024\\\/09\\\/logoCDS-Boutique_final2024.jpg\",\"contentUrl\":\"https:\\\/\\\/staging.cdsboutique.com\\\/wp-content\\\/uploads\\\/2024\\\/09\\\/logoCDS-Boutique_final2024.jpg\",\"width\":900,\"height\":600,\"caption\":\"CDS Boutique\"},\"image\":{\"@id\":\"https:\\\/\\\/staging.cdsboutique.com\\\/#\\\/schema\\\/logo\\\/image\\\/\"},\"sameAs\":[\"https:\\\/\\\/www.facebook.com\\\/CDSBoutique.Aines.Seniors\",\"https:\\\/\\\/www.youtube.com\\\/@cdsboutique4046\",\"https:\\\/\\\/www.linkedin.com\\\/company\\\/cds-boutique\\\/\",\"https:\\\/\\\/www.instagram.com\\\/cdsboutique\\\/\"]}]}<\/script>\n<!-- \/ Yoast SEO plugin. -->","yoast_head_json":{"title":"Pathways Program - CD & DVD - CDS boutique A\u00een\u00e9s","robots":{"index":"noindex","follow":"follow","max-snippet":"max-snippet:-1","max-image-preview":"max-image-preview:large","max-video-preview":"max-video-preview:-1"},"og_locale":"en_US","og_type":"article","og_title":"Pathways Program - CD & DVD - CDS boutique A\u00een\u00e9s","og_description":"Pathways is a singing program that enhances the quality of life and care for people living with dementia.&nbsp; Pathways is comprised of three components: a video series of 13 30-minute episodes led by an expert singing host; activity booklets with 325 accompanying activation ideas; online training comprised of six short tutorials. There is a bonus [&hellip;]","og_url":"https:\/\/staging.cdsboutique.com\/en\/product\/pathways-program-cd-dvd\/","og_site_name":"CDS boutique A\u00een\u00e9s","article_publisher":"https:\/\/www.facebook.com\/CDSBoutique.Aines.Seniors","article_modified_time":"2020-12-24T06:57:15+00:00","og_image":[{"width":500,"height":500,"url":"https:\/\/staging.cdsboutique.com\/wp-content\/uploads\/2020\/09\/untitled-1.jpg","type":"image\/jpeg"}],"twitter_card":"summary_large_image","twitter_misc":{"Est. reading time":"3 minutes"},"schema":{"@context":"https:\/\/schema.org","@graph":[{"@type":"WebPage","@id":"https:\/\/staging.cdsboutique.com\/en\/product\/pathways-program-cd-dvd\/","url":"https:\/\/staging.cdsboutique.com\/en\/product\/pathways-program-cd-dvd\/","name":"Pathways Program - CD & DVD - CDS boutique A\u00een\u00e9s","isPartOf":{"@id":"https:\/\/staging.cdsboutique.com\/#website"},"primaryImageOfPage":{"@id":"https:\/\/staging.cdsboutique.com\/en\/product\/pathways-program-cd-dvd\/#primaryimage"},"image":{"@id":"https:\/\/staging.cdsboutique.com\/en\/product\/pathways-program-cd-dvd\/#primaryimage"},"thumbnailUrl":"https:\/\/staging.cdsboutique.com\/wp-content\/uploads\/2020\/09\/untitled-1.jpg","datePublished":"2020-11-20T17:04:13+00:00","dateModified":"2020-12-24T06:57:15+00:00","breadcrumb":{"@id":"https:\/\/staging.cdsboutique.com\/en\/product\/pathways-program-cd-dvd\/#breadcrumb"},"inLanguage":"en-US","potentialAction":[{"@type":"ReadAction","target":["https:\/\/staging.cdsboutique.com\/en\/product\/pathways-program-cd-dvd\/"]}]},{"@type":"ImageObject","inLanguage":"en-US","@id":"https:\/\/staging.cdsboutique.com\/en\/product\/pathways-program-cd-dvd\/#primaryimage","url":"https:\/\/staging.cdsboutique.com\/wp-content\/uploads\/2020\/09\/untitled-1.jpg","contentUrl":"https:\/\/staging.cdsboutique.com\/wp-content\/uploads\/2020\/09\/untitled-1.jpg","width":500,"height":500},{"@type":"BreadcrumbList","@id":"https:\/\/staging.cdsboutique.com\/en\/product\/pathways-program-cd-dvd\/#breadcrumb","itemListElement":[{"@type":"ListItem","position":1,"name":"Home","item":"https:\/\/staging.cdsboutique.com\/en\/"},{"@type":"ListItem","position":2,"name":"Products","item":"https:\/\/staging.cdsboutique.com\/en\/products\/"},{"@type":"ListItem","position":3,"name":"Pathways Program &#8211; CD &#038; DVD"}]},{"@type":"WebSite","@id":"https:\/\/staging.cdsboutique.com\/#website","url":"https:\/\/staging.cdsboutique.com\/","name":"CDS boutique A\u00een\u00e9s","description":"Pour une meilleure qualit\u00e9 de vie","publisher":{"@id":"https:\/\/staging.cdsboutique.com\/#organization"},"potentialAction":[{"@type":"SearchAction","target":{"@type":"EntryPoint","urlTemplate":"https:\/\/staging.cdsboutique.com\/?s={search_term_string}"},"query-input":{"@type":"PropertyValueSpecification","valueRequired":true,"valueName":"search_term_string"}}],"inLanguage":"en-US"},{"@type":"Organization","@id":"https:\/\/staging.cdsboutique.com\/#organization","name":"CDS Boutique","url":"https:\/\/staging.cdsboutique.com\/","logo":{"@type":"ImageObject","inLanguage":"en-US","@id":"https:\/\/staging.cdsboutique.com\/#\/schema\/logo\/image\/","url":"https:\/\/staging.cdsboutique.com\/wp-content\/uploads\/2024\/09\/logoCDS-Boutique_final2024.jpg","contentUrl":"https:\/\/staging.cdsboutique.com\/wp-content\/uploads\/2024\/09\/logoCDS-Boutique_final2024.jpg","width":900,"height":600,"caption":"CDS Boutique"},"image":{"@id":"https:\/\/staging.cdsboutique.com\/#\/schema\/logo\/image\/"},"sameAs":["https:\/\/www.facebook.com\/CDSBoutique.Aines.Seniors","https:\/\/www.youtube.com\/@cdsboutique4046","https:\/\/www.linkedin.com\/company\/cds-boutique\/","https:\/\/www.instagram.com\/cdsboutique\/"]}]}},"_links":{"self":[{"href":"https:\/\/staging.cdsboutique.com\/en\/wp-json\/wp\/v2\/product\/27325","targetHints":{"allow":["GET"]}}],"collection":[{"href":"https:\/\/staging.cdsboutique.com\/en\/wp-json\/wp\/v2\/product"}],"about":[{"href":"https:\/\/staging.cdsboutique.com\/en\/wp-json\/wp\/v2\/types\/product"}],"replies":[{"embeddable":true,"href":"https:\/\/staging.cdsboutique.com\/en\/wp-json\/wp\/v2\/comments?post=27325"}],"wp:featuredmedia":[{"embeddable":true,"href":"https:\/\/staging.cdsboutique.com\/en\/wp-json\/wp\/v2\/media\/4168"}],"wp:attachment":[{"href":"https:\/\/staging.cdsboutique.com\/en\/wp-json\/wp\/v2\/media?parent=27325"}],"wp:term":[{"taxonomy":"product_brand","embeddable":true,"href":"https:\/\/staging.cdsboutique.com\/en\/wp-json\/wp\/v2\/product_brand?post=27325"},{"taxonomy":"product_cat","embeddable":true,"href":"https:\/\/staging.cdsboutique.com\/en\/wp-json\/wp\/v2\/product_cat?post=27325"},{"taxonomy":"product_tag","embeddable":true,"href":"https:\/\/staging.cdsboutique.com\/en\/wp-json\/wp\/v2\/product_tag?post=27325"}],"curies":[{"name":"wp","href":"https:\/\/api.w.org\/{rel}","templated":true}]}}