{"id":27333,"date":"2020-11-20T09:49:39","date_gmt":"2020-11-20T14:49:39","guid":{"rendered":"https:\/\/cdsboutique.com\/?post_type=product&#038;p=27333"},"modified":"2026-03-26T13:24:02","modified_gmt":"2026-03-26T17:24:02","slug":"molkky","status":"publish","type":"product","link":"https:\/\/staging.cdsboutique.com\/en\/produit\/molkky\/","title":{"rendered":"M\u00f6lkky"},"content":{"rendered":"<p><span style=\"color: #ff6600;\"><strong>Available Starting May 2026<\/strong><\/span><\/p>\n<p><strong>M\u00f6lkky is a fun combination of chance and skill that\u2019s quick to learn and exciting to play! <span style=\"color: #ffffff;\">molkkywasher<\/span><\/strong><\/p>\n<p>Take turns to throw the M\u00f6lkky skittle to try and knock over various numbered pins. The aim of the game is to score exactly 50 points. But watch out, if you get more than 50, your score will be knocked back down to 25!<\/p>\n<p>M\u00f6lkky can be enjoyed in any outdoor space \u2013 from your back garden to the local park. Play one-on-one or get a team together \u2013 the more the merrier! All ages and fitness levels are welcome.<\/p>\n<p>National M\u00f6lkky competitions are held in several countries around the world, and teams even come to Finland every year to compete in the world M\u00f6lkky championships.<\/p>\n<h3 class=\"Style6\"><\/h3>\n<p class=\"Style6\"><span style=\"text-decoration: underline;\">Setup:<\/span><\/p>\n<p class=\"Style6\">The pins are placed in a formation. For the first game, the throwing order is drawn. In the following games, the throwing order is formed according to the previous game results from lowest to highest score. A throwing line is drawn about 3-4 metres away from the pin formation. Players take turns in scorekeeping (see\u00a0<em>\u201cEnding the game\u201d<\/em>).<\/p>\n<p class=\"Style6\"><img loading=\"lazy\" decoding=\"async\" src=\"http:\/\/idata.over-blog.com\/3\/92\/90\/52\/molkky-position-798.gif\" width=\"160\" height=\"155\" \/><\/p>\n<p class=\"Style6\"><span style=\"font-size: small;\">\u00a0<\/span><img decoding=\"async\" src=\"http:\/\/www.tactic.net\/molkky\/img\/int_rules_img.png\" alt=\"\" \/><\/p>\n<p><span style=\"text-decoration: underline;\">How to play?<\/span><\/p>\n<p><strong>Beginning the game:<\/strong><br \/>\nFirst player throws at the grouping and tries to knock over pins. M\u00f6lkky is always thrown underhand.<\/p>\n<p><strong>Fallen pin:<\/strong><br \/>\nA pin is not considered fallen if it is leaning on another pin or on the M\u00f6lkky throwing skittle. After a throw, fallen pins are put upright at the place where they fell.<\/p>\n<p><strong>Scoring:\u00a0<\/strong><br \/>\nIf one pin falls, the score = the number on the pin. When more than one fall, the score = the number of fallen pins.<\/p>\n<p><strong>Ending the game:\u00a0<\/strong><br \/>\nIf a player misses (has no score) three times in a row, he\/she is out of game and acts as the scorekeeper. The game ends when the first player reaches exactly 50 points. If one scores over 50, that players score is lowered to 25.<\/p>\n","protected":false},"excerpt":{"rendered":"<p><strong>M\u00f6lkky is a fun combination of chance and skill that\u2019s quick to learn and exciting to play!<\/strong><\/p>\n<p>Take turns to throw the M\u00f6lkky skittle to try and knock over various numbered pins. The aim of the game is to score exactly 50 points. But watch out, if you get more than 50, your score will be knocked back down to 25!<\/p>\n<p>M\u00f6lkky can be enjoyed in any outdoor space \u2013 from your back garden to the local park. Play one-on-one or get a team together \u2013 the more the merrier! All ages and fitness levels are welcome.<\/p>\n<p>National M\u00f6lkky competitions are held in several countries around the world, and teams even come to Finland every year to compete in the world M\u00f6lkky championships.<\/p>\n<h3 class=\"Style6\"><\/h3>\n<p class=\"Style6\"><span style=\"text-decoration: underline;\">Setup:<\/span><\/p>\n<p class=\"Style6\">The pins are placed in a formation. For the first game, the throwing order is drawn. In the following games, the throwing order is formed according to the previous game results from lowest to highest score. A throwing line is drawn about 3-4 metres away from the pin formation. Players take turns in scorekeeping (see\u00a0<em>\u201cEnding the game\u201d<\/em>).<\/p>\n<p class=\"Style6\"><img loading=\"lazy\" decoding=\"async\" src=\"http:\/\/idata.over-blog.com\/3\/92\/90\/52\/molkky-position-798.gif\" width=\"160\" height=\"155\" \/><\/p>\n<p class=\"Style6\"><span style=\"font-size: small;\">\u00a0<\/span><img decoding=\"async\" src=\"http:\/\/www.tactic.net\/molkky\/img\/int_rules_img.png\" alt=\"\" \/><\/p>\n<p><span style=\"text-decoration: underline;\">How to play?<\/span><\/p>\n<p><strong>Beginning the game:<\/strong><br \/>\nFirst player throws at the grouping and tries to knock over pins. M\u00f6lkky is always thrown underhand.<\/p>\n<p><strong>Fallen pin:<\/strong><br \/>\nA pin is not considered fallen if it is leaning on another pin or on the M\u00f6lkky throwing skittle. After a throw, fallen pins are put upright at the place where they fell.<\/p>\n<p><strong>Scoring:\u00a0<\/strong><br \/>\nIf one pin falls, the score = the number on the pin. When more than one fall, the score = the number of fallen pins.<\/p>\n<p><strong>Ending the game:\u00a0<\/strong><br \/>\nIf a player misses (has no score) three times in a row, he\/she is out of game and acts as the scorekeeper. The game ends when the first player reaches exactly 50 points. If one scores over 50, that players score is lowered to 25.<\/p>\n","protected":false},"featured_media":9303,"comment_status":"open","ping_status":"closed","template":"","meta":{"_acf_changed":false},"product_brand":[],"product_cat":[4736,4401],"product_tag":[],"class_list":{"0":"post-27333","1":"product","2":"type-product","3":"status-publish","4":"has-post-thumbnail","6":"product_cat-active-games","7":"product_cat-all","8":"product_shipping_class-frais-de-livraison-en","10":"first","11":"instock","12":"taxable","13":"shipping-taxable","14":"purchasable","15":"product-type-simple"},"bundled_by":[],"bundle_stock_status":"instock","bundle_stock_quantity":null,"bundle_virtual":false,"bundle_layout":"","bundle_add_to_cart_form_location":"","bundle_editable_in_cart":false,"bundle_sold_individually_context":"","bundle_item_grouping":"","bundle_min_size":"","bundle_max_size":"","bundle_price":[],"bundled_items":[],"bundle_sell_ids":[],"acf":[],"featured_image_urls_v2":{"full":["https:\/\/staging.cdsboutique.com\/wp-content\/uploads\/2020\/10\/molkky2.jpg",440,417,false],"thumbnail":["https:\/\/staging.cdsboutique.com\/wp-content\/uploads\/2020\/10\/molkky2-150x150.jpg",150,150,true],"medium":["https:\/\/staging.cdsboutique.com\/wp-content\/uploads\/2020\/10\/molkky2-300x284.jpg",300,284,true],"medium_large":["https:\/\/staging.cdsboutique.com\/wp-content\/uploads\/2020\/10\/molkky2.jpg",440,417,false],"large":["https:\/\/staging.cdsboutique.com\/wp-content\/uploads\/2020\/10\/molkky2.jpg",440,417,false],"1536x1536":["https:\/\/staging.cdsboutique.com\/wp-content\/uploads\/2020\/10\/molkky2.jpg",440,417,false],"2048x2048":["https:\/\/staging.cdsboutique.com\/wp-content\/uploads\/2020\/10\/molkky2.jpg",440,417,false],"gform-image-choice-sm":["https:\/\/staging.cdsboutique.com\/wp-content\/uploads\/2020\/10\/molkky2.jpg",300,284,false],"gform-image-choice-md":["https:\/\/staging.cdsboutique.com\/wp-content\/uploads\/2020\/10\/molkky2.jpg",400,379,false],"gform-image-choice-lg":["https:\/\/staging.cdsboutique.com\/wp-content\/uploads\/2020\/10\/molkky2.jpg",440,417,false],"woocommerce_thumbnail":["https:\/\/staging.cdsboutique.com\/wp-content\/uploads\/2020\/10\/molkky2-300x284.jpg",300,284,true],"woocommerce_single":["https:\/\/staging.cdsboutique.com\/wp-content\/uploads\/2020\/10\/molkky2.jpg",440,417,false],"woocommerce_gallery_thumbnail":["https:\/\/staging.cdsboutique.com\/wp-content\/uploads\/2020\/10\/molkky2-100x100.jpg",100,100,true],"variation_swatches_image_size":["https:\/\/staging.cdsboutique.com\/wp-content\/uploads\/2020\/10\/molkky2.jpg",50,47,false],"variation_swatches_tooltip_size":["https:\/\/staging.cdsboutique.com\/wp-content\/uploads\/2020\/10\/molkky2.jpg",100,95,false],"logo-size":["https:\/\/staging.cdsboutique.com\/wp-content\/uploads\/2020\/10\/molkky2-89x84.jpg",89,84,true],"blog":["https:\/\/staging.cdsboutique.com\/wp-content\/uploads\/2020\/10\/molkky2-350x260.jpg",350,260,true]},"post_excerpt_stackable_v2":"<p><strong>M\u00f6lkky is a fun combination of chance and skill that\u2019s quick to learn and exciting to play!<\/strong><\/p>\n<p>Take turns to throw the M\u00f6lkky skittle to try and knock over various numbered pins. The aim of the game is to score exactly 50 points. But watch out, if you get more than 50, your score will be knocked back down to 25!<\/p>\n<p>M\u00f6lkky can be enjoyed in any outdoor space \u2013 from your back garden to the local park. Play one-on-one or get a team together \u2013 the more the merrier! All ages and fitness levels are welcome.<\/p>\n<p>National M\u00f6lkky competitions are held in several countries around the world, and teams even come to Finland every year to compete in the world M\u00f6lkky championships.<\/p>\n<h3 class=\"Style6\"><\/h3>\n<p class=\"Style6\"><span style=\"text-decoration: underline;\">Setup:<\/span><\/p>\n<p class=\"Style6\">The pins are placed in a formation. For the first game, the throwing order is drawn. In the following games, the throwing order is formed according to the previous game results from lowest to highest score. A throwing line is drawn about 3-4 metres away from the pin formation. Players take turns in scorekeeping (see\u00a0<em>\u201cEnding the game\u201d<\/em>).<\/p>\n<p class=\"Style6\"><img loading=\"lazy\" decoding=\"async\" src=\"http:\/\/idata.over-blog.com\/3\/92\/90\/52\/molkky-position-798.gif\" width=\"160\" height=\"155\" \/><\/p>\n<p class=\"Style6\"><span style=\"font-size: small;\">\u00a0<\/span><img decoding=\"async\" src=\"http:\/\/www.tactic.net\/molkky\/img\/int_rules_img.png\" alt=\"\" \/><\/p>\n<p><span style=\"text-decoration: underline;\">How to play?<\/span><\/p>\n<p><strong>Beginning the game:<\/strong><br \/>\nFirst player throws at the grouping and tries to knock over pins. M\u00f6lkky is always thrown underhand.<\/p>\n<p><strong>Fallen pin:<\/strong><br \/>\nA pin is not considered fallen if it is leaning on another pin or on the M\u00f6lkky throwing skittle. After a throw, fallen pins are put upright at the place where they fell.<\/p>\n<p><strong>Scoring:\u00a0<\/strong><br \/>\nIf one pin falls, the score = the number on the pin. When more than one fall, the score = the number of fallen pins.<\/p>\n<p><strong>Ending the game:\u00a0<\/strong><br \/>\nIf a player misses (has no score) three times in a row, he\/she is out of game and acts as the scorekeeper. The game ends when the first player reaches exactly 50 points. If one scores over 50, that players score is lowered to 25.<\/p>\n","category_list_v2":"","author_info_v2":{"name":"","url":""},"comments_num_v2":"0 comments","yoast_head":"<!-- This site is optimized with the Yoast SEO plugin v27.4 - https:\/\/yoast.com\/product\/yoast-seo-wordpress\/ -->\n<title>M\u00f6lkky - CDS boutique A\u00een\u00e9s<\/title>\n<meta name=\"description\" content=\"M\u00f6lkky is a fun combination of chance and skill that\u2019s quick to learn and exciting to play! Take turns to throw the M\u00f6lkky skittle to try and knock over various numbered pins. The aim of the game is to score exactly 50 points.\" \/>\n<meta name=\"robots\" content=\"noindex, follow, max-snippet:-1, max-image-preview:large, max-video-preview:-1\" \/>\n<meta property=\"og:locale\" content=\"en_US\" \/>\n<meta property=\"og:type\" content=\"article\" \/>\n<meta property=\"og:title\" content=\"M\u00f6lkky - CDS boutique A\u00een\u00e9s\" \/>\n<meta property=\"og:description\" content=\"M\u00f6lkky is a fun combination of chance and skill that\u2019s quick to learn and exciting to play! Take turns to throw the M\u00f6lkky skittle to try and knock over various numbered pins. The aim of the game is to score exactly 50 points.\" \/>\n<meta property=\"og:url\" content=\"https:\/\/staging.cdsboutique.com\/en\/product\/molkky\/\" \/>\n<meta property=\"og:site_name\" content=\"CDS boutique A\u00een\u00e9s\" \/>\n<meta property=\"article:publisher\" content=\"https:\/\/www.facebook.com\/CDSBoutique.Aines.Seniors\" \/>\n<meta property=\"article:modified_time\" content=\"2026-03-26T17:24:02+00:00\" \/>\n<meta property=\"og:image\" content=\"https:\/\/staging.cdsboutique.com\/wp-content\/uploads\/2020\/10\/molkky2.jpg?_t=1774545843\" \/>\n\t<meta property=\"og:image:width\" content=\"440\" \/>\n\t<meta property=\"og:image:height\" content=\"417\" \/>\n\t<meta property=\"og:image:type\" content=\"image\/jpeg\" \/>\n<meta name=\"twitter:card\" content=\"summary_large_image\" \/>\n<meta name=\"twitter:label1\" content=\"Est. reading time\" \/>\n\t<meta name=\"twitter:data1\" content=\"3 minutes\" \/>\n<script type=\"application\/ld+json\" class=\"yoast-schema-graph\">{\"@context\":\"https:\\\/\\\/schema.org\",\"@graph\":[{\"@type\":\"WebPage\",\"@id\":\"https:\\\/\\\/staging.cdsboutique.com\\\/en\\\/product\\\/molkky\\\/\",\"url\":\"https:\\\/\\\/staging.cdsboutique.com\\\/en\\\/product\\\/molkky\\\/\",\"name\":\"M\u00f6lkky - CDS boutique A\u00een\u00e9s\",\"isPartOf\":{\"@id\":\"https:\\\/\\\/staging.cdsboutique.com\\\/#website\"},\"primaryImageOfPage\":{\"@id\":\"https:\\\/\\\/staging.cdsboutique.com\\\/en\\\/product\\\/molkky\\\/#primaryimage\"},\"image\":{\"@id\":\"https:\\\/\\\/staging.cdsboutique.com\\\/en\\\/product\\\/molkky\\\/#primaryimage\"},\"thumbnailUrl\":\"https:\\\/\\\/staging.cdsboutique.com\\\/wp-content\\\/uploads\\\/2020\\\/10\\\/molkky2.jpg\",\"datePublished\":\"2020-11-20T14:49:39+00:00\",\"dateModified\":\"2026-03-26T17:24:02+00:00\",\"description\":\"M\u00f6lkky is a fun combination of chance and skill that\u2019s quick to learn and exciting to play! Take turns to throw the M\u00f6lkky skittle to try and knock over various numbered pins. The aim of the game is to score exactly 50 points.\",\"breadcrumb\":{\"@id\":\"https:\\\/\\\/staging.cdsboutique.com\\\/en\\\/product\\\/molkky\\\/#breadcrumb\"},\"inLanguage\":\"en-US\",\"potentialAction\":[{\"@type\":\"ReadAction\",\"target\":[\"https:\\\/\\\/staging.cdsboutique.com\\\/en\\\/product\\\/molkky\\\/\"]}]},{\"@type\":\"ImageObject\",\"inLanguage\":\"en-US\",\"@id\":\"https:\\\/\\\/staging.cdsboutique.com\\\/en\\\/product\\\/molkky\\\/#primaryimage\",\"url\":\"https:\\\/\\\/staging.cdsboutique.com\\\/wp-content\\\/uploads\\\/2020\\\/10\\\/molkky2.jpg\",\"contentUrl\":\"https:\\\/\\\/staging.cdsboutique.com\\\/wp-content\\\/uploads\\\/2020\\\/10\\\/molkky2.jpg\",\"width\":440,\"height\":417},{\"@type\":\"BreadcrumbList\",\"@id\":\"https:\\\/\\\/staging.cdsboutique.com\\\/en\\\/product\\\/molkky\\\/#breadcrumb\",\"itemListElement\":[{\"@type\":\"ListItem\",\"position\":1,\"name\":\"Home\",\"item\":\"https:\\\/\\\/staging.cdsboutique.com\\\/en\\\/\"},{\"@type\":\"ListItem\",\"position\":2,\"name\":\"Products\",\"item\":\"https:\\\/\\\/staging.cdsboutique.com\\\/en\\\/products\\\/\"},{\"@type\":\"ListItem\",\"position\":3,\"name\":\"M\u00f6lkky\"}]},{\"@type\":\"WebSite\",\"@id\":\"https:\\\/\\\/staging.cdsboutique.com\\\/#website\",\"url\":\"https:\\\/\\\/staging.cdsboutique.com\\\/\",\"name\":\"CDS boutique A\u00een\u00e9s\",\"description\":\"Pour une meilleure qualit\u00e9 de vie\",\"publisher\":{\"@id\":\"https:\\\/\\\/staging.cdsboutique.com\\\/#organization\"},\"potentialAction\":[{\"@type\":\"SearchAction\",\"target\":{\"@type\":\"EntryPoint\",\"urlTemplate\":\"https:\\\/\\\/staging.cdsboutique.com\\\/?s={search_term_string}\"},\"query-input\":{\"@type\":\"PropertyValueSpecification\",\"valueRequired\":true,\"valueName\":\"search_term_string\"}}],\"inLanguage\":\"en-US\"},{\"@type\":\"Organization\",\"@id\":\"https:\\\/\\\/staging.cdsboutique.com\\\/#organization\",\"name\":\"CDS Boutique\",\"url\":\"https:\\\/\\\/staging.cdsboutique.com\\\/\",\"logo\":{\"@type\":\"ImageObject\",\"inLanguage\":\"en-US\",\"@id\":\"https:\\\/\\\/staging.cdsboutique.com\\\/#\\\/schema\\\/logo\\\/image\\\/\",\"url\":\"https:\\\/\\\/staging.cdsboutique.com\\\/wp-content\\\/uploads\\\/2024\\\/09\\\/logoCDS-Boutique_final2024.jpg\",\"contentUrl\":\"https:\\\/\\\/staging.cdsboutique.com\\\/wp-content\\\/uploads\\\/2024\\\/09\\\/logoCDS-Boutique_final2024.jpg\",\"width\":900,\"height\":600,\"caption\":\"CDS Boutique\"},\"image\":{\"@id\":\"https:\\\/\\\/staging.cdsboutique.com\\\/#\\\/schema\\\/logo\\\/image\\\/\"},\"sameAs\":[\"https:\\\/\\\/www.facebook.com\\\/CDSBoutique.Aines.Seniors\",\"https:\\\/\\\/www.youtube.com\\\/@cdsboutique4046\",\"https:\\\/\\\/www.linkedin.com\\\/company\\\/cds-boutique\\\/\",\"https:\\\/\\\/www.instagram.com\\\/cdsboutique\\\/\"]}]}<\/script>\n<!-- \/ Yoast SEO plugin. -->","yoast_head_json":{"title":"M\u00f6lkky - CDS boutique A\u00een\u00e9s","description":"M\u00f6lkky is a fun combination of chance and skill that\u2019s quick to learn and exciting to play! Take turns to throw the M\u00f6lkky skittle to try and knock over various numbered pins. The aim of the game is to score exactly 50 points.","robots":{"index":"noindex","follow":"follow","max-snippet":"max-snippet:-1","max-image-preview":"max-image-preview:large","max-video-preview":"max-video-preview:-1"},"og_locale":"en_US","og_type":"article","og_title":"M\u00f6lkky - CDS boutique A\u00een\u00e9s","og_description":"M\u00f6lkky is a fun combination of chance and skill that\u2019s quick to learn and exciting to play! Take turns to throw the M\u00f6lkky skittle to try and knock over various numbered pins. The aim of the game is to score exactly 50 points.","og_url":"https:\/\/staging.cdsboutique.com\/en\/product\/molkky\/","og_site_name":"CDS boutique A\u00een\u00e9s","article_publisher":"https:\/\/www.facebook.com\/CDSBoutique.Aines.Seniors","article_modified_time":"2026-03-26T17:24:02+00:00","og_image":[{"width":440,"height":417,"url":"https:\/\/staging.cdsboutique.com\/wp-content\/uploads\/2020\/10\/molkky2.jpg?_t=1774545843","type":"image\/jpeg"}],"twitter_card":"summary_large_image","twitter_misc":{"Est. reading time":"3 minutes"},"schema":{"@context":"https:\/\/schema.org","@graph":[{"@type":"WebPage","@id":"https:\/\/staging.cdsboutique.com\/en\/product\/molkky\/","url":"https:\/\/staging.cdsboutique.com\/en\/product\/molkky\/","name":"M\u00f6lkky - CDS boutique A\u00een\u00e9s","isPartOf":{"@id":"https:\/\/staging.cdsboutique.com\/#website"},"primaryImageOfPage":{"@id":"https:\/\/staging.cdsboutique.com\/en\/product\/molkky\/#primaryimage"},"image":{"@id":"https:\/\/staging.cdsboutique.com\/en\/product\/molkky\/#primaryimage"},"thumbnailUrl":"https:\/\/staging.cdsboutique.com\/wp-content\/uploads\/2020\/10\/molkky2.jpg","datePublished":"2020-11-20T14:49:39+00:00","dateModified":"2026-03-26T17:24:02+00:00","description":"M\u00f6lkky is a fun combination of chance and skill that\u2019s quick to learn and exciting to play! Take turns to throw the M\u00f6lkky skittle to try and knock over various numbered pins. The aim of the game is to score exactly 50 points.","breadcrumb":{"@id":"https:\/\/staging.cdsboutique.com\/en\/product\/molkky\/#breadcrumb"},"inLanguage":"en-US","potentialAction":[{"@type":"ReadAction","target":["https:\/\/staging.cdsboutique.com\/en\/product\/molkky\/"]}]},{"@type":"ImageObject","inLanguage":"en-US","@id":"https:\/\/staging.cdsboutique.com\/en\/product\/molkky\/#primaryimage","url":"https:\/\/staging.cdsboutique.com\/wp-content\/uploads\/2020\/10\/molkky2.jpg","contentUrl":"https:\/\/staging.cdsboutique.com\/wp-content\/uploads\/2020\/10\/molkky2.jpg","width":440,"height":417},{"@type":"BreadcrumbList","@id":"https:\/\/staging.cdsboutique.com\/en\/product\/molkky\/#breadcrumb","itemListElement":[{"@type":"ListItem","position":1,"name":"Home","item":"https:\/\/staging.cdsboutique.com\/en\/"},{"@type":"ListItem","position":2,"name":"Products","item":"https:\/\/staging.cdsboutique.com\/en\/products\/"},{"@type":"ListItem","position":3,"name":"M\u00f6lkky"}]},{"@type":"WebSite","@id":"https:\/\/staging.cdsboutique.com\/#website","url":"https:\/\/staging.cdsboutique.com\/","name":"CDS boutique A\u00een\u00e9s","description":"Pour une meilleure qualit\u00e9 de vie","publisher":{"@id":"https:\/\/staging.cdsboutique.com\/#organization"},"potentialAction":[{"@type":"SearchAction","target":{"@type":"EntryPoint","urlTemplate":"https:\/\/staging.cdsboutique.com\/?s={search_term_string}"},"query-input":{"@type":"PropertyValueSpecification","valueRequired":true,"valueName":"search_term_string"}}],"inLanguage":"en-US"},{"@type":"Organization","@id":"https:\/\/staging.cdsboutique.com\/#organization","name":"CDS Boutique","url":"https:\/\/staging.cdsboutique.com\/","logo":{"@type":"ImageObject","inLanguage":"en-US","@id":"https:\/\/staging.cdsboutique.com\/#\/schema\/logo\/image\/","url":"https:\/\/staging.cdsboutique.com\/wp-content\/uploads\/2024\/09\/logoCDS-Boutique_final2024.jpg","contentUrl":"https:\/\/staging.cdsboutique.com\/wp-content\/uploads\/2024\/09\/logoCDS-Boutique_final2024.jpg","width":900,"height":600,"caption":"CDS Boutique"},"image":{"@id":"https:\/\/staging.cdsboutique.com\/#\/schema\/logo\/image\/"},"sameAs":["https:\/\/www.facebook.com\/CDSBoutique.Aines.Seniors","https:\/\/www.youtube.com\/@cdsboutique4046","https:\/\/www.linkedin.com\/company\/cds-boutique\/","https:\/\/www.instagram.com\/cdsboutique\/"]}]}},"_links":{"self":[{"href":"https:\/\/staging.cdsboutique.com\/en\/wp-json\/wp\/v2\/product\/27333","targetHints":{"allow":["GET"]}}],"collection":[{"href":"https:\/\/staging.cdsboutique.com\/en\/wp-json\/wp\/v2\/product"}],"about":[{"href":"https:\/\/staging.cdsboutique.com\/en\/wp-json\/wp\/v2\/types\/product"}],"replies":[{"embeddable":true,"href":"https:\/\/staging.cdsboutique.com\/en\/wp-json\/wp\/v2\/comments?post=27333"}],"wp:featuredmedia":[{"embeddable":true,"href":"https:\/\/staging.cdsboutique.com\/en\/wp-json\/wp\/v2\/media\/9303"}],"wp:attachment":[{"href":"https:\/\/staging.cdsboutique.com\/en\/wp-json\/wp\/v2\/media?parent=27333"}],"wp:term":[{"taxonomy":"product_brand","embeddable":true,"href":"https:\/\/staging.cdsboutique.com\/en\/wp-json\/wp\/v2\/product_brand?post=27333"},{"taxonomy":"product_cat","embeddable":true,"href":"https:\/\/staging.cdsboutique.com\/en\/wp-json\/wp\/v2\/product_cat?post=27333"},{"taxonomy":"product_tag","embeddable":true,"href":"https:\/\/staging.cdsboutique.com\/en\/wp-json\/wp\/v2\/product_tag?post=27333"}],"curies":[{"name":"wp","href":"https:\/\/api.w.org\/{rel}","templated":true}]}}