{"id":27379,"date":"2020-11-20T09:50:58","date_gmt":"2020-11-20T17:05:34","guid":{"rendered":"https:\/\/cdsboutique.com\/produits\/100-wooden-blocks\/"},"modified":"2020-11-20T12:05:42","modified_gmt":"2020-11-20T17:05:42","slug":"100-wooden-blocks","status":"publish","type":"product","link":"https:\/\/staging.cdsboutique.com\/en\/produit\/100-wooden-blocks\/","title":{"rendered":"100 Wooden Blocks"},"content":{"rendered":"<p><span>These Fun, simple and easy to handle, wooden blocks offer endless possibilities in terms of activities for all types of users. These blocks are precisely cut from top quality hardwood. Whether played by kids, teens, young adults or seniors, this activity will always have a beneficial effect. These wooden blocks will help exercising their imagination, dexterity, patience and analytical skills.&nbsp;<\/span><\/p>\n<p><span>Features<\/span><\/p>\n<ul>\n<li>This 100 pieces set includes 9 geographic shapes in 4 bright colours.<\/li>\n<li>Comes with a handy storage bag.&nbsp;<\/li>\n<\/ul>\n<p><strong>&nbsp;<\/strong><\/p>\n","protected":false},"excerpt":{"rendered":"<p><span>These Fun, simple and easy to handle, wooden blocks offer endless possibilities in terms of activities for all types of users. These blocks are precisely cut from top quality hardwood. Whether played by kids, teens, young adults or seniors, this activity will always have a beneficial effect. These wooden blocks will help exercising their imagination, dexterity, patience and analytical skills.&nbsp;<\/span><\/p>\n<p><span>Features<\/span><\/p>\n<ul>\n<li>This 100 pieces set includes 9 geographic shapes in 4 bright colours.<\/li>\n<li>Comes with a handy storage bag.&nbsp;<\/li>\n<\/ul>\n<p><strong>&nbsp;<\/strong><\/p>\n","protected":false},"featured_media":4351,"comment_status":"open","ping_status":"closed","template":"","meta":{"_acf_changed":false},"product_brand":[],"product_cat":[4401,2974,2968,4658],"product_tag":[],"class_list":{"0":"post-27379","1":"product","2":"type-product","3":"status-publish","4":"has-post-thumbnail","6":"product_cat-all","7":"product_cat-building-and-creation","8":"product_cat-cognitive-stimulation","9":"product_cat-fine-motor-skills","10":"product_shipping_class-frais-de-livraison-en","12":"first","13":"instock","14":"taxable","15":"shipping-taxable","16":"purchasable","17":"product-type-simple"},"bundled_by":[],"bundle_stock_status":"instock","bundle_stock_quantity":null,"bundle_virtual":false,"bundle_layout":"","bundle_add_to_cart_form_location":"","bundle_editable_in_cart":false,"bundle_sold_individually_context":"","bundle_item_grouping":"","bundle_min_size":"","bundle_max_size":"","bundle_price":[],"bundled_items":[],"bundle_sell_ids":[],"acf":[],"featured_image_urls_v2":{"full":["https:\/\/staging.cdsboutique.com\/wp-content\/uploads\/2020\/09\/15362a.jpg",1200,1200,false],"thumbnail":["https:\/\/staging.cdsboutique.com\/wp-content\/uploads\/2020\/09\/15362a.jpg",150,150,false],"medium":["https:\/\/staging.cdsboutique.com\/wp-content\/uploads\/2020\/09\/15362a.jpg",300,300,false],"medium_large":["https:\/\/staging.cdsboutique.com\/wp-content\/uploads\/2020\/09\/15362a.jpg",768,768,false],"large":["https:\/\/staging.cdsboutique.com\/wp-content\/uploads\/2020\/09\/15362a.jpg",980,980,false],"1536x1536":["https:\/\/staging.cdsboutique.com\/wp-content\/uploads\/2020\/09\/15362a.jpg",1200,1200,false],"2048x2048":["https:\/\/staging.cdsboutique.com\/wp-content\/uploads\/2020\/09\/15362a.jpg",1200,1200,false],"gform-image-choice-sm":["https:\/\/staging.cdsboutique.com\/wp-content\/uploads\/2020\/09\/15362a.jpg",300,300,false],"gform-image-choice-md":["https:\/\/staging.cdsboutique.com\/wp-content\/uploads\/2020\/09\/15362a.jpg",400,400,false],"gform-image-choice-lg":["https:\/\/staging.cdsboutique.com\/wp-content\/uploads\/2020\/09\/15362a.jpg",600,600,false],"woocommerce_thumbnail":["https:\/\/staging.cdsboutique.com\/wp-content\/uploads\/2020\/09\/15362a-300x300.jpg",300,300,true],"woocommerce_single":["https:\/\/staging.cdsboutique.com\/wp-content\/uploads\/2020\/09\/15362a-600x600.jpg",600,600,true],"woocommerce_gallery_thumbnail":["https:\/\/staging.cdsboutique.com\/wp-content\/uploads\/2020\/09\/15362a-100x100.jpg",100,100,true],"variation_swatches_image_size":["https:\/\/staging.cdsboutique.com\/wp-content\/uploads\/2020\/09\/15362a.jpg",50,50,false],"variation_swatches_tooltip_size":["https:\/\/staging.cdsboutique.com\/wp-content\/uploads\/2020\/09\/15362a.jpg",100,100,false],"logo-size":["https:\/\/staging.cdsboutique.com\/wp-content\/uploads\/2020\/09\/15362a.jpg",84,84,false],"blog":["https:\/\/staging.cdsboutique.com\/wp-content\/uploads\/2020\/09\/15362a.jpg",260,260,false]},"post_excerpt_stackable_v2":"<p><span>These Fun, simple and easy to handle, wooden blocks offer endless possibilities in terms of activities for all types of users. These blocks are precisely cut from top quality hardwood. Whether played by kids, teens, young adults or seniors, this activity will always have a beneficial effect. These wooden blocks will help exercising their imagination, dexterity, patience and analytical skills.&nbsp;<\/span><\/p>\n<p><span>Features<\/span><\/p>\n<ul>\n<li>This 100 pieces set includes 9 geographic shapes in 4 bright colours.<\/li>\n<li>Comes with a handy storage bag.&nbsp;<\/li>\n<\/ul>\n<p><strong>&nbsp;<\/strong><\/p>\n","category_list_v2":"","author_info_v2":{"name":"","url":""},"comments_num_v2":"0 comments","yoast_head":"<!-- This site is optimized with the Yoast SEO plugin v27.4 - https:\/\/yoast.com\/product\/yoast-seo-wordpress\/ -->\n<title>100 Wooden Blocks<\/title>\n<meta name=\"description\" content=\"These Fun, simple and easy to handle, wooden blocks offer endless possibilities in terms of activities for all types of users.\" \/>\n<meta name=\"robots\" content=\"noindex, follow, max-snippet:-1, max-image-preview:large, max-video-preview:-1\" \/>\n<meta property=\"og:locale\" content=\"en_US\" \/>\n<meta property=\"og:type\" content=\"article\" \/>\n<meta property=\"og:title\" content=\"100 Wooden Blocks\" \/>\n<meta property=\"og:description\" content=\"These Fun, simple and easy to handle, wooden blocks offer endless possibilities in terms of activities for all types of users.\" \/>\n<meta property=\"og:url\" content=\"https:\/\/staging.cdsboutique.com\/en\/product\/100-wooden-blocks\/\" \/>\n<meta property=\"og:site_name\" content=\"CDS boutique A\u00een\u00e9s\" \/>\n<meta property=\"article:publisher\" content=\"https:\/\/www.facebook.com\/CDSBoutique.Aines.Seniors\" \/>\n<meta property=\"article:modified_time\" content=\"2020-11-20T17:05:42+00:00\" \/>\n<meta property=\"og:image\" content=\"https:\/\/staging.cdsboutique.com\/wp-content\/uploads\/2020\/09\/15362a.jpg\" \/>\n\t<meta property=\"og:image:width\" content=\"1200\" \/>\n\t<meta property=\"og:image:height\" content=\"1200\" \/>\n\t<meta property=\"og:image:type\" content=\"image\/jpeg\" \/>\n<meta name=\"twitter:card\" content=\"summary_large_image\" \/>\n<script type=\"application\/ld+json\" class=\"yoast-schema-graph\">{\"@context\":\"https:\\\/\\\/schema.org\",\"@graph\":[{\"@type\":\"WebPage\",\"@id\":\"https:\\\/\\\/staging.cdsboutique.com\\\/en\\\/product\\\/100-wooden-blocks\\\/\",\"url\":\"https:\\\/\\\/staging.cdsboutique.com\\\/en\\\/product\\\/100-wooden-blocks\\\/\",\"name\":\"100 Wooden Blocks\",\"isPartOf\":{\"@id\":\"https:\\\/\\\/staging.cdsboutique.com\\\/#website\"},\"primaryImageOfPage\":{\"@id\":\"https:\\\/\\\/staging.cdsboutique.com\\\/en\\\/product\\\/100-wooden-blocks\\\/#primaryimage\"},\"image\":{\"@id\":\"https:\\\/\\\/staging.cdsboutique.com\\\/en\\\/product\\\/100-wooden-blocks\\\/#primaryimage\"},\"thumbnailUrl\":\"https:\\\/\\\/staging.cdsboutique.com\\\/wp-content\\\/uploads\\\/2020\\\/09\\\/15362a.jpg\",\"datePublished\":\"2020-11-20T17:05:34+00:00\",\"dateModified\":\"2020-11-20T17:05:42+00:00\",\"description\":\"These Fun, simple and easy to handle, wooden blocks offer endless possibilities in terms of activities for all types of users.\",\"breadcrumb\":{\"@id\":\"https:\\\/\\\/staging.cdsboutique.com\\\/en\\\/product\\\/100-wooden-blocks\\\/#breadcrumb\"},\"inLanguage\":\"en-US\",\"potentialAction\":[{\"@type\":\"ReadAction\",\"target\":[\"https:\\\/\\\/staging.cdsboutique.com\\\/en\\\/product\\\/100-wooden-blocks\\\/\"]}]},{\"@type\":\"ImageObject\",\"inLanguage\":\"en-US\",\"@id\":\"https:\\\/\\\/staging.cdsboutique.com\\\/en\\\/product\\\/100-wooden-blocks\\\/#primaryimage\",\"url\":\"https:\\\/\\\/staging.cdsboutique.com\\\/wp-content\\\/uploads\\\/2020\\\/09\\\/15362a.jpg\",\"contentUrl\":\"https:\\\/\\\/staging.cdsboutique.com\\\/wp-content\\\/uploads\\\/2020\\\/09\\\/15362a.jpg\",\"width\":1200,\"height\":1200},{\"@type\":\"BreadcrumbList\",\"@id\":\"https:\\\/\\\/staging.cdsboutique.com\\\/en\\\/product\\\/100-wooden-blocks\\\/#breadcrumb\",\"itemListElement\":[{\"@type\":\"ListItem\",\"position\":1,\"name\":\"Home\",\"item\":\"https:\\\/\\\/staging.cdsboutique.com\\\/en\\\/\"},{\"@type\":\"ListItem\",\"position\":2,\"name\":\"Products\",\"item\":\"https:\\\/\\\/staging.cdsboutique.com\\\/en\\\/products\\\/\"},{\"@type\":\"ListItem\",\"position\":3,\"name\":\"100 Wooden Blocks\"}]},{\"@type\":\"WebSite\",\"@id\":\"https:\\\/\\\/staging.cdsboutique.com\\\/#website\",\"url\":\"https:\\\/\\\/staging.cdsboutique.com\\\/\",\"name\":\"CDS boutique A\u00een\u00e9s\",\"description\":\"Pour une meilleure qualit\u00e9 de vie\",\"publisher\":{\"@id\":\"https:\\\/\\\/staging.cdsboutique.com\\\/#organization\"},\"potentialAction\":[{\"@type\":\"SearchAction\",\"target\":{\"@type\":\"EntryPoint\",\"urlTemplate\":\"https:\\\/\\\/staging.cdsboutique.com\\\/?s={search_term_string}\"},\"query-input\":{\"@type\":\"PropertyValueSpecification\",\"valueRequired\":true,\"valueName\":\"search_term_string\"}}],\"inLanguage\":\"en-US\"},{\"@type\":\"Organization\",\"@id\":\"https:\\\/\\\/staging.cdsboutique.com\\\/#organization\",\"name\":\"CDS Boutique\",\"url\":\"https:\\\/\\\/staging.cdsboutique.com\\\/\",\"logo\":{\"@type\":\"ImageObject\",\"inLanguage\":\"en-US\",\"@id\":\"https:\\\/\\\/staging.cdsboutique.com\\\/#\\\/schema\\\/logo\\\/image\\\/\",\"url\":\"https:\\\/\\\/staging.cdsboutique.com\\\/wp-content\\\/uploads\\\/2024\\\/09\\\/logoCDS-Boutique_final2024.jpg\",\"contentUrl\":\"https:\\\/\\\/staging.cdsboutique.com\\\/wp-content\\\/uploads\\\/2024\\\/09\\\/logoCDS-Boutique_final2024.jpg\",\"width\":900,\"height\":600,\"caption\":\"CDS Boutique\"},\"image\":{\"@id\":\"https:\\\/\\\/staging.cdsboutique.com\\\/#\\\/schema\\\/logo\\\/image\\\/\"},\"sameAs\":[\"https:\\\/\\\/www.facebook.com\\\/CDSBoutique.Aines.Seniors\",\"https:\\\/\\\/www.youtube.com\\\/@cdsboutique4046\",\"https:\\\/\\\/www.linkedin.com\\\/company\\\/cds-boutique\\\/\",\"https:\\\/\\\/www.instagram.com\\\/cdsboutique\\\/\"]}]}<\/script>\n<!-- \/ Yoast SEO plugin. -->","yoast_head_json":{"title":"100 Wooden Blocks","description":"These Fun, simple and easy to handle, wooden blocks offer endless possibilities in terms of activities for all types of users.","robots":{"index":"noindex","follow":"follow","max-snippet":"max-snippet:-1","max-image-preview":"max-image-preview:large","max-video-preview":"max-video-preview:-1"},"og_locale":"en_US","og_type":"article","og_title":"100 Wooden Blocks","og_description":"These Fun, simple and easy to handle, wooden blocks offer endless possibilities in terms of activities for all types of users.","og_url":"https:\/\/staging.cdsboutique.com\/en\/product\/100-wooden-blocks\/","og_site_name":"CDS boutique A\u00een\u00e9s","article_publisher":"https:\/\/www.facebook.com\/CDSBoutique.Aines.Seniors","article_modified_time":"2020-11-20T17:05:42+00:00","og_image":[{"width":1200,"height":1200,"url":"https:\/\/staging.cdsboutique.com\/wp-content\/uploads\/2020\/09\/15362a.jpg","type":"image\/jpeg"}],"twitter_card":"summary_large_image","schema":{"@context":"https:\/\/schema.org","@graph":[{"@type":"WebPage","@id":"https:\/\/staging.cdsboutique.com\/en\/product\/100-wooden-blocks\/","url":"https:\/\/staging.cdsboutique.com\/en\/product\/100-wooden-blocks\/","name":"100 Wooden Blocks","isPartOf":{"@id":"https:\/\/staging.cdsboutique.com\/#website"},"primaryImageOfPage":{"@id":"https:\/\/staging.cdsboutique.com\/en\/product\/100-wooden-blocks\/#primaryimage"},"image":{"@id":"https:\/\/staging.cdsboutique.com\/en\/product\/100-wooden-blocks\/#primaryimage"},"thumbnailUrl":"https:\/\/staging.cdsboutique.com\/wp-content\/uploads\/2020\/09\/15362a.jpg","datePublished":"2020-11-20T17:05:34+00:00","dateModified":"2020-11-20T17:05:42+00:00","description":"These Fun, simple and easy to handle, wooden blocks offer endless possibilities in terms of activities for all types of users.","breadcrumb":{"@id":"https:\/\/staging.cdsboutique.com\/en\/product\/100-wooden-blocks\/#breadcrumb"},"inLanguage":"en-US","potentialAction":[{"@type":"ReadAction","target":["https:\/\/staging.cdsboutique.com\/en\/product\/100-wooden-blocks\/"]}]},{"@type":"ImageObject","inLanguage":"en-US","@id":"https:\/\/staging.cdsboutique.com\/en\/product\/100-wooden-blocks\/#primaryimage","url":"https:\/\/staging.cdsboutique.com\/wp-content\/uploads\/2020\/09\/15362a.jpg","contentUrl":"https:\/\/staging.cdsboutique.com\/wp-content\/uploads\/2020\/09\/15362a.jpg","width":1200,"height":1200},{"@type":"BreadcrumbList","@id":"https:\/\/staging.cdsboutique.com\/en\/product\/100-wooden-blocks\/#breadcrumb","itemListElement":[{"@type":"ListItem","position":1,"name":"Home","item":"https:\/\/staging.cdsboutique.com\/en\/"},{"@type":"ListItem","position":2,"name":"Products","item":"https:\/\/staging.cdsboutique.com\/en\/products\/"},{"@type":"ListItem","position":3,"name":"100 Wooden Blocks"}]},{"@type":"WebSite","@id":"https:\/\/staging.cdsboutique.com\/#website","url":"https:\/\/staging.cdsboutique.com\/","name":"CDS boutique A\u00een\u00e9s","description":"Pour une meilleure qualit\u00e9 de vie","publisher":{"@id":"https:\/\/staging.cdsboutique.com\/#organization"},"potentialAction":[{"@type":"SearchAction","target":{"@type":"EntryPoint","urlTemplate":"https:\/\/staging.cdsboutique.com\/?s={search_term_string}"},"query-input":{"@type":"PropertyValueSpecification","valueRequired":true,"valueName":"search_term_string"}}],"inLanguage":"en-US"},{"@type":"Organization","@id":"https:\/\/staging.cdsboutique.com\/#organization","name":"CDS Boutique","url":"https:\/\/staging.cdsboutique.com\/","logo":{"@type":"ImageObject","inLanguage":"en-US","@id":"https:\/\/staging.cdsboutique.com\/#\/schema\/logo\/image\/","url":"https:\/\/staging.cdsboutique.com\/wp-content\/uploads\/2024\/09\/logoCDS-Boutique_final2024.jpg","contentUrl":"https:\/\/staging.cdsboutique.com\/wp-content\/uploads\/2024\/09\/logoCDS-Boutique_final2024.jpg","width":900,"height":600,"caption":"CDS Boutique"},"image":{"@id":"https:\/\/staging.cdsboutique.com\/#\/schema\/logo\/image\/"},"sameAs":["https:\/\/www.facebook.com\/CDSBoutique.Aines.Seniors","https:\/\/www.youtube.com\/@cdsboutique4046","https:\/\/www.linkedin.com\/company\/cds-boutique\/","https:\/\/www.instagram.com\/cdsboutique\/"]}]}},"_links":{"self":[{"href":"https:\/\/staging.cdsboutique.com\/en\/wp-json\/wp\/v2\/product\/27379","targetHints":{"allow":["GET"]}}],"collection":[{"href":"https:\/\/staging.cdsboutique.com\/en\/wp-json\/wp\/v2\/product"}],"about":[{"href":"https:\/\/staging.cdsboutique.com\/en\/wp-json\/wp\/v2\/types\/product"}],"replies":[{"embeddable":true,"href":"https:\/\/staging.cdsboutique.com\/en\/wp-json\/wp\/v2\/comments?post=27379"}],"wp:featuredmedia":[{"embeddable":true,"href":"https:\/\/staging.cdsboutique.com\/en\/wp-json\/wp\/v2\/media\/4351"}],"wp:attachment":[{"href":"https:\/\/staging.cdsboutique.com\/en\/wp-json\/wp\/v2\/media?parent=27379"}],"wp:term":[{"taxonomy":"product_brand","embeddable":true,"href":"https:\/\/staging.cdsboutique.com\/en\/wp-json\/wp\/v2\/product_brand?post=27379"},{"taxonomy":"product_cat","embeddable":true,"href":"https:\/\/staging.cdsboutique.com\/en\/wp-json\/wp\/v2\/product_cat?post=27379"},{"taxonomy":"product_tag","embeddable":true,"href":"https:\/\/staging.cdsboutique.com\/en\/wp-json\/wp\/v2\/product_tag?post=27379"}],"curies":[{"name":"wp","href":"https:\/\/api.w.org\/{rel}","templated":true}]}}