{"id":27733,"date":"2020-11-20T09:55:38","date_gmt":"2020-11-20T17:09:19","guid":{"rendered":"https:\/\/cdsboutique.com\/produits\/textured-tangle\/"},"modified":"2020-11-20T12:09:36","modified_gmt":"2020-11-20T17:09:36","slug":"textured-tangle","status":"publish","type":"product","link":"https:\/\/staging.cdsboutique.com\/en\/produit\/textured-tangle\/","title":{"rendered":"Textured Tangle"},"content":{"rendered":"<p><strong>Tangle Products<\/strong><\/p>\n<p>This version is differentiated by its sections with different reliefs and curves, which accentuates the textures.<\/p>\n<p>We offer several Tangles in a variety of colours, textures and sizes. They are objects without beginning or end, formed of 90<sup>o<\/sup> curved pieces connected to each other and which can rotate at each junction. Inspired by the concept of infinity and perpetual motion, the creator of the Tangle wanted to do more than just a toy: for him, it can be a puzzle, an anti-stress object, an accessory to stimulate creativity and attention or a tool to work fine motor skills. The possibilities are limitless! Here are the main benefits:<strong><\/strong><\/p>\n<p>&bull; Reduce user&rsquo;s stress;<\/p>\n<p>&bull; Improve manual dexterity;<\/p>\n<p>&bull; Help heal joints and sore fingers;<\/p>\n<p>&bull; Improve the functioning of the muscles;<\/p>\n<p>&bull; Perfect for busy hands!<\/p>\n<p>Details:<\/p>\n<ul>\n<li>Colours may vary;<\/li>\n<li>Total length: 14.5 inches (37 cm);<\/li>\n<li>Small pieces. Not recommended for people with loss of autonomy.<\/li>\n<\/ul>\n","protected":false},"excerpt":{"rendered":"<p><strong>Tangle Products<\/strong><\/p>\n<p>This version is differentiated by its sections with different reliefs and curves, which accentuates the textures.<\/p>\n<p>We offer several Tangles in a variety of colours, textures and sizes. They are objects without beginning or end, formed of 90<sup>o<\/sup> curved pieces connected to each other and which can rotate at each junction. Inspired by the concept of infinity and perpetual motion, the creator of the Tangle wanted to do more than just a toy: for him, it can be a puzzle, an anti-stress object, an accessory to stimulate creativity and attention or a tool to work fine motor skills. The possibilities are limitless! Here are the main benefits:<strong><\/strong><\/p>\n<p>&bull; Reduce user&rsquo;s stress;<\/p>\n<p>&bull; Improve manual dexterity;<\/p>\n<p>&bull; Help heal joints and sore fingers;<\/p>\n<p>&bull; Improve the functioning of the muscles;<\/p>\n<p>&bull; Perfect for busy hands!<\/p>\n<p>Details:<\/p>\n<ul>\n<li>Colours may vary;<\/li>\n<li>Total length: 14.5 inches (37 cm);<\/li>\n<li>Small pieces. Not recommended for people with loss of autonomy.<\/li>\n<\/ul>\n","protected":false},"featured_media":5134,"comment_status":"open","ping_status":"closed","template":"","meta":{"_acf_changed":false},"product_brand":[],"product_cat":[4401,4562],"product_tag":[],"class_list":{"0":"post-27733","1":"product","2":"type-product","3":"status-publish","4":"has-post-thumbnail","6":"product_cat-all","7":"product_cat-objets-a-manipuler-en","8":"product_shipping_class-frais-de-livraison-en","10":"first","11":"instock","12":"taxable","13":"shipping-taxable","14":"purchasable","15":"product-type-simple"},"bundled_by":[],"bundle_stock_status":"instock","bundle_stock_quantity":null,"bundle_virtual":false,"bundle_layout":"","bundle_add_to_cart_form_location":"","bundle_editable_in_cart":false,"bundle_sold_individually_context":"","bundle_item_grouping":"","bundle_min_size":"","bundle_max_size":"","bundle_price":[],"bundled_items":[],"bundle_sell_ids":[],"acf":[],"featured_image_urls_v2":{"full":["https:\/\/staging.cdsboutique.com\/wp-content\/uploads\/2020\/09\/27748c.jpg",1200,1200,false],"thumbnail":["https:\/\/staging.cdsboutique.com\/wp-content\/uploads\/2020\/09\/27748c.jpg",150,150,false],"medium":["https:\/\/staging.cdsboutique.com\/wp-content\/uploads\/2020\/09\/27748c.jpg",300,300,false],"medium_large":["https:\/\/staging.cdsboutique.com\/wp-content\/uploads\/2020\/09\/27748c.jpg",768,768,false],"large":["https:\/\/staging.cdsboutique.com\/wp-content\/uploads\/2020\/09\/27748c.jpg",980,980,false],"1536x1536":["https:\/\/staging.cdsboutique.com\/wp-content\/uploads\/2020\/09\/27748c.jpg",1200,1200,false],"2048x2048":["https:\/\/staging.cdsboutique.com\/wp-content\/uploads\/2020\/09\/27748c.jpg",1200,1200,false],"gform-image-choice-sm":["https:\/\/staging.cdsboutique.com\/wp-content\/uploads\/2020\/09\/27748c.jpg",300,300,false],"gform-image-choice-md":["https:\/\/staging.cdsboutique.com\/wp-content\/uploads\/2020\/09\/27748c.jpg",400,400,false],"gform-image-choice-lg":["https:\/\/staging.cdsboutique.com\/wp-content\/uploads\/2020\/09\/27748c.jpg",600,600,false],"woocommerce_thumbnail":["https:\/\/staging.cdsboutique.com\/wp-content\/uploads\/2020\/09\/27748c-300x300.jpg",300,300,true],"woocommerce_single":["https:\/\/staging.cdsboutique.com\/wp-content\/uploads\/2020\/09\/27748c-600x600.jpg",600,600,true],"woocommerce_gallery_thumbnail":["https:\/\/staging.cdsboutique.com\/wp-content\/uploads\/2020\/09\/27748c-100x100.jpg",100,100,true],"variation_swatches_image_size":["https:\/\/staging.cdsboutique.com\/wp-content\/uploads\/2020\/09\/27748c.jpg",50,50,false],"variation_swatches_tooltip_size":["https:\/\/staging.cdsboutique.com\/wp-content\/uploads\/2020\/09\/27748c.jpg",100,100,false],"logo-size":["https:\/\/staging.cdsboutique.com\/wp-content\/uploads\/2020\/09\/27748c.jpg",84,84,false],"blog":["https:\/\/staging.cdsboutique.com\/wp-content\/uploads\/2020\/09\/27748c.jpg",260,260,false]},"post_excerpt_stackable_v2":"<p><strong>Tangle Products<\/strong><\/p>\n<p>This version is differentiated by its sections with different reliefs and curves, which accentuates the textures.<\/p>\n<p>We offer several Tangles in a variety of colours, textures and sizes. They are objects without beginning or end, formed of 90<sup>o<\/sup> curved pieces connected to each other and which can rotate at each junction. Inspired by the concept of infinity and perpetual motion, the creator of the Tangle wanted to do more than just a toy: for him, it can be a puzzle, an anti-stress object, an accessory to stimulate creativity and attention or a tool to work fine motor skills. The possibilities are limitless! Here are the main benefits:<strong><\/strong><\/p>\n<p>&bull; Reduce user&rsquo;s stress;<\/p>\n<p>&bull; Improve manual dexterity;<\/p>\n<p>&bull; Help heal joints and sore fingers;<\/p>\n<p>&bull; Improve the functioning of the muscles;<\/p>\n<p>&bull; Perfect for busy hands!<\/p>\n<p>Details:<\/p>\n<ul>\n<li>Colours may vary;<\/li>\n<li>Total length: 14.5 inches (37 cm);<\/li>\n<li>Small pieces. Not recommended for people with loss of autonomy.<\/li>\n<\/ul>\n","category_list_v2":"","author_info_v2":{"name":"","url":""},"comments_num_v2":"0 comments","yoast_head":"<!-- This site is optimized with the Yoast SEO plugin v27.4 - https:\/\/yoast.com\/product\/yoast-seo-wordpress\/ -->\n<title>Textured Tangle - CDS boutique A\u00een\u00e9s<\/title>\n<meta name=\"robots\" content=\"noindex, follow, max-snippet:-1, max-image-preview:large, max-video-preview:-1\" \/>\n<meta property=\"og:locale\" content=\"en_US\" \/>\n<meta property=\"og:type\" content=\"article\" \/>\n<meta property=\"og:title\" content=\"Textured Tangle - CDS boutique A\u00een\u00e9s\" \/>\n<meta property=\"og:description\" content=\"Tangle Products This version is differentiated by its sections with different reliefs and curves, which accentuates the textures. We offer several Tangles in a variety of colours, textures and sizes. They are objects without beginning or end, formed of 90o curved pieces connected to each other and which can rotate at each junction. Inspired by the concept of infinity and perpetual motion, the creator of the Tangle wanted to do more than just a toy: for him, it can be a puzzle, an anti-stress object, an accessory to stimulate creativity and attention or a tool to work fine motor skills. The possibilities are limitless! Here are the main benefits: &bull; Reduce user&rsquo;s stress; &bull; Improve manual dexterity; &bull; Help heal joints and sore fingers; &bull; Improve the functioning of the muscles; &bull; Perfect for busy hands! Details: Colours may vary; Total length: 14.5 inches (37 cm); Small pieces. Not recommended for people with loss of autonomy.\" \/>\n<meta property=\"og:url\" content=\"https:\/\/staging.cdsboutique.com\/en\/product\/textured-tangle\/\" \/>\n<meta property=\"og:site_name\" content=\"CDS boutique A\u00een\u00e9s\" \/>\n<meta property=\"article:publisher\" content=\"https:\/\/www.facebook.com\/CDSBoutique.Aines.Seniors\" \/>\n<meta property=\"article:modified_time\" content=\"2020-11-20T17:09:36+00:00\" \/>\n<meta property=\"og:image\" content=\"https:\/\/staging.cdsboutique.com\/wp-content\/uploads\/2020\/09\/27748c.jpg\" \/>\n\t<meta property=\"og:image:width\" content=\"1200\" \/>\n\t<meta property=\"og:image:height\" content=\"1200\" \/>\n\t<meta property=\"og:image:type\" content=\"image\/jpeg\" \/>\n<meta name=\"twitter:card\" content=\"summary_large_image\" \/>\n<meta name=\"twitter:label1\" content=\"Est. reading time\" \/>\n\t<meta name=\"twitter:data1\" content=\"1 minute\" \/>\n<script type=\"application\/ld+json\" class=\"yoast-schema-graph\">{\"@context\":\"https:\\\/\\\/schema.org\",\"@graph\":[{\"@type\":\"WebPage\",\"@id\":\"https:\\\/\\\/staging.cdsboutique.com\\\/en\\\/product\\\/textured-tangle\\\/\",\"url\":\"https:\\\/\\\/staging.cdsboutique.com\\\/en\\\/product\\\/textured-tangle\\\/\",\"name\":\"Textured Tangle - CDS boutique A\u00een\u00e9s\",\"isPartOf\":{\"@id\":\"https:\\\/\\\/staging.cdsboutique.com\\\/#website\"},\"primaryImageOfPage\":{\"@id\":\"https:\\\/\\\/staging.cdsboutique.com\\\/en\\\/product\\\/textured-tangle\\\/#primaryimage\"},\"image\":{\"@id\":\"https:\\\/\\\/staging.cdsboutique.com\\\/en\\\/product\\\/textured-tangle\\\/#primaryimage\"},\"thumbnailUrl\":\"https:\\\/\\\/staging.cdsboutique.com\\\/wp-content\\\/uploads\\\/2020\\\/09\\\/27748c.jpg\",\"datePublished\":\"2020-11-20T17:09:19+00:00\",\"dateModified\":\"2020-11-20T17:09:36+00:00\",\"breadcrumb\":{\"@id\":\"https:\\\/\\\/staging.cdsboutique.com\\\/en\\\/product\\\/textured-tangle\\\/#breadcrumb\"},\"inLanguage\":\"en-US\",\"potentialAction\":[{\"@type\":\"ReadAction\",\"target\":[\"https:\\\/\\\/staging.cdsboutique.com\\\/en\\\/product\\\/textured-tangle\\\/\"]}]},{\"@type\":\"ImageObject\",\"inLanguage\":\"en-US\",\"@id\":\"https:\\\/\\\/staging.cdsboutique.com\\\/en\\\/product\\\/textured-tangle\\\/#primaryimage\",\"url\":\"https:\\\/\\\/staging.cdsboutique.com\\\/wp-content\\\/uploads\\\/2020\\\/09\\\/27748c.jpg\",\"contentUrl\":\"https:\\\/\\\/staging.cdsboutique.com\\\/wp-content\\\/uploads\\\/2020\\\/09\\\/27748c.jpg\",\"width\":1200,\"height\":1200},{\"@type\":\"BreadcrumbList\",\"@id\":\"https:\\\/\\\/staging.cdsboutique.com\\\/en\\\/product\\\/textured-tangle\\\/#breadcrumb\",\"itemListElement\":[{\"@type\":\"ListItem\",\"position\":1,\"name\":\"Home\",\"item\":\"https:\\\/\\\/staging.cdsboutique.com\\\/en\\\/\"},{\"@type\":\"ListItem\",\"position\":2,\"name\":\"Products\",\"item\":\"https:\\\/\\\/staging.cdsboutique.com\\\/en\\\/products\\\/\"},{\"@type\":\"ListItem\",\"position\":3,\"name\":\"Textured Tangle\"}]},{\"@type\":\"WebSite\",\"@id\":\"https:\\\/\\\/staging.cdsboutique.com\\\/#website\",\"url\":\"https:\\\/\\\/staging.cdsboutique.com\\\/\",\"name\":\"CDS boutique A\u00een\u00e9s\",\"description\":\"Pour une meilleure qualit\u00e9 de vie\",\"publisher\":{\"@id\":\"https:\\\/\\\/staging.cdsboutique.com\\\/#organization\"},\"potentialAction\":[{\"@type\":\"SearchAction\",\"target\":{\"@type\":\"EntryPoint\",\"urlTemplate\":\"https:\\\/\\\/staging.cdsboutique.com\\\/?s={search_term_string}\"},\"query-input\":{\"@type\":\"PropertyValueSpecification\",\"valueRequired\":true,\"valueName\":\"search_term_string\"}}],\"inLanguage\":\"en-US\"},{\"@type\":\"Organization\",\"@id\":\"https:\\\/\\\/staging.cdsboutique.com\\\/#organization\",\"name\":\"CDS Boutique\",\"url\":\"https:\\\/\\\/staging.cdsboutique.com\\\/\",\"logo\":{\"@type\":\"ImageObject\",\"inLanguage\":\"en-US\",\"@id\":\"https:\\\/\\\/staging.cdsboutique.com\\\/#\\\/schema\\\/logo\\\/image\\\/\",\"url\":\"https:\\\/\\\/staging.cdsboutique.com\\\/wp-content\\\/uploads\\\/2024\\\/09\\\/logoCDS-Boutique_final2024.jpg\",\"contentUrl\":\"https:\\\/\\\/staging.cdsboutique.com\\\/wp-content\\\/uploads\\\/2024\\\/09\\\/logoCDS-Boutique_final2024.jpg\",\"width\":900,\"height\":600,\"caption\":\"CDS Boutique\"},\"image\":{\"@id\":\"https:\\\/\\\/staging.cdsboutique.com\\\/#\\\/schema\\\/logo\\\/image\\\/\"},\"sameAs\":[\"https:\\\/\\\/www.facebook.com\\\/CDSBoutique.Aines.Seniors\",\"https:\\\/\\\/www.youtube.com\\\/@cdsboutique4046\",\"https:\\\/\\\/www.linkedin.com\\\/company\\\/cds-boutique\\\/\",\"https:\\\/\\\/www.instagram.com\\\/cdsboutique\\\/\"]}]}<\/script>\n<!-- \/ Yoast SEO plugin. -->","yoast_head_json":{"title":"Textured Tangle - CDS boutique A\u00een\u00e9s","robots":{"index":"noindex","follow":"follow","max-snippet":"max-snippet:-1","max-image-preview":"max-image-preview:large","max-video-preview":"max-video-preview:-1"},"og_locale":"en_US","og_type":"article","og_title":"Textured Tangle - CDS boutique A\u00een\u00e9s","og_description":"Tangle Products This version is differentiated by its sections with different reliefs and curves, which accentuates the textures. We offer several Tangles in a variety of colours, textures and sizes. They are objects without beginning or end, formed of 90o curved pieces connected to each other and which can rotate at each junction. Inspired by the concept of infinity and perpetual motion, the creator of the Tangle wanted to do more than just a toy: for him, it can be a puzzle, an anti-stress object, an accessory to stimulate creativity and attention or a tool to work fine motor skills. The possibilities are limitless! Here are the main benefits: &bull; Reduce user&rsquo;s stress; &bull; Improve manual dexterity; &bull; Help heal joints and sore fingers; &bull; Improve the functioning of the muscles; &bull; Perfect for busy hands! Details: Colours may vary; Total length: 14.5 inches (37 cm); Small pieces. Not recommended for people with loss of autonomy.","og_url":"https:\/\/staging.cdsboutique.com\/en\/product\/textured-tangle\/","og_site_name":"CDS boutique A\u00een\u00e9s","article_publisher":"https:\/\/www.facebook.com\/CDSBoutique.Aines.Seniors","article_modified_time":"2020-11-20T17:09:36+00:00","og_image":[{"width":1200,"height":1200,"url":"https:\/\/staging.cdsboutique.com\/wp-content\/uploads\/2020\/09\/27748c.jpg","type":"image\/jpeg"}],"twitter_card":"summary_large_image","twitter_misc":{"Est. reading time":"1 minute"},"schema":{"@context":"https:\/\/schema.org","@graph":[{"@type":"WebPage","@id":"https:\/\/staging.cdsboutique.com\/en\/product\/textured-tangle\/","url":"https:\/\/staging.cdsboutique.com\/en\/product\/textured-tangle\/","name":"Textured Tangle - CDS boutique A\u00een\u00e9s","isPartOf":{"@id":"https:\/\/staging.cdsboutique.com\/#website"},"primaryImageOfPage":{"@id":"https:\/\/staging.cdsboutique.com\/en\/product\/textured-tangle\/#primaryimage"},"image":{"@id":"https:\/\/staging.cdsboutique.com\/en\/product\/textured-tangle\/#primaryimage"},"thumbnailUrl":"https:\/\/staging.cdsboutique.com\/wp-content\/uploads\/2020\/09\/27748c.jpg","datePublished":"2020-11-20T17:09:19+00:00","dateModified":"2020-11-20T17:09:36+00:00","breadcrumb":{"@id":"https:\/\/staging.cdsboutique.com\/en\/product\/textured-tangle\/#breadcrumb"},"inLanguage":"en-US","potentialAction":[{"@type":"ReadAction","target":["https:\/\/staging.cdsboutique.com\/en\/product\/textured-tangle\/"]}]},{"@type":"ImageObject","inLanguage":"en-US","@id":"https:\/\/staging.cdsboutique.com\/en\/product\/textured-tangle\/#primaryimage","url":"https:\/\/staging.cdsboutique.com\/wp-content\/uploads\/2020\/09\/27748c.jpg","contentUrl":"https:\/\/staging.cdsboutique.com\/wp-content\/uploads\/2020\/09\/27748c.jpg","width":1200,"height":1200},{"@type":"BreadcrumbList","@id":"https:\/\/staging.cdsboutique.com\/en\/product\/textured-tangle\/#breadcrumb","itemListElement":[{"@type":"ListItem","position":1,"name":"Home","item":"https:\/\/staging.cdsboutique.com\/en\/"},{"@type":"ListItem","position":2,"name":"Products","item":"https:\/\/staging.cdsboutique.com\/en\/products\/"},{"@type":"ListItem","position":3,"name":"Textured Tangle"}]},{"@type":"WebSite","@id":"https:\/\/staging.cdsboutique.com\/#website","url":"https:\/\/staging.cdsboutique.com\/","name":"CDS boutique A\u00een\u00e9s","description":"Pour une meilleure qualit\u00e9 de vie","publisher":{"@id":"https:\/\/staging.cdsboutique.com\/#organization"},"potentialAction":[{"@type":"SearchAction","target":{"@type":"EntryPoint","urlTemplate":"https:\/\/staging.cdsboutique.com\/?s={search_term_string}"},"query-input":{"@type":"PropertyValueSpecification","valueRequired":true,"valueName":"search_term_string"}}],"inLanguage":"en-US"},{"@type":"Organization","@id":"https:\/\/staging.cdsboutique.com\/#organization","name":"CDS Boutique","url":"https:\/\/staging.cdsboutique.com\/","logo":{"@type":"ImageObject","inLanguage":"en-US","@id":"https:\/\/staging.cdsboutique.com\/#\/schema\/logo\/image\/","url":"https:\/\/staging.cdsboutique.com\/wp-content\/uploads\/2024\/09\/logoCDS-Boutique_final2024.jpg","contentUrl":"https:\/\/staging.cdsboutique.com\/wp-content\/uploads\/2024\/09\/logoCDS-Boutique_final2024.jpg","width":900,"height":600,"caption":"CDS Boutique"},"image":{"@id":"https:\/\/staging.cdsboutique.com\/#\/schema\/logo\/image\/"},"sameAs":["https:\/\/www.facebook.com\/CDSBoutique.Aines.Seniors","https:\/\/www.youtube.com\/@cdsboutique4046","https:\/\/www.linkedin.com\/company\/cds-boutique\/","https:\/\/www.instagram.com\/cdsboutique\/"]}]}},"_links":{"self":[{"href":"https:\/\/staging.cdsboutique.com\/en\/wp-json\/wp\/v2\/product\/27733","targetHints":{"allow":["GET"]}}],"collection":[{"href":"https:\/\/staging.cdsboutique.com\/en\/wp-json\/wp\/v2\/product"}],"about":[{"href":"https:\/\/staging.cdsboutique.com\/en\/wp-json\/wp\/v2\/types\/product"}],"replies":[{"embeddable":true,"href":"https:\/\/staging.cdsboutique.com\/en\/wp-json\/wp\/v2\/comments?post=27733"}],"wp:featuredmedia":[{"embeddable":true,"href":"https:\/\/staging.cdsboutique.com\/en\/wp-json\/wp\/v2\/media\/5134"}],"wp:attachment":[{"href":"https:\/\/staging.cdsboutique.com\/en\/wp-json\/wp\/v2\/media?parent=27733"}],"wp:term":[{"taxonomy":"product_brand","embeddable":true,"href":"https:\/\/staging.cdsboutique.com\/en\/wp-json\/wp\/v2\/product_brand?post=27733"},{"taxonomy":"product_cat","embeddable":true,"href":"https:\/\/staging.cdsboutique.com\/en\/wp-json\/wp\/v2\/product_cat?post=27733"},{"taxonomy":"product_tag","embeddable":true,"href":"https:\/\/staging.cdsboutique.com\/en\/wp-json\/wp\/v2\/product_tag?post=27733"}],"curies":[{"name":"wp","href":"https:\/\/api.w.org\/{rel}","templated":true}]}}