{"id":28181,"date":"2020-11-20T10:04:48","date_gmt":"2020-11-20T17:17:54","guid":{"rendered":"https:\/\/cdsboutique.com\/produits\/mille-bornes-bilingual\/"},"modified":"2020-11-20T12:18:07","modified_gmt":"2020-11-20T17:18:07","slug":"mille-bornes-bilingual","status":"publish","type":"product","link":"https:\/\/staging.cdsboutique.com\/en\/produit\/mille-bornes-bilingual\/","title":{"rendered":"Mille Bornes (bilingual)"},"content":{"rendered":"<p style=\"display: inline !important;\">\n<p><strong>Mille Bornes,&nbsp;<span>French for &#8220;<\/span>a thousand milestones&#8221;, is a car race-themed board game.<\/strong><\/p>\n<p>Playing Mille Bornes is easy: you only have to reach 1000 kilometres while avoiding the attacks of your opponents (accident, puncture, gasoline failure, red light or speed limit). And if that happens, do not panic! It will find the corresponding &#8220;Parade&#8221; card (repairs, spare wheel, gasoline, green light, end of speed limit)&#8230; or even better: protect yourself all through the game with the &#8220;Boots&#8221; cards to become indestructible, as the steering wheel, vehicle priority or tank of gas!<\/p>\n<p>Details:<\/p>\n<ul type=\"disc\">\n<li>Age : 6 to 99 years old;<\/li>\n<li>Number of players: 2 to 8;<\/li>\n<li>Dimensions: 7.3 x 4.5 x 1.2 in (18.6 x 11.4 x 3.1 cm).<\/li>\n<\/ul><\/p>\n","protected":false},"excerpt":{"rendered":"<p style=\"display: inline !important;\">\n<p><strong>Mille Bornes,&nbsp;<span>French for &#8220;<\/span>a thousand milestones&#8221;, is a car race-themed board game.<\/strong><\/p>\n<p>Playing Mille Bornes is easy: you only have to reach 1000 kilometres while avoiding the attacks of your opponents (accident, puncture, gasoline failure, red light or speed limit). And if that happens, do not panic! It will find the corresponding &#8220;Parade&#8221; card (repairs, spare wheel, gasoline, green light, end of speed limit)&#8230; or even better: protect yourself all through the game with the &#8220;Boots&#8221; cards to become indestructible, as the steering wheel, vehicle priority or tank of gas!<\/p>\n<p>Details:<\/p>\n<ul type=\"disc\">\n<li>Age : 6 to 99 years old;<\/li>\n<li>Number of players: 2 to 8;<\/li>\n<li>Dimensions: 7.3 x 4.5 x 1.2 in (18.6 x 11.4 x 3.1 cm).<\/li>\n<\/ul><\/p>\n","protected":false},"featured_media":6465,"comment_status":"open","ping_status":"closed","template":"","meta":{"_acf_changed":false},"product_brand":[],"product_cat":[4401,2805,2804],"product_tag":[],"class_list":{"0":"post-28181","1":"product","2":"type-product","3":"status-publish","4":"has-post-thumbnail","6":"product_cat-all","7":"product_cat-table-board-games","8":"product_cat-various-games","9":"product_shipping_class-frais-de-livraison-en","11":"first","12":"instock","13":"taxable","14":"shipping-taxable","15":"purchasable","16":"product-type-simple"},"bundled_by":[],"bundle_stock_status":"instock","bundle_stock_quantity":null,"bundle_virtual":false,"bundle_layout":"","bundle_add_to_cart_form_location":"","bundle_editable_in_cart":false,"bundle_sold_individually_context":"","bundle_item_grouping":"","bundle_min_size":"","bundle_max_size":"","bundle_price":[],"bundled_items":[],"bundle_sell_ids":[],"acf":[],"featured_image_urls_v2":{"full":["https:\/\/staging.cdsboutique.com\/wp-content\/uploads\/2020\/09\/25229-2.jpg",500,358,false],"thumbnail":["https:\/\/staging.cdsboutique.com\/wp-content\/uploads\/2020\/09\/25229-2.jpg",150,107,false],"medium":["https:\/\/staging.cdsboutique.com\/wp-content\/uploads\/2020\/09\/25229-2.jpg",300,215,false],"medium_large":["https:\/\/staging.cdsboutique.com\/wp-content\/uploads\/2020\/09\/25229-2.jpg",500,358,false],"large":["https:\/\/staging.cdsboutique.com\/wp-content\/uploads\/2020\/09\/25229-2.jpg",500,358,false],"1536x1536":["https:\/\/staging.cdsboutique.com\/wp-content\/uploads\/2020\/09\/25229-2.jpg",500,358,false],"2048x2048":["https:\/\/staging.cdsboutique.com\/wp-content\/uploads\/2020\/09\/25229-2.jpg",500,358,false],"gform-image-choice-sm":["https:\/\/staging.cdsboutique.com\/wp-content\/uploads\/2020\/09\/25229-2.jpg",300,215,false],"gform-image-choice-md":["https:\/\/staging.cdsboutique.com\/wp-content\/uploads\/2020\/09\/25229-2.jpg",400,286,false],"gform-image-choice-lg":["https:\/\/staging.cdsboutique.com\/wp-content\/uploads\/2020\/09\/25229-2.jpg",500,358,false],"woocommerce_thumbnail":["https:\/\/staging.cdsboutique.com\/wp-content\/uploads\/2020\/09\/25229-2-300x215.jpg",300,215,true],"woocommerce_single":["https:\/\/staging.cdsboutique.com\/wp-content\/uploads\/2020\/09\/25229-2.jpg",500,358,false],"woocommerce_gallery_thumbnail":["https:\/\/staging.cdsboutique.com\/wp-content\/uploads\/2020\/09\/25229-2-100x100.jpg",100,100,true],"variation_swatches_image_size":["https:\/\/staging.cdsboutique.com\/wp-content\/uploads\/2020\/09\/25229-2.jpg",50,36,false],"variation_swatches_tooltip_size":["https:\/\/staging.cdsboutique.com\/wp-content\/uploads\/2020\/09\/25229-2.jpg",100,72,false],"logo-size":["https:\/\/staging.cdsboutique.com\/wp-content\/uploads\/2020\/09\/25229-2.jpg",117,84,false],"blog":["https:\/\/staging.cdsboutique.com\/wp-content\/uploads\/2020\/09\/25229-2.jpg",350,251,false]},"post_excerpt_stackable_v2":"<p style=\"display: inline !important;\">\n<p><strong>Mille Bornes,&nbsp;<span>French for &#8220;<\/span>a thousand milestones&#8221;, is a car race-themed board game.<\/strong><\/p>\n<p>Playing Mille Bornes is easy: you only have to reach 1000 kilometres while avoiding the attacks of your opponents (accident, puncture, gasoline failure, red light or speed limit). And if that happens, do not panic! It will find the corresponding &#8220;Parade&#8221; card (repairs, spare wheel, gasoline, green light, end of speed limit)&#8230; or even better: protect yourself all through the game with the &#8220;Boots&#8221; cards to become indestructible, as the steering wheel, vehicle priority or tank of gas!<\/p>\n<p>Details:<\/p>\n<ul type=\"disc\">\n<li>Age : 6 to 99 years old;<\/li>\n<li>Number of players: 2 to 8;<\/li>\n<li>Dimensions: 7.3 x 4.5 x 1.2 in (18.6 x 11.4 x 3.1 cm).<\/li>\n<\/ul><\/p>\n","category_list_v2":"","author_info_v2":{"name":"","url":""},"comments_num_v2":"0 comments","yoast_head":"<!-- This site is optimized with the Yoast SEO plugin v27.4 - https:\/\/yoast.com\/product\/yoast-seo-wordpress\/ -->\n<title>Mille Bornes (bilingual)<\/title>\n<meta name=\"description\" content=\"Mille Bornes, French for &quot;a thousand milestones&quot;, is a car race-themed board game. Playing Mille Bornes is easy: you only have to reach 1000 kilometres while avoiding the attacks of your opponents (accident, puncture, gasoline failure, red light or speed\" \/>\n<meta name=\"robots\" content=\"noindex, follow, max-snippet:-1, max-image-preview:large, max-video-preview:-1\" \/>\n<meta property=\"og:locale\" content=\"en_US\" \/>\n<meta property=\"og:type\" content=\"article\" \/>\n<meta property=\"og:title\" content=\"Mille Bornes (bilingual)\" \/>\n<meta property=\"og:description\" content=\"Mille Bornes, French for &quot;a thousand milestones&quot;, is a car race-themed board game. Playing Mille Bornes is easy: you only have to reach 1000 kilometres while avoiding the attacks of your opponents (accident, puncture, gasoline failure, red light or speed\" \/>\n<meta property=\"og:url\" content=\"https:\/\/staging.cdsboutique.com\/en\/product\/mille-bornes-bilingual\/\" \/>\n<meta property=\"og:site_name\" content=\"CDS boutique A\u00een\u00e9s\" \/>\n<meta property=\"article:publisher\" content=\"https:\/\/www.facebook.com\/CDSBoutique.Aines.Seniors\" \/>\n<meta property=\"article:modified_time\" content=\"2020-11-20T17:18:07+00:00\" \/>\n<meta property=\"og:image\" content=\"https:\/\/staging.cdsboutique.com\/wp-content\/uploads\/2020\/09\/25229-2.jpg\" \/>\n\t<meta property=\"og:image:width\" content=\"500\" \/>\n\t<meta property=\"og:image:height\" content=\"358\" \/>\n\t<meta property=\"og:image:type\" content=\"image\/jpeg\" \/>\n<meta name=\"twitter:card\" content=\"summary_large_image\" \/>\n<meta name=\"twitter:label1\" content=\"Est. reading time\" \/>\n\t<meta name=\"twitter:data1\" content=\"1 minute\" \/>\n<script type=\"application\/ld+json\" class=\"yoast-schema-graph\">{\"@context\":\"https:\\\/\\\/schema.org\",\"@graph\":[{\"@type\":\"WebPage\",\"@id\":\"https:\\\/\\\/staging.cdsboutique.com\\\/en\\\/product\\\/mille-bornes-bilingual\\\/\",\"url\":\"https:\\\/\\\/staging.cdsboutique.com\\\/en\\\/product\\\/mille-bornes-bilingual\\\/\",\"name\":\"Mille Bornes (bilingual)\",\"isPartOf\":{\"@id\":\"https:\\\/\\\/staging.cdsboutique.com\\\/#website\"},\"primaryImageOfPage\":{\"@id\":\"https:\\\/\\\/staging.cdsboutique.com\\\/en\\\/product\\\/mille-bornes-bilingual\\\/#primaryimage\"},\"image\":{\"@id\":\"https:\\\/\\\/staging.cdsboutique.com\\\/en\\\/product\\\/mille-bornes-bilingual\\\/#primaryimage\"},\"thumbnailUrl\":\"https:\\\/\\\/staging.cdsboutique.com\\\/wp-content\\\/uploads\\\/2020\\\/09\\\/25229-2.jpg\",\"datePublished\":\"2020-11-20T17:17:54+00:00\",\"dateModified\":\"2020-11-20T17:18:07+00:00\",\"description\":\"Mille Bornes, French for \\\"a thousand milestones\\\", is a car race-themed board game. Playing Mille Bornes is easy: you only have to reach 1000 kilometres while avoiding the attacks of your opponents (accident, puncture, gasoline failure, red light or speed\",\"breadcrumb\":{\"@id\":\"https:\\\/\\\/staging.cdsboutique.com\\\/en\\\/product\\\/mille-bornes-bilingual\\\/#breadcrumb\"},\"inLanguage\":\"en-US\",\"potentialAction\":[{\"@type\":\"ReadAction\",\"target\":[\"https:\\\/\\\/staging.cdsboutique.com\\\/en\\\/product\\\/mille-bornes-bilingual\\\/\"]}]},{\"@type\":\"ImageObject\",\"inLanguage\":\"en-US\",\"@id\":\"https:\\\/\\\/staging.cdsboutique.com\\\/en\\\/product\\\/mille-bornes-bilingual\\\/#primaryimage\",\"url\":\"https:\\\/\\\/staging.cdsboutique.com\\\/wp-content\\\/uploads\\\/2020\\\/09\\\/25229-2.jpg\",\"contentUrl\":\"https:\\\/\\\/staging.cdsboutique.com\\\/wp-content\\\/uploads\\\/2020\\\/09\\\/25229-2.jpg\",\"width\":500,\"height\":358},{\"@type\":\"BreadcrumbList\",\"@id\":\"https:\\\/\\\/staging.cdsboutique.com\\\/en\\\/product\\\/mille-bornes-bilingual\\\/#breadcrumb\",\"itemListElement\":[{\"@type\":\"ListItem\",\"position\":1,\"name\":\"Home\",\"item\":\"https:\\\/\\\/staging.cdsboutique.com\\\/en\\\/\"},{\"@type\":\"ListItem\",\"position\":2,\"name\":\"Products\",\"item\":\"https:\\\/\\\/staging.cdsboutique.com\\\/en\\\/products\\\/\"},{\"@type\":\"ListItem\",\"position\":3,\"name\":\"Mille Bornes (bilingual)\"}]},{\"@type\":\"WebSite\",\"@id\":\"https:\\\/\\\/staging.cdsboutique.com\\\/#website\",\"url\":\"https:\\\/\\\/staging.cdsboutique.com\\\/\",\"name\":\"CDS boutique A\u00een\u00e9s\",\"description\":\"Pour une meilleure qualit\u00e9 de vie\",\"publisher\":{\"@id\":\"https:\\\/\\\/staging.cdsboutique.com\\\/#organization\"},\"potentialAction\":[{\"@type\":\"SearchAction\",\"target\":{\"@type\":\"EntryPoint\",\"urlTemplate\":\"https:\\\/\\\/staging.cdsboutique.com\\\/?s={search_term_string}\"},\"query-input\":{\"@type\":\"PropertyValueSpecification\",\"valueRequired\":true,\"valueName\":\"search_term_string\"}}],\"inLanguage\":\"en-US\"},{\"@type\":\"Organization\",\"@id\":\"https:\\\/\\\/staging.cdsboutique.com\\\/#organization\",\"name\":\"CDS Boutique\",\"url\":\"https:\\\/\\\/staging.cdsboutique.com\\\/\",\"logo\":{\"@type\":\"ImageObject\",\"inLanguage\":\"en-US\",\"@id\":\"https:\\\/\\\/staging.cdsboutique.com\\\/#\\\/schema\\\/logo\\\/image\\\/\",\"url\":\"https:\\\/\\\/staging.cdsboutique.com\\\/wp-content\\\/uploads\\\/2024\\\/09\\\/logoCDS-Boutique_final2024.jpg\",\"contentUrl\":\"https:\\\/\\\/staging.cdsboutique.com\\\/wp-content\\\/uploads\\\/2024\\\/09\\\/logoCDS-Boutique_final2024.jpg\",\"width\":900,\"height\":600,\"caption\":\"CDS Boutique\"},\"image\":{\"@id\":\"https:\\\/\\\/staging.cdsboutique.com\\\/#\\\/schema\\\/logo\\\/image\\\/\"},\"sameAs\":[\"https:\\\/\\\/www.facebook.com\\\/CDSBoutique.Aines.Seniors\",\"https:\\\/\\\/www.youtube.com\\\/@cdsboutique4046\",\"https:\\\/\\\/www.linkedin.com\\\/company\\\/cds-boutique\\\/\",\"https:\\\/\\\/www.instagram.com\\\/cdsboutique\\\/\"]}]}<\/script>\n<!-- \/ Yoast SEO plugin. -->","yoast_head_json":{"title":"Mille Bornes (bilingual)","description":"Mille Bornes, French for \"a thousand milestones\", is a car race-themed board game. Playing Mille Bornes is easy: you only have to reach 1000 kilometres while avoiding the attacks of your opponents (accident, puncture, gasoline failure, red light or speed","robots":{"index":"noindex","follow":"follow","max-snippet":"max-snippet:-1","max-image-preview":"max-image-preview:large","max-video-preview":"max-video-preview:-1"},"og_locale":"en_US","og_type":"article","og_title":"Mille Bornes (bilingual)","og_description":"Mille Bornes, French for \"a thousand milestones\", is a car race-themed board game. Playing Mille Bornes is easy: you only have to reach 1000 kilometres while avoiding the attacks of your opponents (accident, puncture, gasoline failure, red light or speed","og_url":"https:\/\/staging.cdsboutique.com\/en\/product\/mille-bornes-bilingual\/","og_site_name":"CDS boutique A\u00een\u00e9s","article_publisher":"https:\/\/www.facebook.com\/CDSBoutique.Aines.Seniors","article_modified_time":"2020-11-20T17:18:07+00:00","og_image":[{"width":500,"height":358,"url":"https:\/\/staging.cdsboutique.com\/wp-content\/uploads\/2020\/09\/25229-2.jpg","type":"image\/jpeg"}],"twitter_card":"summary_large_image","twitter_misc":{"Est. reading time":"1 minute"},"schema":{"@context":"https:\/\/schema.org","@graph":[{"@type":"WebPage","@id":"https:\/\/staging.cdsboutique.com\/en\/product\/mille-bornes-bilingual\/","url":"https:\/\/staging.cdsboutique.com\/en\/product\/mille-bornes-bilingual\/","name":"Mille Bornes (bilingual)","isPartOf":{"@id":"https:\/\/staging.cdsboutique.com\/#website"},"primaryImageOfPage":{"@id":"https:\/\/staging.cdsboutique.com\/en\/product\/mille-bornes-bilingual\/#primaryimage"},"image":{"@id":"https:\/\/staging.cdsboutique.com\/en\/product\/mille-bornes-bilingual\/#primaryimage"},"thumbnailUrl":"https:\/\/staging.cdsboutique.com\/wp-content\/uploads\/2020\/09\/25229-2.jpg","datePublished":"2020-11-20T17:17:54+00:00","dateModified":"2020-11-20T17:18:07+00:00","description":"Mille Bornes, French for \"a thousand milestones\", is a car race-themed board game. Playing Mille Bornes is easy: you only have to reach 1000 kilometres while avoiding the attacks of your opponents (accident, puncture, gasoline failure, red light or speed","breadcrumb":{"@id":"https:\/\/staging.cdsboutique.com\/en\/product\/mille-bornes-bilingual\/#breadcrumb"},"inLanguage":"en-US","potentialAction":[{"@type":"ReadAction","target":["https:\/\/staging.cdsboutique.com\/en\/product\/mille-bornes-bilingual\/"]}]},{"@type":"ImageObject","inLanguage":"en-US","@id":"https:\/\/staging.cdsboutique.com\/en\/product\/mille-bornes-bilingual\/#primaryimage","url":"https:\/\/staging.cdsboutique.com\/wp-content\/uploads\/2020\/09\/25229-2.jpg","contentUrl":"https:\/\/staging.cdsboutique.com\/wp-content\/uploads\/2020\/09\/25229-2.jpg","width":500,"height":358},{"@type":"BreadcrumbList","@id":"https:\/\/staging.cdsboutique.com\/en\/product\/mille-bornes-bilingual\/#breadcrumb","itemListElement":[{"@type":"ListItem","position":1,"name":"Home","item":"https:\/\/staging.cdsboutique.com\/en\/"},{"@type":"ListItem","position":2,"name":"Products","item":"https:\/\/staging.cdsboutique.com\/en\/products\/"},{"@type":"ListItem","position":3,"name":"Mille Bornes (bilingual)"}]},{"@type":"WebSite","@id":"https:\/\/staging.cdsboutique.com\/#website","url":"https:\/\/staging.cdsboutique.com\/","name":"CDS boutique A\u00een\u00e9s","description":"Pour une meilleure qualit\u00e9 de vie","publisher":{"@id":"https:\/\/staging.cdsboutique.com\/#organization"},"potentialAction":[{"@type":"SearchAction","target":{"@type":"EntryPoint","urlTemplate":"https:\/\/staging.cdsboutique.com\/?s={search_term_string}"},"query-input":{"@type":"PropertyValueSpecification","valueRequired":true,"valueName":"search_term_string"}}],"inLanguage":"en-US"},{"@type":"Organization","@id":"https:\/\/staging.cdsboutique.com\/#organization","name":"CDS Boutique","url":"https:\/\/staging.cdsboutique.com\/","logo":{"@type":"ImageObject","inLanguage":"en-US","@id":"https:\/\/staging.cdsboutique.com\/#\/schema\/logo\/image\/","url":"https:\/\/staging.cdsboutique.com\/wp-content\/uploads\/2024\/09\/logoCDS-Boutique_final2024.jpg","contentUrl":"https:\/\/staging.cdsboutique.com\/wp-content\/uploads\/2024\/09\/logoCDS-Boutique_final2024.jpg","width":900,"height":600,"caption":"CDS Boutique"},"image":{"@id":"https:\/\/staging.cdsboutique.com\/#\/schema\/logo\/image\/"},"sameAs":["https:\/\/www.facebook.com\/CDSBoutique.Aines.Seniors","https:\/\/www.youtube.com\/@cdsboutique4046","https:\/\/www.linkedin.com\/company\/cds-boutique\/","https:\/\/www.instagram.com\/cdsboutique\/"]}]}},"_links":{"self":[{"href":"https:\/\/staging.cdsboutique.com\/en\/wp-json\/wp\/v2\/product\/28181","targetHints":{"allow":["GET"]}}],"collection":[{"href":"https:\/\/staging.cdsboutique.com\/en\/wp-json\/wp\/v2\/product"}],"about":[{"href":"https:\/\/staging.cdsboutique.com\/en\/wp-json\/wp\/v2\/types\/product"}],"replies":[{"embeddable":true,"href":"https:\/\/staging.cdsboutique.com\/en\/wp-json\/wp\/v2\/comments?post=28181"}],"wp:featuredmedia":[{"embeddable":true,"href":"https:\/\/staging.cdsboutique.com\/en\/wp-json\/wp\/v2\/media\/6465"}],"wp:attachment":[{"href":"https:\/\/staging.cdsboutique.com\/en\/wp-json\/wp\/v2\/media?parent=28181"}],"wp:term":[{"taxonomy":"product_brand","embeddable":true,"href":"https:\/\/staging.cdsboutique.com\/en\/wp-json\/wp\/v2\/product_brand?post=28181"},{"taxonomy":"product_cat","embeddable":true,"href":"https:\/\/staging.cdsboutique.com\/en\/wp-json\/wp\/v2\/product_cat?post=28181"},{"taxonomy":"product_tag","embeddable":true,"href":"https:\/\/staging.cdsboutique.com\/en\/wp-json\/wp\/v2\/product_tag?post=28181"}],"curies":[{"name":"wp","href":"https:\/\/api.w.org\/{rel}","templated":true}]}}