{"id":28230,"date":"2020-11-20T10:06:27","date_gmt":"2020-11-20T17:19:11","guid":{"rendered":"https:\/\/cdsboutique.com\/produits\/angling-fever-xxl\/"},"modified":"2026-02-23T08:49:29","modified_gmt":"2026-02-23T13:49:29","slug":"angling-fever-xxl","status":"publish","type":"product","link":"https:\/\/staging.cdsboutique.com\/en\/produit\/angling-fever-xxl\/","title":{"rendered":"Fishing Fever XXL"},"content":{"rendered":"<p>&nbsp;<\/p>\n<p><strong>A fun but challenging game for players of all ages&#8230; in XXL!<\/strong><\/p>\n<p>This game can be played in various ways, with or without rules. It promotes concentration and hand-eye coordination.<\/p>\n<p>Have even more fun with the XXL version of this wonderful\u00a0fishing game! It features a larger playing surface as well as\u00a0extra-large pieces that are perfect for larger hands. The\u00a0size of the pieces facilitates the grasp for seniors. It is also\u00a0easier to distinguish the fishes and therefore, to catch them.<\/p>\n<p>Details:<\/p>\n<ul type=\"disc\">\n<li>Includes 1 mat, 4 angling rods, 4 angling stands, and 12 wood fishes of different colours (red, yellow, blue, green);<\/li>\n<li>Age: 4 to 99 years old;<\/li>\n<li>Number of players: 1 to 4;<\/li>\n<li>Dimensions: 26.8 x 11 x 7.5 po (68 x 28 x 19 cm).<\/li>\n<\/ul>\n<h3><\/h3>\n<h3>Also available in the regular version:\u00a0<span style=\"text-decoration: underline;\"><a href=\"https:\/\/staging.cdsboutique.com\/en\/product\/angling-fever-xxl\/\" title=\"Angling Fever #28058\">Angling Fever #28058<\/a><\/span><\/h3>\n","protected":false},"excerpt":{"rendered":"<p>&nbsp;<\/p>\n<p><strong>A fun but challenging game for players of all ages&#8230; in XXL!<\/strong><\/p>\n<p>This game can be played in various ways, with or without rules. It promotes concentration and hand-eye coordination.<\/p>\n<p>Have even more fun with the XXL version of this wonderful\u00a0fishing game! It features a larger playing surface as well as\u00a0extra-large pieces that are perfect for larger hands. The\u00a0size of the pieces facilitates the grasp for seniors. It is also\u00a0easier to distinguish the fishes and therefore, to catch them.<\/p>\n<p>Details:<\/p>\n<ul type=\"disc\">\n<li>Includes 1 mat, 4 angling rods, 4 angling stands, and 12 wood fishes of different colours (red, yellow, blue, green);<\/li>\n<li>Age: 4 to 99 years old;<\/li>\n<li>Number of players: 1 to 4;<\/li>\n<li>Dimensions: 26.4 x 10.6 x 7.1 in (67 x 27 x 18.2 cm).<\/li>\n<\/ul>\n<h3><\/h3>\n<h3>Also available in the regular version:\u00a0<span style=\"text-decoration: underline;\"><a href=\"https:\/\/staging.cdsboutique.com\/en\/angling-fever.html\">Angling Fever #28058<\/a><\/span><\/h3>\n","protected":false},"featured_media":6645,"comment_status":"open","ping_status":"closed","template":"","meta":{"_acf_changed":false},"product_brand":[],"product_cat":[4736,4401,2807,2805,2804],"product_tag":[],"class_list":{"0":"post-28230","1":"product","2":"type-product","3":"status-publish","4":"has-post-thumbnail","6":"product_cat-active-games","7":"product_cat-all","8":"product_cat-floor-games-active-games","9":"product_cat-table-board-games","10":"product_cat-various-games","11":"product_shipping_class-frais-de-livraison-en","13":"first","14":"instock","15":"taxable","16":"shipping-taxable","17":"purchasable","18":"product-type-simple"},"bundled_by":[],"bundle_stock_status":"instock","bundle_stock_quantity":null,"bundle_virtual":false,"bundle_layout":"","bundle_add_to_cart_form_location":"","bundle_editable_in_cart":false,"bundle_sold_individually_context":"","bundle_item_grouping":"","bundle_min_size":"","bundle_max_size":"","bundle_price":[],"bundled_items":[],"bundle_sell_ids":[],"acf":[],"featured_image_urls_v2":{"full":["https:\/\/staging.cdsboutique.com\/wp-content\/uploads\/2020\/09\/28058_lowrez.jpg",750,1000,false],"thumbnail":["https:\/\/staging.cdsboutique.com\/wp-content\/uploads\/2020\/09\/28058_lowrez.jpg",113,150,false],"medium":["https:\/\/staging.cdsboutique.com\/wp-content\/uploads\/2020\/09\/28058_lowrez.jpg",225,300,false],"medium_large":["https:\/\/staging.cdsboutique.com\/wp-content\/uploads\/2020\/09\/28058_lowrez.jpg",750,1000,false],"large":["https:\/\/staging.cdsboutique.com\/wp-content\/uploads\/2020\/09\/28058_lowrez.jpg",750,1000,false],"1536x1536":["https:\/\/staging.cdsboutique.com\/wp-content\/uploads\/2020\/09\/28058_lowrez.jpg",750,1000,false],"2048x2048":["https:\/\/staging.cdsboutique.com\/wp-content\/uploads\/2020\/09\/28058_lowrez.jpg",750,1000,false],"gform-image-choice-sm":["https:\/\/staging.cdsboutique.com\/wp-content\/uploads\/2020\/09\/28058_lowrez.jpg",225,300,false],"gform-image-choice-md":["https:\/\/staging.cdsboutique.com\/wp-content\/uploads\/2020\/09\/28058_lowrez.jpg",300,400,false],"gform-image-choice-lg":["https:\/\/staging.cdsboutique.com\/wp-content\/uploads\/2020\/09\/28058_lowrez.jpg",450,600,false],"woocommerce_thumbnail":["https:\/\/staging.cdsboutique.com\/wp-content\/uploads\/2020\/09\/28058_lowrez-300x400.jpg",300,400,true],"woocommerce_single":["https:\/\/staging.cdsboutique.com\/wp-content\/uploads\/2020\/09\/28058_lowrez-600x800.jpg",600,800,true],"woocommerce_gallery_thumbnail":["https:\/\/staging.cdsboutique.com\/wp-content\/uploads\/2020\/09\/28058_lowrez-100x100.jpg",100,100,true],"variation_swatches_image_size":["https:\/\/staging.cdsboutique.com\/wp-content\/uploads\/2020\/09\/28058_lowrez.jpg",38,50,false],"variation_swatches_tooltip_size":["https:\/\/staging.cdsboutique.com\/wp-content\/uploads\/2020\/09\/28058_lowrez.jpg",75,100,false],"logo-size":["https:\/\/staging.cdsboutique.com\/wp-content\/uploads\/2020\/09\/28058_lowrez.jpg",63,84,false],"blog":["https:\/\/staging.cdsboutique.com\/wp-content\/uploads\/2020\/09\/28058_lowrez.jpg",195,260,false]},"post_excerpt_stackable_v2":"<p>&nbsp;<\/p>\n<p><strong>A fun but challenging game for players of all ages&#8230; in XXL!<\/strong><\/p>\n<p>This game can be played in various ways, with or without rules. It promotes concentration and hand-eye coordination.<\/p>\n<p>Have even more fun with the XXL version of this wonderful\u00a0fishing game! It features a larger playing surface as well as\u00a0extra-large pieces that are perfect for larger hands. The\u00a0size of the pieces facilitates the grasp for seniors. It is also\u00a0easier to distinguish the fishes and therefore, to catch them.<\/p>\n<p>Details:<\/p>\n<ul type=\"disc\">\n<li>Includes 1 mat, 4 angling rods, 4 angling stands, and 12 wood fishes of different colours (red, yellow, blue, green);<\/li>\n<li>Age: 4 to 99 years old;<\/li>\n<li>Number of players: 1 to 4;<\/li>\n<li>Dimensions: 26.4 x 10.6 x 7.1 in (67 x 27 x 18.2 cm).<\/li>\n<\/ul>\n<h3><\/h3>\n<h3>Also available in the regular version:\u00a0<span style=\"text-decoration: underline;\"><a href=\"https:\/\/staging.cdsboutique.com\/en\/angling-fever.html\">Angling Fever #28058<\/a><\/span><\/h3>\n","category_list_v2":"","author_info_v2":{"name":"","url":""},"comments_num_v2":"0 comments","yoast_head":"<!-- This site is optimized with the Yoast SEO plugin v27.4 - https:\/\/yoast.com\/product\/yoast-seo-wordpress\/ -->\n<title>Fishing Fever XXL<\/title>\n<meta name=\"description\" content=\"A fun but challenging game for players of all ages... in XXL! This game can be played in various ways, with or without rules. It promotes concentration and hand-eye coordination. The fun begins with the fish being thrown out onto the floor or on a table.\" \/>\n<meta name=\"robots\" content=\"noindex, follow, max-snippet:-1, max-image-preview:large, max-video-preview:-1\" \/>\n<meta property=\"og:locale\" content=\"en_US\" \/>\n<meta property=\"og:type\" content=\"article\" \/>\n<meta property=\"og:title\" content=\"Fishing Fever XXL\" \/>\n<meta property=\"og:description\" content=\"A fun but challenging game for players of all ages... in XXL! This game can be played in various ways, with or without rules. It promotes concentration and hand-eye coordination. The fun begins with the fish being thrown out onto the floor or on a table.\" \/>\n<meta property=\"og:url\" content=\"https:\/\/staging.cdsboutique.com\/en\/product\/angling-fever-xxl\/\" \/>\n<meta property=\"og:site_name\" content=\"CDS boutique A\u00een\u00e9s\" \/>\n<meta property=\"article:publisher\" content=\"https:\/\/www.facebook.com\/CDSBoutique.Aines.Seniors\" \/>\n<meta property=\"article:modified_time\" content=\"2026-02-23T13:49:29+00:00\" \/>\n<meta property=\"og:image\" content=\"https:\/\/staging.cdsboutique.com\/wp-content\/uploads\/2020\/09\/28058_lowrez.jpg?_t=1761056302\" \/>\n\t<meta property=\"og:image:width\" content=\"750\" \/>\n\t<meta property=\"og:image:height\" content=\"1000\" \/>\n\t<meta property=\"og:image:type\" content=\"image\/jpeg\" \/>\n<meta name=\"twitter:card\" content=\"summary_large_image\" \/>\n<meta name=\"twitter:label1\" content=\"Est. reading time\" \/>\n\t<meta name=\"twitter:data1\" content=\"1 minute\" \/>\n<script type=\"application\/ld+json\" class=\"yoast-schema-graph\">{\"@context\":\"https:\\\/\\\/schema.org\",\"@graph\":[{\"@type\":\"WebPage\",\"@id\":\"https:\\\/\\\/staging.cdsboutique.com\\\/en\\\/product\\\/angling-fever-xxl\\\/\",\"url\":\"https:\\\/\\\/staging.cdsboutique.com\\\/en\\\/product\\\/angling-fever-xxl\\\/\",\"name\":\"Fishing Fever XXL\",\"isPartOf\":{\"@id\":\"https:\\\/\\\/staging.cdsboutique.com\\\/#website\"},\"primaryImageOfPage\":{\"@id\":\"https:\\\/\\\/staging.cdsboutique.com\\\/en\\\/product\\\/angling-fever-xxl\\\/#primaryimage\"},\"image\":{\"@id\":\"https:\\\/\\\/staging.cdsboutique.com\\\/en\\\/product\\\/angling-fever-xxl\\\/#primaryimage\"},\"thumbnailUrl\":\"https:\\\/\\\/staging.cdsboutique.com\\\/wp-content\\\/uploads\\\/2020\\\/09\\\/28058_lowrez.jpg\",\"datePublished\":\"2020-11-20T17:19:11+00:00\",\"dateModified\":\"2026-02-23T13:49:29+00:00\",\"description\":\"A fun but challenging game for players of all ages... in XXL! This game can be played in various ways, with or without rules. It promotes concentration and hand-eye coordination. The fun begins with the fish being thrown out onto the floor or on a table.\",\"breadcrumb\":{\"@id\":\"https:\\\/\\\/staging.cdsboutique.com\\\/en\\\/product\\\/angling-fever-xxl\\\/#breadcrumb\"},\"inLanguage\":\"en-US\",\"potentialAction\":[{\"@type\":\"ReadAction\",\"target\":[\"https:\\\/\\\/staging.cdsboutique.com\\\/en\\\/product\\\/angling-fever-xxl\\\/\"]}]},{\"@type\":\"ImageObject\",\"inLanguage\":\"en-US\",\"@id\":\"https:\\\/\\\/staging.cdsboutique.com\\\/en\\\/product\\\/angling-fever-xxl\\\/#primaryimage\",\"url\":\"https:\\\/\\\/staging.cdsboutique.com\\\/wp-content\\\/uploads\\\/2020\\\/09\\\/28058_lowrez.jpg\",\"contentUrl\":\"https:\\\/\\\/staging.cdsboutique.com\\\/wp-content\\\/uploads\\\/2020\\\/09\\\/28058_lowrez.jpg\",\"width\":750,\"height\":1000},{\"@type\":\"BreadcrumbList\",\"@id\":\"https:\\\/\\\/staging.cdsboutique.com\\\/en\\\/product\\\/angling-fever-xxl\\\/#breadcrumb\",\"itemListElement\":[{\"@type\":\"ListItem\",\"position\":1,\"name\":\"Home\",\"item\":\"https:\\\/\\\/staging.cdsboutique.com\\\/en\\\/\"},{\"@type\":\"ListItem\",\"position\":2,\"name\":\"Products\",\"item\":\"https:\\\/\\\/staging.cdsboutique.com\\\/en\\\/products\\\/\"},{\"@type\":\"ListItem\",\"position\":3,\"name\":\"Fishing Fever XXL\"}]},{\"@type\":\"WebSite\",\"@id\":\"https:\\\/\\\/staging.cdsboutique.com\\\/#website\",\"url\":\"https:\\\/\\\/staging.cdsboutique.com\\\/\",\"name\":\"CDS boutique A\u00een\u00e9s\",\"description\":\"Pour une meilleure qualit\u00e9 de vie\",\"publisher\":{\"@id\":\"https:\\\/\\\/staging.cdsboutique.com\\\/#organization\"},\"potentialAction\":[{\"@type\":\"SearchAction\",\"target\":{\"@type\":\"EntryPoint\",\"urlTemplate\":\"https:\\\/\\\/staging.cdsboutique.com\\\/?s={search_term_string}\"},\"query-input\":{\"@type\":\"PropertyValueSpecification\",\"valueRequired\":true,\"valueName\":\"search_term_string\"}}],\"inLanguage\":\"en-US\"},{\"@type\":\"Organization\",\"@id\":\"https:\\\/\\\/staging.cdsboutique.com\\\/#organization\",\"name\":\"CDS Boutique\",\"url\":\"https:\\\/\\\/staging.cdsboutique.com\\\/\",\"logo\":{\"@type\":\"ImageObject\",\"inLanguage\":\"en-US\",\"@id\":\"https:\\\/\\\/staging.cdsboutique.com\\\/#\\\/schema\\\/logo\\\/image\\\/\",\"url\":\"https:\\\/\\\/staging.cdsboutique.com\\\/wp-content\\\/uploads\\\/2024\\\/09\\\/logoCDS-Boutique_final2024.jpg\",\"contentUrl\":\"https:\\\/\\\/staging.cdsboutique.com\\\/wp-content\\\/uploads\\\/2024\\\/09\\\/logoCDS-Boutique_final2024.jpg\",\"width\":900,\"height\":600,\"caption\":\"CDS Boutique\"},\"image\":{\"@id\":\"https:\\\/\\\/staging.cdsboutique.com\\\/#\\\/schema\\\/logo\\\/image\\\/\"},\"sameAs\":[\"https:\\\/\\\/www.facebook.com\\\/CDSBoutique.Aines.Seniors\",\"https:\\\/\\\/www.youtube.com\\\/@cdsboutique4046\",\"https:\\\/\\\/www.linkedin.com\\\/company\\\/cds-boutique\\\/\",\"https:\\\/\\\/www.instagram.com\\\/cdsboutique\\\/\"]}]}<\/script>\n<!-- \/ Yoast SEO plugin. -->","yoast_head_json":{"title":"Fishing Fever XXL","description":"A fun but challenging game for players of all ages... in XXL! This game can be played in various ways, with or without rules. It promotes concentration and hand-eye coordination. The fun begins with the fish being thrown out onto the floor or on a table.","robots":{"index":"noindex","follow":"follow","max-snippet":"max-snippet:-1","max-image-preview":"max-image-preview:large","max-video-preview":"max-video-preview:-1"},"og_locale":"en_US","og_type":"article","og_title":"Fishing Fever XXL","og_description":"A fun but challenging game for players of all ages... in XXL! This game can be played in various ways, with or without rules. It promotes concentration and hand-eye coordination. The fun begins with the fish being thrown out onto the floor or on a table.","og_url":"https:\/\/staging.cdsboutique.com\/en\/product\/angling-fever-xxl\/","og_site_name":"CDS boutique A\u00een\u00e9s","article_publisher":"https:\/\/www.facebook.com\/CDSBoutique.Aines.Seniors","article_modified_time":"2026-02-23T13:49:29+00:00","og_image":[{"width":750,"height":1000,"url":"https:\/\/staging.cdsboutique.com\/wp-content\/uploads\/2020\/09\/28058_lowrez.jpg?_t=1761056302","type":"image\/jpeg"}],"twitter_card":"summary_large_image","twitter_misc":{"Est. reading time":"1 minute"},"schema":{"@context":"https:\/\/schema.org","@graph":[{"@type":"WebPage","@id":"https:\/\/staging.cdsboutique.com\/en\/product\/angling-fever-xxl\/","url":"https:\/\/staging.cdsboutique.com\/en\/product\/angling-fever-xxl\/","name":"Fishing Fever XXL","isPartOf":{"@id":"https:\/\/staging.cdsboutique.com\/#website"},"primaryImageOfPage":{"@id":"https:\/\/staging.cdsboutique.com\/en\/product\/angling-fever-xxl\/#primaryimage"},"image":{"@id":"https:\/\/staging.cdsboutique.com\/en\/product\/angling-fever-xxl\/#primaryimage"},"thumbnailUrl":"https:\/\/staging.cdsboutique.com\/wp-content\/uploads\/2020\/09\/28058_lowrez.jpg","datePublished":"2020-11-20T17:19:11+00:00","dateModified":"2026-02-23T13:49:29+00:00","description":"A fun but challenging game for players of all ages... in XXL! This game can be played in various ways, with or without rules. It promotes concentration and hand-eye coordination. The fun begins with the fish being thrown out onto the floor or on a table.","breadcrumb":{"@id":"https:\/\/staging.cdsboutique.com\/en\/product\/angling-fever-xxl\/#breadcrumb"},"inLanguage":"en-US","potentialAction":[{"@type":"ReadAction","target":["https:\/\/staging.cdsboutique.com\/en\/product\/angling-fever-xxl\/"]}]},{"@type":"ImageObject","inLanguage":"en-US","@id":"https:\/\/staging.cdsboutique.com\/en\/product\/angling-fever-xxl\/#primaryimage","url":"https:\/\/staging.cdsboutique.com\/wp-content\/uploads\/2020\/09\/28058_lowrez.jpg","contentUrl":"https:\/\/staging.cdsboutique.com\/wp-content\/uploads\/2020\/09\/28058_lowrez.jpg","width":750,"height":1000},{"@type":"BreadcrumbList","@id":"https:\/\/staging.cdsboutique.com\/en\/product\/angling-fever-xxl\/#breadcrumb","itemListElement":[{"@type":"ListItem","position":1,"name":"Home","item":"https:\/\/staging.cdsboutique.com\/en\/"},{"@type":"ListItem","position":2,"name":"Products","item":"https:\/\/staging.cdsboutique.com\/en\/products\/"},{"@type":"ListItem","position":3,"name":"Fishing Fever XXL"}]},{"@type":"WebSite","@id":"https:\/\/staging.cdsboutique.com\/#website","url":"https:\/\/staging.cdsboutique.com\/","name":"CDS boutique A\u00een\u00e9s","description":"Pour une meilleure qualit\u00e9 de vie","publisher":{"@id":"https:\/\/staging.cdsboutique.com\/#organization"},"potentialAction":[{"@type":"SearchAction","target":{"@type":"EntryPoint","urlTemplate":"https:\/\/staging.cdsboutique.com\/?s={search_term_string}"},"query-input":{"@type":"PropertyValueSpecification","valueRequired":true,"valueName":"search_term_string"}}],"inLanguage":"en-US"},{"@type":"Organization","@id":"https:\/\/staging.cdsboutique.com\/#organization","name":"CDS Boutique","url":"https:\/\/staging.cdsboutique.com\/","logo":{"@type":"ImageObject","inLanguage":"en-US","@id":"https:\/\/staging.cdsboutique.com\/#\/schema\/logo\/image\/","url":"https:\/\/staging.cdsboutique.com\/wp-content\/uploads\/2024\/09\/logoCDS-Boutique_final2024.jpg","contentUrl":"https:\/\/staging.cdsboutique.com\/wp-content\/uploads\/2024\/09\/logoCDS-Boutique_final2024.jpg","width":900,"height":600,"caption":"CDS Boutique"},"image":{"@id":"https:\/\/staging.cdsboutique.com\/#\/schema\/logo\/image\/"},"sameAs":["https:\/\/www.facebook.com\/CDSBoutique.Aines.Seniors","https:\/\/www.youtube.com\/@cdsboutique4046","https:\/\/www.linkedin.com\/company\/cds-boutique\/","https:\/\/www.instagram.com\/cdsboutique\/"]}]}},"_links":{"self":[{"href":"https:\/\/staging.cdsboutique.com\/en\/wp-json\/wp\/v2\/product\/28230","targetHints":{"allow":["GET"]}}],"collection":[{"href":"https:\/\/staging.cdsboutique.com\/en\/wp-json\/wp\/v2\/product"}],"about":[{"href":"https:\/\/staging.cdsboutique.com\/en\/wp-json\/wp\/v2\/types\/product"}],"replies":[{"embeddable":true,"href":"https:\/\/staging.cdsboutique.com\/en\/wp-json\/wp\/v2\/comments?post=28230"}],"wp:featuredmedia":[{"embeddable":true,"href":"https:\/\/staging.cdsboutique.com\/en\/wp-json\/wp\/v2\/media\/6645"}],"wp:attachment":[{"href":"https:\/\/staging.cdsboutique.com\/en\/wp-json\/wp\/v2\/media?parent=28230"}],"wp:term":[{"taxonomy":"product_brand","embeddable":true,"href":"https:\/\/staging.cdsboutique.com\/en\/wp-json\/wp\/v2\/product_brand?post=28230"},{"taxonomy":"product_cat","embeddable":true,"href":"https:\/\/staging.cdsboutique.com\/en\/wp-json\/wp\/v2\/product_cat?post=28230"},{"taxonomy":"product_tag","embeddable":true,"href":"https:\/\/staging.cdsboutique.com\/en\/wp-json\/wp\/v2\/product_tag?post=28230"}],"curies":[{"name":"wp","href":"https:\/\/api.w.org\/{rel}","templated":true}]}}