{"id":28237,"date":"2020-11-20T10:06:43","date_gmt":"2020-11-20T17:19:11","guid":{"rendered":"https:\/\/cdsboutique.com\/produits\/28237\/"},"modified":"2026-01-08T10:41:22","modified_gmt":"2026-01-08T15:41:22","slug":"candy-xxl","status":"publish","type":"product","link":"https:\/\/staging.cdsboutique.com\/en\/produit\/candy-xxl\/","title":{"rendered":"Candy XXL"},"content":{"rendered":"<\/p>\n<p><strong>Have even more fun with this XXL version!<\/strong><\/p>\n<p>The extra extra large pieces are&nbsp;perfect for larger hands. A great game to play with the grandchildren when they visit!<\/p>\n<p><strong>A great game for observation, visual discrimination and speed!<\/strong><\/p>\n<p>This colour matching game is a game of speed for your high-functioning residents but can be adapted to any of your other clientele. Players roll the 3 dice on which are printed colour dots.&nbsp;They quickly identify the colours on the patterned wood pieces of candy, finding the candy with matching colours as quickly as possible. The duration of the game will depend on the player&#8217;s capacity.<\/p>\n<p>Details:<\/p>\n<ul>\n<li>Includes 1 soft round playing surface&nbsp;<span>(diameter: 92 cm)<\/span>, 41 coloured wooden sweets&nbsp;<span>(12-13 cm)<\/span>,&nbsp;and 3 colour dice.<\/li>\n<li>Age: 4 to 99 years old<\/li>\n<li>Number of players: 2 to 8<\/li>\n<li>Game: 10 minutes<\/li>\n<li>Dimensions:&nbsp;<span>14.6 x 9.1 x 2.8 po (37.1 x 23.2 x 7 cm)<\/span><\/li>\n<\/ul>\n<p><strong><span style=\"font-size: 1.17em;\">Also available in the regular version: <\/span><span style=\"text-decoration: underline;\"><span style=\"color: #0000ff;\"><a href=\"https:\/\/staging.cdsboutique.com\/en\/product\/candy\/\" style=\"font-size: 1.17em;\" title=\"\"><span style=\"color: #0000ff; text-decoration: underline;\">Candy #15381<\/span><\/a><\/span><\/span><\/strong><\/p>\n","protected":false},"excerpt":{"rendered":"<p><strong><\/strong><\/p>\n<p><strong>Have even more fun with this XXL version!<\/strong><\/p>\n<p>Have even more fun with this XXL version of the popular game! The extra extra large pieces are&nbsp;perfect for larger hands. A great game to play with the grandchildren when they visit!<\/p>\n<p><strong>A great game for observation, visual discrimination and speed!<\/strong><\/p>\n<p>This colour matching game is a game of speed for your high-functioning residents but can be adapted to any of your other clientele. Players roll the 3 dice on which are printed colour dots.&nbsp;They quickly identify the colours on the patterned wood pieces of candy, finding the candy with matching colours as quickly as possible. The duration of the game will depend on the player&#8217;s capacity.<\/p>\n<p>Details:<\/p>\n<ul>\n<li>Includes 1 soft round playing surface&nbsp;<span>(diameter: 92 cm)<\/span>, 41 coloured wooden sweets&nbsp;<span>(12-13 cm)<\/span>,&nbsp;and 3 colour dice.<\/li>\n<li>Age: 4 to 99 years old<\/li>\n<li>Number of players: 2 to 8<\/li>\n<li>Game: 10 minutes<\/li>\n<li>Dimensions:&nbsp;<span>14.6 x 9.1 x 2.8 po (37.1 x 23.2 x 7 cm)<\/span><\/li>\n<\/ul>\n<p><strong><span style=\"font-size: 1.17em;\">Also available in the regular version: <\/span><a href=\"https:\/\/staging.cdsboutique.com\/en\/candy.html\" style=\"font-size: 1.17em;\">Candy #15381<\/a><\/strong><\/p>\n","protected":false},"featured_media":6666,"comment_status":"open","ping_status":"closed","template":"","meta":{"_acf_changed":false},"product_brand":[],"product_cat":[4401,2805,2804],"product_tag":[],"class_list":{"0":"post-28237","1":"product","2":"type-product","3":"status-publish","4":"has-post-thumbnail","6":"product_cat-all","7":"product_cat-table-board-games","8":"product_cat-various-games","9":"product_shipping_class-frais-de-livraison-en","11":"first","12":"instock","13":"taxable","14":"shipping-taxable","15":"purchasable","16":"product-type-simple"},"bundled_by":[],"bundle_stock_status":"instock","bundle_stock_quantity":null,"bundle_virtual":false,"bundle_layout":"","bundle_add_to_cart_form_location":"","bundle_editable_in_cart":false,"bundle_sold_individually_context":"","bundle_item_grouping":"","bundle_min_size":"","bundle_max_size":"","bundle_price":[],"bundled_items":[],"bundle_sell_ids":[],"acf":[],"featured_image_urls_v2":{"full":["https:\/\/staging.cdsboutique.com\/wp-content\/uploads\/2020\/09\/15381-xxl_lowrez.jpg",1000,708,false],"thumbnail":["https:\/\/staging.cdsboutique.com\/wp-content\/uploads\/2020\/09\/15381-xxl_lowrez.jpg",150,106,false],"medium":["https:\/\/staging.cdsboutique.com\/wp-content\/uploads\/2020\/09\/15381-xxl_lowrez.jpg",300,212,false],"medium_large":["https:\/\/staging.cdsboutique.com\/wp-content\/uploads\/2020\/09\/15381-xxl_lowrez.jpg",768,544,false],"large":["https:\/\/staging.cdsboutique.com\/wp-content\/uploads\/2020\/09\/15381-xxl_lowrez.jpg",980,694,false],"1536x1536":["https:\/\/staging.cdsboutique.com\/wp-content\/uploads\/2020\/09\/15381-xxl_lowrez.jpg",1000,708,false],"2048x2048":["https:\/\/staging.cdsboutique.com\/wp-content\/uploads\/2020\/09\/15381-xxl_lowrez.jpg",1000,708,false],"gform-image-choice-sm":["https:\/\/staging.cdsboutique.com\/wp-content\/uploads\/2020\/09\/15381-xxl_lowrez.jpg",300,212,false],"gform-image-choice-md":["https:\/\/staging.cdsboutique.com\/wp-content\/uploads\/2020\/09\/15381-xxl_lowrez.jpg",400,283,false],"gform-image-choice-lg":["https:\/\/staging.cdsboutique.com\/wp-content\/uploads\/2020\/09\/15381-xxl_lowrez.jpg",600,425,false],"woocommerce_thumbnail":["https:\/\/staging.cdsboutique.com\/wp-content\/uploads\/2020\/09\/15381-xxl_lowrez-300x212.jpg",300,212,true],"woocommerce_single":["https:\/\/staging.cdsboutique.com\/wp-content\/uploads\/2020\/09\/15381-xxl_lowrez-600x425.jpg",600,425,true],"woocommerce_gallery_thumbnail":["https:\/\/staging.cdsboutique.com\/wp-content\/uploads\/2020\/09\/15381-xxl_lowrez-100x100.jpg",100,100,true],"variation_swatches_image_size":["https:\/\/staging.cdsboutique.com\/wp-content\/uploads\/2020\/09\/15381-xxl_lowrez.jpg",50,35,false],"variation_swatches_tooltip_size":["https:\/\/staging.cdsboutique.com\/wp-content\/uploads\/2020\/09\/15381-xxl_lowrez.jpg",100,71,false],"logo-size":["https:\/\/staging.cdsboutique.com\/wp-content\/uploads\/2020\/09\/15381-xxl_lowrez.jpg",119,84,false],"blog":["https:\/\/staging.cdsboutique.com\/wp-content\/uploads\/2020\/09\/15381-xxl_lowrez.jpg",350,248,false]},"post_excerpt_stackable_v2":"<p><strong><\/strong><\/p>\n<p><strong>Have even more fun with this XXL version!<\/strong><\/p>\n<p>Have even more fun with this XXL version of the popular game! The extra extra large pieces are&nbsp;perfect for larger hands. A great game to play with the grandchildren when they visit!<\/p>\n<p><strong>A great game for observation, visual discrimination and speed!<\/strong><\/p>\n<p>This colour matching game is a game of speed for your high-functioning residents but can be adapted to any of your other clientele. Players roll the 3 dice on which are printed colour dots.&nbsp;They quickly identify the colours on the patterned wood pieces of candy, finding the candy with matching colours as quickly as possible. The duration of the game will depend on the player&#8217;s capacity.<\/p>\n<p>Details:<\/p>\n<ul>\n<li>Includes 1 soft round playing surface&nbsp;<span>(diameter: 92 cm)<\/span>, 41 coloured wooden sweets&nbsp;<span>(12-13 cm)<\/span>,&nbsp;and 3 colour dice.<\/li>\n<li>Age: 4 to 99 years old<\/li>\n<li>Number of players: 2 to 8<\/li>\n<li>Game: 10 minutes<\/li>\n<li>Dimensions:&nbsp;<span>14.6 x 9.1 x 2.8 po (37.1 x 23.2 x 7 cm)<\/span><\/li>\n<\/ul>\n<p><strong><span style=\"font-size: 1.17em;\">Also available in the regular version: <\/span><a href=\"https:\/\/staging.cdsboutique.com\/en\/candy.html\" style=\"font-size: 1.17em;\">Candy #15381<\/a><\/strong><\/p>\n","category_list_v2":"","author_info_v2":{"name":"","url":""},"comments_num_v2":"1 comment","yoast_head":"<!-- This site is optimized with the Yoast SEO plugin v27.4 - https:\/\/yoast.com\/product\/yoast-seo-wordpress\/ -->\n<title>Candy XXL - CDS boutique A\u00een\u00e9s<\/title>\n<meta name=\"description\" content=\"Have even more fun with this XXL version! The extra extra large pieces are perfect for bigger hands, helping grip for seniors. It&#039;s also easier to play for those who have vision problems.\" \/>\n<meta name=\"robots\" content=\"noindex, follow, max-snippet:-1, max-image-preview:large, max-video-preview:-1\" \/>\n<meta property=\"og:locale\" content=\"en_US\" \/>\n<meta property=\"og:type\" content=\"article\" \/>\n<meta property=\"og:title\" content=\"Candy XXL - CDS boutique A\u00een\u00e9s\" \/>\n<meta property=\"og:description\" content=\"Have even more fun with this XXL version! The extra extra large pieces are perfect for bigger hands, helping grip for seniors. It&#039;s also easier to play for those who have vision problems.\" \/>\n<meta property=\"og:url\" content=\"https:\/\/staging.cdsboutique.com\/en\/product\/candy-xxl\/\" \/>\n<meta property=\"og:site_name\" content=\"CDS boutique A\u00een\u00e9s\" \/>\n<meta property=\"article:publisher\" content=\"https:\/\/www.facebook.com\/CDSBoutique.Aines.Seniors\" \/>\n<meta property=\"article:modified_time\" content=\"2026-01-08T15:41:22+00:00\" \/>\n<meta property=\"og:image\" content=\"https:\/\/staging.cdsboutique.com\/wp-content\/uploads\/2020\/09\/15381-xxl_lowrez.jpg\" \/>\n\t<meta property=\"og:image:width\" content=\"1000\" \/>\n\t<meta property=\"og:image:height\" content=\"708\" \/>\n\t<meta property=\"og:image:type\" content=\"image\/jpeg\" \/>\n<meta name=\"twitter:card\" content=\"summary_large_image\" \/>\n<meta name=\"twitter:label1\" content=\"Est. reading time\" \/>\n\t<meta name=\"twitter:data1\" content=\"1 minute\" \/>\n<script type=\"application\/ld+json\" class=\"yoast-schema-graph\">{\"@context\":\"https:\\\/\\\/schema.org\",\"@graph\":[{\"@type\":\"WebPage\",\"@id\":\"https:\\\/\\\/staging.cdsboutique.com\\\/en\\\/product\\\/candy-xxl\\\/\",\"url\":\"https:\\\/\\\/staging.cdsboutique.com\\\/en\\\/product\\\/candy-xxl\\\/\",\"name\":\"Candy XXL - CDS boutique A\u00een\u00e9s\",\"isPartOf\":{\"@id\":\"https:\\\/\\\/staging.cdsboutique.com\\\/#website\"},\"primaryImageOfPage\":{\"@id\":\"https:\\\/\\\/staging.cdsboutique.com\\\/en\\\/product\\\/candy-xxl\\\/#primaryimage\"},\"image\":{\"@id\":\"https:\\\/\\\/staging.cdsboutique.com\\\/en\\\/product\\\/candy-xxl\\\/#primaryimage\"},\"thumbnailUrl\":\"https:\\\/\\\/staging.cdsboutique.com\\\/wp-content\\\/uploads\\\/2020\\\/09\\\/15381-xxl_lowrez.jpg\",\"datePublished\":\"2020-11-20T17:19:11+00:00\",\"dateModified\":\"2026-01-08T15:41:22+00:00\",\"description\":\"Have even more fun with this XXL version! The extra extra large pieces are perfect for bigger hands, helping grip for seniors. It's also easier to play for those who have vision problems.\",\"breadcrumb\":{\"@id\":\"https:\\\/\\\/staging.cdsboutique.com\\\/en\\\/product\\\/candy-xxl\\\/#breadcrumb\"},\"inLanguage\":\"en-US\",\"potentialAction\":[{\"@type\":\"ReadAction\",\"target\":[\"https:\\\/\\\/staging.cdsboutique.com\\\/en\\\/product\\\/candy-xxl\\\/\"]}]},{\"@type\":\"ImageObject\",\"inLanguage\":\"en-US\",\"@id\":\"https:\\\/\\\/staging.cdsboutique.com\\\/en\\\/product\\\/candy-xxl\\\/#primaryimage\",\"url\":\"https:\\\/\\\/staging.cdsboutique.com\\\/wp-content\\\/uploads\\\/2020\\\/09\\\/15381-xxl_lowrez.jpg\",\"contentUrl\":\"https:\\\/\\\/staging.cdsboutique.com\\\/wp-content\\\/uploads\\\/2020\\\/09\\\/15381-xxl_lowrez.jpg\",\"width\":1000,\"height\":708},{\"@type\":\"BreadcrumbList\",\"@id\":\"https:\\\/\\\/staging.cdsboutique.com\\\/en\\\/product\\\/candy-xxl\\\/#breadcrumb\",\"itemListElement\":[{\"@type\":\"ListItem\",\"position\":1,\"name\":\"Home\",\"item\":\"https:\\\/\\\/staging.cdsboutique.com\\\/en\\\/\"},{\"@type\":\"ListItem\",\"position\":2,\"name\":\"Products\",\"item\":\"https:\\\/\\\/staging.cdsboutique.com\\\/en\\\/products\\\/\"},{\"@type\":\"ListItem\",\"position\":3,\"name\":\"Candy XXL\"}]},{\"@type\":\"WebSite\",\"@id\":\"https:\\\/\\\/staging.cdsboutique.com\\\/#website\",\"url\":\"https:\\\/\\\/staging.cdsboutique.com\\\/\",\"name\":\"CDS boutique A\u00een\u00e9s\",\"description\":\"Pour une meilleure qualit\u00e9 de vie\",\"publisher\":{\"@id\":\"https:\\\/\\\/staging.cdsboutique.com\\\/#organization\"},\"potentialAction\":[{\"@type\":\"SearchAction\",\"target\":{\"@type\":\"EntryPoint\",\"urlTemplate\":\"https:\\\/\\\/staging.cdsboutique.com\\\/?s={search_term_string}\"},\"query-input\":{\"@type\":\"PropertyValueSpecification\",\"valueRequired\":true,\"valueName\":\"search_term_string\"}}],\"inLanguage\":\"en-US\"},{\"@type\":\"Organization\",\"@id\":\"https:\\\/\\\/staging.cdsboutique.com\\\/#organization\",\"name\":\"CDS Boutique\",\"url\":\"https:\\\/\\\/staging.cdsboutique.com\\\/\",\"logo\":{\"@type\":\"ImageObject\",\"inLanguage\":\"en-US\",\"@id\":\"https:\\\/\\\/staging.cdsboutique.com\\\/#\\\/schema\\\/logo\\\/image\\\/\",\"url\":\"https:\\\/\\\/staging.cdsboutique.com\\\/wp-content\\\/uploads\\\/2024\\\/09\\\/logoCDS-Boutique_final2024.jpg\",\"contentUrl\":\"https:\\\/\\\/staging.cdsboutique.com\\\/wp-content\\\/uploads\\\/2024\\\/09\\\/logoCDS-Boutique_final2024.jpg\",\"width\":900,\"height\":600,\"caption\":\"CDS Boutique\"},\"image\":{\"@id\":\"https:\\\/\\\/staging.cdsboutique.com\\\/#\\\/schema\\\/logo\\\/image\\\/\"},\"sameAs\":[\"https:\\\/\\\/www.facebook.com\\\/CDSBoutique.Aines.Seniors\",\"https:\\\/\\\/www.youtube.com\\\/@cdsboutique4046\",\"https:\\\/\\\/www.linkedin.com\\\/company\\\/cds-boutique\\\/\",\"https:\\\/\\\/www.instagram.com\\\/cdsboutique\\\/\"]}]}<\/script>\n<!-- \/ Yoast SEO plugin. -->","yoast_head_json":{"title":"Candy XXL - CDS boutique A\u00een\u00e9s","description":"Have even more fun with this XXL version! The extra extra large pieces are perfect for bigger hands, helping grip for seniors. It's also easier to play for those who have vision problems.","robots":{"index":"noindex","follow":"follow","max-snippet":"max-snippet:-1","max-image-preview":"max-image-preview:large","max-video-preview":"max-video-preview:-1"},"og_locale":"en_US","og_type":"article","og_title":"Candy XXL - CDS boutique A\u00een\u00e9s","og_description":"Have even more fun with this XXL version! The extra extra large pieces are perfect for bigger hands, helping grip for seniors. It's also easier to play for those who have vision problems.","og_url":"https:\/\/staging.cdsboutique.com\/en\/product\/candy-xxl\/","og_site_name":"CDS boutique A\u00een\u00e9s","article_publisher":"https:\/\/www.facebook.com\/CDSBoutique.Aines.Seniors","article_modified_time":"2026-01-08T15:41:22+00:00","og_image":[{"width":1000,"height":708,"url":"https:\/\/staging.cdsboutique.com\/wp-content\/uploads\/2020\/09\/15381-xxl_lowrez.jpg","type":"image\/jpeg"}],"twitter_card":"summary_large_image","twitter_misc":{"Est. reading time":"1 minute"},"schema":{"@context":"https:\/\/schema.org","@graph":[{"@type":"WebPage","@id":"https:\/\/staging.cdsboutique.com\/en\/product\/candy-xxl\/","url":"https:\/\/staging.cdsboutique.com\/en\/product\/candy-xxl\/","name":"Candy XXL - CDS boutique A\u00een\u00e9s","isPartOf":{"@id":"https:\/\/staging.cdsboutique.com\/#website"},"primaryImageOfPage":{"@id":"https:\/\/staging.cdsboutique.com\/en\/product\/candy-xxl\/#primaryimage"},"image":{"@id":"https:\/\/staging.cdsboutique.com\/en\/product\/candy-xxl\/#primaryimage"},"thumbnailUrl":"https:\/\/staging.cdsboutique.com\/wp-content\/uploads\/2020\/09\/15381-xxl_lowrez.jpg","datePublished":"2020-11-20T17:19:11+00:00","dateModified":"2026-01-08T15:41:22+00:00","description":"Have even more fun with this XXL version! The extra extra large pieces are perfect for bigger hands, helping grip for seniors. It's also easier to play for those who have vision problems.","breadcrumb":{"@id":"https:\/\/staging.cdsboutique.com\/en\/product\/candy-xxl\/#breadcrumb"},"inLanguage":"en-US","potentialAction":[{"@type":"ReadAction","target":["https:\/\/staging.cdsboutique.com\/en\/product\/candy-xxl\/"]}]},{"@type":"ImageObject","inLanguage":"en-US","@id":"https:\/\/staging.cdsboutique.com\/en\/product\/candy-xxl\/#primaryimage","url":"https:\/\/staging.cdsboutique.com\/wp-content\/uploads\/2020\/09\/15381-xxl_lowrez.jpg","contentUrl":"https:\/\/staging.cdsboutique.com\/wp-content\/uploads\/2020\/09\/15381-xxl_lowrez.jpg","width":1000,"height":708},{"@type":"BreadcrumbList","@id":"https:\/\/staging.cdsboutique.com\/en\/product\/candy-xxl\/#breadcrumb","itemListElement":[{"@type":"ListItem","position":1,"name":"Home","item":"https:\/\/staging.cdsboutique.com\/en\/"},{"@type":"ListItem","position":2,"name":"Products","item":"https:\/\/staging.cdsboutique.com\/en\/products\/"},{"@type":"ListItem","position":3,"name":"Candy XXL"}]},{"@type":"WebSite","@id":"https:\/\/staging.cdsboutique.com\/#website","url":"https:\/\/staging.cdsboutique.com\/","name":"CDS boutique A\u00een\u00e9s","description":"Pour une meilleure qualit\u00e9 de vie","publisher":{"@id":"https:\/\/staging.cdsboutique.com\/#organization"},"potentialAction":[{"@type":"SearchAction","target":{"@type":"EntryPoint","urlTemplate":"https:\/\/staging.cdsboutique.com\/?s={search_term_string}"},"query-input":{"@type":"PropertyValueSpecification","valueRequired":true,"valueName":"search_term_string"}}],"inLanguage":"en-US"},{"@type":"Organization","@id":"https:\/\/staging.cdsboutique.com\/#organization","name":"CDS Boutique","url":"https:\/\/staging.cdsboutique.com\/","logo":{"@type":"ImageObject","inLanguage":"en-US","@id":"https:\/\/staging.cdsboutique.com\/#\/schema\/logo\/image\/","url":"https:\/\/staging.cdsboutique.com\/wp-content\/uploads\/2024\/09\/logoCDS-Boutique_final2024.jpg","contentUrl":"https:\/\/staging.cdsboutique.com\/wp-content\/uploads\/2024\/09\/logoCDS-Boutique_final2024.jpg","width":900,"height":600,"caption":"CDS Boutique"},"image":{"@id":"https:\/\/staging.cdsboutique.com\/#\/schema\/logo\/image\/"},"sameAs":["https:\/\/www.facebook.com\/CDSBoutique.Aines.Seniors","https:\/\/www.youtube.com\/@cdsboutique4046","https:\/\/www.linkedin.com\/company\/cds-boutique\/","https:\/\/www.instagram.com\/cdsboutique\/"]}]}},"_links":{"self":[{"href":"https:\/\/staging.cdsboutique.com\/en\/wp-json\/wp\/v2\/product\/28237","targetHints":{"allow":["GET"]}}],"collection":[{"href":"https:\/\/staging.cdsboutique.com\/en\/wp-json\/wp\/v2\/product"}],"about":[{"href":"https:\/\/staging.cdsboutique.com\/en\/wp-json\/wp\/v2\/types\/product"}],"replies":[{"embeddable":true,"href":"https:\/\/staging.cdsboutique.com\/en\/wp-json\/wp\/v2\/comments?post=28237"}],"wp:featuredmedia":[{"embeddable":true,"href":"https:\/\/staging.cdsboutique.com\/en\/wp-json\/wp\/v2\/media\/6666"}],"wp:attachment":[{"href":"https:\/\/staging.cdsboutique.com\/en\/wp-json\/wp\/v2\/media?parent=28237"}],"wp:term":[{"taxonomy":"product_brand","embeddable":true,"href":"https:\/\/staging.cdsboutique.com\/en\/wp-json\/wp\/v2\/product_brand?post=28237"},{"taxonomy":"product_cat","embeddable":true,"href":"https:\/\/staging.cdsboutique.com\/en\/wp-json\/wp\/v2\/product_cat?post=28237"},{"taxonomy":"product_tag","embeddable":true,"href":"https:\/\/staging.cdsboutique.com\/en\/wp-json\/wp\/v2\/product_tag?post=28237"}],"curies":[{"name":"wp","href":"https:\/\/api.w.org\/{rel}","templated":true}]}}