{"id":28241,"date":"2020-11-20T10:06:48","date_gmt":"2020-11-20T17:19:11","guid":{"rendered":"https:\/\/cdsboutique.com\/produits\/bear-bottle\/"},"modified":"2020-12-24T01:56:15","modified_gmt":"2020-12-24T06:56:15","slug":"bear-bottle","status":"publish","type":"product","link":"https:\/\/staging.cdsboutique.com\/en\/produit\/bear-bottle\/","title":{"rendered":"Bear Bottle"},"content":{"rendered":"<\/p>\n<p><strong>This Bear Bottle is a fun and friendly way to make drinking easier for people with oral motor difficulties.<\/strong><\/p>\n<p><span>It&#8217;s also an excellent way to transition babies straight from bottles to straw drinking&nbsp;&ndash; skipping sippy cups altogether! Most sippy cups promote improper tongue and lip positioning that can cause speech problems later on. Straws are a better alternative, as they strengthen the mouth muscles and encourage tongue retraction, cheek tension, and lip closure.<\/span><\/p>\n<p>The Bear Bottle features a unique valve that controls the direction of fluid &ndash; liquid flows up into the straw but does not flow back down. Simply squeeze the bear&#8217;s belly until fluid reaches the top of the straw and release. Fluids will stay at the top of the straw, thereby decreasing the effort required to drink. Highly recommended for individuals who tend to aspirate or have a weak suck with difficulties generating and maintaining suction.<\/p>\n<p>The ensemble includes 1 easy-to-squeeze Bear Bottle with a snap-close cap, 1&nbsp;Select-Flow valve, 2&nbsp;eight-inch long&nbsp;tubing straws, 1 yellow&nbsp;Lip Blok&reg; (0.75 in),&nbsp;and instructions. The tubing straw is a reusable, chewable, durable alternative to traditional straws, and the Lip Blok prevents kids from biting on the straw or putting it too far into their mouths.&nbsp;<\/p>\n<p>Details:<\/p>\n<ul>\n<li>No BPA, PVC, lead, phthalates, or latex;<\/li>\n<li>Dishwasher-safe;<\/li>\n<li>Holds 8 oz of fluid;<\/li>\n<li>Bottle measures approximately 2 x 2.5 x 6 in;<\/li>\n<li>Recommended for thin liquids (water, milk, juice without pulp, etc), and not recommended for carbonated beverages;<\/li>\n<li>If you&#8217;re using thickened liquids, in general for most thickener brands, &#8220;nectar&#8221; consistency works fine. If you trim the tapered end of the valve to open up the flow, a &#8220;honey&#8221; consistency will work but will be harder to&nbsp;suck through the straw. Pudding does not work, as it&#8217;s too thick to drink through even a regular straw without a valve.&nbsp;&nbsp;<\/li>\n<\/ul>\n","protected":false},"excerpt":{"rendered":"<\/p>\n<p><strong>This Bear Bottle is a fun and friendly way to make drinking easier for people with oral motor difficulties.<\/strong><\/p>\n<p><span>It&#8217;s also an excellent way to transition babies straight from bottles to straw drinking&nbsp;&ndash; skipping sippy cups altogether! Most sippy cups promote improper tongue and lip positioning that can cause speech problems later on. Straws are a better alternative, as they strengthen the mouth muscles and encourage tongue retraction, cheek tension, and lip closure.<\/span><\/p>\n<p>The Bear Bottle features a unique valve that controls the direction of fluid &ndash; liquid flows up into the straw but does not flow back down. Simply squeeze the bear&#8217;s belly until fluid reaches the top of the straw and release. Fluids will stay at the top of the straw, thereby decreasing the effort required to drink. Highly recommended for individuals who tend to aspirate or have a weak suck with difficulties generating and maintaining suction.<\/p>\n<p>The ensemble includes 1 easy-to-squeeze Bear Bottle with a snap-close cap, 1&nbsp;Select-Flow valve, 2&nbsp;eight-inch long&nbsp;tubing straws, 1 yellow&nbsp;Lip Blok&reg; (0.75 in),&nbsp;and instructions. The tubing straw is a reusable, chewable, durable alternative to traditional straws, and the Lip Blok prevents kids from biting on the straw or putting it too far into their mouths.&nbsp;<\/p>\n<p>Details:<\/p>\n<ul>\n<li>No BPA, PVC, lead, phthalates, or latex;<\/li>\n<li>Dishwasher-safe;<\/li>\n<li>Holds 8 oz of fluid;<\/li>\n<li>Bottle measures approximately 2 x 2.5 x 6 in;<\/li>\n<li>Recommended for thin liquids (water, milk, juice without pulp, etc), and not recommended for carbonated beverages;<\/li>\n<li>If you&#8217;re using thickened liquids, in general for most thickener brands, &#8220;nectar&#8221; consistency works fine. If you trim the tapered end of the valve to open up the flow, a &#8220;honey&#8221; consistency will work but will be harder to&nbsp;suck through the straw. Pudding does not work, as it&#8217;s too thick to drink through even a regular straw without a valve.&nbsp;&nbsp;<\/li>\n<\/ul>\n","protected":false},"featured_media":6678,"comment_status":"open","ping_status":"closed","template":"","meta":{"_acf_changed":false},"product_brand":[],"product_cat":[4401,2819,2956],"product_tag":[],"class_list":{"0":"post-28241","1":"product","2":"type-product","3":"status-publish","4":"has-post-thumbnail","6":"product_cat-all","7":"product_cat-daily-living-aids","8":"product_cat-ustensils-kitchenware","9":"product_shipping_class-frais-de-livraison-en","11":"first","12":"instock","13":"taxable","14":"shipping-taxable","15":"purchasable","16":"product-type-simple"},"bundled_by":[],"bundle_stock_status":"instock","bundle_stock_quantity":null,"bundle_virtual":false,"bundle_layout":"","bundle_add_to_cart_form_location":"","bundle_editable_in_cart":false,"bundle_sold_individually_context":"","bundle_item_grouping":"","bundle_min_size":"","bundle_max_size":"","bundle_price":[],"bundled_items":[],"bundle_sell_ids":[],"acf":[],"featured_image_urls_v2":{"full":["https:\/\/staging.cdsboutique.com\/wp-content\/uploads\/2020\/09\/15502.jpg",1280,1280,false],"thumbnail":["https:\/\/staging.cdsboutique.com\/wp-content\/uploads\/2020\/09\/15502.jpg",150,150,false],"medium":["https:\/\/staging.cdsboutique.com\/wp-content\/uploads\/2020\/09\/15502.jpg",300,300,false],"medium_large":["https:\/\/staging.cdsboutique.com\/wp-content\/uploads\/2020\/09\/15502.jpg",768,768,false],"large":["https:\/\/staging.cdsboutique.com\/wp-content\/uploads\/2020\/09\/15502.jpg",980,980,false],"1536x1536":["https:\/\/staging.cdsboutique.com\/wp-content\/uploads\/2020\/09\/15502.jpg",1280,1280,false],"2048x2048":["https:\/\/staging.cdsboutique.com\/wp-content\/uploads\/2020\/09\/15502.jpg",1280,1280,false],"gform-image-choice-sm":["https:\/\/staging.cdsboutique.com\/wp-content\/uploads\/2020\/09\/15502.jpg",300,300,false],"gform-image-choice-md":["https:\/\/staging.cdsboutique.com\/wp-content\/uploads\/2020\/09\/15502.jpg",400,400,false],"gform-image-choice-lg":["https:\/\/staging.cdsboutique.com\/wp-content\/uploads\/2020\/09\/15502.jpg",600,600,false],"woocommerce_thumbnail":["https:\/\/staging.cdsboutique.com\/wp-content\/uploads\/2020\/09\/15502-300x300.jpg",300,300,true],"woocommerce_single":["https:\/\/staging.cdsboutique.com\/wp-content\/uploads\/2020\/09\/15502-600x600.jpg",600,600,true],"woocommerce_gallery_thumbnail":["https:\/\/staging.cdsboutique.com\/wp-content\/uploads\/2020\/09\/15502-100x100.jpg",100,100,true],"variation_swatches_image_size":["https:\/\/staging.cdsboutique.com\/wp-content\/uploads\/2020\/09\/15502.jpg",50,50,false],"variation_swatches_tooltip_size":["https:\/\/staging.cdsboutique.com\/wp-content\/uploads\/2020\/09\/15502.jpg",100,100,false],"logo-size":["https:\/\/staging.cdsboutique.com\/wp-content\/uploads\/2020\/09\/15502.jpg",84,84,false],"blog":["https:\/\/staging.cdsboutique.com\/wp-content\/uploads\/2020\/09\/15502.jpg",260,260,false]},"post_excerpt_stackable_v2":"<\/p>\n<p><strong>This Bear Bottle is a fun and friendly way to make drinking easier for people with oral motor difficulties.<\/strong><\/p>\n<p><span>It&#8217;s also an excellent way to transition babies straight from bottles to straw drinking&nbsp;&ndash; skipping sippy cups altogether! Most sippy cups promote improper tongue and lip positioning that can cause speech problems later on. Straws are a better alternative, as they strengthen the mouth muscles and encourage tongue retraction, cheek tension, and lip closure.<\/span><\/p>\n<p>The Bear Bottle features a unique valve that controls the direction of fluid &ndash; liquid flows up into the straw but does not flow back down. Simply squeeze the bear&#8217;s belly until fluid reaches the top of the straw and release. Fluids will stay at the top of the straw, thereby decreasing the effort required to drink. Highly recommended for individuals who tend to aspirate or have a weak suck with difficulties generating and maintaining suction.<\/p>\n<p>The ensemble includes 1 easy-to-squeeze Bear Bottle with a snap-close cap, 1&nbsp;Select-Flow valve, 2&nbsp;eight-inch long&nbsp;tubing straws, 1 yellow&nbsp;Lip Blok&reg; (0.75 in),&nbsp;and instructions. The tubing straw is a reusable, chewable, durable alternative to traditional straws, and the Lip Blok prevents kids from biting on the straw or putting it too far into their mouths.&nbsp;<\/p>\n<p>Details:<\/p>\n<ul>\n<li>No BPA, PVC, lead, phthalates, or latex;<\/li>\n<li>Dishwasher-safe;<\/li>\n<li>Holds 8 oz of fluid;<\/li>\n<li>Bottle measures approximately 2 x 2.5 x 6 in;<\/li>\n<li>Recommended for thin liquids (water, milk, juice without pulp, etc), and not recommended for carbonated beverages;<\/li>\n<li>If you&#8217;re using thickened liquids, in general for most thickener brands, &#8220;nectar&#8221; consistency works fine. If you trim the tapered end of the valve to open up the flow, a &#8220;honey&#8221; consistency will work but will be harder to&nbsp;suck through the straw. Pudding does not work, as it&#8217;s too thick to drink through even a regular straw without a valve.&nbsp;&nbsp;<\/li>\n<\/ul>\n","category_list_v2":"","author_info_v2":{"name":"","url":""},"comments_num_v2":"0 comments","yoast_head":"<!-- This site is optimized with the Yoast SEO plugin v27.4 - https:\/\/yoast.com\/product\/yoast-seo-wordpress\/ -->\n<title>Bear Bottle<\/title>\n<meta name=\"description\" content=\"This Bear Bottle is a fun and friendly way to make drinking easier for people with oral motor difficulties. It&#039;s also an excellent way to transition babies straight from bottles to straw drinking \u2013 skipping sippy cups altogether! Most sippy cups promote\" \/>\n<meta name=\"robots\" content=\"noindex, follow, max-snippet:-1, max-image-preview:large, max-video-preview:-1\" \/>\n<meta property=\"og:locale\" content=\"en_US\" \/>\n<meta property=\"og:type\" content=\"article\" \/>\n<meta property=\"og:title\" content=\"Bear Bottle\" \/>\n<meta property=\"og:description\" content=\"This Bear Bottle is a fun and friendly way to make drinking easier for people with oral motor difficulties. It&#039;s also an excellent way to transition babies straight from bottles to straw drinking \u2013 skipping sippy cups altogether! Most sippy cups promote\" \/>\n<meta property=\"og:url\" content=\"https:\/\/staging.cdsboutique.com\/en\/product\/bear-bottle\/\" \/>\n<meta property=\"og:site_name\" content=\"CDS boutique A\u00een\u00e9s\" \/>\n<meta property=\"article:publisher\" content=\"https:\/\/www.facebook.com\/CDSBoutique.Aines.Seniors\" \/>\n<meta property=\"article:modified_time\" content=\"2020-12-24T06:56:15+00:00\" \/>\n<meta property=\"og:image\" content=\"https:\/\/staging.cdsboutique.com\/wp-content\/uploads\/2020\/09\/15502.jpg\" \/>\n\t<meta property=\"og:image:width\" content=\"1280\" \/>\n\t<meta property=\"og:image:height\" content=\"1280\" \/>\n\t<meta property=\"og:image:type\" content=\"image\/jpeg\" \/>\n<meta name=\"twitter:card\" content=\"summary_large_image\" \/>\n<meta name=\"twitter:label1\" content=\"Est. reading time\" \/>\n\t<meta name=\"twitter:data1\" content=\"2 minutes\" \/>\n<script type=\"application\/ld+json\" class=\"yoast-schema-graph\">{\"@context\":\"https:\\\/\\\/schema.org\",\"@graph\":[{\"@type\":\"WebPage\",\"@id\":\"https:\\\/\\\/staging.cdsboutique.com\\\/en\\\/product\\\/bear-bottle\\\/\",\"url\":\"https:\\\/\\\/staging.cdsboutique.com\\\/en\\\/product\\\/bear-bottle\\\/\",\"name\":\"Bear Bottle\",\"isPartOf\":{\"@id\":\"https:\\\/\\\/staging.cdsboutique.com\\\/#website\"},\"primaryImageOfPage\":{\"@id\":\"https:\\\/\\\/staging.cdsboutique.com\\\/en\\\/product\\\/bear-bottle\\\/#primaryimage\"},\"image\":{\"@id\":\"https:\\\/\\\/staging.cdsboutique.com\\\/en\\\/product\\\/bear-bottle\\\/#primaryimage\"},\"thumbnailUrl\":\"https:\\\/\\\/staging.cdsboutique.com\\\/wp-content\\\/uploads\\\/2020\\\/09\\\/15502.jpg\",\"datePublished\":\"2020-11-20T17:19:11+00:00\",\"dateModified\":\"2020-12-24T06:56:15+00:00\",\"description\":\"This Bear Bottle is a fun and friendly way to make drinking easier for people with oral motor difficulties. It's also an excellent way to transition babies straight from bottles to straw drinking \u2013 skipping sippy cups altogether! Most sippy cups promote\",\"breadcrumb\":{\"@id\":\"https:\\\/\\\/staging.cdsboutique.com\\\/en\\\/product\\\/bear-bottle\\\/#breadcrumb\"},\"inLanguage\":\"en-US\",\"potentialAction\":[{\"@type\":\"ReadAction\",\"target\":[\"https:\\\/\\\/staging.cdsboutique.com\\\/en\\\/product\\\/bear-bottle\\\/\"]}]},{\"@type\":\"ImageObject\",\"inLanguage\":\"en-US\",\"@id\":\"https:\\\/\\\/staging.cdsboutique.com\\\/en\\\/product\\\/bear-bottle\\\/#primaryimage\",\"url\":\"https:\\\/\\\/staging.cdsboutique.com\\\/wp-content\\\/uploads\\\/2020\\\/09\\\/15502.jpg\",\"contentUrl\":\"https:\\\/\\\/staging.cdsboutique.com\\\/wp-content\\\/uploads\\\/2020\\\/09\\\/15502.jpg\",\"width\":1280,\"height\":1280},{\"@type\":\"BreadcrumbList\",\"@id\":\"https:\\\/\\\/staging.cdsboutique.com\\\/en\\\/product\\\/bear-bottle\\\/#breadcrumb\",\"itemListElement\":[{\"@type\":\"ListItem\",\"position\":1,\"name\":\"Home\",\"item\":\"https:\\\/\\\/staging.cdsboutique.com\\\/en\\\/\"},{\"@type\":\"ListItem\",\"position\":2,\"name\":\"Products\",\"item\":\"https:\\\/\\\/staging.cdsboutique.com\\\/en\\\/products\\\/\"},{\"@type\":\"ListItem\",\"position\":3,\"name\":\"Bear Bottle\"}]},{\"@type\":\"WebSite\",\"@id\":\"https:\\\/\\\/staging.cdsboutique.com\\\/#website\",\"url\":\"https:\\\/\\\/staging.cdsboutique.com\\\/\",\"name\":\"CDS boutique A\u00een\u00e9s\",\"description\":\"Pour une meilleure qualit\u00e9 de vie\",\"publisher\":{\"@id\":\"https:\\\/\\\/staging.cdsboutique.com\\\/#organization\"},\"potentialAction\":[{\"@type\":\"SearchAction\",\"target\":{\"@type\":\"EntryPoint\",\"urlTemplate\":\"https:\\\/\\\/staging.cdsboutique.com\\\/?s={search_term_string}\"},\"query-input\":{\"@type\":\"PropertyValueSpecification\",\"valueRequired\":true,\"valueName\":\"search_term_string\"}}],\"inLanguage\":\"en-US\"},{\"@type\":\"Organization\",\"@id\":\"https:\\\/\\\/staging.cdsboutique.com\\\/#organization\",\"name\":\"CDS Boutique\",\"url\":\"https:\\\/\\\/staging.cdsboutique.com\\\/\",\"logo\":{\"@type\":\"ImageObject\",\"inLanguage\":\"en-US\",\"@id\":\"https:\\\/\\\/staging.cdsboutique.com\\\/#\\\/schema\\\/logo\\\/image\\\/\",\"url\":\"https:\\\/\\\/staging.cdsboutique.com\\\/wp-content\\\/uploads\\\/2024\\\/09\\\/logoCDS-Boutique_final2024.jpg\",\"contentUrl\":\"https:\\\/\\\/staging.cdsboutique.com\\\/wp-content\\\/uploads\\\/2024\\\/09\\\/logoCDS-Boutique_final2024.jpg\",\"width\":900,\"height\":600,\"caption\":\"CDS Boutique\"},\"image\":{\"@id\":\"https:\\\/\\\/staging.cdsboutique.com\\\/#\\\/schema\\\/logo\\\/image\\\/\"},\"sameAs\":[\"https:\\\/\\\/www.facebook.com\\\/CDSBoutique.Aines.Seniors\",\"https:\\\/\\\/www.youtube.com\\\/@cdsboutique4046\",\"https:\\\/\\\/www.linkedin.com\\\/company\\\/cds-boutique\\\/\",\"https:\\\/\\\/www.instagram.com\\\/cdsboutique\\\/\"]}]}<\/script>\n<!-- \/ Yoast SEO plugin. -->","yoast_head_json":{"title":"Bear Bottle","description":"This Bear Bottle is a fun and friendly way to make drinking easier for people with oral motor difficulties. It's also an excellent way to transition babies straight from bottles to straw drinking \u2013 skipping sippy cups altogether! Most sippy cups promote","robots":{"index":"noindex","follow":"follow","max-snippet":"max-snippet:-1","max-image-preview":"max-image-preview:large","max-video-preview":"max-video-preview:-1"},"og_locale":"en_US","og_type":"article","og_title":"Bear Bottle","og_description":"This Bear Bottle is a fun and friendly way to make drinking easier for people with oral motor difficulties. It's also an excellent way to transition babies straight from bottles to straw drinking \u2013 skipping sippy cups altogether! Most sippy cups promote","og_url":"https:\/\/staging.cdsboutique.com\/en\/product\/bear-bottle\/","og_site_name":"CDS boutique A\u00een\u00e9s","article_publisher":"https:\/\/www.facebook.com\/CDSBoutique.Aines.Seniors","article_modified_time":"2020-12-24T06:56:15+00:00","og_image":[{"width":1280,"height":1280,"url":"https:\/\/staging.cdsboutique.com\/wp-content\/uploads\/2020\/09\/15502.jpg","type":"image\/jpeg"}],"twitter_card":"summary_large_image","twitter_misc":{"Est. reading time":"2 minutes"},"schema":{"@context":"https:\/\/schema.org","@graph":[{"@type":"WebPage","@id":"https:\/\/staging.cdsboutique.com\/en\/product\/bear-bottle\/","url":"https:\/\/staging.cdsboutique.com\/en\/product\/bear-bottle\/","name":"Bear Bottle","isPartOf":{"@id":"https:\/\/staging.cdsboutique.com\/#website"},"primaryImageOfPage":{"@id":"https:\/\/staging.cdsboutique.com\/en\/product\/bear-bottle\/#primaryimage"},"image":{"@id":"https:\/\/staging.cdsboutique.com\/en\/product\/bear-bottle\/#primaryimage"},"thumbnailUrl":"https:\/\/staging.cdsboutique.com\/wp-content\/uploads\/2020\/09\/15502.jpg","datePublished":"2020-11-20T17:19:11+00:00","dateModified":"2020-12-24T06:56:15+00:00","description":"This Bear Bottle is a fun and friendly way to make drinking easier for people with oral motor difficulties. It's also an excellent way to transition babies straight from bottles to straw drinking \u2013 skipping sippy cups altogether! Most sippy cups promote","breadcrumb":{"@id":"https:\/\/staging.cdsboutique.com\/en\/product\/bear-bottle\/#breadcrumb"},"inLanguage":"en-US","potentialAction":[{"@type":"ReadAction","target":["https:\/\/staging.cdsboutique.com\/en\/product\/bear-bottle\/"]}]},{"@type":"ImageObject","inLanguage":"en-US","@id":"https:\/\/staging.cdsboutique.com\/en\/product\/bear-bottle\/#primaryimage","url":"https:\/\/staging.cdsboutique.com\/wp-content\/uploads\/2020\/09\/15502.jpg","contentUrl":"https:\/\/staging.cdsboutique.com\/wp-content\/uploads\/2020\/09\/15502.jpg","width":1280,"height":1280},{"@type":"BreadcrumbList","@id":"https:\/\/staging.cdsboutique.com\/en\/product\/bear-bottle\/#breadcrumb","itemListElement":[{"@type":"ListItem","position":1,"name":"Home","item":"https:\/\/staging.cdsboutique.com\/en\/"},{"@type":"ListItem","position":2,"name":"Products","item":"https:\/\/staging.cdsboutique.com\/en\/products\/"},{"@type":"ListItem","position":3,"name":"Bear Bottle"}]},{"@type":"WebSite","@id":"https:\/\/staging.cdsboutique.com\/#website","url":"https:\/\/staging.cdsboutique.com\/","name":"CDS boutique A\u00een\u00e9s","description":"Pour une meilleure qualit\u00e9 de vie","publisher":{"@id":"https:\/\/staging.cdsboutique.com\/#organization"},"potentialAction":[{"@type":"SearchAction","target":{"@type":"EntryPoint","urlTemplate":"https:\/\/staging.cdsboutique.com\/?s={search_term_string}"},"query-input":{"@type":"PropertyValueSpecification","valueRequired":true,"valueName":"search_term_string"}}],"inLanguage":"en-US"},{"@type":"Organization","@id":"https:\/\/staging.cdsboutique.com\/#organization","name":"CDS Boutique","url":"https:\/\/staging.cdsboutique.com\/","logo":{"@type":"ImageObject","inLanguage":"en-US","@id":"https:\/\/staging.cdsboutique.com\/#\/schema\/logo\/image\/","url":"https:\/\/staging.cdsboutique.com\/wp-content\/uploads\/2024\/09\/logoCDS-Boutique_final2024.jpg","contentUrl":"https:\/\/staging.cdsboutique.com\/wp-content\/uploads\/2024\/09\/logoCDS-Boutique_final2024.jpg","width":900,"height":600,"caption":"CDS Boutique"},"image":{"@id":"https:\/\/staging.cdsboutique.com\/#\/schema\/logo\/image\/"},"sameAs":["https:\/\/www.facebook.com\/CDSBoutique.Aines.Seniors","https:\/\/www.youtube.com\/@cdsboutique4046","https:\/\/www.linkedin.com\/company\/cds-boutique\/","https:\/\/www.instagram.com\/cdsboutique\/"]}]}},"_links":{"self":[{"href":"https:\/\/staging.cdsboutique.com\/en\/wp-json\/wp\/v2\/product\/28241","targetHints":{"allow":["GET"]}}],"collection":[{"href":"https:\/\/staging.cdsboutique.com\/en\/wp-json\/wp\/v2\/product"}],"about":[{"href":"https:\/\/staging.cdsboutique.com\/en\/wp-json\/wp\/v2\/types\/product"}],"replies":[{"embeddable":true,"href":"https:\/\/staging.cdsboutique.com\/en\/wp-json\/wp\/v2\/comments?post=28241"}],"wp:featuredmedia":[{"embeddable":true,"href":"https:\/\/staging.cdsboutique.com\/en\/wp-json\/wp\/v2\/media\/6678"}],"wp:attachment":[{"href":"https:\/\/staging.cdsboutique.com\/en\/wp-json\/wp\/v2\/media?parent=28241"}],"wp:term":[{"taxonomy":"product_brand","embeddable":true,"href":"https:\/\/staging.cdsboutique.com\/en\/wp-json\/wp\/v2\/product_brand?post=28241"},{"taxonomy":"product_cat","embeddable":true,"href":"https:\/\/staging.cdsboutique.com\/en\/wp-json\/wp\/v2\/product_cat?post=28241"},{"taxonomy":"product_tag","embeddable":true,"href":"https:\/\/staging.cdsboutique.com\/en\/wp-json\/wp\/v2\/product_tag?post=28241"}],"curies":[{"name":"wp","href":"https:\/\/api.w.org\/{rel}","templated":true}]}}