{"id":28268,"date":"2020-11-20T10:07:43","date_gmt":"2020-11-20T17:20:05","guid":{"rendered":"https:\/\/cdsboutique.com\/produits\/colour-diffusing-paper-blank-sheets\/"},"modified":"2020-11-20T12:20:14","modified_gmt":"2020-11-20T17:20:14","slug":"colour-diffusing-paper-blank-sheets","status":"publish","type":"product","link":"https:\/\/staging.cdsboutique.com\/en\/produit\/colour-diffusing-paper-blank-sheets\/","title":{"rendered":"Colour Diffusing Paper &#8211; Blank Sheets"},"content":{"rendered":"<\/p>\n<p><strong>These tissue-like papers have a unique texture that allows people of any level of autonomy to easily create beautiful visuals.<\/strong><\/p>\n<p>Use liquid watercolour, food colouring or washable markers and see the colours&nbsp;mingle and disperse by swirling.&nbsp;You can also draw on&nbsp;these papers or cut them out before you soak them, or even add&nbsp;pencil details, glitter, etc., later on when dry.<\/p>\n<p>Details:&nbsp;&nbsp;<\/p>\n<ul>\n<li>Contains 50 sheets and an idea guide;<\/li>\n<li>Age: 4 to 99 years old;<\/li>\n<li>Dimensions:<span>&nbsp;<span>9 x 12 in (23 x 30 cm).<\/span><\/span><\/li>\n<\/ul>\n","protected":false},"excerpt":{"rendered":"<\/p>\n<p><strong>These tissue-like papers have a unique texture that allows people of any level of autonomy to easily create beautiful visuals.<\/strong><\/p>\n<p>Use liquid watercolour, food colouring or washable markers and see the colours&nbsp;mingle and disperse by swirling.&nbsp;You can also draw on&nbsp;these papers or cut them out before you soak them, or even add&nbsp;pencil details, glitter, etc., later on when dry.<\/p>\n<p>Details:&nbsp;&nbsp;<\/p>\n<ul>\n<li>Contains 50 sheets and an idea guide;<\/li>\n<li>Age: 4 to 99 years old;<\/li>\n<li>Dimensions:<span>&nbsp;<span>9 x 12 in (23 x 30 cm).<\/span><\/span><\/li>\n<\/ul>\n","protected":false},"featured_media":6765,"comment_status":"open","ping_status":"closed","template":"","meta":{"_acf_changed":false},"product_brand":[],"product_cat":[4401,2816,2864,2817],"product_tag":[],"class_list":{"0":"post-28268","1":"product","2":"type-product","3":"status-publish","4":"has-post-thumbnail","6":"product_cat-all","7":"product_cat-arts-crafts","8":"product_cat-colouring-books","9":"product_cat-creative-artistic-projects","10":"product_shipping_class-frais-de-livraison-en","12":"first","13":"instock","14":"taxable","15":"shipping-taxable","16":"purchasable","17":"product-type-simple"},"bundled_by":["54896"],"bundle_stock_status":"instock","bundle_stock_quantity":null,"bundle_virtual":false,"bundle_layout":"","bundle_add_to_cart_form_location":"","bundle_editable_in_cart":false,"bundle_sold_individually_context":"","bundle_item_grouping":"","bundle_min_size":"","bundle_max_size":"","bundle_price":[],"bundled_items":[],"bundle_sell_ids":[],"acf":[],"featured_image_urls_v2":{"full":["https:\/\/staging.cdsboutique.com\/wp-content\/uploads\/2020\/09\/1987-8_lowrez.jpg",1100,1100,false],"thumbnail":["https:\/\/staging.cdsboutique.com\/wp-content\/uploads\/2020\/09\/1987-8_lowrez.jpg",150,150,false],"medium":["https:\/\/staging.cdsboutique.com\/wp-content\/uploads\/2020\/09\/1987-8_lowrez.jpg",300,300,false],"medium_large":["https:\/\/staging.cdsboutique.com\/wp-content\/uploads\/2020\/09\/1987-8_lowrez.jpg",768,768,false],"large":["https:\/\/staging.cdsboutique.com\/wp-content\/uploads\/2020\/09\/1987-8_lowrez.jpg",980,980,false],"1536x1536":["https:\/\/staging.cdsboutique.com\/wp-content\/uploads\/2020\/09\/1987-8_lowrez.jpg",1100,1100,false],"2048x2048":["https:\/\/staging.cdsboutique.com\/wp-content\/uploads\/2020\/09\/1987-8_lowrez.jpg",1100,1100,false],"gform-image-choice-sm":["https:\/\/staging.cdsboutique.com\/wp-content\/uploads\/2020\/09\/1987-8_lowrez.jpg",300,300,false],"gform-image-choice-md":["https:\/\/staging.cdsboutique.com\/wp-content\/uploads\/2020\/09\/1987-8_lowrez.jpg",400,400,false],"gform-image-choice-lg":["https:\/\/staging.cdsboutique.com\/wp-content\/uploads\/2020\/09\/1987-8_lowrez.jpg",600,600,false],"woocommerce_thumbnail":["https:\/\/staging.cdsboutique.com\/wp-content\/uploads\/2020\/09\/1987-8_lowrez-300x300.jpg",300,300,true],"woocommerce_single":["https:\/\/staging.cdsboutique.com\/wp-content\/uploads\/2020\/09\/1987-8_lowrez-600x600.jpg",600,600,true],"woocommerce_gallery_thumbnail":["https:\/\/staging.cdsboutique.com\/wp-content\/uploads\/2020\/09\/1987-8_lowrez-100x100.jpg",100,100,true],"variation_swatches_image_size":["https:\/\/staging.cdsboutique.com\/wp-content\/uploads\/2020\/09\/1987-8_lowrez.jpg",50,50,false],"variation_swatches_tooltip_size":["https:\/\/staging.cdsboutique.com\/wp-content\/uploads\/2020\/09\/1987-8_lowrez.jpg",100,100,false],"logo-size":["https:\/\/staging.cdsboutique.com\/wp-content\/uploads\/2020\/09\/1987-8_lowrez.jpg",84,84,false],"blog":["https:\/\/staging.cdsboutique.com\/wp-content\/uploads\/2020\/09\/1987-8_lowrez.jpg",260,260,false]},"post_excerpt_stackable_v2":"<\/p>\n<p><strong>These tissue-like papers have a unique texture that allows people of any level of autonomy to easily create beautiful visuals.<\/strong><\/p>\n<p>Use liquid watercolour, food colouring or washable markers and see the colours&nbsp;mingle and disperse by swirling.&nbsp;You can also draw on&nbsp;these papers or cut them out before you soak them, or even add&nbsp;pencil details, glitter, etc., later on when dry.<\/p>\n<p>Details:&nbsp;&nbsp;<\/p>\n<ul>\n<li>Contains 50 sheets and an idea guide;<\/li>\n<li>Age: 4 to 99 years old;<\/li>\n<li>Dimensions:<span>&nbsp;<span>9 x 12 in (23 x 30 cm).<\/span><\/span><\/li>\n<\/ul>\n","category_list_v2":"","author_info_v2":{"name":"","url":""},"comments_num_v2":"0 comments","yoast_head":"<!-- This site is optimized with the Yoast SEO plugin v27.4 - https:\/\/yoast.com\/product\/yoast-seo-wordpress\/ -->\n<title>Colour Diffusing Paper - Blank Sheets<\/title>\n<meta name=\"description\" content=\"These tissue-like papers have a unique texture that allows people of any level of autonomy to easily create beautiful visuals. Use liquid watercolour, food colouring or washable markers and see the colours mix and disperse in a swirling way. You can also\" \/>\n<meta name=\"robots\" content=\"noindex, follow, max-snippet:-1, max-image-preview:large, max-video-preview:-1\" \/>\n<meta property=\"og:locale\" content=\"en_US\" \/>\n<meta property=\"og:type\" content=\"article\" \/>\n<meta property=\"og:title\" content=\"Colour Diffusing Paper - Blank Sheets\" \/>\n<meta property=\"og:description\" content=\"These tissue-like papers have a unique texture that allows people of any level of autonomy to easily create beautiful visuals. Use liquid watercolour, food colouring or washable markers and see the colours mix and disperse in a swirling way. You can also\" \/>\n<meta property=\"og:url\" content=\"https:\/\/staging.cdsboutique.com\/en\/product\/colour-diffusing-paper-blank-sheets\/\" \/>\n<meta property=\"og:site_name\" content=\"CDS boutique A\u00een\u00e9s\" \/>\n<meta property=\"article:publisher\" content=\"https:\/\/www.facebook.com\/CDSBoutique.Aines.Seniors\" \/>\n<meta property=\"article:modified_time\" content=\"2020-11-20T17:20:14+00:00\" \/>\n<meta property=\"og:image\" content=\"https:\/\/staging.cdsboutique.com\/wp-content\/uploads\/2020\/09\/1987-8_lowrez.jpg\" \/>\n\t<meta property=\"og:image:width\" content=\"1100\" \/>\n\t<meta property=\"og:image:height\" content=\"1100\" \/>\n\t<meta property=\"og:image:type\" content=\"image\/jpeg\" \/>\n<meta name=\"twitter:card\" content=\"summary_large_image\" \/>\n<script type=\"application\/ld+json\" class=\"yoast-schema-graph\">{\"@context\":\"https:\\\/\\\/schema.org\",\"@graph\":[{\"@type\":\"WebPage\",\"@id\":\"https:\\\/\\\/staging.cdsboutique.com\\\/en\\\/product\\\/colour-diffusing-paper-blank-sheets\\\/\",\"url\":\"https:\\\/\\\/staging.cdsboutique.com\\\/en\\\/product\\\/colour-diffusing-paper-blank-sheets\\\/\",\"name\":\"Colour Diffusing Paper - Blank Sheets\",\"isPartOf\":{\"@id\":\"https:\\\/\\\/staging.cdsboutique.com\\\/#website\"},\"primaryImageOfPage\":{\"@id\":\"https:\\\/\\\/staging.cdsboutique.com\\\/en\\\/product\\\/colour-diffusing-paper-blank-sheets\\\/#primaryimage\"},\"image\":{\"@id\":\"https:\\\/\\\/staging.cdsboutique.com\\\/en\\\/product\\\/colour-diffusing-paper-blank-sheets\\\/#primaryimage\"},\"thumbnailUrl\":\"https:\\\/\\\/staging.cdsboutique.com\\\/wp-content\\\/uploads\\\/2020\\\/09\\\/1987-8_lowrez.jpg\",\"datePublished\":\"2020-11-20T17:20:05+00:00\",\"dateModified\":\"2020-11-20T17:20:14+00:00\",\"description\":\"These tissue-like papers have a unique texture that allows people of any level of autonomy to easily create beautiful visuals. Use liquid watercolour, food colouring or washable markers and see the colours mix and disperse in a swirling way. You can also\",\"breadcrumb\":{\"@id\":\"https:\\\/\\\/staging.cdsboutique.com\\\/en\\\/product\\\/colour-diffusing-paper-blank-sheets\\\/#breadcrumb\"},\"inLanguage\":\"en-US\",\"potentialAction\":[{\"@type\":\"ReadAction\",\"target\":[\"https:\\\/\\\/staging.cdsboutique.com\\\/en\\\/product\\\/colour-diffusing-paper-blank-sheets\\\/\"]}]},{\"@type\":\"ImageObject\",\"inLanguage\":\"en-US\",\"@id\":\"https:\\\/\\\/staging.cdsboutique.com\\\/en\\\/product\\\/colour-diffusing-paper-blank-sheets\\\/#primaryimage\",\"url\":\"https:\\\/\\\/staging.cdsboutique.com\\\/wp-content\\\/uploads\\\/2020\\\/09\\\/1987-8_lowrez.jpg\",\"contentUrl\":\"https:\\\/\\\/staging.cdsboutique.com\\\/wp-content\\\/uploads\\\/2020\\\/09\\\/1987-8_lowrez.jpg\",\"width\":1100,\"height\":1100},{\"@type\":\"BreadcrumbList\",\"@id\":\"https:\\\/\\\/staging.cdsboutique.com\\\/en\\\/product\\\/colour-diffusing-paper-blank-sheets\\\/#breadcrumb\",\"itemListElement\":[{\"@type\":\"ListItem\",\"position\":1,\"name\":\"Home\",\"item\":\"https:\\\/\\\/staging.cdsboutique.com\\\/en\\\/\"},{\"@type\":\"ListItem\",\"position\":2,\"name\":\"Products\",\"item\":\"https:\\\/\\\/staging.cdsboutique.com\\\/en\\\/products\\\/\"},{\"@type\":\"ListItem\",\"position\":3,\"name\":\"Colour Diffusing Paper &#8211; Blank Sheets\"}]},{\"@type\":\"WebSite\",\"@id\":\"https:\\\/\\\/staging.cdsboutique.com\\\/#website\",\"url\":\"https:\\\/\\\/staging.cdsboutique.com\\\/\",\"name\":\"CDS boutique A\u00een\u00e9s\",\"description\":\"Pour une meilleure qualit\u00e9 de vie\",\"publisher\":{\"@id\":\"https:\\\/\\\/staging.cdsboutique.com\\\/#organization\"},\"potentialAction\":[{\"@type\":\"SearchAction\",\"target\":{\"@type\":\"EntryPoint\",\"urlTemplate\":\"https:\\\/\\\/staging.cdsboutique.com\\\/?s={search_term_string}\"},\"query-input\":{\"@type\":\"PropertyValueSpecification\",\"valueRequired\":true,\"valueName\":\"search_term_string\"}}],\"inLanguage\":\"en-US\"},{\"@type\":\"Organization\",\"@id\":\"https:\\\/\\\/staging.cdsboutique.com\\\/#organization\",\"name\":\"CDS Boutique\",\"url\":\"https:\\\/\\\/staging.cdsboutique.com\\\/\",\"logo\":{\"@type\":\"ImageObject\",\"inLanguage\":\"en-US\",\"@id\":\"https:\\\/\\\/staging.cdsboutique.com\\\/#\\\/schema\\\/logo\\\/image\\\/\",\"url\":\"https:\\\/\\\/staging.cdsboutique.com\\\/wp-content\\\/uploads\\\/2024\\\/09\\\/logoCDS-Boutique_final2024.jpg\",\"contentUrl\":\"https:\\\/\\\/staging.cdsboutique.com\\\/wp-content\\\/uploads\\\/2024\\\/09\\\/logoCDS-Boutique_final2024.jpg\",\"width\":900,\"height\":600,\"caption\":\"CDS Boutique\"},\"image\":{\"@id\":\"https:\\\/\\\/staging.cdsboutique.com\\\/#\\\/schema\\\/logo\\\/image\\\/\"},\"sameAs\":[\"https:\\\/\\\/www.facebook.com\\\/CDSBoutique.Aines.Seniors\",\"https:\\\/\\\/www.youtube.com\\\/@cdsboutique4046\",\"https:\\\/\\\/www.linkedin.com\\\/company\\\/cds-boutique\\\/\",\"https:\\\/\\\/www.instagram.com\\\/cdsboutique\\\/\"]}]}<\/script>\n<!-- \/ Yoast SEO plugin. -->","yoast_head_json":{"title":"Colour Diffusing Paper - Blank Sheets","description":"These tissue-like papers have a unique texture that allows people of any level of autonomy to easily create beautiful visuals. Use liquid watercolour, food colouring or washable markers and see the colours mix and disperse in a swirling way. You can also","robots":{"index":"noindex","follow":"follow","max-snippet":"max-snippet:-1","max-image-preview":"max-image-preview:large","max-video-preview":"max-video-preview:-1"},"og_locale":"en_US","og_type":"article","og_title":"Colour Diffusing Paper - Blank Sheets","og_description":"These tissue-like papers have a unique texture that allows people of any level of autonomy to easily create beautiful visuals. Use liquid watercolour, food colouring or washable markers and see the colours mix and disperse in a swirling way. You can also","og_url":"https:\/\/staging.cdsboutique.com\/en\/product\/colour-diffusing-paper-blank-sheets\/","og_site_name":"CDS boutique A\u00een\u00e9s","article_publisher":"https:\/\/www.facebook.com\/CDSBoutique.Aines.Seniors","article_modified_time":"2020-11-20T17:20:14+00:00","og_image":[{"width":1100,"height":1100,"url":"https:\/\/staging.cdsboutique.com\/wp-content\/uploads\/2020\/09\/1987-8_lowrez.jpg","type":"image\/jpeg"}],"twitter_card":"summary_large_image","schema":{"@context":"https:\/\/schema.org","@graph":[{"@type":"WebPage","@id":"https:\/\/staging.cdsboutique.com\/en\/product\/colour-diffusing-paper-blank-sheets\/","url":"https:\/\/staging.cdsboutique.com\/en\/product\/colour-diffusing-paper-blank-sheets\/","name":"Colour Diffusing Paper - Blank Sheets","isPartOf":{"@id":"https:\/\/staging.cdsboutique.com\/#website"},"primaryImageOfPage":{"@id":"https:\/\/staging.cdsboutique.com\/en\/product\/colour-diffusing-paper-blank-sheets\/#primaryimage"},"image":{"@id":"https:\/\/staging.cdsboutique.com\/en\/product\/colour-diffusing-paper-blank-sheets\/#primaryimage"},"thumbnailUrl":"https:\/\/staging.cdsboutique.com\/wp-content\/uploads\/2020\/09\/1987-8_lowrez.jpg","datePublished":"2020-11-20T17:20:05+00:00","dateModified":"2020-11-20T17:20:14+00:00","description":"These tissue-like papers have a unique texture that allows people of any level of autonomy to easily create beautiful visuals. Use liquid watercolour, food colouring or washable markers and see the colours mix and disperse in a swirling way. You can also","breadcrumb":{"@id":"https:\/\/staging.cdsboutique.com\/en\/product\/colour-diffusing-paper-blank-sheets\/#breadcrumb"},"inLanguage":"en-US","potentialAction":[{"@type":"ReadAction","target":["https:\/\/staging.cdsboutique.com\/en\/product\/colour-diffusing-paper-blank-sheets\/"]}]},{"@type":"ImageObject","inLanguage":"en-US","@id":"https:\/\/staging.cdsboutique.com\/en\/product\/colour-diffusing-paper-blank-sheets\/#primaryimage","url":"https:\/\/staging.cdsboutique.com\/wp-content\/uploads\/2020\/09\/1987-8_lowrez.jpg","contentUrl":"https:\/\/staging.cdsboutique.com\/wp-content\/uploads\/2020\/09\/1987-8_lowrez.jpg","width":1100,"height":1100},{"@type":"BreadcrumbList","@id":"https:\/\/staging.cdsboutique.com\/en\/product\/colour-diffusing-paper-blank-sheets\/#breadcrumb","itemListElement":[{"@type":"ListItem","position":1,"name":"Home","item":"https:\/\/staging.cdsboutique.com\/en\/"},{"@type":"ListItem","position":2,"name":"Products","item":"https:\/\/staging.cdsboutique.com\/en\/products\/"},{"@type":"ListItem","position":3,"name":"Colour Diffusing Paper &#8211; Blank Sheets"}]},{"@type":"WebSite","@id":"https:\/\/staging.cdsboutique.com\/#website","url":"https:\/\/staging.cdsboutique.com\/","name":"CDS boutique A\u00een\u00e9s","description":"Pour une meilleure qualit\u00e9 de vie","publisher":{"@id":"https:\/\/staging.cdsboutique.com\/#organization"},"potentialAction":[{"@type":"SearchAction","target":{"@type":"EntryPoint","urlTemplate":"https:\/\/staging.cdsboutique.com\/?s={search_term_string}"},"query-input":{"@type":"PropertyValueSpecification","valueRequired":true,"valueName":"search_term_string"}}],"inLanguage":"en-US"},{"@type":"Organization","@id":"https:\/\/staging.cdsboutique.com\/#organization","name":"CDS Boutique","url":"https:\/\/staging.cdsboutique.com\/","logo":{"@type":"ImageObject","inLanguage":"en-US","@id":"https:\/\/staging.cdsboutique.com\/#\/schema\/logo\/image\/","url":"https:\/\/staging.cdsboutique.com\/wp-content\/uploads\/2024\/09\/logoCDS-Boutique_final2024.jpg","contentUrl":"https:\/\/staging.cdsboutique.com\/wp-content\/uploads\/2024\/09\/logoCDS-Boutique_final2024.jpg","width":900,"height":600,"caption":"CDS Boutique"},"image":{"@id":"https:\/\/staging.cdsboutique.com\/#\/schema\/logo\/image\/"},"sameAs":["https:\/\/www.facebook.com\/CDSBoutique.Aines.Seniors","https:\/\/www.youtube.com\/@cdsboutique4046","https:\/\/www.linkedin.com\/company\/cds-boutique\/","https:\/\/www.instagram.com\/cdsboutique\/"]}]}},"_links":{"self":[{"href":"https:\/\/staging.cdsboutique.com\/en\/wp-json\/wp\/v2\/product\/28268","targetHints":{"allow":["GET"]}}],"collection":[{"href":"https:\/\/staging.cdsboutique.com\/en\/wp-json\/wp\/v2\/product"}],"about":[{"href":"https:\/\/staging.cdsboutique.com\/en\/wp-json\/wp\/v2\/types\/product"}],"replies":[{"embeddable":true,"href":"https:\/\/staging.cdsboutique.com\/en\/wp-json\/wp\/v2\/comments?post=28268"}],"wp:featuredmedia":[{"embeddable":true,"href":"https:\/\/staging.cdsboutique.com\/en\/wp-json\/wp\/v2\/media\/6765"}],"wp:attachment":[{"href":"https:\/\/staging.cdsboutique.com\/en\/wp-json\/wp\/v2\/media?parent=28268"}],"wp:term":[{"taxonomy":"product_brand","embeddable":true,"href":"https:\/\/staging.cdsboutique.com\/en\/wp-json\/wp\/v2\/product_brand?post=28268"},{"taxonomy":"product_cat","embeddable":true,"href":"https:\/\/staging.cdsboutique.com\/en\/wp-json\/wp\/v2\/product_cat?post=28268"},{"taxonomy":"product_tag","embeddable":true,"href":"https:\/\/staging.cdsboutique.com\/en\/wp-json\/wp\/v2\/product_tag?post=28268"}],"curies":[{"name":"wp","href":"https:\/\/api.w.org\/{rel}","templated":true}]}}