{"id":28269,"date":"2020-11-20T10:07:43","date_gmt":"2020-11-20T17:20:05","guid":{"rendered":"https:\/\/cdsboutique.com\/produits\/colour-diffusing-paper-leaves\/"},"modified":"2020-11-20T12:20:15","modified_gmt":"2020-11-20T17:20:15","slug":"colour-diffusing-paper-leaves","status":"publish","type":"product","link":"https:\/\/staging.cdsboutique.com\/en\/produit\/colour-diffusing-paper-leaves\/","title":{"rendered":"Colour Diffusing Paper &#8211; Leaves"},"content":{"rendered":"<\/p>\n<p><strong>Spray liquid watercolour paint or food colour over this fabric-like paper with interesting texture!<\/strong><\/p>\n<p>These tissue-like papers have a unique texture that allows people of any level of autonomy to easily create beautiful visuals. Watch the colours flow and blend. Once the paint is dry, embellish with markers, crayons and glitter glue. Beautiful results are guaranteed! Great for all ages and skill levels!&nbsp;<\/p>\n<p>Details: &nbsp;<\/p>\n<ul>\n<li>Contains 80 shapes and an idea guide;<\/li>\n<li>Age: 4 to 99 years old;<\/li>\n<li>Dimensions:&nbsp;<span>7 x 9 in (18 x 23 cm).<\/span><\/li>\n<\/ul>\n","protected":false},"excerpt":{"rendered":"<\/p>\n<p><strong>Spray liquid watercolour paint or food colour over this fabric-like paper with interesting texture!<\/strong><\/p>\n<p>These tissue-like papers have a unique texture that allows people of any level of autonomy to easily create beautiful visuals. Watch the colours flow and blend. Once the paint is dry, embellish with markers, crayons and glitter glue. Beautiful results are guaranteed! Great for all ages and skill levels!&nbsp;<\/p>\n<p>Details: &nbsp;<\/p>\n<ul>\n<li>Contains 80 shapes and an idea guide;<\/li>\n<li>Age: 4 to 99 years old;<\/li>\n<li>Dimensions:&nbsp;<span>7 x 9 in (18 x 23 cm).<\/span><\/li>\n<\/ul>\n","protected":false},"featured_media":6768,"comment_status":"open","ping_status":"closed","template":"","meta":{"_acf_changed":false},"product_brand":[],"product_cat":[4401,2816,2864],"product_tag":[],"class_list":{"0":"post-28269","1":"product","2":"type-product","3":"status-publish","4":"has-post-thumbnail","6":"product_cat-all","7":"product_cat-arts-crafts","8":"product_cat-colouring-books","9":"product_shipping_class-frais-de-livraison-en","11":"first","12":"instock","13":"taxable","14":"shipping-taxable","15":"purchasable","16":"product-type-simple"},"bundled_by":[],"bundle_stock_status":"instock","bundle_stock_quantity":null,"bundle_virtual":false,"bundle_layout":"","bundle_add_to_cart_form_location":"","bundle_editable_in_cart":false,"bundle_sold_individually_context":"","bundle_item_grouping":"","bundle_min_size":"","bundle_max_size":"","bundle_price":[],"bundled_items":[],"bundle_sell_ids":[],"acf":[],"featured_image_urls_v2":{"full":["https:\/\/staging.cdsboutique.com\/wp-content\/uploads\/2020\/09\/1988-1_lowrez.jpg",1000,904,false],"thumbnail":["https:\/\/staging.cdsboutique.com\/wp-content\/uploads\/2020\/09\/1988-1_lowrez.jpg",150,136,false],"medium":["https:\/\/staging.cdsboutique.com\/wp-content\/uploads\/2020\/09\/1988-1_lowrez.jpg",300,271,false],"medium_large":["https:\/\/staging.cdsboutique.com\/wp-content\/uploads\/2020\/09\/1988-1_lowrez.jpg",768,694,false],"large":["https:\/\/staging.cdsboutique.com\/wp-content\/uploads\/2020\/09\/1988-1_lowrez.jpg",980,886,false],"1536x1536":["https:\/\/staging.cdsboutique.com\/wp-content\/uploads\/2020\/09\/1988-1_lowrez.jpg",1000,904,false],"2048x2048":["https:\/\/staging.cdsboutique.com\/wp-content\/uploads\/2020\/09\/1988-1_lowrez.jpg",1000,904,false],"gform-image-choice-sm":["https:\/\/staging.cdsboutique.com\/wp-content\/uploads\/2020\/09\/1988-1_lowrez.jpg",300,271,false],"gform-image-choice-md":["https:\/\/staging.cdsboutique.com\/wp-content\/uploads\/2020\/09\/1988-1_lowrez.jpg",400,362,false],"gform-image-choice-lg":["https:\/\/staging.cdsboutique.com\/wp-content\/uploads\/2020\/09\/1988-1_lowrez.jpg",600,542,false],"woocommerce_thumbnail":["https:\/\/staging.cdsboutique.com\/wp-content\/uploads\/2020\/09\/1988-1_lowrez-300x271.jpg",300,271,true],"woocommerce_single":["https:\/\/staging.cdsboutique.com\/wp-content\/uploads\/2020\/09\/1988-1_lowrez-600x542.jpg",600,542,true],"woocommerce_gallery_thumbnail":["https:\/\/staging.cdsboutique.com\/wp-content\/uploads\/2020\/09\/1988-1_lowrez-100x100.jpg",100,100,true],"variation_swatches_image_size":["https:\/\/staging.cdsboutique.com\/wp-content\/uploads\/2020\/09\/1988-1_lowrez.jpg",50,45,false],"variation_swatches_tooltip_size":["https:\/\/staging.cdsboutique.com\/wp-content\/uploads\/2020\/09\/1988-1_lowrez.jpg",100,90,false],"logo-size":["https:\/\/staging.cdsboutique.com\/wp-content\/uploads\/2020\/09\/1988-1_lowrez.jpg",93,84,false],"blog":["https:\/\/staging.cdsboutique.com\/wp-content\/uploads\/2020\/09\/1988-1_lowrez.jpg",288,260,false]},"post_excerpt_stackable_v2":"<\/p>\n<p><strong>Spray liquid watercolour paint or food colour over this fabric-like paper with interesting texture!<\/strong><\/p>\n<p>These tissue-like papers have a unique texture that allows people of any level of autonomy to easily create beautiful visuals. Watch the colours flow and blend. Once the paint is dry, embellish with markers, crayons and glitter glue. Beautiful results are guaranteed! Great for all ages and skill levels!&nbsp;<\/p>\n<p>Details: &nbsp;<\/p>\n<ul>\n<li>Contains 80 shapes and an idea guide;<\/li>\n<li>Age: 4 to 99 years old;<\/li>\n<li>Dimensions:&nbsp;<span>7 x 9 in (18 x 23 cm).<\/span><\/li>\n<\/ul>\n","category_list_v2":"","author_info_v2":{"name":"","url":""},"comments_num_v2":"0 comments","yoast_head":"<!-- This site is optimized with the Yoast SEO plugin v27.4 - https:\/\/yoast.com\/product\/yoast-seo-wordpress\/ -->\n<title>Colour Diffusing Paper - Leaves<\/title>\n<meta name=\"description\" content=\"Spray liquid watercolour paint or food colour over this fabric-like paper with interesting texture! These tissue-like papers have a unique texture that allows people of any level of autonomy to easily create beautiful visuals. Watch the colours flow and\" \/>\n<meta name=\"robots\" content=\"noindex, follow, max-snippet:-1, max-image-preview:large, max-video-preview:-1\" \/>\n<meta property=\"og:locale\" content=\"en_US\" \/>\n<meta property=\"og:type\" content=\"article\" \/>\n<meta property=\"og:title\" content=\"Colour Diffusing Paper - Leaves\" \/>\n<meta property=\"og:description\" content=\"Spray liquid watercolour paint or food colour over this fabric-like paper with interesting texture! These tissue-like papers have a unique texture that allows people of any level of autonomy to easily create beautiful visuals. Watch the colours flow and\" \/>\n<meta property=\"og:url\" content=\"https:\/\/staging.cdsboutique.com\/en\/product\/colour-diffusing-paper-leaves\/\" \/>\n<meta property=\"og:site_name\" content=\"CDS boutique A\u00een\u00e9s\" \/>\n<meta property=\"article:publisher\" content=\"https:\/\/www.facebook.com\/CDSBoutique.Aines.Seniors\" \/>\n<meta property=\"article:modified_time\" content=\"2020-11-20T17:20:15+00:00\" \/>\n<meta property=\"og:image\" content=\"https:\/\/staging.cdsboutique.com\/wp-content\/uploads\/2020\/09\/1988-1_lowrez.jpg\" \/>\n\t<meta property=\"og:image:width\" content=\"1000\" \/>\n\t<meta property=\"og:image:height\" content=\"904\" \/>\n\t<meta property=\"og:image:type\" content=\"image\/jpeg\" \/>\n<meta name=\"twitter:card\" content=\"summary_large_image\" \/>\n<script type=\"application\/ld+json\" class=\"yoast-schema-graph\">{\"@context\":\"https:\\\/\\\/schema.org\",\"@graph\":[{\"@type\":\"WebPage\",\"@id\":\"https:\\\/\\\/staging.cdsboutique.com\\\/en\\\/product\\\/colour-diffusing-paper-leaves\\\/\",\"url\":\"https:\\\/\\\/staging.cdsboutique.com\\\/en\\\/product\\\/colour-diffusing-paper-leaves\\\/\",\"name\":\"Colour Diffusing Paper - Leaves\",\"isPartOf\":{\"@id\":\"https:\\\/\\\/staging.cdsboutique.com\\\/#website\"},\"primaryImageOfPage\":{\"@id\":\"https:\\\/\\\/staging.cdsboutique.com\\\/en\\\/product\\\/colour-diffusing-paper-leaves\\\/#primaryimage\"},\"image\":{\"@id\":\"https:\\\/\\\/staging.cdsboutique.com\\\/en\\\/product\\\/colour-diffusing-paper-leaves\\\/#primaryimage\"},\"thumbnailUrl\":\"https:\\\/\\\/staging.cdsboutique.com\\\/wp-content\\\/uploads\\\/2020\\\/09\\\/1988-1_lowrez.jpg\",\"datePublished\":\"2020-11-20T17:20:05+00:00\",\"dateModified\":\"2020-11-20T17:20:15+00:00\",\"description\":\"Spray liquid watercolour paint or food colour over this fabric-like paper with interesting texture! These tissue-like papers have a unique texture that allows people of any level of autonomy to easily create beautiful visuals. Watch the colours flow and\",\"breadcrumb\":{\"@id\":\"https:\\\/\\\/staging.cdsboutique.com\\\/en\\\/product\\\/colour-diffusing-paper-leaves\\\/#breadcrumb\"},\"inLanguage\":\"en-US\",\"potentialAction\":[{\"@type\":\"ReadAction\",\"target\":[\"https:\\\/\\\/staging.cdsboutique.com\\\/en\\\/product\\\/colour-diffusing-paper-leaves\\\/\"]}]},{\"@type\":\"ImageObject\",\"inLanguage\":\"en-US\",\"@id\":\"https:\\\/\\\/staging.cdsboutique.com\\\/en\\\/product\\\/colour-diffusing-paper-leaves\\\/#primaryimage\",\"url\":\"https:\\\/\\\/staging.cdsboutique.com\\\/wp-content\\\/uploads\\\/2020\\\/09\\\/1988-1_lowrez.jpg\",\"contentUrl\":\"https:\\\/\\\/staging.cdsboutique.com\\\/wp-content\\\/uploads\\\/2020\\\/09\\\/1988-1_lowrez.jpg\",\"width\":1000,\"height\":904},{\"@type\":\"BreadcrumbList\",\"@id\":\"https:\\\/\\\/staging.cdsboutique.com\\\/en\\\/product\\\/colour-diffusing-paper-leaves\\\/#breadcrumb\",\"itemListElement\":[{\"@type\":\"ListItem\",\"position\":1,\"name\":\"Home\",\"item\":\"https:\\\/\\\/staging.cdsboutique.com\\\/en\\\/\"},{\"@type\":\"ListItem\",\"position\":2,\"name\":\"Products\",\"item\":\"https:\\\/\\\/staging.cdsboutique.com\\\/en\\\/products\\\/\"},{\"@type\":\"ListItem\",\"position\":3,\"name\":\"Colour Diffusing Paper &#8211; Leaves\"}]},{\"@type\":\"WebSite\",\"@id\":\"https:\\\/\\\/staging.cdsboutique.com\\\/#website\",\"url\":\"https:\\\/\\\/staging.cdsboutique.com\\\/\",\"name\":\"CDS boutique A\u00een\u00e9s\",\"description\":\"Pour une meilleure qualit\u00e9 de vie\",\"publisher\":{\"@id\":\"https:\\\/\\\/staging.cdsboutique.com\\\/#organization\"},\"potentialAction\":[{\"@type\":\"SearchAction\",\"target\":{\"@type\":\"EntryPoint\",\"urlTemplate\":\"https:\\\/\\\/staging.cdsboutique.com\\\/?s={search_term_string}\"},\"query-input\":{\"@type\":\"PropertyValueSpecification\",\"valueRequired\":true,\"valueName\":\"search_term_string\"}}],\"inLanguage\":\"en-US\"},{\"@type\":\"Organization\",\"@id\":\"https:\\\/\\\/staging.cdsboutique.com\\\/#organization\",\"name\":\"CDS Boutique\",\"url\":\"https:\\\/\\\/staging.cdsboutique.com\\\/\",\"logo\":{\"@type\":\"ImageObject\",\"inLanguage\":\"en-US\",\"@id\":\"https:\\\/\\\/staging.cdsboutique.com\\\/#\\\/schema\\\/logo\\\/image\\\/\",\"url\":\"https:\\\/\\\/staging.cdsboutique.com\\\/wp-content\\\/uploads\\\/2024\\\/09\\\/logoCDS-Boutique_final2024.jpg\",\"contentUrl\":\"https:\\\/\\\/staging.cdsboutique.com\\\/wp-content\\\/uploads\\\/2024\\\/09\\\/logoCDS-Boutique_final2024.jpg\",\"width\":900,\"height\":600,\"caption\":\"CDS Boutique\"},\"image\":{\"@id\":\"https:\\\/\\\/staging.cdsboutique.com\\\/#\\\/schema\\\/logo\\\/image\\\/\"},\"sameAs\":[\"https:\\\/\\\/www.facebook.com\\\/CDSBoutique.Aines.Seniors\",\"https:\\\/\\\/www.youtube.com\\\/@cdsboutique4046\",\"https:\\\/\\\/www.linkedin.com\\\/company\\\/cds-boutique\\\/\",\"https:\\\/\\\/www.instagram.com\\\/cdsboutique\\\/\"]}]}<\/script>\n<!-- \/ Yoast SEO plugin. -->","yoast_head_json":{"title":"Colour Diffusing Paper - Leaves","description":"Spray liquid watercolour paint or food colour over this fabric-like paper with interesting texture! These tissue-like papers have a unique texture that allows people of any level of autonomy to easily create beautiful visuals. Watch the colours flow and","robots":{"index":"noindex","follow":"follow","max-snippet":"max-snippet:-1","max-image-preview":"max-image-preview:large","max-video-preview":"max-video-preview:-1"},"og_locale":"en_US","og_type":"article","og_title":"Colour Diffusing Paper - Leaves","og_description":"Spray liquid watercolour paint or food colour over this fabric-like paper with interesting texture! These tissue-like papers have a unique texture that allows people of any level of autonomy to easily create beautiful visuals. Watch the colours flow and","og_url":"https:\/\/staging.cdsboutique.com\/en\/product\/colour-diffusing-paper-leaves\/","og_site_name":"CDS boutique A\u00een\u00e9s","article_publisher":"https:\/\/www.facebook.com\/CDSBoutique.Aines.Seniors","article_modified_time":"2020-11-20T17:20:15+00:00","og_image":[{"width":1000,"height":904,"url":"https:\/\/staging.cdsboutique.com\/wp-content\/uploads\/2020\/09\/1988-1_lowrez.jpg","type":"image\/jpeg"}],"twitter_card":"summary_large_image","schema":{"@context":"https:\/\/schema.org","@graph":[{"@type":"WebPage","@id":"https:\/\/staging.cdsboutique.com\/en\/product\/colour-diffusing-paper-leaves\/","url":"https:\/\/staging.cdsboutique.com\/en\/product\/colour-diffusing-paper-leaves\/","name":"Colour Diffusing Paper - Leaves","isPartOf":{"@id":"https:\/\/staging.cdsboutique.com\/#website"},"primaryImageOfPage":{"@id":"https:\/\/staging.cdsboutique.com\/en\/product\/colour-diffusing-paper-leaves\/#primaryimage"},"image":{"@id":"https:\/\/staging.cdsboutique.com\/en\/product\/colour-diffusing-paper-leaves\/#primaryimage"},"thumbnailUrl":"https:\/\/staging.cdsboutique.com\/wp-content\/uploads\/2020\/09\/1988-1_lowrez.jpg","datePublished":"2020-11-20T17:20:05+00:00","dateModified":"2020-11-20T17:20:15+00:00","description":"Spray liquid watercolour paint or food colour over this fabric-like paper with interesting texture! These tissue-like papers have a unique texture that allows people of any level of autonomy to easily create beautiful visuals. Watch the colours flow and","breadcrumb":{"@id":"https:\/\/staging.cdsboutique.com\/en\/product\/colour-diffusing-paper-leaves\/#breadcrumb"},"inLanguage":"en-US","potentialAction":[{"@type":"ReadAction","target":["https:\/\/staging.cdsboutique.com\/en\/product\/colour-diffusing-paper-leaves\/"]}]},{"@type":"ImageObject","inLanguage":"en-US","@id":"https:\/\/staging.cdsboutique.com\/en\/product\/colour-diffusing-paper-leaves\/#primaryimage","url":"https:\/\/staging.cdsboutique.com\/wp-content\/uploads\/2020\/09\/1988-1_lowrez.jpg","contentUrl":"https:\/\/staging.cdsboutique.com\/wp-content\/uploads\/2020\/09\/1988-1_lowrez.jpg","width":1000,"height":904},{"@type":"BreadcrumbList","@id":"https:\/\/staging.cdsboutique.com\/en\/product\/colour-diffusing-paper-leaves\/#breadcrumb","itemListElement":[{"@type":"ListItem","position":1,"name":"Home","item":"https:\/\/staging.cdsboutique.com\/en\/"},{"@type":"ListItem","position":2,"name":"Products","item":"https:\/\/staging.cdsboutique.com\/en\/products\/"},{"@type":"ListItem","position":3,"name":"Colour Diffusing Paper &#8211; Leaves"}]},{"@type":"WebSite","@id":"https:\/\/staging.cdsboutique.com\/#website","url":"https:\/\/staging.cdsboutique.com\/","name":"CDS boutique A\u00een\u00e9s","description":"Pour une meilleure qualit\u00e9 de vie","publisher":{"@id":"https:\/\/staging.cdsboutique.com\/#organization"},"potentialAction":[{"@type":"SearchAction","target":{"@type":"EntryPoint","urlTemplate":"https:\/\/staging.cdsboutique.com\/?s={search_term_string}"},"query-input":{"@type":"PropertyValueSpecification","valueRequired":true,"valueName":"search_term_string"}}],"inLanguage":"en-US"},{"@type":"Organization","@id":"https:\/\/staging.cdsboutique.com\/#organization","name":"CDS Boutique","url":"https:\/\/staging.cdsboutique.com\/","logo":{"@type":"ImageObject","inLanguage":"en-US","@id":"https:\/\/staging.cdsboutique.com\/#\/schema\/logo\/image\/","url":"https:\/\/staging.cdsboutique.com\/wp-content\/uploads\/2024\/09\/logoCDS-Boutique_final2024.jpg","contentUrl":"https:\/\/staging.cdsboutique.com\/wp-content\/uploads\/2024\/09\/logoCDS-Boutique_final2024.jpg","width":900,"height":600,"caption":"CDS Boutique"},"image":{"@id":"https:\/\/staging.cdsboutique.com\/#\/schema\/logo\/image\/"},"sameAs":["https:\/\/www.facebook.com\/CDSBoutique.Aines.Seniors","https:\/\/www.youtube.com\/@cdsboutique4046","https:\/\/www.linkedin.com\/company\/cds-boutique\/","https:\/\/www.instagram.com\/cdsboutique\/"]}]}},"_links":{"self":[{"href":"https:\/\/staging.cdsboutique.com\/en\/wp-json\/wp\/v2\/product\/28269","targetHints":{"allow":["GET"]}}],"collection":[{"href":"https:\/\/staging.cdsboutique.com\/en\/wp-json\/wp\/v2\/product"}],"about":[{"href":"https:\/\/staging.cdsboutique.com\/en\/wp-json\/wp\/v2\/types\/product"}],"replies":[{"embeddable":true,"href":"https:\/\/staging.cdsboutique.com\/en\/wp-json\/wp\/v2\/comments?post=28269"}],"wp:featuredmedia":[{"embeddable":true,"href":"https:\/\/staging.cdsboutique.com\/en\/wp-json\/wp\/v2\/media\/6768"}],"wp:attachment":[{"href":"https:\/\/staging.cdsboutique.com\/en\/wp-json\/wp\/v2\/media?parent=28269"}],"wp:term":[{"taxonomy":"product_brand","embeddable":true,"href":"https:\/\/staging.cdsboutique.com\/en\/wp-json\/wp\/v2\/product_brand?post=28269"},{"taxonomy":"product_cat","embeddable":true,"href":"https:\/\/staging.cdsboutique.com\/en\/wp-json\/wp\/v2\/product_cat?post=28269"},{"taxonomy":"product_tag","embeddable":true,"href":"https:\/\/staging.cdsboutique.com\/en\/wp-json\/wp\/v2\/product_tag?post=28269"}],"curies":[{"name":"wp","href":"https:\/\/api.w.org\/{rel}","templated":true}]}}