{"id":28500,"date":"2020-11-20T10:12:52","date_gmt":"2020-11-20T17:26:13","guid":{"rendered":"https:\/\/cdsboutique.com\/produits\/obusdry-mattress-protector-double\/"},"modified":"2020-11-20T12:26:13","modified_gmt":"2020-11-20T17:26:13","slug":"obusdry-mattress-protector-double","status":"publish","type":"product","link":"https:\/\/staging.cdsboutique.com\/en\/produit\/obusdry-mattress-protector-double\/","title":{"rendered":"ObusDry Mattress Protector &#8211; Double"},"content":{"rendered":"<p class=\"p1\">\n<p class=\"p1\"><span class=\"s1\"><strong>The moderate pressure of this deluxe weighted blanket will help its users relax!<\/strong><\/span><\/p>\n<p class=\"p1\"><span class=\"s1\"><strong><\/strong><\/span><span class=\"s1\">This mattress protector&nbsp;<strong>adds an invisible layer of comfort and protection<\/strong> to the mattress, as it is <strong>f<\/strong><\/span><span class=\"s1\"><strong>luid proof, breathable, and machine washable<\/strong>. This mattress protector also a<\/span>dds a <strong>barrier against allergens<\/strong> such as dust mites, fungi, and microbes.<\/p>\n<p class=\"p1\"><span class=\"s1\">Details:<\/span><\/p>\n<ul class=\"ul1\">\n<li class=\"li1\"><span class=\"s1\">This mattress protector&nbsp;adds an invisible layer of comfort and protection to the mattress<\/span><\/li>\n<li class=\"li1\"><span class=\"s1\">Fluid proof, breathable and machine washable<\/span><\/li>\n<li class=\"li1\"><span class=\"s1\"><\/span><span class=\"s2\">Adds a barrier against allergens such as dust mites, fungi, and microbes<\/span><\/li>\n<li class=\"li1\">Size: Double<\/li>\n<\/ul>\n<p><span class=\"s1\"><\/span><\/p>\n","protected":false},"excerpt":{"rendered":"<p>The moderate pressure of this deluxe weighted blanket will help its users relax! This mattress protector&nbsp;adds an invisible layer of comfort and protection to the mattress, as it is fluid proof, breathable, and machine washable. This mattress protector also adds a barrier against allergens such as dust mites, fungi, and microbes. Details: This mattress protector&nbsp;adds [&hellip;]<\/p>\n","protected":false},"featured_media":19806,"comment_status":"open","ping_status":"closed","template":"","meta":{"_acf_changed":false},"product_brand":[],"product_cat":[4401,2952,2819],"product_tag":[],"class_list":{"0":"post-28500","1":"product","2":"type-product","3":"status-publish","4":"has-post-thumbnail","6":"product_cat-all","7":"product_cat-bath-toilet","8":"product_cat-daily-living-aids","9":"product_shipping_class-frais-de-livraison-en","11":"first","12":"instock","13":"taxable","14":"shipping-taxable","15":"purchasable","16":"product-type-simple"},"bundled_by":[],"bundle_stock_status":"instock","bundle_stock_quantity":null,"bundle_virtual":false,"bundle_layout":"","bundle_add_to_cart_form_location":"","bundle_editable_in_cart":false,"bundle_sold_individually_context":"","bundle_item_grouping":"","bundle_min_size":"","bundle_max_size":"","bundle_price":[],"bundled_items":[],"bundle_sell_ids":[],"acf":[],"featured_image_urls_v2":{"full":["https:\/\/staging.cdsboutique.com\/wp-content\/uploads\/2020\/10\/15208-d_lowrez.jpg",1000,750,false],"thumbnail":["https:\/\/staging.cdsboutique.com\/wp-content\/uploads\/2020\/10\/15208-d_lowrez-150x150.jpg",150,150,true],"medium":["https:\/\/staging.cdsboutique.com\/wp-content\/uploads\/2020\/10\/15208-d_lowrez-300x225.jpg",300,225,true],"medium_large":["https:\/\/staging.cdsboutique.com\/wp-content\/uploads\/2020\/10\/15208-d_lowrez-768x576.jpg",768,576,true],"large":["https:\/\/staging.cdsboutique.com\/wp-content\/uploads\/2020\/10\/15208-d_lowrez.jpg",980,735,false],"1536x1536":["https:\/\/staging.cdsboutique.com\/wp-content\/uploads\/2020\/10\/15208-d_lowrez.jpg",1000,750,false],"2048x2048":["https:\/\/staging.cdsboutique.com\/wp-content\/uploads\/2020\/10\/15208-d_lowrez.jpg",1000,750,false],"gform-image-choice-sm":["https:\/\/staging.cdsboutique.com\/wp-content\/uploads\/2020\/10\/15208-d_lowrez.jpg",300,225,false],"gform-image-choice-md":["https:\/\/staging.cdsboutique.com\/wp-content\/uploads\/2020\/10\/15208-d_lowrez.jpg",400,300,false],"gform-image-choice-lg":["https:\/\/staging.cdsboutique.com\/wp-content\/uploads\/2020\/10\/15208-d_lowrez.jpg",600,450,false],"woocommerce_thumbnail":["https:\/\/staging.cdsboutique.com\/wp-content\/uploads\/2020\/10\/15208-d_lowrez-300x225.jpg",300,225,true],"woocommerce_single":["https:\/\/staging.cdsboutique.com\/wp-content\/uploads\/2020\/10\/15208-d_lowrez-600x450.jpg",600,450,true],"woocommerce_gallery_thumbnail":["https:\/\/staging.cdsboutique.com\/wp-content\/uploads\/2020\/10\/15208-d_lowrez-100x100.jpg",100,100,true],"variation_swatches_image_size":["https:\/\/staging.cdsboutique.com\/wp-content\/uploads\/2020\/10\/15208-d_lowrez.jpg",50,38,false],"variation_swatches_tooltip_size":["https:\/\/staging.cdsboutique.com\/wp-content\/uploads\/2020\/10\/15208-d_lowrez.jpg",100,75,false],"logo-size":["https:\/\/staging.cdsboutique.com\/wp-content\/uploads\/2020\/10\/15208-d_lowrez-112x84.jpg",112,84,true],"blog":["https:\/\/staging.cdsboutique.com\/wp-content\/uploads\/2020\/10\/15208-d_lowrez-350x260.jpg",350,260,true]},"post_excerpt_stackable_v2":"<p>The moderate pressure of this deluxe weighted blanket will help its users relax! This mattress protector&nbsp;adds an invisible layer of comfort and protection to the mattress, as it is fluid proof, breathable, and machine washable. This mattress protector also adds a barrier against allergens such as dust mites, fungi, and microbes. Details: This mattress protector&nbsp;adds an invisible layer of comfort and protection to the mattress Fluid proof, breathable and machine washable Adds a barrier against allergens such as dust mites, fungi, and microbes Size: Double<\/p>\n","category_list_v2":"","author_info_v2":{"name":"","url":""},"comments_num_v2":"0 comments","yoast_head":"<!-- This site is optimized with the Yoast SEO plugin v27.4 - https:\/\/yoast.com\/product\/yoast-seo-wordpress\/ -->\n<title>ObusDry Mattress Protector - Double<\/title>\n<meta name=\"description\" content=\"The moderate pressure of this deluxe weighted blanket will help its users relax! This mattress protector adds an invisible layer of comfort and protection to the mattress, as it is fluid proof, breathable, and machine washable. This mattress protector\" \/>\n<meta name=\"robots\" content=\"noindex, follow, max-snippet:-1, max-image-preview:large, max-video-preview:-1\" \/>\n<meta property=\"og:locale\" content=\"en_US\" \/>\n<meta property=\"og:type\" content=\"article\" \/>\n<meta property=\"og:title\" content=\"ObusDry Mattress Protector - Double\" \/>\n<meta property=\"og:description\" content=\"The moderate pressure of this deluxe weighted blanket will help its users relax! This mattress protector adds an invisible layer of comfort and protection to the mattress, as it is fluid proof, breathable, and machine washable. This mattress protector\" \/>\n<meta property=\"og:url\" content=\"https:\/\/staging.cdsboutique.com\/en\/product\/obusdry-mattress-protector-double\/\" \/>\n<meta property=\"og:site_name\" content=\"CDS boutique A\u00een\u00e9s\" \/>\n<meta property=\"article:publisher\" content=\"https:\/\/www.facebook.com\/CDSBoutique.Aines.Seniors\" \/>\n<meta property=\"og:image\" content=\"https:\/\/staging.cdsboutique.com\/wp-content\/uploads\/2020\/10\/15208-d_lowrez.jpg\" \/>\n\t<meta property=\"og:image:width\" content=\"1000\" \/>\n\t<meta property=\"og:image:height\" content=\"750\" \/>\n\t<meta property=\"og:image:type\" content=\"image\/jpeg\" \/>\n<meta name=\"twitter:card\" content=\"summary_large_image\" \/>\n<script type=\"application\/ld+json\" class=\"yoast-schema-graph\">{\"@context\":\"https:\\\/\\\/schema.org\",\"@graph\":[{\"@type\":\"WebPage\",\"@id\":\"https:\\\/\\\/staging.cdsboutique.com\\\/en\\\/product\\\/obusdry-mattress-protector-double\\\/\",\"url\":\"https:\\\/\\\/staging.cdsboutique.com\\\/en\\\/product\\\/obusdry-mattress-protector-double\\\/\",\"name\":\"ObusDry Mattress Protector - Double\",\"isPartOf\":{\"@id\":\"https:\\\/\\\/staging.cdsboutique.com\\\/#website\"},\"primaryImageOfPage\":{\"@id\":\"https:\\\/\\\/staging.cdsboutique.com\\\/en\\\/product\\\/obusdry-mattress-protector-double\\\/#primaryimage\"},\"image\":{\"@id\":\"https:\\\/\\\/staging.cdsboutique.com\\\/en\\\/product\\\/obusdry-mattress-protector-double\\\/#primaryimage\"},\"thumbnailUrl\":\"https:\\\/\\\/staging.cdsboutique.com\\\/wp-content\\\/uploads\\\/2020\\\/10\\\/15208-d_lowrez.jpg\",\"datePublished\":\"2020-11-20T17:26:13+00:00\",\"description\":\"The moderate pressure of this deluxe weighted blanket will help its users relax! This mattress protector adds an invisible layer of comfort and protection to the mattress, as it is fluid proof, breathable, and machine washable. This mattress protector\",\"breadcrumb\":{\"@id\":\"https:\\\/\\\/staging.cdsboutique.com\\\/en\\\/product\\\/obusdry-mattress-protector-double\\\/#breadcrumb\"},\"inLanguage\":\"en-US\",\"potentialAction\":[{\"@type\":\"ReadAction\",\"target\":[\"https:\\\/\\\/staging.cdsboutique.com\\\/en\\\/product\\\/obusdry-mattress-protector-double\\\/\"]}]},{\"@type\":\"ImageObject\",\"inLanguage\":\"en-US\",\"@id\":\"https:\\\/\\\/staging.cdsboutique.com\\\/en\\\/product\\\/obusdry-mattress-protector-double\\\/#primaryimage\",\"url\":\"https:\\\/\\\/staging.cdsboutique.com\\\/wp-content\\\/uploads\\\/2020\\\/10\\\/15208-d_lowrez.jpg\",\"contentUrl\":\"https:\\\/\\\/staging.cdsboutique.com\\\/wp-content\\\/uploads\\\/2020\\\/10\\\/15208-d_lowrez.jpg\",\"width\":1000,\"height\":750},{\"@type\":\"BreadcrumbList\",\"@id\":\"https:\\\/\\\/staging.cdsboutique.com\\\/en\\\/product\\\/obusdry-mattress-protector-double\\\/#breadcrumb\",\"itemListElement\":[{\"@type\":\"ListItem\",\"position\":1,\"name\":\"Home\",\"item\":\"https:\\\/\\\/staging.cdsboutique.com\\\/en\\\/\"},{\"@type\":\"ListItem\",\"position\":2,\"name\":\"Products\",\"item\":\"https:\\\/\\\/staging.cdsboutique.com\\\/en\\\/products\\\/\"},{\"@type\":\"ListItem\",\"position\":3,\"name\":\"ObusDry Mattress Protector &#8211; Double\"}]},{\"@type\":\"WebSite\",\"@id\":\"https:\\\/\\\/staging.cdsboutique.com\\\/#website\",\"url\":\"https:\\\/\\\/staging.cdsboutique.com\\\/\",\"name\":\"CDS boutique A\u00een\u00e9s\",\"description\":\"Pour une meilleure qualit\u00e9 de vie\",\"publisher\":{\"@id\":\"https:\\\/\\\/staging.cdsboutique.com\\\/#organization\"},\"potentialAction\":[{\"@type\":\"SearchAction\",\"target\":{\"@type\":\"EntryPoint\",\"urlTemplate\":\"https:\\\/\\\/staging.cdsboutique.com\\\/?s={search_term_string}\"},\"query-input\":{\"@type\":\"PropertyValueSpecification\",\"valueRequired\":true,\"valueName\":\"search_term_string\"}}],\"inLanguage\":\"en-US\"},{\"@type\":\"Organization\",\"@id\":\"https:\\\/\\\/staging.cdsboutique.com\\\/#organization\",\"name\":\"CDS Boutique\",\"url\":\"https:\\\/\\\/staging.cdsboutique.com\\\/\",\"logo\":{\"@type\":\"ImageObject\",\"inLanguage\":\"en-US\",\"@id\":\"https:\\\/\\\/staging.cdsboutique.com\\\/#\\\/schema\\\/logo\\\/image\\\/\",\"url\":\"https:\\\/\\\/staging.cdsboutique.com\\\/wp-content\\\/uploads\\\/2024\\\/09\\\/logoCDS-Boutique_final2024.jpg\",\"contentUrl\":\"https:\\\/\\\/staging.cdsboutique.com\\\/wp-content\\\/uploads\\\/2024\\\/09\\\/logoCDS-Boutique_final2024.jpg\",\"width\":900,\"height\":600,\"caption\":\"CDS Boutique\"},\"image\":{\"@id\":\"https:\\\/\\\/staging.cdsboutique.com\\\/#\\\/schema\\\/logo\\\/image\\\/\"},\"sameAs\":[\"https:\\\/\\\/www.facebook.com\\\/CDSBoutique.Aines.Seniors\",\"https:\\\/\\\/www.youtube.com\\\/@cdsboutique4046\",\"https:\\\/\\\/www.linkedin.com\\\/company\\\/cds-boutique\\\/\",\"https:\\\/\\\/www.instagram.com\\\/cdsboutique\\\/\"]}]}<\/script>\n<!-- \/ Yoast SEO plugin. -->","yoast_head_json":{"title":"ObusDry Mattress Protector - Double","description":"The moderate pressure of this deluxe weighted blanket will help its users relax! This mattress protector adds an invisible layer of comfort and protection to the mattress, as it is fluid proof, breathable, and machine washable. This mattress protector","robots":{"index":"noindex","follow":"follow","max-snippet":"max-snippet:-1","max-image-preview":"max-image-preview:large","max-video-preview":"max-video-preview:-1"},"og_locale":"en_US","og_type":"article","og_title":"ObusDry Mattress Protector - Double","og_description":"The moderate pressure of this deluxe weighted blanket will help its users relax! This mattress protector adds an invisible layer of comfort and protection to the mattress, as it is fluid proof, breathable, and machine washable. This mattress protector","og_url":"https:\/\/staging.cdsboutique.com\/en\/product\/obusdry-mattress-protector-double\/","og_site_name":"CDS boutique A\u00een\u00e9s","article_publisher":"https:\/\/www.facebook.com\/CDSBoutique.Aines.Seniors","og_image":[{"width":1000,"height":750,"url":"https:\/\/staging.cdsboutique.com\/wp-content\/uploads\/2020\/10\/15208-d_lowrez.jpg","type":"image\/jpeg"}],"twitter_card":"summary_large_image","schema":{"@context":"https:\/\/schema.org","@graph":[{"@type":"WebPage","@id":"https:\/\/staging.cdsboutique.com\/en\/product\/obusdry-mattress-protector-double\/","url":"https:\/\/staging.cdsboutique.com\/en\/product\/obusdry-mattress-protector-double\/","name":"ObusDry Mattress Protector - Double","isPartOf":{"@id":"https:\/\/staging.cdsboutique.com\/#website"},"primaryImageOfPage":{"@id":"https:\/\/staging.cdsboutique.com\/en\/product\/obusdry-mattress-protector-double\/#primaryimage"},"image":{"@id":"https:\/\/staging.cdsboutique.com\/en\/product\/obusdry-mattress-protector-double\/#primaryimage"},"thumbnailUrl":"https:\/\/staging.cdsboutique.com\/wp-content\/uploads\/2020\/10\/15208-d_lowrez.jpg","datePublished":"2020-11-20T17:26:13+00:00","description":"The moderate pressure of this deluxe weighted blanket will help its users relax! This mattress protector adds an invisible layer of comfort and protection to the mattress, as it is fluid proof, breathable, and machine washable. This mattress protector","breadcrumb":{"@id":"https:\/\/staging.cdsboutique.com\/en\/product\/obusdry-mattress-protector-double\/#breadcrumb"},"inLanguage":"en-US","potentialAction":[{"@type":"ReadAction","target":["https:\/\/staging.cdsboutique.com\/en\/product\/obusdry-mattress-protector-double\/"]}]},{"@type":"ImageObject","inLanguage":"en-US","@id":"https:\/\/staging.cdsboutique.com\/en\/product\/obusdry-mattress-protector-double\/#primaryimage","url":"https:\/\/staging.cdsboutique.com\/wp-content\/uploads\/2020\/10\/15208-d_lowrez.jpg","contentUrl":"https:\/\/staging.cdsboutique.com\/wp-content\/uploads\/2020\/10\/15208-d_lowrez.jpg","width":1000,"height":750},{"@type":"BreadcrumbList","@id":"https:\/\/staging.cdsboutique.com\/en\/product\/obusdry-mattress-protector-double\/#breadcrumb","itemListElement":[{"@type":"ListItem","position":1,"name":"Home","item":"https:\/\/staging.cdsboutique.com\/en\/"},{"@type":"ListItem","position":2,"name":"Products","item":"https:\/\/staging.cdsboutique.com\/en\/products\/"},{"@type":"ListItem","position":3,"name":"ObusDry Mattress Protector &#8211; Double"}]},{"@type":"WebSite","@id":"https:\/\/staging.cdsboutique.com\/#website","url":"https:\/\/staging.cdsboutique.com\/","name":"CDS boutique A\u00een\u00e9s","description":"Pour une meilleure qualit\u00e9 de vie","publisher":{"@id":"https:\/\/staging.cdsboutique.com\/#organization"},"potentialAction":[{"@type":"SearchAction","target":{"@type":"EntryPoint","urlTemplate":"https:\/\/staging.cdsboutique.com\/?s={search_term_string}"},"query-input":{"@type":"PropertyValueSpecification","valueRequired":true,"valueName":"search_term_string"}}],"inLanguage":"en-US"},{"@type":"Organization","@id":"https:\/\/staging.cdsboutique.com\/#organization","name":"CDS Boutique","url":"https:\/\/staging.cdsboutique.com\/","logo":{"@type":"ImageObject","inLanguage":"en-US","@id":"https:\/\/staging.cdsboutique.com\/#\/schema\/logo\/image\/","url":"https:\/\/staging.cdsboutique.com\/wp-content\/uploads\/2024\/09\/logoCDS-Boutique_final2024.jpg","contentUrl":"https:\/\/staging.cdsboutique.com\/wp-content\/uploads\/2024\/09\/logoCDS-Boutique_final2024.jpg","width":900,"height":600,"caption":"CDS Boutique"},"image":{"@id":"https:\/\/staging.cdsboutique.com\/#\/schema\/logo\/image\/"},"sameAs":["https:\/\/www.facebook.com\/CDSBoutique.Aines.Seniors","https:\/\/www.youtube.com\/@cdsboutique4046","https:\/\/www.linkedin.com\/company\/cds-boutique\/","https:\/\/www.instagram.com\/cdsboutique\/"]}]}},"_links":{"self":[{"href":"https:\/\/staging.cdsboutique.com\/en\/wp-json\/wp\/v2\/product\/28500","targetHints":{"allow":["GET"]}}],"collection":[{"href":"https:\/\/staging.cdsboutique.com\/en\/wp-json\/wp\/v2\/product"}],"about":[{"href":"https:\/\/staging.cdsboutique.com\/en\/wp-json\/wp\/v2\/types\/product"}],"replies":[{"embeddable":true,"href":"https:\/\/staging.cdsboutique.com\/en\/wp-json\/wp\/v2\/comments?post=28500"}],"wp:featuredmedia":[{"embeddable":true,"href":"https:\/\/staging.cdsboutique.com\/en\/wp-json\/wp\/v2\/media\/19806"}],"wp:attachment":[{"href":"https:\/\/staging.cdsboutique.com\/en\/wp-json\/wp\/v2\/media?parent=28500"}],"wp:term":[{"taxonomy":"product_brand","embeddable":true,"href":"https:\/\/staging.cdsboutique.com\/en\/wp-json\/wp\/v2\/product_brand?post=28500"},{"taxonomy":"product_cat","embeddable":true,"href":"https:\/\/staging.cdsboutique.com\/en\/wp-json\/wp\/v2\/product_cat?post=28500"},{"taxonomy":"product_tag","embeddable":true,"href":"https:\/\/staging.cdsboutique.com\/en\/wp-json\/wp\/v2\/product_tag?post=28500"}],"curies":[{"name":"wp","href":"https:\/\/api.w.org\/{rel}","templated":true}]}}