{"id":28558,"date":"2020-11-20T10:13:52","date_gmt":"2020-11-20T17:26:45","guid":{"rendered":"https:\/\/cdsboutique.com\/produits\/tangle-palm-various-colours\/"},"modified":"2020-12-24T01:57:49","modified_gmt":"2020-12-24T06:57:49","slug":"tangle-palm-various-colours","status":"publish","type":"product","link":"https:\/\/staging.cdsboutique.com\/en\/produit\/tangle-palm-various-colours\/","title":{"rendered":"Tangle Palm &#8211; Various Colours"},"content":{"rendered":"<\/p>\n<p><strong>The Tangle Palm, a multisensory tool that reduces stress in its users!<\/strong><\/p>\n<p>We offer several Tangles in a <strong>variety of colours, textures and sizes<\/strong>. They are objects without beginning or end, formed of 90<sup>o<\/sup> curved pieces connected to each other and which can rotate at each junction. <strong>Inspired by the concept of infinity<\/strong> and perpetual motion, the creator of the Tangle wanted to do more than just a toy: for him, <strong>it can be a puzzle<\/strong>, an anti-stress object, <strong>an accessory to stimulate creativity<\/strong> and attention or a tool to work fine motor skills. <strong>The possibilities are limitless!<\/strong><\/p>\n<p>The Tangle can reduce user&rsquo;s stress, <strong>improve manual dexterity<\/strong>, help heal joints and sore fingers, <strong>improve the functioning of muscles,<\/strong> and are perfect for busy hands!<\/p>\n<p>Details:<\/p>\n<ul>\n<li>Colours may vary<\/li>\n<li>Non-toxic, no latex<\/li>\n<\/ul>\n","protected":false},"excerpt":{"rendered":"<p>The Tangle Palm, a multisensory tool that reduces stress in its users! We offer several Tangles in a variety of colours, textures and sizes. They are objects without beginning or end, formed of 90o curved pieces connected to each other and which can rotate at each junction. Inspired by the concept of infinity and perpetual [&hellip;]<\/p>\n","protected":false},"featured_media":26847,"comment_status":"open","ping_status":"closed","template":"","meta":{"_acf_changed":false},"product_brand":[],"product_cat":[4401,2968,4658,4562,2995,2980],"product_tag":[],"class_list":{"0":"post-28558","1":"product","2":"type-product","3":"status-publish","4":"has-post-thumbnail","6":"product_cat-all","7":"product_cat-cognitive-stimulation","8":"product_cat-fine-motor-skills","9":"product_cat-objets-a-manipuler-en","10":"product_cat-relaxation-en","11":"product_cat-sensory-stimulation","12":"product_shipping_class-frais-de-livraison-en","14":"first","15":"instock","16":"taxable","17":"shipping-taxable","18":"purchasable","19":"product-type-simple"},"bundled_by":["27097"],"bundle_stock_status":"instock","bundle_stock_quantity":null,"bundle_virtual":false,"bundle_layout":"","bundle_add_to_cart_form_location":"","bundle_editable_in_cart":false,"bundle_sold_individually_context":"","bundle_item_grouping":"","bundle_min_size":"","bundle_max_size":"","bundle_price":[],"bundled_items":[],"bundle_sell_ids":[],"acf":[],"featured_image_urls_v2":{"full":["https:\/\/staging.cdsboutique.com\/wp-content\/uploads\/2020\/11\/3917.jpg",1000,1034,false],"thumbnail":["https:\/\/staging.cdsboutique.com\/wp-content\/uploads\/2020\/11\/3917.jpg",145,150,false],"medium":["https:\/\/staging.cdsboutique.com\/wp-content\/uploads\/2020\/11\/3917.jpg",290,300,false],"medium_large":["https:\/\/staging.cdsboutique.com\/wp-content\/uploads\/2020\/11\/3917.jpg",768,794,false],"large":["https:\/\/staging.cdsboutique.com\/wp-content\/uploads\/2020\/11\/3917.jpg",980,1013,false],"1536x1536":["https:\/\/staging.cdsboutique.com\/wp-content\/uploads\/2020\/11\/3917.jpg",1000,1034,false],"2048x2048":["https:\/\/staging.cdsboutique.com\/wp-content\/uploads\/2020\/11\/3917.jpg",1000,1034,false],"gform-image-choice-sm":["https:\/\/staging.cdsboutique.com\/wp-content\/uploads\/2020\/11\/3917.jpg",290,300,false],"gform-image-choice-md":["https:\/\/staging.cdsboutique.com\/wp-content\/uploads\/2020\/11\/3917.jpg",387,400,false],"gform-image-choice-lg":["https:\/\/staging.cdsboutique.com\/wp-content\/uploads\/2020\/11\/3917.jpg",580,600,false],"woocommerce_thumbnail":["https:\/\/staging.cdsboutique.com\/wp-content\/uploads\/2020\/11\/3917-300x310.jpg",300,310,true],"woocommerce_single":["https:\/\/staging.cdsboutique.com\/wp-content\/uploads\/2020\/11\/3917-600x620.jpg",600,620,true],"woocommerce_gallery_thumbnail":["https:\/\/staging.cdsboutique.com\/wp-content\/uploads\/2020\/11\/3917-100x100.jpg",100,100,true],"variation_swatches_image_size":["https:\/\/staging.cdsboutique.com\/wp-content\/uploads\/2020\/11\/3917.jpg",48,50,false],"variation_swatches_tooltip_size":["https:\/\/staging.cdsboutique.com\/wp-content\/uploads\/2020\/11\/3917.jpg",97,100,false],"logo-size":["https:\/\/staging.cdsboutique.com\/wp-content\/uploads\/2020\/11\/3917.jpg",81,84,false],"blog":["https:\/\/staging.cdsboutique.com\/wp-content\/uploads\/2020\/11\/3917.jpg",251,260,false]},"post_excerpt_stackable_v2":"<p>The Tangle Palm, a multisensory tool that reduces stress in its users! We offer several Tangles in a variety of colours, textures and sizes. They are objects without beginning or end, formed of 90o curved pieces connected to each other and which can rotate at each junction. Inspired by the concept of infinity and perpetual motion, the creator of the Tangle wanted to do more than just a toy: for him, it can be a puzzle, an anti-stress object, an accessory to stimulate creativity and attention or a tool to work fine motor skills. The possibilities are limitless! The Tangle&hellip;<\/p>\n","category_list_v2":"","author_info_v2":{"name":"","url":""},"comments_num_v2":"0 comments","yoast_head":"<!-- This site is optimized with the Yoast SEO plugin v27.4 - https:\/\/yoast.com\/product\/yoast-seo-wordpress\/ -->\n<title>Tangle Palm - Various Colours<\/title>\n<meta name=\"description\" content=\"The Tangle Palm, a multisensory tool that reduces stress in its users We offer several Tangles in a variety of colours, textures and sizes. They are objects without beginning or end, formed of 90o curved pieces connected to each other and which can rotat\" \/>\n<meta name=\"robots\" content=\"noindex, follow, max-snippet:-1, max-image-preview:large, max-video-preview:-1\" \/>\n<meta property=\"og:locale\" content=\"en_US\" \/>\n<meta property=\"og:type\" content=\"article\" \/>\n<meta property=\"og:title\" content=\"Tangle Palm - Various Colours\" \/>\n<meta property=\"og:description\" content=\"The Tangle Palm, a multisensory tool that reduces stress in its users We offer several Tangles in a variety of colours, textures and sizes. They are objects without beginning or end, formed of 90o curved pieces connected to each other and which can rotat\" \/>\n<meta property=\"og:url\" content=\"https:\/\/staging.cdsboutique.com\/en\/product\/tangle-palm-various-colours\/\" \/>\n<meta property=\"og:site_name\" content=\"CDS boutique A\u00een\u00e9s\" \/>\n<meta property=\"article:publisher\" content=\"https:\/\/www.facebook.com\/CDSBoutique.Aines.Seniors\" \/>\n<meta property=\"article:modified_time\" content=\"2020-12-24T06:57:49+00:00\" \/>\n<meta property=\"og:image\" content=\"https:\/\/staging.cdsboutique.com\/wp-content\/uploads\/2020\/11\/3917.jpg\" \/>\n\t<meta property=\"og:image:width\" content=\"1000\" \/>\n\t<meta property=\"og:image:height\" content=\"1034\" \/>\n\t<meta property=\"og:image:type\" content=\"image\/jpeg\" \/>\n<meta name=\"twitter:card\" content=\"summary_large_image\" \/>\n<meta name=\"twitter:label1\" content=\"Est. reading time\" \/>\n\t<meta name=\"twitter:data1\" content=\"1 minute\" \/>\n<script type=\"application\/ld+json\" class=\"yoast-schema-graph\">{\"@context\":\"https:\\\/\\\/schema.org\",\"@graph\":[{\"@type\":\"WebPage\",\"@id\":\"https:\\\/\\\/staging.cdsboutique.com\\\/en\\\/product\\\/tangle-palm-various-colours\\\/\",\"url\":\"https:\\\/\\\/staging.cdsboutique.com\\\/en\\\/product\\\/tangle-palm-various-colours\\\/\",\"name\":\"Tangle Palm - Various Colours\",\"isPartOf\":{\"@id\":\"https:\\\/\\\/staging.cdsboutique.com\\\/#website\"},\"primaryImageOfPage\":{\"@id\":\"https:\\\/\\\/staging.cdsboutique.com\\\/en\\\/product\\\/tangle-palm-various-colours\\\/#primaryimage\"},\"image\":{\"@id\":\"https:\\\/\\\/staging.cdsboutique.com\\\/en\\\/product\\\/tangle-palm-various-colours\\\/#primaryimage\"},\"thumbnailUrl\":\"https:\\\/\\\/staging.cdsboutique.com\\\/wp-content\\\/uploads\\\/2020\\\/11\\\/3917.jpg\",\"datePublished\":\"2020-11-20T17:26:45+00:00\",\"dateModified\":\"2020-12-24T06:57:49+00:00\",\"description\":\"The Tangle Palm, a multisensory tool that reduces stress in its users We offer several Tangles in a variety of colours, textures and sizes. They are objects without beginning or end, formed of 90o curved pieces connected to each other and which can rotat\",\"breadcrumb\":{\"@id\":\"https:\\\/\\\/staging.cdsboutique.com\\\/en\\\/product\\\/tangle-palm-various-colours\\\/#breadcrumb\"},\"inLanguage\":\"en-US\",\"potentialAction\":[{\"@type\":\"ReadAction\",\"target\":[\"https:\\\/\\\/staging.cdsboutique.com\\\/en\\\/product\\\/tangle-palm-various-colours\\\/\"]}]},{\"@type\":\"ImageObject\",\"inLanguage\":\"en-US\",\"@id\":\"https:\\\/\\\/staging.cdsboutique.com\\\/en\\\/product\\\/tangle-palm-various-colours\\\/#primaryimage\",\"url\":\"https:\\\/\\\/staging.cdsboutique.com\\\/wp-content\\\/uploads\\\/2020\\\/11\\\/3917.jpg\",\"contentUrl\":\"https:\\\/\\\/staging.cdsboutique.com\\\/wp-content\\\/uploads\\\/2020\\\/11\\\/3917.jpg\",\"width\":1000,\"height\":1034},{\"@type\":\"BreadcrumbList\",\"@id\":\"https:\\\/\\\/staging.cdsboutique.com\\\/en\\\/product\\\/tangle-palm-various-colours\\\/#breadcrumb\",\"itemListElement\":[{\"@type\":\"ListItem\",\"position\":1,\"name\":\"Home\",\"item\":\"https:\\\/\\\/staging.cdsboutique.com\\\/en\\\/\"},{\"@type\":\"ListItem\",\"position\":2,\"name\":\"Products\",\"item\":\"https:\\\/\\\/staging.cdsboutique.com\\\/en\\\/products\\\/\"},{\"@type\":\"ListItem\",\"position\":3,\"name\":\"Tangle Palm &#8211; Various Colours\"}]},{\"@type\":\"WebSite\",\"@id\":\"https:\\\/\\\/staging.cdsboutique.com\\\/#website\",\"url\":\"https:\\\/\\\/staging.cdsboutique.com\\\/\",\"name\":\"CDS boutique A\u00een\u00e9s\",\"description\":\"Pour une meilleure qualit\u00e9 de vie\",\"publisher\":{\"@id\":\"https:\\\/\\\/staging.cdsboutique.com\\\/#organization\"},\"potentialAction\":[{\"@type\":\"SearchAction\",\"target\":{\"@type\":\"EntryPoint\",\"urlTemplate\":\"https:\\\/\\\/staging.cdsboutique.com\\\/?s={search_term_string}\"},\"query-input\":{\"@type\":\"PropertyValueSpecification\",\"valueRequired\":true,\"valueName\":\"search_term_string\"}}],\"inLanguage\":\"en-US\"},{\"@type\":\"Organization\",\"@id\":\"https:\\\/\\\/staging.cdsboutique.com\\\/#organization\",\"name\":\"CDS Boutique\",\"url\":\"https:\\\/\\\/staging.cdsboutique.com\\\/\",\"logo\":{\"@type\":\"ImageObject\",\"inLanguage\":\"en-US\",\"@id\":\"https:\\\/\\\/staging.cdsboutique.com\\\/#\\\/schema\\\/logo\\\/image\\\/\",\"url\":\"https:\\\/\\\/staging.cdsboutique.com\\\/wp-content\\\/uploads\\\/2024\\\/09\\\/logoCDS-Boutique_final2024.jpg\",\"contentUrl\":\"https:\\\/\\\/staging.cdsboutique.com\\\/wp-content\\\/uploads\\\/2024\\\/09\\\/logoCDS-Boutique_final2024.jpg\",\"width\":900,\"height\":600,\"caption\":\"CDS Boutique\"},\"image\":{\"@id\":\"https:\\\/\\\/staging.cdsboutique.com\\\/#\\\/schema\\\/logo\\\/image\\\/\"},\"sameAs\":[\"https:\\\/\\\/www.facebook.com\\\/CDSBoutique.Aines.Seniors\",\"https:\\\/\\\/www.youtube.com\\\/@cdsboutique4046\",\"https:\\\/\\\/www.linkedin.com\\\/company\\\/cds-boutique\\\/\",\"https:\\\/\\\/www.instagram.com\\\/cdsboutique\\\/\"]}]}<\/script>\n<!-- \/ Yoast SEO plugin. -->","yoast_head_json":{"title":"Tangle Palm - Various Colours","description":"The Tangle Palm, a multisensory tool that reduces stress in its users We offer several Tangles in a variety of colours, textures and sizes. They are objects without beginning or end, formed of 90o curved pieces connected to each other and which can rotat","robots":{"index":"noindex","follow":"follow","max-snippet":"max-snippet:-1","max-image-preview":"max-image-preview:large","max-video-preview":"max-video-preview:-1"},"og_locale":"en_US","og_type":"article","og_title":"Tangle Palm - Various Colours","og_description":"The Tangle Palm, a multisensory tool that reduces stress in its users We offer several Tangles in a variety of colours, textures and sizes. They are objects without beginning or end, formed of 90o curved pieces connected to each other and which can rotat","og_url":"https:\/\/staging.cdsboutique.com\/en\/product\/tangle-palm-various-colours\/","og_site_name":"CDS boutique A\u00een\u00e9s","article_publisher":"https:\/\/www.facebook.com\/CDSBoutique.Aines.Seniors","article_modified_time":"2020-12-24T06:57:49+00:00","og_image":[{"width":1000,"height":1034,"url":"https:\/\/staging.cdsboutique.com\/wp-content\/uploads\/2020\/11\/3917.jpg","type":"image\/jpeg"}],"twitter_card":"summary_large_image","twitter_misc":{"Est. reading time":"1 minute"},"schema":{"@context":"https:\/\/schema.org","@graph":[{"@type":"WebPage","@id":"https:\/\/staging.cdsboutique.com\/en\/product\/tangle-palm-various-colours\/","url":"https:\/\/staging.cdsboutique.com\/en\/product\/tangle-palm-various-colours\/","name":"Tangle Palm - Various Colours","isPartOf":{"@id":"https:\/\/staging.cdsboutique.com\/#website"},"primaryImageOfPage":{"@id":"https:\/\/staging.cdsboutique.com\/en\/product\/tangle-palm-various-colours\/#primaryimage"},"image":{"@id":"https:\/\/staging.cdsboutique.com\/en\/product\/tangle-palm-various-colours\/#primaryimage"},"thumbnailUrl":"https:\/\/staging.cdsboutique.com\/wp-content\/uploads\/2020\/11\/3917.jpg","datePublished":"2020-11-20T17:26:45+00:00","dateModified":"2020-12-24T06:57:49+00:00","description":"The Tangle Palm, a multisensory tool that reduces stress in its users We offer several Tangles in a variety of colours, textures and sizes. They are objects without beginning or end, formed of 90o curved pieces connected to each other and which can rotat","breadcrumb":{"@id":"https:\/\/staging.cdsboutique.com\/en\/product\/tangle-palm-various-colours\/#breadcrumb"},"inLanguage":"en-US","potentialAction":[{"@type":"ReadAction","target":["https:\/\/staging.cdsboutique.com\/en\/product\/tangle-palm-various-colours\/"]}]},{"@type":"ImageObject","inLanguage":"en-US","@id":"https:\/\/staging.cdsboutique.com\/en\/product\/tangle-palm-various-colours\/#primaryimage","url":"https:\/\/staging.cdsboutique.com\/wp-content\/uploads\/2020\/11\/3917.jpg","contentUrl":"https:\/\/staging.cdsboutique.com\/wp-content\/uploads\/2020\/11\/3917.jpg","width":1000,"height":1034},{"@type":"BreadcrumbList","@id":"https:\/\/staging.cdsboutique.com\/en\/product\/tangle-palm-various-colours\/#breadcrumb","itemListElement":[{"@type":"ListItem","position":1,"name":"Home","item":"https:\/\/staging.cdsboutique.com\/en\/"},{"@type":"ListItem","position":2,"name":"Products","item":"https:\/\/staging.cdsboutique.com\/en\/products\/"},{"@type":"ListItem","position":3,"name":"Tangle Palm &#8211; Various Colours"}]},{"@type":"WebSite","@id":"https:\/\/staging.cdsboutique.com\/#website","url":"https:\/\/staging.cdsboutique.com\/","name":"CDS boutique A\u00een\u00e9s","description":"Pour une meilleure qualit\u00e9 de vie","publisher":{"@id":"https:\/\/staging.cdsboutique.com\/#organization"},"potentialAction":[{"@type":"SearchAction","target":{"@type":"EntryPoint","urlTemplate":"https:\/\/staging.cdsboutique.com\/?s={search_term_string}"},"query-input":{"@type":"PropertyValueSpecification","valueRequired":true,"valueName":"search_term_string"}}],"inLanguage":"en-US"},{"@type":"Organization","@id":"https:\/\/staging.cdsboutique.com\/#organization","name":"CDS Boutique","url":"https:\/\/staging.cdsboutique.com\/","logo":{"@type":"ImageObject","inLanguage":"en-US","@id":"https:\/\/staging.cdsboutique.com\/#\/schema\/logo\/image\/","url":"https:\/\/staging.cdsboutique.com\/wp-content\/uploads\/2024\/09\/logoCDS-Boutique_final2024.jpg","contentUrl":"https:\/\/staging.cdsboutique.com\/wp-content\/uploads\/2024\/09\/logoCDS-Boutique_final2024.jpg","width":900,"height":600,"caption":"CDS Boutique"},"image":{"@id":"https:\/\/staging.cdsboutique.com\/#\/schema\/logo\/image\/"},"sameAs":["https:\/\/www.facebook.com\/CDSBoutique.Aines.Seniors","https:\/\/www.youtube.com\/@cdsboutique4046","https:\/\/www.linkedin.com\/company\/cds-boutique\/","https:\/\/www.instagram.com\/cdsboutique\/"]}]}},"_links":{"self":[{"href":"https:\/\/staging.cdsboutique.com\/en\/wp-json\/wp\/v2\/product\/28558","targetHints":{"allow":["GET"]}}],"collection":[{"href":"https:\/\/staging.cdsboutique.com\/en\/wp-json\/wp\/v2\/product"}],"about":[{"href":"https:\/\/staging.cdsboutique.com\/en\/wp-json\/wp\/v2\/types\/product"}],"replies":[{"embeddable":true,"href":"https:\/\/staging.cdsboutique.com\/en\/wp-json\/wp\/v2\/comments?post=28558"}],"wp:featuredmedia":[{"embeddable":true,"href":"https:\/\/staging.cdsboutique.com\/en\/wp-json\/wp\/v2\/media\/26847"}],"wp:attachment":[{"href":"https:\/\/staging.cdsboutique.com\/en\/wp-json\/wp\/v2\/media?parent=28558"}],"wp:term":[{"taxonomy":"product_brand","embeddable":true,"href":"https:\/\/staging.cdsboutique.com\/en\/wp-json\/wp\/v2\/product_brand?post=28558"},{"taxonomy":"product_cat","embeddable":true,"href":"https:\/\/staging.cdsboutique.com\/en\/wp-json\/wp\/v2\/product_cat?post=28558"},{"taxonomy":"product_tag","embeddable":true,"href":"https:\/\/staging.cdsboutique.com\/en\/wp-json\/wp\/v2\/product_tag?post=28558"}],"curies":[{"name":"wp","href":"https:\/\/api.w.org\/{rel}","templated":true}]}}