{"id":29679,"date":"2020-11-20T11:54:11","date_gmt":"2020-11-20T16:54:11","guid":{"rendered":"https:\/\/preprod.cdsboutique.com\/produits\/skits-for-seniors-3\/"},"modified":"2024-02-13T13:34:14","modified_gmt":"2024-02-13T18:34:14","slug":"skits-for-seniors-3","status":"publish","type":"product","link":"https:\/\/staging.cdsboutique.com\/en\/produit\/skits-for-seniors-3\/","title":{"rendered":"Skits for Seniors 3"},"content":{"rendered":"<p><strong>Give everyone in your group a moment in the spotlight and a chance to be a star!<\/strong><\/p>\n<p>New Look, Same Great Product.<\/p>\n<p>Do you have a group that likes to read out loud or to perform for others? Have you looked in vain for short plays that appeal to mature people? Look no further! Skits for Seniors contains short, lighthearted plays written specially for older adults. Each skit has 1-7 characters and requires no props or costumes. The skits are written in large-print type, with alternating bold print for ease of reading.<\/p>\n<p><strong>Volume 3 &#8211; Reminiscing Plays<\/strong>\u00a0contains 14 witty skits with dialog that will evoke memories of the past &#8211; wash day, World War 2 letters, fashions, fireflies, ice cream, television, Elvis, favorite foods, and much more! 57 pages; 8-1\/2&#8221; x 11&#8221; softcover book.<\/p>\n<p><strong>SAVE!<\/strong>\u00a0#1630Z Get all 3 skits for Seniors for only $58.80\u00a0<em>(Including : Humorous Plays #1614, Holiday Plays #1615 and Reminiscing Plays #1631)<\/em><\/p>\n","protected":false},"excerpt":{"rendered":"<p>Give everyone in your group a moment in the spotlight and a chance to be a star! New Look, Same Great Product. Do you have a group that likes to read out loud or to perform for others? Have you looked in vain for short plays that appeal to mature people? Look no further! Skits [&hellip;]<\/p>\n","protected":false},"featured_media":45045,"comment_status":"open","ping_status":"closed","template":"","meta":{"_acf_changed":false},"product_brand":[],"product_cat":[3008,4401,2968,4543,2970,2810,2804],"product_tag":[],"class_list":{"0":"post-29679","1":"product","2":"type-product","3":"status-publish","4":"has-post-thumbnail","6":"product_cat-activity-books","7":"product_cat-all","8":"product_cat-cognitive-stimulation","9":"product_cat-eldersong-en","10":"product_cat-reading-activities","11":"product_cat-trivia-and-mind-games","12":"product_cat-various-games","13":"product_shipping_class-frais-de-livraison-en","15":"first","16":"instock","17":"taxable","18":"shipping-taxable","19":"purchasable","20":"product-type-simple"},"bundled_by":["29785"],"bundle_stock_status":"instock","bundle_stock_quantity":null,"bundle_virtual":false,"bundle_layout":"","bundle_add_to_cart_form_location":"","bundle_editable_in_cart":false,"bundle_sold_individually_context":"","bundle_item_grouping":"","bundle_min_size":"","bundle_max_size":"","bundle_price":[],"bundled_items":[],"bundle_sell_ids":[],"acf":[],"featured_image_urls_v2":{"full":["https:\/\/staging.cdsboutique.com\/wp-content\/uploads\/2022\/04\/1631-Skits-for-Seniors3.png",500,643,false],"thumbnail":["https:\/\/staging.cdsboutique.com\/wp-content\/uploads\/2022\/04\/1631-Skits-for-Seniors3-150x150.png",150,150,true],"medium":["https:\/\/staging.cdsboutique.com\/wp-content\/uploads\/2022\/04\/1631-Skits-for-Seniors3-233x300.png",233,300,true],"medium_large":["https:\/\/staging.cdsboutique.com\/wp-content\/uploads\/2022\/04\/1631-Skits-for-Seniors3.png",500,643,false],"large":["https:\/\/staging.cdsboutique.com\/wp-content\/uploads\/2022\/04\/1631-Skits-for-Seniors3.png",500,643,false],"1536x1536":["https:\/\/staging.cdsboutique.com\/wp-content\/uploads\/2022\/04\/1631-Skits-for-Seniors3.png",500,643,false],"2048x2048":["https:\/\/staging.cdsboutique.com\/wp-content\/uploads\/2022\/04\/1631-Skits-for-Seniors3.png",500,643,false],"gform-image-choice-sm":["https:\/\/staging.cdsboutique.com\/wp-content\/uploads\/2022\/04\/1631-Skits-for-Seniors3.png",233,300,false],"gform-image-choice-md":["https:\/\/staging.cdsboutique.com\/wp-content\/uploads\/2022\/04\/1631-Skits-for-Seniors3.png",311,400,false],"gform-image-choice-lg":["https:\/\/staging.cdsboutique.com\/wp-content\/uploads\/2022\/04\/1631-Skits-for-Seniors3.png",467,600,false],"woocommerce_thumbnail":["https:\/\/staging.cdsboutique.com\/wp-content\/uploads\/2022\/04\/1631-Skits-for-Seniors3-300x386.png",300,386,true],"woocommerce_single":["https:\/\/staging.cdsboutique.com\/wp-content\/uploads\/2022\/04\/1631-Skits-for-Seniors3.png",500,643,false],"woocommerce_gallery_thumbnail":["https:\/\/staging.cdsboutique.com\/wp-content\/uploads\/2022\/04\/1631-Skits-for-Seniors3-100x100.png",100,100,true],"variation_swatches_image_size":["https:\/\/staging.cdsboutique.com\/wp-content\/uploads\/2022\/04\/1631-Skits-for-Seniors3.png",39,50,false],"variation_swatches_tooltip_size":["https:\/\/staging.cdsboutique.com\/wp-content\/uploads\/2022\/04\/1631-Skits-for-Seniors3.png",78,100,false],"logo-size":["https:\/\/staging.cdsboutique.com\/wp-content\/uploads\/2022\/04\/1631-Skits-for-Seniors3-65x84.png",65,84,true],"blog":["https:\/\/staging.cdsboutique.com\/wp-content\/uploads\/2022\/04\/1631-Skits-for-Seniors3-350x260.png",350,260,true]},"post_excerpt_stackable_v2":"<p>Give everyone in your group a moment in the spotlight and a chance to be a star! New Look, Same Great Product. Do you have a group that likes to read out loud or to perform for others? Have you looked in vain for short plays that appeal to mature people? Look no further! Skits for Seniors contains short, lighthearted plays written specially for older adults. Each skit has 1-7 characters and requires no props or costumes. The skits are written in large-print type, with alternating bold print for ease of reading. Volume 3 &#8211; Reminiscing Plays\u00a0contains 14 witty skits&hellip;<\/p>\n","category_list_v2":"","author_info_v2":{"name":"","url":""},"comments_num_v2":"0 comments","yoast_head":"<!-- This site is optimized with the Yoast SEO plugin v27.4 - https:\/\/yoast.com\/product\/yoast-seo-wordpress\/ -->\n<title>Skits for Seniors 3 - CDS boutique A\u00een\u00e9s<\/title>\n<meta name=\"robots\" content=\"noindex, follow, max-snippet:-1, max-image-preview:large, max-video-preview:-1\" \/>\n<meta property=\"og:locale\" content=\"en_US\" \/>\n<meta property=\"og:type\" content=\"article\" \/>\n<meta property=\"og:title\" content=\"Skits for Seniors 3 - CDS boutique A\u00een\u00e9s\" \/>\n<meta property=\"og:description\" content=\"Give everyone in your group a moment in the spotlight and a chance to be a star! New Look, Same Great Product. Do you have a group that likes to read out loud or to perform for others? Have you looked in vain for short plays that appeal to mature people? Look no further! Skits [&hellip;]\" \/>\n<meta property=\"og:url\" content=\"https:\/\/staging.cdsboutique.com\/en\/product\/skits-for-seniors-3\/\" \/>\n<meta property=\"og:site_name\" content=\"CDS boutique A\u00een\u00e9s\" \/>\n<meta property=\"article:publisher\" content=\"https:\/\/www.facebook.com\/CDSBoutique.Aines.Seniors\" \/>\n<meta property=\"article:modified_time\" content=\"2024-02-13T18:34:14+00:00\" \/>\n<meta property=\"og:image\" content=\"https:\/\/staging.cdsboutique.com\/wp-content\/uploads\/2022\/04\/1631-Skits-for-Seniors3.png?_t=1707849254\" \/>\n\t<meta property=\"og:image:width\" content=\"500\" \/>\n\t<meta property=\"og:image:height\" content=\"643\" \/>\n\t<meta property=\"og:image:type\" content=\"image\/png\" \/>\n<meta name=\"twitter:card\" content=\"summary_large_image\" \/>\n<meta name=\"twitter:label1\" content=\"Est. reading time\" \/>\n\t<meta name=\"twitter:data1\" content=\"1 minute\" \/>\n<script type=\"application\/ld+json\" class=\"yoast-schema-graph\">{\"@context\":\"https:\\\/\\\/schema.org\",\"@graph\":[{\"@type\":\"WebPage\",\"@id\":\"https:\\\/\\\/staging.cdsboutique.com\\\/en\\\/product\\\/skits-for-seniors-3\\\/\",\"url\":\"https:\\\/\\\/staging.cdsboutique.com\\\/en\\\/product\\\/skits-for-seniors-3\\\/\",\"name\":\"Skits for Seniors 3 - CDS boutique A\u00een\u00e9s\",\"isPartOf\":{\"@id\":\"https:\\\/\\\/staging.cdsboutique.com\\\/#website\"},\"primaryImageOfPage\":{\"@id\":\"https:\\\/\\\/staging.cdsboutique.com\\\/en\\\/product\\\/skits-for-seniors-3\\\/#primaryimage\"},\"image\":{\"@id\":\"https:\\\/\\\/staging.cdsboutique.com\\\/en\\\/product\\\/skits-for-seniors-3\\\/#primaryimage\"},\"thumbnailUrl\":\"https:\\\/\\\/staging.cdsboutique.com\\\/wp-content\\\/uploads\\\/2022\\\/04\\\/1631-Skits-for-Seniors3.png\",\"datePublished\":\"2020-11-20T16:54:11+00:00\",\"dateModified\":\"2024-02-13T18:34:14+00:00\",\"breadcrumb\":{\"@id\":\"https:\\\/\\\/staging.cdsboutique.com\\\/en\\\/product\\\/skits-for-seniors-3\\\/#breadcrumb\"},\"inLanguage\":\"en-US\",\"potentialAction\":[{\"@type\":\"ReadAction\",\"target\":[\"https:\\\/\\\/staging.cdsboutique.com\\\/en\\\/product\\\/skits-for-seniors-3\\\/\"]}]},{\"@type\":\"ImageObject\",\"inLanguage\":\"en-US\",\"@id\":\"https:\\\/\\\/staging.cdsboutique.com\\\/en\\\/product\\\/skits-for-seniors-3\\\/#primaryimage\",\"url\":\"https:\\\/\\\/staging.cdsboutique.com\\\/wp-content\\\/uploads\\\/2022\\\/04\\\/1631-Skits-for-Seniors3.png\",\"contentUrl\":\"https:\\\/\\\/staging.cdsboutique.com\\\/wp-content\\\/uploads\\\/2022\\\/04\\\/1631-Skits-for-Seniors3.png\",\"width\":500,\"height\":643},{\"@type\":\"BreadcrumbList\",\"@id\":\"https:\\\/\\\/staging.cdsboutique.com\\\/en\\\/product\\\/skits-for-seniors-3\\\/#breadcrumb\",\"itemListElement\":[{\"@type\":\"ListItem\",\"position\":1,\"name\":\"Home\",\"item\":\"https:\\\/\\\/staging.cdsboutique.com\\\/en\\\/\"},{\"@type\":\"ListItem\",\"position\":2,\"name\":\"Products\",\"item\":\"https:\\\/\\\/staging.cdsboutique.com\\\/en\\\/products\\\/\"},{\"@type\":\"ListItem\",\"position\":3,\"name\":\"Skits for Seniors 3\"}]},{\"@type\":\"WebSite\",\"@id\":\"https:\\\/\\\/staging.cdsboutique.com\\\/#website\",\"url\":\"https:\\\/\\\/staging.cdsboutique.com\\\/\",\"name\":\"CDS boutique A\u00een\u00e9s\",\"description\":\"Pour une meilleure qualit\u00e9 de vie\",\"publisher\":{\"@id\":\"https:\\\/\\\/staging.cdsboutique.com\\\/#organization\"},\"potentialAction\":[{\"@type\":\"SearchAction\",\"target\":{\"@type\":\"EntryPoint\",\"urlTemplate\":\"https:\\\/\\\/staging.cdsboutique.com\\\/?s={search_term_string}\"},\"query-input\":{\"@type\":\"PropertyValueSpecification\",\"valueRequired\":true,\"valueName\":\"search_term_string\"}}],\"inLanguage\":\"en-US\"},{\"@type\":\"Organization\",\"@id\":\"https:\\\/\\\/staging.cdsboutique.com\\\/#organization\",\"name\":\"CDS Boutique\",\"url\":\"https:\\\/\\\/staging.cdsboutique.com\\\/\",\"logo\":{\"@type\":\"ImageObject\",\"inLanguage\":\"en-US\",\"@id\":\"https:\\\/\\\/staging.cdsboutique.com\\\/#\\\/schema\\\/logo\\\/image\\\/\",\"url\":\"https:\\\/\\\/staging.cdsboutique.com\\\/wp-content\\\/uploads\\\/2024\\\/09\\\/logoCDS-Boutique_final2024.jpg\",\"contentUrl\":\"https:\\\/\\\/staging.cdsboutique.com\\\/wp-content\\\/uploads\\\/2024\\\/09\\\/logoCDS-Boutique_final2024.jpg\",\"width\":900,\"height\":600,\"caption\":\"CDS Boutique\"},\"image\":{\"@id\":\"https:\\\/\\\/staging.cdsboutique.com\\\/#\\\/schema\\\/logo\\\/image\\\/\"},\"sameAs\":[\"https:\\\/\\\/www.facebook.com\\\/CDSBoutique.Aines.Seniors\",\"https:\\\/\\\/www.youtube.com\\\/@cdsboutique4046\",\"https:\\\/\\\/www.linkedin.com\\\/company\\\/cds-boutique\\\/\",\"https:\\\/\\\/www.instagram.com\\\/cdsboutique\\\/\"]}]}<\/script>\n<!-- \/ Yoast SEO plugin. -->","yoast_head_json":{"title":"Skits for Seniors 3 - CDS boutique A\u00een\u00e9s","robots":{"index":"noindex","follow":"follow","max-snippet":"max-snippet:-1","max-image-preview":"max-image-preview:large","max-video-preview":"max-video-preview:-1"},"og_locale":"en_US","og_type":"article","og_title":"Skits for Seniors 3 - CDS boutique A\u00een\u00e9s","og_description":"Give everyone in your group a moment in the spotlight and a chance to be a star! New Look, Same Great Product. Do you have a group that likes to read out loud or to perform for others? Have you looked in vain for short plays that appeal to mature people? Look no further! Skits [&hellip;]","og_url":"https:\/\/staging.cdsboutique.com\/en\/product\/skits-for-seniors-3\/","og_site_name":"CDS boutique A\u00een\u00e9s","article_publisher":"https:\/\/www.facebook.com\/CDSBoutique.Aines.Seniors","article_modified_time":"2024-02-13T18:34:14+00:00","og_image":[{"width":500,"height":643,"url":"https:\/\/staging.cdsboutique.com\/wp-content\/uploads\/2022\/04\/1631-Skits-for-Seniors3.png?_t=1707849254","type":"image\/png"}],"twitter_card":"summary_large_image","twitter_misc":{"Est. reading time":"1 minute"},"schema":{"@context":"https:\/\/schema.org","@graph":[{"@type":"WebPage","@id":"https:\/\/staging.cdsboutique.com\/en\/product\/skits-for-seniors-3\/","url":"https:\/\/staging.cdsboutique.com\/en\/product\/skits-for-seniors-3\/","name":"Skits for Seniors 3 - CDS boutique A\u00een\u00e9s","isPartOf":{"@id":"https:\/\/staging.cdsboutique.com\/#website"},"primaryImageOfPage":{"@id":"https:\/\/staging.cdsboutique.com\/en\/product\/skits-for-seniors-3\/#primaryimage"},"image":{"@id":"https:\/\/staging.cdsboutique.com\/en\/product\/skits-for-seniors-3\/#primaryimage"},"thumbnailUrl":"https:\/\/staging.cdsboutique.com\/wp-content\/uploads\/2022\/04\/1631-Skits-for-Seniors3.png","datePublished":"2020-11-20T16:54:11+00:00","dateModified":"2024-02-13T18:34:14+00:00","breadcrumb":{"@id":"https:\/\/staging.cdsboutique.com\/en\/product\/skits-for-seniors-3\/#breadcrumb"},"inLanguage":"en-US","potentialAction":[{"@type":"ReadAction","target":["https:\/\/staging.cdsboutique.com\/en\/product\/skits-for-seniors-3\/"]}]},{"@type":"ImageObject","inLanguage":"en-US","@id":"https:\/\/staging.cdsboutique.com\/en\/product\/skits-for-seniors-3\/#primaryimage","url":"https:\/\/staging.cdsboutique.com\/wp-content\/uploads\/2022\/04\/1631-Skits-for-Seniors3.png","contentUrl":"https:\/\/staging.cdsboutique.com\/wp-content\/uploads\/2022\/04\/1631-Skits-for-Seniors3.png","width":500,"height":643},{"@type":"BreadcrumbList","@id":"https:\/\/staging.cdsboutique.com\/en\/product\/skits-for-seniors-3\/#breadcrumb","itemListElement":[{"@type":"ListItem","position":1,"name":"Home","item":"https:\/\/staging.cdsboutique.com\/en\/"},{"@type":"ListItem","position":2,"name":"Products","item":"https:\/\/staging.cdsboutique.com\/en\/products\/"},{"@type":"ListItem","position":3,"name":"Skits for Seniors 3"}]},{"@type":"WebSite","@id":"https:\/\/staging.cdsboutique.com\/#website","url":"https:\/\/staging.cdsboutique.com\/","name":"CDS boutique A\u00een\u00e9s","description":"Pour une meilleure qualit\u00e9 de vie","publisher":{"@id":"https:\/\/staging.cdsboutique.com\/#organization"},"potentialAction":[{"@type":"SearchAction","target":{"@type":"EntryPoint","urlTemplate":"https:\/\/staging.cdsboutique.com\/?s={search_term_string}"},"query-input":{"@type":"PropertyValueSpecification","valueRequired":true,"valueName":"search_term_string"}}],"inLanguage":"en-US"},{"@type":"Organization","@id":"https:\/\/staging.cdsboutique.com\/#organization","name":"CDS Boutique","url":"https:\/\/staging.cdsboutique.com\/","logo":{"@type":"ImageObject","inLanguage":"en-US","@id":"https:\/\/staging.cdsboutique.com\/#\/schema\/logo\/image\/","url":"https:\/\/staging.cdsboutique.com\/wp-content\/uploads\/2024\/09\/logoCDS-Boutique_final2024.jpg","contentUrl":"https:\/\/staging.cdsboutique.com\/wp-content\/uploads\/2024\/09\/logoCDS-Boutique_final2024.jpg","width":900,"height":600,"caption":"CDS Boutique"},"image":{"@id":"https:\/\/staging.cdsboutique.com\/#\/schema\/logo\/image\/"},"sameAs":["https:\/\/www.facebook.com\/CDSBoutique.Aines.Seniors","https:\/\/www.youtube.com\/@cdsboutique4046","https:\/\/www.linkedin.com\/company\/cds-boutique\/","https:\/\/www.instagram.com\/cdsboutique\/"]}]}},"_links":{"self":[{"href":"https:\/\/staging.cdsboutique.com\/en\/wp-json\/wp\/v2\/product\/29679","targetHints":{"allow":["GET"]}}],"collection":[{"href":"https:\/\/staging.cdsboutique.com\/en\/wp-json\/wp\/v2\/product"}],"about":[{"href":"https:\/\/staging.cdsboutique.com\/en\/wp-json\/wp\/v2\/types\/product"}],"replies":[{"embeddable":true,"href":"https:\/\/staging.cdsboutique.com\/en\/wp-json\/wp\/v2\/comments?post=29679"}],"wp:featuredmedia":[{"embeddable":true,"href":"https:\/\/staging.cdsboutique.com\/en\/wp-json\/wp\/v2\/media\/45045"}],"wp:attachment":[{"href":"https:\/\/staging.cdsboutique.com\/en\/wp-json\/wp\/v2\/media?parent=29679"}],"wp:term":[{"taxonomy":"product_brand","embeddable":true,"href":"https:\/\/staging.cdsboutique.com\/en\/wp-json\/wp\/v2\/product_brand?post=29679"},{"taxonomy":"product_cat","embeddable":true,"href":"https:\/\/staging.cdsboutique.com\/en\/wp-json\/wp\/v2\/product_cat?post=29679"},{"taxonomy":"product_tag","embeddable":true,"href":"https:\/\/staging.cdsboutique.com\/en\/wp-json\/wp\/v2\/product_tag?post=29679"}],"curies":[{"name":"wp","href":"https:\/\/api.w.org\/{rel}","templated":true}]}}