{"id":29870,"date":"2020-11-20T12:03:23","date_gmt":"2020-11-20T17:03:23","guid":{"rendered":"https:\/\/preprod.cdsboutique.com\/produits\/hockey-canadas-game\/"},"modified":"2024-02-13T12:08:17","modified_gmt":"2024-02-13T17:08:17","slug":"hockey-canadas-game","status":"publish","type":"product","link":"https:\/\/staging.cdsboutique.com\/en\/produit\/hockey-canadas-game\/","title":{"rendered":"Hockey : Canada\u2019s Game"},"content":{"rendered":"<p><strong>The author narrates the interesting facts about hockey, how it was to grow-up with hockey and hockey legends background.<\/strong><\/p>\n<p><span style=\"text-decoration: underline;\"><strong>The Carry On Reading Series<\/strong><\/span><\/p>\n<p>The focus of these books is on stories that are interesting, enjoyable and accessible for individuals with memory deficits. An important feature of the books is the size and type of font, and the layout of the material, which is developed and tested in individual or group settings. The end result is an activity where participants enjoy the experience of reading interesting books and sharing memories related to the content. You will be amazed at the discussion and the reminiscing that is generated.<\/p>\n<p><strong>Hand out one booklet to each participant, then each participant takes a turn reading a page of the story out loud while others follow along.\u00a0Each booklet has 19 to 22 pages, which offers a 45 to 60 minute activity. Find more information on how to proceed on our website.<\/strong><\/p>\n","protected":false},"excerpt":{"rendered":"<p>The author narrates the interesting facts about hockey, how it was to grow-up with hockey and hockey legends background. The Carry On Reading Series The focus of these books is on stories that are interesting, enjoyable and accessible for individuals with memory deficits. An important feature of the books is the size and type of [&hellip;]<\/p>\n","protected":false},"featured_media":9088,"comment_status":"open","ping_status":"closed","template":"","meta":{"_acf_changed":false},"product_brand":[],"product_cat":[4401,2968,2970],"product_tag":[],"class_list":{"0":"post-29870","1":"product","2":"type-product","3":"status-publish","4":"has-post-thumbnail","6":"product_cat-all","7":"product_cat-cognitive-stimulation","8":"product_cat-reading-activities","9":"product_shipping_class-frais-de-livraison-en","11":"first","12":"instock","13":"taxable","14":"shipping-taxable","15":"purchasable","16":"product-type-simple"},"bundled_by":[],"bundle_stock_status":"instock","bundle_stock_quantity":null,"bundle_virtual":false,"bundle_layout":"","bundle_add_to_cart_form_location":"","bundle_editable_in_cart":false,"bundle_sold_individually_context":"","bundle_item_grouping":"","bundle_min_size":"","bundle_max_size":"","bundle_price":[],"bundled_items":[],"bundle_sell_ids":[],"acf":[],"featured_image_urls_v2":{"full":["https:\/\/staging.cdsboutique.com\/wp-content\/uploads\/2020\/10\/dementiability-hockey.gif",1200,1552,false],"thumbnail":["https:\/\/staging.cdsboutique.com\/wp-content\/uploads\/2020\/10\/dementiability-hockey-150x150.gif",150,150,true],"medium":["https:\/\/staging.cdsboutique.com\/wp-content\/uploads\/2020\/10\/dementiability-hockey-232x300.gif",232,300,true],"medium_large":["https:\/\/staging.cdsboutique.com\/wp-content\/uploads\/2020\/10\/dementiability-hockey-768x993.gif",768,993,true],"large":["https:\/\/staging.cdsboutique.com\/wp-content\/uploads\/2020\/10\/dementiability-hockey-792x1024.gif",792,1024,true],"1536x1536":["https:\/\/staging.cdsboutique.com\/wp-content\/uploads\/2020\/10\/dementiability-hockey-1188x1536.gif",1188,1536,true],"2048x2048":["https:\/\/staging.cdsboutique.com\/wp-content\/uploads\/2020\/10\/dementiability-hockey.gif",1200,1552,false],"gform-image-choice-sm":["https:\/\/staging.cdsboutique.com\/wp-content\/uploads\/2020\/10\/dementiability-hockey.gif",232,300,false],"gform-image-choice-md":["https:\/\/staging.cdsboutique.com\/wp-content\/uploads\/2020\/10\/dementiability-hockey.gif",309,400,false],"gform-image-choice-lg":["https:\/\/staging.cdsboutique.com\/wp-content\/uploads\/2020\/10\/dementiability-hockey.gif",464,600,false],"woocommerce_thumbnail":["https:\/\/staging.cdsboutique.com\/wp-content\/uploads\/2020\/10\/dementiability-hockey-300x388.gif",300,388,true],"woocommerce_single":["https:\/\/staging.cdsboutique.com\/wp-content\/uploads\/2020\/10\/dementiability-hockey-600x776.gif",600,776,true],"woocommerce_gallery_thumbnail":["https:\/\/staging.cdsboutique.com\/wp-content\/uploads\/2020\/10\/dementiability-hockey-100x100.gif",100,100,true],"variation_swatches_image_size":["https:\/\/staging.cdsboutique.com\/wp-content\/uploads\/2020\/10\/dementiability-hockey.gif",39,50,false],"variation_swatches_tooltip_size":["https:\/\/staging.cdsboutique.com\/wp-content\/uploads\/2020\/10\/dementiability-hockey.gif",77,100,false],"logo-size":["https:\/\/staging.cdsboutique.com\/wp-content\/uploads\/2020\/10\/dementiability-hockey-65x84.gif",65,84,true],"blog":["https:\/\/staging.cdsboutique.com\/wp-content\/uploads\/2020\/10\/dementiability-hockey-350x260.gif",350,260,true]},"post_excerpt_stackable_v2":"<p>The author narrates the interesting facts about hockey, how it was to grow-up with hockey and hockey legends background. The Carry On Reading Series The focus of these books is on stories that are interesting, enjoyable and accessible for individuals with memory deficits. An important feature of the books is the size and type of font, and the layout of the material, which is developed and tested in individual or group settings. The end result is an activity where participants enjoy the experience of reading interesting books and sharing memories related to the content. You will be amazed at the&hellip;<\/p>\n","category_list_v2":"","author_info_v2":{"name":"","url":""},"comments_num_v2":"1 comment","yoast_head":"<!-- This site is optimized with the Yoast SEO plugin v27.4 - https:\/\/yoast.com\/product\/yoast-seo-wordpress\/ -->\n<title>Hockey : Canada\u2019s Game - CDS boutique A\u00een\u00e9s<\/title>\n<meta name=\"robots\" content=\"noindex, follow, max-snippet:-1, max-image-preview:large, max-video-preview:-1\" \/>\n<meta property=\"og:locale\" content=\"en_US\" \/>\n<meta property=\"og:type\" content=\"article\" \/>\n<meta property=\"og:title\" content=\"Hockey : Canada\u2019s Game - CDS boutique A\u00een\u00e9s\" \/>\n<meta property=\"og:description\" content=\"The author narrates the interesting facts about hockey, how it was to grow-up with hockey and hockey legends background. The Carry On Reading Series The focus of these books is on stories that are interesting, enjoyable and accessible for individuals with memory deficits. An important feature of the books is the size and type of [&hellip;]\" \/>\n<meta property=\"og:url\" content=\"https:\/\/staging.cdsboutique.com\/en\/product\/hockey-canadas-game\/\" \/>\n<meta property=\"og:site_name\" content=\"CDS boutique A\u00een\u00e9s\" \/>\n<meta property=\"article:publisher\" content=\"https:\/\/www.facebook.com\/CDSBoutique.Aines.Seniors\" \/>\n<meta property=\"article:modified_time\" content=\"2024-02-13T17:08:17+00:00\" \/>\n<meta property=\"og:image\" content=\"https:\/\/staging.cdsboutique.com\/wp-content\/uploads\/2020\/10\/dementiability-hockey.gif?_t=1707844097\" \/>\n\t<meta property=\"og:image:width\" content=\"1200\" \/>\n\t<meta property=\"og:image:height\" content=\"1552\" \/>\n\t<meta property=\"og:image:type\" content=\"image\/gif\" \/>\n<meta name=\"twitter:card\" content=\"summary_large_image\" \/>\n<meta name=\"twitter:label1\" content=\"Est. reading time\" \/>\n\t<meta name=\"twitter:data1\" content=\"2 minutes\" \/>\n<script type=\"application\/ld+json\" class=\"yoast-schema-graph\">{\"@context\":\"https:\\\/\\\/schema.org\",\"@graph\":[{\"@type\":\"WebPage\",\"@id\":\"https:\\\/\\\/staging.cdsboutique.com\\\/en\\\/product\\\/hockey-canadas-game\\\/\",\"url\":\"https:\\\/\\\/staging.cdsboutique.com\\\/en\\\/product\\\/hockey-canadas-game\\\/\",\"name\":\"Hockey : Canada\u2019s Game - CDS boutique A\u00een\u00e9s\",\"isPartOf\":{\"@id\":\"https:\\\/\\\/staging.cdsboutique.com\\\/#website\"},\"primaryImageOfPage\":{\"@id\":\"https:\\\/\\\/staging.cdsboutique.com\\\/en\\\/product\\\/hockey-canadas-game\\\/#primaryimage\"},\"image\":{\"@id\":\"https:\\\/\\\/staging.cdsboutique.com\\\/en\\\/product\\\/hockey-canadas-game\\\/#primaryimage\"},\"thumbnailUrl\":\"https:\\\/\\\/staging.cdsboutique.com\\\/wp-content\\\/uploads\\\/2020\\\/10\\\/dementiability-hockey.gif\",\"datePublished\":\"2020-11-20T17:03:23+00:00\",\"dateModified\":\"2024-02-13T17:08:17+00:00\",\"breadcrumb\":{\"@id\":\"https:\\\/\\\/staging.cdsboutique.com\\\/en\\\/product\\\/hockey-canadas-game\\\/#breadcrumb\"},\"inLanguage\":\"en-US\",\"potentialAction\":[{\"@type\":\"ReadAction\",\"target\":[\"https:\\\/\\\/staging.cdsboutique.com\\\/en\\\/product\\\/hockey-canadas-game\\\/\"]}]},{\"@type\":\"ImageObject\",\"inLanguage\":\"en-US\",\"@id\":\"https:\\\/\\\/staging.cdsboutique.com\\\/en\\\/product\\\/hockey-canadas-game\\\/#primaryimage\",\"url\":\"https:\\\/\\\/staging.cdsboutique.com\\\/wp-content\\\/uploads\\\/2020\\\/10\\\/dementiability-hockey.gif\",\"contentUrl\":\"https:\\\/\\\/staging.cdsboutique.com\\\/wp-content\\\/uploads\\\/2020\\\/10\\\/dementiability-hockey.gif\",\"width\":1200,\"height\":1552},{\"@type\":\"BreadcrumbList\",\"@id\":\"https:\\\/\\\/staging.cdsboutique.com\\\/en\\\/product\\\/hockey-canadas-game\\\/#breadcrumb\",\"itemListElement\":[{\"@type\":\"ListItem\",\"position\":1,\"name\":\"Home\",\"item\":\"https:\\\/\\\/staging.cdsboutique.com\\\/en\\\/\"},{\"@type\":\"ListItem\",\"position\":2,\"name\":\"Products\",\"item\":\"https:\\\/\\\/staging.cdsboutique.com\\\/en\\\/products\\\/\"},{\"@type\":\"ListItem\",\"position\":3,\"name\":\"Hockey : Canada\u2019s Game\"}]},{\"@type\":\"WebSite\",\"@id\":\"https:\\\/\\\/staging.cdsboutique.com\\\/#website\",\"url\":\"https:\\\/\\\/staging.cdsboutique.com\\\/\",\"name\":\"CDS boutique A\u00een\u00e9s\",\"description\":\"Pour une meilleure qualit\u00e9 de vie\",\"publisher\":{\"@id\":\"https:\\\/\\\/staging.cdsboutique.com\\\/#organization\"},\"potentialAction\":[{\"@type\":\"SearchAction\",\"target\":{\"@type\":\"EntryPoint\",\"urlTemplate\":\"https:\\\/\\\/staging.cdsboutique.com\\\/?s={search_term_string}\"},\"query-input\":{\"@type\":\"PropertyValueSpecification\",\"valueRequired\":true,\"valueName\":\"search_term_string\"}}],\"inLanguage\":\"en-US\"},{\"@type\":\"Organization\",\"@id\":\"https:\\\/\\\/staging.cdsboutique.com\\\/#organization\",\"name\":\"CDS Boutique\",\"url\":\"https:\\\/\\\/staging.cdsboutique.com\\\/\",\"logo\":{\"@type\":\"ImageObject\",\"inLanguage\":\"en-US\",\"@id\":\"https:\\\/\\\/staging.cdsboutique.com\\\/#\\\/schema\\\/logo\\\/image\\\/\",\"url\":\"https:\\\/\\\/staging.cdsboutique.com\\\/wp-content\\\/uploads\\\/2024\\\/09\\\/logoCDS-Boutique_final2024.jpg\",\"contentUrl\":\"https:\\\/\\\/staging.cdsboutique.com\\\/wp-content\\\/uploads\\\/2024\\\/09\\\/logoCDS-Boutique_final2024.jpg\",\"width\":900,\"height\":600,\"caption\":\"CDS Boutique\"},\"image\":{\"@id\":\"https:\\\/\\\/staging.cdsboutique.com\\\/#\\\/schema\\\/logo\\\/image\\\/\"},\"sameAs\":[\"https:\\\/\\\/www.facebook.com\\\/CDSBoutique.Aines.Seniors\",\"https:\\\/\\\/www.youtube.com\\\/@cdsboutique4046\",\"https:\\\/\\\/www.linkedin.com\\\/company\\\/cds-boutique\\\/\",\"https:\\\/\\\/www.instagram.com\\\/cdsboutique\\\/\"]}]}<\/script>\n<!-- \/ Yoast SEO plugin. -->","yoast_head_json":{"title":"Hockey : Canada\u2019s Game - CDS boutique A\u00een\u00e9s","robots":{"index":"noindex","follow":"follow","max-snippet":"max-snippet:-1","max-image-preview":"max-image-preview:large","max-video-preview":"max-video-preview:-1"},"og_locale":"en_US","og_type":"article","og_title":"Hockey : Canada\u2019s Game - CDS boutique A\u00een\u00e9s","og_description":"The author narrates the interesting facts about hockey, how it was to grow-up with hockey and hockey legends background. The Carry On Reading Series The focus of these books is on stories that are interesting, enjoyable and accessible for individuals with memory deficits. An important feature of the books is the size and type of [&hellip;]","og_url":"https:\/\/staging.cdsboutique.com\/en\/product\/hockey-canadas-game\/","og_site_name":"CDS boutique A\u00een\u00e9s","article_publisher":"https:\/\/www.facebook.com\/CDSBoutique.Aines.Seniors","article_modified_time":"2024-02-13T17:08:17+00:00","og_image":[{"width":1200,"height":1552,"url":"https:\/\/staging.cdsboutique.com\/wp-content\/uploads\/2020\/10\/dementiability-hockey.gif?_t=1707844097","type":"image\/gif"}],"twitter_card":"summary_large_image","twitter_misc":{"Est. reading time":"2 minutes"},"schema":{"@context":"https:\/\/schema.org","@graph":[{"@type":"WebPage","@id":"https:\/\/staging.cdsboutique.com\/en\/product\/hockey-canadas-game\/","url":"https:\/\/staging.cdsboutique.com\/en\/product\/hockey-canadas-game\/","name":"Hockey : Canada\u2019s Game - CDS boutique A\u00een\u00e9s","isPartOf":{"@id":"https:\/\/staging.cdsboutique.com\/#website"},"primaryImageOfPage":{"@id":"https:\/\/staging.cdsboutique.com\/en\/product\/hockey-canadas-game\/#primaryimage"},"image":{"@id":"https:\/\/staging.cdsboutique.com\/en\/product\/hockey-canadas-game\/#primaryimage"},"thumbnailUrl":"https:\/\/staging.cdsboutique.com\/wp-content\/uploads\/2020\/10\/dementiability-hockey.gif","datePublished":"2020-11-20T17:03:23+00:00","dateModified":"2024-02-13T17:08:17+00:00","breadcrumb":{"@id":"https:\/\/staging.cdsboutique.com\/en\/product\/hockey-canadas-game\/#breadcrumb"},"inLanguage":"en-US","potentialAction":[{"@type":"ReadAction","target":["https:\/\/staging.cdsboutique.com\/en\/product\/hockey-canadas-game\/"]}]},{"@type":"ImageObject","inLanguage":"en-US","@id":"https:\/\/staging.cdsboutique.com\/en\/product\/hockey-canadas-game\/#primaryimage","url":"https:\/\/staging.cdsboutique.com\/wp-content\/uploads\/2020\/10\/dementiability-hockey.gif","contentUrl":"https:\/\/staging.cdsboutique.com\/wp-content\/uploads\/2020\/10\/dementiability-hockey.gif","width":1200,"height":1552},{"@type":"BreadcrumbList","@id":"https:\/\/staging.cdsboutique.com\/en\/product\/hockey-canadas-game\/#breadcrumb","itemListElement":[{"@type":"ListItem","position":1,"name":"Home","item":"https:\/\/staging.cdsboutique.com\/en\/"},{"@type":"ListItem","position":2,"name":"Products","item":"https:\/\/staging.cdsboutique.com\/en\/products\/"},{"@type":"ListItem","position":3,"name":"Hockey : Canada\u2019s Game"}]},{"@type":"WebSite","@id":"https:\/\/staging.cdsboutique.com\/#website","url":"https:\/\/staging.cdsboutique.com\/","name":"CDS boutique A\u00een\u00e9s","description":"Pour une meilleure qualit\u00e9 de vie","publisher":{"@id":"https:\/\/staging.cdsboutique.com\/#organization"},"potentialAction":[{"@type":"SearchAction","target":{"@type":"EntryPoint","urlTemplate":"https:\/\/staging.cdsboutique.com\/?s={search_term_string}"},"query-input":{"@type":"PropertyValueSpecification","valueRequired":true,"valueName":"search_term_string"}}],"inLanguage":"en-US"},{"@type":"Organization","@id":"https:\/\/staging.cdsboutique.com\/#organization","name":"CDS Boutique","url":"https:\/\/staging.cdsboutique.com\/","logo":{"@type":"ImageObject","inLanguage":"en-US","@id":"https:\/\/staging.cdsboutique.com\/#\/schema\/logo\/image\/","url":"https:\/\/staging.cdsboutique.com\/wp-content\/uploads\/2024\/09\/logoCDS-Boutique_final2024.jpg","contentUrl":"https:\/\/staging.cdsboutique.com\/wp-content\/uploads\/2024\/09\/logoCDS-Boutique_final2024.jpg","width":900,"height":600,"caption":"CDS Boutique"},"image":{"@id":"https:\/\/staging.cdsboutique.com\/#\/schema\/logo\/image\/"},"sameAs":["https:\/\/www.facebook.com\/CDSBoutique.Aines.Seniors","https:\/\/www.youtube.com\/@cdsboutique4046","https:\/\/www.linkedin.com\/company\/cds-boutique\/","https:\/\/www.instagram.com\/cdsboutique\/"]}]}},"_links":{"self":[{"href":"https:\/\/staging.cdsboutique.com\/en\/wp-json\/wp\/v2\/product\/29870","targetHints":{"allow":["GET"]}}],"collection":[{"href":"https:\/\/staging.cdsboutique.com\/en\/wp-json\/wp\/v2\/product"}],"about":[{"href":"https:\/\/staging.cdsboutique.com\/en\/wp-json\/wp\/v2\/types\/product"}],"replies":[{"embeddable":true,"href":"https:\/\/staging.cdsboutique.com\/en\/wp-json\/wp\/v2\/comments?post=29870"}],"wp:featuredmedia":[{"embeddable":true,"href":"https:\/\/staging.cdsboutique.com\/en\/wp-json\/wp\/v2\/media\/9088"}],"wp:attachment":[{"href":"https:\/\/staging.cdsboutique.com\/en\/wp-json\/wp\/v2\/media?parent=29870"}],"wp:term":[{"taxonomy":"product_brand","embeddable":true,"href":"https:\/\/staging.cdsboutique.com\/en\/wp-json\/wp\/v2\/product_brand?post=29870"},{"taxonomy":"product_cat","embeddable":true,"href":"https:\/\/staging.cdsboutique.com\/en\/wp-json\/wp\/v2\/product_cat?post=29870"},{"taxonomy":"product_tag","embeddable":true,"href":"https:\/\/staging.cdsboutique.com\/en\/wp-json\/wp\/v2\/product_tag?post=29870"}],"curies":[{"name":"wp","href":"https:\/\/api.w.org\/{rel}","templated":true}]}}