{"id":30196,"date":"2020-11-20T12:30:45","date_gmt":"2020-11-20T17:30:45","guid":{"rendered":"https:\/\/preprod.cdsboutique.com\/produits\/songs-from-the-soul-melody-lane-sing-along-video-2\/"},"modified":"2024-12-09T12:36:38","modified_gmt":"2024-12-09T17:36:38","slug":"songs-from-the-soul-melody-lane-sing-along-video-2","status":"publish","type":"product","link":"https:\/\/staging.cdsboutique.com\/en\/produit\/songs-from-the-soul-melody-lane-sing-along-video-2\/","title":{"rendered":"Songs From the Soul &#8211; Melody Lane Sing-Along Video"},"content":{"rendered":"<div id=\"product-details-description-long\">\n<p>A popular resource for long term care, retirement and adult day programs, this soul-stirring sing-along DVD includes &#8220;When the Saints Go Marching In,&#8221; &#8220;Over the Rainbow,&#8221; &#8220;This Little Light of Mine,&#8221; &#8220;How Great Thou Art&#8221; and more. Features a professional &#8220;live&#8221; performance with an audience of seniors singing and clapping along to enhance your client&#8217;s comfort and feeling of connection. Words appear on screen. Includes a large print, colorfully illustrated songbook on CD-ROM that is ready to be duplicated &#8211; print out as many song sheets as you need for your group! Endorsed by Creative Forecasting, Alzheimer Society of London and Middlesex, and Video Librarian. Running time: 45 minutes. Royalty rights have been paid to include newer material. Now all DVDs feature a \u201cphoto format\u201d with full screen beautiful and inspirational images to stimulate memory and conversation!<\/p>\n<p>Melody Lane Sing-Along DVDs are the choice of thousands of activity directors who want the best in upbeat karaoke-style sing-along DVDs for clients of various abilities.<\/p>\n<p>Songs include:<br \/>\n1. In the Garden<br \/>\n2. Just a Closer Walk with Thee<br \/>\n3. When the Saints Go Marching In<br \/>\n4. The Three Bells (Jimmy Brown)<br \/>\n5. Swing Low, Sweet Chariot<br \/>\n6. How Great Thou Art<br \/>\n7. Over the Rainbow<br \/>\n8. This Little Light of Mine<br \/>\n9. What a Wonderful World<br \/>\n10. He&#8217;s Got the Whole in His Hands<br \/>\n11. I Believe<br \/>\n12. Glory Glory Hallelujah!<br \/>\n13. May the Good Lord Bless and Keep You<br \/>\n14. Amazing Grace (featuring bagpipes)<\/p>\n<\/div>\n","protected":false},"excerpt":{"rendered":"<p>Melody Lane Sing Along Videos\u00a0will lift the hearts of the Seniors in your care and make them smile!<\/p>\n<p>In fact, anyone over 50 will enjoy these live performances of songs they used to listen to on the radio in their younger years, or sang with family and friends.<br \/>\nWith the\u00a0words right on the screen\u00a0and large print Songbooks that come free, everyone can join in the fun.<\/p>\n","protected":false},"featured_media":7788,"comment_status":"open","ping_status":"closed","template":"","meta":{"_acf_changed":false},"product_brand":[],"product_cat":[4401,4172,2963,4721],"product_tag":[],"class_list":{"0":"post-30196","1":"product","2":"type-product","3":"status-publish","4":"has-post-thumbnail","6":"product_cat-all","7":"product_cat-cds-dvds-sing-alongs","8":"product_cat-music-relaxation","9":"product_cat-sales-en","10":"product_shipping_class-frais-de-livraison-en","12":"first","13":"instock","14":"sale","15":"taxable","16":"shipping-taxable","17":"purchasable","18":"product-type-simple"},"bundled_by":[],"bundle_stock_status":"instock","bundle_stock_quantity":null,"bundle_virtual":false,"bundle_layout":"","bundle_add_to_cart_form_location":"","bundle_editable_in_cart":false,"bundle_sold_individually_context":"","bundle_item_grouping":"","bundle_min_size":"","bundle_max_size":"","bundle_price":[],"bundled_items":[],"bundle_sell_ids":[],"acf":[],"featured_image_urls_v2":{"full":["https:\/\/staging.cdsboutique.com\/wp-content\/uploads\/2020\/10\/2818b.jpg",750,1092,false],"thumbnail":["https:\/\/staging.cdsboutique.com\/wp-content\/uploads\/2020\/10\/2818b.jpg",103,150,false],"medium":["https:\/\/staging.cdsboutique.com\/wp-content\/uploads\/2020\/10\/2818b.jpg",206,300,false],"medium_large":["https:\/\/staging.cdsboutique.com\/wp-content\/uploads\/2020\/10\/2818b.jpg",750,1092,false],"large":["https:\/\/staging.cdsboutique.com\/wp-content\/uploads\/2020\/10\/2818b.jpg",703,1024,false],"1536x1536":["https:\/\/staging.cdsboutique.com\/wp-content\/uploads\/2020\/10\/2818b.jpg",750,1092,false],"2048x2048":["https:\/\/staging.cdsboutique.com\/wp-content\/uploads\/2020\/10\/2818b.jpg",750,1092,false],"gform-image-choice-sm":["https:\/\/staging.cdsboutique.com\/wp-content\/uploads\/2020\/10\/2818b.jpg",206,300,false],"gform-image-choice-md":["https:\/\/staging.cdsboutique.com\/wp-content\/uploads\/2020\/10\/2818b.jpg",275,400,false],"gform-image-choice-lg":["https:\/\/staging.cdsboutique.com\/wp-content\/uploads\/2020\/10\/2818b.jpg",412,600,false],"woocommerce_thumbnail":["https:\/\/staging.cdsboutique.com\/wp-content\/uploads\/2020\/10\/2818b-300x437.jpg",300,437,true],"woocommerce_single":["https:\/\/staging.cdsboutique.com\/wp-content\/uploads\/2020\/10\/2818b-600x874.jpg",600,874,true],"woocommerce_gallery_thumbnail":["https:\/\/staging.cdsboutique.com\/wp-content\/uploads\/2020\/10\/2818b-100x100.jpg",100,100,true],"variation_swatches_image_size":["https:\/\/staging.cdsboutique.com\/wp-content\/uploads\/2020\/10\/2818b.jpg",34,50,false],"variation_swatches_tooltip_size":["https:\/\/staging.cdsboutique.com\/wp-content\/uploads\/2020\/10\/2818b.jpg",69,100,false],"logo-size":["https:\/\/staging.cdsboutique.com\/wp-content\/uploads\/2020\/10\/2818b.jpg",58,84,false],"blog":["https:\/\/staging.cdsboutique.com\/wp-content\/uploads\/2020\/10\/2818b.jpg",179,260,false]},"post_excerpt_stackable_v2":"<p>Melody Lane Sing Along Videos\u00a0will lift the hearts of the Seniors in your care and make them smile!<\/p>\n<p>In fact, anyone over 50 will enjoy these live performances of songs they used to listen to on the radio in their younger years, or sang with family and friends.<br \/>\nWith the\u00a0words right on the screen\u00a0and large print Songbooks that come free, everyone can join in the fun.<\/p>\n","category_list_v2":"","author_info_v2":{"name":"","url":""},"comments_num_v2":"0 comments","yoast_head":"<!-- This site is optimized with the Yoast SEO plugin v27.4 - https:\/\/yoast.com\/product\/yoast-seo-wordpress\/ -->\n<title>Songs From the Soul - Melody Lane Sing-Along Video - CDS boutique A\u00een\u00e9s<\/title>\n<meta name=\"description\" content=\"Melody Lane Sing Along Videos\u00a0will lift the hearts of the Seniors in your care and make them smile!In fact, anyone over 50 will enjoy these live performances of songs they used to listen to on the radio in their younger years, or sang with family and friends.With the\u00a0words right on the screen\u00a0and large print Songbooks that come free, everyone can join in the fun.\" \/>\n<meta name=\"robots\" content=\"noindex, follow, max-snippet:-1, max-image-preview:large, max-video-preview:-1\" \/>\n<meta property=\"og:locale\" content=\"en_US\" \/>\n<meta property=\"og:type\" content=\"article\" \/>\n<meta property=\"og:title\" content=\"Songs From the Soul - Melody Lane Sing-Along Video - CDS boutique A\u00een\u00e9s\" \/>\n<meta property=\"og:description\" content=\"Melody Lane Sing Along Videos\u00a0will lift the hearts of the Seniors in your care and make them smile!In fact, anyone over 50 will enjoy these live performances of songs they used to listen to on the radio in their younger years, or sang with family and friends.With the\u00a0words right on the screen\u00a0and large print Songbooks that come free, everyone can join in the fun.\" \/>\n<meta property=\"og:url\" content=\"https:\/\/staging.cdsboutique.com\/en\/product\/songs-from-the-soul-melody-lane-sing-along-video-2\/\" \/>\n<meta property=\"og:site_name\" content=\"CDS boutique A\u00een\u00e9s\" \/>\n<meta property=\"article:publisher\" content=\"https:\/\/www.facebook.com\/CDSBoutique.Aines.Seniors\" \/>\n<meta property=\"article:modified_time\" content=\"2024-12-09T17:36:38+00:00\" \/>\n<meta property=\"og:image\" content=\"https:\/\/staging.cdsboutique.com\/wp-content\/uploads\/2020\/10\/2818b.jpg?_t=1733765800\" \/>\n\t<meta property=\"og:image:width\" content=\"750\" \/>\n\t<meta property=\"og:image:height\" content=\"1092\" \/>\n\t<meta property=\"og:image:type\" content=\"image\/jpeg\" \/>\n<meta name=\"twitter:card\" content=\"summary_large_image\" \/>\n<meta name=\"twitter:label1\" content=\"Est. reading time\" \/>\n\t<meta name=\"twitter:data1\" content=\"2 minutes\" \/>\n<script type=\"application\/ld+json\" class=\"yoast-schema-graph\">{\"@context\":\"https:\\\/\\\/schema.org\",\"@graph\":[{\"@type\":\"WebPage\",\"@id\":\"https:\\\/\\\/staging.cdsboutique.com\\\/en\\\/product\\\/songs-from-the-soul-melody-lane-sing-along-video-2\\\/\",\"url\":\"https:\\\/\\\/staging.cdsboutique.com\\\/en\\\/product\\\/songs-from-the-soul-melody-lane-sing-along-video-2\\\/\",\"name\":\"Songs From the Soul - Melody Lane Sing-Along Video - CDS boutique A\u00een\u00e9s\",\"isPartOf\":{\"@id\":\"https:\\\/\\\/staging.cdsboutique.com\\\/#website\"},\"primaryImageOfPage\":{\"@id\":\"https:\\\/\\\/staging.cdsboutique.com\\\/en\\\/product\\\/songs-from-the-soul-melody-lane-sing-along-video-2\\\/#primaryimage\"},\"image\":{\"@id\":\"https:\\\/\\\/staging.cdsboutique.com\\\/en\\\/product\\\/songs-from-the-soul-melody-lane-sing-along-video-2\\\/#primaryimage\"},\"thumbnailUrl\":\"https:\\\/\\\/staging.cdsboutique.com\\\/wp-content\\\/uploads\\\/2020\\\/10\\\/2818b.jpg\",\"datePublished\":\"2020-11-20T17:30:45+00:00\",\"dateModified\":\"2024-12-09T17:36:38+00:00\",\"description\":\"Melody Lane Sing Along Videos\u00a0will lift the hearts of the Seniors in your care and make them smile!In fact, anyone over 50 will enjoy these live performances of songs they used to listen to on the radio in their younger years, or sang with family and friends.With the\u00a0words right on the screen\u00a0and large print Songbooks that come free, everyone can join in the fun.\",\"breadcrumb\":{\"@id\":\"https:\\\/\\\/staging.cdsboutique.com\\\/en\\\/product\\\/songs-from-the-soul-melody-lane-sing-along-video-2\\\/#breadcrumb\"},\"inLanguage\":\"en-US\",\"potentialAction\":[{\"@type\":\"ReadAction\",\"target\":[\"https:\\\/\\\/staging.cdsboutique.com\\\/en\\\/product\\\/songs-from-the-soul-melody-lane-sing-along-video-2\\\/\"]}]},{\"@type\":\"ImageObject\",\"inLanguage\":\"en-US\",\"@id\":\"https:\\\/\\\/staging.cdsboutique.com\\\/en\\\/product\\\/songs-from-the-soul-melody-lane-sing-along-video-2\\\/#primaryimage\",\"url\":\"https:\\\/\\\/staging.cdsboutique.com\\\/wp-content\\\/uploads\\\/2020\\\/10\\\/2818b.jpg\",\"contentUrl\":\"https:\\\/\\\/staging.cdsboutique.com\\\/wp-content\\\/uploads\\\/2020\\\/10\\\/2818b.jpg\",\"width\":750,\"height\":1092},{\"@type\":\"BreadcrumbList\",\"@id\":\"https:\\\/\\\/staging.cdsboutique.com\\\/en\\\/product\\\/songs-from-the-soul-melody-lane-sing-along-video-2\\\/#breadcrumb\",\"itemListElement\":[{\"@type\":\"ListItem\",\"position\":1,\"name\":\"Home\",\"item\":\"https:\\\/\\\/staging.cdsboutique.com\\\/en\\\/\"},{\"@type\":\"ListItem\",\"position\":2,\"name\":\"Products\",\"item\":\"https:\\\/\\\/staging.cdsboutique.com\\\/en\\\/products\\\/\"},{\"@type\":\"ListItem\",\"position\":3,\"name\":\"Songs From the Soul &#8211; Melody Lane Sing-Along Video\"}]},{\"@type\":\"WebSite\",\"@id\":\"https:\\\/\\\/staging.cdsboutique.com\\\/#website\",\"url\":\"https:\\\/\\\/staging.cdsboutique.com\\\/\",\"name\":\"CDS boutique A\u00een\u00e9s\",\"description\":\"Pour une meilleure qualit\u00e9 de vie\",\"publisher\":{\"@id\":\"https:\\\/\\\/staging.cdsboutique.com\\\/#organization\"},\"potentialAction\":[{\"@type\":\"SearchAction\",\"target\":{\"@type\":\"EntryPoint\",\"urlTemplate\":\"https:\\\/\\\/staging.cdsboutique.com\\\/?s={search_term_string}\"},\"query-input\":{\"@type\":\"PropertyValueSpecification\",\"valueRequired\":true,\"valueName\":\"search_term_string\"}}],\"inLanguage\":\"en-US\"},{\"@type\":\"Organization\",\"@id\":\"https:\\\/\\\/staging.cdsboutique.com\\\/#organization\",\"name\":\"CDS Boutique\",\"url\":\"https:\\\/\\\/staging.cdsboutique.com\\\/\",\"logo\":{\"@type\":\"ImageObject\",\"inLanguage\":\"en-US\",\"@id\":\"https:\\\/\\\/staging.cdsboutique.com\\\/#\\\/schema\\\/logo\\\/image\\\/\",\"url\":\"https:\\\/\\\/staging.cdsboutique.com\\\/wp-content\\\/uploads\\\/2024\\\/09\\\/logoCDS-Boutique_final2024.jpg\",\"contentUrl\":\"https:\\\/\\\/staging.cdsboutique.com\\\/wp-content\\\/uploads\\\/2024\\\/09\\\/logoCDS-Boutique_final2024.jpg\",\"width\":900,\"height\":600,\"caption\":\"CDS Boutique\"},\"image\":{\"@id\":\"https:\\\/\\\/staging.cdsboutique.com\\\/#\\\/schema\\\/logo\\\/image\\\/\"},\"sameAs\":[\"https:\\\/\\\/www.facebook.com\\\/CDSBoutique.Aines.Seniors\",\"https:\\\/\\\/www.youtube.com\\\/@cdsboutique4046\",\"https:\\\/\\\/www.linkedin.com\\\/company\\\/cds-boutique\\\/\",\"https:\\\/\\\/www.instagram.com\\\/cdsboutique\\\/\"]}]}<\/script>\n<!-- \/ Yoast SEO plugin. -->","yoast_head_json":{"title":"Songs From the Soul - Melody Lane Sing-Along Video - CDS boutique A\u00een\u00e9s","description":"Melody Lane Sing Along Videos\u00a0will lift the hearts of the Seniors in your care and make them smile!In fact, anyone over 50 will enjoy these live performances of songs they used to listen to on the radio in their younger years, or sang with family and friends.With the\u00a0words right on the screen\u00a0and large print Songbooks that come free, everyone can join in the fun.","robots":{"index":"noindex","follow":"follow","max-snippet":"max-snippet:-1","max-image-preview":"max-image-preview:large","max-video-preview":"max-video-preview:-1"},"og_locale":"en_US","og_type":"article","og_title":"Songs From the Soul - Melody Lane Sing-Along Video - CDS boutique A\u00een\u00e9s","og_description":"Melody Lane Sing Along Videos\u00a0will lift the hearts of the Seniors in your care and make them smile!In fact, anyone over 50 will enjoy these live performances of songs they used to listen to on the radio in their younger years, or sang with family and friends.With the\u00a0words right on the screen\u00a0and large print Songbooks that come free, everyone can join in the fun.","og_url":"https:\/\/staging.cdsboutique.com\/en\/product\/songs-from-the-soul-melody-lane-sing-along-video-2\/","og_site_name":"CDS boutique A\u00een\u00e9s","article_publisher":"https:\/\/www.facebook.com\/CDSBoutique.Aines.Seniors","article_modified_time":"2024-12-09T17:36:38+00:00","og_image":[{"width":750,"height":1092,"url":"https:\/\/staging.cdsboutique.com\/wp-content\/uploads\/2020\/10\/2818b.jpg?_t=1733765800","type":"image\/jpeg"}],"twitter_card":"summary_large_image","twitter_misc":{"Est. reading time":"2 minutes"},"schema":{"@context":"https:\/\/schema.org","@graph":[{"@type":"WebPage","@id":"https:\/\/staging.cdsboutique.com\/en\/product\/songs-from-the-soul-melody-lane-sing-along-video-2\/","url":"https:\/\/staging.cdsboutique.com\/en\/product\/songs-from-the-soul-melody-lane-sing-along-video-2\/","name":"Songs From the Soul - Melody Lane Sing-Along Video - CDS boutique A\u00een\u00e9s","isPartOf":{"@id":"https:\/\/staging.cdsboutique.com\/#website"},"primaryImageOfPage":{"@id":"https:\/\/staging.cdsboutique.com\/en\/product\/songs-from-the-soul-melody-lane-sing-along-video-2\/#primaryimage"},"image":{"@id":"https:\/\/staging.cdsboutique.com\/en\/product\/songs-from-the-soul-melody-lane-sing-along-video-2\/#primaryimage"},"thumbnailUrl":"https:\/\/staging.cdsboutique.com\/wp-content\/uploads\/2020\/10\/2818b.jpg","datePublished":"2020-11-20T17:30:45+00:00","dateModified":"2024-12-09T17:36:38+00:00","description":"Melody Lane Sing Along Videos\u00a0will lift the hearts of the Seniors in your care and make them smile!In fact, anyone over 50 will enjoy these live performances of songs they used to listen to on the radio in their younger years, or sang with family and friends.With the\u00a0words right on the screen\u00a0and large print Songbooks that come free, everyone can join in the fun.","breadcrumb":{"@id":"https:\/\/staging.cdsboutique.com\/en\/product\/songs-from-the-soul-melody-lane-sing-along-video-2\/#breadcrumb"},"inLanguage":"en-US","potentialAction":[{"@type":"ReadAction","target":["https:\/\/staging.cdsboutique.com\/en\/product\/songs-from-the-soul-melody-lane-sing-along-video-2\/"]}]},{"@type":"ImageObject","inLanguage":"en-US","@id":"https:\/\/staging.cdsboutique.com\/en\/product\/songs-from-the-soul-melody-lane-sing-along-video-2\/#primaryimage","url":"https:\/\/staging.cdsboutique.com\/wp-content\/uploads\/2020\/10\/2818b.jpg","contentUrl":"https:\/\/staging.cdsboutique.com\/wp-content\/uploads\/2020\/10\/2818b.jpg","width":750,"height":1092},{"@type":"BreadcrumbList","@id":"https:\/\/staging.cdsboutique.com\/en\/product\/songs-from-the-soul-melody-lane-sing-along-video-2\/#breadcrumb","itemListElement":[{"@type":"ListItem","position":1,"name":"Home","item":"https:\/\/staging.cdsboutique.com\/en\/"},{"@type":"ListItem","position":2,"name":"Products","item":"https:\/\/staging.cdsboutique.com\/en\/products\/"},{"@type":"ListItem","position":3,"name":"Songs From the Soul &#8211; Melody Lane Sing-Along Video"}]},{"@type":"WebSite","@id":"https:\/\/staging.cdsboutique.com\/#website","url":"https:\/\/staging.cdsboutique.com\/","name":"CDS boutique A\u00een\u00e9s","description":"Pour une meilleure qualit\u00e9 de vie","publisher":{"@id":"https:\/\/staging.cdsboutique.com\/#organization"},"potentialAction":[{"@type":"SearchAction","target":{"@type":"EntryPoint","urlTemplate":"https:\/\/staging.cdsboutique.com\/?s={search_term_string}"},"query-input":{"@type":"PropertyValueSpecification","valueRequired":true,"valueName":"search_term_string"}}],"inLanguage":"en-US"},{"@type":"Organization","@id":"https:\/\/staging.cdsboutique.com\/#organization","name":"CDS Boutique","url":"https:\/\/staging.cdsboutique.com\/","logo":{"@type":"ImageObject","inLanguage":"en-US","@id":"https:\/\/staging.cdsboutique.com\/#\/schema\/logo\/image\/","url":"https:\/\/staging.cdsboutique.com\/wp-content\/uploads\/2024\/09\/logoCDS-Boutique_final2024.jpg","contentUrl":"https:\/\/staging.cdsboutique.com\/wp-content\/uploads\/2024\/09\/logoCDS-Boutique_final2024.jpg","width":900,"height":600,"caption":"CDS Boutique"},"image":{"@id":"https:\/\/staging.cdsboutique.com\/#\/schema\/logo\/image\/"},"sameAs":["https:\/\/www.facebook.com\/CDSBoutique.Aines.Seniors","https:\/\/www.youtube.com\/@cdsboutique4046","https:\/\/www.linkedin.com\/company\/cds-boutique\/","https:\/\/www.instagram.com\/cdsboutique\/"]}]}},"_links":{"self":[{"href":"https:\/\/staging.cdsboutique.com\/en\/wp-json\/wp\/v2\/product\/30196","targetHints":{"allow":["GET"]}}],"collection":[{"href":"https:\/\/staging.cdsboutique.com\/en\/wp-json\/wp\/v2\/product"}],"about":[{"href":"https:\/\/staging.cdsboutique.com\/en\/wp-json\/wp\/v2\/types\/product"}],"replies":[{"embeddable":true,"href":"https:\/\/staging.cdsboutique.com\/en\/wp-json\/wp\/v2\/comments?post=30196"}],"wp:featuredmedia":[{"embeddable":true,"href":"https:\/\/staging.cdsboutique.com\/en\/wp-json\/wp\/v2\/media\/7788"}],"wp:attachment":[{"href":"https:\/\/staging.cdsboutique.com\/en\/wp-json\/wp\/v2\/media?parent=30196"}],"wp:term":[{"taxonomy":"product_brand","embeddable":true,"href":"https:\/\/staging.cdsboutique.com\/en\/wp-json\/wp\/v2\/product_brand?post=30196"},{"taxonomy":"product_cat","embeddable":true,"href":"https:\/\/staging.cdsboutique.com\/en\/wp-json\/wp\/v2\/product_cat?post=30196"},{"taxonomy":"product_tag","embeddable":true,"href":"https:\/\/staging.cdsboutique.com\/en\/wp-json\/wp\/v2\/product_tag?post=30196"}],"curies":[{"name":"wp","href":"https:\/\/api.w.org\/{rel}","templated":true}]}}