{"id":30199,"date":"2020-11-20T12:31:06","date_gmt":"2020-11-20T17:31:06","guid":{"rendered":"https:\/\/preprod.cdsboutique.com\/produits\/songs-of-england-melody-lane-sing-along-video-2\/"},"modified":"2025-02-25T17:50:13","modified_gmt":"2025-02-25T22:50:13","slug":"songs-of-england-melody-lane-sing-along-video-2","status":"publish","type":"product","link":"https:\/\/staging.cdsboutique.com\/en\/produit\/songs-of-england-melody-lane-sing-along-video-2\/","title":{"rendered":"Songs of England &#8211; Melody Lane Sing-Along Video"},"content":{"rendered":"<p><b><i>&#8220;The Songs of England&#8221;<\/i><\/b>\u00a0is dedicated to the Victorian Order of Nurses (VON) providing health care and community support services in Canada for over 100 years. A portion of profits will be donated the VON to help with their important work.<\/p>\n<p>Includes :<\/p>\n<ol>\n<li>Early One Morning<\/li>\n<li>Oh Dear What Can the Matter Be?<\/li>\n<li>What Will We Do With A Drunken Sailor<\/li>\n<li>Are you Going to Scarborough Fair?<\/li>\n<li>Barbara Allen<\/li>\n<li>Mama&#8217;s Gonna Buy You a Mockingbird<\/li>\n<li>Greensleeves<\/li>\n<li>Lavender Blue<\/li>\n<li>English Country Garden<\/li>\n<li>The Girl I Left Behind Me<\/li>\n<li>Billy Boy Billy Boy<\/li>\n<li>Long Long Ago<\/li>\n<li>Land of Hope and Glor<\/li>\n<\/ol>\n","protected":false},"excerpt":{"rendered":"<p>Melody Lane Sing Along Videos\u00a0will lift the hearts of the Seniors in your care and make them smile!<\/p>\n<p>In fact, anyone over 50 will enjoy these live performances of songs they used to listen to on the radio in their younger years, or sang with family and friends.<br \/>\nWith the\u00a0words right on the screen\u00a0and large print Songbooks that come free, everyone can join in the fun.<\/p>\n","protected":false},"featured_media":7799,"comment_status":"open","ping_status":"closed","template":"","meta":{"_acf_changed":false},"product_brand":[],"product_cat":[4401,4172,2963,4721],"product_tag":[],"class_list":{"0":"post-30199","1":"product","2":"type-product","3":"status-publish","4":"has-post-thumbnail","6":"product_cat-all","7":"product_cat-cds-dvds-sing-alongs","8":"product_cat-music-relaxation","9":"product_cat-sales-en","10":"product_shipping_class-frais-de-livraison-en","12":"first","13":"instock","14":"sale","15":"taxable","16":"shipping-taxable","17":"purchasable","18":"product-type-simple"},"bundled_by":[],"bundle_stock_status":"instock","bundle_stock_quantity":null,"bundle_virtual":false,"bundle_layout":"","bundle_add_to_cart_form_location":"","bundle_editable_in_cart":false,"bundle_sold_individually_context":"","bundle_item_grouping":"","bundle_min_size":"","bundle_max_size":"","bundle_price":[],"bundled_items":[],"bundle_sell_ids":[],"acf":[],"featured_image_urls_v2":{"full":["https:\/\/staging.cdsboutique.com\/wp-content\/uploads\/2020\/10\/2820a.jpg",1561,2085,false],"thumbnail":["https:\/\/staging.cdsboutique.com\/wp-content\/uploads\/2020\/10\/2820a.jpg",112,150,false],"medium":["https:\/\/staging.cdsboutique.com\/wp-content\/uploads\/2020\/10\/2820a.jpg",225,300,false],"medium_large":["https:\/\/staging.cdsboutique.com\/wp-content\/uploads\/2020\/10\/2820a.jpg",768,1026,false],"large":["https:\/\/staging.cdsboutique.com\/wp-content\/uploads\/2020\/10\/2820a.jpg",767,1024,false],"1536x1536":["https:\/\/staging.cdsboutique.com\/wp-content\/uploads\/2020\/10\/2820a.jpg",1150,1536,false],"2048x2048":["https:\/\/staging.cdsboutique.com\/wp-content\/uploads\/2020\/10\/2820a.jpg",1533,2048,false],"gform-image-choice-sm":["https:\/\/staging.cdsboutique.com\/wp-content\/uploads\/2020\/10\/2820a.jpg",225,300,false],"gform-image-choice-md":["https:\/\/staging.cdsboutique.com\/wp-content\/uploads\/2020\/10\/2820a.jpg",299,400,false],"gform-image-choice-lg":["https:\/\/staging.cdsboutique.com\/wp-content\/uploads\/2020\/10\/2820a.jpg",449,600,false],"woocommerce_thumbnail":["https:\/\/staging.cdsboutique.com\/wp-content\/uploads\/2020\/10\/2820a-300x401.jpg",300,401,true],"woocommerce_single":["https:\/\/staging.cdsboutique.com\/wp-content\/uploads\/2020\/10\/2820a-600x801.jpg",600,801,true],"woocommerce_gallery_thumbnail":["https:\/\/staging.cdsboutique.com\/wp-content\/uploads\/2020\/10\/2820a-100x100.jpg",100,100,true],"variation_swatches_image_size":["https:\/\/staging.cdsboutique.com\/wp-content\/uploads\/2020\/10\/2820a.jpg",37,50,false],"variation_swatches_tooltip_size":["https:\/\/staging.cdsboutique.com\/wp-content\/uploads\/2020\/10\/2820a.jpg",75,100,false],"logo-size":["https:\/\/staging.cdsboutique.com\/wp-content\/uploads\/2020\/10\/2820a.jpg",63,84,false],"blog":["https:\/\/staging.cdsboutique.com\/wp-content\/uploads\/2020\/10\/2820a.jpg",195,260,false]},"post_excerpt_stackable_v2":"<p>Melody Lane Sing Along Videos\u00a0will lift the hearts of the Seniors in your care and make them smile!<\/p>\n<p>In fact, anyone over 50 will enjoy these live performances of songs they used to listen to on the radio in their younger years, or sang with family and friends.<br \/>\nWith the\u00a0words right on the screen\u00a0and large print Songbooks that come free, everyone can join in the fun.<\/p>\n","category_list_v2":"","author_info_v2":{"name":"","url":""},"comments_num_v2":"0 comments","yoast_head":"<!-- This site is optimized with the Yoast SEO plugin v27.4 - https:\/\/yoast.com\/product\/yoast-seo-wordpress\/ -->\n<title>Songs of England - Melody Lane Sing-Along Video - CDS boutique A\u00een\u00e9s<\/title>\n<meta name=\"description\" content=\"Melody Lane Sing Along Videos\u00a0will lift the hearts of the Seniors in your care and make them smile!In fact, anyone over 50 will enjoy these live performances of songs they used to listen to on the radio in their younger years, or sang with family and friends.With the\u00a0words right on the screen\u00a0and large print Songbooks that come free, everyone can join in the fun.\" \/>\n<meta name=\"robots\" content=\"noindex, follow, max-snippet:-1, max-image-preview:large, max-video-preview:-1\" \/>\n<meta property=\"og:locale\" content=\"en_US\" \/>\n<meta property=\"og:type\" content=\"article\" \/>\n<meta property=\"og:title\" content=\"Songs of England - Melody Lane Sing-Along Video - CDS boutique A\u00een\u00e9s\" \/>\n<meta property=\"og:description\" content=\"Melody Lane Sing Along Videos\u00a0will lift the hearts of the Seniors in your care and make them smile!In fact, anyone over 50 will enjoy these live performances of songs they used to listen to on the radio in their younger years, or sang with family and friends.With the\u00a0words right on the screen\u00a0and large print Songbooks that come free, everyone can join in the fun.\" \/>\n<meta property=\"og:url\" content=\"https:\/\/staging.cdsboutique.com\/en\/product\/songs-of-england-melody-lane-sing-along-video-2\/\" \/>\n<meta property=\"og:site_name\" content=\"CDS boutique A\u00een\u00e9s\" \/>\n<meta property=\"article:publisher\" content=\"https:\/\/www.facebook.com\/CDSBoutique.Aines.Seniors\" \/>\n<meta property=\"article:modified_time\" content=\"2025-02-25T22:50:13+00:00\" \/>\n<meta property=\"og:image\" content=\"https:\/\/staging.cdsboutique.com\/wp-content\/uploads\/2020\/10\/2820a.jpg?_t=1740523814\" \/>\n\t<meta property=\"og:image:width\" content=\"1561\" \/>\n\t<meta property=\"og:image:height\" content=\"2085\" \/>\n\t<meta property=\"og:image:type\" content=\"image\/jpeg\" \/>\n<meta name=\"twitter:card\" content=\"summary_large_image\" \/>\n<meta name=\"twitter:label1\" content=\"Est. reading time\" \/>\n\t<meta name=\"twitter:data1\" content=\"1 minute\" \/>\n<script type=\"application\/ld+json\" class=\"yoast-schema-graph\">{\"@context\":\"https:\\\/\\\/schema.org\",\"@graph\":[{\"@type\":\"WebPage\",\"@id\":\"https:\\\/\\\/staging.cdsboutique.com\\\/en\\\/product\\\/songs-of-england-melody-lane-sing-along-video-2\\\/\",\"url\":\"https:\\\/\\\/staging.cdsboutique.com\\\/en\\\/product\\\/songs-of-england-melody-lane-sing-along-video-2\\\/\",\"name\":\"Songs of England - Melody Lane Sing-Along Video - CDS boutique A\u00een\u00e9s\",\"isPartOf\":{\"@id\":\"https:\\\/\\\/staging.cdsboutique.com\\\/#website\"},\"primaryImageOfPage\":{\"@id\":\"https:\\\/\\\/staging.cdsboutique.com\\\/en\\\/product\\\/songs-of-england-melody-lane-sing-along-video-2\\\/#primaryimage\"},\"image\":{\"@id\":\"https:\\\/\\\/staging.cdsboutique.com\\\/en\\\/product\\\/songs-of-england-melody-lane-sing-along-video-2\\\/#primaryimage\"},\"thumbnailUrl\":\"https:\\\/\\\/staging.cdsboutique.com\\\/wp-content\\\/uploads\\\/2020\\\/10\\\/2820a.jpg\",\"datePublished\":\"2020-11-20T17:31:06+00:00\",\"dateModified\":\"2025-02-25T22:50:13+00:00\",\"description\":\"Melody Lane Sing Along Videos\u00a0will lift the hearts of the Seniors in your care and make them smile!In fact, anyone over 50 will enjoy these live performances of songs they used to listen to on the radio in their younger years, or sang with family and friends.With the\u00a0words right on the screen\u00a0and large print Songbooks that come free, everyone can join in the fun.\",\"breadcrumb\":{\"@id\":\"https:\\\/\\\/staging.cdsboutique.com\\\/en\\\/product\\\/songs-of-england-melody-lane-sing-along-video-2\\\/#breadcrumb\"},\"inLanguage\":\"en-US\",\"potentialAction\":[{\"@type\":\"ReadAction\",\"target\":[\"https:\\\/\\\/staging.cdsboutique.com\\\/en\\\/product\\\/songs-of-england-melody-lane-sing-along-video-2\\\/\"]}]},{\"@type\":\"ImageObject\",\"inLanguage\":\"en-US\",\"@id\":\"https:\\\/\\\/staging.cdsboutique.com\\\/en\\\/product\\\/songs-of-england-melody-lane-sing-along-video-2\\\/#primaryimage\",\"url\":\"https:\\\/\\\/staging.cdsboutique.com\\\/wp-content\\\/uploads\\\/2020\\\/10\\\/2820a.jpg\",\"contentUrl\":\"https:\\\/\\\/staging.cdsboutique.com\\\/wp-content\\\/uploads\\\/2020\\\/10\\\/2820a.jpg\",\"width\":1561,\"height\":2085},{\"@type\":\"BreadcrumbList\",\"@id\":\"https:\\\/\\\/staging.cdsboutique.com\\\/en\\\/product\\\/songs-of-england-melody-lane-sing-along-video-2\\\/#breadcrumb\",\"itemListElement\":[{\"@type\":\"ListItem\",\"position\":1,\"name\":\"Home\",\"item\":\"https:\\\/\\\/staging.cdsboutique.com\\\/en\\\/\"},{\"@type\":\"ListItem\",\"position\":2,\"name\":\"Products\",\"item\":\"https:\\\/\\\/staging.cdsboutique.com\\\/en\\\/products\\\/\"},{\"@type\":\"ListItem\",\"position\":3,\"name\":\"Songs of England &#8211; Melody Lane Sing-Along Video\"}]},{\"@type\":\"WebSite\",\"@id\":\"https:\\\/\\\/staging.cdsboutique.com\\\/#website\",\"url\":\"https:\\\/\\\/staging.cdsboutique.com\\\/\",\"name\":\"CDS boutique A\u00een\u00e9s\",\"description\":\"Pour une meilleure qualit\u00e9 de vie\",\"publisher\":{\"@id\":\"https:\\\/\\\/staging.cdsboutique.com\\\/#organization\"},\"potentialAction\":[{\"@type\":\"SearchAction\",\"target\":{\"@type\":\"EntryPoint\",\"urlTemplate\":\"https:\\\/\\\/staging.cdsboutique.com\\\/?s={search_term_string}\"},\"query-input\":{\"@type\":\"PropertyValueSpecification\",\"valueRequired\":true,\"valueName\":\"search_term_string\"}}],\"inLanguage\":\"en-US\"},{\"@type\":\"Organization\",\"@id\":\"https:\\\/\\\/staging.cdsboutique.com\\\/#organization\",\"name\":\"CDS Boutique\",\"url\":\"https:\\\/\\\/staging.cdsboutique.com\\\/\",\"logo\":{\"@type\":\"ImageObject\",\"inLanguage\":\"en-US\",\"@id\":\"https:\\\/\\\/staging.cdsboutique.com\\\/#\\\/schema\\\/logo\\\/image\\\/\",\"url\":\"https:\\\/\\\/staging.cdsboutique.com\\\/wp-content\\\/uploads\\\/2024\\\/09\\\/logoCDS-Boutique_final2024.jpg\",\"contentUrl\":\"https:\\\/\\\/staging.cdsboutique.com\\\/wp-content\\\/uploads\\\/2024\\\/09\\\/logoCDS-Boutique_final2024.jpg\",\"width\":900,\"height\":600,\"caption\":\"CDS Boutique\"},\"image\":{\"@id\":\"https:\\\/\\\/staging.cdsboutique.com\\\/#\\\/schema\\\/logo\\\/image\\\/\"},\"sameAs\":[\"https:\\\/\\\/www.facebook.com\\\/CDSBoutique.Aines.Seniors\",\"https:\\\/\\\/www.youtube.com\\\/@cdsboutique4046\",\"https:\\\/\\\/www.linkedin.com\\\/company\\\/cds-boutique\\\/\",\"https:\\\/\\\/www.instagram.com\\\/cdsboutique\\\/\"]}]}<\/script>\n<!-- \/ Yoast SEO plugin. -->","yoast_head_json":{"title":"Songs of England - Melody Lane Sing-Along Video - CDS boutique A\u00een\u00e9s","description":"Melody Lane Sing Along Videos\u00a0will lift the hearts of the Seniors in your care and make them smile!In fact, anyone over 50 will enjoy these live performances of songs they used to listen to on the radio in their younger years, or sang with family and friends.With the\u00a0words right on the screen\u00a0and large print Songbooks that come free, everyone can join in the fun.","robots":{"index":"noindex","follow":"follow","max-snippet":"max-snippet:-1","max-image-preview":"max-image-preview:large","max-video-preview":"max-video-preview:-1"},"og_locale":"en_US","og_type":"article","og_title":"Songs of England - Melody Lane Sing-Along Video - CDS boutique A\u00een\u00e9s","og_description":"Melody Lane Sing Along Videos\u00a0will lift the hearts of the Seniors in your care and make them smile!In fact, anyone over 50 will enjoy these live performances of songs they used to listen to on the radio in their younger years, or sang with family and friends.With the\u00a0words right on the screen\u00a0and large print Songbooks that come free, everyone can join in the fun.","og_url":"https:\/\/staging.cdsboutique.com\/en\/product\/songs-of-england-melody-lane-sing-along-video-2\/","og_site_name":"CDS boutique A\u00een\u00e9s","article_publisher":"https:\/\/www.facebook.com\/CDSBoutique.Aines.Seniors","article_modified_time":"2025-02-25T22:50:13+00:00","og_image":[{"width":1561,"height":2085,"url":"https:\/\/staging.cdsboutique.com\/wp-content\/uploads\/2020\/10\/2820a.jpg?_t=1740523814","type":"image\/jpeg"}],"twitter_card":"summary_large_image","twitter_misc":{"Est. reading time":"1 minute"},"schema":{"@context":"https:\/\/schema.org","@graph":[{"@type":"WebPage","@id":"https:\/\/staging.cdsboutique.com\/en\/product\/songs-of-england-melody-lane-sing-along-video-2\/","url":"https:\/\/staging.cdsboutique.com\/en\/product\/songs-of-england-melody-lane-sing-along-video-2\/","name":"Songs of England - Melody Lane Sing-Along Video - CDS boutique A\u00een\u00e9s","isPartOf":{"@id":"https:\/\/staging.cdsboutique.com\/#website"},"primaryImageOfPage":{"@id":"https:\/\/staging.cdsboutique.com\/en\/product\/songs-of-england-melody-lane-sing-along-video-2\/#primaryimage"},"image":{"@id":"https:\/\/staging.cdsboutique.com\/en\/product\/songs-of-england-melody-lane-sing-along-video-2\/#primaryimage"},"thumbnailUrl":"https:\/\/staging.cdsboutique.com\/wp-content\/uploads\/2020\/10\/2820a.jpg","datePublished":"2020-11-20T17:31:06+00:00","dateModified":"2025-02-25T22:50:13+00:00","description":"Melody Lane Sing Along Videos\u00a0will lift the hearts of the Seniors in your care and make them smile!In fact, anyone over 50 will enjoy these live performances of songs they used to listen to on the radio in their younger years, or sang with family and friends.With the\u00a0words right on the screen\u00a0and large print Songbooks that come free, everyone can join in the fun.","breadcrumb":{"@id":"https:\/\/staging.cdsboutique.com\/en\/product\/songs-of-england-melody-lane-sing-along-video-2\/#breadcrumb"},"inLanguage":"en-US","potentialAction":[{"@type":"ReadAction","target":["https:\/\/staging.cdsboutique.com\/en\/product\/songs-of-england-melody-lane-sing-along-video-2\/"]}]},{"@type":"ImageObject","inLanguage":"en-US","@id":"https:\/\/staging.cdsboutique.com\/en\/product\/songs-of-england-melody-lane-sing-along-video-2\/#primaryimage","url":"https:\/\/staging.cdsboutique.com\/wp-content\/uploads\/2020\/10\/2820a.jpg","contentUrl":"https:\/\/staging.cdsboutique.com\/wp-content\/uploads\/2020\/10\/2820a.jpg","width":1561,"height":2085},{"@type":"BreadcrumbList","@id":"https:\/\/staging.cdsboutique.com\/en\/product\/songs-of-england-melody-lane-sing-along-video-2\/#breadcrumb","itemListElement":[{"@type":"ListItem","position":1,"name":"Home","item":"https:\/\/staging.cdsboutique.com\/en\/"},{"@type":"ListItem","position":2,"name":"Products","item":"https:\/\/staging.cdsboutique.com\/en\/products\/"},{"@type":"ListItem","position":3,"name":"Songs of England &#8211; Melody Lane Sing-Along Video"}]},{"@type":"WebSite","@id":"https:\/\/staging.cdsboutique.com\/#website","url":"https:\/\/staging.cdsboutique.com\/","name":"CDS boutique A\u00een\u00e9s","description":"Pour une meilleure qualit\u00e9 de vie","publisher":{"@id":"https:\/\/staging.cdsboutique.com\/#organization"},"potentialAction":[{"@type":"SearchAction","target":{"@type":"EntryPoint","urlTemplate":"https:\/\/staging.cdsboutique.com\/?s={search_term_string}"},"query-input":{"@type":"PropertyValueSpecification","valueRequired":true,"valueName":"search_term_string"}}],"inLanguage":"en-US"},{"@type":"Organization","@id":"https:\/\/staging.cdsboutique.com\/#organization","name":"CDS Boutique","url":"https:\/\/staging.cdsboutique.com\/","logo":{"@type":"ImageObject","inLanguage":"en-US","@id":"https:\/\/staging.cdsboutique.com\/#\/schema\/logo\/image\/","url":"https:\/\/staging.cdsboutique.com\/wp-content\/uploads\/2024\/09\/logoCDS-Boutique_final2024.jpg","contentUrl":"https:\/\/staging.cdsboutique.com\/wp-content\/uploads\/2024\/09\/logoCDS-Boutique_final2024.jpg","width":900,"height":600,"caption":"CDS Boutique"},"image":{"@id":"https:\/\/staging.cdsboutique.com\/#\/schema\/logo\/image\/"},"sameAs":["https:\/\/www.facebook.com\/CDSBoutique.Aines.Seniors","https:\/\/www.youtube.com\/@cdsboutique4046","https:\/\/www.linkedin.com\/company\/cds-boutique\/","https:\/\/www.instagram.com\/cdsboutique\/"]}]}},"_links":{"self":[{"href":"https:\/\/staging.cdsboutique.com\/en\/wp-json\/wp\/v2\/product\/30199","targetHints":{"allow":["GET"]}}],"collection":[{"href":"https:\/\/staging.cdsboutique.com\/en\/wp-json\/wp\/v2\/product"}],"about":[{"href":"https:\/\/staging.cdsboutique.com\/en\/wp-json\/wp\/v2\/types\/product"}],"replies":[{"embeddable":true,"href":"https:\/\/staging.cdsboutique.com\/en\/wp-json\/wp\/v2\/comments?post=30199"}],"wp:featuredmedia":[{"embeddable":true,"href":"https:\/\/staging.cdsboutique.com\/en\/wp-json\/wp\/v2\/media\/7799"}],"wp:attachment":[{"href":"https:\/\/staging.cdsboutique.com\/en\/wp-json\/wp\/v2\/media?parent=30199"}],"wp:term":[{"taxonomy":"product_brand","embeddable":true,"href":"https:\/\/staging.cdsboutique.com\/en\/wp-json\/wp\/v2\/product_brand?post=30199"},{"taxonomy":"product_cat","embeddable":true,"href":"https:\/\/staging.cdsboutique.com\/en\/wp-json\/wp\/v2\/product_cat?post=30199"},{"taxonomy":"product_tag","embeddable":true,"href":"https:\/\/staging.cdsboutique.com\/en\/wp-json\/wp\/v2\/product_tag?post=30199"}],"curies":[{"name":"wp","href":"https:\/\/api.w.org\/{rel}","templated":true}]}}