{"id":30247,"date":"2020-11-20T12:31:46","date_gmt":"2020-11-20T17:31:46","guid":{"rendered":"https:\/\/preprod.cdsboutique.com\/produits\/proverbs-and-songs-reminiscence-bingo-2\/"},"modified":"2026-01-27T12:36:57","modified_gmt":"2026-01-27T17:36:57","slug":"proverbs-and-songs-reminiscence-bingo-2","status":"publish","type":"product","link":"https:\/\/staging.cdsboutique.com\/en\/produit\/proverbs-and-songs-reminiscence-bingo-2\/","title":{"rendered":"&#8220;Proverbs and Songs&#8221; Reminiscence Bingo"},"content":{"rendered":"<p><strong>The purpose of this great activity is to enable all your residents to have fun playing bingo while stimulating their long term memory, using their fine motor skills and practicing their reading skills.<\/strong><\/p>\n<p>This game can be played with 3 to 6 Alzheimer&#8217;s residents and one activity professional. As far as reading skills are concerned, we suggest that you read our recommendations in the &#8221;Reading Clubs&#8221; category. Invite 3 to 6 persons to sit around a table. Give each participant 3 or 4 adapted bingo cards. These cards contain only one word that provides the answer to a question asked by the activity professional. For example, the staff member will say: &#8221;Complete the song title that starts with I&#8217;m Singing in the\u2026&#8221; With the help of all participants, sing the song and discuss it. Then, the participant with the &#8221;Rain&#8221; card will turn it down and place it in front of him. If the task is too difficult for him, everybody can help him do it. If you wish to have a winner, you can decide that the first one to have turned down all of his bingo cards wins.<\/p>\n<p>Each question is written on an 8\u00bd&#8221; X 11&#8221; laminated cardboard card that you can show to everyone while you read the question aloud. Each adapted bingo card is 2 \u00be\u00a0 &#8221; X 8 \u00bd &#8221; and is printed with very large letters (black on white) for maximum readability. Two different games can be played, with themes that we are sure will please your residents.<\/p>\n<p>This idea was developed by the Myers Research Institute and has been tested and appreciated by hundreds of residents with dementia. We have adapted it with Canadian content.<\/p>\n<p>The game includes everything you need to play a great game of word finding and reminiscing with 3 to 6 participants : 24 question cards that ask your participants to complete a song, a saying or a proverb that they will recall from their procedural memories. 24 bingo cards with very large letters complete this set.<\/p>\n<p><strong><em>Also available! : Reminiscence Bingo Occupations &amp; Professions (#C0010A) and Reminiscence Bingo Proverbs &amp; Songs 2 (#C0043A) and Reminiscence Bingo In the Kitchen (#C0064A)<\/em><\/strong><\/p>\n","protected":false},"excerpt":{"rendered":"<p>The purpose of this great activity is to enable all your residents to have fun playing bingo while stimulating their long term memory, using their fine motor skills and practicing their reading skills. This game can be played with 3 to 6 Alzheimer&#8217;s residents and one activity professional. As far as reading skills are concerned, [&hellip;]<\/p>\n","protected":false},"featured_media":8612,"comment_status":"open","ping_status":"closed","template":"","meta":{"_acf_changed":false},"product_brand":[],"product_cat":[4660,4401,4659,2968,2866],"product_tag":[],"class_list":{"0":"post-30247","1":"product","2":"type-product","3":"status-publish","4":"has-post-thumbnail","6":"product_cat-adapted-games","7":"product_cat-all","8":"product_cat-cds-creations-en","9":"product_cat-cognitive-stimulation","10":"product_cat-reminiscence-en","11":"product_shipping_class-frais-de-livraison-en","13":"first","14":"instock","15":"taxable","16":"shipping-taxable","17":"purchasable","18":"product-type-simple"},"bundled_by":[],"bundle_stock_status":"instock","bundle_stock_quantity":null,"bundle_virtual":false,"bundle_layout":"","bundle_add_to_cart_form_location":"","bundle_editable_in_cart":false,"bundle_sold_individually_context":"","bundle_item_grouping":"","bundle_min_size":"","bundle_max_size":"","bundle_price":[],"bundled_items":[],"bundle_sell_ids":[],"acf":[],"featured_image_urls_v2":{"full":["https:\/\/staging.cdsboutique.com\/wp-content\/uploads\/2020\/10\/c0009-anglais.gif",1200,606,false],"thumbnail":["https:\/\/staging.cdsboutique.com\/wp-content\/uploads\/2020\/10\/c0009-anglais.gif",150,76,false],"medium":["https:\/\/staging.cdsboutique.com\/wp-content\/uploads\/2020\/10\/c0009-anglais.gif",300,152,false],"medium_large":["https:\/\/staging.cdsboutique.com\/wp-content\/uploads\/2020\/10\/c0009-anglais.gif",768,388,false],"large":["https:\/\/staging.cdsboutique.com\/wp-content\/uploads\/2020\/10\/c0009-anglais.gif",980,495,false],"1536x1536":["https:\/\/staging.cdsboutique.com\/wp-content\/uploads\/2020\/10\/c0009-anglais.gif",1200,606,false],"2048x2048":["https:\/\/staging.cdsboutique.com\/wp-content\/uploads\/2020\/10\/c0009-anglais.gif",1200,606,false],"gform-image-choice-sm":["https:\/\/staging.cdsboutique.com\/wp-content\/uploads\/2020\/10\/c0009-anglais.gif",300,152,false],"gform-image-choice-md":["https:\/\/staging.cdsboutique.com\/wp-content\/uploads\/2020\/10\/c0009-anglais.gif",400,202,false],"gform-image-choice-lg":["https:\/\/staging.cdsboutique.com\/wp-content\/uploads\/2020\/10\/c0009-anglais.gif",600,303,false],"woocommerce_thumbnail":["https:\/\/staging.cdsboutique.com\/wp-content\/uploads\/2020\/10\/c0009-anglais-300x152.gif",300,152,true],"woocommerce_single":["https:\/\/staging.cdsboutique.com\/wp-content\/uploads\/2020\/10\/c0009-anglais-600x303.gif",600,303,true],"woocommerce_gallery_thumbnail":["https:\/\/staging.cdsboutique.com\/wp-content\/uploads\/2020\/10\/c0009-anglais-100x100.gif",100,100,true],"variation_swatches_image_size":["https:\/\/staging.cdsboutique.com\/wp-content\/uploads\/2020\/10\/c0009-anglais.gif",50,25,false],"variation_swatches_tooltip_size":["https:\/\/staging.cdsboutique.com\/wp-content\/uploads\/2020\/10\/c0009-anglais.gif",100,51,false],"logo-size":["https:\/\/staging.cdsboutique.com\/wp-content\/uploads\/2020\/10\/c0009-anglais.gif",130,66,false],"blog":["https:\/\/staging.cdsboutique.com\/wp-content\/uploads\/2020\/10\/c0009-anglais.gif",350,177,false]},"post_excerpt_stackable_v2":"<p>The purpose of this great activity is to enable all your residents to have fun playing bingo while stimulating their long term memory, using their fine motor skills and practicing their reading skills. This game can be played with 3 to 6 Alzheimer&#8217;s residents and one activity professional. As far as reading skills are concerned, we suggest that you read our recommendations in the &#8221;Reading Clubs&#8221; category. Invite 3 to 6 persons to sit around a table. Give each participant 3 or 4 adapted bingo cards. These cards contain only one word that provides the answer to a question asked&hellip;<\/p>\n","category_list_v2":"","author_info_v2":{"name":"","url":""},"comments_num_v2":"1 comment","yoast_head":"<!-- This site is optimized with the Yoast SEO plugin v27.4 - https:\/\/yoast.com\/product\/yoast-seo-wordpress\/ -->\n<title>&quot;Proverbs and Songs&quot; Reminiscence Bingo - CDS boutique A\u00een\u00e9s<\/title>\n<meta name=\"robots\" content=\"noindex, follow, max-snippet:-1, max-image-preview:large, max-video-preview:-1\" \/>\n<meta property=\"og:locale\" content=\"en_US\" \/>\n<meta property=\"og:type\" content=\"article\" \/>\n<meta property=\"og:title\" content=\"&quot;Proverbs and Songs&quot; Reminiscence Bingo - CDS boutique A\u00een\u00e9s\" \/>\n<meta property=\"og:description\" content=\"The purpose of this great activity is to enable all your residents to have fun playing bingo while stimulating their long term memory, using their fine motor skills and practicing their reading skills. This game can be played with 3 to 6 Alzheimer&#8217;s residents and one activity professional. As far as reading skills are concerned, [&hellip;]\" \/>\n<meta property=\"og:url\" content=\"https:\/\/staging.cdsboutique.com\/en\/product\/proverbs-and-songs-reminiscence-bingo-2\/\" \/>\n<meta property=\"og:site_name\" content=\"CDS boutique A\u00een\u00e9s\" \/>\n<meta property=\"article:publisher\" content=\"https:\/\/www.facebook.com\/CDSBoutique.Aines.Seniors\" \/>\n<meta property=\"article:modified_time\" content=\"2026-01-27T17:36:57+00:00\" \/>\n<meta property=\"og:image\" content=\"https:\/\/staging.cdsboutique.com\/wp-content\/uploads\/2020\/10\/c0009-anglais.gif?_t=1728663720\" \/>\n\t<meta property=\"og:image:width\" content=\"1200\" \/>\n\t<meta property=\"og:image:height\" content=\"606\" \/>\n\t<meta property=\"og:image:type\" content=\"image\/gif\" \/>\n<meta name=\"twitter:card\" content=\"summary_large_image\" \/>\n<meta name=\"twitter:label1\" content=\"Est. reading time\" \/>\n\t<meta name=\"twitter:data1\" content=\"3 minutes\" \/>\n<script type=\"application\/ld+json\" class=\"yoast-schema-graph\">{\"@context\":\"https:\\\/\\\/schema.org\",\"@graph\":[{\"@type\":\"WebPage\",\"@id\":\"https:\\\/\\\/staging.cdsboutique.com\\\/en\\\/product\\\/proverbs-and-songs-reminiscence-bingo-2\\\/\",\"url\":\"https:\\\/\\\/staging.cdsboutique.com\\\/en\\\/product\\\/proverbs-and-songs-reminiscence-bingo-2\\\/\",\"name\":\"\\\"Proverbs and Songs\\\" Reminiscence Bingo - CDS boutique A\u00een\u00e9s\",\"isPartOf\":{\"@id\":\"https:\\\/\\\/staging.cdsboutique.com\\\/#website\"},\"primaryImageOfPage\":{\"@id\":\"https:\\\/\\\/staging.cdsboutique.com\\\/en\\\/product\\\/proverbs-and-songs-reminiscence-bingo-2\\\/#primaryimage\"},\"image\":{\"@id\":\"https:\\\/\\\/staging.cdsboutique.com\\\/en\\\/product\\\/proverbs-and-songs-reminiscence-bingo-2\\\/#primaryimage\"},\"thumbnailUrl\":\"https:\\\/\\\/staging.cdsboutique.com\\\/wp-content\\\/uploads\\\/2020\\\/10\\\/c0009-anglais.gif\",\"datePublished\":\"2020-11-20T17:31:46+00:00\",\"dateModified\":\"2026-01-27T17:36:57+00:00\",\"breadcrumb\":{\"@id\":\"https:\\\/\\\/staging.cdsboutique.com\\\/en\\\/product\\\/proverbs-and-songs-reminiscence-bingo-2\\\/#breadcrumb\"},\"inLanguage\":\"en-US\",\"potentialAction\":[{\"@type\":\"ReadAction\",\"target\":[\"https:\\\/\\\/staging.cdsboutique.com\\\/en\\\/product\\\/proverbs-and-songs-reminiscence-bingo-2\\\/\"]}]},{\"@type\":\"ImageObject\",\"inLanguage\":\"en-US\",\"@id\":\"https:\\\/\\\/staging.cdsboutique.com\\\/en\\\/product\\\/proverbs-and-songs-reminiscence-bingo-2\\\/#primaryimage\",\"url\":\"https:\\\/\\\/staging.cdsboutique.com\\\/wp-content\\\/uploads\\\/2020\\\/10\\\/c0009-anglais.gif\",\"contentUrl\":\"https:\\\/\\\/staging.cdsboutique.com\\\/wp-content\\\/uploads\\\/2020\\\/10\\\/c0009-anglais.gif\",\"width\":1200,\"height\":606},{\"@type\":\"BreadcrumbList\",\"@id\":\"https:\\\/\\\/staging.cdsboutique.com\\\/en\\\/product\\\/proverbs-and-songs-reminiscence-bingo-2\\\/#breadcrumb\",\"itemListElement\":[{\"@type\":\"ListItem\",\"position\":1,\"name\":\"Home\",\"item\":\"https:\\\/\\\/staging.cdsboutique.com\\\/en\\\/\"},{\"@type\":\"ListItem\",\"position\":2,\"name\":\"Products\",\"item\":\"https:\\\/\\\/staging.cdsboutique.com\\\/en\\\/products\\\/\"},{\"@type\":\"ListItem\",\"position\":3,\"name\":\"&#8220;Proverbs and Songs&#8221; Reminiscence Bingo\"}]},{\"@type\":\"WebSite\",\"@id\":\"https:\\\/\\\/staging.cdsboutique.com\\\/#website\",\"url\":\"https:\\\/\\\/staging.cdsboutique.com\\\/\",\"name\":\"CDS boutique A\u00een\u00e9s\",\"description\":\"Pour une meilleure qualit\u00e9 de vie\",\"publisher\":{\"@id\":\"https:\\\/\\\/staging.cdsboutique.com\\\/#organization\"},\"potentialAction\":[{\"@type\":\"SearchAction\",\"target\":{\"@type\":\"EntryPoint\",\"urlTemplate\":\"https:\\\/\\\/staging.cdsboutique.com\\\/?s={search_term_string}\"},\"query-input\":{\"@type\":\"PropertyValueSpecification\",\"valueRequired\":true,\"valueName\":\"search_term_string\"}}],\"inLanguage\":\"en-US\"},{\"@type\":\"Organization\",\"@id\":\"https:\\\/\\\/staging.cdsboutique.com\\\/#organization\",\"name\":\"CDS Boutique\",\"url\":\"https:\\\/\\\/staging.cdsboutique.com\\\/\",\"logo\":{\"@type\":\"ImageObject\",\"inLanguage\":\"en-US\",\"@id\":\"https:\\\/\\\/staging.cdsboutique.com\\\/#\\\/schema\\\/logo\\\/image\\\/\",\"url\":\"https:\\\/\\\/staging.cdsboutique.com\\\/wp-content\\\/uploads\\\/2024\\\/09\\\/logoCDS-Boutique_final2024.jpg\",\"contentUrl\":\"https:\\\/\\\/staging.cdsboutique.com\\\/wp-content\\\/uploads\\\/2024\\\/09\\\/logoCDS-Boutique_final2024.jpg\",\"width\":900,\"height\":600,\"caption\":\"CDS Boutique\"},\"image\":{\"@id\":\"https:\\\/\\\/staging.cdsboutique.com\\\/#\\\/schema\\\/logo\\\/image\\\/\"},\"sameAs\":[\"https:\\\/\\\/www.facebook.com\\\/CDSBoutique.Aines.Seniors\",\"https:\\\/\\\/www.youtube.com\\\/@cdsboutique4046\",\"https:\\\/\\\/www.linkedin.com\\\/company\\\/cds-boutique\\\/\",\"https:\\\/\\\/www.instagram.com\\\/cdsboutique\\\/\"]}]}<\/script>\n<!-- \/ Yoast SEO plugin. -->","yoast_head_json":{"title":"\"Proverbs and Songs\" Reminiscence Bingo - CDS boutique A\u00een\u00e9s","robots":{"index":"noindex","follow":"follow","max-snippet":"max-snippet:-1","max-image-preview":"max-image-preview:large","max-video-preview":"max-video-preview:-1"},"og_locale":"en_US","og_type":"article","og_title":"\"Proverbs and Songs\" Reminiscence Bingo - CDS boutique A\u00een\u00e9s","og_description":"The purpose of this great activity is to enable all your residents to have fun playing bingo while stimulating their long term memory, using their fine motor skills and practicing their reading skills. This game can be played with 3 to 6 Alzheimer&#8217;s residents and one activity professional. As far as reading skills are concerned, [&hellip;]","og_url":"https:\/\/staging.cdsboutique.com\/en\/product\/proverbs-and-songs-reminiscence-bingo-2\/","og_site_name":"CDS boutique A\u00een\u00e9s","article_publisher":"https:\/\/www.facebook.com\/CDSBoutique.Aines.Seniors","article_modified_time":"2026-01-27T17:36:57+00:00","og_image":[{"width":1200,"height":606,"url":"https:\/\/staging.cdsboutique.com\/wp-content\/uploads\/2020\/10\/c0009-anglais.gif?_t=1728663720","type":"image\/gif"}],"twitter_card":"summary_large_image","twitter_misc":{"Est. reading time":"3 minutes"},"schema":{"@context":"https:\/\/schema.org","@graph":[{"@type":"WebPage","@id":"https:\/\/staging.cdsboutique.com\/en\/product\/proverbs-and-songs-reminiscence-bingo-2\/","url":"https:\/\/staging.cdsboutique.com\/en\/product\/proverbs-and-songs-reminiscence-bingo-2\/","name":"\"Proverbs and Songs\" Reminiscence Bingo - CDS boutique A\u00een\u00e9s","isPartOf":{"@id":"https:\/\/staging.cdsboutique.com\/#website"},"primaryImageOfPage":{"@id":"https:\/\/staging.cdsboutique.com\/en\/product\/proverbs-and-songs-reminiscence-bingo-2\/#primaryimage"},"image":{"@id":"https:\/\/staging.cdsboutique.com\/en\/product\/proverbs-and-songs-reminiscence-bingo-2\/#primaryimage"},"thumbnailUrl":"https:\/\/staging.cdsboutique.com\/wp-content\/uploads\/2020\/10\/c0009-anglais.gif","datePublished":"2020-11-20T17:31:46+00:00","dateModified":"2026-01-27T17:36:57+00:00","breadcrumb":{"@id":"https:\/\/staging.cdsboutique.com\/en\/product\/proverbs-and-songs-reminiscence-bingo-2\/#breadcrumb"},"inLanguage":"en-US","potentialAction":[{"@type":"ReadAction","target":["https:\/\/staging.cdsboutique.com\/en\/product\/proverbs-and-songs-reminiscence-bingo-2\/"]}]},{"@type":"ImageObject","inLanguage":"en-US","@id":"https:\/\/staging.cdsboutique.com\/en\/product\/proverbs-and-songs-reminiscence-bingo-2\/#primaryimage","url":"https:\/\/staging.cdsboutique.com\/wp-content\/uploads\/2020\/10\/c0009-anglais.gif","contentUrl":"https:\/\/staging.cdsboutique.com\/wp-content\/uploads\/2020\/10\/c0009-anglais.gif","width":1200,"height":606},{"@type":"BreadcrumbList","@id":"https:\/\/staging.cdsboutique.com\/en\/product\/proverbs-and-songs-reminiscence-bingo-2\/#breadcrumb","itemListElement":[{"@type":"ListItem","position":1,"name":"Home","item":"https:\/\/staging.cdsboutique.com\/en\/"},{"@type":"ListItem","position":2,"name":"Products","item":"https:\/\/staging.cdsboutique.com\/en\/products\/"},{"@type":"ListItem","position":3,"name":"&#8220;Proverbs and Songs&#8221; Reminiscence Bingo"}]},{"@type":"WebSite","@id":"https:\/\/staging.cdsboutique.com\/#website","url":"https:\/\/staging.cdsboutique.com\/","name":"CDS boutique A\u00een\u00e9s","description":"Pour une meilleure qualit\u00e9 de vie","publisher":{"@id":"https:\/\/staging.cdsboutique.com\/#organization"},"potentialAction":[{"@type":"SearchAction","target":{"@type":"EntryPoint","urlTemplate":"https:\/\/staging.cdsboutique.com\/?s={search_term_string}"},"query-input":{"@type":"PropertyValueSpecification","valueRequired":true,"valueName":"search_term_string"}}],"inLanguage":"en-US"},{"@type":"Organization","@id":"https:\/\/staging.cdsboutique.com\/#organization","name":"CDS Boutique","url":"https:\/\/staging.cdsboutique.com\/","logo":{"@type":"ImageObject","inLanguage":"en-US","@id":"https:\/\/staging.cdsboutique.com\/#\/schema\/logo\/image\/","url":"https:\/\/staging.cdsboutique.com\/wp-content\/uploads\/2024\/09\/logoCDS-Boutique_final2024.jpg","contentUrl":"https:\/\/staging.cdsboutique.com\/wp-content\/uploads\/2024\/09\/logoCDS-Boutique_final2024.jpg","width":900,"height":600,"caption":"CDS Boutique"},"image":{"@id":"https:\/\/staging.cdsboutique.com\/#\/schema\/logo\/image\/"},"sameAs":["https:\/\/www.facebook.com\/CDSBoutique.Aines.Seniors","https:\/\/www.youtube.com\/@cdsboutique4046","https:\/\/www.linkedin.com\/company\/cds-boutique\/","https:\/\/www.instagram.com\/cdsboutique\/"]}]}},"_links":{"self":[{"href":"https:\/\/staging.cdsboutique.com\/en\/wp-json\/wp\/v2\/product\/30247","targetHints":{"allow":["GET"]}}],"collection":[{"href":"https:\/\/staging.cdsboutique.com\/en\/wp-json\/wp\/v2\/product"}],"about":[{"href":"https:\/\/staging.cdsboutique.com\/en\/wp-json\/wp\/v2\/types\/product"}],"replies":[{"embeddable":true,"href":"https:\/\/staging.cdsboutique.com\/en\/wp-json\/wp\/v2\/comments?post=30247"}],"wp:featuredmedia":[{"embeddable":true,"href":"https:\/\/staging.cdsboutique.com\/en\/wp-json\/wp\/v2\/media\/8612"}],"wp:attachment":[{"href":"https:\/\/staging.cdsboutique.com\/en\/wp-json\/wp\/v2\/media?parent=30247"}],"wp:term":[{"taxonomy":"product_brand","embeddable":true,"href":"https:\/\/staging.cdsboutique.com\/en\/wp-json\/wp\/v2\/product_brand?post=30247"},{"taxonomy":"product_cat","embeddable":true,"href":"https:\/\/staging.cdsboutique.com\/en\/wp-json\/wp\/v2\/product_cat?post=30247"},{"taxonomy":"product_tag","embeddable":true,"href":"https:\/\/staging.cdsboutique.com\/en\/wp-json\/wp\/v2\/product_tag?post=30247"}],"curies":[{"name":"wp","href":"https:\/\/api.w.org\/{rel}","templated":true}]}}