{"id":30307,"date":"2020-11-20T12:32:33","date_gmt":"2020-11-20T17:32:33","guid":{"rendered":"https:\/\/preprod.cdsboutique.com\/produits\/in-the-kitchen-reminiscence-bingo-2\/"},"modified":"2026-01-08T10:45:38","modified_gmt":"2026-01-08T15:45:38","slug":"in-the-kitchen-reminiscence-bingo-2","status":"publish","type":"product","link":"https:\/\/staging.cdsboutique.com\/en\/produit\/in-the-kitchen-reminiscence-bingo-2\/","title":{"rendered":"&#8221;In the Kitchen&#8221; Reminiscence Bingo"},"content":{"rendered":"<p><span style=\"text-decoration: underline;\"><strong>Reminiscence Bingo A group activity for your residents with memory loss.<\/strong><\/span><\/p>\n<p>The purpose of this great Montessori activity is to enable your residents to have fun playing bingo while stimulating their long-term memory, using their fine motor skills and practising their reading skills. This game can be played by 3 to 6 residents. Invite participants to sit around a table and give each of them 3 or 4 adapted bingo cards. These cards show one word that provides the answer to a question asked by the leader. For example: Complete this sentence: &#8221;I look like a white broccoli, I am a&#8230;&#8221;.<\/p>\n<p>With the help of all participants, find the answer by discussing. Then, the participant with the \u2018\u2019cauliflower\u2019\u2019 card will turn it down and place it in front of him. If the task is too difficult for him, everybody can help him do it. If you wish to have a winner, you can decide that the first one to have turned down all of his bingo cards wins. Each question is written on an 8\u00bd\u2019\u2019 X 11\u2019\u2019 laminated cardboard card that you can show to everyone while you read the question aloud. Each adapted bingo card is 3 \u00be \u2019\u2019 X 8 \u00bd\u2019\u2019 and is printed with very large black-on-white letters for maximum readability.<\/p>\n<p>This idea was developed by Myers Research<br \/>\nInstitute and has been tested and appreciated by hundreds of residents with dementia. We have adapted it with Canadian content.<\/p>\n<p><strong>New addition to the family, the set includes 24 questions related to food, 24 bingo cards. The rules and step-by-step <\/strong><strong>procedures.<\/strong><\/p>\n<p>&nbsp;<\/p>\n<p>&nbsp;<\/p>\n","protected":false},"excerpt":{"rendered":"<p>Reminiscence Bingo A group activity for your residents with memory loss. The purpose of this great Montessori activity is to enable your residents to have fun playing bingo while stimulating their long-term memory, using their fine motor skills and practising their reading skills. This game can be played by 3 to 6 residents. Invite participants [&hellip;]<\/p>\n","protected":false},"featured_media":9271,"comment_status":"open","ping_status":"closed","template":"","meta":{"_acf_changed":false},"product_brand":[],"product_cat":[4660,4401,2818,4659,2968,2866,2804],"product_tag":[],"class_list":{"0":"post-30307","1":"product","2":"type-product","3":"status-publish","4":"has-post-thumbnail","6":"product_cat-adapted-games","7":"product_cat-all","8":"product_cat-bingo","9":"product_cat-cds-creations-en","10":"product_cat-cognitive-stimulation","11":"product_cat-reminiscence-en","12":"product_cat-various-games","13":"product_shipping_class-frais-de-livraison-en","15":"first","16":"instock","17":"taxable","18":"shipping-taxable","19":"purchasable","20":"product-type-simple"},"bundled_by":[],"bundle_stock_status":"instock","bundle_stock_quantity":null,"bundle_virtual":false,"bundle_layout":"","bundle_add_to_cart_form_location":"","bundle_editable_in_cart":false,"bundle_sold_individually_context":"","bundle_item_grouping":"","bundle_min_size":"","bundle_max_size":"","bundle_price":[],"bundled_items":[],"bundle_sell_ids":[],"acf":[],"featured_image_urls_v2":{"full":["https:\/\/staging.cdsboutique.com\/wp-content\/uploads\/2020\/10\/c0064_anglais_2015.gif",1200,927,false],"thumbnail":["https:\/\/staging.cdsboutique.com\/wp-content\/uploads\/2020\/10\/c0064_anglais_2015-150x150.gif",150,150,true],"medium":["https:\/\/staging.cdsboutique.com\/wp-content\/uploads\/2020\/10\/c0064_anglais_2015-300x232.gif",300,232,true],"medium_large":["https:\/\/staging.cdsboutique.com\/wp-content\/uploads\/2020\/10\/c0064_anglais_2015-768x593.gif",768,593,true],"large":["https:\/\/staging.cdsboutique.com\/wp-content\/uploads\/2020\/10\/c0064_anglais_2015-1024x791.gif",980,757,true],"1536x1536":["https:\/\/staging.cdsboutique.com\/wp-content\/uploads\/2020\/10\/c0064_anglais_2015.gif",1200,927,false],"2048x2048":["https:\/\/staging.cdsboutique.com\/wp-content\/uploads\/2020\/10\/c0064_anglais_2015.gif",1200,927,false],"gform-image-choice-sm":["https:\/\/staging.cdsboutique.com\/wp-content\/uploads\/2020\/10\/c0064_anglais_2015.gif",300,232,false],"gform-image-choice-md":["https:\/\/staging.cdsboutique.com\/wp-content\/uploads\/2020\/10\/c0064_anglais_2015.gif",400,309,false],"gform-image-choice-lg":["https:\/\/staging.cdsboutique.com\/wp-content\/uploads\/2020\/10\/c0064_anglais_2015.gif",600,464,false],"woocommerce_thumbnail":["https:\/\/staging.cdsboutique.com\/wp-content\/uploads\/2020\/10\/c0064_anglais_2015-300x232.gif",300,232,true],"woocommerce_single":["https:\/\/staging.cdsboutique.com\/wp-content\/uploads\/2020\/10\/c0064_anglais_2015-600x464.gif",600,464,true],"woocommerce_gallery_thumbnail":["https:\/\/staging.cdsboutique.com\/wp-content\/uploads\/2020\/10\/c0064_anglais_2015-100x100.gif",100,100,true],"variation_swatches_image_size":["https:\/\/staging.cdsboutique.com\/wp-content\/uploads\/2020\/10\/c0064_anglais_2015.gif",50,39,false],"variation_swatches_tooltip_size":["https:\/\/staging.cdsboutique.com\/wp-content\/uploads\/2020\/10\/c0064_anglais_2015.gif",100,77,false],"logo-size":["https:\/\/staging.cdsboutique.com\/wp-content\/uploads\/2020\/10\/c0064_anglais_2015-109x84.gif",109,84,true],"blog":["https:\/\/staging.cdsboutique.com\/wp-content\/uploads\/2020\/10\/c0064_anglais_2015-350x260.gif",350,260,true]},"post_excerpt_stackable_v2":"<p>Reminiscence Bingo A group activity for your residents with memory loss. The purpose of this great Montessori activity is to enable your residents to have fun playing bingo while stimulating their long-term memory, using their fine motor skills and practising their reading skills. This game can be played by 3 to 6 residents. Invite participants to sit around a table and give each of them 3 or 4 adapted bingo cards. These cards show one word that provides the answer to a question asked by the leader. For example: Complete this sentence: &#8221;I look like a white broccoli, I am&hellip;<\/p>\n","category_list_v2":"","author_info_v2":{"name":"","url":""},"comments_num_v2":"1 comment","yoast_head":"<!-- This site is optimized with the Yoast SEO plugin v27.4 - https:\/\/yoast.com\/product\/yoast-seo-wordpress\/ -->\n<title>&#039;&#039;In the Kitchen&#039;&#039; Reminiscence Bingo - CDS boutique A\u00een\u00e9s<\/title>\n<meta name=\"description\" content=\"Reminiscence Bingo A group activity for your residents with memory loss.\" \/>\n<meta name=\"robots\" content=\"noindex, follow, max-snippet:-1, max-image-preview:large, max-video-preview:-1\" \/>\n<meta property=\"og:locale\" content=\"en_US\" \/>\n<meta property=\"og:type\" content=\"article\" \/>\n<meta property=\"og:title\" content=\"&#039;&#039;In the Kitchen&#039;&#039; Reminiscence Bingo - CDS boutique A\u00een\u00e9s\" \/>\n<meta property=\"og:description\" content=\"Reminiscence Bingo A group activity for your residents with memory loss.\" \/>\n<meta property=\"og:url\" content=\"https:\/\/staging.cdsboutique.com\/en\/product\/in-the-kitchen-reminiscence-bingo-2\/\" \/>\n<meta property=\"og:site_name\" content=\"CDS boutique A\u00een\u00e9s\" \/>\n<meta property=\"article:publisher\" content=\"https:\/\/www.facebook.com\/CDSBoutique.Aines.Seniors\" \/>\n<meta property=\"article:modified_time\" content=\"2026-01-08T15:45:38+00:00\" \/>\n<meta property=\"og:image\" content=\"https:\/\/staging.cdsboutique.com\/wp-content\/uploads\/2020\/10\/c0064_anglais_2015.gif?_t=1729083103\" \/>\n\t<meta property=\"og:image:width\" content=\"1200\" \/>\n\t<meta property=\"og:image:height\" content=\"927\" \/>\n\t<meta property=\"og:image:type\" content=\"image\/gif\" \/>\n<meta name=\"twitter:card\" content=\"summary_large_image\" \/>\n<meta name=\"twitter:label1\" content=\"Est. reading time\" \/>\n\t<meta name=\"twitter:data1\" content=\"2 minutes\" \/>\n<script type=\"application\/ld+json\" class=\"yoast-schema-graph\">{\"@context\":\"https:\\\/\\\/schema.org\",\"@graph\":[{\"@type\":\"WebPage\",\"@id\":\"https:\\\/\\\/staging.cdsboutique.com\\\/en\\\/product\\\/in-the-kitchen-reminiscence-bingo-2\\\/\",\"url\":\"https:\\\/\\\/staging.cdsboutique.com\\\/en\\\/product\\\/in-the-kitchen-reminiscence-bingo-2\\\/\",\"name\":\"''In the Kitchen'' Reminiscence Bingo - CDS boutique A\u00een\u00e9s\",\"isPartOf\":{\"@id\":\"https:\\\/\\\/staging.cdsboutique.com\\\/#website\"},\"primaryImageOfPage\":{\"@id\":\"https:\\\/\\\/staging.cdsboutique.com\\\/en\\\/product\\\/in-the-kitchen-reminiscence-bingo-2\\\/#primaryimage\"},\"image\":{\"@id\":\"https:\\\/\\\/staging.cdsboutique.com\\\/en\\\/product\\\/in-the-kitchen-reminiscence-bingo-2\\\/#primaryimage\"},\"thumbnailUrl\":\"https:\\\/\\\/staging.cdsboutique.com\\\/wp-content\\\/uploads\\\/2020\\\/10\\\/c0064_anglais_2015.gif\",\"datePublished\":\"2020-11-20T17:32:33+00:00\",\"dateModified\":\"2026-01-08T15:45:38+00:00\",\"description\":\"Reminiscence Bingo A group activity for your residents with memory loss.\",\"breadcrumb\":{\"@id\":\"https:\\\/\\\/staging.cdsboutique.com\\\/en\\\/product\\\/in-the-kitchen-reminiscence-bingo-2\\\/#breadcrumb\"},\"inLanguage\":\"en-US\",\"potentialAction\":[{\"@type\":\"ReadAction\",\"target\":[\"https:\\\/\\\/staging.cdsboutique.com\\\/en\\\/product\\\/in-the-kitchen-reminiscence-bingo-2\\\/\"]}]},{\"@type\":\"ImageObject\",\"inLanguage\":\"en-US\",\"@id\":\"https:\\\/\\\/staging.cdsboutique.com\\\/en\\\/product\\\/in-the-kitchen-reminiscence-bingo-2\\\/#primaryimage\",\"url\":\"https:\\\/\\\/staging.cdsboutique.com\\\/wp-content\\\/uploads\\\/2020\\\/10\\\/c0064_anglais_2015.gif\",\"contentUrl\":\"https:\\\/\\\/staging.cdsboutique.com\\\/wp-content\\\/uploads\\\/2020\\\/10\\\/c0064_anglais_2015.gif\",\"width\":1200,\"height\":927},{\"@type\":\"BreadcrumbList\",\"@id\":\"https:\\\/\\\/staging.cdsboutique.com\\\/en\\\/product\\\/in-the-kitchen-reminiscence-bingo-2\\\/#breadcrumb\",\"itemListElement\":[{\"@type\":\"ListItem\",\"position\":1,\"name\":\"Home\",\"item\":\"https:\\\/\\\/staging.cdsboutique.com\\\/en\\\/\"},{\"@type\":\"ListItem\",\"position\":2,\"name\":\"Products\",\"item\":\"https:\\\/\\\/staging.cdsboutique.com\\\/en\\\/products\\\/\"},{\"@type\":\"ListItem\",\"position\":3,\"name\":\"&#8221;In the Kitchen&#8221; Reminiscence Bingo\"}]},{\"@type\":\"WebSite\",\"@id\":\"https:\\\/\\\/staging.cdsboutique.com\\\/#website\",\"url\":\"https:\\\/\\\/staging.cdsboutique.com\\\/\",\"name\":\"CDS boutique A\u00een\u00e9s\",\"description\":\"Pour une meilleure qualit\u00e9 de vie\",\"publisher\":{\"@id\":\"https:\\\/\\\/staging.cdsboutique.com\\\/#organization\"},\"potentialAction\":[{\"@type\":\"SearchAction\",\"target\":{\"@type\":\"EntryPoint\",\"urlTemplate\":\"https:\\\/\\\/staging.cdsboutique.com\\\/?s={search_term_string}\"},\"query-input\":{\"@type\":\"PropertyValueSpecification\",\"valueRequired\":true,\"valueName\":\"search_term_string\"}}],\"inLanguage\":\"en-US\"},{\"@type\":\"Organization\",\"@id\":\"https:\\\/\\\/staging.cdsboutique.com\\\/#organization\",\"name\":\"CDS Boutique\",\"url\":\"https:\\\/\\\/staging.cdsboutique.com\\\/\",\"logo\":{\"@type\":\"ImageObject\",\"inLanguage\":\"en-US\",\"@id\":\"https:\\\/\\\/staging.cdsboutique.com\\\/#\\\/schema\\\/logo\\\/image\\\/\",\"url\":\"https:\\\/\\\/staging.cdsboutique.com\\\/wp-content\\\/uploads\\\/2024\\\/09\\\/logoCDS-Boutique_final2024.jpg\",\"contentUrl\":\"https:\\\/\\\/staging.cdsboutique.com\\\/wp-content\\\/uploads\\\/2024\\\/09\\\/logoCDS-Boutique_final2024.jpg\",\"width\":900,\"height\":600,\"caption\":\"CDS Boutique\"},\"image\":{\"@id\":\"https:\\\/\\\/staging.cdsboutique.com\\\/#\\\/schema\\\/logo\\\/image\\\/\"},\"sameAs\":[\"https:\\\/\\\/www.facebook.com\\\/CDSBoutique.Aines.Seniors\",\"https:\\\/\\\/www.youtube.com\\\/@cdsboutique4046\",\"https:\\\/\\\/www.linkedin.com\\\/company\\\/cds-boutique\\\/\",\"https:\\\/\\\/www.instagram.com\\\/cdsboutique\\\/\"]}]}<\/script>\n<!-- \/ Yoast SEO plugin. -->","yoast_head_json":{"title":"''In the Kitchen'' Reminiscence Bingo - CDS boutique A\u00een\u00e9s","description":"Reminiscence Bingo A group activity for your residents with memory loss.","robots":{"index":"noindex","follow":"follow","max-snippet":"max-snippet:-1","max-image-preview":"max-image-preview:large","max-video-preview":"max-video-preview:-1"},"og_locale":"en_US","og_type":"article","og_title":"''In the Kitchen'' Reminiscence Bingo - CDS boutique A\u00een\u00e9s","og_description":"Reminiscence Bingo A group activity for your residents with memory loss.","og_url":"https:\/\/staging.cdsboutique.com\/en\/product\/in-the-kitchen-reminiscence-bingo-2\/","og_site_name":"CDS boutique A\u00een\u00e9s","article_publisher":"https:\/\/www.facebook.com\/CDSBoutique.Aines.Seniors","article_modified_time":"2026-01-08T15:45:38+00:00","og_image":[{"width":1200,"height":927,"url":"https:\/\/staging.cdsboutique.com\/wp-content\/uploads\/2020\/10\/c0064_anglais_2015.gif?_t=1729083103","type":"image\/gif"}],"twitter_card":"summary_large_image","twitter_misc":{"Est. reading time":"2 minutes"},"schema":{"@context":"https:\/\/schema.org","@graph":[{"@type":"WebPage","@id":"https:\/\/staging.cdsboutique.com\/en\/product\/in-the-kitchen-reminiscence-bingo-2\/","url":"https:\/\/staging.cdsboutique.com\/en\/product\/in-the-kitchen-reminiscence-bingo-2\/","name":"''In the Kitchen'' Reminiscence Bingo - CDS boutique A\u00een\u00e9s","isPartOf":{"@id":"https:\/\/staging.cdsboutique.com\/#website"},"primaryImageOfPage":{"@id":"https:\/\/staging.cdsboutique.com\/en\/product\/in-the-kitchen-reminiscence-bingo-2\/#primaryimage"},"image":{"@id":"https:\/\/staging.cdsboutique.com\/en\/product\/in-the-kitchen-reminiscence-bingo-2\/#primaryimage"},"thumbnailUrl":"https:\/\/staging.cdsboutique.com\/wp-content\/uploads\/2020\/10\/c0064_anglais_2015.gif","datePublished":"2020-11-20T17:32:33+00:00","dateModified":"2026-01-08T15:45:38+00:00","description":"Reminiscence Bingo A group activity for your residents with memory loss.","breadcrumb":{"@id":"https:\/\/staging.cdsboutique.com\/en\/product\/in-the-kitchen-reminiscence-bingo-2\/#breadcrumb"},"inLanguage":"en-US","potentialAction":[{"@type":"ReadAction","target":["https:\/\/staging.cdsboutique.com\/en\/product\/in-the-kitchen-reminiscence-bingo-2\/"]}]},{"@type":"ImageObject","inLanguage":"en-US","@id":"https:\/\/staging.cdsboutique.com\/en\/product\/in-the-kitchen-reminiscence-bingo-2\/#primaryimage","url":"https:\/\/staging.cdsboutique.com\/wp-content\/uploads\/2020\/10\/c0064_anglais_2015.gif","contentUrl":"https:\/\/staging.cdsboutique.com\/wp-content\/uploads\/2020\/10\/c0064_anglais_2015.gif","width":1200,"height":927},{"@type":"BreadcrumbList","@id":"https:\/\/staging.cdsboutique.com\/en\/product\/in-the-kitchen-reminiscence-bingo-2\/#breadcrumb","itemListElement":[{"@type":"ListItem","position":1,"name":"Home","item":"https:\/\/staging.cdsboutique.com\/en\/"},{"@type":"ListItem","position":2,"name":"Products","item":"https:\/\/staging.cdsboutique.com\/en\/products\/"},{"@type":"ListItem","position":3,"name":"&#8221;In the Kitchen&#8221; Reminiscence Bingo"}]},{"@type":"WebSite","@id":"https:\/\/staging.cdsboutique.com\/#website","url":"https:\/\/staging.cdsboutique.com\/","name":"CDS boutique A\u00een\u00e9s","description":"Pour une meilleure qualit\u00e9 de vie","publisher":{"@id":"https:\/\/staging.cdsboutique.com\/#organization"},"potentialAction":[{"@type":"SearchAction","target":{"@type":"EntryPoint","urlTemplate":"https:\/\/staging.cdsboutique.com\/?s={search_term_string}"},"query-input":{"@type":"PropertyValueSpecification","valueRequired":true,"valueName":"search_term_string"}}],"inLanguage":"en-US"},{"@type":"Organization","@id":"https:\/\/staging.cdsboutique.com\/#organization","name":"CDS Boutique","url":"https:\/\/staging.cdsboutique.com\/","logo":{"@type":"ImageObject","inLanguage":"en-US","@id":"https:\/\/staging.cdsboutique.com\/#\/schema\/logo\/image\/","url":"https:\/\/staging.cdsboutique.com\/wp-content\/uploads\/2024\/09\/logoCDS-Boutique_final2024.jpg","contentUrl":"https:\/\/staging.cdsboutique.com\/wp-content\/uploads\/2024\/09\/logoCDS-Boutique_final2024.jpg","width":900,"height":600,"caption":"CDS Boutique"},"image":{"@id":"https:\/\/staging.cdsboutique.com\/#\/schema\/logo\/image\/"},"sameAs":["https:\/\/www.facebook.com\/CDSBoutique.Aines.Seniors","https:\/\/www.youtube.com\/@cdsboutique4046","https:\/\/www.linkedin.com\/company\/cds-boutique\/","https:\/\/www.instagram.com\/cdsboutique\/"]}]}},"_links":{"self":[{"href":"https:\/\/staging.cdsboutique.com\/en\/wp-json\/wp\/v2\/product\/30307","targetHints":{"allow":["GET"]}}],"collection":[{"href":"https:\/\/staging.cdsboutique.com\/en\/wp-json\/wp\/v2\/product"}],"about":[{"href":"https:\/\/staging.cdsboutique.com\/en\/wp-json\/wp\/v2\/types\/product"}],"replies":[{"embeddable":true,"href":"https:\/\/staging.cdsboutique.com\/en\/wp-json\/wp\/v2\/comments?post=30307"}],"wp:featuredmedia":[{"embeddable":true,"href":"https:\/\/staging.cdsboutique.com\/en\/wp-json\/wp\/v2\/media\/9271"}],"wp:attachment":[{"href":"https:\/\/staging.cdsboutique.com\/en\/wp-json\/wp\/v2\/media?parent=30307"}],"wp:term":[{"taxonomy":"product_brand","embeddable":true,"href":"https:\/\/staging.cdsboutique.com\/en\/wp-json\/wp\/v2\/product_brand?post=30307"},{"taxonomy":"product_cat","embeddable":true,"href":"https:\/\/staging.cdsboutique.com\/en\/wp-json\/wp\/v2\/product_cat?post=30307"},{"taxonomy":"product_tag","embeddable":true,"href":"https:\/\/staging.cdsboutique.com\/en\/wp-json\/wp\/v2\/product_tag?post=30307"}],"curies":[{"name":"wp","href":"https:\/\/api.w.org\/{rel}","templated":true}]}}