{"id":30360,"date":"2020-11-20T12:33:40","date_gmt":"2020-11-20T17:33:40","guid":{"rendered":"https:\/\/preprod.cdsboutique.com\/produits\/life-review-conversation-cards-2\/"},"modified":"2024-02-13T12:35:31","modified_gmt":"2024-02-13T17:35:31","slug":"life-review-conversation-cards-2","status":"publish","type":"product","link":"https:\/\/staging.cdsboutique.com\/en\/produit\/life-review-conversation-cards-2\/","title":{"rendered":"Life Review Conversation Cards"},"content":{"rendered":"<p>Music Care Conversation Cards use designed and themed questions\u00a0complemented by beautiful photos to catalyze memories and connections about music in people\u2019s lives. Easy-to-use, wipeable, and portable, Conversation Cards will guide you in 1:1 visits by helping people share memories, ideas, feelings and stories. Theme examples: Singing, Nature, Family, Childhood, Loss, Hope, Travel, Joy, Unfinished Business, Disappointment, Laughter, etc.<\/p>\n<p>54 pages<\/p>\n","protected":false},"excerpt":{"rendered":"<p>Music Care Conversation Cards use designed and themed questions\u00a0complemented by beautiful photos to catalyze memories and connections about music in people\u2019s lives. Easy-to-use, wipeable, and portable, Conversation Cards will guide you in 1:1 visits by helping people share memories, ideas, feelings and stories. Theme examples: Singing, Nature, Family, Childhood, Loss, Hope, Travel, Joy, Unfinished Business, [&hellip;]<\/p>\n","protected":false},"featured_media":13842,"comment_status":"open","ping_status":"closed","template":"","meta":{"_acf_changed":false},"product_brand":[],"product_cat":[4401,2968,2866],"product_tag":[],"class_list":{"0":"post-30360","1":"product","2":"type-product","3":"status-publish","4":"has-post-thumbnail","6":"product_cat-all","7":"product_cat-cognitive-stimulation","8":"product_cat-reminiscence-en","9":"product_shipping_class-frais-de-livraison-en","10":"pa_options-dance-conversation-cards","11":"pa_options-older-adults-conversation-cards","12":"pa_options-set-of-3","14":"first","15":"instock","16":"taxable","17":"shipping-taxable","18":"purchasable","19":"product-type-variable"},"bundled_by":[],"bundle_stock_status":"instock","bundle_stock_quantity":null,"bundle_virtual":false,"bundle_layout":"","bundle_add_to_cart_form_location":"","bundle_editable_in_cart":false,"bundle_sold_individually_context":"","bundle_item_grouping":"","bundle_min_size":"","bundle_max_size":"","bundle_price":[],"bundled_items":[],"bundle_sell_ids":[],"acf":[],"featured_image_urls_v2":{"full":["https:\/\/staging.cdsboutique.com\/wp-content\/uploads\/2020\/10\/15063_1.jpg",2400,1800,false],"thumbnail":["https:\/\/staging.cdsboutique.com\/wp-content\/uploads\/2020\/10\/15063_1-150x150.jpg",150,150,true],"medium":["https:\/\/staging.cdsboutique.com\/wp-content\/uploads\/2020\/10\/15063_1-300x225.jpg",300,225,true],"medium_large":["https:\/\/staging.cdsboutique.com\/wp-content\/uploads\/2020\/10\/15063_1-768x576.jpg",768,576,true],"large":["https:\/\/staging.cdsboutique.com\/wp-content\/uploads\/2020\/10\/15063_1-1024x768.jpg",980,735,true],"1536x1536":["https:\/\/staging.cdsboutique.com\/wp-content\/uploads\/2020\/10\/15063_1-1536x1152.jpg",1536,1152,true],"2048x2048":["https:\/\/staging.cdsboutique.com\/wp-content\/uploads\/2020\/10\/15063_1-2048x1536.jpg",2048,1536,true],"gform-image-choice-sm":["https:\/\/staging.cdsboutique.com\/wp-content\/uploads\/2020\/10\/15063_1.jpg",300,225,false],"gform-image-choice-md":["https:\/\/staging.cdsboutique.com\/wp-content\/uploads\/2020\/10\/15063_1.jpg",400,300,false],"gform-image-choice-lg":["https:\/\/staging.cdsboutique.com\/wp-content\/uploads\/2020\/10\/15063_1.jpg",600,450,false],"woocommerce_thumbnail":["https:\/\/staging.cdsboutique.com\/wp-content\/uploads\/2020\/10\/15063_1-300x225.jpg",300,225,true],"woocommerce_single":["https:\/\/staging.cdsboutique.com\/wp-content\/uploads\/2020\/10\/15063_1-600x450.jpg",600,450,true],"woocommerce_gallery_thumbnail":["https:\/\/staging.cdsboutique.com\/wp-content\/uploads\/2020\/10\/15063_1-100x100.jpg",100,100,true],"variation_swatches_image_size":["https:\/\/staging.cdsboutique.com\/wp-content\/uploads\/2020\/10\/15063_1.jpg",50,38,false],"variation_swatches_tooltip_size":["https:\/\/staging.cdsboutique.com\/wp-content\/uploads\/2020\/10\/15063_1.jpg",100,75,false],"logo-size":["https:\/\/staging.cdsboutique.com\/wp-content\/uploads\/2020\/10\/15063_1-112x84.jpg",112,84,true],"blog":["https:\/\/staging.cdsboutique.com\/wp-content\/uploads\/2020\/10\/15063_1-350x260.jpg",350,260,true]},"post_excerpt_stackable_v2":"<p>Music Care Conversation Cards use designed and themed questions\u00a0complemented by beautiful photos to catalyze memories and connections about music in people\u2019s lives. Easy-to-use, wipeable, and portable, Conversation Cards will guide you in 1:1 visits by helping people share memories, ideas, feelings and stories. Theme examples: Singing, Nature, Family, Childhood, Loss, Hope, Travel, Joy, Unfinished Business, Disappointment, Laughter, etc. 54 pages<\/p>\n","category_list_v2":"","author_info_v2":{"name":"","url":""},"comments_num_v2":"0 comments","yoast_head":"<!-- This site is optimized with the Yoast SEO plugin v27.4 - https:\/\/yoast.com\/product\/yoast-seo-wordpress\/ -->\n<title>Life Review Conversation Cards - CDS boutique A\u00een\u00e9s<\/title>\n<meta name=\"description\" content=\"Easy-to-use, wipeable and portable conversation cards to guide you in 1:1 visits by helping seniors share memories, ideas, feelings and stories.\" \/>\n<meta name=\"robots\" content=\"noindex, follow, max-snippet:-1, max-image-preview:large, max-video-preview:-1\" \/>\n<meta property=\"og:locale\" content=\"en_US\" \/>\n<meta property=\"og:type\" content=\"article\" \/>\n<meta property=\"og:title\" content=\"Life Review Conversation Cards - CDS boutique A\u00een\u00e9s\" \/>\n<meta property=\"og:description\" content=\"Easy-to-use, wipeable and portable conversation cards to guide you in 1:1 visits by helping seniors share memories, ideas, feelings and stories.\" \/>\n<meta property=\"og:url\" content=\"https:\/\/staging.cdsboutique.com\/en\/product\/life-review-conversation-cards-2\/\" \/>\n<meta property=\"og:site_name\" content=\"CDS boutique A\u00een\u00e9s\" \/>\n<meta property=\"article:publisher\" content=\"https:\/\/www.facebook.com\/CDSBoutique.Aines.Seniors\" \/>\n<meta property=\"article:modified_time\" content=\"2024-02-13T17:35:31+00:00\" \/>\n<meta property=\"og:image\" content=\"https:\/\/staging.cdsboutique.com\/wp-content\/uploads\/2020\/10\/15063_1.jpg?_t=1707845731\" \/>\n\t<meta property=\"og:image:width\" content=\"2400\" \/>\n\t<meta property=\"og:image:height\" content=\"1800\" \/>\n\t<meta property=\"og:image:type\" content=\"image\/jpeg\" \/>\n<meta name=\"twitter:card\" content=\"summary_large_image\" \/>\n<meta name=\"twitter:label1\" content=\"Est. reading time\" \/>\n\t<meta name=\"twitter:data1\" content=\"1 minute\" \/>\n<script type=\"application\/ld+json\" class=\"yoast-schema-graph\">{\"@context\":\"https:\\\/\\\/schema.org\",\"@graph\":[{\"@type\":\"WebPage\",\"@id\":\"https:\\\/\\\/staging.cdsboutique.com\\\/en\\\/product\\\/life-review-conversation-cards-2\\\/\",\"url\":\"https:\\\/\\\/staging.cdsboutique.com\\\/en\\\/product\\\/life-review-conversation-cards-2\\\/\",\"name\":\"Life Review Conversation Cards - CDS boutique A\u00een\u00e9s\",\"isPartOf\":{\"@id\":\"https:\\\/\\\/staging.cdsboutique.com\\\/#website\"},\"primaryImageOfPage\":{\"@id\":\"https:\\\/\\\/staging.cdsboutique.com\\\/en\\\/product\\\/life-review-conversation-cards-2\\\/#primaryimage\"},\"image\":{\"@id\":\"https:\\\/\\\/staging.cdsboutique.com\\\/en\\\/product\\\/life-review-conversation-cards-2\\\/#primaryimage\"},\"thumbnailUrl\":\"https:\\\/\\\/staging.cdsboutique.com\\\/wp-content\\\/uploads\\\/2020\\\/10\\\/15063_1.jpg\",\"datePublished\":\"2020-11-20T17:33:40+00:00\",\"dateModified\":\"2024-02-13T17:35:31+00:00\",\"description\":\"Easy-to-use, wipeable and portable conversation cards to guide you in 1:1 visits by helping seniors share memories, ideas, feelings and stories.\",\"breadcrumb\":{\"@id\":\"https:\\\/\\\/staging.cdsboutique.com\\\/en\\\/product\\\/life-review-conversation-cards-2\\\/#breadcrumb\"},\"inLanguage\":\"en-US\",\"potentialAction\":[{\"@type\":\"ReadAction\",\"target\":[\"https:\\\/\\\/staging.cdsboutique.com\\\/en\\\/product\\\/life-review-conversation-cards-2\\\/\"]}]},{\"@type\":\"ImageObject\",\"inLanguage\":\"en-US\",\"@id\":\"https:\\\/\\\/staging.cdsboutique.com\\\/en\\\/product\\\/life-review-conversation-cards-2\\\/#primaryimage\",\"url\":\"https:\\\/\\\/staging.cdsboutique.com\\\/wp-content\\\/uploads\\\/2020\\\/10\\\/15063_1.jpg\",\"contentUrl\":\"https:\\\/\\\/staging.cdsboutique.com\\\/wp-content\\\/uploads\\\/2020\\\/10\\\/15063_1.jpg\",\"width\":2400,\"height\":1800},{\"@type\":\"BreadcrumbList\",\"@id\":\"https:\\\/\\\/staging.cdsboutique.com\\\/en\\\/product\\\/life-review-conversation-cards-2\\\/#breadcrumb\",\"itemListElement\":[{\"@type\":\"ListItem\",\"position\":1,\"name\":\"Home\",\"item\":\"https:\\\/\\\/staging.cdsboutique.com\\\/en\\\/\"},{\"@type\":\"ListItem\",\"position\":2,\"name\":\"Products\",\"item\":\"https:\\\/\\\/staging.cdsboutique.com\\\/en\\\/products\\\/\"},{\"@type\":\"ListItem\",\"position\":3,\"name\":\"Life Review Conversation Cards\"}]},{\"@type\":\"WebSite\",\"@id\":\"https:\\\/\\\/staging.cdsboutique.com\\\/#website\",\"url\":\"https:\\\/\\\/staging.cdsboutique.com\\\/\",\"name\":\"CDS boutique A\u00een\u00e9s\",\"description\":\"Pour une meilleure qualit\u00e9 de vie\",\"publisher\":{\"@id\":\"https:\\\/\\\/staging.cdsboutique.com\\\/#organization\"},\"potentialAction\":[{\"@type\":\"SearchAction\",\"target\":{\"@type\":\"EntryPoint\",\"urlTemplate\":\"https:\\\/\\\/staging.cdsboutique.com\\\/?s={search_term_string}\"},\"query-input\":{\"@type\":\"PropertyValueSpecification\",\"valueRequired\":true,\"valueName\":\"search_term_string\"}}],\"inLanguage\":\"en-US\"},{\"@type\":\"Organization\",\"@id\":\"https:\\\/\\\/staging.cdsboutique.com\\\/#organization\",\"name\":\"CDS Boutique\",\"url\":\"https:\\\/\\\/staging.cdsboutique.com\\\/\",\"logo\":{\"@type\":\"ImageObject\",\"inLanguage\":\"en-US\",\"@id\":\"https:\\\/\\\/staging.cdsboutique.com\\\/#\\\/schema\\\/logo\\\/image\\\/\",\"url\":\"https:\\\/\\\/staging.cdsboutique.com\\\/wp-content\\\/uploads\\\/2024\\\/09\\\/logoCDS-Boutique_final2024.jpg\",\"contentUrl\":\"https:\\\/\\\/staging.cdsboutique.com\\\/wp-content\\\/uploads\\\/2024\\\/09\\\/logoCDS-Boutique_final2024.jpg\",\"width\":900,\"height\":600,\"caption\":\"CDS Boutique\"},\"image\":{\"@id\":\"https:\\\/\\\/staging.cdsboutique.com\\\/#\\\/schema\\\/logo\\\/image\\\/\"},\"sameAs\":[\"https:\\\/\\\/www.facebook.com\\\/CDSBoutique.Aines.Seniors\",\"https:\\\/\\\/www.youtube.com\\\/@cdsboutique4046\",\"https:\\\/\\\/www.linkedin.com\\\/company\\\/cds-boutique\\\/\",\"https:\\\/\\\/www.instagram.com\\\/cdsboutique\\\/\"]}]}<\/script>\n<!-- \/ Yoast SEO plugin. -->","yoast_head_json":{"title":"Life Review Conversation Cards - CDS boutique A\u00een\u00e9s","description":"Easy-to-use, wipeable and portable conversation cards to guide you in 1:1 visits by helping seniors share memories, ideas, feelings and stories.","robots":{"index":"noindex","follow":"follow","max-snippet":"max-snippet:-1","max-image-preview":"max-image-preview:large","max-video-preview":"max-video-preview:-1"},"og_locale":"en_US","og_type":"article","og_title":"Life Review Conversation Cards - CDS boutique A\u00een\u00e9s","og_description":"Easy-to-use, wipeable and portable conversation cards to guide you in 1:1 visits by helping seniors share memories, ideas, feelings and stories.","og_url":"https:\/\/staging.cdsboutique.com\/en\/product\/life-review-conversation-cards-2\/","og_site_name":"CDS boutique A\u00een\u00e9s","article_publisher":"https:\/\/www.facebook.com\/CDSBoutique.Aines.Seniors","article_modified_time":"2024-02-13T17:35:31+00:00","og_image":[{"width":2400,"height":1800,"url":"https:\/\/staging.cdsboutique.com\/wp-content\/uploads\/2020\/10\/15063_1.jpg?_t=1707845731","type":"image\/jpeg"}],"twitter_card":"summary_large_image","twitter_misc":{"Est. reading time":"1 minute"},"schema":{"@context":"https:\/\/schema.org","@graph":[{"@type":"WebPage","@id":"https:\/\/staging.cdsboutique.com\/en\/product\/life-review-conversation-cards-2\/","url":"https:\/\/staging.cdsboutique.com\/en\/product\/life-review-conversation-cards-2\/","name":"Life Review Conversation Cards - CDS boutique A\u00een\u00e9s","isPartOf":{"@id":"https:\/\/staging.cdsboutique.com\/#website"},"primaryImageOfPage":{"@id":"https:\/\/staging.cdsboutique.com\/en\/product\/life-review-conversation-cards-2\/#primaryimage"},"image":{"@id":"https:\/\/staging.cdsboutique.com\/en\/product\/life-review-conversation-cards-2\/#primaryimage"},"thumbnailUrl":"https:\/\/staging.cdsboutique.com\/wp-content\/uploads\/2020\/10\/15063_1.jpg","datePublished":"2020-11-20T17:33:40+00:00","dateModified":"2024-02-13T17:35:31+00:00","description":"Easy-to-use, wipeable and portable conversation cards to guide you in 1:1 visits by helping seniors share memories, ideas, feelings and stories.","breadcrumb":{"@id":"https:\/\/staging.cdsboutique.com\/en\/product\/life-review-conversation-cards-2\/#breadcrumb"},"inLanguage":"en-US","potentialAction":[{"@type":"ReadAction","target":["https:\/\/staging.cdsboutique.com\/en\/product\/life-review-conversation-cards-2\/"]}]},{"@type":"ImageObject","inLanguage":"en-US","@id":"https:\/\/staging.cdsboutique.com\/en\/product\/life-review-conversation-cards-2\/#primaryimage","url":"https:\/\/staging.cdsboutique.com\/wp-content\/uploads\/2020\/10\/15063_1.jpg","contentUrl":"https:\/\/staging.cdsboutique.com\/wp-content\/uploads\/2020\/10\/15063_1.jpg","width":2400,"height":1800},{"@type":"BreadcrumbList","@id":"https:\/\/staging.cdsboutique.com\/en\/product\/life-review-conversation-cards-2\/#breadcrumb","itemListElement":[{"@type":"ListItem","position":1,"name":"Home","item":"https:\/\/staging.cdsboutique.com\/en\/"},{"@type":"ListItem","position":2,"name":"Products","item":"https:\/\/staging.cdsboutique.com\/en\/products\/"},{"@type":"ListItem","position":3,"name":"Life Review Conversation Cards"}]},{"@type":"WebSite","@id":"https:\/\/staging.cdsboutique.com\/#website","url":"https:\/\/staging.cdsboutique.com\/","name":"CDS boutique A\u00een\u00e9s","description":"Pour une meilleure qualit\u00e9 de vie","publisher":{"@id":"https:\/\/staging.cdsboutique.com\/#organization"},"potentialAction":[{"@type":"SearchAction","target":{"@type":"EntryPoint","urlTemplate":"https:\/\/staging.cdsboutique.com\/?s={search_term_string}"},"query-input":{"@type":"PropertyValueSpecification","valueRequired":true,"valueName":"search_term_string"}}],"inLanguage":"en-US"},{"@type":"Organization","@id":"https:\/\/staging.cdsboutique.com\/#organization","name":"CDS Boutique","url":"https:\/\/staging.cdsboutique.com\/","logo":{"@type":"ImageObject","inLanguage":"en-US","@id":"https:\/\/staging.cdsboutique.com\/#\/schema\/logo\/image\/","url":"https:\/\/staging.cdsboutique.com\/wp-content\/uploads\/2024\/09\/logoCDS-Boutique_final2024.jpg","contentUrl":"https:\/\/staging.cdsboutique.com\/wp-content\/uploads\/2024\/09\/logoCDS-Boutique_final2024.jpg","width":900,"height":600,"caption":"CDS Boutique"},"image":{"@id":"https:\/\/staging.cdsboutique.com\/#\/schema\/logo\/image\/"},"sameAs":["https:\/\/www.facebook.com\/CDSBoutique.Aines.Seniors","https:\/\/www.youtube.com\/@cdsboutique4046","https:\/\/www.linkedin.com\/company\/cds-boutique\/","https:\/\/www.instagram.com\/cdsboutique\/"]}]}},"_links":{"self":[{"href":"https:\/\/staging.cdsboutique.com\/en\/wp-json\/wp\/v2\/product\/30360","targetHints":{"allow":["GET"]}}],"collection":[{"href":"https:\/\/staging.cdsboutique.com\/en\/wp-json\/wp\/v2\/product"}],"about":[{"href":"https:\/\/staging.cdsboutique.com\/en\/wp-json\/wp\/v2\/types\/product"}],"replies":[{"embeddable":true,"href":"https:\/\/staging.cdsboutique.com\/en\/wp-json\/wp\/v2\/comments?post=30360"}],"wp:featuredmedia":[{"embeddable":true,"href":"https:\/\/staging.cdsboutique.com\/en\/wp-json\/wp\/v2\/media\/13842"}],"wp:attachment":[{"href":"https:\/\/staging.cdsboutique.com\/en\/wp-json\/wp\/v2\/media?parent=30360"}],"wp:term":[{"taxonomy":"product_brand","embeddable":true,"href":"https:\/\/staging.cdsboutique.com\/en\/wp-json\/wp\/v2\/product_brand?post=30360"},{"taxonomy":"product_cat","embeddable":true,"href":"https:\/\/staging.cdsboutique.com\/en\/wp-json\/wp\/v2\/product_cat?post=30360"},{"taxonomy":"product_tag","embeddable":true,"href":"https:\/\/staging.cdsboutique.com\/en\/wp-json\/wp\/v2\/product_tag?post=30360"}],"curies":[{"name":"wp","href":"https:\/\/api.w.org\/{rel}","templated":true}]}}