{"id":30364,"date":"2020-11-20T12:33:40","date_gmt":"2020-11-20T17:33:40","guid":{"rendered":"https:\/\/preprod.cdsboutique.com\/produits\/favourite-things-great-outdoors-dvd-cards-2\/"},"modified":"2024-10-11T12:22:45","modified_gmt":"2024-10-11T16:22:45","slug":"favourite-things-great-outdoors-dvd-cards-2","status":"publish","type":"product","link":"https:\/\/staging.cdsboutique.com\/en\/produit\/favourite-things-great-outdoors-dvd-cards-2\/","title":{"rendered":"Favourite Things \u2013 Great Outdoors Collection | DVD &#038; Cards"},"content":{"rendered":"<p>The Great Outdoors Collection was created for everyone who enjoys the crisp\u00a0morning air, the warmth of the campfire, the thrill of the hunt, and pulling out\u00a0the net to bring in the catch of the day. The Great Outdoors Collection features\u00a0the following categories: Camping, Fishing, Hunting and Paddling &amp; Rowing.<\/p>\n<p>The photo cards and the DVD are sold either separately or in a kit. The kit with the DVD includes the 32 double-sided cards. The photo cards sold separately include 8 companion activity cards.<\/p>\n<p>Features<\/p>\n<ul>\n<li>\u00a0 \u00a0 Perfect for\u00a0reminiscence with categorized pictures and activities.<\/li>\n<li>\u00a0 \u00a0 Use for individual or group reminiscence.<\/li>\n<li>\u00a0 \u00a0 For use in memory care, assisted living, nursing home.<\/li>\n<\/ul>\n<p><strong>SAVE !<\/strong> by buying the Kit including DVD with photo cards #15066Z<br \/>\nDVD only #15066A<br \/>\nPhoto Cards\u00a0 #15066B<\/p>\n","protected":false},"excerpt":{"rendered":"<p>The Great Outdoors Collection was created for everyone who enjoys the crisp\u00a0morning air, the warmth of the campfire, the thrill of the hunt, and pulling out\u00a0the net to bring in the catch of the day. The Great Outdoors Collection features\u00a0the following categories: Camping, Fishing, Hunting and Paddling &amp; Rowing. The photo cards and the DVD [&hellip;]<\/p>\n","protected":false},"featured_media":13858,"comment_status":"open","ping_status":"closed","template":"","meta":{"_acf_changed":false},"product_brand":[],"product_cat":[4401,2968,2866],"product_tag":[],"class_list":{"0":"post-30364","1":"product","2":"type-product","3":"status-publish","4":"has-post-thumbnail","6":"product_cat-all","7":"product_cat-cognitive-stimulation","8":"product_cat-reminiscence-en","9":"product_shipping_class-frais-de-livraison-en","10":"pa_options-dvd-and-photo-cards","11":"pa_options-dvd-only","12":"pa_options-photo-cards-and-activity-cards","14":"first","15":"instock","16":"taxable","17":"shipping-taxable","18":"purchasable","19":"product-type-variable"},"bundled_by":[],"bundle_stock_status":"instock","bundle_stock_quantity":null,"bundle_virtual":false,"bundle_layout":"","bundle_add_to_cart_form_location":"","bundle_editable_in_cart":false,"bundle_sold_individually_context":"","bundle_item_grouping":"","bundle_min_size":"","bundle_max_size":"","bundle_price":[],"bundled_items":[],"bundle_sell_ids":[],"acf":[],"featured_image_urls_v2":{"full":["https:\/\/staging.cdsboutique.com\/wp-content\/uploads\/2020\/10\/15066_1.jpg",900,594,false],"thumbnail":["https:\/\/staging.cdsboutique.com\/wp-content\/uploads\/2020\/10\/15066_1-150x150.jpg",150,150,true],"medium":["https:\/\/staging.cdsboutique.com\/wp-content\/uploads\/2020\/10\/15066_1-300x198.jpg",300,198,true],"medium_large":["https:\/\/staging.cdsboutique.com\/wp-content\/uploads\/2020\/10\/15066_1-768x507.jpg",768,507,true],"large":["https:\/\/staging.cdsboutique.com\/wp-content\/uploads\/2020\/10\/15066_1.jpg",900,594,false],"1536x1536":["https:\/\/staging.cdsboutique.com\/wp-content\/uploads\/2020\/10\/15066_1.jpg",900,594,false],"2048x2048":["https:\/\/staging.cdsboutique.com\/wp-content\/uploads\/2020\/10\/15066_1.jpg",900,594,false],"gform-image-choice-sm":["https:\/\/staging.cdsboutique.com\/wp-content\/uploads\/2020\/10\/15066_1.jpg",300,198,false],"gform-image-choice-md":["https:\/\/staging.cdsboutique.com\/wp-content\/uploads\/2020\/10\/15066_1.jpg",400,264,false],"gform-image-choice-lg":["https:\/\/staging.cdsboutique.com\/wp-content\/uploads\/2020\/10\/15066_1.jpg",600,396,false],"woocommerce_thumbnail":["https:\/\/staging.cdsboutique.com\/wp-content\/uploads\/2020\/10\/15066_1-300x198.jpg",300,198,true],"woocommerce_single":["https:\/\/staging.cdsboutique.com\/wp-content\/uploads\/2020\/10\/15066_1-600x396.jpg",600,396,true],"woocommerce_gallery_thumbnail":["https:\/\/staging.cdsboutique.com\/wp-content\/uploads\/2020\/10\/15066_1-100x100.jpg",100,100,true],"variation_swatches_image_size":["https:\/\/staging.cdsboutique.com\/wp-content\/uploads\/2020\/10\/15066_1.jpg",50,33,false],"variation_swatches_tooltip_size":["https:\/\/staging.cdsboutique.com\/wp-content\/uploads\/2020\/10\/15066_1.jpg",100,66,false],"logo-size":["https:\/\/staging.cdsboutique.com\/wp-content\/uploads\/2020\/10\/15066_1-127x84.jpg",127,84,true],"blog":["https:\/\/staging.cdsboutique.com\/wp-content\/uploads\/2020\/10\/15066_1-350x260.jpg",350,260,true]},"post_excerpt_stackable_v2":"<p>The Great Outdoors Collection was created for everyone who enjoys the crisp\u00a0morning air, the warmth of the campfire, the thrill of the hunt, and pulling out\u00a0the net to bring in the catch of the day. The Great Outdoors Collection features\u00a0the following categories: Camping, Fishing, Hunting and Paddling &amp; Rowing. The photo cards and the DVD are sold either separately or in a kit. The kit with the DVD includes the 32 double-sided cards. The photo cards sold separately include 8 companion activity cards. Features \u00a0 \u00a0 Perfect for\u00a0reminiscence with categorized pictures and activities. \u00a0 \u00a0 Use for individual or group&hellip;<\/p>\n","category_list_v2":"","author_info_v2":{"name":"","url":""},"comments_num_v2":"0 comments","yoast_head":"<!-- This site is optimized with the Yoast SEO plugin v27.4 - https:\/\/yoast.com\/product\/yoast-seo-wordpress\/ -->\n<title>Favourite Things \u2013 Great Outdoors Collection | DVD &amp; Cards - CDS boutique A\u00een\u00e9s<\/title>\n<meta name=\"robots\" content=\"noindex, follow, max-snippet:-1, max-image-preview:large, max-video-preview:-1\" \/>\n<meta property=\"og:locale\" content=\"en_US\" \/>\n<meta property=\"og:type\" content=\"article\" \/>\n<meta property=\"og:title\" content=\"Favourite Things \u2013 Great Outdoors Collection | DVD &amp; Cards - CDS boutique A\u00een\u00e9s\" \/>\n<meta property=\"og:description\" content=\"The Great Outdoors Collection was created for everyone who enjoys the crisp\u00a0morning air, the warmth of the campfire, the thrill of the hunt, and pulling out\u00a0the net to bring in the catch of the day. The Great Outdoors Collection features\u00a0the following categories: Camping, Fishing, Hunting and Paddling &amp; Rowing. The photo cards and the DVD [&hellip;]\" \/>\n<meta property=\"og:url\" content=\"https:\/\/staging.cdsboutique.com\/en\/product\/favourite-things-great-outdoors-dvd-cards-2\/\" \/>\n<meta property=\"og:site_name\" content=\"CDS boutique A\u00een\u00e9s\" \/>\n<meta property=\"article:publisher\" content=\"https:\/\/www.facebook.com\/CDSBoutique.Aines.Seniors\" \/>\n<meta property=\"article:modified_time\" content=\"2024-10-11T16:22:45+00:00\" \/>\n<meta property=\"og:image\" content=\"https:\/\/staging.cdsboutique.com\/wp-content\/uploads\/2020\/10\/15066_1.jpg?_t=1728663765\" \/>\n\t<meta property=\"og:image:width\" content=\"900\" \/>\n\t<meta property=\"og:image:height\" content=\"594\" \/>\n\t<meta property=\"og:image:type\" content=\"image\/jpeg\" \/>\n<meta name=\"twitter:card\" content=\"summary_large_image\" \/>\n<meta name=\"twitter:label1\" content=\"Est. reading time\" \/>\n\t<meta name=\"twitter:data1\" content=\"1 minute\" \/>\n<script type=\"application\/ld+json\" class=\"yoast-schema-graph\">{\"@context\":\"https:\\\/\\\/schema.org\",\"@graph\":[{\"@type\":\"WebPage\",\"@id\":\"https:\\\/\\\/staging.cdsboutique.com\\\/en\\\/product\\\/favourite-things-great-outdoors-dvd-cards-2\\\/\",\"url\":\"https:\\\/\\\/staging.cdsboutique.com\\\/en\\\/product\\\/favourite-things-great-outdoors-dvd-cards-2\\\/\",\"name\":\"Favourite Things \u2013 Great Outdoors Collection | DVD & Cards - CDS boutique A\u00een\u00e9s\",\"isPartOf\":{\"@id\":\"https:\\\/\\\/staging.cdsboutique.com\\\/#website\"},\"primaryImageOfPage\":{\"@id\":\"https:\\\/\\\/staging.cdsboutique.com\\\/en\\\/product\\\/favourite-things-great-outdoors-dvd-cards-2\\\/#primaryimage\"},\"image\":{\"@id\":\"https:\\\/\\\/staging.cdsboutique.com\\\/en\\\/product\\\/favourite-things-great-outdoors-dvd-cards-2\\\/#primaryimage\"},\"thumbnailUrl\":\"https:\\\/\\\/staging.cdsboutique.com\\\/wp-content\\\/uploads\\\/2020\\\/10\\\/15066_1.jpg\",\"datePublished\":\"2020-11-20T17:33:40+00:00\",\"dateModified\":\"2024-10-11T16:22:45+00:00\",\"breadcrumb\":{\"@id\":\"https:\\\/\\\/staging.cdsboutique.com\\\/en\\\/product\\\/favourite-things-great-outdoors-dvd-cards-2\\\/#breadcrumb\"},\"inLanguage\":\"en-US\",\"potentialAction\":[{\"@type\":\"ReadAction\",\"target\":[\"https:\\\/\\\/staging.cdsboutique.com\\\/en\\\/product\\\/favourite-things-great-outdoors-dvd-cards-2\\\/\"]}]},{\"@type\":\"ImageObject\",\"inLanguage\":\"en-US\",\"@id\":\"https:\\\/\\\/staging.cdsboutique.com\\\/en\\\/product\\\/favourite-things-great-outdoors-dvd-cards-2\\\/#primaryimage\",\"url\":\"https:\\\/\\\/staging.cdsboutique.com\\\/wp-content\\\/uploads\\\/2020\\\/10\\\/15066_1.jpg\",\"contentUrl\":\"https:\\\/\\\/staging.cdsboutique.com\\\/wp-content\\\/uploads\\\/2020\\\/10\\\/15066_1.jpg\",\"width\":900,\"height\":594},{\"@type\":\"BreadcrumbList\",\"@id\":\"https:\\\/\\\/staging.cdsboutique.com\\\/en\\\/product\\\/favourite-things-great-outdoors-dvd-cards-2\\\/#breadcrumb\",\"itemListElement\":[{\"@type\":\"ListItem\",\"position\":1,\"name\":\"Home\",\"item\":\"https:\\\/\\\/staging.cdsboutique.com\\\/en\\\/\"},{\"@type\":\"ListItem\",\"position\":2,\"name\":\"Products\",\"item\":\"https:\\\/\\\/staging.cdsboutique.com\\\/en\\\/products\\\/\"},{\"@type\":\"ListItem\",\"position\":3,\"name\":\"Favourite Things \u2013 Great Outdoors Collection | DVD &#038; Cards\"}]},{\"@type\":\"WebSite\",\"@id\":\"https:\\\/\\\/staging.cdsboutique.com\\\/#website\",\"url\":\"https:\\\/\\\/staging.cdsboutique.com\\\/\",\"name\":\"CDS boutique A\u00een\u00e9s\",\"description\":\"Pour une meilleure qualit\u00e9 de vie\",\"publisher\":{\"@id\":\"https:\\\/\\\/staging.cdsboutique.com\\\/#organization\"},\"potentialAction\":[{\"@type\":\"SearchAction\",\"target\":{\"@type\":\"EntryPoint\",\"urlTemplate\":\"https:\\\/\\\/staging.cdsboutique.com\\\/?s={search_term_string}\"},\"query-input\":{\"@type\":\"PropertyValueSpecification\",\"valueRequired\":true,\"valueName\":\"search_term_string\"}}],\"inLanguage\":\"en-US\"},{\"@type\":\"Organization\",\"@id\":\"https:\\\/\\\/staging.cdsboutique.com\\\/#organization\",\"name\":\"CDS Boutique\",\"url\":\"https:\\\/\\\/staging.cdsboutique.com\\\/\",\"logo\":{\"@type\":\"ImageObject\",\"inLanguage\":\"en-US\",\"@id\":\"https:\\\/\\\/staging.cdsboutique.com\\\/#\\\/schema\\\/logo\\\/image\\\/\",\"url\":\"https:\\\/\\\/staging.cdsboutique.com\\\/wp-content\\\/uploads\\\/2024\\\/09\\\/logoCDS-Boutique_final2024.jpg\",\"contentUrl\":\"https:\\\/\\\/staging.cdsboutique.com\\\/wp-content\\\/uploads\\\/2024\\\/09\\\/logoCDS-Boutique_final2024.jpg\",\"width\":900,\"height\":600,\"caption\":\"CDS Boutique\"},\"image\":{\"@id\":\"https:\\\/\\\/staging.cdsboutique.com\\\/#\\\/schema\\\/logo\\\/image\\\/\"},\"sameAs\":[\"https:\\\/\\\/www.facebook.com\\\/CDSBoutique.Aines.Seniors\",\"https:\\\/\\\/www.youtube.com\\\/@cdsboutique4046\",\"https:\\\/\\\/www.linkedin.com\\\/company\\\/cds-boutique\\\/\",\"https:\\\/\\\/www.instagram.com\\\/cdsboutique\\\/\"]}]}<\/script>\n<!-- \/ Yoast SEO plugin. -->","yoast_head_json":{"title":"Favourite Things \u2013 Great Outdoors Collection | DVD & Cards - CDS boutique A\u00een\u00e9s","robots":{"index":"noindex","follow":"follow","max-snippet":"max-snippet:-1","max-image-preview":"max-image-preview:large","max-video-preview":"max-video-preview:-1"},"og_locale":"en_US","og_type":"article","og_title":"Favourite Things \u2013 Great Outdoors Collection | DVD & Cards - CDS boutique A\u00een\u00e9s","og_description":"The Great Outdoors Collection was created for everyone who enjoys the crisp\u00a0morning air, the warmth of the campfire, the thrill of the hunt, and pulling out\u00a0the net to bring in the catch of the day. The Great Outdoors Collection features\u00a0the following categories: Camping, Fishing, Hunting and Paddling &amp; Rowing. The photo cards and the DVD [&hellip;]","og_url":"https:\/\/staging.cdsboutique.com\/en\/product\/favourite-things-great-outdoors-dvd-cards-2\/","og_site_name":"CDS boutique A\u00een\u00e9s","article_publisher":"https:\/\/www.facebook.com\/CDSBoutique.Aines.Seniors","article_modified_time":"2024-10-11T16:22:45+00:00","og_image":[{"width":900,"height":594,"url":"https:\/\/staging.cdsboutique.com\/wp-content\/uploads\/2020\/10\/15066_1.jpg?_t=1728663765","type":"image\/jpeg"}],"twitter_card":"summary_large_image","twitter_misc":{"Est. reading time":"1 minute"},"schema":{"@context":"https:\/\/schema.org","@graph":[{"@type":"WebPage","@id":"https:\/\/staging.cdsboutique.com\/en\/product\/favourite-things-great-outdoors-dvd-cards-2\/","url":"https:\/\/staging.cdsboutique.com\/en\/product\/favourite-things-great-outdoors-dvd-cards-2\/","name":"Favourite Things \u2013 Great Outdoors Collection | DVD & Cards - CDS boutique A\u00een\u00e9s","isPartOf":{"@id":"https:\/\/staging.cdsboutique.com\/#website"},"primaryImageOfPage":{"@id":"https:\/\/staging.cdsboutique.com\/en\/product\/favourite-things-great-outdoors-dvd-cards-2\/#primaryimage"},"image":{"@id":"https:\/\/staging.cdsboutique.com\/en\/product\/favourite-things-great-outdoors-dvd-cards-2\/#primaryimage"},"thumbnailUrl":"https:\/\/staging.cdsboutique.com\/wp-content\/uploads\/2020\/10\/15066_1.jpg","datePublished":"2020-11-20T17:33:40+00:00","dateModified":"2024-10-11T16:22:45+00:00","breadcrumb":{"@id":"https:\/\/staging.cdsboutique.com\/en\/product\/favourite-things-great-outdoors-dvd-cards-2\/#breadcrumb"},"inLanguage":"en-US","potentialAction":[{"@type":"ReadAction","target":["https:\/\/staging.cdsboutique.com\/en\/product\/favourite-things-great-outdoors-dvd-cards-2\/"]}]},{"@type":"ImageObject","inLanguage":"en-US","@id":"https:\/\/staging.cdsboutique.com\/en\/product\/favourite-things-great-outdoors-dvd-cards-2\/#primaryimage","url":"https:\/\/staging.cdsboutique.com\/wp-content\/uploads\/2020\/10\/15066_1.jpg","contentUrl":"https:\/\/staging.cdsboutique.com\/wp-content\/uploads\/2020\/10\/15066_1.jpg","width":900,"height":594},{"@type":"BreadcrumbList","@id":"https:\/\/staging.cdsboutique.com\/en\/product\/favourite-things-great-outdoors-dvd-cards-2\/#breadcrumb","itemListElement":[{"@type":"ListItem","position":1,"name":"Home","item":"https:\/\/staging.cdsboutique.com\/en\/"},{"@type":"ListItem","position":2,"name":"Products","item":"https:\/\/staging.cdsboutique.com\/en\/products\/"},{"@type":"ListItem","position":3,"name":"Favourite Things \u2013 Great Outdoors Collection | DVD &#038; Cards"}]},{"@type":"WebSite","@id":"https:\/\/staging.cdsboutique.com\/#website","url":"https:\/\/staging.cdsboutique.com\/","name":"CDS boutique A\u00een\u00e9s","description":"Pour une meilleure qualit\u00e9 de vie","publisher":{"@id":"https:\/\/staging.cdsboutique.com\/#organization"},"potentialAction":[{"@type":"SearchAction","target":{"@type":"EntryPoint","urlTemplate":"https:\/\/staging.cdsboutique.com\/?s={search_term_string}"},"query-input":{"@type":"PropertyValueSpecification","valueRequired":true,"valueName":"search_term_string"}}],"inLanguage":"en-US"},{"@type":"Organization","@id":"https:\/\/staging.cdsboutique.com\/#organization","name":"CDS Boutique","url":"https:\/\/staging.cdsboutique.com\/","logo":{"@type":"ImageObject","inLanguage":"en-US","@id":"https:\/\/staging.cdsboutique.com\/#\/schema\/logo\/image\/","url":"https:\/\/staging.cdsboutique.com\/wp-content\/uploads\/2024\/09\/logoCDS-Boutique_final2024.jpg","contentUrl":"https:\/\/staging.cdsboutique.com\/wp-content\/uploads\/2024\/09\/logoCDS-Boutique_final2024.jpg","width":900,"height":600,"caption":"CDS Boutique"},"image":{"@id":"https:\/\/staging.cdsboutique.com\/#\/schema\/logo\/image\/"},"sameAs":["https:\/\/www.facebook.com\/CDSBoutique.Aines.Seniors","https:\/\/www.youtube.com\/@cdsboutique4046","https:\/\/www.linkedin.com\/company\/cds-boutique\/","https:\/\/www.instagram.com\/cdsboutique\/"]}]}},"_links":{"self":[{"href":"https:\/\/staging.cdsboutique.com\/en\/wp-json\/wp\/v2\/product\/30364","targetHints":{"allow":["GET"]}}],"collection":[{"href":"https:\/\/staging.cdsboutique.com\/en\/wp-json\/wp\/v2\/product"}],"about":[{"href":"https:\/\/staging.cdsboutique.com\/en\/wp-json\/wp\/v2\/types\/product"}],"replies":[{"embeddable":true,"href":"https:\/\/staging.cdsboutique.com\/en\/wp-json\/wp\/v2\/comments?post=30364"}],"wp:featuredmedia":[{"embeddable":true,"href":"https:\/\/staging.cdsboutique.com\/en\/wp-json\/wp\/v2\/media\/13858"}],"wp:attachment":[{"href":"https:\/\/staging.cdsboutique.com\/en\/wp-json\/wp\/v2\/media?parent=30364"}],"wp:term":[{"taxonomy":"product_brand","embeddable":true,"href":"https:\/\/staging.cdsboutique.com\/en\/wp-json\/wp\/v2\/product_brand?post=30364"},{"taxonomy":"product_cat","embeddable":true,"href":"https:\/\/staging.cdsboutique.com\/en\/wp-json\/wp\/v2\/product_cat?post=30364"},{"taxonomy":"product_tag","embeddable":true,"href":"https:\/\/staging.cdsboutique.com\/en\/wp-json\/wp\/v2\/product_tag?post=30364"}],"curies":[{"name":"wp","href":"https:\/\/api.w.org\/{rel}","templated":true}]}}