{"id":31883,"date":"2020-12-11T19:03:39","date_gmt":"2020-12-12T00:03:39","guid":{"rendered":"https:\/\/cdsboutique.com\/?post_type=product&#038;p=31883"},"modified":"2024-03-28T08:21:07","modified_gmt":"2024-03-28T12:21:07","slug":"vinyl-doll-boy-17","status":"publish","type":"product","link":"https:\/\/staging.cdsboutique.com\/en\/produit\/vinyl-doll-boy-17\/","title":{"rendered":"Vinyl Doll &#8211; Boy 17&#8243;"},"content":{"rendered":"<p><strong>Offering a therapeutic doll to a resident or your loved one is giving her\/him the chance to give again<\/strong>.<\/p>\n<p>This is a therapeutic doll for your residents with Alzheimer\u2019s or other forms of dementia. He is perfect for reminiscence as he is anatomically correct and real-life sized. He is made of vinyl, which makes him lifelike and easy to disinfect.<\/p>\n<p>Doll therapy can be introduced at all times or during a group activity to promote reminiscence and sharing of life experiences. People can manipulate, rock, and sing in a calm and secure environment where they can express maternal feelings of love and tenderness. This can certainly help reduce daily agitation and give them a sense of responsibility.<\/p>\n<p>Includes a pyjama, a small blanket, a \u201cbirth certificate\u201d, a teddy bear, a feeding bottle, a pacifier and a small rattle.<\/p>\n<p><strong>Details:<\/strong><\/p>\n<ul>\n<li>Real-life sized (17&#8243;)<\/li>\n<li>Made of vinyl<\/li>\n<li>Easy to disinfect<\/li>\n<li>Anatomically correct<\/li>\n<\/ul>\n","protected":false},"excerpt":{"rendered":"<p>Offering a therapeutic doll to a resident or your loved one is giving her\/him the chance to give again. This is a therapeutic doll for your residents with Alzheimer\u2019s or other forms of dementia. He is perfect for reminiscence as he is anatomically correct and real-life sized. He is made of vinyl, which makes him [&hellip;]<\/p>\n","protected":false},"featured_media":31884,"comment_status":"open","ping_status":"closed","template":"","meta":{"_acf_changed":false},"product_brand":[],"product_cat":[4401,2980,2991],"product_tag":[],"class_list":{"0":"post-31883","1":"product","2":"type-product","3":"status-publish","4":"has-post-thumbnail","6":"product_cat-all","7":"product_cat-sensory-stimulation","8":"product_cat-therapeutic-dolls","9":"product_shipping_class-frais-de-livraison-en","11":"first","12":"instock","13":"taxable","14":"shipping-taxable","15":"purchasable","16":"product-type-simple"},"bundled_by":[],"bundle_stock_status":"instock","bundle_stock_quantity":null,"bundle_virtual":false,"bundle_layout":"","bundle_add_to_cart_form_location":"","bundle_editable_in_cart":false,"bundle_sold_individually_context":"","bundle_item_grouping":"","bundle_min_size":"","bundle_max_size":"","bundle_price":[],"bundled_items":[],"bundle_sell_ids":[],"acf":[],"featured_image_urls_v2":{"full":["https:\/\/staging.cdsboutique.com\/wp-content\/uploads\/2020\/12\/3242.jpg",1024,1024,false],"thumbnail":["https:\/\/staging.cdsboutique.com\/wp-content\/uploads\/2020\/12\/3242-150x150.jpg",150,150,true],"medium":["https:\/\/staging.cdsboutique.com\/wp-content\/uploads\/2020\/12\/3242-300x300.jpg",300,300,true],"medium_large":["https:\/\/staging.cdsboutique.com\/wp-content\/uploads\/2020\/12\/3242-768x768.jpg",768,768,true],"large":["https:\/\/staging.cdsboutique.com\/wp-content\/uploads\/2020\/12\/3242-1024x1024.jpg",980,980,true],"1536x1536":["https:\/\/staging.cdsboutique.com\/wp-content\/uploads\/2020\/12\/3242.jpg",1024,1024,false],"2048x2048":["https:\/\/staging.cdsboutique.com\/wp-content\/uploads\/2020\/12\/3242.jpg",1024,1024,false],"gform-image-choice-sm":["https:\/\/staging.cdsboutique.com\/wp-content\/uploads\/2020\/12\/3242.jpg",300,300,false],"gform-image-choice-md":["https:\/\/staging.cdsboutique.com\/wp-content\/uploads\/2020\/12\/3242.jpg",400,400,false],"gform-image-choice-lg":["https:\/\/staging.cdsboutique.com\/wp-content\/uploads\/2020\/12\/3242.jpg",600,600,false],"woocommerce_thumbnail":["https:\/\/staging.cdsboutique.com\/wp-content\/uploads\/2020\/12\/3242-300x300.jpg",300,300,true],"woocommerce_single":["https:\/\/staging.cdsboutique.com\/wp-content\/uploads\/2020\/12\/3242-600x600.jpg",600,600,true],"woocommerce_gallery_thumbnail":["https:\/\/staging.cdsboutique.com\/wp-content\/uploads\/2020\/12\/3242-100x100.jpg",100,100,true],"variation_swatches_image_size":["https:\/\/staging.cdsboutique.com\/wp-content\/uploads\/2020\/12\/3242.jpg",50,50,false],"variation_swatches_tooltip_size":["https:\/\/staging.cdsboutique.com\/wp-content\/uploads\/2020\/12\/3242.jpg",100,100,false],"logo-size":["https:\/\/staging.cdsboutique.com\/wp-content\/uploads\/2020\/12\/3242-84x84.jpg",84,84,true],"blog":["https:\/\/staging.cdsboutique.com\/wp-content\/uploads\/2020\/12\/3242-350x260.jpg",350,260,true]},"post_excerpt_stackable_v2":"<p>Offering a therapeutic doll to a resident or your loved one is giving her\/him the chance to give again. This is a therapeutic doll for your residents with Alzheimer\u2019s or other forms of dementia. He is perfect for reminiscence as he is anatomically correct and real-life sized. He is made of vinyl, which makes him lifelike and easy to disinfect. Doll therapy can be introduced at all times or during a group activity to promote reminiscence and sharing of life experiences. People can manipulate, rock, and sing in a calm and secure environment where they can express maternal feelings of&hellip;<\/p>\n","category_list_v2":"","author_info_v2":{"name":"","url":""},"comments_num_v2":"1 comment","yoast_head":"<!-- This site is optimized with the Yoast SEO plugin v27.4 - https:\/\/yoast.com\/product\/yoast-seo-wordpress\/ -->\n<title>Vinyl Doll - Boy 17&quot; - CDS boutique A\u00een\u00e9s<\/title>\n<meta name=\"description\" content=\"Offering a therapeutic doll to a resident or your loved one is giving her\/him the chance to give again.This is a therapeutic doll for your residents with Alzheimer\u2019s or other forms of dementia. She is perfect for reminiscence as she is anatomically correct and real-life sized. She is made of vinyl, which makes her lifelike and easy to disinfect.\" \/>\n<meta name=\"robots\" content=\"noindex, follow, max-snippet:-1, max-image-preview:large, max-video-preview:-1\" \/>\n<meta property=\"og:locale\" content=\"en_US\" \/>\n<meta property=\"og:type\" content=\"article\" \/>\n<meta property=\"og:title\" content=\"Vinyl Doll - Boy 17&quot; - CDS boutique A\u00een\u00e9s\" \/>\n<meta property=\"og:description\" content=\"Offering a therapeutic doll to a resident or your loved one is giving her\/him the chance to give again.This is a therapeutic doll for your residents with Alzheimer\u2019s or other forms of dementia. She is perfect for reminiscence as she is anatomically correct and real-life sized. She is made of vinyl, which makes her lifelike and easy to disinfect.\" \/>\n<meta property=\"og:url\" content=\"https:\/\/staging.cdsboutique.com\/en\/product\/vinyl-doll-boy-17\/\" \/>\n<meta property=\"og:site_name\" content=\"CDS boutique A\u00een\u00e9s\" \/>\n<meta property=\"article:publisher\" content=\"https:\/\/www.facebook.com\/CDSBoutique.Aines.Seniors\" \/>\n<meta property=\"article:modified_time\" content=\"2024-03-28T12:21:07+00:00\" \/>\n<meta property=\"og:image\" content=\"https:\/\/staging.cdsboutique.com\/wp-content\/uploads\/2020\/12\/3242.jpg\" \/>\n\t<meta property=\"og:image:width\" content=\"1024\" \/>\n\t<meta property=\"og:image:height\" content=\"1024\" \/>\n\t<meta property=\"og:image:type\" content=\"image\/jpeg\" \/>\n<meta name=\"twitter:card\" content=\"summary_large_image\" \/>\n<meta name=\"twitter:label1\" content=\"Est. reading time\" \/>\n\t<meta name=\"twitter:data1\" content=\"1 minute\" \/>\n<script type=\"application\/ld+json\" class=\"yoast-schema-graph\">{\"@context\":\"https:\\\/\\\/schema.org\",\"@graph\":[{\"@type\":\"WebPage\",\"@id\":\"https:\\\/\\\/staging.cdsboutique.com\\\/en\\\/product\\\/vinyl-doll-boy-17\\\/\",\"url\":\"https:\\\/\\\/staging.cdsboutique.com\\\/en\\\/product\\\/vinyl-doll-boy-17\\\/\",\"name\":\"Vinyl Doll - Boy 17\\\" - CDS boutique A\u00een\u00e9s\",\"isPartOf\":{\"@id\":\"https:\\\/\\\/staging.cdsboutique.com\\\/#website\"},\"primaryImageOfPage\":{\"@id\":\"https:\\\/\\\/staging.cdsboutique.com\\\/en\\\/product\\\/vinyl-doll-boy-17\\\/#primaryimage\"},\"image\":{\"@id\":\"https:\\\/\\\/staging.cdsboutique.com\\\/en\\\/product\\\/vinyl-doll-boy-17\\\/#primaryimage\"},\"thumbnailUrl\":\"https:\\\/\\\/staging.cdsboutique.com\\\/wp-content\\\/uploads\\\/2020\\\/12\\\/3242.jpg\",\"datePublished\":\"2020-12-12T00:03:39+00:00\",\"dateModified\":\"2024-03-28T12:21:07+00:00\",\"description\":\"Offering a therapeutic doll to a resident or your loved one is giving her\\\/him the chance to give again.This is a therapeutic doll for your residents with Alzheimer\u2019s or other forms of dementia. She is perfect for reminiscence as she is anatomically correct and real-life sized. She is made of vinyl, which makes her lifelike and easy to disinfect.\",\"breadcrumb\":{\"@id\":\"https:\\\/\\\/staging.cdsboutique.com\\\/en\\\/product\\\/vinyl-doll-boy-17\\\/#breadcrumb\"},\"inLanguage\":\"en-US\",\"potentialAction\":[{\"@type\":\"ReadAction\",\"target\":[\"https:\\\/\\\/staging.cdsboutique.com\\\/en\\\/product\\\/vinyl-doll-boy-17\\\/\"]}]},{\"@type\":\"ImageObject\",\"inLanguage\":\"en-US\",\"@id\":\"https:\\\/\\\/staging.cdsboutique.com\\\/en\\\/product\\\/vinyl-doll-boy-17\\\/#primaryimage\",\"url\":\"https:\\\/\\\/staging.cdsboutique.com\\\/wp-content\\\/uploads\\\/2020\\\/12\\\/3242.jpg\",\"contentUrl\":\"https:\\\/\\\/staging.cdsboutique.com\\\/wp-content\\\/uploads\\\/2020\\\/12\\\/3242.jpg\",\"width\":1024,\"height\":1024},{\"@type\":\"BreadcrumbList\",\"@id\":\"https:\\\/\\\/staging.cdsboutique.com\\\/en\\\/product\\\/vinyl-doll-boy-17\\\/#breadcrumb\",\"itemListElement\":[{\"@type\":\"ListItem\",\"position\":1,\"name\":\"Home\",\"item\":\"https:\\\/\\\/staging.cdsboutique.com\\\/en\\\/\"},{\"@type\":\"ListItem\",\"position\":2,\"name\":\"Products\",\"item\":\"https:\\\/\\\/staging.cdsboutique.com\\\/en\\\/products\\\/\"},{\"@type\":\"ListItem\",\"position\":3,\"name\":\"Vinyl Doll &#8211; Boy 17&#8243;\"}]},{\"@type\":\"WebSite\",\"@id\":\"https:\\\/\\\/staging.cdsboutique.com\\\/#website\",\"url\":\"https:\\\/\\\/staging.cdsboutique.com\\\/\",\"name\":\"CDS boutique A\u00een\u00e9s\",\"description\":\"Pour une meilleure qualit\u00e9 de vie\",\"publisher\":{\"@id\":\"https:\\\/\\\/staging.cdsboutique.com\\\/#organization\"},\"potentialAction\":[{\"@type\":\"SearchAction\",\"target\":{\"@type\":\"EntryPoint\",\"urlTemplate\":\"https:\\\/\\\/staging.cdsboutique.com\\\/?s={search_term_string}\"},\"query-input\":{\"@type\":\"PropertyValueSpecification\",\"valueRequired\":true,\"valueName\":\"search_term_string\"}}],\"inLanguage\":\"en-US\"},{\"@type\":\"Organization\",\"@id\":\"https:\\\/\\\/staging.cdsboutique.com\\\/#organization\",\"name\":\"CDS Boutique\",\"url\":\"https:\\\/\\\/staging.cdsboutique.com\\\/\",\"logo\":{\"@type\":\"ImageObject\",\"inLanguage\":\"en-US\",\"@id\":\"https:\\\/\\\/staging.cdsboutique.com\\\/#\\\/schema\\\/logo\\\/image\\\/\",\"url\":\"https:\\\/\\\/staging.cdsboutique.com\\\/wp-content\\\/uploads\\\/2024\\\/09\\\/logoCDS-Boutique_final2024.jpg\",\"contentUrl\":\"https:\\\/\\\/staging.cdsboutique.com\\\/wp-content\\\/uploads\\\/2024\\\/09\\\/logoCDS-Boutique_final2024.jpg\",\"width\":900,\"height\":600,\"caption\":\"CDS Boutique\"},\"image\":{\"@id\":\"https:\\\/\\\/staging.cdsboutique.com\\\/#\\\/schema\\\/logo\\\/image\\\/\"},\"sameAs\":[\"https:\\\/\\\/www.facebook.com\\\/CDSBoutique.Aines.Seniors\",\"https:\\\/\\\/www.youtube.com\\\/@cdsboutique4046\",\"https:\\\/\\\/www.linkedin.com\\\/company\\\/cds-boutique\\\/\",\"https:\\\/\\\/www.instagram.com\\\/cdsboutique\\\/\"]}]}<\/script>\n<!-- \/ Yoast SEO plugin. -->","yoast_head_json":{"title":"Vinyl Doll - Boy 17\" - CDS boutique A\u00een\u00e9s","description":"Offering a therapeutic doll to a resident or your loved one is giving her\/him the chance to give again.This is a therapeutic doll for your residents with Alzheimer\u2019s or other forms of dementia. She is perfect for reminiscence as she is anatomically correct and real-life sized. She is made of vinyl, which makes her lifelike and easy to disinfect.","robots":{"index":"noindex","follow":"follow","max-snippet":"max-snippet:-1","max-image-preview":"max-image-preview:large","max-video-preview":"max-video-preview:-1"},"og_locale":"en_US","og_type":"article","og_title":"Vinyl Doll - Boy 17\" - CDS boutique A\u00een\u00e9s","og_description":"Offering a therapeutic doll to a resident or your loved one is giving her\/him the chance to give again.This is a therapeutic doll for your residents with Alzheimer\u2019s or other forms of dementia. She is perfect for reminiscence as she is anatomically correct and real-life sized. She is made of vinyl, which makes her lifelike and easy to disinfect.","og_url":"https:\/\/staging.cdsboutique.com\/en\/product\/vinyl-doll-boy-17\/","og_site_name":"CDS boutique A\u00een\u00e9s","article_publisher":"https:\/\/www.facebook.com\/CDSBoutique.Aines.Seniors","article_modified_time":"2024-03-28T12:21:07+00:00","og_image":[{"width":1024,"height":1024,"url":"https:\/\/staging.cdsboutique.com\/wp-content\/uploads\/2020\/12\/3242.jpg","type":"image\/jpeg"}],"twitter_card":"summary_large_image","twitter_misc":{"Est. reading time":"1 minute"},"schema":{"@context":"https:\/\/schema.org","@graph":[{"@type":"WebPage","@id":"https:\/\/staging.cdsboutique.com\/en\/product\/vinyl-doll-boy-17\/","url":"https:\/\/staging.cdsboutique.com\/en\/product\/vinyl-doll-boy-17\/","name":"Vinyl Doll - Boy 17\" - CDS boutique A\u00een\u00e9s","isPartOf":{"@id":"https:\/\/staging.cdsboutique.com\/#website"},"primaryImageOfPage":{"@id":"https:\/\/staging.cdsboutique.com\/en\/product\/vinyl-doll-boy-17\/#primaryimage"},"image":{"@id":"https:\/\/staging.cdsboutique.com\/en\/product\/vinyl-doll-boy-17\/#primaryimage"},"thumbnailUrl":"https:\/\/staging.cdsboutique.com\/wp-content\/uploads\/2020\/12\/3242.jpg","datePublished":"2020-12-12T00:03:39+00:00","dateModified":"2024-03-28T12:21:07+00:00","description":"Offering a therapeutic doll to a resident or your loved one is giving her\/him the chance to give again.This is a therapeutic doll for your residents with Alzheimer\u2019s or other forms of dementia. She is perfect for reminiscence as she is anatomically correct and real-life sized. She is made of vinyl, which makes her lifelike and easy to disinfect.","breadcrumb":{"@id":"https:\/\/staging.cdsboutique.com\/en\/product\/vinyl-doll-boy-17\/#breadcrumb"},"inLanguage":"en-US","potentialAction":[{"@type":"ReadAction","target":["https:\/\/staging.cdsboutique.com\/en\/product\/vinyl-doll-boy-17\/"]}]},{"@type":"ImageObject","inLanguage":"en-US","@id":"https:\/\/staging.cdsboutique.com\/en\/product\/vinyl-doll-boy-17\/#primaryimage","url":"https:\/\/staging.cdsboutique.com\/wp-content\/uploads\/2020\/12\/3242.jpg","contentUrl":"https:\/\/staging.cdsboutique.com\/wp-content\/uploads\/2020\/12\/3242.jpg","width":1024,"height":1024},{"@type":"BreadcrumbList","@id":"https:\/\/staging.cdsboutique.com\/en\/product\/vinyl-doll-boy-17\/#breadcrumb","itemListElement":[{"@type":"ListItem","position":1,"name":"Home","item":"https:\/\/staging.cdsboutique.com\/en\/"},{"@type":"ListItem","position":2,"name":"Products","item":"https:\/\/staging.cdsboutique.com\/en\/products\/"},{"@type":"ListItem","position":3,"name":"Vinyl Doll &#8211; Boy 17&#8243;"}]},{"@type":"WebSite","@id":"https:\/\/staging.cdsboutique.com\/#website","url":"https:\/\/staging.cdsboutique.com\/","name":"CDS boutique A\u00een\u00e9s","description":"Pour une meilleure qualit\u00e9 de vie","publisher":{"@id":"https:\/\/staging.cdsboutique.com\/#organization"},"potentialAction":[{"@type":"SearchAction","target":{"@type":"EntryPoint","urlTemplate":"https:\/\/staging.cdsboutique.com\/?s={search_term_string}"},"query-input":{"@type":"PropertyValueSpecification","valueRequired":true,"valueName":"search_term_string"}}],"inLanguage":"en-US"},{"@type":"Organization","@id":"https:\/\/staging.cdsboutique.com\/#organization","name":"CDS Boutique","url":"https:\/\/staging.cdsboutique.com\/","logo":{"@type":"ImageObject","inLanguage":"en-US","@id":"https:\/\/staging.cdsboutique.com\/#\/schema\/logo\/image\/","url":"https:\/\/staging.cdsboutique.com\/wp-content\/uploads\/2024\/09\/logoCDS-Boutique_final2024.jpg","contentUrl":"https:\/\/staging.cdsboutique.com\/wp-content\/uploads\/2024\/09\/logoCDS-Boutique_final2024.jpg","width":900,"height":600,"caption":"CDS Boutique"},"image":{"@id":"https:\/\/staging.cdsboutique.com\/#\/schema\/logo\/image\/"},"sameAs":["https:\/\/www.facebook.com\/CDSBoutique.Aines.Seniors","https:\/\/www.youtube.com\/@cdsboutique4046","https:\/\/www.linkedin.com\/company\/cds-boutique\/","https:\/\/www.instagram.com\/cdsboutique\/"]}]}},"_links":{"self":[{"href":"https:\/\/staging.cdsboutique.com\/en\/wp-json\/wp\/v2\/product\/31883","targetHints":{"allow":["GET"]}}],"collection":[{"href":"https:\/\/staging.cdsboutique.com\/en\/wp-json\/wp\/v2\/product"}],"about":[{"href":"https:\/\/staging.cdsboutique.com\/en\/wp-json\/wp\/v2\/types\/product"}],"replies":[{"embeddable":true,"href":"https:\/\/staging.cdsboutique.com\/en\/wp-json\/wp\/v2\/comments?post=31883"}],"wp:featuredmedia":[{"embeddable":true,"href":"https:\/\/staging.cdsboutique.com\/en\/wp-json\/wp\/v2\/media\/31884"}],"wp:attachment":[{"href":"https:\/\/staging.cdsboutique.com\/en\/wp-json\/wp\/v2\/media?parent=31883"}],"wp:term":[{"taxonomy":"product_brand","embeddable":true,"href":"https:\/\/staging.cdsboutique.com\/en\/wp-json\/wp\/v2\/product_brand?post=31883"},{"taxonomy":"product_cat","embeddable":true,"href":"https:\/\/staging.cdsboutique.com\/en\/wp-json\/wp\/v2\/product_cat?post=31883"},{"taxonomy":"product_tag","embeddable":true,"href":"https:\/\/staging.cdsboutique.com\/en\/wp-json\/wp\/v2\/product_tag?post=31883"}],"curies":[{"name":"wp","href":"https:\/\/api.w.org\/{rel}","templated":true}]}}