{"id":39476,"date":"2021-05-10T13:22:48","date_gmt":"2021-05-10T17:22:48","guid":{"rendered":"https:\/\/cdsboutique.com\/produit\/gel-floor-tile-50-cm\/"},"modified":"2026-02-09T08:22:29","modified_gmt":"2026-02-09T13:22:29","slug":"gel-floor-tile-50-cm","status":"publish","type":"product","link":"https:\/\/staging.cdsboutique.com\/en\/produit\/gel-floor-tile-50-cm\/","title":{"rendered":"Gel Floor Tile &#8211; 50 cm"},"content":{"rendered":"<p><strong>This sensory tool will easily become your residents&#8217; favourite, no matter their autonomy level!<\/strong><\/p>\n<p>Users create gel waves for tactile and visual stimulation. This tool can put directly on the floor as it has anti-slip technology, and it can also be used on the knees of your residents in wheelchairs. The process helps with eye-hand coordination, maintains finger strength and hand dexterity. The pad also helps with relaxation and attention\u00a0span.<\/p>\n<p>The soft gel foam-based surface protects your residents against injuries that could be caused by uncontrolled motor activity. Moreover, they are durable and leak-proof.<\/p>\n<p>Details:<\/p>\n<ul>\n<li>For people of all ages<\/li>\n<li>Dimensions : 50 x 50 cm (19,5 x 19,5 po)<\/li>\n<li>Non-toxic liquid<\/li>\n<li>Easy to clean.<\/li>\n<\/ul>\n","protected":false},"excerpt":{"rendered":"<p>This sensory tool will easily become your residents&#8217; favourite, no matter their autonomy level! Users create gel waves for tactile and visual stimulation. This tool can put directly on the floor as it has anti-slip technology, and it can also be used on the knees of your residents in wheelchairs. The process helps with eye-hand [&hellip;]<\/p>\n","protected":false},"featured_media":72122,"comment_status":"open","ping_status":"closed","template":"","meta":{"_acf_changed":false},"product_brand":[],"product_cat":[4401],"product_tag":[],"class_list":{"0":"post-39476","1":"product","2":"type-product","3":"status-publish","4":"has-post-thumbnail","6":"product_cat-all","7":"product_shipping_class-frais-de-livraison-en","8":"pa_couleur-blue","9":"pa_couleur-green","10":"pa_couleur-orange-en","11":"pa_couleur-pink","13":"first","14":"instock","15":"taxable","16":"shipping-taxable","17":"purchasable","18":"product-type-variable"},"bundled_by":[],"bundle_stock_status":"instock","bundle_stock_quantity":null,"bundle_virtual":false,"bundle_layout":"","bundle_add_to_cart_form_location":"","bundle_editable_in_cart":false,"bundle_sold_individually_context":"","bundle_item_grouping":"","bundle_min_size":"","bundle_max_size":"","bundle_price":[],"bundled_items":[],"bundle_sell_ids":[],"acf":[],"featured_image_urls_v2":{"full":["https:\/\/staging.cdsboutique.com\/wp-content\/uploads\/2021\/05\/tuiles_sensorielles-bis.jpg",429,417,false],"thumbnail":["https:\/\/staging.cdsboutique.com\/wp-content\/uploads\/2021\/05\/tuiles_sensorielles-bis-150x150.jpg",150,150,true],"medium":["https:\/\/staging.cdsboutique.com\/wp-content\/uploads\/2021\/05\/tuiles_sensorielles-bis-300x292.jpg",300,292,true],"medium_large":["https:\/\/staging.cdsboutique.com\/wp-content\/uploads\/2021\/05\/tuiles_sensorielles-bis.jpg",429,417,false],"large":["https:\/\/staging.cdsboutique.com\/wp-content\/uploads\/2021\/05\/tuiles_sensorielles-bis.jpg",429,417,false],"1536x1536":["https:\/\/staging.cdsboutique.com\/wp-content\/uploads\/2021\/05\/tuiles_sensorielles-bis.jpg",429,417,false],"2048x2048":["https:\/\/staging.cdsboutique.com\/wp-content\/uploads\/2021\/05\/tuiles_sensorielles-bis.jpg",429,417,false],"gform-image-choice-sm":["https:\/\/staging.cdsboutique.com\/wp-content\/uploads\/2021\/05\/tuiles_sensorielles-bis.jpg",300,292,false],"gform-image-choice-md":["https:\/\/staging.cdsboutique.com\/wp-content\/uploads\/2021\/05\/tuiles_sensorielles-bis.jpg",400,389,false],"gform-image-choice-lg":["https:\/\/staging.cdsboutique.com\/wp-content\/uploads\/2021\/05\/tuiles_sensorielles-bis.jpg",429,417,false],"woocommerce_thumbnail":["https:\/\/staging.cdsboutique.com\/wp-content\/uploads\/2021\/05\/tuiles_sensorielles-bis-300x292.jpg",300,292,true],"woocommerce_single":["https:\/\/staging.cdsboutique.com\/wp-content\/uploads\/2021\/05\/tuiles_sensorielles-bis.jpg",429,417,false],"woocommerce_gallery_thumbnail":["https:\/\/staging.cdsboutique.com\/wp-content\/uploads\/2021\/05\/tuiles_sensorielles-bis-100x100.jpg",100,100,true],"variation_swatches_image_size":["https:\/\/staging.cdsboutique.com\/wp-content\/uploads\/2021\/05\/tuiles_sensorielles-bis-50x50.jpg",50,50,true],"variation_swatches_tooltip_size":["https:\/\/staging.cdsboutique.com\/wp-content\/uploads\/2021\/05\/tuiles_sensorielles-bis-100x100.jpg",100,100,true],"logo-size":["https:\/\/staging.cdsboutique.com\/wp-content\/uploads\/2021\/05\/tuiles_sensorielles-bis-86x84.jpg",86,84,true],"blog":["https:\/\/staging.cdsboutique.com\/wp-content\/uploads\/2021\/05\/tuiles_sensorielles-bis-350x260.jpg",350,260,true]},"post_excerpt_stackable_v2":"<p>This sensory tool will easily become your residents&#8217; favourite, no matter their autonomy level! Users create gel waves for tactile and visual stimulation. This tool can put directly on the floor as it has anti-slip technology, and it can also be used on the knees of your residents in wheelchairs. The process helps with eye-hand coordination, maintains finger strength and hand dexterity. The pad also helps with relaxation and attention\u00a0span. The soft gel foam-based surface protects your residents against injuries that could be caused by uncontrolled motor activity. Moreover, they are durable and leak-proof. Details: For people of all ages&hellip;<\/p>\n","category_list_v2":"","author_info_v2":{"name":"","url":""},"comments_num_v2":"0 comments","yoast_head":"<!-- This site is optimized with the Yoast SEO plugin v27.4 - https:\/\/yoast.com\/product\/yoast-seo-wordpress\/ -->\n<title>Gel Floor Tile - 50 cm<\/title>\n<meta name=\"description\" content=\"This sensory tool will easily become your residents&#039; favourite, no matter their autonomy level!\" \/>\n<meta name=\"robots\" content=\"noindex, follow, max-snippet:-1, max-image-preview:large, max-video-preview:-1\" \/>\n<meta property=\"og:locale\" content=\"en_US\" \/>\n<meta property=\"og:type\" content=\"article\" \/>\n<meta property=\"og:title\" content=\"Gel Floor Tile - 50 cm\" \/>\n<meta property=\"og:description\" content=\"This sensory tool will easily become your residents&#039; favourite, no matter their autonomy level!\" \/>\n<meta property=\"og:url\" content=\"https:\/\/staging.cdsboutique.com\/en\/product\/gel-floor-tile-50-cm\/\" \/>\n<meta property=\"og:site_name\" content=\"CDS boutique A\u00een\u00e9s\" \/>\n<meta property=\"article:publisher\" content=\"https:\/\/www.facebook.com\/CDSBoutique.Aines.Seniors\" \/>\n<meta property=\"article:modified_time\" content=\"2026-02-09T13:22:29+00:00\" \/>\n<meta property=\"og:image\" content=\"https:\/\/staging.cdsboutique.com\/wp-content\/uploads\/2021\/05\/tuiles_sensorielles-bis.jpg?_t=1770643349\" \/>\n\t<meta property=\"og:image:width\" content=\"429\" \/>\n\t<meta property=\"og:image:height\" content=\"417\" \/>\n\t<meta property=\"og:image:type\" content=\"image\/jpeg\" \/>\n<meta name=\"twitter:card\" content=\"summary_large_image\" \/>\n<meta name=\"twitter:label1\" content=\"Est. reading time\" \/>\n\t<meta name=\"twitter:data1\" content=\"1 minute\" \/>\n<script type=\"application\/ld+json\" class=\"yoast-schema-graph\">{\"@context\":\"https:\\\/\\\/schema.org\",\"@graph\":[{\"@type\":\"WebPage\",\"@id\":\"https:\\\/\\\/staging.cdsboutique.com\\\/en\\\/product\\\/gel-floor-tile-50-cm\\\/\",\"url\":\"https:\\\/\\\/staging.cdsboutique.com\\\/en\\\/product\\\/gel-floor-tile-50-cm\\\/\",\"name\":\"Gel Floor Tile - 50 cm\",\"isPartOf\":{\"@id\":\"https:\\\/\\\/staging.cdsboutique.com\\\/#website\"},\"primaryImageOfPage\":{\"@id\":\"https:\\\/\\\/staging.cdsboutique.com\\\/en\\\/product\\\/gel-floor-tile-50-cm\\\/#primaryimage\"},\"image\":{\"@id\":\"https:\\\/\\\/staging.cdsboutique.com\\\/en\\\/product\\\/gel-floor-tile-50-cm\\\/#primaryimage\"},\"thumbnailUrl\":\"https:\\\/\\\/staging.cdsboutique.com\\\/wp-content\\\/uploads\\\/2021\\\/05\\\/tuiles_sensorielles-bis.jpg\",\"datePublished\":\"2021-05-10T17:22:48+00:00\",\"dateModified\":\"2026-02-09T13:22:29+00:00\",\"description\":\"This sensory tool will easily become your residents' favourite, no matter their autonomy level!\",\"breadcrumb\":{\"@id\":\"https:\\\/\\\/staging.cdsboutique.com\\\/en\\\/product\\\/gel-floor-tile-50-cm\\\/#breadcrumb\"},\"inLanguage\":\"en-US\",\"potentialAction\":[{\"@type\":\"ReadAction\",\"target\":[\"https:\\\/\\\/staging.cdsboutique.com\\\/en\\\/product\\\/gel-floor-tile-50-cm\\\/\"]}]},{\"@type\":\"ImageObject\",\"inLanguage\":\"en-US\",\"@id\":\"https:\\\/\\\/staging.cdsboutique.com\\\/en\\\/product\\\/gel-floor-tile-50-cm\\\/#primaryimage\",\"url\":\"https:\\\/\\\/staging.cdsboutique.com\\\/wp-content\\\/uploads\\\/2021\\\/05\\\/tuiles_sensorielles-bis.jpg\",\"contentUrl\":\"https:\\\/\\\/staging.cdsboutique.com\\\/wp-content\\\/uploads\\\/2021\\\/05\\\/tuiles_sensorielles-bis.jpg\",\"width\":429,\"height\":417,\"caption\":\"tuiles sensorielles\"},{\"@type\":\"BreadcrumbList\",\"@id\":\"https:\\\/\\\/staging.cdsboutique.com\\\/en\\\/product\\\/gel-floor-tile-50-cm\\\/#breadcrumb\",\"itemListElement\":[{\"@type\":\"ListItem\",\"position\":1,\"name\":\"Home\",\"item\":\"https:\\\/\\\/staging.cdsboutique.com\\\/en\\\/\"},{\"@type\":\"ListItem\",\"position\":2,\"name\":\"Products\",\"item\":\"https:\\\/\\\/staging.cdsboutique.com\\\/en\\\/products\\\/\"},{\"@type\":\"ListItem\",\"position\":3,\"name\":\"Gel Floor Tile &#8211; 50 cm\"}]},{\"@type\":\"WebSite\",\"@id\":\"https:\\\/\\\/staging.cdsboutique.com\\\/#website\",\"url\":\"https:\\\/\\\/staging.cdsboutique.com\\\/\",\"name\":\"CDS boutique A\u00een\u00e9s\",\"description\":\"Pour une meilleure qualit\u00e9 de vie\",\"publisher\":{\"@id\":\"https:\\\/\\\/staging.cdsboutique.com\\\/#organization\"},\"potentialAction\":[{\"@type\":\"SearchAction\",\"target\":{\"@type\":\"EntryPoint\",\"urlTemplate\":\"https:\\\/\\\/staging.cdsboutique.com\\\/?s={search_term_string}\"},\"query-input\":{\"@type\":\"PropertyValueSpecification\",\"valueRequired\":true,\"valueName\":\"search_term_string\"}}],\"inLanguage\":\"en-US\"},{\"@type\":\"Organization\",\"@id\":\"https:\\\/\\\/staging.cdsboutique.com\\\/#organization\",\"name\":\"CDS Boutique\",\"url\":\"https:\\\/\\\/staging.cdsboutique.com\\\/\",\"logo\":{\"@type\":\"ImageObject\",\"inLanguage\":\"en-US\",\"@id\":\"https:\\\/\\\/staging.cdsboutique.com\\\/#\\\/schema\\\/logo\\\/image\\\/\",\"url\":\"https:\\\/\\\/staging.cdsboutique.com\\\/wp-content\\\/uploads\\\/2024\\\/09\\\/logoCDS-Boutique_final2024.jpg\",\"contentUrl\":\"https:\\\/\\\/staging.cdsboutique.com\\\/wp-content\\\/uploads\\\/2024\\\/09\\\/logoCDS-Boutique_final2024.jpg\",\"width\":900,\"height\":600,\"caption\":\"CDS Boutique\"},\"image\":{\"@id\":\"https:\\\/\\\/staging.cdsboutique.com\\\/#\\\/schema\\\/logo\\\/image\\\/\"},\"sameAs\":[\"https:\\\/\\\/www.facebook.com\\\/CDSBoutique.Aines.Seniors\",\"https:\\\/\\\/www.youtube.com\\\/@cdsboutique4046\",\"https:\\\/\\\/www.linkedin.com\\\/company\\\/cds-boutique\\\/\",\"https:\\\/\\\/www.instagram.com\\\/cdsboutique\\\/\"]}]}<\/script>\n<!-- \/ Yoast SEO plugin. -->","yoast_head_json":{"title":"Gel Floor Tile - 50 cm","description":"This sensory tool will easily become your residents' favourite, no matter their autonomy level!","robots":{"index":"noindex","follow":"follow","max-snippet":"max-snippet:-1","max-image-preview":"max-image-preview:large","max-video-preview":"max-video-preview:-1"},"og_locale":"en_US","og_type":"article","og_title":"Gel Floor Tile - 50 cm","og_description":"This sensory tool will easily become your residents' favourite, no matter their autonomy level!","og_url":"https:\/\/staging.cdsboutique.com\/en\/product\/gel-floor-tile-50-cm\/","og_site_name":"CDS boutique A\u00een\u00e9s","article_publisher":"https:\/\/www.facebook.com\/CDSBoutique.Aines.Seniors","article_modified_time":"2026-02-09T13:22:29+00:00","og_image":[{"width":429,"height":417,"url":"https:\/\/staging.cdsboutique.com\/wp-content\/uploads\/2021\/05\/tuiles_sensorielles-bis.jpg?_t=1770643349","type":"image\/jpeg"}],"twitter_card":"summary_large_image","twitter_misc":{"Est. reading time":"1 minute"},"schema":{"@context":"https:\/\/schema.org","@graph":[{"@type":"WebPage","@id":"https:\/\/staging.cdsboutique.com\/en\/product\/gel-floor-tile-50-cm\/","url":"https:\/\/staging.cdsboutique.com\/en\/product\/gel-floor-tile-50-cm\/","name":"Gel Floor Tile - 50 cm","isPartOf":{"@id":"https:\/\/staging.cdsboutique.com\/#website"},"primaryImageOfPage":{"@id":"https:\/\/staging.cdsboutique.com\/en\/product\/gel-floor-tile-50-cm\/#primaryimage"},"image":{"@id":"https:\/\/staging.cdsboutique.com\/en\/product\/gel-floor-tile-50-cm\/#primaryimage"},"thumbnailUrl":"https:\/\/staging.cdsboutique.com\/wp-content\/uploads\/2021\/05\/tuiles_sensorielles-bis.jpg","datePublished":"2021-05-10T17:22:48+00:00","dateModified":"2026-02-09T13:22:29+00:00","description":"This sensory tool will easily become your residents' favourite, no matter their autonomy level!","breadcrumb":{"@id":"https:\/\/staging.cdsboutique.com\/en\/product\/gel-floor-tile-50-cm\/#breadcrumb"},"inLanguage":"en-US","potentialAction":[{"@type":"ReadAction","target":["https:\/\/staging.cdsboutique.com\/en\/product\/gel-floor-tile-50-cm\/"]}]},{"@type":"ImageObject","inLanguage":"en-US","@id":"https:\/\/staging.cdsboutique.com\/en\/product\/gel-floor-tile-50-cm\/#primaryimage","url":"https:\/\/staging.cdsboutique.com\/wp-content\/uploads\/2021\/05\/tuiles_sensorielles-bis.jpg","contentUrl":"https:\/\/staging.cdsboutique.com\/wp-content\/uploads\/2021\/05\/tuiles_sensorielles-bis.jpg","width":429,"height":417,"caption":"tuiles sensorielles"},{"@type":"BreadcrumbList","@id":"https:\/\/staging.cdsboutique.com\/en\/product\/gel-floor-tile-50-cm\/#breadcrumb","itemListElement":[{"@type":"ListItem","position":1,"name":"Home","item":"https:\/\/staging.cdsboutique.com\/en\/"},{"@type":"ListItem","position":2,"name":"Products","item":"https:\/\/staging.cdsboutique.com\/en\/products\/"},{"@type":"ListItem","position":3,"name":"Gel Floor Tile &#8211; 50 cm"}]},{"@type":"WebSite","@id":"https:\/\/staging.cdsboutique.com\/#website","url":"https:\/\/staging.cdsboutique.com\/","name":"CDS boutique A\u00een\u00e9s","description":"Pour une meilleure qualit\u00e9 de vie","publisher":{"@id":"https:\/\/staging.cdsboutique.com\/#organization"},"potentialAction":[{"@type":"SearchAction","target":{"@type":"EntryPoint","urlTemplate":"https:\/\/staging.cdsboutique.com\/?s={search_term_string}"},"query-input":{"@type":"PropertyValueSpecification","valueRequired":true,"valueName":"search_term_string"}}],"inLanguage":"en-US"},{"@type":"Organization","@id":"https:\/\/staging.cdsboutique.com\/#organization","name":"CDS Boutique","url":"https:\/\/staging.cdsboutique.com\/","logo":{"@type":"ImageObject","inLanguage":"en-US","@id":"https:\/\/staging.cdsboutique.com\/#\/schema\/logo\/image\/","url":"https:\/\/staging.cdsboutique.com\/wp-content\/uploads\/2024\/09\/logoCDS-Boutique_final2024.jpg","contentUrl":"https:\/\/staging.cdsboutique.com\/wp-content\/uploads\/2024\/09\/logoCDS-Boutique_final2024.jpg","width":900,"height":600,"caption":"CDS Boutique"},"image":{"@id":"https:\/\/staging.cdsboutique.com\/#\/schema\/logo\/image\/"},"sameAs":["https:\/\/www.facebook.com\/CDSBoutique.Aines.Seniors","https:\/\/www.youtube.com\/@cdsboutique4046","https:\/\/www.linkedin.com\/company\/cds-boutique\/","https:\/\/www.instagram.com\/cdsboutique\/"]}]}},"_links":{"self":[{"href":"https:\/\/staging.cdsboutique.com\/en\/wp-json\/wp\/v2\/product\/39476","targetHints":{"allow":["GET"]}}],"collection":[{"href":"https:\/\/staging.cdsboutique.com\/en\/wp-json\/wp\/v2\/product"}],"about":[{"href":"https:\/\/staging.cdsboutique.com\/en\/wp-json\/wp\/v2\/types\/product"}],"replies":[{"embeddable":true,"href":"https:\/\/staging.cdsboutique.com\/en\/wp-json\/wp\/v2\/comments?post=39476"}],"wp:featuredmedia":[{"embeddable":true,"href":"https:\/\/staging.cdsboutique.com\/en\/wp-json\/wp\/v2\/media\/72122"}],"wp:attachment":[{"href":"https:\/\/staging.cdsboutique.com\/en\/wp-json\/wp\/v2\/media?parent=39476"}],"wp:term":[{"taxonomy":"product_brand","embeddable":true,"href":"https:\/\/staging.cdsboutique.com\/en\/wp-json\/wp\/v2\/product_brand?post=39476"},{"taxonomy":"product_cat","embeddable":true,"href":"https:\/\/staging.cdsboutique.com\/en\/wp-json\/wp\/v2\/product_cat?post=39476"},{"taxonomy":"product_tag","embeddable":true,"href":"https:\/\/staging.cdsboutique.com\/en\/wp-json\/wp\/v2\/product_tag?post=39476"}],"curies":[{"name":"wp","href":"https:\/\/api.w.org\/{rel}","templated":true}]}}