{"id":40298,"date":"2021-06-09T17:22:53","date_gmt":"2021-06-09T21:22:53","guid":{"rendered":"https:\/\/cdsboutique.com\/produit\/omnikin-soccer-balls\/"},"modified":"2025-10-21T10:16:52","modified_gmt":"2025-10-21T14:16:52","slug":"omnikin-soccer-balls","status":"publish","type":"product","link":"https:\/\/staging.cdsboutique.com\/en\/produit\/omnikin-soccer-balls\/","title":{"rendered":"Omnikin Soccer Balls"},"content":{"rendered":"<p><strong>Omnikin is way more than a ball, it is a group approach\u2026 and it is Canadian!<\/strong><\/p>\n<p>OMNIKIN\u00ae Soccer is oversized, soft, and lightweight, the cover is 100% nylon \u00abhigh tenacity\u00bb. This ball is perfect for learning soccer since the ball is light, safe, easy to kick, and fully resistant.<\/p>\n<p>You throw it, bounce it, hit it with your hands or feet, you always know what to do with it. It feels so natural.<\/p>\n<p>Details:<\/p>\n<ul>\n<li>Size : 14&#8243; (0,36m)<\/li>\n<li>Weight : 0,71lb (0,32kg)<\/li>\n<li>Includes two bladders, the second bladder included in the packaging is the warranty for the first bladder.<\/li>\n<li>Two-year warranty for the fabric cover.<\/li>\n<li><strong>ULTRA light +\u00a0<\/strong><strong>ULTRA safe +\u00a0<\/strong><strong>ULTRA stimulating!\u00a0<\/strong>+\u00a0<strong>ULTRA resistant!<\/strong><\/li>\n<\/ul>\n<p>OMNIKIN\u00ae, a company founded in 1984, has given itself the mission to encourage people to do regular physical activities with the help of recreational products and cooperative games. Their KIN-BALL\u00ae is used by children and adults alike everywhere in North America, along with other adaptable games using different colorful balls. These balls can be used inside, outside, in the snow, and even in a swimming pool.<\/p>\n<p><strong>CDS Boutique is proud to distribute high-quality Canadian products.<\/strong><\/p>\n","protected":false},"excerpt":{"rendered":"<p>Omnikin is way more than a ball, it is a group approach\u2026 and it is Canadian! OMNIKIN\u00ae Soccer is oversized, soft, and lightweight, the cover is 100% nylon \u00abhigh tenacity\u00bb. This ball is perfect for learning soccer since the ball is light, safe, easy to kick, and fully resistant. You throw it, bounce it, hit [&hellip;]<\/p>\n","protected":false},"featured_media":39947,"comment_status":"open","ping_status":"closed","template":"","meta":{"_acf_changed":false},"product_brand":[],"product_cat":[4736,4401,2811,4419],"product_tag":[],"class_list":{"0":"post-40298","1":"product","2":"type-product","3":"status-publish","4":"has-post-thumbnail","6":"product_cat-active-games","7":"product_cat-all","8":"product_cat-balls-active-games","9":"product_cat-omnikin","10":"product_shipping_class-frais-de-livraison-en","11":"pa_age-de-4222","12":"pa_habiletes-gross-motor-skills","14":"first","15":"instock","16":"taxable","17":"shipping-taxable","18":"purchasable","19":"product-type-simple"},"bundled_by":[],"bundle_stock_status":"instock","bundle_stock_quantity":null,"bundle_virtual":false,"bundle_layout":"","bundle_add_to_cart_form_location":"","bundle_editable_in_cart":false,"bundle_sold_individually_context":"","bundle_item_grouping":"","bundle_min_size":"","bundle_max_size":"","bundle_price":[],"bundled_items":[],"bundle_sell_ids":[],"acf":[],"featured_image_urls_v2":{"full":["https:\/\/staging.cdsboutique.com\/wp-content\/uploads\/2021\/06\/3176.jpg",456,625,false],"thumbnail":["https:\/\/staging.cdsboutique.com\/wp-content\/uploads\/2021\/06\/3176-150x150.jpg",150,150,true],"medium":["https:\/\/staging.cdsboutique.com\/wp-content\/uploads\/2021\/06\/3176-219x300.jpg",219,300,true],"medium_large":["https:\/\/staging.cdsboutique.com\/wp-content\/uploads\/2021\/06\/3176.jpg",456,625,false],"large":["https:\/\/staging.cdsboutique.com\/wp-content\/uploads\/2021\/06\/3176.jpg",456,625,false],"1536x1536":["https:\/\/staging.cdsboutique.com\/wp-content\/uploads\/2021\/06\/3176.jpg",456,625,false],"2048x2048":["https:\/\/staging.cdsboutique.com\/wp-content\/uploads\/2021\/06\/3176.jpg",456,625,false],"gform-image-choice-sm":["https:\/\/staging.cdsboutique.com\/wp-content\/uploads\/2021\/06\/3176.jpg",219,300,false],"gform-image-choice-md":["https:\/\/staging.cdsboutique.com\/wp-content\/uploads\/2021\/06\/3176.jpg",292,400,false],"gform-image-choice-lg":["https:\/\/staging.cdsboutique.com\/wp-content\/uploads\/2021\/06\/3176.jpg",438,600,false],"woocommerce_thumbnail":["https:\/\/staging.cdsboutique.com\/wp-content\/uploads\/2021\/06\/3176-300x411.jpg",300,411,true],"woocommerce_single":["https:\/\/staging.cdsboutique.com\/wp-content\/uploads\/2021\/06\/3176.jpg",456,625,false],"woocommerce_gallery_thumbnail":["https:\/\/staging.cdsboutique.com\/wp-content\/uploads\/2021\/06\/3176-100x100.jpg",100,100,true],"variation_swatches_image_size":["https:\/\/staging.cdsboutique.com\/wp-content\/uploads\/2021\/06\/3176.jpg",36,50,false],"variation_swatches_tooltip_size":["https:\/\/staging.cdsboutique.com\/wp-content\/uploads\/2021\/06\/3176.jpg",73,100,false],"logo-size":["https:\/\/staging.cdsboutique.com\/wp-content\/uploads\/2021\/06\/3176-61x84.jpg",61,84,true],"blog":["https:\/\/staging.cdsboutique.com\/wp-content\/uploads\/2021\/06\/3176-350x260.jpg",350,260,true]},"post_excerpt_stackable_v2":"<p>Omnikin is way more than a ball, it is a group approach\u2026 and it is Canadian! OMNIKIN\u00ae Soccer is oversized, soft, and lightweight, the cover is 100% nylon \u00abhigh tenacity\u00bb. This ball is perfect for learning soccer since the ball is light, safe, easy to kick, and fully resistant. You throw it, bounce it, hit it with your hands or feet, you always know what to do with it. It feels so natural. Details: Size : 14&#8243; (0,36m) Weight : 0,71lb (0,32kg) Includes two bladders, the second bladder included in the packaging is the warranty for the first bladder. Two-year&hellip;<\/p>\n","category_list_v2":"","author_info_v2":{"name":"","url":""},"comments_num_v2":"0 comments","yoast_head":"<!-- This site is optimized with the Yoast SEO plugin v27.4 - https:\/\/yoast.com\/product\/yoast-seo-wordpress\/ -->\n<title>Omnikin Soccer Balls - CDS boutique A\u00een\u00e9s<\/title>\n<meta name=\"description\" content=\"Omnikin is way more than a ball, it is a group approach\u2026 and it is Canadian!\" \/>\n<meta name=\"robots\" content=\"noindex, follow, max-snippet:-1, max-image-preview:large, max-video-preview:-1\" \/>\n<meta property=\"og:locale\" content=\"en_US\" \/>\n<meta property=\"og:type\" content=\"article\" \/>\n<meta property=\"og:title\" content=\"Omnikin Soccer Balls - CDS boutique A\u00een\u00e9s\" \/>\n<meta property=\"og:description\" content=\"Omnikin is way more than a ball, it is a group approach\u2026 and it is Canadian!\" \/>\n<meta property=\"og:url\" content=\"https:\/\/staging.cdsboutique.com\/en\/product\/omnikin-soccer-balls\/\" \/>\n<meta property=\"og:site_name\" content=\"CDS boutique A\u00een\u00e9s\" \/>\n<meta property=\"article:publisher\" content=\"https:\/\/www.facebook.com\/CDSBoutique.Aines.Seniors\" \/>\n<meta property=\"article:modified_time\" content=\"2025-10-21T14:16:52+00:00\" \/>\n<meta property=\"og:image\" content=\"https:\/\/staging.cdsboutique.com\/wp-content\/uploads\/2021\/06\/3176.jpg?_t=1761056212\" \/>\n\t<meta property=\"og:image:width\" content=\"456\" \/>\n\t<meta property=\"og:image:height\" content=\"625\" \/>\n\t<meta property=\"og:image:type\" content=\"image\/jpeg\" \/>\n<meta name=\"twitter:card\" content=\"summary_large_image\" \/>\n<meta name=\"twitter:label1\" content=\"Est. reading time\" \/>\n\t<meta name=\"twitter:data1\" content=\"1 minute\" \/>\n<script type=\"application\/ld+json\" class=\"yoast-schema-graph\">{\"@context\":\"https:\\\/\\\/schema.org\",\"@graph\":[{\"@type\":\"WebPage\",\"@id\":\"https:\\\/\\\/staging.cdsboutique.com\\\/en\\\/product\\\/omnikin-soccer-balls\\\/\",\"url\":\"https:\\\/\\\/staging.cdsboutique.com\\\/en\\\/product\\\/omnikin-soccer-balls\\\/\",\"name\":\"Omnikin Soccer Balls - CDS boutique A\u00een\u00e9s\",\"isPartOf\":{\"@id\":\"https:\\\/\\\/staging.cdsboutique.com\\\/#website\"},\"primaryImageOfPage\":{\"@id\":\"https:\\\/\\\/staging.cdsboutique.com\\\/en\\\/product\\\/omnikin-soccer-balls\\\/#primaryimage\"},\"image\":{\"@id\":\"https:\\\/\\\/staging.cdsboutique.com\\\/en\\\/product\\\/omnikin-soccer-balls\\\/#primaryimage\"},\"thumbnailUrl\":\"https:\\\/\\\/staging.cdsboutique.com\\\/wp-content\\\/uploads\\\/2021\\\/06\\\/3176.jpg\",\"datePublished\":\"2021-06-09T21:22:53+00:00\",\"dateModified\":\"2025-10-21T14:16:52+00:00\",\"description\":\"Omnikin is way more than a ball, it is a group approach\u2026 and it is Canadian!\",\"breadcrumb\":{\"@id\":\"https:\\\/\\\/staging.cdsboutique.com\\\/en\\\/product\\\/omnikin-soccer-balls\\\/#breadcrumb\"},\"inLanguage\":\"en-US\",\"potentialAction\":[{\"@type\":\"ReadAction\",\"target\":[\"https:\\\/\\\/staging.cdsboutique.com\\\/en\\\/product\\\/omnikin-soccer-balls\\\/\"]}]},{\"@type\":\"ImageObject\",\"inLanguage\":\"en-US\",\"@id\":\"https:\\\/\\\/staging.cdsboutique.com\\\/en\\\/product\\\/omnikin-soccer-balls\\\/#primaryimage\",\"url\":\"https:\\\/\\\/staging.cdsboutique.com\\\/wp-content\\\/uploads\\\/2021\\\/06\\\/3176.jpg\",\"contentUrl\":\"https:\\\/\\\/staging.cdsboutique.com\\\/wp-content\\\/uploads\\\/2021\\\/06\\\/3176.jpg\",\"width\":456,\"height\":625},{\"@type\":\"BreadcrumbList\",\"@id\":\"https:\\\/\\\/staging.cdsboutique.com\\\/en\\\/product\\\/omnikin-soccer-balls\\\/#breadcrumb\",\"itemListElement\":[{\"@type\":\"ListItem\",\"position\":1,\"name\":\"Home\",\"item\":\"https:\\\/\\\/staging.cdsboutique.com\\\/en\\\/\"},{\"@type\":\"ListItem\",\"position\":2,\"name\":\"Products\",\"item\":\"https:\\\/\\\/staging.cdsboutique.com\\\/en\\\/products\\\/\"},{\"@type\":\"ListItem\",\"position\":3,\"name\":\"Omnikin Soccer Balls\"}]},{\"@type\":\"WebSite\",\"@id\":\"https:\\\/\\\/staging.cdsboutique.com\\\/#website\",\"url\":\"https:\\\/\\\/staging.cdsboutique.com\\\/\",\"name\":\"CDS boutique A\u00een\u00e9s\",\"description\":\"Pour une meilleure qualit\u00e9 de vie\",\"publisher\":{\"@id\":\"https:\\\/\\\/staging.cdsboutique.com\\\/#organization\"},\"potentialAction\":[{\"@type\":\"SearchAction\",\"target\":{\"@type\":\"EntryPoint\",\"urlTemplate\":\"https:\\\/\\\/staging.cdsboutique.com\\\/?s={search_term_string}\"},\"query-input\":{\"@type\":\"PropertyValueSpecification\",\"valueRequired\":true,\"valueName\":\"search_term_string\"}}],\"inLanguage\":\"en-US\"},{\"@type\":\"Organization\",\"@id\":\"https:\\\/\\\/staging.cdsboutique.com\\\/#organization\",\"name\":\"CDS Boutique\",\"url\":\"https:\\\/\\\/staging.cdsboutique.com\\\/\",\"logo\":{\"@type\":\"ImageObject\",\"inLanguage\":\"en-US\",\"@id\":\"https:\\\/\\\/staging.cdsboutique.com\\\/#\\\/schema\\\/logo\\\/image\\\/\",\"url\":\"https:\\\/\\\/staging.cdsboutique.com\\\/wp-content\\\/uploads\\\/2024\\\/09\\\/logoCDS-Boutique_final2024.jpg\",\"contentUrl\":\"https:\\\/\\\/staging.cdsboutique.com\\\/wp-content\\\/uploads\\\/2024\\\/09\\\/logoCDS-Boutique_final2024.jpg\",\"width\":900,\"height\":600,\"caption\":\"CDS Boutique\"},\"image\":{\"@id\":\"https:\\\/\\\/staging.cdsboutique.com\\\/#\\\/schema\\\/logo\\\/image\\\/\"},\"sameAs\":[\"https:\\\/\\\/www.facebook.com\\\/CDSBoutique.Aines.Seniors\",\"https:\\\/\\\/www.youtube.com\\\/@cdsboutique4046\",\"https:\\\/\\\/www.linkedin.com\\\/company\\\/cds-boutique\\\/\",\"https:\\\/\\\/www.instagram.com\\\/cdsboutique\\\/\"]}]}<\/script>\n<!-- \/ Yoast SEO plugin. -->","yoast_head_json":{"title":"Omnikin Soccer Balls - CDS boutique A\u00een\u00e9s","description":"Omnikin is way more than a ball, it is a group approach\u2026 and it is Canadian!","robots":{"index":"noindex","follow":"follow","max-snippet":"max-snippet:-1","max-image-preview":"max-image-preview:large","max-video-preview":"max-video-preview:-1"},"og_locale":"en_US","og_type":"article","og_title":"Omnikin Soccer Balls - CDS boutique A\u00een\u00e9s","og_description":"Omnikin is way more than a ball, it is a group approach\u2026 and it is Canadian!","og_url":"https:\/\/staging.cdsboutique.com\/en\/product\/omnikin-soccer-balls\/","og_site_name":"CDS boutique A\u00een\u00e9s","article_publisher":"https:\/\/www.facebook.com\/CDSBoutique.Aines.Seniors","article_modified_time":"2025-10-21T14:16:52+00:00","og_image":[{"width":456,"height":625,"url":"https:\/\/staging.cdsboutique.com\/wp-content\/uploads\/2021\/06\/3176.jpg?_t=1761056212","type":"image\/jpeg"}],"twitter_card":"summary_large_image","twitter_misc":{"Est. reading time":"1 minute"},"schema":{"@context":"https:\/\/schema.org","@graph":[{"@type":"WebPage","@id":"https:\/\/staging.cdsboutique.com\/en\/product\/omnikin-soccer-balls\/","url":"https:\/\/staging.cdsboutique.com\/en\/product\/omnikin-soccer-balls\/","name":"Omnikin Soccer Balls - CDS boutique A\u00een\u00e9s","isPartOf":{"@id":"https:\/\/staging.cdsboutique.com\/#website"},"primaryImageOfPage":{"@id":"https:\/\/staging.cdsboutique.com\/en\/product\/omnikin-soccer-balls\/#primaryimage"},"image":{"@id":"https:\/\/staging.cdsboutique.com\/en\/product\/omnikin-soccer-balls\/#primaryimage"},"thumbnailUrl":"https:\/\/staging.cdsboutique.com\/wp-content\/uploads\/2021\/06\/3176.jpg","datePublished":"2021-06-09T21:22:53+00:00","dateModified":"2025-10-21T14:16:52+00:00","description":"Omnikin is way more than a ball, it is a group approach\u2026 and it is Canadian!","breadcrumb":{"@id":"https:\/\/staging.cdsboutique.com\/en\/product\/omnikin-soccer-balls\/#breadcrumb"},"inLanguage":"en-US","potentialAction":[{"@type":"ReadAction","target":["https:\/\/staging.cdsboutique.com\/en\/product\/omnikin-soccer-balls\/"]}]},{"@type":"ImageObject","inLanguage":"en-US","@id":"https:\/\/staging.cdsboutique.com\/en\/product\/omnikin-soccer-balls\/#primaryimage","url":"https:\/\/staging.cdsboutique.com\/wp-content\/uploads\/2021\/06\/3176.jpg","contentUrl":"https:\/\/staging.cdsboutique.com\/wp-content\/uploads\/2021\/06\/3176.jpg","width":456,"height":625},{"@type":"BreadcrumbList","@id":"https:\/\/staging.cdsboutique.com\/en\/product\/omnikin-soccer-balls\/#breadcrumb","itemListElement":[{"@type":"ListItem","position":1,"name":"Home","item":"https:\/\/staging.cdsboutique.com\/en\/"},{"@type":"ListItem","position":2,"name":"Products","item":"https:\/\/staging.cdsboutique.com\/en\/products\/"},{"@type":"ListItem","position":3,"name":"Omnikin Soccer Balls"}]},{"@type":"WebSite","@id":"https:\/\/staging.cdsboutique.com\/#website","url":"https:\/\/staging.cdsboutique.com\/","name":"CDS boutique A\u00een\u00e9s","description":"Pour une meilleure qualit\u00e9 de vie","publisher":{"@id":"https:\/\/staging.cdsboutique.com\/#organization"},"potentialAction":[{"@type":"SearchAction","target":{"@type":"EntryPoint","urlTemplate":"https:\/\/staging.cdsboutique.com\/?s={search_term_string}"},"query-input":{"@type":"PropertyValueSpecification","valueRequired":true,"valueName":"search_term_string"}}],"inLanguage":"en-US"},{"@type":"Organization","@id":"https:\/\/staging.cdsboutique.com\/#organization","name":"CDS Boutique","url":"https:\/\/staging.cdsboutique.com\/","logo":{"@type":"ImageObject","inLanguage":"en-US","@id":"https:\/\/staging.cdsboutique.com\/#\/schema\/logo\/image\/","url":"https:\/\/staging.cdsboutique.com\/wp-content\/uploads\/2024\/09\/logoCDS-Boutique_final2024.jpg","contentUrl":"https:\/\/staging.cdsboutique.com\/wp-content\/uploads\/2024\/09\/logoCDS-Boutique_final2024.jpg","width":900,"height":600,"caption":"CDS Boutique"},"image":{"@id":"https:\/\/staging.cdsboutique.com\/#\/schema\/logo\/image\/"},"sameAs":["https:\/\/www.facebook.com\/CDSBoutique.Aines.Seniors","https:\/\/www.youtube.com\/@cdsboutique4046","https:\/\/www.linkedin.com\/company\/cds-boutique\/","https:\/\/www.instagram.com\/cdsboutique\/"]}]}},"_links":{"self":[{"href":"https:\/\/staging.cdsboutique.com\/en\/wp-json\/wp\/v2\/product\/40298","targetHints":{"allow":["GET"]}}],"collection":[{"href":"https:\/\/staging.cdsboutique.com\/en\/wp-json\/wp\/v2\/product"}],"about":[{"href":"https:\/\/staging.cdsboutique.com\/en\/wp-json\/wp\/v2\/types\/product"}],"replies":[{"embeddable":true,"href":"https:\/\/staging.cdsboutique.com\/en\/wp-json\/wp\/v2\/comments?post=40298"}],"wp:featuredmedia":[{"embeddable":true,"href":"https:\/\/staging.cdsboutique.com\/en\/wp-json\/wp\/v2\/media\/39947"}],"wp:attachment":[{"href":"https:\/\/staging.cdsboutique.com\/en\/wp-json\/wp\/v2\/media?parent=40298"}],"wp:term":[{"taxonomy":"product_brand","embeddable":true,"href":"https:\/\/staging.cdsboutique.com\/en\/wp-json\/wp\/v2\/product_brand?post=40298"},{"taxonomy":"product_cat","embeddable":true,"href":"https:\/\/staging.cdsboutique.com\/en\/wp-json\/wp\/v2\/product_cat?post=40298"},{"taxonomy":"product_tag","embeddable":true,"href":"https:\/\/staging.cdsboutique.com\/en\/wp-json\/wp\/v2\/product_tag?post=40298"}],"curies":[{"name":"wp","href":"https:\/\/api.w.org\/{rel}","templated":true}]}}