{"id":40481,"date":"2021-07-26T10:36:46","date_gmt":"2021-07-26T14:36:46","guid":{"rendered":"https:\/\/cdsboutique.com\/produit\/favourite-things-autumn-collection\/"},"modified":"2023-09-28T12:19:09","modified_gmt":"2023-09-28T16:19:09","slug":"favourite-things-autumn-collection","status":"publish","type":"product","link":"https:\/\/staging.cdsboutique.com\/en\/produit\/favourite-things-autumn-collection\/","title":{"rendered":"Favourite Things \u2013 Autumn Collection"},"content":{"rendered":"<p>Includes the following autumn related themes: Harvest, Fall Colors, Back to School and Preserving.<\/p>\n<p>Favourite Things is a series of DVDs created to provide comfort to those with dementia, and inspire conversation through reminiscence. Remembering their favourite things in life help them form connections with both the past and the people that are close to them.<\/p>\n<p>The DVDs\u2019 beautiful images are an eye pleaser, and happy background music brings joy to all watchers.<\/p>\n<p>The complimentary Photo Cards present the same categories as the DVDs, and provide opportunities for activities and conversations. They\u2019re high quality, water resistant and measure 3.5 x 5.75\u2019\u2019.<\/p>\n<p>Each set includes 48 double sided photo cards and 8 companion cards, housed in a coloured plastic snap case.\u00a0A complete reminiscence therapy!<\/p>\n<p><strong>SAVE !<\/strong> by buying the Kit including DVD with photo cards #15044Z<\/p>\n<p>DVD only # 15044A<\/p>\n<p>Photo Cards only # 15044B<\/p>\n","protected":false},"excerpt":{"rendered":"<p>Includes the following autumn related themes: Harvest, Fall Colors, Back to School and Preserving. Favourite Things is a series of DVDs created to provide comfort to those with dementia, and inspire conversation through reminiscence. Remembering their favourite things in life help them form connections with both the past and the people that are close to [&hellip;]<\/p>\n","protected":false},"featured_media":40473,"comment_status":"open","ping_status":"closed","template":"","meta":{"_acf_changed":false},"product_brand":[],"product_cat":[4401],"product_tag":[],"class_list":{"0":"post-40481","1":"product","2":"type-product","3":"status-publish","4":"has-post-thumbnail","6":"product_cat-all","7":"product_shipping_class-frais-de-livraison-en","8":"pa_options-cards-only","9":"pa_options-dvd","10":"pa_options-dvd-and-cards","12":"first","13":"instock","14":"taxable","15":"shipping-taxable","16":"purchasable","17":"product-type-variable"},"bundled_by":[],"bundle_stock_status":"instock","bundle_stock_quantity":null,"bundle_virtual":false,"bundle_layout":"","bundle_add_to_cart_form_location":"","bundle_editable_in_cart":false,"bundle_sold_individually_context":"","bundle_item_grouping":"","bundle_min_size":"","bundle_max_size":"","bundle_price":[],"bundled_items":[],"bundle_sell_ids":[],"acf":[],"featured_image_urls_v2":{"full":["https:\/\/staging.cdsboutique.com\/wp-content\/uploads\/2021\/07\/Autumn_1024x1024@2x.png",525,437,false],"thumbnail":["https:\/\/staging.cdsboutique.com\/wp-content\/uploads\/2021\/07\/Autumn_1024x1024@2x-150x150.png",150,150,true],"medium":["https:\/\/staging.cdsboutique.com\/wp-content\/uploads\/2021\/07\/Autumn_1024x1024@2x-300x250.png",300,250,true],"medium_large":["https:\/\/staging.cdsboutique.com\/wp-content\/uploads\/2021\/07\/Autumn_1024x1024@2x.png",525,437,false],"large":["https:\/\/staging.cdsboutique.com\/wp-content\/uploads\/2021\/07\/Autumn_1024x1024@2x.png",525,437,false],"1536x1536":["https:\/\/staging.cdsboutique.com\/wp-content\/uploads\/2021\/07\/Autumn_1024x1024@2x.png",525,437,false],"2048x2048":["https:\/\/staging.cdsboutique.com\/wp-content\/uploads\/2021\/07\/Autumn_1024x1024@2x.png",525,437,false],"gform-image-choice-sm":["https:\/\/staging.cdsboutique.com\/wp-content\/uploads\/2021\/07\/Autumn_1024x1024@2x.png",300,250,false],"gform-image-choice-md":["https:\/\/staging.cdsboutique.com\/wp-content\/uploads\/2021\/07\/Autumn_1024x1024@2x.png",400,333,false],"gform-image-choice-lg":["https:\/\/staging.cdsboutique.com\/wp-content\/uploads\/2021\/07\/Autumn_1024x1024@2x.png",525,437,false],"woocommerce_thumbnail":["https:\/\/staging.cdsboutique.com\/wp-content\/uploads\/2021\/07\/Autumn_1024x1024@2x-300x250.png",300,250,true],"woocommerce_single":["https:\/\/staging.cdsboutique.com\/wp-content\/uploads\/2021\/07\/Autumn_1024x1024@2x.png",525,437,false],"woocommerce_gallery_thumbnail":["https:\/\/staging.cdsboutique.com\/wp-content\/uploads\/2021\/07\/Autumn_1024x1024@2x-100x100.png",100,100,true],"variation_swatches_image_size":["https:\/\/staging.cdsboutique.com\/wp-content\/uploads\/2021\/07\/Autumn_1024x1024@2x.png",50,42,false],"variation_swatches_tooltip_size":["https:\/\/staging.cdsboutique.com\/wp-content\/uploads\/2021\/07\/Autumn_1024x1024@2x.png",100,83,false],"logo-size":["https:\/\/staging.cdsboutique.com\/wp-content\/uploads\/2021\/07\/Autumn_1024x1024@2x-101x84.png",101,84,true],"blog":["https:\/\/staging.cdsboutique.com\/wp-content\/uploads\/2021\/07\/Autumn_1024x1024@2x-350x260.png",350,260,true]},"post_excerpt_stackable_v2":"<p>Includes the following autumn related themes: Harvest, Fall Colors, Back to School and Preserving. Favourite Things is a series of DVDs created to provide comfort to those with dementia, and inspire conversation through reminiscence. Remembering their favourite things in life help them form connections with both the past and the people that are close to them. The DVDs\u2019 beautiful images are an eye pleaser, and happy background music brings joy to all watchers. The complimentary Photo Cards present the same categories as the DVDs, and provide opportunities for activities and conversations. They\u2019re high quality, water resistant and measure 3.5 x&hellip;<\/p>\n","category_list_v2":"","author_info_v2":{"name":"","url":""},"comments_num_v2":"0 comments","yoast_head":"<!-- This site is optimized with the Yoast SEO plugin v27.4 - https:\/\/yoast.com\/product\/yoast-seo-wordpress\/ -->\n<title>Favourite Things \u2013 Autumn Collection - CDS boutique A\u00een\u00e9s<\/title>\n<meta name=\"robots\" content=\"noindex, follow, max-snippet:-1, max-image-preview:large, max-video-preview:-1\" \/>\n<meta property=\"og:locale\" content=\"en_US\" \/>\n<meta property=\"og:type\" content=\"article\" \/>\n<meta property=\"og:title\" content=\"Favourite Things \u2013 Autumn Collection - CDS boutique A\u00een\u00e9s\" \/>\n<meta property=\"og:description\" content=\"Includes the following autumn related themes: Harvest, Fall Colors, Back to School and Preserving. Favourite Things is a series of DVDs created to provide comfort to those with dementia, and inspire conversation through reminiscence. Remembering their favourite things in life help them form connections with both the past and the people that are close to [&hellip;]\" \/>\n<meta property=\"og:url\" content=\"https:\/\/staging.cdsboutique.com\/en\/product\/favourite-things-autumn-collection\/\" \/>\n<meta property=\"og:site_name\" content=\"CDS boutique A\u00een\u00e9s\" \/>\n<meta property=\"article:publisher\" content=\"https:\/\/www.facebook.com\/CDSBoutique.Aines.Seniors\" \/>\n<meta property=\"article:modified_time\" content=\"2023-09-28T16:19:09+00:00\" \/>\n<meta property=\"og:image\" content=\"https:\/\/staging.cdsboutique.com\/wp-content\/uploads\/2021\/07\/Autumn_1024x1024@2x.png?_t=1695917950\" \/>\n\t<meta property=\"og:image:width\" content=\"525\" \/>\n\t<meta property=\"og:image:height\" content=\"437\" \/>\n\t<meta property=\"og:image:type\" content=\"image\/png\" \/>\n<meta name=\"twitter:card\" content=\"summary_large_image\" \/>\n<meta name=\"twitter:label1\" content=\"Est. reading time\" \/>\n\t<meta name=\"twitter:data1\" content=\"1 minute\" \/>\n<script type=\"application\/ld+json\" class=\"yoast-schema-graph\">{\"@context\":\"https:\\\/\\\/schema.org\",\"@graph\":[{\"@type\":\"WebPage\",\"@id\":\"https:\\\/\\\/staging.cdsboutique.com\\\/en\\\/product\\\/favourite-things-autumn-collection\\\/\",\"url\":\"https:\\\/\\\/staging.cdsboutique.com\\\/en\\\/product\\\/favourite-things-autumn-collection\\\/\",\"name\":\"Favourite Things \u2013 Autumn Collection - CDS boutique A\u00een\u00e9s\",\"isPartOf\":{\"@id\":\"https:\\\/\\\/staging.cdsboutique.com\\\/#website\"},\"primaryImageOfPage\":{\"@id\":\"https:\\\/\\\/staging.cdsboutique.com\\\/en\\\/product\\\/favourite-things-autumn-collection\\\/#primaryimage\"},\"image\":{\"@id\":\"https:\\\/\\\/staging.cdsboutique.com\\\/en\\\/product\\\/favourite-things-autumn-collection\\\/#primaryimage\"},\"thumbnailUrl\":\"https:\\\/\\\/staging.cdsboutique.com\\\/wp-content\\\/uploads\\\/2021\\\/07\\\/Autumn_1024x1024@2x.png\",\"datePublished\":\"2021-07-26T14:36:46+00:00\",\"dateModified\":\"2023-09-28T16:19:09+00:00\",\"breadcrumb\":{\"@id\":\"https:\\\/\\\/staging.cdsboutique.com\\\/en\\\/product\\\/favourite-things-autumn-collection\\\/#breadcrumb\"},\"inLanguage\":\"en-US\",\"potentialAction\":[{\"@type\":\"ReadAction\",\"target\":[\"https:\\\/\\\/staging.cdsboutique.com\\\/en\\\/product\\\/favourite-things-autumn-collection\\\/\"]}]},{\"@type\":\"ImageObject\",\"inLanguage\":\"en-US\",\"@id\":\"https:\\\/\\\/staging.cdsboutique.com\\\/en\\\/product\\\/favourite-things-autumn-collection\\\/#primaryimage\",\"url\":\"https:\\\/\\\/staging.cdsboutique.com\\\/wp-content\\\/uploads\\\/2021\\\/07\\\/Autumn_1024x1024@2x.png\",\"contentUrl\":\"https:\\\/\\\/staging.cdsboutique.com\\\/wp-content\\\/uploads\\\/2021\\\/07\\\/Autumn_1024x1024@2x.png\",\"width\":525,\"height\":437},{\"@type\":\"BreadcrumbList\",\"@id\":\"https:\\\/\\\/staging.cdsboutique.com\\\/en\\\/product\\\/favourite-things-autumn-collection\\\/#breadcrumb\",\"itemListElement\":[{\"@type\":\"ListItem\",\"position\":1,\"name\":\"Home\",\"item\":\"https:\\\/\\\/staging.cdsboutique.com\\\/en\\\/\"},{\"@type\":\"ListItem\",\"position\":2,\"name\":\"Products\",\"item\":\"https:\\\/\\\/staging.cdsboutique.com\\\/en\\\/products\\\/\"},{\"@type\":\"ListItem\",\"position\":3,\"name\":\"Favourite Things \u2013 Autumn Collection\"}]},{\"@type\":\"WebSite\",\"@id\":\"https:\\\/\\\/staging.cdsboutique.com\\\/#website\",\"url\":\"https:\\\/\\\/staging.cdsboutique.com\\\/\",\"name\":\"CDS boutique A\u00een\u00e9s\",\"description\":\"Pour une meilleure qualit\u00e9 de vie\",\"publisher\":{\"@id\":\"https:\\\/\\\/staging.cdsboutique.com\\\/#organization\"},\"potentialAction\":[{\"@type\":\"SearchAction\",\"target\":{\"@type\":\"EntryPoint\",\"urlTemplate\":\"https:\\\/\\\/staging.cdsboutique.com\\\/?s={search_term_string}\"},\"query-input\":{\"@type\":\"PropertyValueSpecification\",\"valueRequired\":true,\"valueName\":\"search_term_string\"}}],\"inLanguage\":\"en-US\"},{\"@type\":\"Organization\",\"@id\":\"https:\\\/\\\/staging.cdsboutique.com\\\/#organization\",\"name\":\"CDS Boutique\",\"url\":\"https:\\\/\\\/staging.cdsboutique.com\\\/\",\"logo\":{\"@type\":\"ImageObject\",\"inLanguage\":\"en-US\",\"@id\":\"https:\\\/\\\/staging.cdsboutique.com\\\/#\\\/schema\\\/logo\\\/image\\\/\",\"url\":\"https:\\\/\\\/staging.cdsboutique.com\\\/wp-content\\\/uploads\\\/2024\\\/09\\\/logoCDS-Boutique_final2024.jpg\",\"contentUrl\":\"https:\\\/\\\/staging.cdsboutique.com\\\/wp-content\\\/uploads\\\/2024\\\/09\\\/logoCDS-Boutique_final2024.jpg\",\"width\":900,\"height\":600,\"caption\":\"CDS Boutique\"},\"image\":{\"@id\":\"https:\\\/\\\/staging.cdsboutique.com\\\/#\\\/schema\\\/logo\\\/image\\\/\"},\"sameAs\":[\"https:\\\/\\\/www.facebook.com\\\/CDSBoutique.Aines.Seniors\",\"https:\\\/\\\/www.youtube.com\\\/@cdsboutique4046\",\"https:\\\/\\\/www.linkedin.com\\\/company\\\/cds-boutique\\\/\",\"https:\\\/\\\/www.instagram.com\\\/cdsboutique\\\/\"]}]}<\/script>\n<!-- \/ Yoast SEO plugin. -->","yoast_head_json":{"title":"Favourite Things \u2013 Autumn Collection - CDS boutique A\u00een\u00e9s","robots":{"index":"noindex","follow":"follow","max-snippet":"max-snippet:-1","max-image-preview":"max-image-preview:large","max-video-preview":"max-video-preview:-1"},"og_locale":"en_US","og_type":"article","og_title":"Favourite Things \u2013 Autumn Collection - CDS boutique A\u00een\u00e9s","og_description":"Includes the following autumn related themes: Harvest, Fall Colors, Back to School and Preserving. Favourite Things is a series of DVDs created to provide comfort to those with dementia, and inspire conversation through reminiscence. Remembering their favourite things in life help them form connections with both the past and the people that are close to [&hellip;]","og_url":"https:\/\/staging.cdsboutique.com\/en\/product\/favourite-things-autumn-collection\/","og_site_name":"CDS boutique A\u00een\u00e9s","article_publisher":"https:\/\/www.facebook.com\/CDSBoutique.Aines.Seniors","article_modified_time":"2023-09-28T16:19:09+00:00","og_image":[{"width":525,"height":437,"url":"https:\/\/staging.cdsboutique.com\/wp-content\/uploads\/2021\/07\/Autumn_1024x1024@2x.png?_t=1695917950","type":"image\/png"}],"twitter_card":"summary_large_image","twitter_misc":{"Est. reading time":"1 minute"},"schema":{"@context":"https:\/\/schema.org","@graph":[{"@type":"WebPage","@id":"https:\/\/staging.cdsboutique.com\/en\/product\/favourite-things-autumn-collection\/","url":"https:\/\/staging.cdsboutique.com\/en\/product\/favourite-things-autumn-collection\/","name":"Favourite Things \u2013 Autumn Collection - CDS boutique A\u00een\u00e9s","isPartOf":{"@id":"https:\/\/staging.cdsboutique.com\/#website"},"primaryImageOfPage":{"@id":"https:\/\/staging.cdsboutique.com\/en\/product\/favourite-things-autumn-collection\/#primaryimage"},"image":{"@id":"https:\/\/staging.cdsboutique.com\/en\/product\/favourite-things-autumn-collection\/#primaryimage"},"thumbnailUrl":"https:\/\/staging.cdsboutique.com\/wp-content\/uploads\/2021\/07\/Autumn_1024x1024@2x.png","datePublished":"2021-07-26T14:36:46+00:00","dateModified":"2023-09-28T16:19:09+00:00","breadcrumb":{"@id":"https:\/\/staging.cdsboutique.com\/en\/product\/favourite-things-autumn-collection\/#breadcrumb"},"inLanguage":"en-US","potentialAction":[{"@type":"ReadAction","target":["https:\/\/staging.cdsboutique.com\/en\/product\/favourite-things-autumn-collection\/"]}]},{"@type":"ImageObject","inLanguage":"en-US","@id":"https:\/\/staging.cdsboutique.com\/en\/product\/favourite-things-autumn-collection\/#primaryimage","url":"https:\/\/staging.cdsboutique.com\/wp-content\/uploads\/2021\/07\/Autumn_1024x1024@2x.png","contentUrl":"https:\/\/staging.cdsboutique.com\/wp-content\/uploads\/2021\/07\/Autumn_1024x1024@2x.png","width":525,"height":437},{"@type":"BreadcrumbList","@id":"https:\/\/staging.cdsboutique.com\/en\/product\/favourite-things-autumn-collection\/#breadcrumb","itemListElement":[{"@type":"ListItem","position":1,"name":"Home","item":"https:\/\/staging.cdsboutique.com\/en\/"},{"@type":"ListItem","position":2,"name":"Products","item":"https:\/\/staging.cdsboutique.com\/en\/products\/"},{"@type":"ListItem","position":3,"name":"Favourite Things \u2013 Autumn Collection"}]},{"@type":"WebSite","@id":"https:\/\/staging.cdsboutique.com\/#website","url":"https:\/\/staging.cdsboutique.com\/","name":"CDS boutique A\u00een\u00e9s","description":"Pour une meilleure qualit\u00e9 de vie","publisher":{"@id":"https:\/\/staging.cdsboutique.com\/#organization"},"potentialAction":[{"@type":"SearchAction","target":{"@type":"EntryPoint","urlTemplate":"https:\/\/staging.cdsboutique.com\/?s={search_term_string}"},"query-input":{"@type":"PropertyValueSpecification","valueRequired":true,"valueName":"search_term_string"}}],"inLanguage":"en-US"},{"@type":"Organization","@id":"https:\/\/staging.cdsboutique.com\/#organization","name":"CDS Boutique","url":"https:\/\/staging.cdsboutique.com\/","logo":{"@type":"ImageObject","inLanguage":"en-US","@id":"https:\/\/staging.cdsboutique.com\/#\/schema\/logo\/image\/","url":"https:\/\/staging.cdsboutique.com\/wp-content\/uploads\/2024\/09\/logoCDS-Boutique_final2024.jpg","contentUrl":"https:\/\/staging.cdsboutique.com\/wp-content\/uploads\/2024\/09\/logoCDS-Boutique_final2024.jpg","width":900,"height":600,"caption":"CDS Boutique"},"image":{"@id":"https:\/\/staging.cdsboutique.com\/#\/schema\/logo\/image\/"},"sameAs":["https:\/\/www.facebook.com\/CDSBoutique.Aines.Seniors","https:\/\/www.youtube.com\/@cdsboutique4046","https:\/\/www.linkedin.com\/company\/cds-boutique\/","https:\/\/www.instagram.com\/cdsboutique\/"]}]}},"_links":{"self":[{"href":"https:\/\/staging.cdsboutique.com\/en\/wp-json\/wp\/v2\/product\/40481","targetHints":{"allow":["GET"]}}],"collection":[{"href":"https:\/\/staging.cdsboutique.com\/en\/wp-json\/wp\/v2\/product"}],"about":[{"href":"https:\/\/staging.cdsboutique.com\/en\/wp-json\/wp\/v2\/types\/product"}],"replies":[{"embeddable":true,"href":"https:\/\/staging.cdsboutique.com\/en\/wp-json\/wp\/v2\/comments?post=40481"}],"wp:featuredmedia":[{"embeddable":true,"href":"https:\/\/staging.cdsboutique.com\/en\/wp-json\/wp\/v2\/media\/40473"}],"wp:attachment":[{"href":"https:\/\/staging.cdsboutique.com\/en\/wp-json\/wp\/v2\/media?parent=40481"}],"wp:term":[{"taxonomy":"product_brand","embeddable":true,"href":"https:\/\/staging.cdsboutique.com\/en\/wp-json\/wp\/v2\/product_brand?post=40481"},{"taxonomy":"product_cat","embeddable":true,"href":"https:\/\/staging.cdsboutique.com\/en\/wp-json\/wp\/v2\/product_cat?post=40481"},{"taxonomy":"product_tag","embeddable":true,"href":"https:\/\/staging.cdsboutique.com\/en\/wp-json\/wp\/v2\/product_tag?post=40481"}],"curies":[{"name":"wp","href":"https:\/\/api.w.org\/{rel}","templated":true}]}}