{"id":41576,"date":"2021-09-02T11:22:08","date_gmt":"2021-09-02T15:22:09","guid":{"rendered":"https:\/\/cdsboutique.com\/?post_type=product&#038;p=41576"},"modified":"2024-03-25T09:11:56","modified_gmt":"2024-03-25T13:11:56","slug":"giant-adapted-puzzle-prized-possession-13-pcs-copie","status":"publish","type":"product","link":"https:\/\/staging.cdsboutique.com\/en\/produit\/giant-adapted-puzzle-prized-possession-13-pcs-copie\/","title":{"rendered":"13-pcs Adapted Puzzle &#8211; Blooming Lovely"},"content":{"rendered":"<p><strong>This beautiful puzzle with large pieces will light up big smiles!<\/strong><\/p>\n<p>Colorful tools &amp; accessories, beautiful flowers, and more, all in one place, this Giant Adapted Puzzle will delight garden lovers. The Relish adapted puzzles can be put together directly in their attractive boxes, as the bottom of the boxes has been specially printed and designed to guide the user during assembly. The images were chosen carefully, in order to spark discussions, stimulate imagination and awaken memories. Each consists of 13 pieces that have been designed for people with early to mid-stage dementia.<\/p>\n","protected":false},"excerpt":{"rendered":"<p><strong>This beautiful puzzle with large pieces will light up big smiles!<\/strong><\/p>\n<p>Colorful gardening tools and accessories, dazzling flowers, and more, all in one place, this beautiful Cadillac will inspire your residents with stories of travel, friendship, and nice moments. The Relish adapted puzzles can be put together directly in their attractive boxes, as the bottom of the boxes has been specially printed and designed to guide the user during assembly.<\/p>\n","protected":false},"featured_media":41579,"comment_status":"open","ping_status":"closed","template":"","meta":{"_acf_changed":false},"product_brand":[],"product_cat":[4401,2962],"product_tag":[],"class_list":{"0":"post-41576","1":"product","2":"type-product","3":"status-publish","4":"has-post-thumbnail","6":"product_cat-all","7":"product_cat-medium-25-to-100-pcs","8":"product_shipping_class-frais-de-livraison-en","10":"first","11":"instock","12":"taxable","13":"shipping-taxable","14":"purchasable","15":"product-type-simple"},"bundled_by":["54855","55009"],"bundle_stock_status":"instock","bundle_stock_quantity":null,"bundle_virtual":false,"bundle_layout":"","bundle_add_to_cart_form_location":"","bundle_editable_in_cart":false,"bundle_sold_individually_context":"","bundle_item_grouping":"","bundle_min_size":"","bundle_max_size":"","bundle_price":[],"bundled_items":[],"bundle_sell_ids":[],"acf":[],"featured_image_urls_v2":{"full":["https:\/\/staging.cdsboutique.com\/wp-content\/uploads\/2021\/09\/3278.png",1000,1000,false],"thumbnail":["https:\/\/staging.cdsboutique.com\/wp-content\/uploads\/2021\/09\/3278-150x150.png",150,150,true],"medium":["https:\/\/staging.cdsboutique.com\/wp-content\/uploads\/2021\/09\/3278-300x300.png",300,300,true],"medium_large":["https:\/\/staging.cdsboutique.com\/wp-content\/uploads\/2021\/09\/3278-768x768.png",768,768,true],"large":["https:\/\/staging.cdsboutique.com\/wp-content\/uploads\/2021\/09\/3278.png",980,980,false],"1536x1536":["https:\/\/staging.cdsboutique.com\/wp-content\/uploads\/2021\/09\/3278.png",1000,1000,false],"2048x2048":["https:\/\/staging.cdsboutique.com\/wp-content\/uploads\/2021\/09\/3278.png",1000,1000,false],"gform-image-choice-sm":["https:\/\/staging.cdsboutique.com\/wp-content\/uploads\/2021\/09\/3278.png",300,300,false],"gform-image-choice-md":["https:\/\/staging.cdsboutique.com\/wp-content\/uploads\/2021\/09\/3278.png",400,400,false],"gform-image-choice-lg":["https:\/\/staging.cdsboutique.com\/wp-content\/uploads\/2021\/09\/3278.png",600,600,false],"woocommerce_thumbnail":["https:\/\/staging.cdsboutique.com\/wp-content\/uploads\/2021\/09\/3278-300x300.png",300,300,true],"woocommerce_single":["https:\/\/staging.cdsboutique.com\/wp-content\/uploads\/2021\/09\/3278-600x600.png",600,600,true],"woocommerce_gallery_thumbnail":["https:\/\/staging.cdsboutique.com\/wp-content\/uploads\/2021\/09\/3278-100x100.png",100,100,true],"variation_swatches_image_size":["https:\/\/staging.cdsboutique.com\/wp-content\/uploads\/2021\/09\/3278.png",50,50,false],"variation_swatches_tooltip_size":["https:\/\/staging.cdsboutique.com\/wp-content\/uploads\/2021\/09\/3278.png",100,100,false],"logo-size":["https:\/\/staging.cdsboutique.com\/wp-content\/uploads\/2021\/09\/3278-84x84.png",84,84,true],"blog":["https:\/\/staging.cdsboutique.com\/wp-content\/uploads\/2021\/09\/3278-350x260.png",350,260,true]},"post_excerpt_stackable_v2":"<p><strong>This beautiful puzzle with large pieces will light up big smiles!<\/strong><\/p>\n<p>Colorful gardening tools and accessories, dazzling flowers, and more, all in one place, this beautiful Cadillac will inspire your residents with stories of travel, friendship, and nice moments. The Relish adapted puzzles can be put together directly in their attractive boxes, as the bottom of the boxes has been specially printed and designed to guide the user during assembly.<\/p>\n","category_list_v2":"","author_info_v2":{"name":"","url":""},"comments_num_v2":"0 comments","yoast_head":"<!-- This site is optimized with the Yoast SEO plugin v27.4 - https:\/\/yoast.com\/product\/yoast-seo-wordpress\/ -->\n<title>13-pcs Adapted Puzzle - Blooming Lovely - CDS boutique A\u00een\u00e9s<\/title>\n<meta name=\"description\" content=\"The Relish adapted puzzles can be put together directly in their attractive boxes printed and designed to guide the user during assembly.\" \/>\n<meta name=\"robots\" content=\"noindex, follow, max-snippet:-1, max-image-preview:large, max-video-preview:-1\" \/>\n<meta property=\"og:locale\" content=\"en_US\" \/>\n<meta property=\"og:type\" content=\"article\" \/>\n<meta property=\"og:title\" content=\"13-pcs Adapted Puzzle - Blooming Lovely - CDS boutique A\u00een\u00e9s\" \/>\n<meta property=\"og:description\" content=\"The Relish adapted puzzles can be put together directly in their attractive boxes printed and designed to guide the user during assembly.\" \/>\n<meta property=\"og:url\" content=\"https:\/\/staging.cdsboutique.com\/en\/product\/giant-adapted-puzzle-prized-possession-13-pcs-copie\/\" \/>\n<meta property=\"og:site_name\" content=\"CDS boutique A\u00een\u00e9s\" \/>\n<meta property=\"article:publisher\" content=\"https:\/\/www.facebook.com\/CDSBoutique.Aines.Seniors\" \/>\n<meta property=\"article:modified_time\" content=\"2024-03-25T13:11:56+00:00\" \/>\n<meta property=\"og:image\" content=\"https:\/\/staging.cdsboutique.com\/wp-content\/uploads\/2021\/09\/3278.png\" \/>\n\t<meta property=\"og:image:width\" content=\"1000\" \/>\n\t<meta property=\"og:image:height\" content=\"1000\" \/>\n\t<meta property=\"og:image:type\" content=\"image\/png\" \/>\n<meta name=\"twitter:card\" content=\"summary_large_image\" \/>\n<meta name=\"twitter:label1\" content=\"Est. reading time\" \/>\n\t<meta name=\"twitter:data1\" content=\"1 minute\" \/>\n<script type=\"application\/ld+json\" class=\"yoast-schema-graph\">{\"@context\":\"https:\\\/\\\/schema.org\",\"@graph\":[{\"@type\":\"WebPage\",\"@id\":\"https:\\\/\\\/staging.cdsboutique.com\\\/en\\\/product\\\/giant-adapted-puzzle-prized-possession-13-pcs-copie\\\/\",\"url\":\"https:\\\/\\\/staging.cdsboutique.com\\\/en\\\/product\\\/giant-adapted-puzzle-prized-possession-13-pcs-copie\\\/\",\"name\":\"13-pcs Adapted Puzzle - Blooming Lovely - CDS boutique A\u00een\u00e9s\",\"isPartOf\":{\"@id\":\"https:\\\/\\\/staging.cdsboutique.com\\\/#website\"},\"primaryImageOfPage\":{\"@id\":\"https:\\\/\\\/staging.cdsboutique.com\\\/en\\\/product\\\/giant-adapted-puzzle-prized-possession-13-pcs-copie\\\/#primaryimage\"},\"image\":{\"@id\":\"https:\\\/\\\/staging.cdsboutique.com\\\/en\\\/product\\\/giant-adapted-puzzle-prized-possession-13-pcs-copie\\\/#primaryimage\"},\"thumbnailUrl\":\"https:\\\/\\\/staging.cdsboutique.com\\\/wp-content\\\/uploads\\\/2021\\\/09\\\/3278.png\",\"datePublished\":\"2021-09-02T15:22:09+00:00\",\"dateModified\":\"2024-03-25T13:11:56+00:00\",\"description\":\"The Relish adapted puzzles can be put together directly in their attractive boxes printed and designed to guide the user during assembly.\",\"breadcrumb\":{\"@id\":\"https:\\\/\\\/staging.cdsboutique.com\\\/en\\\/product\\\/giant-adapted-puzzle-prized-possession-13-pcs-copie\\\/#breadcrumb\"},\"inLanguage\":\"en-US\",\"potentialAction\":[{\"@type\":\"ReadAction\",\"target\":[\"https:\\\/\\\/staging.cdsboutique.com\\\/en\\\/product\\\/giant-adapted-puzzle-prized-possession-13-pcs-copie\\\/\"]}]},{\"@type\":\"ImageObject\",\"inLanguage\":\"en-US\",\"@id\":\"https:\\\/\\\/staging.cdsboutique.com\\\/en\\\/product\\\/giant-adapted-puzzle-prized-possession-13-pcs-copie\\\/#primaryimage\",\"url\":\"https:\\\/\\\/staging.cdsboutique.com\\\/wp-content\\\/uploads\\\/2021\\\/09\\\/3278.png\",\"contentUrl\":\"https:\\\/\\\/staging.cdsboutique.com\\\/wp-content\\\/uploads\\\/2021\\\/09\\\/3278.png\",\"width\":1000,\"height\":1000},{\"@type\":\"BreadcrumbList\",\"@id\":\"https:\\\/\\\/staging.cdsboutique.com\\\/en\\\/product\\\/giant-adapted-puzzle-prized-possession-13-pcs-copie\\\/#breadcrumb\",\"itemListElement\":[{\"@type\":\"ListItem\",\"position\":1,\"name\":\"Home\",\"item\":\"https:\\\/\\\/staging.cdsboutique.com\\\/en\\\/\"},{\"@type\":\"ListItem\",\"position\":2,\"name\":\"Products\",\"item\":\"https:\\\/\\\/staging.cdsboutique.com\\\/en\\\/products\\\/\"},{\"@type\":\"ListItem\",\"position\":3,\"name\":\"13-pcs Adapted Puzzle &#8211; Blooming Lovely\"}]},{\"@type\":\"WebSite\",\"@id\":\"https:\\\/\\\/staging.cdsboutique.com\\\/#website\",\"url\":\"https:\\\/\\\/staging.cdsboutique.com\\\/\",\"name\":\"CDS boutique A\u00een\u00e9s\",\"description\":\"Pour une meilleure qualit\u00e9 de vie\",\"publisher\":{\"@id\":\"https:\\\/\\\/staging.cdsboutique.com\\\/#organization\"},\"potentialAction\":[{\"@type\":\"SearchAction\",\"target\":{\"@type\":\"EntryPoint\",\"urlTemplate\":\"https:\\\/\\\/staging.cdsboutique.com\\\/?s={search_term_string}\"},\"query-input\":{\"@type\":\"PropertyValueSpecification\",\"valueRequired\":true,\"valueName\":\"search_term_string\"}}],\"inLanguage\":\"en-US\"},{\"@type\":\"Organization\",\"@id\":\"https:\\\/\\\/staging.cdsboutique.com\\\/#organization\",\"name\":\"CDS Boutique\",\"url\":\"https:\\\/\\\/staging.cdsboutique.com\\\/\",\"logo\":{\"@type\":\"ImageObject\",\"inLanguage\":\"en-US\",\"@id\":\"https:\\\/\\\/staging.cdsboutique.com\\\/#\\\/schema\\\/logo\\\/image\\\/\",\"url\":\"https:\\\/\\\/staging.cdsboutique.com\\\/wp-content\\\/uploads\\\/2024\\\/09\\\/logoCDS-Boutique_final2024.jpg\",\"contentUrl\":\"https:\\\/\\\/staging.cdsboutique.com\\\/wp-content\\\/uploads\\\/2024\\\/09\\\/logoCDS-Boutique_final2024.jpg\",\"width\":900,\"height\":600,\"caption\":\"CDS Boutique\"},\"image\":{\"@id\":\"https:\\\/\\\/staging.cdsboutique.com\\\/#\\\/schema\\\/logo\\\/image\\\/\"},\"sameAs\":[\"https:\\\/\\\/www.facebook.com\\\/CDSBoutique.Aines.Seniors\",\"https:\\\/\\\/www.youtube.com\\\/@cdsboutique4046\",\"https:\\\/\\\/www.linkedin.com\\\/company\\\/cds-boutique\\\/\",\"https:\\\/\\\/www.instagram.com\\\/cdsboutique\\\/\"]}]}<\/script>\n<!-- \/ Yoast SEO plugin. -->","yoast_head_json":{"title":"13-pcs Adapted Puzzle - Blooming Lovely - CDS boutique A\u00een\u00e9s","description":"The Relish adapted puzzles can be put together directly in their attractive boxes printed and designed to guide the user during assembly.","robots":{"index":"noindex","follow":"follow","max-snippet":"max-snippet:-1","max-image-preview":"max-image-preview:large","max-video-preview":"max-video-preview:-1"},"og_locale":"en_US","og_type":"article","og_title":"13-pcs Adapted Puzzle - Blooming Lovely - CDS boutique A\u00een\u00e9s","og_description":"The Relish adapted puzzles can be put together directly in their attractive boxes printed and designed to guide the user during assembly.","og_url":"https:\/\/staging.cdsboutique.com\/en\/product\/giant-adapted-puzzle-prized-possession-13-pcs-copie\/","og_site_name":"CDS boutique A\u00een\u00e9s","article_publisher":"https:\/\/www.facebook.com\/CDSBoutique.Aines.Seniors","article_modified_time":"2024-03-25T13:11:56+00:00","og_image":[{"width":1000,"height":1000,"url":"https:\/\/staging.cdsboutique.com\/wp-content\/uploads\/2021\/09\/3278.png","type":"image\/png"}],"twitter_card":"summary_large_image","twitter_misc":{"Est. reading time":"1 minute"},"schema":{"@context":"https:\/\/schema.org","@graph":[{"@type":"WebPage","@id":"https:\/\/staging.cdsboutique.com\/en\/product\/giant-adapted-puzzle-prized-possession-13-pcs-copie\/","url":"https:\/\/staging.cdsboutique.com\/en\/product\/giant-adapted-puzzle-prized-possession-13-pcs-copie\/","name":"13-pcs Adapted Puzzle - Blooming Lovely - CDS boutique A\u00een\u00e9s","isPartOf":{"@id":"https:\/\/staging.cdsboutique.com\/#website"},"primaryImageOfPage":{"@id":"https:\/\/staging.cdsboutique.com\/en\/product\/giant-adapted-puzzle-prized-possession-13-pcs-copie\/#primaryimage"},"image":{"@id":"https:\/\/staging.cdsboutique.com\/en\/product\/giant-adapted-puzzle-prized-possession-13-pcs-copie\/#primaryimage"},"thumbnailUrl":"https:\/\/staging.cdsboutique.com\/wp-content\/uploads\/2021\/09\/3278.png","datePublished":"2021-09-02T15:22:09+00:00","dateModified":"2024-03-25T13:11:56+00:00","description":"The Relish adapted puzzles can be put together directly in their attractive boxes printed and designed to guide the user during assembly.","breadcrumb":{"@id":"https:\/\/staging.cdsboutique.com\/en\/product\/giant-adapted-puzzle-prized-possession-13-pcs-copie\/#breadcrumb"},"inLanguage":"en-US","potentialAction":[{"@type":"ReadAction","target":["https:\/\/staging.cdsboutique.com\/en\/product\/giant-adapted-puzzle-prized-possession-13-pcs-copie\/"]}]},{"@type":"ImageObject","inLanguage":"en-US","@id":"https:\/\/staging.cdsboutique.com\/en\/product\/giant-adapted-puzzle-prized-possession-13-pcs-copie\/#primaryimage","url":"https:\/\/staging.cdsboutique.com\/wp-content\/uploads\/2021\/09\/3278.png","contentUrl":"https:\/\/staging.cdsboutique.com\/wp-content\/uploads\/2021\/09\/3278.png","width":1000,"height":1000},{"@type":"BreadcrumbList","@id":"https:\/\/staging.cdsboutique.com\/en\/product\/giant-adapted-puzzle-prized-possession-13-pcs-copie\/#breadcrumb","itemListElement":[{"@type":"ListItem","position":1,"name":"Home","item":"https:\/\/staging.cdsboutique.com\/en\/"},{"@type":"ListItem","position":2,"name":"Products","item":"https:\/\/staging.cdsboutique.com\/en\/products\/"},{"@type":"ListItem","position":3,"name":"13-pcs Adapted Puzzle &#8211; Blooming Lovely"}]},{"@type":"WebSite","@id":"https:\/\/staging.cdsboutique.com\/#website","url":"https:\/\/staging.cdsboutique.com\/","name":"CDS boutique A\u00een\u00e9s","description":"Pour une meilleure qualit\u00e9 de vie","publisher":{"@id":"https:\/\/staging.cdsboutique.com\/#organization"},"potentialAction":[{"@type":"SearchAction","target":{"@type":"EntryPoint","urlTemplate":"https:\/\/staging.cdsboutique.com\/?s={search_term_string}"},"query-input":{"@type":"PropertyValueSpecification","valueRequired":true,"valueName":"search_term_string"}}],"inLanguage":"en-US"},{"@type":"Organization","@id":"https:\/\/staging.cdsboutique.com\/#organization","name":"CDS Boutique","url":"https:\/\/staging.cdsboutique.com\/","logo":{"@type":"ImageObject","inLanguage":"en-US","@id":"https:\/\/staging.cdsboutique.com\/#\/schema\/logo\/image\/","url":"https:\/\/staging.cdsboutique.com\/wp-content\/uploads\/2024\/09\/logoCDS-Boutique_final2024.jpg","contentUrl":"https:\/\/staging.cdsboutique.com\/wp-content\/uploads\/2024\/09\/logoCDS-Boutique_final2024.jpg","width":900,"height":600,"caption":"CDS Boutique"},"image":{"@id":"https:\/\/staging.cdsboutique.com\/#\/schema\/logo\/image\/"},"sameAs":["https:\/\/www.facebook.com\/CDSBoutique.Aines.Seniors","https:\/\/www.youtube.com\/@cdsboutique4046","https:\/\/www.linkedin.com\/company\/cds-boutique\/","https:\/\/www.instagram.com\/cdsboutique\/"]}]}},"_links":{"self":[{"href":"https:\/\/staging.cdsboutique.com\/en\/wp-json\/wp\/v2\/product\/41576","targetHints":{"allow":["GET"]}}],"collection":[{"href":"https:\/\/staging.cdsboutique.com\/en\/wp-json\/wp\/v2\/product"}],"about":[{"href":"https:\/\/staging.cdsboutique.com\/en\/wp-json\/wp\/v2\/types\/product"}],"replies":[{"embeddable":true,"href":"https:\/\/staging.cdsboutique.com\/en\/wp-json\/wp\/v2\/comments?post=41576"}],"wp:featuredmedia":[{"embeddable":true,"href":"https:\/\/staging.cdsboutique.com\/en\/wp-json\/wp\/v2\/media\/41579"}],"wp:attachment":[{"href":"https:\/\/staging.cdsboutique.com\/en\/wp-json\/wp\/v2\/media?parent=41576"}],"wp:term":[{"taxonomy":"product_brand","embeddable":true,"href":"https:\/\/staging.cdsboutique.com\/en\/wp-json\/wp\/v2\/product_brand?post=41576"},{"taxonomy":"product_cat","embeddable":true,"href":"https:\/\/staging.cdsboutique.com\/en\/wp-json\/wp\/v2\/product_cat?post=41576"},{"taxonomy":"product_tag","embeddable":true,"href":"https:\/\/staging.cdsboutique.com\/en\/wp-json\/wp\/v2\/product_tag?post=41576"}],"curies":[{"name":"wp","href":"https:\/\/api.w.org\/{rel}","templated":true}]}}