{"id":41588,"date":"2021-09-02T12:14:37","date_gmt":"2021-09-02T16:14:38","guid":{"rendered":"https:\/\/cdsboutique.com\/?post_type=product&#038;p=41588"},"modified":"2022-05-13T15:29:07","modified_gmt":"2022-05-13T19:29:07","slug":"giant-adapted-puzzle-steam-train-copie","status":"publish","type":"product","link":"https:\/\/staging.cdsboutique.com\/en\/produit\/giant-adapted-puzzle-steam-train-copie\/","title":{"rendered":"35-pce Adapted Puzzle &#8211; The Fair&#8217;s in Town"},"content":{"rendered":"<p><strong>These beautiful Relish puzzles with large pieces will light up big smiles! <\/strong><\/p>\n<p>This evocative puzzle, created especially for people with dementia or Alzheimer&#8217;s, will evoke memories of rides, candy, giant stuffed prizes, and more in your residents.<\/p>\n<p>They can be put together directly in their attractive boxes, as the bottom of the box has been specially printed and designed to guide the user during assembly. The images were chosen carefully, in order to spark discussions, stimulate imagination and awaken memories. Each consists of 35 pieces that have been designed for people with early to mid-stage dementia, perfect for those who found our 24 piece puzzles and 13 piece puzzles too easy to complete.<\/p>\n","protected":false},"excerpt":{"rendered":"<p>This evocative puzzle, created especially for people with dementia or Alzheimer&#8217;s, will evoke memories of rides, candy, giant stuffed prizes, and more in your residents.<\/p>\n<p>They can be put together directly in their attractive boxes, as the bottom of the box has been specially printed and designed to guide the user during assembly. The images were chosen carefully, in order to spark discussions, stimulate imagination and awaken memories. Each consists of 35 pieces that have been designed for people with early to mid-stage dementia, perfect for those who found our 24 piece puzzles and 13 piece puzzles too easy to complete.<\/p>\n","protected":false},"featured_media":41591,"comment_status":"open","ping_status":"closed","template":"","meta":{"_acf_changed":false},"product_brand":[],"product_cat":[4401,2962],"product_tag":[],"class_list":{"0":"post-41588","1":"product","2":"type-product","3":"status-publish","4":"has-post-thumbnail","6":"product_cat-all","7":"product_cat-medium-25-to-100-pcs","8":"product_shipping_class-frais-de-livraison-en","10":"first","11":"instock","12":"taxable","13":"shipping-taxable","14":"purchasable","15":"product-type-simple"},"bundled_by":[],"bundle_stock_status":"instock","bundle_stock_quantity":null,"bundle_virtual":false,"bundle_layout":"","bundle_add_to_cart_form_location":"","bundle_editable_in_cart":false,"bundle_sold_individually_context":"","bundle_item_grouping":"","bundle_min_size":"","bundle_max_size":"","bundle_price":[],"bundled_items":[],"bundle_sell_ids":[],"acf":[],"featured_image_urls_v2":{"full":["https:\/\/staging.cdsboutique.com\/wp-content\/uploads\/2021\/09\/3279.png",1000,1000,false],"thumbnail":["https:\/\/staging.cdsboutique.com\/wp-content\/uploads\/2021\/09\/3279-150x150.png",150,150,true],"medium":["https:\/\/staging.cdsboutique.com\/wp-content\/uploads\/2021\/09\/3279-300x300.png",300,300,true],"medium_large":["https:\/\/staging.cdsboutique.com\/wp-content\/uploads\/2021\/09\/3279-768x768.png",768,768,true],"large":["https:\/\/staging.cdsboutique.com\/wp-content\/uploads\/2021\/09\/3279.png",980,980,false],"1536x1536":["https:\/\/staging.cdsboutique.com\/wp-content\/uploads\/2021\/09\/3279.png",1000,1000,false],"2048x2048":["https:\/\/staging.cdsboutique.com\/wp-content\/uploads\/2021\/09\/3279.png",1000,1000,false],"gform-image-choice-sm":["https:\/\/staging.cdsboutique.com\/wp-content\/uploads\/2021\/09\/3279.png",300,300,false],"gform-image-choice-md":["https:\/\/staging.cdsboutique.com\/wp-content\/uploads\/2021\/09\/3279.png",400,400,false],"gform-image-choice-lg":["https:\/\/staging.cdsboutique.com\/wp-content\/uploads\/2021\/09\/3279.png",600,600,false],"woocommerce_thumbnail":["https:\/\/staging.cdsboutique.com\/wp-content\/uploads\/2021\/09\/3279-300x300.png",300,300,true],"woocommerce_single":["https:\/\/staging.cdsboutique.com\/wp-content\/uploads\/2021\/09\/3279-600x600.png",600,600,true],"woocommerce_gallery_thumbnail":["https:\/\/staging.cdsboutique.com\/wp-content\/uploads\/2021\/09\/3279-100x100.png",100,100,true],"variation_swatches_image_size":["https:\/\/staging.cdsboutique.com\/wp-content\/uploads\/2021\/09\/3279.png",50,50,false],"variation_swatches_tooltip_size":["https:\/\/staging.cdsboutique.com\/wp-content\/uploads\/2021\/09\/3279.png",100,100,false],"logo-size":["https:\/\/staging.cdsboutique.com\/wp-content\/uploads\/2021\/09\/3279-84x84.png",84,84,true],"blog":["https:\/\/staging.cdsboutique.com\/wp-content\/uploads\/2021\/09\/3279-350x260.png",350,260,true]},"post_excerpt_stackable_v2":"<p>This evocative puzzle, created especially for people with dementia or Alzheimer&#8217;s, will evoke memories of rides, candy, giant stuffed prizes, and more in your residents.<\/p>\n<p>They can be put together directly in their attractive boxes, as the bottom of the box has been specially printed and designed to guide the user during assembly. The images were chosen carefully, in order to spark discussions, stimulate imagination and awaken memories. Each consists of 35 pieces that have been designed for people with early to mid-stage dementia, perfect for those who found our 24 piece puzzles and 13 piece puzzles too easy to complete.<\/p>\n","category_list_v2":"","author_info_v2":{"name":"","url":""},"comments_num_v2":"0 comments","yoast_head":"<!-- This site is optimized with the Yoast SEO plugin v27.4 - https:\/\/yoast.com\/product\/yoast-seo-wordpress\/ -->\n<title>35-pce Adapted Puzzle - The Fair&#039;s in Town - CDS boutique A\u00een\u00e9s<\/title>\n<meta name=\"description\" content=\"Relish adapted puzzles are designed for seniors living with dementia. Their bigger pieces and beautiful images make them a clear choice.\" \/>\n<meta name=\"robots\" content=\"noindex, follow, max-snippet:-1, max-image-preview:large, max-video-preview:-1\" \/>\n<meta property=\"og:locale\" content=\"en_US\" \/>\n<meta property=\"og:type\" content=\"article\" \/>\n<meta property=\"og:title\" content=\"35-pce Adapted Puzzle - The Fair&#039;s in Town - CDS boutique A\u00een\u00e9s\" \/>\n<meta property=\"og:description\" content=\"Relish adapted puzzles are designed for seniors living with dementia. Their bigger pieces and beautiful images make them a clear choice.\" \/>\n<meta property=\"og:url\" content=\"https:\/\/staging.cdsboutique.com\/en\/product\/giant-adapted-puzzle-steam-train-copie\/\" \/>\n<meta property=\"og:site_name\" content=\"CDS boutique A\u00een\u00e9s\" \/>\n<meta property=\"article:publisher\" content=\"https:\/\/www.facebook.com\/CDSBoutique.Aines.Seniors\" \/>\n<meta property=\"article:modified_time\" content=\"2022-05-13T19:29:07+00:00\" \/>\n<meta property=\"og:image\" content=\"https:\/\/staging.cdsboutique.com\/wp-content\/uploads\/2021\/09\/3279.png\" \/>\n\t<meta property=\"og:image:width\" content=\"1000\" \/>\n\t<meta property=\"og:image:height\" content=\"1000\" \/>\n\t<meta property=\"og:image:type\" content=\"image\/png\" \/>\n<meta name=\"twitter:card\" content=\"summary_large_image\" \/>\n<meta name=\"twitter:label1\" content=\"Est. reading time\" \/>\n\t<meta name=\"twitter:data1\" content=\"1 minute\" \/>\n<script type=\"application\/ld+json\" class=\"yoast-schema-graph\">{\"@context\":\"https:\\\/\\\/schema.org\",\"@graph\":[{\"@type\":\"WebPage\",\"@id\":\"https:\\\/\\\/staging.cdsboutique.com\\\/en\\\/product\\\/giant-adapted-puzzle-steam-train-copie\\\/\",\"url\":\"https:\\\/\\\/staging.cdsboutique.com\\\/en\\\/product\\\/giant-adapted-puzzle-steam-train-copie\\\/\",\"name\":\"35-pce Adapted Puzzle - The Fair's in Town - CDS boutique A\u00een\u00e9s\",\"isPartOf\":{\"@id\":\"https:\\\/\\\/staging.cdsboutique.com\\\/#website\"},\"primaryImageOfPage\":{\"@id\":\"https:\\\/\\\/staging.cdsboutique.com\\\/en\\\/product\\\/giant-adapted-puzzle-steam-train-copie\\\/#primaryimage\"},\"image\":{\"@id\":\"https:\\\/\\\/staging.cdsboutique.com\\\/en\\\/product\\\/giant-adapted-puzzle-steam-train-copie\\\/#primaryimage\"},\"thumbnailUrl\":\"https:\\\/\\\/staging.cdsboutique.com\\\/wp-content\\\/uploads\\\/2021\\\/09\\\/3279.png\",\"datePublished\":\"2021-09-02T16:14:38+00:00\",\"dateModified\":\"2022-05-13T19:29:07+00:00\",\"description\":\"Relish adapted puzzles are designed for seniors living with dementia. Their bigger pieces and beautiful images make them a clear choice.\",\"breadcrumb\":{\"@id\":\"https:\\\/\\\/staging.cdsboutique.com\\\/en\\\/product\\\/giant-adapted-puzzle-steam-train-copie\\\/#breadcrumb\"},\"inLanguage\":\"en-US\",\"potentialAction\":[{\"@type\":\"ReadAction\",\"target\":[\"https:\\\/\\\/staging.cdsboutique.com\\\/en\\\/product\\\/giant-adapted-puzzle-steam-train-copie\\\/\"]}]},{\"@type\":\"ImageObject\",\"inLanguage\":\"en-US\",\"@id\":\"https:\\\/\\\/staging.cdsboutique.com\\\/en\\\/product\\\/giant-adapted-puzzle-steam-train-copie\\\/#primaryimage\",\"url\":\"https:\\\/\\\/staging.cdsboutique.com\\\/wp-content\\\/uploads\\\/2021\\\/09\\\/3279.png\",\"contentUrl\":\"https:\\\/\\\/staging.cdsboutique.com\\\/wp-content\\\/uploads\\\/2021\\\/09\\\/3279.png\",\"width\":1000,\"height\":1000},{\"@type\":\"BreadcrumbList\",\"@id\":\"https:\\\/\\\/staging.cdsboutique.com\\\/en\\\/product\\\/giant-adapted-puzzle-steam-train-copie\\\/#breadcrumb\",\"itemListElement\":[{\"@type\":\"ListItem\",\"position\":1,\"name\":\"Home\",\"item\":\"https:\\\/\\\/staging.cdsboutique.com\\\/en\\\/\"},{\"@type\":\"ListItem\",\"position\":2,\"name\":\"Products\",\"item\":\"https:\\\/\\\/staging.cdsboutique.com\\\/en\\\/products\\\/\"},{\"@type\":\"ListItem\",\"position\":3,\"name\":\"35-pce Adapted Puzzle &#8211; The Fair&#8217;s in Town\"}]},{\"@type\":\"WebSite\",\"@id\":\"https:\\\/\\\/staging.cdsboutique.com\\\/#website\",\"url\":\"https:\\\/\\\/staging.cdsboutique.com\\\/\",\"name\":\"CDS boutique A\u00een\u00e9s\",\"description\":\"Pour une meilleure qualit\u00e9 de vie\",\"publisher\":{\"@id\":\"https:\\\/\\\/staging.cdsboutique.com\\\/#organization\"},\"potentialAction\":[{\"@type\":\"SearchAction\",\"target\":{\"@type\":\"EntryPoint\",\"urlTemplate\":\"https:\\\/\\\/staging.cdsboutique.com\\\/?s={search_term_string}\"},\"query-input\":{\"@type\":\"PropertyValueSpecification\",\"valueRequired\":true,\"valueName\":\"search_term_string\"}}],\"inLanguage\":\"en-US\"},{\"@type\":\"Organization\",\"@id\":\"https:\\\/\\\/staging.cdsboutique.com\\\/#organization\",\"name\":\"CDS Boutique\",\"url\":\"https:\\\/\\\/staging.cdsboutique.com\\\/\",\"logo\":{\"@type\":\"ImageObject\",\"inLanguage\":\"en-US\",\"@id\":\"https:\\\/\\\/staging.cdsboutique.com\\\/#\\\/schema\\\/logo\\\/image\\\/\",\"url\":\"https:\\\/\\\/staging.cdsboutique.com\\\/wp-content\\\/uploads\\\/2024\\\/09\\\/logoCDS-Boutique_final2024.jpg\",\"contentUrl\":\"https:\\\/\\\/staging.cdsboutique.com\\\/wp-content\\\/uploads\\\/2024\\\/09\\\/logoCDS-Boutique_final2024.jpg\",\"width\":900,\"height\":600,\"caption\":\"CDS Boutique\"},\"image\":{\"@id\":\"https:\\\/\\\/staging.cdsboutique.com\\\/#\\\/schema\\\/logo\\\/image\\\/\"},\"sameAs\":[\"https:\\\/\\\/www.facebook.com\\\/CDSBoutique.Aines.Seniors\",\"https:\\\/\\\/www.youtube.com\\\/@cdsboutique4046\",\"https:\\\/\\\/www.linkedin.com\\\/company\\\/cds-boutique\\\/\",\"https:\\\/\\\/www.instagram.com\\\/cdsboutique\\\/\"]}]}<\/script>\n<!-- \/ Yoast SEO plugin. -->","yoast_head_json":{"title":"35-pce Adapted Puzzle - The Fair's in Town - CDS boutique A\u00een\u00e9s","description":"Relish adapted puzzles are designed for seniors living with dementia. Their bigger pieces and beautiful images make them a clear choice.","robots":{"index":"noindex","follow":"follow","max-snippet":"max-snippet:-1","max-image-preview":"max-image-preview:large","max-video-preview":"max-video-preview:-1"},"og_locale":"en_US","og_type":"article","og_title":"35-pce Adapted Puzzle - The Fair's in Town - CDS boutique A\u00een\u00e9s","og_description":"Relish adapted puzzles are designed for seniors living with dementia. Their bigger pieces and beautiful images make them a clear choice.","og_url":"https:\/\/staging.cdsboutique.com\/en\/product\/giant-adapted-puzzle-steam-train-copie\/","og_site_name":"CDS boutique A\u00een\u00e9s","article_publisher":"https:\/\/www.facebook.com\/CDSBoutique.Aines.Seniors","article_modified_time":"2022-05-13T19:29:07+00:00","og_image":[{"width":1000,"height":1000,"url":"https:\/\/staging.cdsboutique.com\/wp-content\/uploads\/2021\/09\/3279.png","type":"image\/png"}],"twitter_card":"summary_large_image","twitter_misc":{"Est. reading time":"1 minute"},"schema":{"@context":"https:\/\/schema.org","@graph":[{"@type":"WebPage","@id":"https:\/\/staging.cdsboutique.com\/en\/product\/giant-adapted-puzzle-steam-train-copie\/","url":"https:\/\/staging.cdsboutique.com\/en\/product\/giant-adapted-puzzle-steam-train-copie\/","name":"35-pce Adapted Puzzle - The Fair's in Town - CDS boutique A\u00een\u00e9s","isPartOf":{"@id":"https:\/\/staging.cdsboutique.com\/#website"},"primaryImageOfPage":{"@id":"https:\/\/staging.cdsboutique.com\/en\/product\/giant-adapted-puzzle-steam-train-copie\/#primaryimage"},"image":{"@id":"https:\/\/staging.cdsboutique.com\/en\/product\/giant-adapted-puzzle-steam-train-copie\/#primaryimage"},"thumbnailUrl":"https:\/\/staging.cdsboutique.com\/wp-content\/uploads\/2021\/09\/3279.png","datePublished":"2021-09-02T16:14:38+00:00","dateModified":"2022-05-13T19:29:07+00:00","description":"Relish adapted puzzles are designed for seniors living with dementia. Their bigger pieces and beautiful images make them a clear choice.","breadcrumb":{"@id":"https:\/\/staging.cdsboutique.com\/en\/product\/giant-adapted-puzzle-steam-train-copie\/#breadcrumb"},"inLanguage":"en-US","potentialAction":[{"@type":"ReadAction","target":["https:\/\/staging.cdsboutique.com\/en\/product\/giant-adapted-puzzle-steam-train-copie\/"]}]},{"@type":"ImageObject","inLanguage":"en-US","@id":"https:\/\/staging.cdsboutique.com\/en\/product\/giant-adapted-puzzle-steam-train-copie\/#primaryimage","url":"https:\/\/staging.cdsboutique.com\/wp-content\/uploads\/2021\/09\/3279.png","contentUrl":"https:\/\/staging.cdsboutique.com\/wp-content\/uploads\/2021\/09\/3279.png","width":1000,"height":1000},{"@type":"BreadcrumbList","@id":"https:\/\/staging.cdsboutique.com\/en\/product\/giant-adapted-puzzle-steam-train-copie\/#breadcrumb","itemListElement":[{"@type":"ListItem","position":1,"name":"Home","item":"https:\/\/staging.cdsboutique.com\/en\/"},{"@type":"ListItem","position":2,"name":"Products","item":"https:\/\/staging.cdsboutique.com\/en\/products\/"},{"@type":"ListItem","position":3,"name":"35-pce Adapted Puzzle &#8211; The Fair&#8217;s in Town"}]},{"@type":"WebSite","@id":"https:\/\/staging.cdsboutique.com\/#website","url":"https:\/\/staging.cdsboutique.com\/","name":"CDS boutique A\u00een\u00e9s","description":"Pour une meilleure qualit\u00e9 de vie","publisher":{"@id":"https:\/\/staging.cdsboutique.com\/#organization"},"potentialAction":[{"@type":"SearchAction","target":{"@type":"EntryPoint","urlTemplate":"https:\/\/staging.cdsboutique.com\/?s={search_term_string}"},"query-input":{"@type":"PropertyValueSpecification","valueRequired":true,"valueName":"search_term_string"}}],"inLanguage":"en-US"},{"@type":"Organization","@id":"https:\/\/staging.cdsboutique.com\/#organization","name":"CDS Boutique","url":"https:\/\/staging.cdsboutique.com\/","logo":{"@type":"ImageObject","inLanguage":"en-US","@id":"https:\/\/staging.cdsboutique.com\/#\/schema\/logo\/image\/","url":"https:\/\/staging.cdsboutique.com\/wp-content\/uploads\/2024\/09\/logoCDS-Boutique_final2024.jpg","contentUrl":"https:\/\/staging.cdsboutique.com\/wp-content\/uploads\/2024\/09\/logoCDS-Boutique_final2024.jpg","width":900,"height":600,"caption":"CDS Boutique"},"image":{"@id":"https:\/\/staging.cdsboutique.com\/#\/schema\/logo\/image\/"},"sameAs":["https:\/\/www.facebook.com\/CDSBoutique.Aines.Seniors","https:\/\/www.youtube.com\/@cdsboutique4046","https:\/\/www.linkedin.com\/company\/cds-boutique\/","https:\/\/www.instagram.com\/cdsboutique\/"]}]}},"_links":{"self":[{"href":"https:\/\/staging.cdsboutique.com\/en\/wp-json\/wp\/v2\/product\/41588","targetHints":{"allow":["GET"]}}],"collection":[{"href":"https:\/\/staging.cdsboutique.com\/en\/wp-json\/wp\/v2\/product"}],"about":[{"href":"https:\/\/staging.cdsboutique.com\/en\/wp-json\/wp\/v2\/types\/product"}],"replies":[{"embeddable":true,"href":"https:\/\/staging.cdsboutique.com\/en\/wp-json\/wp\/v2\/comments?post=41588"}],"wp:featuredmedia":[{"embeddable":true,"href":"https:\/\/staging.cdsboutique.com\/en\/wp-json\/wp\/v2\/media\/41591"}],"wp:attachment":[{"href":"https:\/\/staging.cdsboutique.com\/en\/wp-json\/wp\/v2\/media?parent=41588"}],"wp:term":[{"taxonomy":"product_brand","embeddable":true,"href":"https:\/\/staging.cdsboutique.com\/en\/wp-json\/wp\/v2\/product_brand?post=41588"},{"taxonomy":"product_cat","embeddable":true,"href":"https:\/\/staging.cdsboutique.com\/en\/wp-json\/wp\/v2\/product_cat?post=41588"},{"taxonomy":"product_tag","embeddable":true,"href":"https:\/\/staging.cdsboutique.com\/en\/wp-json\/wp\/v2\/product_tag?post=41588"}],"curies":[{"name":"wp","href":"https:\/\/api.w.org\/{rel}","templated":true}]}}