{"id":41881,"date":"2021-09-22T13:09:59","date_gmt":"2021-09-22T17:09:59","guid":{"rendered":"https:\/\/cdsboutique.com\/?post_type=product&#038;p=41881"},"modified":"2024-02-13T12:29:48","modified_gmt":"2024-02-13T17:29:48","slug":"set-4-sing-along-with-susie-q-set-of-3-dvds","status":"publish","type":"product","link":"https:\/\/staging.cdsboutique.com\/en\/produit\/set-4-sing-along-with-susie-q-set-of-3-dvds\/","title":{"rendered":"Set 4 &#8211; Sing Along with Susie Q &#8211; Set of 3 DVDs!"},"content":{"rendered":"<p><strong>New and younger music never seen before on sing-along! Many themes to choose from!\u00a0<\/strong><\/p>\n<ul>\n<li>45 minute interactive DVDs with large on-screen lyrics!<\/li>\n<li>Recorded in low keys for easy singing!<\/li>\n<li>Free downloadable large print songbooks!<\/li>\n<\/ul>\n","protected":false},"excerpt":{"rendered":"<p><strong>New and younger music never seen before on sing-along! Many themes to choose from!\u00a0<\/strong><\/p>\n<ul>\n<li>45 minute interactive DVDs with large on-screen lyrics!<\/li>\n<li>Recorded in low keys for easy singing!<\/li>\n<li>Free downloadable large print songbooks!<\/li>\n<\/ul>\n","protected":false},"featured_media":41913,"comment_status":"open","ping_status":"closed","template":"","meta":{"_acf_changed":false},"product_brand":[],"product_cat":[4401,4172,2963],"product_tag":[],"class_list":{"0":"post-41881","1":"product","2":"type-product","3":"status-publish","4":"has-post-thumbnail","6":"product_cat-all","7":"product_cat-cds-dvds-sing-alongs","8":"product_cat-music-relaxation","9":"product_shipping_class-frais-de-livraison-en","11":"first","12":"instock","13":"taxable","14":"shipping-taxable","15":"purchasable","16":"product-type-bundle"},"bundled_by":[],"bundle_stock_status":"instock","bundle_stock_quantity":"","bundle_virtual":false,"bundle_layout":"default","bundle_add_to_cart_form_location":"default","bundle_editable_in_cart":false,"bundle_sold_individually_context":"product","bundle_item_grouping":"parent","bundle_min_size":"","bundle_max_size":"","bundle_price":{"price":{"min":{"incl_tax":"113.83","excl_tax":"99"},"max":{"incl_tax":"113.83","excl_tax":"99"}},"regular_price":{"min":{"incl_tax":"113.83","excl_tax":"99"},"max":{"incl_tax":"113.83","excl_tax":"99"}}},"bundled_items":[{"bundled_item_id":695,"product_id":30341,"menu_order":0,"quantity_min":1,"quantity_max":1,"quantity_default":1,"priced_individually":false,"shipped_individually":false,"override_title":false,"title":"","override_description":false,"description":"","optional":false,"hide_thumbnail":false,"discount":"","override_variations":false,"allowed_variations":[],"override_default_variation_attributes":false,"default_variation_attributes":[],"single_product_visibility":"visible","cart_visibility":"visible","order_visibility":"visible","single_product_price_visibility":"visible","cart_price_visibility":"visible","order_price_visibility":"visible","stock_status":"in_stock"},{"bundled_item_id":696,"product_id":30342,"menu_order":1,"quantity_min":1,"quantity_max":1,"quantity_default":1,"priced_individually":false,"shipped_individually":false,"override_title":false,"title":"","override_description":false,"description":"","optional":false,"hide_thumbnail":false,"discount":"","override_variations":false,"allowed_variations":[],"override_default_variation_attributes":false,"default_variation_attributes":[],"single_product_visibility":"visible","cart_visibility":"visible","order_visibility":"visible","single_product_price_visibility":"visible","cart_price_visibility":"visible","order_price_visibility":"visible","stock_status":"in_stock"},{"bundled_item_id":697,"product_id":30343,"menu_order":2,"quantity_min":1,"quantity_max":1,"quantity_default":1,"priced_individually":false,"shipped_individually":false,"override_title":false,"title":"","override_description":false,"description":"","optional":false,"hide_thumbnail":false,"discount":"","override_variations":false,"allowed_variations":[],"override_default_variation_attributes":false,"default_variation_attributes":[],"single_product_visibility":"visible","cart_visibility":"visible","order_visibility":"visible","single_product_price_visibility":"visible","cart_price_visibility":"visible","order_price_visibility":"visible","stock_status":"in_stock"}],"bundle_sell_ids":[],"acf":[],"featured_image_urls_v2":{"full":["https:\/\/staging.cdsboutique.com\/wp-content\/uploads\/2021\/09\/17399-0.png",1000,1000,false],"thumbnail":["https:\/\/staging.cdsboutique.com\/wp-content\/uploads\/2021\/09\/17399-0-150x150.png",150,150,true],"medium":["https:\/\/staging.cdsboutique.com\/wp-content\/uploads\/2021\/09\/17399-0-300x300.png",300,300,true],"medium_large":["https:\/\/staging.cdsboutique.com\/wp-content\/uploads\/2021\/09\/17399-0-768x768.png",768,768,true],"large":["https:\/\/staging.cdsboutique.com\/wp-content\/uploads\/2021\/09\/17399-0.png",980,980,false],"1536x1536":["https:\/\/staging.cdsboutique.com\/wp-content\/uploads\/2021\/09\/17399-0.png",1000,1000,false],"2048x2048":["https:\/\/staging.cdsboutique.com\/wp-content\/uploads\/2021\/09\/17399-0.png",1000,1000,false],"gform-image-choice-sm":["https:\/\/staging.cdsboutique.com\/wp-content\/uploads\/2021\/09\/17399-0.png",300,300,false],"gform-image-choice-md":["https:\/\/staging.cdsboutique.com\/wp-content\/uploads\/2021\/09\/17399-0.png",400,400,false],"gform-image-choice-lg":["https:\/\/staging.cdsboutique.com\/wp-content\/uploads\/2021\/09\/17399-0.png",600,600,false],"woocommerce_thumbnail":["https:\/\/staging.cdsboutique.com\/wp-content\/uploads\/2021\/09\/17399-0-300x300.png",300,300,true],"woocommerce_single":["https:\/\/staging.cdsboutique.com\/wp-content\/uploads\/2021\/09\/17399-0-600x600.png",600,600,true],"woocommerce_gallery_thumbnail":["https:\/\/staging.cdsboutique.com\/wp-content\/uploads\/2021\/09\/17399-0-100x100.png",100,100,true],"variation_swatches_image_size":["https:\/\/staging.cdsboutique.com\/wp-content\/uploads\/2021\/09\/17399-0.png",50,50,false],"variation_swatches_tooltip_size":["https:\/\/staging.cdsboutique.com\/wp-content\/uploads\/2021\/09\/17399-0.png",100,100,false],"logo-size":["https:\/\/staging.cdsboutique.com\/wp-content\/uploads\/2021\/09\/17399-0-84x84.png",84,84,true],"blog":["https:\/\/staging.cdsboutique.com\/wp-content\/uploads\/2021\/09\/17399-0-350x260.png",350,260,true]},"post_excerpt_stackable_v2":"<p><strong>New and younger music never seen before on sing-along! Many themes to choose from!\u00a0<\/strong><\/p>\n<ul>\n<li>45 minute interactive DVDs with large on-screen lyrics!<\/li>\n<li>Recorded in low keys for easy singing!<\/li>\n<li>Free downloadable large print songbooks!<\/li>\n<\/ul>\n","category_list_v2":"","author_info_v2":{"name":"","url":""},"comments_num_v2":"0 comments","yoast_head":"<!-- This site is optimized with the Yoast SEO plugin v27.4 - https:\/\/yoast.com\/product\/yoast-seo-wordpress\/ -->\n<title>Set 4 - Sing Along with Susie Q - Set of 3 DVDs! - CDS boutique A\u00een\u00e9s<\/title>\n<meta name=\"description\" content=\"New and younger music never seen before on sing-along! Many themes to choose from!\u00a045 minute interactive DVDs with large on-screen lyrics!Recorded in low keys for easy singing!Free downloadable large print songbooks!\" \/>\n<meta name=\"robots\" content=\"noindex, follow, max-snippet:-1, max-image-preview:large, max-video-preview:-1\" \/>\n<meta property=\"og:locale\" content=\"en_US\" \/>\n<meta property=\"og:type\" content=\"article\" \/>\n<meta property=\"og:title\" content=\"Set 4 - Sing Along with Susie Q - Set of 3 DVDs! - CDS boutique A\u00een\u00e9s\" \/>\n<meta property=\"og:description\" content=\"New and younger music never seen before on sing-along! Many themes to choose from!\u00a045 minute interactive DVDs with large on-screen lyrics!Recorded in low keys for easy singing!Free downloadable large print songbooks!\" \/>\n<meta property=\"og:url\" content=\"https:\/\/staging.cdsboutique.com\/en\/product\/set-4-sing-along-with-susie-q-set-of-3-dvds\/\" \/>\n<meta property=\"og:site_name\" content=\"CDS boutique A\u00een\u00e9s\" \/>\n<meta property=\"article:publisher\" content=\"https:\/\/www.facebook.com\/CDSBoutique.Aines.Seniors\" \/>\n<meta property=\"article:modified_time\" content=\"2024-02-13T17:29:48+00:00\" \/>\n<meta property=\"og:image\" content=\"https:\/\/staging.cdsboutique.com\/wp-content\/uploads\/2021\/09\/17399-0.png?_t=1707845388\" \/>\n\t<meta property=\"og:image:width\" content=\"1000\" \/>\n\t<meta property=\"og:image:height\" content=\"1000\" \/>\n\t<meta property=\"og:image:type\" content=\"image\/png\" \/>\n<meta name=\"twitter:card\" content=\"summary_large_image\" \/>\n<meta name=\"twitter:label1\" content=\"Est. reading time\" \/>\n\t<meta name=\"twitter:data1\" content=\"1 minute\" \/>\n<script type=\"application\/ld+json\" class=\"yoast-schema-graph\">{\"@context\":\"https:\\\/\\\/schema.org\",\"@graph\":[{\"@type\":\"WebPage\",\"@id\":\"https:\\\/\\\/staging.cdsboutique.com\\\/en\\\/product\\\/set-4-sing-along-with-susie-q-set-of-3-dvds\\\/\",\"url\":\"https:\\\/\\\/staging.cdsboutique.com\\\/en\\\/product\\\/set-4-sing-along-with-susie-q-set-of-3-dvds\\\/\",\"name\":\"Set 4 - Sing Along with Susie Q - Set of 3 DVDs! - CDS boutique A\u00een\u00e9s\",\"isPartOf\":{\"@id\":\"https:\\\/\\\/staging.cdsboutique.com\\\/#website\"},\"primaryImageOfPage\":{\"@id\":\"https:\\\/\\\/staging.cdsboutique.com\\\/en\\\/product\\\/set-4-sing-along-with-susie-q-set-of-3-dvds\\\/#primaryimage\"},\"image\":{\"@id\":\"https:\\\/\\\/staging.cdsboutique.com\\\/en\\\/product\\\/set-4-sing-along-with-susie-q-set-of-3-dvds\\\/#primaryimage\"},\"thumbnailUrl\":\"https:\\\/\\\/staging.cdsboutique.com\\\/wp-content\\\/uploads\\\/2021\\\/09\\\/17399-0.png\",\"datePublished\":\"2021-09-22T17:09:59+00:00\",\"dateModified\":\"2024-02-13T17:29:48+00:00\",\"description\":\"New and younger music never seen before on sing-along! Many themes to choose from!\u00a045 minute interactive DVDs with large on-screen lyrics!Recorded in low keys for easy singing!Free downloadable large print songbooks!\",\"breadcrumb\":{\"@id\":\"https:\\\/\\\/staging.cdsboutique.com\\\/en\\\/product\\\/set-4-sing-along-with-susie-q-set-of-3-dvds\\\/#breadcrumb\"},\"inLanguage\":\"en-US\",\"potentialAction\":[{\"@type\":\"ReadAction\",\"target\":[\"https:\\\/\\\/staging.cdsboutique.com\\\/en\\\/product\\\/set-4-sing-along-with-susie-q-set-of-3-dvds\\\/\"]}]},{\"@type\":\"ImageObject\",\"inLanguage\":\"en-US\",\"@id\":\"https:\\\/\\\/staging.cdsboutique.com\\\/en\\\/product\\\/set-4-sing-along-with-susie-q-set-of-3-dvds\\\/#primaryimage\",\"url\":\"https:\\\/\\\/staging.cdsboutique.com\\\/wp-content\\\/uploads\\\/2021\\\/09\\\/17399-0.png\",\"contentUrl\":\"https:\\\/\\\/staging.cdsboutique.com\\\/wp-content\\\/uploads\\\/2021\\\/09\\\/17399-0.png\",\"width\":1000,\"height\":1000},{\"@type\":\"BreadcrumbList\",\"@id\":\"https:\\\/\\\/staging.cdsboutique.com\\\/en\\\/product\\\/set-4-sing-along-with-susie-q-set-of-3-dvds\\\/#breadcrumb\",\"itemListElement\":[{\"@type\":\"ListItem\",\"position\":1,\"name\":\"Home\",\"item\":\"https:\\\/\\\/staging.cdsboutique.com\\\/en\\\/\"},{\"@type\":\"ListItem\",\"position\":2,\"name\":\"Products\",\"item\":\"https:\\\/\\\/staging.cdsboutique.com\\\/en\\\/products\\\/\"},{\"@type\":\"ListItem\",\"position\":3,\"name\":\"Set 4 &#8211; Sing Along with Susie Q &#8211; Set of 3 DVDs!\"}]},{\"@type\":\"WebSite\",\"@id\":\"https:\\\/\\\/staging.cdsboutique.com\\\/#website\",\"url\":\"https:\\\/\\\/staging.cdsboutique.com\\\/\",\"name\":\"CDS boutique A\u00een\u00e9s\",\"description\":\"Pour une meilleure qualit\u00e9 de vie\",\"publisher\":{\"@id\":\"https:\\\/\\\/staging.cdsboutique.com\\\/#organization\"},\"potentialAction\":[{\"@type\":\"SearchAction\",\"target\":{\"@type\":\"EntryPoint\",\"urlTemplate\":\"https:\\\/\\\/staging.cdsboutique.com\\\/?s={search_term_string}\"},\"query-input\":{\"@type\":\"PropertyValueSpecification\",\"valueRequired\":true,\"valueName\":\"search_term_string\"}}],\"inLanguage\":\"en-US\"},{\"@type\":\"Organization\",\"@id\":\"https:\\\/\\\/staging.cdsboutique.com\\\/#organization\",\"name\":\"CDS Boutique\",\"url\":\"https:\\\/\\\/staging.cdsboutique.com\\\/\",\"logo\":{\"@type\":\"ImageObject\",\"inLanguage\":\"en-US\",\"@id\":\"https:\\\/\\\/staging.cdsboutique.com\\\/#\\\/schema\\\/logo\\\/image\\\/\",\"url\":\"https:\\\/\\\/staging.cdsboutique.com\\\/wp-content\\\/uploads\\\/2024\\\/09\\\/logoCDS-Boutique_final2024.jpg\",\"contentUrl\":\"https:\\\/\\\/staging.cdsboutique.com\\\/wp-content\\\/uploads\\\/2024\\\/09\\\/logoCDS-Boutique_final2024.jpg\",\"width\":900,\"height\":600,\"caption\":\"CDS Boutique\"},\"image\":{\"@id\":\"https:\\\/\\\/staging.cdsboutique.com\\\/#\\\/schema\\\/logo\\\/image\\\/\"},\"sameAs\":[\"https:\\\/\\\/www.facebook.com\\\/CDSBoutique.Aines.Seniors\",\"https:\\\/\\\/www.youtube.com\\\/@cdsboutique4046\",\"https:\\\/\\\/www.linkedin.com\\\/company\\\/cds-boutique\\\/\",\"https:\\\/\\\/www.instagram.com\\\/cdsboutique\\\/\"]}]}<\/script>\n<!-- \/ Yoast SEO plugin. -->","yoast_head_json":{"title":"Set 4 - Sing Along with Susie Q - Set of 3 DVDs! - CDS boutique A\u00een\u00e9s","description":"New and younger music never seen before on sing-along! Many themes to choose from!\u00a045 minute interactive DVDs with large on-screen lyrics!Recorded in low keys for easy singing!Free downloadable large print songbooks!","robots":{"index":"noindex","follow":"follow","max-snippet":"max-snippet:-1","max-image-preview":"max-image-preview:large","max-video-preview":"max-video-preview:-1"},"og_locale":"en_US","og_type":"article","og_title":"Set 4 - Sing Along with Susie Q - Set of 3 DVDs! - CDS boutique A\u00een\u00e9s","og_description":"New and younger music never seen before on sing-along! Many themes to choose from!\u00a045 minute interactive DVDs with large on-screen lyrics!Recorded in low keys for easy singing!Free downloadable large print songbooks!","og_url":"https:\/\/staging.cdsboutique.com\/en\/product\/set-4-sing-along-with-susie-q-set-of-3-dvds\/","og_site_name":"CDS boutique A\u00een\u00e9s","article_publisher":"https:\/\/www.facebook.com\/CDSBoutique.Aines.Seniors","article_modified_time":"2024-02-13T17:29:48+00:00","og_image":[{"width":1000,"height":1000,"url":"https:\/\/staging.cdsboutique.com\/wp-content\/uploads\/2021\/09\/17399-0.png?_t=1707845388","type":"image\/png"}],"twitter_card":"summary_large_image","twitter_misc":{"Est. reading time":"1 minute"},"schema":{"@context":"https:\/\/schema.org","@graph":[{"@type":"WebPage","@id":"https:\/\/staging.cdsboutique.com\/en\/product\/set-4-sing-along-with-susie-q-set-of-3-dvds\/","url":"https:\/\/staging.cdsboutique.com\/en\/product\/set-4-sing-along-with-susie-q-set-of-3-dvds\/","name":"Set 4 - Sing Along with Susie Q - Set of 3 DVDs! - CDS boutique A\u00een\u00e9s","isPartOf":{"@id":"https:\/\/staging.cdsboutique.com\/#website"},"primaryImageOfPage":{"@id":"https:\/\/staging.cdsboutique.com\/en\/product\/set-4-sing-along-with-susie-q-set-of-3-dvds\/#primaryimage"},"image":{"@id":"https:\/\/staging.cdsboutique.com\/en\/product\/set-4-sing-along-with-susie-q-set-of-3-dvds\/#primaryimage"},"thumbnailUrl":"https:\/\/staging.cdsboutique.com\/wp-content\/uploads\/2021\/09\/17399-0.png","datePublished":"2021-09-22T17:09:59+00:00","dateModified":"2024-02-13T17:29:48+00:00","description":"New and younger music never seen before on sing-along! Many themes to choose from!\u00a045 minute interactive DVDs with large on-screen lyrics!Recorded in low keys for easy singing!Free downloadable large print songbooks!","breadcrumb":{"@id":"https:\/\/staging.cdsboutique.com\/en\/product\/set-4-sing-along-with-susie-q-set-of-3-dvds\/#breadcrumb"},"inLanguage":"en-US","potentialAction":[{"@type":"ReadAction","target":["https:\/\/staging.cdsboutique.com\/en\/product\/set-4-sing-along-with-susie-q-set-of-3-dvds\/"]}]},{"@type":"ImageObject","inLanguage":"en-US","@id":"https:\/\/staging.cdsboutique.com\/en\/product\/set-4-sing-along-with-susie-q-set-of-3-dvds\/#primaryimage","url":"https:\/\/staging.cdsboutique.com\/wp-content\/uploads\/2021\/09\/17399-0.png","contentUrl":"https:\/\/staging.cdsboutique.com\/wp-content\/uploads\/2021\/09\/17399-0.png","width":1000,"height":1000},{"@type":"BreadcrumbList","@id":"https:\/\/staging.cdsboutique.com\/en\/product\/set-4-sing-along-with-susie-q-set-of-3-dvds\/#breadcrumb","itemListElement":[{"@type":"ListItem","position":1,"name":"Home","item":"https:\/\/staging.cdsboutique.com\/en\/"},{"@type":"ListItem","position":2,"name":"Products","item":"https:\/\/staging.cdsboutique.com\/en\/products\/"},{"@type":"ListItem","position":3,"name":"Set 4 &#8211; Sing Along with Susie Q &#8211; Set of 3 DVDs!"}]},{"@type":"WebSite","@id":"https:\/\/staging.cdsboutique.com\/#website","url":"https:\/\/staging.cdsboutique.com\/","name":"CDS boutique A\u00een\u00e9s","description":"Pour une meilleure qualit\u00e9 de vie","publisher":{"@id":"https:\/\/staging.cdsboutique.com\/#organization"},"potentialAction":[{"@type":"SearchAction","target":{"@type":"EntryPoint","urlTemplate":"https:\/\/staging.cdsboutique.com\/?s={search_term_string}"},"query-input":{"@type":"PropertyValueSpecification","valueRequired":true,"valueName":"search_term_string"}}],"inLanguage":"en-US"},{"@type":"Organization","@id":"https:\/\/staging.cdsboutique.com\/#organization","name":"CDS Boutique","url":"https:\/\/staging.cdsboutique.com\/","logo":{"@type":"ImageObject","inLanguage":"en-US","@id":"https:\/\/staging.cdsboutique.com\/#\/schema\/logo\/image\/","url":"https:\/\/staging.cdsboutique.com\/wp-content\/uploads\/2024\/09\/logoCDS-Boutique_final2024.jpg","contentUrl":"https:\/\/staging.cdsboutique.com\/wp-content\/uploads\/2024\/09\/logoCDS-Boutique_final2024.jpg","width":900,"height":600,"caption":"CDS Boutique"},"image":{"@id":"https:\/\/staging.cdsboutique.com\/#\/schema\/logo\/image\/"},"sameAs":["https:\/\/www.facebook.com\/CDSBoutique.Aines.Seniors","https:\/\/www.youtube.com\/@cdsboutique4046","https:\/\/www.linkedin.com\/company\/cds-boutique\/","https:\/\/www.instagram.com\/cdsboutique\/"]}]}},"_links":{"self":[{"href":"https:\/\/staging.cdsboutique.com\/en\/wp-json\/wp\/v2\/product\/41881","targetHints":{"allow":["GET"]}}],"collection":[{"href":"https:\/\/staging.cdsboutique.com\/en\/wp-json\/wp\/v2\/product"}],"about":[{"href":"https:\/\/staging.cdsboutique.com\/en\/wp-json\/wp\/v2\/types\/product"}],"replies":[{"embeddable":true,"href":"https:\/\/staging.cdsboutique.com\/en\/wp-json\/wp\/v2\/comments?post=41881"}],"wp:featuredmedia":[{"embeddable":true,"href":"https:\/\/staging.cdsboutique.com\/en\/wp-json\/wp\/v2\/media\/41913"}],"wp:attachment":[{"href":"https:\/\/staging.cdsboutique.com\/en\/wp-json\/wp\/v2\/media?parent=41881"}],"wp:term":[{"taxonomy":"product_brand","embeddable":true,"href":"https:\/\/staging.cdsboutique.com\/en\/wp-json\/wp\/v2\/product_brand?post=41881"},{"taxonomy":"product_cat","embeddable":true,"href":"https:\/\/staging.cdsboutique.com\/en\/wp-json\/wp\/v2\/product_cat?post=41881"},{"taxonomy":"product_tag","embeddable":true,"href":"https:\/\/staging.cdsboutique.com\/en\/wp-json\/wp\/v2\/product_tag?post=41881"}],"curies":[{"name":"wp","href":"https:\/\/api.w.org\/{rel}","templated":true}]}}