{"id":41887,"date":"2021-09-17T14:45:18","date_gmt":"2021-09-17T18:45:18","guid":{"rendered":"https:\/\/cdsboutique.com\/produit\/happysensooriginal\/"},"modified":"2026-01-26T16:38:14","modified_gmt":"2026-01-26T21:38:14","slug":"happysensooriginal","status":"publish","type":"product","link":"https:\/\/staging.cdsboutique.com\/en\/produit\/happysensooriginal\/","title":{"rendered":"Happy Senso Original &#8211; Multisensory foam"},"content":{"rendered":"<p><strong>Live a unique multi-sensory experience with this revolutionary foam!<\/strong><\/p>\n<p>Have fun <strong>looking<\/strong> at it, <strong>smelling<\/strong> it, <strong>feeling<\/strong> it and <strong>listening<\/strong> to it! This <strong>white or colored foam<\/strong> was developed for users who do not want too much stimulation at the same time. It is therefore perfect for those who want to try it for the first time.<\/p>\n<p>The original series offers <span style=\"text-decoration: underline;\">4 different foams<\/span>, three of which are scented and one without.<\/p>\n<p>This product was primarily designed for customers with special needs to enhance their sensory experiences, however, it offers a pleasant sensory experience for all. So don&#8217;t hesitate to spread happiness and have your loved ones try it.<\/p>\n<p><strong>You&#8217;ll be won over in a single pump!<\/strong><\/p>\n<p>We suggest that you download the <span style=\"text-decoration: underline;\"><a href=\"https:\/\/staging.cdsboutique.com\/wp-content\/uploads\/2021\/09\/Users-guide-Happy-Senso.pdf\" title=\"\"><span style=\"color: #0000ff; text-decoration: underline;\">user&#8217;s guide<\/span><\/a><\/span> to live a complete sensory experience. You will find different types of activities and experiences to do in group or alone.<\/p>\n<p>_________________________________<\/p>\n<p><span style=\"color: #000000;\"><strong>The gel that will make you smile every time!<\/strong><\/span><\/p>\n<p><span style=\"color: #0000ff;\"><strong>What is Happy Senso?<\/strong> <\/span><\/p>\n<p>It\u2019s a brand-new multisensory gel! Happy Senso stimulates all senses at the touch of the pump! This revolutionary tool makes everybody smile<br \/>\nevery time they use it. Happy Senso multisensory gel is made for everyone, young and not so young, in all kinds of settings and for people of any level of function. It is intuitive, accessible, and fuss-free.<\/p>\n<p><span style=\"color: #0000ff;\"><strong>How does it work? <\/strong><\/span><br \/>\nExactly like shaving cream! After shaking the can, push the nozzle so the gel comes out onto someone\u2019s hands, arms, under their feet, etc. It\u2019s that simple. Just wait for the smile! The user will immediately feel the effect the gel provides. It is nice to look at, smells great, feels cool, and as soon as you put your hands together, hundreds of bubbles crack and pop for an incredible experience. It is magic!<\/p>\n<p><span style=\"color: #0000ff;\"><strong>Is Happy Senso safe? <\/strong><\/span><br \/>\nThis gel has colour but no smell and has been developed for users who don\u2019t like certain odours.<br \/>\nThe neutral gel is white and has neither colour nor smell.<\/p>\n","protected":false},"excerpt":{"rendered":"<p>It\u2019s a brand-new multisensory gel! Happy Senso stimulates all senses at the touch of the pump! This revolutionary tool makes everybody smile<br \/>\nevery time they use it. Happy Senso multisensory gel is made for everyone, young and not so young, in all kinds of settings and for people of any level of function. It is intuitive, accessible, and fuss-free.<\/p>\n","protected":false},"featured_media":60233,"comment_status":"open","ping_status":"closed","template":"","meta":{"_acf_changed":false},"product_brand":[],"product_cat":[4401],"product_tag":[],"class_list":{"0":"post-41887","1":"product","2":"type-product","3":"status-publish","4":"has-post-thumbnail","6":"product_cat-all","7":"product_shipping_class-frais-de-livraison-en","9":"first","10":"instock","11":"taxable","12":"shipping-taxable","13":"purchasable","14":"product-type-variable"},"bundled_by":["36474","36468","72283"],"bundle_stock_status":"instock","bundle_stock_quantity":null,"bundle_virtual":false,"bundle_layout":"","bundle_add_to_cart_form_location":"","bundle_editable_in_cart":false,"bundle_sold_individually_context":"","bundle_item_grouping":"","bundle_min_size":"","bundle_max_size":"","bundle_price":[],"bundled_items":[],"bundle_sell_ids":[],"acf":[],"featured_image_urls_v2":{"full":["https:\/\/staging.cdsboutique.com\/wp-content\/uploads\/2021\/09\/happy_senso.jpg",1050,1050,false],"thumbnail":["https:\/\/staging.cdsboutique.com\/wp-content\/uploads\/2021\/09\/happy_senso-150x150.jpg",150,150,true],"medium":["https:\/\/staging.cdsboutique.com\/wp-content\/uploads\/2021\/09\/happy_senso-300x300.jpg",300,300,true],"medium_large":["https:\/\/staging.cdsboutique.com\/wp-content\/uploads\/2021\/09\/happy_senso-768x768.jpg",768,768,true],"large":["https:\/\/staging.cdsboutique.com\/wp-content\/uploads\/2021\/09\/happy_senso-1024x1024.jpg",980,980,true],"1536x1536":["https:\/\/staging.cdsboutique.com\/wp-content\/uploads\/2021\/09\/happy_senso.jpg",1050,1050,false],"2048x2048":["https:\/\/staging.cdsboutique.com\/wp-content\/uploads\/2021\/09\/happy_senso.jpg",1050,1050,false],"gform-image-choice-sm":["https:\/\/staging.cdsboutique.com\/wp-content\/uploads\/2021\/09\/happy_senso.jpg",300,300,false],"gform-image-choice-md":["https:\/\/staging.cdsboutique.com\/wp-content\/uploads\/2021\/09\/happy_senso.jpg",400,400,false],"gform-image-choice-lg":["https:\/\/staging.cdsboutique.com\/wp-content\/uploads\/2021\/09\/happy_senso.jpg",600,600,false],"woocommerce_thumbnail":["https:\/\/staging.cdsboutique.com\/wp-content\/uploads\/2021\/09\/happy_senso-300x300.jpg",300,300,true],"woocommerce_single":["https:\/\/staging.cdsboutique.com\/wp-content\/uploads\/2021\/09\/happy_senso-600x600.jpg",600,600,true],"woocommerce_gallery_thumbnail":["https:\/\/staging.cdsboutique.com\/wp-content\/uploads\/2021\/09\/happy_senso-100x100.jpg",100,100,true],"variation_swatches_image_size":["https:\/\/staging.cdsboutique.com\/wp-content\/uploads\/2021\/09\/happy_senso-50x50.jpg",50,50,true],"variation_swatches_tooltip_size":["https:\/\/staging.cdsboutique.com\/wp-content\/uploads\/2021\/09\/happy_senso-100x100.jpg",100,100,true],"logo-size":["https:\/\/staging.cdsboutique.com\/wp-content\/uploads\/2021\/09\/happy_senso-84x84.jpg",84,84,true],"blog":["https:\/\/staging.cdsboutique.com\/wp-content\/uploads\/2021\/09\/happy_senso-350x260.jpg",350,260,true]},"post_excerpt_stackable_v2":"<p>It\u2019s a brand-new multisensory gel! Happy Senso stimulates all senses at the touch of the pump! This revolutionary tool makes everybody smile<br \/>\nevery time they use it. Happy Senso multisensory gel is made for everyone, young and not so young, in all kinds of settings and for people of any level of function. It is intuitive, accessible, and fuss-free.<\/p>\n","category_list_v2":"","author_info_v2":{"name":"","url":""},"comments_num_v2":"0 comments","yoast_head":"<!-- This site is optimized with the Yoast SEO plugin v27.4 - https:\/\/yoast.com\/product\/yoast-seo-wordpress\/ -->\n<title>Happy Senso Original - Multisensory foam - CDS boutique A\u00een\u00e9s<\/title>\n<meta name=\"description\" content=\"It\u2019s a brand-new multisensory gel! Happy Senso stimulates all senses at the touch of the pump! This revolutionary tool makes everybody smileevery time they use it. Happy Senso multisensory gel is made for everyone, young and not so young, in all kinds of settings and for people of any level of function. It is intuitive, accessible, and fuss-free.\" \/>\n<meta name=\"robots\" content=\"noindex, follow, max-snippet:-1, max-image-preview:large, max-video-preview:-1\" \/>\n<meta property=\"og:locale\" content=\"en_US\" \/>\n<meta property=\"og:type\" content=\"article\" \/>\n<meta property=\"og:title\" content=\"Happy Senso - multisensory foam (White)\" \/>\n<meta property=\"og:description\" content=\"It\u2019s a brand-new multisensory gel! Happy Senso stimulates all senses at the touch of the pump! This revolutionary tool makes everybody smileevery time they use it. Happy Senso multisensory gel is made for everyone, young and not so young, in all kinds of settings and for people of any level of function. It is intuitive, accessible, and fuss-free.\" \/>\n<meta property=\"og:url\" content=\"https:\/\/staging.cdsboutique.com\/en\/product\/happysensooriginal\/\" \/>\n<meta property=\"og:site_name\" content=\"CDS boutique A\u00een\u00e9s\" \/>\n<meta property=\"article:publisher\" content=\"https:\/\/www.facebook.com\/CDSBoutique.Aines.Seniors\" \/>\n<meta property=\"article:modified_time\" content=\"2026-01-26T21:38:14+00:00\" \/>\n<meta property=\"og:image\" content=\"https:\/\/staging.cdsboutique.com\/wp-content\/uploads\/2021\/09\/set-Happy-Senso-Original-1.png?_t=1772721181\" \/>\n\t<meta property=\"og:image:width\" content=\"827\" \/>\n\t<meta property=\"og:image:height\" content=\"1004\" \/>\n\t<meta property=\"og:image:type\" content=\"image\/png\" \/>\n<meta name=\"twitter:card\" content=\"summary_large_image\" \/>\n<meta name=\"twitter:label1\" content=\"Est. reading time\" \/>\n\t<meta name=\"twitter:data1\" content=\"2 minutes\" \/>\n<script type=\"application\/ld+json\" class=\"yoast-schema-graph\">{\"@context\":\"https:\\\/\\\/schema.org\",\"@graph\":[{\"@type\":\"WebPage\",\"@id\":\"https:\\\/\\\/staging.cdsboutique.com\\\/en\\\/product\\\/happysensooriginal\\\/\",\"url\":\"https:\\\/\\\/staging.cdsboutique.com\\\/en\\\/product\\\/happysensooriginal\\\/\",\"name\":\"Happy Senso Original - Multisensory foam - CDS boutique A\u00een\u00e9s\",\"isPartOf\":{\"@id\":\"https:\\\/\\\/staging.cdsboutique.com\\\/#website\"},\"primaryImageOfPage\":{\"@id\":\"https:\\\/\\\/staging.cdsboutique.com\\\/en\\\/product\\\/happysensooriginal\\\/#primaryimage\"},\"image\":{\"@id\":\"https:\\\/\\\/staging.cdsboutique.com\\\/en\\\/product\\\/happysensooriginal\\\/#primaryimage\"},\"thumbnailUrl\":\"https:\\\/\\\/staging.cdsboutique.com\\\/wp-content\\\/uploads\\\/2021\\\/09\\\/happy_senso.jpg\",\"datePublished\":\"2021-09-17T18:45:18+00:00\",\"dateModified\":\"2026-01-26T21:38:14+00:00\",\"description\":\"It\u2019s a brand-new multisensory gel! Happy Senso stimulates all senses at the touch of the pump! This revolutionary tool makes everybody smileevery time they use it. Happy Senso multisensory gel is made for everyone, young and not so young, in all kinds of settings and for people of any level of function. It is intuitive, accessible, and fuss-free.\",\"breadcrumb\":{\"@id\":\"https:\\\/\\\/staging.cdsboutique.com\\\/en\\\/product\\\/happysensooriginal\\\/#breadcrumb\"},\"inLanguage\":\"en-US\",\"potentialAction\":[{\"@type\":\"ReadAction\",\"target\":[\"https:\\\/\\\/staging.cdsboutique.com\\\/en\\\/product\\\/happysensooriginal\\\/\"]}]},{\"@type\":\"ImageObject\",\"inLanguage\":\"en-US\",\"@id\":\"https:\\\/\\\/staging.cdsboutique.com\\\/en\\\/product\\\/happysensooriginal\\\/#primaryimage\",\"url\":\"https:\\\/\\\/staging.cdsboutique.com\\\/wp-content\\\/uploads\\\/2021\\\/09\\\/happy_senso.jpg\",\"contentUrl\":\"https:\\\/\\\/staging.cdsboutique.com\\\/wp-content\\\/uploads\\\/2021\\\/09\\\/happy_senso.jpg\",\"width\":1050,\"height\":1050},{\"@type\":\"BreadcrumbList\",\"@id\":\"https:\\\/\\\/staging.cdsboutique.com\\\/en\\\/product\\\/happysensooriginal\\\/#breadcrumb\",\"itemListElement\":[{\"@type\":\"ListItem\",\"position\":1,\"name\":\"Home\",\"item\":\"https:\\\/\\\/staging.cdsboutique.com\\\/en\\\/\"},{\"@type\":\"ListItem\",\"position\":2,\"name\":\"Products\",\"item\":\"https:\\\/\\\/staging.cdsboutique.com\\\/en\\\/products\\\/\"},{\"@type\":\"ListItem\",\"position\":3,\"name\":\"Happy Senso Original &#8211; Multisensory foam\"}]},{\"@type\":\"WebSite\",\"@id\":\"https:\\\/\\\/staging.cdsboutique.com\\\/#website\",\"url\":\"https:\\\/\\\/staging.cdsboutique.com\\\/\",\"name\":\"CDS boutique A\u00een\u00e9s\",\"description\":\"Pour une meilleure qualit\u00e9 de vie\",\"publisher\":{\"@id\":\"https:\\\/\\\/staging.cdsboutique.com\\\/#organization\"},\"potentialAction\":[{\"@type\":\"SearchAction\",\"target\":{\"@type\":\"EntryPoint\",\"urlTemplate\":\"https:\\\/\\\/staging.cdsboutique.com\\\/?s={search_term_string}\"},\"query-input\":{\"@type\":\"PropertyValueSpecification\",\"valueRequired\":true,\"valueName\":\"search_term_string\"}}],\"inLanguage\":\"en-US\"},{\"@type\":\"Organization\",\"@id\":\"https:\\\/\\\/staging.cdsboutique.com\\\/#organization\",\"name\":\"CDS Boutique\",\"url\":\"https:\\\/\\\/staging.cdsboutique.com\\\/\",\"logo\":{\"@type\":\"ImageObject\",\"inLanguage\":\"en-US\",\"@id\":\"https:\\\/\\\/staging.cdsboutique.com\\\/#\\\/schema\\\/logo\\\/image\\\/\",\"url\":\"https:\\\/\\\/staging.cdsboutique.com\\\/wp-content\\\/uploads\\\/2024\\\/09\\\/logoCDS-Boutique_final2024.jpg\",\"contentUrl\":\"https:\\\/\\\/staging.cdsboutique.com\\\/wp-content\\\/uploads\\\/2024\\\/09\\\/logoCDS-Boutique_final2024.jpg\",\"width\":900,\"height\":600,\"caption\":\"CDS Boutique\"},\"image\":{\"@id\":\"https:\\\/\\\/staging.cdsboutique.com\\\/#\\\/schema\\\/logo\\\/image\\\/\"},\"sameAs\":[\"https:\\\/\\\/www.facebook.com\\\/CDSBoutique.Aines.Seniors\",\"https:\\\/\\\/www.youtube.com\\\/@cdsboutique4046\",\"https:\\\/\\\/www.linkedin.com\\\/company\\\/cds-boutique\\\/\",\"https:\\\/\\\/www.instagram.com\\\/cdsboutique\\\/\"]}]}<\/script>\n<!-- \/ Yoast SEO plugin. -->","yoast_head_json":{"title":"Happy Senso Original - Multisensory foam - CDS boutique A\u00een\u00e9s","description":"It\u2019s a brand-new multisensory gel! Happy Senso stimulates all senses at the touch of the pump! This revolutionary tool makes everybody smileevery time they use it. Happy Senso multisensory gel is made for everyone, young and not so young, in all kinds of settings and for people of any level of function. It is intuitive, accessible, and fuss-free.","robots":{"index":"noindex","follow":"follow","max-snippet":"max-snippet:-1","max-image-preview":"max-image-preview:large","max-video-preview":"max-video-preview:-1"},"og_locale":"en_US","og_type":"article","og_title":"Happy Senso - multisensory foam (White)","og_description":"It\u2019s a brand-new multisensory gel! Happy Senso stimulates all senses at the touch of the pump! This revolutionary tool makes everybody smileevery time they use it. Happy Senso multisensory gel is made for everyone, young and not so young, in all kinds of settings and for people of any level of function. It is intuitive, accessible, and fuss-free.","og_url":"https:\/\/staging.cdsboutique.com\/en\/product\/happysensooriginal\/","og_site_name":"CDS boutique A\u00een\u00e9s","article_publisher":"https:\/\/www.facebook.com\/CDSBoutique.Aines.Seniors","article_modified_time":"2026-01-26T21:38:14+00:00","og_image":[{"width":827,"height":1004,"url":"https:\/\/staging.cdsboutique.com\/wp-content\/uploads\/2021\/09\/set-Happy-Senso-Original-1.png?_t=1772721181","type":"image\/png"}],"twitter_card":"summary_large_image","twitter_misc":{"Est. reading time":"2 minutes"},"schema":{"@context":"https:\/\/schema.org","@graph":[{"@type":"WebPage","@id":"https:\/\/staging.cdsboutique.com\/en\/product\/happysensooriginal\/","url":"https:\/\/staging.cdsboutique.com\/en\/product\/happysensooriginal\/","name":"Happy Senso Original - Multisensory foam - CDS boutique A\u00een\u00e9s","isPartOf":{"@id":"https:\/\/staging.cdsboutique.com\/#website"},"primaryImageOfPage":{"@id":"https:\/\/staging.cdsboutique.com\/en\/product\/happysensooriginal\/#primaryimage"},"image":{"@id":"https:\/\/staging.cdsboutique.com\/en\/product\/happysensooriginal\/#primaryimage"},"thumbnailUrl":"https:\/\/staging.cdsboutique.com\/wp-content\/uploads\/2021\/09\/happy_senso.jpg","datePublished":"2021-09-17T18:45:18+00:00","dateModified":"2026-01-26T21:38:14+00:00","description":"It\u2019s a brand-new multisensory gel! Happy Senso stimulates all senses at the touch of the pump! This revolutionary tool makes everybody smileevery time they use it. Happy Senso multisensory gel is made for everyone, young and not so young, in all kinds of settings and for people of any level of function. It is intuitive, accessible, and fuss-free.","breadcrumb":{"@id":"https:\/\/staging.cdsboutique.com\/en\/product\/happysensooriginal\/#breadcrumb"},"inLanguage":"en-US","potentialAction":[{"@type":"ReadAction","target":["https:\/\/staging.cdsboutique.com\/en\/product\/happysensooriginal\/"]}]},{"@type":"ImageObject","inLanguage":"en-US","@id":"https:\/\/staging.cdsboutique.com\/en\/product\/happysensooriginal\/#primaryimage","url":"https:\/\/staging.cdsboutique.com\/wp-content\/uploads\/2021\/09\/happy_senso.jpg","contentUrl":"https:\/\/staging.cdsboutique.com\/wp-content\/uploads\/2021\/09\/happy_senso.jpg","width":1050,"height":1050},{"@type":"BreadcrumbList","@id":"https:\/\/staging.cdsboutique.com\/en\/product\/happysensooriginal\/#breadcrumb","itemListElement":[{"@type":"ListItem","position":1,"name":"Home","item":"https:\/\/staging.cdsboutique.com\/en\/"},{"@type":"ListItem","position":2,"name":"Products","item":"https:\/\/staging.cdsboutique.com\/en\/products\/"},{"@type":"ListItem","position":3,"name":"Happy Senso Original &#8211; Multisensory foam"}]},{"@type":"WebSite","@id":"https:\/\/staging.cdsboutique.com\/#website","url":"https:\/\/staging.cdsboutique.com\/","name":"CDS boutique A\u00een\u00e9s","description":"Pour une meilleure qualit\u00e9 de vie","publisher":{"@id":"https:\/\/staging.cdsboutique.com\/#organization"},"potentialAction":[{"@type":"SearchAction","target":{"@type":"EntryPoint","urlTemplate":"https:\/\/staging.cdsboutique.com\/?s={search_term_string}"},"query-input":{"@type":"PropertyValueSpecification","valueRequired":true,"valueName":"search_term_string"}}],"inLanguage":"en-US"},{"@type":"Organization","@id":"https:\/\/staging.cdsboutique.com\/#organization","name":"CDS Boutique","url":"https:\/\/staging.cdsboutique.com\/","logo":{"@type":"ImageObject","inLanguage":"en-US","@id":"https:\/\/staging.cdsboutique.com\/#\/schema\/logo\/image\/","url":"https:\/\/staging.cdsboutique.com\/wp-content\/uploads\/2024\/09\/logoCDS-Boutique_final2024.jpg","contentUrl":"https:\/\/staging.cdsboutique.com\/wp-content\/uploads\/2024\/09\/logoCDS-Boutique_final2024.jpg","width":900,"height":600,"caption":"CDS Boutique"},"image":{"@id":"https:\/\/staging.cdsboutique.com\/#\/schema\/logo\/image\/"},"sameAs":["https:\/\/www.facebook.com\/CDSBoutique.Aines.Seniors","https:\/\/www.youtube.com\/@cdsboutique4046","https:\/\/www.linkedin.com\/company\/cds-boutique\/","https:\/\/www.instagram.com\/cdsboutique\/"]}]}},"_links":{"self":[{"href":"https:\/\/staging.cdsboutique.com\/en\/wp-json\/wp\/v2\/product\/41887","targetHints":{"allow":["GET"]}}],"collection":[{"href":"https:\/\/staging.cdsboutique.com\/en\/wp-json\/wp\/v2\/product"}],"about":[{"href":"https:\/\/staging.cdsboutique.com\/en\/wp-json\/wp\/v2\/types\/product"}],"replies":[{"embeddable":true,"href":"https:\/\/staging.cdsboutique.com\/en\/wp-json\/wp\/v2\/comments?post=41887"}],"wp:featuredmedia":[{"embeddable":true,"href":"https:\/\/staging.cdsboutique.com\/en\/wp-json\/wp\/v2\/media\/60233"}],"wp:attachment":[{"href":"https:\/\/staging.cdsboutique.com\/en\/wp-json\/wp\/v2\/media?parent=41887"}],"wp:term":[{"taxonomy":"product_brand","embeddable":true,"href":"https:\/\/staging.cdsboutique.com\/en\/wp-json\/wp\/v2\/product_brand?post=41887"},{"taxonomy":"product_cat","embeddable":true,"href":"https:\/\/staging.cdsboutique.com\/en\/wp-json\/wp\/v2\/product_cat?post=41887"},{"taxonomy":"product_tag","embeddable":true,"href":"https:\/\/staging.cdsboutique.com\/en\/wp-json\/wp\/v2\/product_tag?post=41887"}],"curies":[{"name":"wp","href":"https:\/\/api.w.org\/{rel}","templated":true}]}}