{"id":41898,"date":"2021-09-20T13:43:56","date_gmt":"2021-09-20T17:43:56","guid":{"rendered":"https:\/\/cdsboutique.com\/produit\/happy-senso-original-blanc-duplicate-1-2\/"},"modified":"2025-03-13T17:11:27","modified_gmt":"2025-03-13T21:11:27","slug":"happy-senso-artist-series","status":"publish","type":"product","link":"https:\/\/staging.cdsboutique.com\/en\/produit\/happy-senso-artist-series\/","title":{"rendered":"Happy Senso Artist- Multisensory Foam"},"content":{"rendered":"<p><strong>Live a unique multi-sensory experience with this revolutionary coloured-foam!<\/strong><\/p>\n<p>Have fun\u00a0<strong>looking<\/strong>\u00a0at it,\u00a0<strong>smelling<\/strong>\u00a0it,\u00a0<strong>feeling<\/strong>\u00a0it and\u00a0<strong>listening<\/strong>\u00a0to it! This\u00a0<strong>coloured-foam<\/strong> has the same characteristics as the Happy Senso Original, but with the addition of color to enhance the experience.<\/p>\n<p>The artist series has the same features as the original series, but with the addition of color to vary the experience.<\/p>\n<p>This product was primarily designed for customers with special needs to enhance their sensory experiences, however, it offers a pleasant sensory experience for all. So don\u2019t hesitate to spread happiness and have your loved ones try it.<\/p>\n<p><strong>You\u2019ll be won over in a single pump!<\/strong><\/p>\n<p>We suggest that you download the\u00a0<strong><span style=\"text-decoration: underline;\"><a title=\"\" href=\"https:\/\/staging.cdsboutique.com\/wp-content\/uploads\/2021\/09\/Users-guide-Happy-Senso.pdf\" target=\"_blank\" rel=\"noopener\" title=\"user\u2019s guide\">user\u2019s guide<\/a>\u00a0<\/span><\/strong>to live a complete sensory experience. You will find different types of activities and experiences to do in group or alone.<\/p>\n<p>Up to 100 uses per bottles!<\/p>\n<p><span style=\"text-decoration: underline; color: #ff0000;\"><strong>SAVE!<\/strong><\/span><\/p>\n<p><span style=\"color: #ff0000;\">4009Z \u2013 Set of 4 foams from the Artist Series for only $75.95<\/span><\/p>\n<p>_________________________________<\/p>\n<p><strong>The gel that will make you smile every time!<\/strong><\/p>\n<p><strong>What is Happy Senso?<\/strong><\/p>\n<p>It\u2019s a brand-new multisensory gel! Happy Senso stimulates all senses at the touch of the pump! This revolutionary tool makes everybody smile<br \/>\nevery time they use it. Happy Senso multisensory gel is made for everyone, young and not so young, in all kinds of settings and for people of any level of function. It is intuitive, accessible, and fuss-free.<\/p>\n<p><strong>How does it work?<\/strong><br \/>\nExactly like shaving cream! After shaking the can, push the nozzle so the gel comes out onto someone\u2019s hands, arms, under their feet, etc. It\u2019s that simple. Just wait for the smile! The user will immediately feel the effect the gel provides. It is nice to look at, smells great, feels cool, and as soon as you put your hands together, hundreds of bubbles crack and pop for an incredible experience. It is magic!<\/p>\n<p><strong>Is Happy Senso safe?<\/strong><br \/>\nThis gel has colour but no smell and has been developed for users who don\u2019t like certain odours.<br \/>\nThe neutral gel is white and has neither colour nor smell.<\/p>\n","protected":false},"excerpt":{"rendered":"<p>It\u2019s a brand-new multisensory gel! Happy Senso stimulates all senses at the touch of the pump! This revolutionary tool makes everybody smile every time they use it. Happy Senso multisensory gel is made for everyone, young and not so young, in all kinds of settings and for people of any level of function. It is intuitive, accessible, and fuss-free.<\/p>\n","protected":false},"featured_media":41998,"comment_status":"open","ping_status":"closed","template":"","meta":{"_acf_changed":false},"product_brand":[],"product_cat":[4401],"product_tag":[],"class_list":{"0":"post-41898","1":"product","2":"type-product","3":"status-publish","4":"has-post-thumbnail","6":"product_cat-all","7":"product_shipping_class-frais-de-livraison-en","9":"first","10":"instock","11":"taxable","12":"shipping-taxable","13":"purchasable","14":"product-type-variable"},"bundled_by":[],"bundle_stock_status":"instock","bundle_stock_quantity":null,"bundle_virtual":false,"bundle_layout":"","bundle_add_to_cart_form_location":"","bundle_editable_in_cart":false,"bundle_sold_individually_context":"","bundle_item_grouping":"","bundle_min_size":"","bundle_max_size":"","bundle_price":[],"bundled_items":[],"bundle_sell_ids":[],"acf":[],"featured_image_urls_v2":{"full":["https:\/\/staging.cdsboutique.com\/wp-content\/uploads\/2021\/09\/set-Happy-Senso-Artist.png",827,1004,false],"thumbnail":["https:\/\/staging.cdsboutique.com\/wp-content\/uploads\/2021\/09\/set-Happy-Senso-Artist-150x150.png",150,150,true],"medium":["https:\/\/staging.cdsboutique.com\/wp-content\/uploads\/2021\/09\/set-Happy-Senso-Artist-247x300.png",247,300,true],"medium_large":["https:\/\/staging.cdsboutique.com\/wp-content\/uploads\/2021\/09\/set-Happy-Senso-Artist-768x932.png",768,932,true],"large":["https:\/\/staging.cdsboutique.com\/wp-content\/uploads\/2021\/09\/set-Happy-Senso-Artist.png",827,1004,false],"1536x1536":["https:\/\/staging.cdsboutique.com\/wp-content\/uploads\/2021\/09\/set-Happy-Senso-Artist.png",827,1004,false],"2048x2048":["https:\/\/staging.cdsboutique.com\/wp-content\/uploads\/2021\/09\/set-Happy-Senso-Artist.png",827,1004,false],"gform-image-choice-sm":["https:\/\/staging.cdsboutique.com\/wp-content\/uploads\/2021\/09\/set-Happy-Senso-Artist.png",247,300,false],"gform-image-choice-md":["https:\/\/staging.cdsboutique.com\/wp-content\/uploads\/2021\/09\/set-Happy-Senso-Artist.png",329,400,false],"gform-image-choice-lg":["https:\/\/staging.cdsboutique.com\/wp-content\/uploads\/2021\/09\/set-Happy-Senso-Artist.png",494,600,false],"woocommerce_thumbnail":["https:\/\/staging.cdsboutique.com\/wp-content\/uploads\/2021\/09\/set-Happy-Senso-Artist-300x364.png",300,364,true],"woocommerce_single":["https:\/\/staging.cdsboutique.com\/wp-content\/uploads\/2021\/09\/set-Happy-Senso-Artist-600x728.png",600,728,true],"woocommerce_gallery_thumbnail":["https:\/\/staging.cdsboutique.com\/wp-content\/uploads\/2021\/09\/set-Happy-Senso-Artist-100x100.png",100,100,true],"variation_swatches_image_size":["https:\/\/staging.cdsboutique.com\/wp-content\/uploads\/2021\/09\/set-Happy-Senso-Artist.png",41,50,false],"variation_swatches_tooltip_size":["https:\/\/staging.cdsboutique.com\/wp-content\/uploads\/2021\/09\/set-Happy-Senso-Artist.png",82,100,false],"logo-size":["https:\/\/staging.cdsboutique.com\/wp-content\/uploads\/2021\/09\/set-Happy-Senso-Artist-69x84.png",69,84,true],"blog":["https:\/\/staging.cdsboutique.com\/wp-content\/uploads\/2021\/09\/set-Happy-Senso-Artist-350x260.png",350,260,true]},"post_excerpt_stackable_v2":"<p>It\u2019s a brand-new multisensory gel! Happy Senso stimulates all senses at the touch of the pump! This revolutionary tool makes everybody smile every time they use it. Happy Senso multisensory gel is made for everyone, young and not so young, in all kinds of settings and for people of any level of function. It is intuitive, accessible, and fuss-free.<\/p>\n","category_list_v2":"","author_info_v2":{"name":"","url":""},"comments_num_v2":"0 comments","yoast_head":"<!-- This site is optimized with the Yoast SEO plugin v27.4 - https:\/\/yoast.com\/product\/yoast-seo-wordpress\/ -->\n<title>Happy Senso Artist- Multisensory Foam - CDS boutique A\u00een\u00e9s<\/title>\n<meta name=\"description\" content=\"It\u2019s a brand-new multisensory gel! Happy Senso stimulates all senses at the touch of the pump! This revolutionary tool makes everybody smile!\" \/>\n<meta name=\"robots\" content=\"noindex, follow, max-snippet:-1, max-image-preview:large, max-video-preview:-1\" \/>\n<meta property=\"og:locale\" content=\"en_US\" \/>\n<meta property=\"og:type\" content=\"article\" \/>\n<meta property=\"og:title\" content=\"Happy Senso - multisensory foam (Colour)\" \/>\n<meta property=\"og:description\" content=\"It\u2019s a brand-new multisensory gel! Happy Senso stimulates all senses at the touch of the pump! This revolutionary tool makes everybody smileevery time they use it. Happy Senso multisensory gel is made for everyone, young and not so young, in all kinds of settings and for people of any level of function. It is intuitive, accessible, and fuss-free.\" \/>\n<meta property=\"og:url\" content=\"https:\/\/staging.cdsboutique.com\/en\/product\/happy-senso-artist-series\/\" \/>\n<meta property=\"og:site_name\" content=\"CDS boutique A\u00een\u00e9s\" \/>\n<meta property=\"article:publisher\" content=\"https:\/\/www.facebook.com\/CDSBoutique.Aines.Seniors\" \/>\n<meta property=\"article:modified_time\" content=\"2025-03-13T21:11:27+00:00\" \/>\n<meta property=\"og:image\" content=\"https:\/\/staging.cdsboutique.com\/wp-content\/uploads\/2021\/09\/p.jpg\" \/>\n\t<meta property=\"og:image:width\" content=\"2100\" \/>\n\t<meta property=\"og:image:height\" content=\"1575\" \/>\n\t<meta property=\"og:image:type\" content=\"image\/jpeg\" \/>\n<meta name=\"twitter:card\" content=\"summary_large_image\" \/>\n<meta name=\"twitter:label1\" content=\"Est. reading time\" \/>\n\t<meta name=\"twitter:data1\" content=\"2 minutes\" \/>\n<script type=\"application\/ld+json\" class=\"yoast-schema-graph\">{\"@context\":\"https:\\\/\\\/schema.org\",\"@graph\":[{\"@type\":\"WebPage\",\"@id\":\"https:\\\/\\\/staging.cdsboutique.com\\\/en\\\/product\\\/happy-senso-artist-series\\\/\",\"url\":\"https:\\\/\\\/staging.cdsboutique.com\\\/en\\\/product\\\/happy-senso-artist-series\\\/\",\"name\":\"Happy Senso Artist- Multisensory Foam - CDS boutique A\u00een\u00e9s\",\"isPartOf\":{\"@id\":\"https:\\\/\\\/staging.cdsboutique.com\\\/#website\"},\"primaryImageOfPage\":{\"@id\":\"https:\\\/\\\/staging.cdsboutique.com\\\/en\\\/product\\\/happy-senso-artist-series\\\/#primaryimage\"},\"image\":{\"@id\":\"https:\\\/\\\/staging.cdsboutique.com\\\/en\\\/product\\\/happy-senso-artist-series\\\/#primaryimage\"},\"thumbnailUrl\":\"https:\\\/\\\/staging.cdsboutique.com\\\/wp-content\\\/uploads\\\/2021\\\/09\\\/set-Happy-Senso-Artist.png\",\"datePublished\":\"2021-09-20T17:43:56+00:00\",\"dateModified\":\"2025-03-13T21:11:27+00:00\",\"description\":\"It\u2019s a brand-new multisensory gel! Happy Senso stimulates all senses at the touch of the pump! This revolutionary tool makes everybody smile!\",\"breadcrumb\":{\"@id\":\"https:\\\/\\\/staging.cdsboutique.com\\\/en\\\/product\\\/happy-senso-artist-series\\\/#breadcrumb\"},\"inLanguage\":\"en-US\",\"potentialAction\":[{\"@type\":\"ReadAction\",\"target\":[\"https:\\\/\\\/staging.cdsboutique.com\\\/en\\\/product\\\/happy-senso-artist-series\\\/\"]}]},{\"@type\":\"ImageObject\",\"inLanguage\":\"en-US\",\"@id\":\"https:\\\/\\\/staging.cdsboutique.com\\\/en\\\/product\\\/happy-senso-artist-series\\\/#primaryimage\",\"url\":\"https:\\\/\\\/staging.cdsboutique.com\\\/wp-content\\\/uploads\\\/2021\\\/09\\\/set-Happy-Senso-Artist.png\",\"contentUrl\":\"https:\\\/\\\/staging.cdsboutique.com\\\/wp-content\\\/uploads\\\/2021\\\/09\\\/set-Happy-Senso-Artist.png\",\"width\":827,\"height\":1004},{\"@type\":\"BreadcrumbList\",\"@id\":\"https:\\\/\\\/staging.cdsboutique.com\\\/en\\\/product\\\/happy-senso-artist-series\\\/#breadcrumb\",\"itemListElement\":[{\"@type\":\"ListItem\",\"position\":1,\"name\":\"Home\",\"item\":\"https:\\\/\\\/staging.cdsboutique.com\\\/en\\\/\"},{\"@type\":\"ListItem\",\"position\":2,\"name\":\"Products\",\"item\":\"https:\\\/\\\/staging.cdsboutique.com\\\/en\\\/products\\\/\"},{\"@type\":\"ListItem\",\"position\":3,\"name\":\"Happy Senso Artist- Multisensory Foam\"}]},{\"@type\":\"WebSite\",\"@id\":\"https:\\\/\\\/staging.cdsboutique.com\\\/#website\",\"url\":\"https:\\\/\\\/staging.cdsboutique.com\\\/\",\"name\":\"CDS boutique A\u00een\u00e9s\",\"description\":\"Pour une meilleure qualit\u00e9 de vie\",\"publisher\":{\"@id\":\"https:\\\/\\\/staging.cdsboutique.com\\\/#organization\"},\"potentialAction\":[{\"@type\":\"SearchAction\",\"target\":{\"@type\":\"EntryPoint\",\"urlTemplate\":\"https:\\\/\\\/staging.cdsboutique.com\\\/?s={search_term_string}\"},\"query-input\":{\"@type\":\"PropertyValueSpecification\",\"valueRequired\":true,\"valueName\":\"search_term_string\"}}],\"inLanguage\":\"en-US\"},{\"@type\":\"Organization\",\"@id\":\"https:\\\/\\\/staging.cdsboutique.com\\\/#organization\",\"name\":\"CDS Boutique\",\"url\":\"https:\\\/\\\/staging.cdsboutique.com\\\/\",\"logo\":{\"@type\":\"ImageObject\",\"inLanguage\":\"en-US\",\"@id\":\"https:\\\/\\\/staging.cdsboutique.com\\\/#\\\/schema\\\/logo\\\/image\\\/\",\"url\":\"https:\\\/\\\/staging.cdsboutique.com\\\/wp-content\\\/uploads\\\/2024\\\/09\\\/logoCDS-Boutique_final2024.jpg\",\"contentUrl\":\"https:\\\/\\\/staging.cdsboutique.com\\\/wp-content\\\/uploads\\\/2024\\\/09\\\/logoCDS-Boutique_final2024.jpg\",\"width\":900,\"height\":600,\"caption\":\"CDS Boutique\"},\"image\":{\"@id\":\"https:\\\/\\\/staging.cdsboutique.com\\\/#\\\/schema\\\/logo\\\/image\\\/\"},\"sameAs\":[\"https:\\\/\\\/www.facebook.com\\\/CDSBoutique.Aines.Seniors\",\"https:\\\/\\\/www.youtube.com\\\/@cdsboutique4046\",\"https:\\\/\\\/www.linkedin.com\\\/company\\\/cds-boutique\\\/\",\"https:\\\/\\\/www.instagram.com\\\/cdsboutique\\\/\"]}]}<\/script>\n<!-- \/ Yoast SEO plugin. -->","yoast_head_json":{"title":"Happy Senso Artist- Multisensory Foam - CDS boutique A\u00een\u00e9s","description":"It\u2019s a brand-new multisensory gel! Happy Senso stimulates all senses at the touch of the pump! This revolutionary tool makes everybody smile!","robots":{"index":"noindex","follow":"follow","max-snippet":"max-snippet:-1","max-image-preview":"max-image-preview:large","max-video-preview":"max-video-preview:-1"},"og_locale":"en_US","og_type":"article","og_title":"Happy Senso - multisensory foam (Colour)","og_description":"It\u2019s a brand-new multisensory gel! Happy Senso stimulates all senses at the touch of the pump! This revolutionary tool makes everybody smileevery time they use it. Happy Senso multisensory gel is made for everyone, young and not so young, in all kinds of settings and for people of any level of function. It is intuitive, accessible, and fuss-free.","og_url":"https:\/\/staging.cdsboutique.com\/en\/product\/happy-senso-artist-series\/","og_site_name":"CDS boutique A\u00een\u00e9s","article_publisher":"https:\/\/www.facebook.com\/CDSBoutique.Aines.Seniors","article_modified_time":"2025-03-13T21:11:27+00:00","og_image":[{"width":2100,"height":1575,"url":"https:\/\/staging.cdsboutique.com\/wp-content\/uploads\/2021\/09\/p.jpg","type":"image\/jpeg"}],"twitter_card":"summary_large_image","twitter_misc":{"Est. reading time":"2 minutes"},"schema":{"@context":"https:\/\/schema.org","@graph":[{"@type":"WebPage","@id":"https:\/\/staging.cdsboutique.com\/en\/product\/happy-senso-artist-series\/","url":"https:\/\/staging.cdsboutique.com\/en\/product\/happy-senso-artist-series\/","name":"Happy Senso Artist- Multisensory Foam - CDS boutique A\u00een\u00e9s","isPartOf":{"@id":"https:\/\/staging.cdsboutique.com\/#website"},"primaryImageOfPage":{"@id":"https:\/\/staging.cdsboutique.com\/en\/product\/happy-senso-artist-series\/#primaryimage"},"image":{"@id":"https:\/\/staging.cdsboutique.com\/en\/product\/happy-senso-artist-series\/#primaryimage"},"thumbnailUrl":"https:\/\/staging.cdsboutique.com\/wp-content\/uploads\/2021\/09\/set-Happy-Senso-Artist.png","datePublished":"2021-09-20T17:43:56+00:00","dateModified":"2025-03-13T21:11:27+00:00","description":"It\u2019s a brand-new multisensory gel! Happy Senso stimulates all senses at the touch of the pump! This revolutionary tool makes everybody smile!","breadcrumb":{"@id":"https:\/\/staging.cdsboutique.com\/en\/product\/happy-senso-artist-series\/#breadcrumb"},"inLanguage":"en-US","potentialAction":[{"@type":"ReadAction","target":["https:\/\/staging.cdsboutique.com\/en\/product\/happy-senso-artist-series\/"]}]},{"@type":"ImageObject","inLanguage":"en-US","@id":"https:\/\/staging.cdsboutique.com\/en\/product\/happy-senso-artist-series\/#primaryimage","url":"https:\/\/staging.cdsboutique.com\/wp-content\/uploads\/2021\/09\/set-Happy-Senso-Artist.png","contentUrl":"https:\/\/staging.cdsboutique.com\/wp-content\/uploads\/2021\/09\/set-Happy-Senso-Artist.png","width":827,"height":1004},{"@type":"BreadcrumbList","@id":"https:\/\/staging.cdsboutique.com\/en\/product\/happy-senso-artist-series\/#breadcrumb","itemListElement":[{"@type":"ListItem","position":1,"name":"Home","item":"https:\/\/staging.cdsboutique.com\/en\/"},{"@type":"ListItem","position":2,"name":"Products","item":"https:\/\/staging.cdsboutique.com\/en\/products\/"},{"@type":"ListItem","position":3,"name":"Happy Senso Artist- Multisensory Foam"}]},{"@type":"WebSite","@id":"https:\/\/staging.cdsboutique.com\/#website","url":"https:\/\/staging.cdsboutique.com\/","name":"CDS boutique A\u00een\u00e9s","description":"Pour une meilleure qualit\u00e9 de vie","publisher":{"@id":"https:\/\/staging.cdsboutique.com\/#organization"},"potentialAction":[{"@type":"SearchAction","target":{"@type":"EntryPoint","urlTemplate":"https:\/\/staging.cdsboutique.com\/?s={search_term_string}"},"query-input":{"@type":"PropertyValueSpecification","valueRequired":true,"valueName":"search_term_string"}}],"inLanguage":"en-US"},{"@type":"Organization","@id":"https:\/\/staging.cdsboutique.com\/#organization","name":"CDS Boutique","url":"https:\/\/staging.cdsboutique.com\/","logo":{"@type":"ImageObject","inLanguage":"en-US","@id":"https:\/\/staging.cdsboutique.com\/#\/schema\/logo\/image\/","url":"https:\/\/staging.cdsboutique.com\/wp-content\/uploads\/2024\/09\/logoCDS-Boutique_final2024.jpg","contentUrl":"https:\/\/staging.cdsboutique.com\/wp-content\/uploads\/2024\/09\/logoCDS-Boutique_final2024.jpg","width":900,"height":600,"caption":"CDS Boutique"},"image":{"@id":"https:\/\/staging.cdsboutique.com\/#\/schema\/logo\/image\/"},"sameAs":["https:\/\/www.facebook.com\/CDSBoutique.Aines.Seniors","https:\/\/www.youtube.com\/@cdsboutique4046","https:\/\/www.linkedin.com\/company\/cds-boutique\/","https:\/\/www.instagram.com\/cdsboutique\/"]}]}},"_links":{"self":[{"href":"https:\/\/staging.cdsboutique.com\/en\/wp-json\/wp\/v2\/product\/41898","targetHints":{"allow":["GET"]}}],"collection":[{"href":"https:\/\/staging.cdsboutique.com\/en\/wp-json\/wp\/v2\/product"}],"about":[{"href":"https:\/\/staging.cdsboutique.com\/en\/wp-json\/wp\/v2\/types\/product"}],"replies":[{"embeddable":true,"href":"https:\/\/staging.cdsboutique.com\/en\/wp-json\/wp\/v2\/comments?post=41898"}],"wp:featuredmedia":[{"embeddable":true,"href":"https:\/\/staging.cdsboutique.com\/en\/wp-json\/wp\/v2\/media\/41998"}],"wp:attachment":[{"href":"https:\/\/staging.cdsboutique.com\/en\/wp-json\/wp\/v2\/media?parent=41898"}],"wp:term":[{"taxonomy":"product_brand","embeddable":true,"href":"https:\/\/staging.cdsboutique.com\/en\/wp-json\/wp\/v2\/product_brand?post=41898"},{"taxonomy":"product_cat","embeddable":true,"href":"https:\/\/staging.cdsboutique.com\/en\/wp-json\/wp\/v2\/product_cat?post=41898"},{"taxonomy":"product_tag","embeddable":true,"href":"https:\/\/staging.cdsboutique.com\/en\/wp-json\/wp\/v2\/product_tag?post=41898"}],"curies":[{"name":"wp","href":"https:\/\/api.w.org\/{rel}","templated":true}]}}