{"id":43247,"date":"2021-11-25T16:01:07","date_gmt":"2021-11-25T21:01:07","guid":{"rendered":"https:\/\/cdsboutique.com\/?post_type=product&#038;p=43247"},"modified":"2025-04-11T11:09:35","modified_gmt":"2025-04-11T15:09:35","slug":"busy-bottles-farm-animals","status":"publish","type":"product","link":"https:\/\/staging.cdsboutique.com\/en\/produit\/busy-bottles-farm-animals\/","title":{"rendered":"Busy Bottles &#8211; Farm Animals"},"content":{"rendered":"<p><strong>A memory bottle full of farm animals for you to SPY and mark off on the laminated card!<\/strong><\/p>\n<p>Have fun reminiscing living on or visiting a farm while reminiscing using the conversation starting questions on the laminated cards.\u00a0 Let&#8217;s see if you can find the differences between the pictures in the activity.<\/p>\n<p>The farm bottle not only has farm animals but is full of corn and beans, making the search even more fun.\u00a0 What fun conversations you can have while talking about the days on the farm, or a visit to a petting zoo as a child, or with your own children or grandchildren.<\/p>\n<p>We are excited to add a fun way to play while also reminiscing.\u00a0 We have combined the fun of I-Spy as a fun way to search out, recognize, and identify objects within a designated theme.\u00a0\u00a0The mix of colorful rice and objects changes with each turn.<\/p>\n<p>In addition to the fun of I-Spy, we include 2 laminated cards which offer reminiscence questions, conversation starters, and of course a grid of objects in the bottle which can be marked off with the included dry erase marker.\u00a0\u00a0We also include a second activity, which changes with the theme.<\/p>\n<p>Bottle can be shaken but we recommend rolling for unsteady hands, limited strength or motor skills.\u00a0 Have fun, and enjoy the fun individually or within a small group.<\/p>\n<p>Includes: Memory bottle, laminated activity card with pictured items, laminated card with activity and one dry erase marker.<\/p>\n<p>Assembly:\u00a0 Bottles are permanently sealed for safety.\u00a0 Activity sheets are laminated for quick cleanup and sanitation.<\/p>\n<p>Safety: Designed for adult use but may be used by children.\u00a0 (See safety label).<\/p>\n","protected":false},"excerpt":{"rendered":"<p>We are excited to add a fun way to play while also reminiscing.\u00a0 We have combined the fun of I-Spy as a fun way to search out, recognize, and identify objects within a designated theme.\u00a0\u00a0The mix of colorful rice and objects changes with each turn.<\/p>\n<p>In addition to the fun of I-Spy, we include 2 laminated cards which offer reminiscence questions, conversation starters, and of course a grid of objects in the bottle which can be marked off with the included dry erase marker.\u00a0\u00a0We also include a second activity, which changes with the theme.<\/p>\n<p>Bottle can be shaken but we recommend rolling for unsteady hands, limited strength or motor skills.\u00a0 Have fun, and enjoy the fun individually or within a small group.<\/p>\n","protected":false},"featured_media":43212,"comment_status":"open","ping_status":"closed","template":"","meta":{"_acf_changed":false},"product_brand":[],"product_cat":[4401,4724,2968],"product_tag":[],"class_list":{"0":"post-43247","1":"product","2":"type-product","3":"status-publish","4":"has-post-thumbnail","6":"product_cat-all","7":"product_cat-busy-bottle","8":"product_cat-cognitive-stimulation","9":"product_shipping_class-frais-de-livraison-en","11":"first","12":"instock","13":"taxable","14":"shipping-taxable","15":"purchasable","16":"product-type-simple"},"bundled_by":[],"bundle_stock_status":"instock","bundle_stock_quantity":null,"bundle_virtual":false,"bundle_layout":"","bundle_add_to_cart_form_location":"","bundle_editable_in_cart":false,"bundle_sold_individually_context":"","bundle_item_grouping":"","bundle_min_size":"","bundle_max_size":"","bundle_price":[],"bundled_items":[],"bundle_sell_ids":[],"acf":[],"featured_image_urls_v2":{"full":["https:\/\/staging.cdsboutique.com\/wp-content\/uploads\/2021\/11\/4383-2.png",625,540,false],"thumbnail":["https:\/\/staging.cdsboutique.com\/wp-content\/uploads\/2021\/11\/4383-2-150x150.png",150,150,true],"medium":["https:\/\/staging.cdsboutique.com\/wp-content\/uploads\/2021\/11\/4383-2-300x259.png",300,259,true],"medium_large":["https:\/\/staging.cdsboutique.com\/wp-content\/uploads\/2021\/11\/4383-2.png",625,540,false],"large":["https:\/\/staging.cdsboutique.com\/wp-content\/uploads\/2021\/11\/4383-2.png",625,540,false],"1536x1536":["https:\/\/staging.cdsboutique.com\/wp-content\/uploads\/2021\/11\/4383-2.png",625,540,false],"2048x2048":["https:\/\/staging.cdsboutique.com\/wp-content\/uploads\/2021\/11\/4383-2.png",625,540,false],"gform-image-choice-sm":["https:\/\/staging.cdsboutique.com\/wp-content\/uploads\/2021\/11\/4383-2.png",300,259,false],"gform-image-choice-md":["https:\/\/staging.cdsboutique.com\/wp-content\/uploads\/2021\/11\/4383-2.png",400,346,false],"gform-image-choice-lg":["https:\/\/staging.cdsboutique.com\/wp-content\/uploads\/2021\/11\/4383-2.png",600,518,false],"woocommerce_thumbnail":["https:\/\/staging.cdsboutique.com\/wp-content\/uploads\/2021\/11\/4383-2-300x259.png",300,259,true],"woocommerce_single":["https:\/\/staging.cdsboutique.com\/wp-content\/uploads\/2021\/11\/4383-2-600x518.png",600,518,true],"woocommerce_gallery_thumbnail":["https:\/\/staging.cdsboutique.com\/wp-content\/uploads\/2021\/11\/4383-2-100x100.png",100,100,true],"variation_swatches_image_size":["https:\/\/staging.cdsboutique.com\/wp-content\/uploads\/2021\/11\/4383-2.png",50,43,false],"variation_swatches_tooltip_size":["https:\/\/staging.cdsboutique.com\/wp-content\/uploads\/2021\/11\/4383-2.png",100,86,false],"logo-size":["https:\/\/staging.cdsboutique.com\/wp-content\/uploads\/2021\/11\/4383-2-97x84.png",97,84,true],"blog":["https:\/\/staging.cdsboutique.com\/wp-content\/uploads\/2021\/11\/4383-2-350x260.png",350,260,true]},"post_excerpt_stackable_v2":"<p>We are excited to add a fun way to play while also reminiscing.\u00a0 We have combined the fun of I-Spy as a fun way to search out, recognize, and identify objects within a designated theme.\u00a0\u00a0The mix of colorful rice and objects changes with each turn.<\/p>\n<p>In addition to the fun of I-Spy, we include 2 laminated cards which offer reminiscence questions, conversation starters, and of course a grid of objects in the bottle which can be marked off with the included dry erase marker.\u00a0\u00a0We also include a second activity, which changes with the theme.<\/p>\n<p>Bottle can be shaken but we recommend rolling for unsteady hands, limited strength or motor skills.\u00a0 Have fun, and enjoy the fun individually or within a small group.<\/p>\n","category_list_v2":"","author_info_v2":{"name":"","url":""},"comments_num_v2":"1 comment","yoast_head":"<!-- This site is optimized with the Yoast SEO plugin v27.4 - https:\/\/yoast.com\/product\/yoast-seo-wordpress\/ -->\n<title>Busy Bottles - Farm Animals - CDS boutique A\u00een\u00e9s<\/title>\n<meta name=\"description\" content=\"We are excited to add a fun way to play while also reminiscing.\u00a0 We have combined the fun of I-Spy as a fun way to search out, recognize, and identify objects within a designated theme.\u00a0\u00a0The mix of colorful rice and objects changes with each turn.In addition to the fun of I-Spy, we include 2 laminated cards which offer reminiscence questions, conversation starters, and of course a grid of objects in the bottle which can be marked off with the included dry erase marker.\u00a0\u00a0We also include a second activity, which changes with the theme.Bottle can be shaken but we recommend rolling for unsteady hands, limited strength or motor skills.\u00a0 Have fun, and enjoy the fun individually or within a small group.\u00a0\u00a0\" \/>\n<meta name=\"robots\" content=\"noindex, follow, max-snippet:-1, max-image-preview:large, max-video-preview:-1\" \/>\n<meta property=\"og:locale\" content=\"en_US\" \/>\n<meta property=\"og:type\" content=\"article\" \/>\n<meta property=\"og:title\" content=\"Busy Bottles - Farm Animals - CDS boutique A\u00een\u00e9s\" \/>\n<meta property=\"og:description\" content=\"We are excited to add a fun way to play while also reminiscing.\u00a0 We have combined the fun of I-Spy as a fun way to search out, recognize, and identify objects within a designated theme.\u00a0\u00a0The mix of colorful rice and objects changes with each turn.In addition to the fun of I-Spy, we include 2 laminated cards which offer reminiscence questions, conversation starters, and of course a grid of objects in the bottle which can be marked off with the included dry erase marker.\u00a0\u00a0We also include a second activity, which changes with the theme.Bottle can be shaken but we recommend rolling for unsteady hands, limited strength or motor skills.\u00a0 Have fun, and enjoy the fun individually or within a small group.\u00a0\u00a0\" \/>\n<meta property=\"og:url\" content=\"https:\/\/staging.cdsboutique.com\/en\/product\/busy-bottles-farm-animals\/\" \/>\n<meta property=\"og:site_name\" content=\"CDS boutique A\u00een\u00e9s\" \/>\n<meta property=\"article:publisher\" content=\"https:\/\/www.facebook.com\/CDSBoutique.Aines.Seniors\" \/>\n<meta property=\"article:modified_time\" content=\"2025-04-11T15:09:35+00:00\" \/>\n<meta property=\"og:image\" content=\"https:\/\/staging.cdsboutique.com\/wp-content\/uploads\/2021\/11\/4383-2.png?_t=1736367531\" \/>\n\t<meta property=\"og:image:width\" content=\"625\" \/>\n\t<meta property=\"og:image:height\" content=\"540\" \/>\n\t<meta property=\"og:image:type\" content=\"image\/png\" \/>\n<meta name=\"twitter:card\" content=\"summary_large_image\" \/>\n<meta name=\"twitter:label1\" content=\"Est. reading time\" \/>\n\t<meta name=\"twitter:data1\" content=\"2 minutes\" \/>\n<script type=\"application\/ld+json\" class=\"yoast-schema-graph\">{\"@context\":\"https:\\\/\\\/schema.org\",\"@graph\":[{\"@type\":\"WebPage\",\"@id\":\"https:\\\/\\\/staging.cdsboutique.com\\\/en\\\/product\\\/busy-bottles-farm-animals\\\/\",\"url\":\"https:\\\/\\\/staging.cdsboutique.com\\\/en\\\/product\\\/busy-bottles-farm-animals\\\/\",\"name\":\"Busy Bottles - Farm Animals - CDS boutique A\u00een\u00e9s\",\"isPartOf\":{\"@id\":\"https:\\\/\\\/staging.cdsboutique.com\\\/#website\"},\"primaryImageOfPage\":{\"@id\":\"https:\\\/\\\/staging.cdsboutique.com\\\/en\\\/product\\\/busy-bottles-farm-animals\\\/#primaryimage\"},\"image\":{\"@id\":\"https:\\\/\\\/staging.cdsboutique.com\\\/en\\\/product\\\/busy-bottles-farm-animals\\\/#primaryimage\"},\"thumbnailUrl\":\"https:\\\/\\\/staging.cdsboutique.com\\\/wp-content\\\/uploads\\\/2021\\\/11\\\/4383-2.png\",\"datePublished\":\"2021-11-25T21:01:07+00:00\",\"dateModified\":\"2025-04-11T15:09:35+00:00\",\"description\":\"We are excited to add a fun way to play while also reminiscing.\u00a0 We have combined the fun of I-Spy as a fun way to search out, recognize, and identify objects within a designated theme.\u00a0\u00a0The mix of colorful rice and objects changes with each turn.In addition to the fun of I-Spy, we include 2 laminated cards which offer reminiscence questions, conversation starters, and of course a grid of objects in the bottle which can be marked off with the included dry erase marker.\u00a0\u00a0We also include a second activity, which changes with the theme.Bottle can be shaken but we recommend rolling for unsteady hands, limited strength or motor skills.\u00a0 Have fun, and enjoy the fun individually or within a small group.\u00a0\u00a0\",\"breadcrumb\":{\"@id\":\"https:\\\/\\\/staging.cdsboutique.com\\\/en\\\/product\\\/busy-bottles-farm-animals\\\/#breadcrumb\"},\"inLanguage\":\"en-US\",\"potentialAction\":[{\"@type\":\"ReadAction\",\"target\":[\"https:\\\/\\\/staging.cdsboutique.com\\\/en\\\/product\\\/busy-bottles-farm-animals\\\/\"]}]},{\"@type\":\"ImageObject\",\"inLanguage\":\"en-US\",\"@id\":\"https:\\\/\\\/staging.cdsboutique.com\\\/en\\\/product\\\/busy-bottles-farm-animals\\\/#primaryimage\",\"url\":\"https:\\\/\\\/staging.cdsboutique.com\\\/wp-content\\\/uploads\\\/2021\\\/11\\\/4383-2.png\",\"contentUrl\":\"https:\\\/\\\/staging.cdsboutique.com\\\/wp-content\\\/uploads\\\/2021\\\/11\\\/4383-2.png\",\"width\":625,\"height\":540},{\"@type\":\"BreadcrumbList\",\"@id\":\"https:\\\/\\\/staging.cdsboutique.com\\\/en\\\/product\\\/busy-bottles-farm-animals\\\/#breadcrumb\",\"itemListElement\":[{\"@type\":\"ListItem\",\"position\":1,\"name\":\"Home\",\"item\":\"https:\\\/\\\/staging.cdsboutique.com\\\/en\\\/\"},{\"@type\":\"ListItem\",\"position\":2,\"name\":\"Products\",\"item\":\"https:\\\/\\\/staging.cdsboutique.com\\\/en\\\/products\\\/\"},{\"@type\":\"ListItem\",\"position\":3,\"name\":\"Busy Bottles &#8211; Farm Animals\"}]},{\"@type\":\"WebSite\",\"@id\":\"https:\\\/\\\/staging.cdsboutique.com\\\/#website\",\"url\":\"https:\\\/\\\/staging.cdsboutique.com\\\/\",\"name\":\"CDS boutique A\u00een\u00e9s\",\"description\":\"Pour une meilleure qualit\u00e9 de vie\",\"publisher\":{\"@id\":\"https:\\\/\\\/staging.cdsboutique.com\\\/#organization\"},\"potentialAction\":[{\"@type\":\"SearchAction\",\"target\":{\"@type\":\"EntryPoint\",\"urlTemplate\":\"https:\\\/\\\/staging.cdsboutique.com\\\/?s={search_term_string}\"},\"query-input\":{\"@type\":\"PropertyValueSpecification\",\"valueRequired\":true,\"valueName\":\"search_term_string\"}}],\"inLanguage\":\"en-US\"},{\"@type\":\"Organization\",\"@id\":\"https:\\\/\\\/staging.cdsboutique.com\\\/#organization\",\"name\":\"CDS Boutique\",\"url\":\"https:\\\/\\\/staging.cdsboutique.com\\\/\",\"logo\":{\"@type\":\"ImageObject\",\"inLanguage\":\"en-US\",\"@id\":\"https:\\\/\\\/staging.cdsboutique.com\\\/#\\\/schema\\\/logo\\\/image\\\/\",\"url\":\"https:\\\/\\\/staging.cdsboutique.com\\\/wp-content\\\/uploads\\\/2024\\\/09\\\/logoCDS-Boutique_final2024.jpg\",\"contentUrl\":\"https:\\\/\\\/staging.cdsboutique.com\\\/wp-content\\\/uploads\\\/2024\\\/09\\\/logoCDS-Boutique_final2024.jpg\",\"width\":900,\"height\":600,\"caption\":\"CDS Boutique\"},\"image\":{\"@id\":\"https:\\\/\\\/staging.cdsboutique.com\\\/#\\\/schema\\\/logo\\\/image\\\/\"},\"sameAs\":[\"https:\\\/\\\/www.facebook.com\\\/CDSBoutique.Aines.Seniors\",\"https:\\\/\\\/www.youtube.com\\\/@cdsboutique4046\",\"https:\\\/\\\/www.linkedin.com\\\/company\\\/cds-boutique\\\/\",\"https:\\\/\\\/www.instagram.com\\\/cdsboutique\\\/\"]}]}<\/script>\n<!-- \/ Yoast SEO plugin. -->","yoast_head_json":{"title":"Busy Bottles - Farm Animals - CDS boutique A\u00een\u00e9s","description":"We are excited to add a fun way to play while also reminiscing.\u00a0 We have combined the fun of I-Spy as a fun way to search out, recognize, and identify objects within a designated theme.\u00a0\u00a0The mix of colorful rice and objects changes with each turn.In addition to the fun of I-Spy, we include 2 laminated cards which offer reminiscence questions, conversation starters, and of course a grid of objects in the bottle which can be marked off with the included dry erase marker.\u00a0\u00a0We also include a second activity, which changes with the theme.Bottle can be shaken but we recommend rolling for unsteady hands, limited strength or motor skills.\u00a0 Have fun, and enjoy the fun individually or within a small group.\u00a0\u00a0","robots":{"index":"noindex","follow":"follow","max-snippet":"max-snippet:-1","max-image-preview":"max-image-preview:large","max-video-preview":"max-video-preview:-1"},"og_locale":"en_US","og_type":"article","og_title":"Busy Bottles - Farm Animals - CDS boutique A\u00een\u00e9s","og_description":"We are excited to add a fun way to play while also reminiscing.\u00a0 We have combined the fun of I-Spy as a fun way to search out, recognize, and identify objects within a designated theme.\u00a0\u00a0The mix of colorful rice and objects changes with each turn.In addition to the fun of I-Spy, we include 2 laminated cards which offer reminiscence questions, conversation starters, and of course a grid of objects in the bottle which can be marked off with the included dry erase marker.\u00a0\u00a0We also include a second activity, which changes with the theme.Bottle can be shaken but we recommend rolling for unsteady hands, limited strength or motor skills.\u00a0 Have fun, and enjoy the fun individually or within a small group.\u00a0\u00a0","og_url":"https:\/\/staging.cdsboutique.com\/en\/product\/busy-bottles-farm-animals\/","og_site_name":"CDS boutique A\u00een\u00e9s","article_publisher":"https:\/\/www.facebook.com\/CDSBoutique.Aines.Seniors","article_modified_time":"2025-04-11T15:09:35+00:00","og_image":[{"width":625,"height":540,"url":"https:\/\/staging.cdsboutique.com\/wp-content\/uploads\/2021\/11\/4383-2.png?_t=1736367531","type":"image\/png"}],"twitter_card":"summary_large_image","twitter_misc":{"Est. reading time":"2 minutes"},"schema":{"@context":"https:\/\/schema.org","@graph":[{"@type":"WebPage","@id":"https:\/\/staging.cdsboutique.com\/en\/product\/busy-bottles-farm-animals\/","url":"https:\/\/staging.cdsboutique.com\/en\/product\/busy-bottles-farm-animals\/","name":"Busy Bottles - Farm Animals - CDS boutique A\u00een\u00e9s","isPartOf":{"@id":"https:\/\/staging.cdsboutique.com\/#website"},"primaryImageOfPage":{"@id":"https:\/\/staging.cdsboutique.com\/en\/product\/busy-bottles-farm-animals\/#primaryimage"},"image":{"@id":"https:\/\/staging.cdsboutique.com\/en\/product\/busy-bottles-farm-animals\/#primaryimage"},"thumbnailUrl":"https:\/\/staging.cdsboutique.com\/wp-content\/uploads\/2021\/11\/4383-2.png","datePublished":"2021-11-25T21:01:07+00:00","dateModified":"2025-04-11T15:09:35+00:00","description":"We are excited to add a fun way to play while also reminiscing.\u00a0 We have combined the fun of I-Spy as a fun way to search out, recognize, and identify objects within a designated theme.\u00a0\u00a0The mix of colorful rice and objects changes with each turn.In addition to the fun of I-Spy, we include 2 laminated cards which offer reminiscence questions, conversation starters, and of course a grid of objects in the bottle which can be marked off with the included dry erase marker.\u00a0\u00a0We also include a second activity, which changes with the theme.Bottle can be shaken but we recommend rolling for unsteady hands, limited strength or motor skills.\u00a0 Have fun, and enjoy the fun individually or within a small group.\u00a0\u00a0","breadcrumb":{"@id":"https:\/\/staging.cdsboutique.com\/en\/product\/busy-bottles-farm-animals\/#breadcrumb"},"inLanguage":"en-US","potentialAction":[{"@type":"ReadAction","target":["https:\/\/staging.cdsboutique.com\/en\/product\/busy-bottles-farm-animals\/"]}]},{"@type":"ImageObject","inLanguage":"en-US","@id":"https:\/\/staging.cdsboutique.com\/en\/product\/busy-bottles-farm-animals\/#primaryimage","url":"https:\/\/staging.cdsboutique.com\/wp-content\/uploads\/2021\/11\/4383-2.png","contentUrl":"https:\/\/staging.cdsboutique.com\/wp-content\/uploads\/2021\/11\/4383-2.png","width":625,"height":540},{"@type":"BreadcrumbList","@id":"https:\/\/staging.cdsboutique.com\/en\/product\/busy-bottles-farm-animals\/#breadcrumb","itemListElement":[{"@type":"ListItem","position":1,"name":"Home","item":"https:\/\/staging.cdsboutique.com\/en\/"},{"@type":"ListItem","position":2,"name":"Products","item":"https:\/\/staging.cdsboutique.com\/en\/products\/"},{"@type":"ListItem","position":3,"name":"Busy Bottles &#8211; Farm Animals"}]},{"@type":"WebSite","@id":"https:\/\/staging.cdsboutique.com\/#website","url":"https:\/\/staging.cdsboutique.com\/","name":"CDS boutique A\u00een\u00e9s","description":"Pour une meilleure qualit\u00e9 de vie","publisher":{"@id":"https:\/\/staging.cdsboutique.com\/#organization"},"potentialAction":[{"@type":"SearchAction","target":{"@type":"EntryPoint","urlTemplate":"https:\/\/staging.cdsboutique.com\/?s={search_term_string}"},"query-input":{"@type":"PropertyValueSpecification","valueRequired":true,"valueName":"search_term_string"}}],"inLanguage":"en-US"},{"@type":"Organization","@id":"https:\/\/staging.cdsboutique.com\/#organization","name":"CDS Boutique","url":"https:\/\/staging.cdsboutique.com\/","logo":{"@type":"ImageObject","inLanguage":"en-US","@id":"https:\/\/staging.cdsboutique.com\/#\/schema\/logo\/image\/","url":"https:\/\/staging.cdsboutique.com\/wp-content\/uploads\/2024\/09\/logoCDS-Boutique_final2024.jpg","contentUrl":"https:\/\/staging.cdsboutique.com\/wp-content\/uploads\/2024\/09\/logoCDS-Boutique_final2024.jpg","width":900,"height":600,"caption":"CDS Boutique"},"image":{"@id":"https:\/\/staging.cdsboutique.com\/#\/schema\/logo\/image\/"},"sameAs":["https:\/\/www.facebook.com\/CDSBoutique.Aines.Seniors","https:\/\/www.youtube.com\/@cdsboutique4046","https:\/\/www.linkedin.com\/company\/cds-boutique\/","https:\/\/www.instagram.com\/cdsboutique\/"]}]}},"_links":{"self":[{"href":"https:\/\/staging.cdsboutique.com\/en\/wp-json\/wp\/v2\/product\/43247","targetHints":{"allow":["GET"]}}],"collection":[{"href":"https:\/\/staging.cdsboutique.com\/en\/wp-json\/wp\/v2\/product"}],"about":[{"href":"https:\/\/staging.cdsboutique.com\/en\/wp-json\/wp\/v2\/types\/product"}],"replies":[{"embeddable":true,"href":"https:\/\/staging.cdsboutique.com\/en\/wp-json\/wp\/v2\/comments?post=43247"}],"wp:featuredmedia":[{"embeddable":true,"href":"https:\/\/staging.cdsboutique.com\/en\/wp-json\/wp\/v2\/media\/43212"}],"wp:attachment":[{"href":"https:\/\/staging.cdsboutique.com\/en\/wp-json\/wp\/v2\/media?parent=43247"}],"wp:term":[{"taxonomy":"product_brand","embeddable":true,"href":"https:\/\/staging.cdsboutique.com\/en\/wp-json\/wp\/v2\/product_brand?post=43247"},{"taxonomy":"product_cat","embeddable":true,"href":"https:\/\/staging.cdsboutique.com\/en\/wp-json\/wp\/v2\/product_cat?post=43247"},{"taxonomy":"product_tag","embeddable":true,"href":"https:\/\/staging.cdsboutique.com\/en\/wp-json\/wp\/v2\/product_tag?post=43247"}],"curies":[{"name":"wp","href":"https:\/\/api.w.org\/{rel}","templated":true}]}}